{"id":897,"date":"2021-04-15T19:12:00","date_gmt":"2021-04-15T17:12:00","guid":{"rendered":"http:\/\/mon-carre-deco.com\/?page_id=897"},"modified":"2021-04-15T19:12:01","modified_gmt":"2021-04-15T17:12:01","slug":"politique-dexpedition","status":"publish","type":"page","link":"http:\/\/mon-carre-deco.com\/en\/politique-dexpedition\/","title":{"rendered":"Politique d&rsquo;exp\u00e9dition"},"content":{"rendered":"<h2 class=\"wp-block-heading\"><strong>Politique d\u2019exp\u00e9dition mon-carre-deco.com<\/strong><\/h2>\n\n\n\n<p><em>applicable \u00e0 compter du 01\/04\/2021<\/em><\/p>\n\n\n\n<h3 class=\"wp-block-heading\"><strong>ARTICLE 1. OBJET<\/strong><\/h3>\n\n\n\n<p>La pr\u00e9sente politique d\u2019exp\u00e9dition a pour objet de d\u00e9finir les termes et conditions applicables \u00e0 l\u2019exp\u00e9dition d\u2019un Produit au Client par l\u2019Editeur.<\/p>\n\n\n\n<h3 class=\"wp-block-heading\"><strong>ARTICLE 2. PARTIES<\/strong><\/h3>\n\n\n\n<p>La pr\u00e9sente politique d\u2019exp\u00e9dition est applicable entre MON CARRE DECO, enregistr\u00e9e au&nbsp;RCS de Tarascon en France le 26\/03\/2021, sous le num\u00e9ro 343 047 163 , si\u00e8ge social : 1, rue Copernic &#8211; Z.A du Salat, 13310 Saint-Martin-de-Crau France, t\u00e9l\u00e9phone : +33617246648, email : contact@mon-carre-deco.com, ci-apr\u00e8s \u00ab&nbsp;l\u2019Editeur&nbsp;\u00bb et toute personne, physique ou morale, de droit priv\u00e9 ou de droit public, inscrite sur le Site pour acheter un Produit, ci-apr\u00e8s \u00ab&nbsp;le Client&nbsp;\u00bb.<\/p>\n\n\n\n<h3 class=\"wp-block-heading\"><strong>ARTICLE 3. DEFINITIONS<\/strong><\/h3>\n\n\n\n<p>\u00ab&nbsp;<strong>Client&nbsp;<\/strong>\u00bb : toute personne, physique ou morale, de droit priv\u00e9 ou de droit public, inscrite sur le Site.<\/p>\n\n\n\n<p>\u00ab&nbsp;<strong>Contenus du Site&nbsp;\u00bb<\/strong> : \u00e9l\u00e9ments de toute nature publi\u00e9s sur le Site, prot\u00e9g\u00e9s ou non par un droit de propri\u00e9t\u00e9 intellectuelle, tel que textes, images, designs, pr\u00e9sentations, vid\u00e9os, sch\u00e9mas, structures, bases de donn\u00e9es ou logiciels.&nbsp;<\/p>\n\n\n\n<p>\u00ab&nbsp;<strong>L\u2019Editeur<\/strong>&nbsp;\u00bb : MON CARRE DECO pris en sa qualit\u00e9 d\u2019\u00e9diteur du Site.<\/p>\n\n\n\n<p>\u00ab&nbsp;<strong>Internaute<\/strong>&nbsp;\u00bb : toute personne, physique ou morale, de droit priv\u00e9 ou de droit public, se connectant au Site.<\/p>\n\n\n\n<p>\u00ab&nbsp;<strong>Produit<\/strong>&nbsp;\u00bb&nbsp;: bien de toute nature vendu sur le Site par l\u2019Editeur aux Clients.<\/p>\n\n\n\n<p>\u00ab&nbsp;<strong>Site&nbsp;<\/strong>\u00bb : site internet accessible \u00e0 l\u2019URL mon-carre-deco.com, ainsi que les sous-sites, sites miroirs, portails et variations d\u2019URL y aff\u00e9rents.<\/p>\n\n\n\n<h3 class=\"wp-block-heading\"><strong>ARTICLE 4. CHAMP D\u2019APPLICATION<\/strong><\/h3>\n\n\n\n<p>Le Site est d&rsquo;acc\u00e8s libre et gratuit \u00e0 tout Internaute. La navigation sur le Site suppose l&rsquo;acceptation par tout Internaute de la pr\u00e9sente politique d\u2019exp\u00e9dition. La simple connexion au Site, par quelque moyen que ce soit, notamment par l&rsquo;interm\u00e9diaire d&rsquo;un robot ou d&rsquo;un navigateur, emportera acceptation pleine et enti\u00e8re de la pr\u00e9sente politique d\u2019exp\u00e9dition. Lors de l\u2019inscription sur le Site, cette acceptation sera confirm\u00e9e par le fait de cocher la case correspondante.<\/p>\n\n\n\n<p>L&rsquo;Internaute reconna\u00eet du m\u00eame fait en avoir pris pleinement connaissance et les accepter sans restriction.&nbsp;<\/p>\n\n\n\n<p>Le fait de cocher la case susvis\u00e9e sera r\u00e9put\u00e9 avoir la m\u00eame valeur qu&rsquo;une signature manuscrite de la part de l\u2019Internaute. L&rsquo;Internaute reconna\u00eet la valeur de preuve des syst\u00e8mes d&rsquo;enregistrement automatique de L\u2019Editeur et, sauf pour lui d&rsquo;apporter preuve contraire, il renonce \u00e0 les contester en cas de litige.<\/p>\n\n\n\n<p>La pr\u00e9sente politique d\u2019exp\u00e9dition est applicable aux relations entre les parties \u00e0 l\u2019exclusion de toutes autres conditions, et notamment celles de l\u2019Internaute.<\/p>\n\n\n\n<p>L&rsquo;acceptation de la pr\u00e9sente politique d\u2019exp\u00e9dition suppose de la part des Internautes qu&rsquo;ils jouissent de la capacit\u00e9 juridique n\u00e9cessaire pour cela, ou \u00e0 d\u00e9faut qu&rsquo;ils en aient l&rsquo;autorisation d&rsquo;un tuteur ou d&rsquo;un curateur s&rsquo;ils sont incapables, de leur repr\u00e9sentant l\u00e9gal s&rsquo;ils sont mineurs, ou encore qu&rsquo;ils soient titulaires d&rsquo;un mandat s&rsquo;ils agissent pour le compte d&rsquo;une personne morale.<\/p>\n\n\n\n<h3 class=\"wp-block-heading\"><strong>ARTICLE 5. LIVRAISON&nbsp;<\/strong><\/h3>\n\n\n\n<h4 class=\"wp-block-heading\"><strong>5.1. Frais de livraison<\/strong><\/h4>\n\n\n\n<p>Les frais de livraison ou de mise \u00e0 disposition seront, en toute hypoth\u00e8se, indiqu\u00e9s au Client avant tout r\u00e8glement et ne concernent que les livraisons effectu\u00e9es en France m\u00e9tropolitaine, Corse incluse. Pour tout autre lieu de livraison, il appartiendra au Client de prendre contact avec le service client\u00e8le.<\/p>\n\n\n\n<p>Dans l\u2019hypoth\u00e8se d\u2019une livraison du Produit au Client en boutique ou dans un lieu partenaire de l\u2019Editeur, les frais aff\u00e9rents sont pr\u00e9cis\u00e9s au Client au moment de la commande.<\/p>\n\n\n\n<p>Les frais de livraison indiqu\u00e9s sur le Site sont entendus en euros, toutes taxes comprises.<\/p>\n\n\n\n<h4 class=\"wp-block-heading\"><strong>5.2. D\u00e9lai de livraison<\/strong><\/h4>\n\n\n\n<p>Les commandes sont livr\u00e9es par DPD ou COLISSIMO dans un d\u00e9lai de 3 jours ouvr\u00e9s \u00e0 compter du parfait encaissement du prix par L\u2019Editeur.<\/p>\n\n\n\n<p>Certains produits ou certains volumes de commande peuvent n\u00e9anmoins justifier un d\u00e9lai de livraison sup\u00e9rieur \u00e0 3 jours ouvr\u00e9s. Il en sera fait mention expresse \u00e0 l&rsquo;attention du Client lors de la validation de la commande.<\/p>\n\n\n\n<h4 class=\"wp-block-heading\"><strong>5.3. Colis d\u00e9t\u00e9rior\u00e9<\/strong><\/h4>\n\n\n\n<p>En cas de livraison d&rsquo;un colis manifestement et visiblement d\u00e9t\u00e9rior\u00e9, il appartient au Client de le refuser afin de jouir de la garantie offerte par le transporteur. Le Client devra par ailleurs en informer le vendeur sans d\u00e9lai, afin qu&rsquo;un nouveau colis lui soit pr\u00e9par\u00e9, puis exp\u00e9di\u00e9 d\u00e8s r\u00e9ception du colis d\u00e9t\u00e9rior\u00e9 en retour. Dans pareil cas, les d\u00e9lais de livraison indiqu\u00e9s plus haut dans les pr\u00e9sentes conditions g\u00e9n\u00e9rales ne seront plus applicables.<\/p>\n\n\n\n<h4 class=\"wp-block-heading\"><strong>5.4. R\u00e9serve de propri\u00e9t\u00e9 &#8211; transfert des risques<\/strong><\/h4>\n\n\n\n<p>La propri\u00e9t\u00e9 des Produits livr\u00e9s est r\u00e9serv\u00e9e \u00e0 l\u2019Editeur jusqu&rsquo;\u00e0 la livraison des Produits au Client, nonobstant toute clause contraire, \u00e0 moins que les parties n&rsquo;aient ponctuellement et express\u00e9ment convenu par \u00e9crit d&rsquo;\u00e9carter la pr\u00e9sente clause.<\/p>\n\n\n\n<p>Le Client supporte les risques relatifs aux Produits \u00e0 compter de la commande. Pendant toute la dur\u00e9e de la r\u00e9serve de propri\u00e9t\u00e9, le Client devra assurer \u00e0 ses frais les Produits appartenant \u00e0 l\u2019Editeur contre tous dommages pouvant survenir et en justifier aupr\u00e8s de l\u2019Editeur a premi\u00e8re demande.<\/p>\n\n\n\n<h3 class=\"wp-block-heading\"><strong>ARTICLE 6. STIPULATIONS FINALES<\/strong><\/h3>\n\n\n\n<h4 class=\"wp-block-heading\"><strong>6.1. Droit applicable<\/strong><\/h4>\n\n\n\n<p>La pr\u00e9sente politique d\u2019exp\u00e9dition est soumise \u00e0 l&rsquo;application du droit fran\u00e7ais.<\/p>\n\n\n\n<h4 class=\"wp-block-heading\"><strong>6.2. Modifications de la pr\u00e9sente politique d\u2019exp\u00e9dition<\/strong><\/h4>\n\n\n\n<p>La pr\u00e9sente politique d\u2019exp\u00e9dition peut \u00eatre modifi\u00e9e \u00e0 tout moment par L\u2019Editeur. La politique d\u2019exp\u00e9dition applicable au Client est celle en vigueur au jour de sa commande ou de sa connexion sur le pr\u00e9sent Site, toute nouvelle connexion \u00e0 l&rsquo;espace personnel emportant acceptation le cas \u00e9ch\u00e9ant de la nouvelle politique d\u2019exp\u00e9dition.&nbsp;<\/p>\n\n\n\n<h4 class=\"wp-block-heading\"><strong>6.3. Litiges<\/strong><\/h4>\n\n\n\n<p>En vertu de l\u2019ordonnance n\u00b02015-1033 du 20 ao\u00fbt 2015, tous litiges avec un Client consommateur qui pourraient survenir dans le cadre de l&rsquo;ex\u00e9cution des pr\u00e9sentes conditions g\u00e9n\u00e9rales et dont la solution n\u2019aura pu \u00eatre trouv\u00e9e pr\u00e9alablement \u00e0 l\u2019amiable entre les parties devra \u00eatre soumis \u00e0 Medicys&nbsp;: <a target=\"_blank\" rel=\"noreferrer noopener\" href=\"http:\/\/www.medicys.fr\">www.medicys.fr<\/a>.<\/p>\n\n\n\n<p>En outre, le Client consommateur est inform\u00e9 de l\u2019existence de la plateforme de r\u00e8glement en ligne des litiges, accessibles \u00e0 l\u2019adresse URL suivante&nbsp;: <a target=\"_blank\" rel=\"noreferrer noopener\" href=\"https:\/\/ec.europa.eu\/consumers\/odr\/main\/?event=main.home2.show\">https:\/\/ec.europa.eu\/consumers\/odr\/main\/?event=main.home2.show<\/a><\/p>\n\n\n\n<p>Tout litige relatif au pr\u00e9sent contrat ou en relation avec celui-ci sera tranch\u00e9 par voie d\u2019arbitrage conform\u00e9ment au r\u00e8glement de l\u2019Institut digital d\u2019arbitrage et de m\u00e9diation&nbsp;: <a target=\"_blank\" rel=\"noreferrer noopener\" href=\"http:\/\/www.fast-arbitre.com\">www.fast-arbitre.com<\/a>.<\/p>\n\n\n\n<h4 class=\"wp-block-heading\"><strong>6.4. Enti\u00e8ret\u00e9<\/strong><\/h4>\n\n\n\n<p>La nullit\u00e9 d&rsquo;une des clauses du pr\u00e9sent contrat n&rsquo;entra\u00eenera pas la nullit\u00e9 des autres clauses du contrat ou du contrat dans sa globalit\u00e9, qui garderont leur plein effet et port\u00e9e. Dans une telle hypoth\u00e8se, les parties devront dans la mesure du possible remplacer la stipulation annul\u00e9e par une stipulation valable correspondant \u00e0 l&rsquo;esprit et \u00e0 l&rsquo;objet des pr\u00e9sentes.<\/p>\n\n\n\n<h4 class=\"wp-block-heading\"><strong>6.5. Non-renonciation<\/strong><\/h4>\n\n\n\n<p>L&rsquo;absence d&rsquo;exercice par L\u2019Editeur des droits qui lui sont reconnus par les pr\u00e9sentes ne pourra en aucun cas \u00eatre interpr\u00e9t\u00e9e comme une renonciation \u00e0 faire valoir lesdits droits.<\/p>\n\n\n\n<h4 class=\"wp-block-heading\"><strong>6.6. D\u00e9marchage t\u00e9l\u00e9phonique<\/strong><\/h4>\n\n\n\n<p>Le Client est inform\u00e9 qu\u2019il a la possibilit\u00e9 de s\u2019inscrire sur la liste d&rsquo;opposition au d\u00e9marchage t\u00e9l\u00e9phonique \u00e0 l\u2019adresse <a target=\"_blank\" rel=\"noreferrer noopener\" href=\"http:\/\/www.bloctel.gouv.fr\/\">http:\/\/www.bloctel.gouv.fr\/<\/a>.&nbsp;<\/p>\n\n\n\n<h4 class=\"wp-block-heading\"><strong>6.7. Langues de la pr\u00e9sente politique d\u2019exp\u00e9dition<\/strong><\/h4>\n\n\n\n<p>La pr\u00e9sente politique d\u2019exp\u00e9dition est propos\u00e9e en fran\u00e7ais.<\/p>\n\n\n\n<h4 class=\"wp-block-heading\"><strong>6.8. Clauses abusives<\/strong><\/h4>\n\n\n\n<p>Les stipulations de la pr\u00e9sente politique d\u2019exp\u00e9dition s&rsquo;appliquent sous r\u00e9serve du respect des dispositions imp\u00e9ratives du Code de la consommation concernant les clauses abusives dans les contrats conclus entre un professionnel et un consommateur.<\/p>\n\n\n\n<h3 class=\"wp-block-heading\"><strong>ARTICLE 7. <\/strong>EXPEDITION &amp; RETOURS<\/h3>\n\n\n\n<h4 class=\"wp-block-heading\">Article 7.1. Condition d&rsquo;exp\u00e9dition sp\u00e9cifiques \u00e0 la boutique<\/h4>\n\n\n\n<h4 class=\"wp-block-heading\">Article 7.2. Planning des exp\u00e9ditions et heures limites, sp\u00e9cifiques \u00e0 la boutique<\/h4>\n\n\n\n<p>Livraisons standards : Toutes les commandes re\u00e7ues avant 12h00 (UTC+1) sont exp\u00e9di\u00e9es dans les 3 jours (jour ouvr\u00e9 uniquement).<\/p>\n\n\n\n<h4 class=\"wp-block-heading\">Article 7.3. Politiques de retours sp\u00e9cifiques \u00e0 la boutiques<\/h4>\n\n\n\n<h5 class=\"wp-block-heading\">Article 7.3.1. Adresse de retours<\/h5>\n\n\n\n<p>MON CARRE DECO  1, rue Copernic &#8211; Z.A du Salat &#8211; 13310 SAINT-MARTIN-DE-CRAU France<\/p>","protected":false},"excerpt":{"rendered":"<p>Politique d\u2019exp\u00e9dition mon-carre-deco.com applicable \u00e0 compter du 01\/04\/2021 ARTICLE 1. OBJET La pr\u00e9sente politique d\u2019exp\u00e9dition a pour objet de d\u00e9finir les termes et conditions applicables \u00e0 l\u2019exp\u00e9dition d\u2019un Produit au Client par l\u2019Editeur. ARTICLE 2. PARTIES La pr\u00e9sente politique d\u2019exp\u00e9dition est applicable entre MON CARRE DECO, enregistr\u00e9e au&nbsp;RCS de Tarascon en France le 26\/03\/2021, sous &hellip;<\/p>\n<p class=\"read-more\"> <a class=\"\" href=\"http:\/\/mon-carre-deco.com\/en\/politique-dexpedition\/\"> <span class=\"screen-reader-text\">Politique d&rsquo;exp\u00e9dition<\/span> Read More &raquo;<\/a><\/p>","protected":false},"author":1,"featured_media":0,"parent":0,"menu_order":0,"comment_status":"closed","ping_status":"closed","template":"","meta":{"site-sidebar-layout":"default","site-content-layout":"default","ast-site-content-layout":"","site-content-style":"default","site-sidebar-style":"default","ast-global-header-display":"","ast-banner-title-visibility":"","ast-main-header-display":"","ast-hfb-above-header-display":"","ast-hfb-below-header-display":"","ast-hfb-mobile-header-display":"","site-post-title":"","ast-breadcrumbs-content":"","ast-featured-img":"","footer-sml-layout":"","theme-transparent-header-meta":"default","adv-header-id-meta":"","stick-header-meta":"","header-above-stick-meta":"","header-main-stick-meta":"","header-below-stick-meta":"","astra-migrate-meta-layouts":"","footnotes":""},"class_list":["post-897","page","type-page","status-publish","hentry"],"yoast_head":"<!-- This site is optimized with the Yoast SEO plugin v25.4 - https:\/\/yoast.com\/wordpress\/plugins\/seo\/ -->\n<title>Politique d&#039;exp\u00e9dition - Mon Carr\u00e9 D\u00e9co<\/title>\n<meta name=\"robots\" content=\"index, follow, max-snippet:-1, max-image-preview:large, max-video-preview:-1\" \/>\n<link rel=\"canonical\" href=\"https:\/\/mon-carre-deco.com\/en\/politique-dexpedition\/\" \/>\n<meta property=\"og:locale\" content=\"en_US\" \/>\n<meta property=\"og:type\" content=\"article\" \/>\n<meta property=\"og:title\" content=\"Politique d&#039;exp\u00e9dition - Mon Carr\u00e9 D\u00e9co\" \/>\n<meta property=\"og:description\" content=\"Politique d\u2019exp\u00e9dition mon-carre-deco.com applicable \u00e0 compter du 01\/04\/2021 ARTICLE 1. OBJET La pr\u00e9sente politique d\u2019exp\u00e9dition a pour objet de d\u00e9finir les termes et conditions applicables \u00e0 l\u2019exp\u00e9dition d\u2019un Produit au Client par l\u2019Editeur. ARTICLE 2. PARTIES La pr\u00e9sente politique d\u2019exp\u00e9dition est applicable entre MON CARRE DECO, enregistr\u00e9e au&nbsp;RCS de Tarascon en France le 26\/03\/2021, sous &hellip; Politique d&rsquo;exp\u00e9dition Read More &raquo;\" \/>\n<meta property=\"og:url\" content=\"https:\/\/mon-carre-deco.com\/en\/politique-dexpedition\/\" \/>\n<meta property=\"og:site_name\" content=\"Mon Carr\u00e9 D\u00e9co\" \/>\n<meta property=\"article:modified_time\" content=\"2021-04-15T17:12:01+00:00\" \/>\n<meta name=\"twitter:card\" content=\"summary_large_image\" \/>\n<meta name=\"twitter:label1\" content=\"Est. reading time\" \/>\n\t<meta name=\"twitter:data1\" content=\"7 minutes\" \/>\n<script type=\"application\/ld+json\" class=\"yoast-schema-graph\">{\"@context\":\"https:\/\/schema.org\",\"@graph\":[{\"@type\":\"WebPage\",\"@id\":\"https:\/\/mon-carre-deco.com\/politique-dexpedition\/\",\"url\":\"https:\/\/mon-carre-deco.com\/politique-dexpedition\/\",\"name\":\"Politique d'exp\u00e9dition - Mon Carr\u00e9 D\u00e9co\",\"isPartOf\":{\"@id\":\"https:\/\/mon-carre-deco.com\/#website\"},\"datePublished\":\"2021-04-15T17:12:00+00:00\",\"dateModified\":\"2021-04-15T17:12:01+00:00\",\"breadcrumb\":{\"@id\":\"https:\/\/mon-carre-deco.com\/politique-dexpedition\/#breadcrumb\"},\"inLanguage\":\"en-US\",\"potentialAction\":[{\"@type\":\"ReadAction\",\"target\":[\"https:\/\/mon-carre-deco.com\/politique-dexpedition\/\"]}]},{\"@type\":\"BreadcrumbList\",\"@id\":\"https:\/\/mon-carre-deco.com\/politique-dexpedition\/#breadcrumb\",\"itemListElement\":[{\"@type\":\"ListItem\",\"position\":1,\"name\":\"Accueil\",\"item\":\"https:\/\/mon-carre-deco.com\/\"},{\"@type\":\"ListItem\",\"position\":2,\"name\":\"Politique d&rsquo;exp\u00e9dition\"}]},{\"@type\":\"WebSite\",\"@id\":\"https:\/\/mon-carre-deco.com\/#website\",\"url\":\"https:\/\/mon-carre-deco.com\/\",\"name\":\"Mon Carr\u00e9 D\u00e9co\",\"description\":\"Mon Carr\u00e9 D&#039;art at Home, vente de tableau Herm\u00e8s, foulard carr\u00e9 Herm\u00e8s encadr\u00e9\",\"publisher\":{\"@id\":\"https:\/\/mon-carre-deco.com\/#organization\"},\"potentialAction\":[{\"@type\":\"SearchAction\",\"target\":{\"@type\":\"EntryPoint\",\"urlTemplate\":\"https:\/\/mon-carre-deco.com\/?s={search_term_string}\"},\"query-input\":{\"@type\":\"PropertyValueSpecification\",\"valueRequired\":true,\"valueName\":\"search_term_string\"}}],\"inLanguage\":\"en-US\"},{\"@type\":\"Organization\",\"@id\":\"https:\/\/mon-carre-deco.com\/#organization\",\"name\":\"Mon Carr\u00e9 D\u00e9co\",\"url\":\"https:\/\/mon-carre-deco.com\/\",\"logo\":{\"@type\":\"ImageObject\",\"inLanguage\":\"en-US\",\"@id\":\"https:\/\/mon-carre-deco.com\/#\/schema\/logo\/image\/\",\"url\":\"http:\/\/mon-carre-deco.com\/wp-content\/uploads\/2021\/04\/cropped-Logo-mon-carre-deco-2.png\",\"contentUrl\":\"http:\/\/mon-carre-deco.com\/wp-content\/uploads\/2021\/04\/cropped-Logo-mon-carre-deco-2.png\",\"width\":1043,\"height\":1043,\"caption\":\"Mon Carr\u00e9 D\u00e9co\"},\"image\":{\"@id\":\"https:\/\/mon-carre-deco.com\/#\/schema\/logo\/image\/\"}}]}<\/script>\n<!-- \/ Yoast SEO plugin. -->","yoast_head_json":{"title":"Politique d'exp\u00e9dition - Mon Carr\u00e9 D\u00e9co","robots":{"index":"index","follow":"follow","max-snippet":"max-snippet:-1","max-image-preview":"max-image-preview:large","max-video-preview":"max-video-preview:-1"},"canonical":"https:\/\/mon-carre-deco.com\/en\/politique-dexpedition\/","og_locale":"en_US","og_type":"article","og_title":"Politique d'exp\u00e9dition - Mon Carr\u00e9 D\u00e9co","og_description":"Politique d\u2019exp\u00e9dition mon-carre-deco.com applicable \u00e0 compter du 01\/04\/2021 ARTICLE 1. OBJET La pr\u00e9sente politique d\u2019exp\u00e9dition a pour objet de d\u00e9finir les termes et conditions applicables \u00e0 l\u2019exp\u00e9dition d\u2019un Produit au Client par l\u2019Editeur. ARTICLE 2. PARTIES La pr\u00e9sente politique d\u2019exp\u00e9dition est applicable entre MON CARRE DECO, enregistr\u00e9e au&nbsp;RCS de Tarascon en France le 26\/03\/2021, sous &hellip; Politique d&rsquo;exp\u00e9dition Read More &raquo;","og_url":"https:\/\/mon-carre-deco.com\/en\/politique-dexpedition\/","og_site_name":"Mon Carr\u00e9 D\u00e9co","article_modified_time":"2021-04-15T17:12:01+00:00","twitter_card":"summary_large_image","twitter_misc":{"Est. reading time":"7 minutes"},"schema":{"@context":"https:\/\/schema.org","@graph":[{"@type":"WebPage","@id":"https:\/\/mon-carre-deco.com\/politique-dexpedition\/","url":"https:\/\/mon-carre-deco.com\/politique-dexpedition\/","name":"Politique d'exp\u00e9dition - Mon Carr\u00e9 D\u00e9co","isPartOf":{"@id":"https:\/\/mon-carre-deco.com\/#website"},"datePublished":"2021-04-15T17:12:00+00:00","dateModified":"2021-04-15T17:12:01+00:00","breadcrumb":{"@id":"https:\/\/mon-carre-deco.com\/politique-dexpedition\/#breadcrumb"},"inLanguage":"en-US","potentialAction":[{"@type":"ReadAction","target":["https:\/\/mon-carre-deco.com\/politique-dexpedition\/"]}]},{"@type":"BreadcrumbList","@id":"https:\/\/mon-carre-deco.com\/politique-dexpedition\/#breadcrumb","itemListElement":[{"@type":"ListItem","position":1,"name":"Accueil","item":"https:\/\/mon-carre-deco.com\/"},{"@type":"ListItem","position":2,"name":"Politique d&rsquo;exp\u00e9dition"}]},{"@type":"WebSite","@id":"https:\/\/mon-carre-deco.com\/#website","url":"https:\/\/mon-carre-deco.com\/","name":"Mon Carr\u00e9 D\u00e9co","description":"Mon Carr\u00e9 D&#039;art at Home, vente de tableau Herm\u00e8s, foulard carr\u00e9 Herm\u00e8s encadr\u00e9","publisher":{"@id":"https:\/\/mon-carre-deco.com\/#organization"},"potentialAction":[{"@type":"SearchAction","target":{"@type":"EntryPoint","urlTemplate":"https:\/\/mon-carre-deco.com\/?s={search_term_string}"},"query-input":{"@type":"PropertyValueSpecification","valueRequired":true,"valueName":"search_term_string"}}],"inLanguage":"en-US"},{"@type":"Organization","@id":"https:\/\/mon-carre-deco.com\/#organization","name":"Mon Carr\u00e9 D\u00e9co","url":"https:\/\/mon-carre-deco.com\/","logo":{"@type":"ImageObject","inLanguage":"en-US","@id":"https:\/\/mon-carre-deco.com\/#\/schema\/logo\/image\/","url":"http:\/\/mon-carre-deco.com\/wp-content\/uploads\/2021\/04\/cropped-Logo-mon-carre-deco-2.png","contentUrl":"http:\/\/mon-carre-deco.com\/wp-content\/uploads\/2021\/04\/cropped-Logo-mon-carre-deco-2.png","width":1043,"height":1043,"caption":"Mon Carr\u00e9 D\u00e9co"},"image":{"@id":"https:\/\/mon-carre-deco.com\/#\/schema\/logo\/image\/"}}]}},"_links":{"self":[{"href":"http:\/\/mon-carre-deco.com\/en\/wp-json\/wp\/v2\/pages\/897","targetHints":{"allow":["GET"]}}],"collection":[{"href":"http:\/\/mon-carre-deco.com\/en\/wp-json\/wp\/v2\/pages"}],"about":[{"href":"http:\/\/mon-carre-deco.com\/en\/wp-json\/wp\/v2\/types\/page"}],"author":[{"embeddable":true,"href":"http:\/\/mon-carre-deco.com\/en\/wp-json\/wp\/v2\/users\/1"}],"replies":[{"embeddable":true,"href":"http:\/\/mon-carre-deco.com\/en\/wp-json\/wp\/v2\/comments?post=897"}],"version-history":[{"count":1,"href":"http:\/\/mon-carre-deco.com\/en\/wp-json\/wp\/v2\/pages\/897\/revisions"}],"predecessor-version":[{"id":898,"href":"http:\/\/mon-carre-deco.com\/en\/wp-json\/wp\/v2\/pages\/897\/revisions\/898"}],"wp:attachment":[{"href":"http:\/\/mon-carre-deco.com\/en\/wp-json\/wp\/v2\/media?parent=897"}],"curies":[{"name":"wp","href":"https:\/\/api.w.org\/{rel}","templated":true}]}}