{"id":1240,"date":"2021-04-28T18:24:55","date_gmt":"2021-04-28T16:24:55","guid":{"rendered":"http:\/\/mon-carre-deco.com\/?page_id=1240"},"modified":"2022-01-10T18:10:37","modified_gmt":"2022-01-10T17:10:37","slug":"location-tableau-hermes","status":"publish","type":"page","link":"https:\/\/mon-carre-deco.com\/en\/location-tableau-hermes\/","title":{"rendered":"Location de tableaux"},"content":{"rendered":"<h2>Location tableau de d\u00e9coration<\/h2>\n<p>La location de tableau pour une d\u00e9coration modulable.<\/p>\n<p>Ce service de location vous permet de renouveler vos cadres Mon Carr\u00e9 D\u00e9co. Choisissez. Profitez de votre cadre le temps qu\u2019il vous pla\u00eet, selon votre th\u00e8me d\u00e9coration du moment. Renvoyez le. Recommencez.<\/p>\n<p>Mon-carre-deco.com, premier site de location-\u00e9change de tableaux \u00e0 partir d\u2019authentiques carr\u00e9s Herm\u00e8s. Nous vous offrons la possibilit\u00e9 d\u2019\u00e9changer pour valeur \u00e9gale un Tableau Mon Carr\u00e9 D\u00e9co, selon les envies de d\u00e9coration, un \u00e9v\u00e9nement de vie (d\u00e9m\u00e9nagement, transmission\u2026) contre un autre. Un tampon de notre logo appos\u00e9 \u00e0 l\u2019arri\u00e8re des tableaux, certifie et r\u00e9pertorie dans le temps nos r\u00e9alisations.<br \/>\nUne nouvelle dynamique \u00e9conomique pour l\u2019activit\u00e9 de la d\u00e9coration qui se veut \u00e9ph\u00e9m\u00e8re.<\/p>\n<h3 lang=\"fr-FR\" align=\"CENTER\">LE SERVICE D\u2019\u00c9CHANGE DE VOTRE CARRE D\u00c9CO<\/h3>\n<p lang=\"fr-FR\" align=\"CENTER\">VOUS POUVEZ D\u00c9SORMAIS PROFITER DE NOTRE SERVICE D\u2019\u00c9CHANGE POUR ACQU\u00c9RIR VOTRE PROCHAIN TABLEAU MON CARRE D\u00c9CO<\/p>\n<p lang=\"fr-FR\" align=\"CENTER\"><img decoding=\"async\" src=\"http:\/\/mon-carre-deco.com\/wp-content\/uploads\/2021\/04\/petites-etoiles.jpg\" alt=\"\" width=\"38\" height=\"48\" \/><\/p>\n<p lang=\"fr-FR\" align=\"CENTER\">Contactez nous simplement pour indiquer que vous souhaitez \u00e9changer votre cadre Mon Carr\u00e9 D\u00e9co, nous estimerons sa valeur, nous vous expliquerons le processus d\u2019\u00e9change et nous vous aiderons \u00e0 choisir votre nouveau Tableau<\/p>\n<p lang=\"fr-FR\" align=\"CENTER\"><img decoding=\"async\" src=\"http:\/\/mon-carre-deco.com\/wp-content\/uploads\/2021\/04\/petites-etoiles.jpg\" alt=\"\" width=\"44\" height=\"55\" \/><\/p>\n<p lang=\"fr-FR\" align=\"CENTER\">Une fois que vous aurez approuv\u00e9 cette estimation, nous proc\u00e9derons \u00e0 la v\u00e9rification de l\u2019\u00e9tat et de l\u2019authenticit\u00e9 du mod\u00e8le avant de fixer son prix d\u2019achat final. La somme convenue pourra ensuite \u00eatre affect\u00e9e \u00e0 votre nouveau Tableau Carr\u00e9 D\u00e9co.<\/p>\n<p lang=\"fr-FR\" align=\"CENTER\"><img decoding=\"async\" src=\"http:\/\/mon-carre-deco.com\/wp-content\/uploads\/2021\/04\/petites-etoiles.jpg\" alt=\"\" width=\"43\" height=\"54\" \/><\/p>\n<p lang=\"fr-FR\" align=\"CENTER\">Mon Carr\u00e9 D\u00e9co se r\u00e9serve le droit de ne pas reprendre certains cadres en raison, notamment, de leur \u00e9tat et de leur valeur<\/p>\n<p lang=\"fr-FR\" align=\"CENTER\"><img decoding=\"async\" src=\"http:\/\/mon-carre-deco.com\/wp-content\/uploads\/2021\/04\/petites-etoiles.jpg\" alt=\"\" width=\"44\" height=\"55\" \/><\/p>\n<p lang=\"fr-FR\" align=\"CENTER\">Service soumis aux conditions g\u00e9n\u00e9rales en vigueur.<\/p>\n<p>Un Tableau Mon Carr\u00e9 D\u00e9co est un tableau \u00e0 partir d\u2019un authentique Carr\u00e9 Herm\u00e8s, un \u00e9l\u00e9ment de d\u00e9coration d\u2019int\u00e9rieur de luxe. Le ph\u00e9nom\u00e8ne de collection propre au Carr\u00e9 Herm\u00e8s est du fait transf\u00e9r\u00e9 sur l\u2019objet tableau Mon Carr\u00e9 D\u00e9co. Ces tableaux sont Vintages, ils ont et gardent de la valeur, comme leur Carr\u00e9. Ils sont rares pour certains, en \u00e9dition limit\u00e9e, tr\u00e8s recherch\u00e9s. Il y a un ph\u00e9nom\u00e8ne de transmission \u00e0 travers les g\u00e9n\u00e9rations des carr\u00e9s, v\u00e9ritables Ic\u00f4nes. Une temporalit\u00e9 lente pour une signature d\u2019excellence et une patte unique, entre tradition et innovation. La maison Herm\u00e8s repr\u00e9sente avec raffinement la quintessence du luxe \u00e0 la fran\u00e7aise : des objets intemporels issus de la main habile et de la cr\u00e9ativit\u00e9 fabuleuse de l\u2019humain.<br \/>\nCr\u00e9er une marque de tableau-cadre \u00e0 partir de Carr\u00e9s de soie, encadr\u00e9s par des artisans fran\u00e7ais, qui les r\u00e9pertorie, c\u2019est cr\u00e9er une marque qui se porte garante de perp\u00e9tuer les cr\u00e9ations des artistes qui ont mis leur art au service de la maison Herm\u00e8s.<\/p>","protected":false},"excerpt":{"rendered":"<p>Location tableau de d\u00e9coration La location de tableau pour une d\u00e9coration modulable. Ce service de location vous permet de renouveler vos cadres Mon Carr\u00e9 D\u00e9co. Choisissez. Profitez de votre cadre le temps qu\u2019il vous pla\u00eet, selon votre th\u00e8me d\u00e9coration du moment. Renvoyez le. Recommencez. Mon-carre-deco.com, premier site de location-\u00e9change de tableaux \u00e0 partir d\u2019authentiques carr\u00e9s &hellip;<\/p>\n<p class=\"read-more\"> <a class=\"\" href=\"https:\/\/mon-carre-deco.com\/en\/location-tableau-hermes\/\"> <span class=\"screen-reader-text\">Location de tableaux<\/span> Read More &raquo;<\/a><\/p>","protected":false},"author":2,"featured_media":0,"parent":0,"menu_order":0,"comment_status":"closed","ping_status":"closed","template":"","meta":{"site-sidebar-layout":"default","site-content-layout":"default","ast-site-content-layout":"","site-content-style":"default","site-sidebar-style":"default","ast-global-header-display":"","ast-banner-title-visibility":"","ast-main-header-display":"","ast-hfb-above-header-display":"","ast-hfb-below-header-display":"","ast-hfb-mobile-header-display":"","site-post-title":"disabled","ast-breadcrumbs-content":"","ast-featured-img":"disabled","footer-sml-layout":"","theme-transparent-header-meta":"default","adv-header-id-meta":"","stick-header-meta":"","header-above-stick-meta":"","header-main-stick-meta":"","header-below-stick-meta":"","astra-migrate-meta-layouts":"","footnotes":""},"class_list":["post-1240","page","type-page","status-publish","hentry"],"yoast_head":"<!-- This site is optimized with the Yoast SEO plugin v25.4 - https:\/\/yoast.com\/wordpress\/plugins\/seo\/ -->\n<title>Location de tableau de d\u00e9coration, Carr\u00e9 Herm\u00e8s encadr\u00e9 - Mon Carr\u00e9 D\u00e9co<\/title>\n<meta name=\"description\" content=\"Site de location-\u00e9change de tableaux \u00e0 partir d\u2019authentiques carr\u00e9s Herm\u00e8s. Choisissez. Profitez de votre cadre le temps qu\u2019il vous pla\u00eet, selon votre th\u00e8me d\u00e9coration du moment. Renvoyez le. Recommencez.\" \/>\n<meta name=\"robots\" content=\"index, follow, max-snippet:-1, max-image-preview:large, max-video-preview:-1\" \/>\n<link rel=\"canonical\" href=\"https:\/\/mon-carre-deco.com\/en\/location-tableau-hermes\/\" \/>\n<meta property=\"og:locale\" content=\"en_US\" \/>\n<meta property=\"og:type\" content=\"article\" \/>\n<meta property=\"og:title\" content=\"Location de tableau de d\u00e9coration, Carr\u00e9 Herm\u00e8s encadr\u00e9 - Mon Carr\u00e9 D\u00e9co\" \/>\n<meta property=\"og:description\" content=\"Site de location-\u00e9change de tableaux \u00e0 partir d\u2019authentiques carr\u00e9s Herm\u00e8s. Choisissez. Profitez de votre cadre le temps qu\u2019il vous pla\u00eet, selon votre th\u00e8me d\u00e9coration du moment. Renvoyez le. Recommencez.\" \/>\n<meta property=\"og:url\" content=\"https:\/\/mon-carre-deco.com\/en\/location-tableau-hermes\/\" \/>\n<meta property=\"og:site_name\" content=\"Mon Carr\u00e9 D\u00e9co\" \/>\n<meta property=\"article:modified_time\" content=\"2022-01-10T17:10:37+00:00\" \/>\n<meta property=\"og:image\" content=\"http:\/\/mon-carre-deco.com\/wp-content\/uploads\/2021\/04\/petites-etoiles.jpg\" \/>\n<meta name=\"twitter:card\" content=\"summary_large_image\" \/>\n<meta name=\"twitter:label1\" content=\"Est. reading time\" \/>\n\t<meta name=\"twitter:data1\" content=\"3 minutes\" \/>\n<script type=\"application\/ld+json\" class=\"yoast-schema-graph\">{\"@context\":\"https:\/\/schema.org\",\"@graph\":[{\"@type\":\"WebPage\",\"@id\":\"https:\/\/mon-carre-deco.com\/location-tableau-hermes\/\",\"url\":\"https:\/\/mon-carre-deco.com\/location-tableau-hermes\/\",\"name\":\"Location de tableau de d\u00e9coration, Carr\u00e9 Herm\u00e8s encadr\u00e9 - Mon Carr\u00e9 D\u00e9co\",\"isPartOf\":{\"@id\":\"https:\/\/mon-carre-deco.com\/#website\"},\"primaryImageOfPage\":{\"@id\":\"https:\/\/mon-carre-deco.com\/location-tableau-hermes\/#primaryimage\"},\"image\":{\"@id\":\"https:\/\/mon-carre-deco.com\/location-tableau-hermes\/#primaryimage\"},\"thumbnailUrl\":\"http:\/\/mon-carre-deco.com\/wp-content\/uploads\/2021\/04\/petites-etoiles.jpg\",\"datePublished\":\"2021-04-28T16:24:55+00:00\",\"dateModified\":\"2022-01-10T17:10:37+00:00\",\"description\":\"Site de location-\u00e9change de tableaux \u00e0 partir d\u2019authentiques carr\u00e9s Herm\u00e8s. Choisissez. Profitez de votre cadre le temps qu\u2019il vous pla\u00eet, selon votre th\u00e8me d\u00e9coration du moment. Renvoyez le. Recommencez.\",\"breadcrumb\":{\"@id\":\"https:\/\/mon-carre-deco.com\/location-tableau-hermes\/#breadcrumb\"},\"inLanguage\":\"en-US\",\"potentialAction\":[{\"@type\":\"ReadAction\",\"target\":[\"https:\/\/mon-carre-deco.com\/location-tableau-hermes\/\"]}]},{\"@type\":\"ImageObject\",\"inLanguage\":\"en-US\",\"@id\":\"https:\/\/mon-carre-deco.com\/location-tableau-hermes\/#primaryimage\",\"url\":\"http:\/\/mon-carre-deco.com\/wp-content\/uploads\/2021\/04\/petites-etoiles.jpg\",\"contentUrl\":\"http:\/\/mon-carre-deco.com\/wp-content\/uploads\/2021\/04\/petites-etoiles.jpg\"},{\"@type\":\"BreadcrumbList\",\"@id\":\"https:\/\/mon-carre-deco.com\/location-tableau-hermes\/#breadcrumb\",\"itemListElement\":[{\"@type\":\"ListItem\",\"position\":1,\"name\":\"Accueil\",\"item\":\"https:\/\/mon-carre-deco.com\/\"},{\"@type\":\"ListItem\",\"position\":2,\"name\":\"Location de tableaux\"}]},{\"@type\":\"WebSite\",\"@id\":\"https:\/\/mon-carre-deco.com\/#website\",\"url\":\"https:\/\/mon-carre-deco.com\/\",\"name\":\"Mon Carr\u00e9 D\u00e9co\",\"description\":\"Mon Carr\u00e9 D&#039;art at Home, vente de tableau Herm\u00e8s, foulard carr\u00e9 Herm\u00e8s encadr\u00e9\",\"publisher\":{\"@id\":\"https:\/\/mon-carre-deco.com\/#organization\"},\"potentialAction\":[{\"@type\":\"SearchAction\",\"target\":{\"@type\":\"EntryPoint\",\"urlTemplate\":\"https:\/\/mon-carre-deco.com\/?s={search_term_string}\"},\"query-input\":{\"@type\":\"PropertyValueSpecification\",\"valueRequired\":true,\"valueName\":\"search_term_string\"}}],\"inLanguage\":\"en-US\"},{\"@type\":\"Organization\",\"@id\":\"https:\/\/mon-carre-deco.com\/#organization\",\"name\":\"Mon Carr\u00e9 D\u00e9co\",\"url\":\"https:\/\/mon-carre-deco.com\/\",\"logo\":{\"@type\":\"ImageObject\",\"inLanguage\":\"en-US\",\"@id\":\"https:\/\/mon-carre-deco.com\/#\/schema\/logo\/image\/\",\"url\":\"https:\/\/mon-carre-deco.com\/wp-content\/uploads\/2021\/04\/cropped-Logo-mon-carre-deco-2.png\",\"contentUrl\":\"https:\/\/mon-carre-deco.com\/wp-content\/uploads\/2021\/04\/cropped-Logo-mon-carre-deco-2.png\",\"width\":1043,\"height\":1043,\"caption\":\"Mon Carr\u00e9 D\u00e9co\"},\"image\":{\"@id\":\"https:\/\/mon-carre-deco.com\/#\/schema\/logo\/image\/\"}}]}<\/script>\n<!-- \/ Yoast SEO plugin. -->","yoast_head_json":{"title":"Location de tableau de d\u00e9coration, Carr\u00e9 Herm\u00e8s encadr\u00e9 - Mon Carr\u00e9 D\u00e9co","description":"Site de location-\u00e9change de tableaux \u00e0 partir d\u2019authentiques carr\u00e9s Herm\u00e8s. Choisissez. Profitez de votre cadre le temps qu\u2019il vous pla\u00eet, selon votre th\u00e8me d\u00e9coration du moment. Renvoyez le. Recommencez.","robots":{"index":"index","follow":"follow","max-snippet":"max-snippet:-1","max-image-preview":"max-image-preview:large","max-video-preview":"max-video-preview:-1"},"canonical":"https:\/\/mon-carre-deco.com\/en\/location-tableau-hermes\/","og_locale":"en_US","og_type":"article","og_title":"Location de tableau de d\u00e9coration, Carr\u00e9 Herm\u00e8s encadr\u00e9 - Mon Carr\u00e9 D\u00e9co","og_description":"Site de location-\u00e9change de tableaux \u00e0 partir d\u2019authentiques carr\u00e9s Herm\u00e8s. Choisissez. Profitez de votre cadre le temps qu\u2019il vous pla\u00eet, selon votre th\u00e8me d\u00e9coration du moment. Renvoyez le. Recommencez.","og_url":"https:\/\/mon-carre-deco.com\/en\/location-tableau-hermes\/","og_site_name":"Mon Carr\u00e9 D\u00e9co","article_modified_time":"2022-01-10T17:10:37+00:00","og_image":[{"url":"http:\/\/mon-carre-deco.com\/wp-content\/uploads\/2021\/04\/petites-etoiles.jpg","type":"","width":"","height":""}],"twitter_card":"summary_large_image","twitter_misc":{"Est. reading time":"3 minutes"},"schema":{"@context":"https:\/\/schema.org","@graph":[{"@type":"WebPage","@id":"https:\/\/mon-carre-deco.com\/location-tableau-hermes\/","url":"https:\/\/mon-carre-deco.com\/location-tableau-hermes\/","name":"Location de tableau de d\u00e9coration, Carr\u00e9 Herm\u00e8s encadr\u00e9 - Mon Carr\u00e9 D\u00e9co","isPartOf":{"@id":"https:\/\/mon-carre-deco.com\/#website"},"primaryImageOfPage":{"@id":"https:\/\/mon-carre-deco.com\/location-tableau-hermes\/#primaryimage"},"image":{"@id":"https:\/\/mon-carre-deco.com\/location-tableau-hermes\/#primaryimage"},"thumbnailUrl":"http:\/\/mon-carre-deco.com\/wp-content\/uploads\/2021\/04\/petites-etoiles.jpg","datePublished":"2021-04-28T16:24:55+00:00","dateModified":"2022-01-10T17:10:37+00:00","description":"Site de location-\u00e9change de tableaux \u00e0 partir d\u2019authentiques carr\u00e9s Herm\u00e8s. Choisissez. Profitez de votre cadre le temps qu\u2019il vous pla\u00eet, selon votre th\u00e8me d\u00e9coration du moment. Renvoyez le. Recommencez.","breadcrumb":{"@id":"https:\/\/mon-carre-deco.com\/location-tableau-hermes\/#breadcrumb"},"inLanguage":"en-US","potentialAction":[{"@type":"ReadAction","target":["https:\/\/mon-carre-deco.com\/location-tableau-hermes\/"]}]},{"@type":"ImageObject","inLanguage":"en-US","@id":"https:\/\/mon-carre-deco.com\/location-tableau-hermes\/#primaryimage","url":"http:\/\/mon-carre-deco.com\/wp-content\/uploads\/2021\/04\/petites-etoiles.jpg","contentUrl":"http:\/\/mon-carre-deco.com\/wp-content\/uploads\/2021\/04\/petites-etoiles.jpg"},{"@type":"BreadcrumbList","@id":"https:\/\/mon-carre-deco.com\/location-tableau-hermes\/#breadcrumb","itemListElement":[{"@type":"ListItem","position":1,"name":"Accueil","item":"https:\/\/mon-carre-deco.com\/"},{"@type":"ListItem","position":2,"name":"Location de tableaux"}]},{"@type":"WebSite","@id":"https:\/\/mon-carre-deco.com\/#website","url":"https:\/\/mon-carre-deco.com\/","name":"Mon Carr\u00e9 D\u00e9co","description":"Mon Carr\u00e9 D&#039;art at Home, vente de tableau Herm\u00e8s, foulard carr\u00e9 Herm\u00e8s encadr\u00e9","publisher":{"@id":"https:\/\/mon-carre-deco.com\/#organization"},"potentialAction":[{"@type":"SearchAction","target":{"@type":"EntryPoint","urlTemplate":"https:\/\/mon-carre-deco.com\/?s={search_term_string}"},"query-input":{"@type":"PropertyValueSpecification","valueRequired":true,"valueName":"search_term_string"}}],"inLanguage":"en-US"},{"@type":"Organization","@id":"https:\/\/mon-carre-deco.com\/#organization","name":"Mon Carr\u00e9 D\u00e9co","url":"https:\/\/mon-carre-deco.com\/","logo":{"@type":"ImageObject","inLanguage":"en-US","@id":"https:\/\/mon-carre-deco.com\/#\/schema\/logo\/image\/","url":"https:\/\/mon-carre-deco.com\/wp-content\/uploads\/2021\/04\/cropped-Logo-mon-carre-deco-2.png","contentUrl":"https:\/\/mon-carre-deco.com\/wp-content\/uploads\/2021\/04\/cropped-Logo-mon-carre-deco-2.png","width":1043,"height":1043,"caption":"Mon Carr\u00e9 D\u00e9co"},"image":{"@id":"https:\/\/mon-carre-deco.com\/#\/schema\/logo\/image\/"}}]}},"_links":{"self":[{"href":"https:\/\/mon-carre-deco.com\/en\/wp-json\/wp\/v2\/pages\/1240","targetHints":{"allow":["GET"]}}],"collection":[{"href":"https:\/\/mon-carre-deco.com\/en\/wp-json\/wp\/v2\/pages"}],"about":[{"href":"https:\/\/mon-carre-deco.com\/en\/wp-json\/wp\/v2\/types\/page"}],"author":[{"embeddable":true,"href":"https:\/\/mon-carre-deco.com\/en\/wp-json\/wp\/v2\/users\/2"}],"replies":[{"embeddable":true,"href":"https:\/\/mon-carre-deco.com\/en\/wp-json\/wp\/v2\/comments?post=1240"}],"version-history":[{"count":35,"href":"https:\/\/mon-carre-deco.com\/en\/wp-json\/wp\/v2\/pages\/1240\/revisions"}],"predecessor-version":[{"id":2787,"href":"https:\/\/mon-carre-deco.com\/en\/wp-json\/wp\/v2\/pages\/1240\/revisions\/2787"}],"wp:attachment":[{"href":"https:\/\/mon-carre-deco.com\/en\/wp-json\/wp\/v2\/media?parent=1240"}],"curies":[{"name":"wp","href":"https:\/\/api.w.org\/{rel}","templated":true}]}}