{"id":1242,"date":"2021-04-28T18:26:28","date_gmt":"2021-04-28T16:26:28","guid":{"rendered":"http:\/\/mon-carre-deco.com\/?page_id=1242"},"modified":"2022-11-08T22:13:25","modified_gmt":"2022-11-08T21:13:25","slug":"entreprise-leasing-tableau-hermes","status":"publish","type":"page","link":"https:\/\/mon-carre-deco.com\/en\/entreprise-leasing-tableau-hermes\/","title":{"rendered":"Entreprise"},"content":{"rendered":"<div data-elementor-type=\"wp-page\" data-elementor-id=\"1242\" class=\"elementor elementor-1242\">\n\t\t\t\t\t\t<section class=\"elementor-section elementor-top-section elementor-element elementor-element-37dab97 elementor-section-boxed elementor-section-height-default elementor-section-height-default\" data-id=\"37dab97\" data-element_type=\"section\">\n\t\t\t\t\t\t<div class=\"elementor-container elementor-column-gap-default\">\n\t\t\t\t\t<div class=\"elementor-column elementor-col-100 elementor-top-column elementor-element elementor-element-a0f7973\" data-id=\"a0f7973\" data-element_type=\"column\">\n\t\t\t<div class=\"elementor-widget-wrap elementor-element-populated\">\n\t\t\t\t\t\t<div class=\"elementor-element elementor-element-2d1344a elementor-widget elementor-widget-heading\" data-id=\"2d1344a\" data-element_type=\"widget\" data-widget_type=\"heading.default\">\n\t\t\t\t<div class=\"elementor-widget-container\">\n\t\t\t\t\t<h2 class=\"elementor-heading-title elementor-size-default\">Entreprise, leasing d'\u0153uvres d'art<\/h2>\t\t\t\t<\/div>\n\t\t\t\t<\/div>\n\t\t\t\t\t<\/div>\n\t\t<\/div>\n\t\t\t\t\t<\/div>\n\t\t<\/section>\n\t\t\t\t<section class=\"elementor-section elementor-top-section elementor-element elementor-element-33a6a1b elementor-section-boxed elementor-section-height-default elementor-section-height-default\" data-id=\"33a6a1b\" data-element_type=\"section\">\n\t\t\t\t\t\t<div class=\"elementor-container elementor-column-gap-default\">\n\t\t\t\t\t<div class=\"elementor-column elementor-col-50 elementor-top-column elementor-element elementor-element-4b08292\" data-id=\"4b08292\" data-element_type=\"column\">\n\t\t\t<div class=\"elementor-widget-wrap elementor-element-populated\">\n\t\t\t\t\t\t<div class=\"elementor-element elementor-element-eddcc4c elementor-widget elementor-widget-text-editor\" data-id=\"eddcc4c\" data-element_type=\"widget\" data-widget_type=\"text-editor.default\">\n\t\t\t\t<div class=\"elementor-widget-container\">\n\t\t\t\t\t\t\t\t\t<h4>Valorisez vos espaces professionnels avec la\u00a0 location financi\u00e8re de Carr\u00e9s d&rsquo;art<\/h4>\t\t\t\t\t\t\t\t<\/div>\n\t\t\t\t<\/div>\n\t\t\t\t<div class=\"elementor-element elementor-element-19400c5 elementor-widget elementor-widget-text-editor\" data-id=\"19400c5\" data-element_type=\"widget\" data-widget_type=\"text-editor.default\">\n\t\t\t\t<div class=\"elementor-widget-container\">\n\t\t\t\t\t\t\t\t\t<p>Exposer un <strong>tableau Mon Carr\u00e9 D\u00e9co\u00ae<\/strong>, une pi\u00e8ce de collection ic\u00f4ne du luxe dans ses locaux, c\u2019est affirmer une identit\u00e9 et des valeurs fortes. En faisant entrer ces <strong>\u00ab carr\u00e9s d\u2019art \u00bb<\/strong>, v\u00e9ritables fen\u00eatres ouvertes sur l\u2019univers artistique intemporel des carr\u00e9s Herm\u00e8s dans vos espaces de travail, c\u2019est aussi penser au bien-\u00eatre des collaborateurs en leur offrant un environnement unique.<\/p>\t\t\t\t\t\t\t\t<\/div>\n\t\t\t\t<\/div>\n\t\t\t\t<div class=\"elementor-element elementor-element-639bbaa elementor-widget elementor-widget-text-editor\" data-id=\"639bbaa\" data-element_type=\"widget\" data-widget_type=\"text-editor.default\">\n\t\t\t\t<div class=\"elementor-widget-container\">\n\t\t\t\t\t\t\t\t\t<p>Dans vos espaces de travail, bureaux, cr\u00e9ez une dialectique entre le dedans et le dehors, l\u2019intime et le public. Modernisez et p\u00e9rennisez l\u2019image de marque de votre entreprise aupr\u00e8s de vos clients, de vos fournisseurs et partenaires.<\/p>\t\t\t\t\t\t\t\t<\/div>\n\t\t\t\t<\/div>\n\t\t\t\t\t<\/div>\n\t\t<\/div>\n\t\t\t\t<div class=\"elementor-column elementor-col-50 elementor-top-column elementor-element elementor-element-09c93e3\" data-id=\"09c93e3\" data-element_type=\"column\">\n\t\t\t<div class=\"elementor-widget-wrap elementor-element-populated\">\n\t\t\t\t\t\t<div class=\"elementor-element elementor-element-9efb834 elementor-widget elementor-widget-image\" data-id=\"9efb834\" data-element_type=\"widget\" data-widget_type=\"image.default\">\n\t\t\t\t<div class=\"elementor-widget-container\">\n\t\t\t\t\t\t\t\t\t\t\t\t\t\t\t<img fetchpriority=\"high\" decoding=\"async\" width=\"1024\" height=\"683\" src=\"https:\/\/mon-carre-deco.com\/wp-content\/uploads\/2016\/09\/Tableau-Carre-Hermes-Le-Laboratoire-du-Temps-decoration-murale-de-bureau.jpg\" class=\"attachment-large size-large wp-image-860\" alt=\"Carr\u00e9 Herm\u00e8s Le Laboratoire du Temps de Pierre-Marie en d\u00e9coration murale de bureau\" srcset=\"https:\/\/mon-carre-deco.com\/wp-content\/uploads\/2016\/09\/Tableau-Carre-Hermes-Le-Laboratoire-du-Temps-decoration-murale-de-bureau.jpg 1350w, https:\/\/mon-carre-deco.com\/wp-content\/uploads\/2016\/09\/Tableau-Carre-Hermes-Le-Laboratoire-du-Temps-decoration-murale-de-bureau-600x400.jpg 600w\" sizes=\"(max-width: 1024px) 100vw, 1024px\" \/>\t\t\t\t\t\t\t\t\t\t\t\t\t\t\t<\/div>\n\t\t\t\t<\/div>\n\t\t\t\t\t<\/div>\n\t\t<\/div>\n\t\t\t\t\t<\/div>\n\t\t<\/section>\n\t\t\t\t<section class=\"elementor-section elementor-top-section elementor-element elementor-element-7ba214a elementor-section-boxed elementor-section-height-default elementor-section-height-default\" data-id=\"7ba214a\" data-element_type=\"section\">\n\t\t\t\t\t\t<div class=\"elementor-container elementor-column-gap-default\">\n\t\t\t\t\t<div class=\"elementor-column elementor-col-100 elementor-top-column elementor-element elementor-element-fdde2cb\" data-id=\"fdde2cb\" data-element_type=\"column\">\n\t\t\t<div class=\"elementor-widget-wrap elementor-element-populated\">\n\t\t\t\t\t\t<div class=\"elementor-element elementor-element-2a3a617 elementor-widget elementor-widget-image\" data-id=\"2a3a617\" data-element_type=\"widget\" data-widget_type=\"image.default\">\n\t\t\t\t<div class=\"elementor-widget-container\">\n\t\t\t\t\t\t\t\t\t\t\t\t\t\t\t<img decoding=\"async\" width=\"1024\" height=\"854\" src=\"https:\/\/mon-carre-deco.com\/wp-content\/uploads\/2021\/04\/Carre-Hermes-en-tableau-dans-un-commerce-salon-de-coiffure-1024x854.jpg\" class=\"attachment-large size-large wp-image-1276\" alt=\"\" srcset=\"https:\/\/mon-carre-deco.com\/wp-content\/uploads\/2021\/04\/Carre-Hermes-en-tableau-dans-un-commerce-salon-de-coiffure-1024x854.jpg 1024w, https:\/\/mon-carre-deco.com\/wp-content\/uploads\/2021\/04\/Carre-Hermes-en-tableau-dans-un-commerce-salon-de-coiffure-300x250.jpg 300w, https:\/\/mon-carre-deco.com\/wp-content\/uploads\/2021\/04\/Carre-Hermes-en-tableau-dans-un-commerce-salon-de-coiffure-768x641.jpg 768w, https:\/\/mon-carre-deco.com\/wp-content\/uploads\/2021\/04\/Carre-Hermes-en-tableau-dans-un-commerce-salon-de-coiffure-1536x1281.jpg 1536w, https:\/\/mon-carre-deco.com\/wp-content\/uploads\/2021\/04\/Carre-Hermes-en-tableau-dans-un-commerce-salon-de-coiffure-600x500.jpg 600w, https:\/\/mon-carre-deco.com\/wp-content\/uploads\/2021\/04\/Carre-Hermes-en-tableau-dans-un-commerce-salon-de-coiffure.jpg 1928w\" sizes=\"(max-width: 1024px) 100vw, 1024px\" \/>\t\t\t\t\t\t\t\t\t\t\t\t\t\t\t<\/div>\n\t\t\t\t<\/div>\n\t\t\t\t\t<\/div>\n\t\t<\/div>\n\t\t\t\t<div class=\"elementor-column elementor-col-100 elementor-top-column elementor-element elementor-element-bbc6a04\" data-id=\"bbc6a04\" data-element_type=\"column\">\n\t\t\t<div class=\"elementor-widget-wrap elementor-element-populated\">\n\t\t\t\t\t\t<div class=\"elementor-element elementor-element-183896f elementor-widget elementor-widget-heading\" data-id=\"183896f\" data-element_type=\"widget\" data-widget_type=\"heading.default\">\n\t\t\t\t<div class=\"elementor-widget-container\">\n\t\t\t\t\t<h2 class=\"elementor-heading-title elementor-size-default\">Optimisez votre acquisition avec le leasing<\/h2>\t\t\t\t<\/div>\n\t\t\t\t<\/div>\n\t\t\t\t<div class=\"elementor-element elementor-element-ddc344c elementor-widget elementor-widget-text-editor\" data-id=\"ddc344c\" data-element_type=\"widget\" data-widget_type=\"text-editor.default\">\n\t\t\t\t<div class=\"elementor-widget-container\">\n\t\t\t\t\t\t\t\t\t<p>Le leasing ou location avec Option d\u2019Achat, permet de louer un tableau pendant une dur\u00e9e d\u00e9termin\u00e9e et de l\u2019acqu\u00e9rir \u00e0 la fin du contrat en r\u00e9glant une part r\u00e9siduelle.<\/p>\t\t\t\t\t\t\t\t<\/div>\n\t\t\t\t<\/div>\n\t\t\t\t<div class=\"elementor-element elementor-element-31588c9 elementor-widget elementor-widget-text-editor\" data-id=\"31588c9\" data-element_type=\"widget\" data-widget_type=\"text-editor.default\">\n\t\t\t\t<div class=\"elementor-widget-container\">\n\t\t\t\t\t\t\t\t\t<p>Ce type de financement permet aux entreprises et aux professions lib\u00e9rales d\u2019acqu\u00e9rir de mani\u00e8re simple et progressive, des<strong> \u0153uvres d\u2019art<\/strong> pour leurs espaces de travail tout en r\u00e9duisant leur imposition. Fiscalement, les loyers sont d\u00e9ductibles du r\u00e9sultat imposable et diminuent ainsi l\u2019IS (Entreprises) ou l\u2019IRPP (Professions lib\u00e9rales).<\/p>\t\t\t\t\t\t\t\t<\/div>\n\t\t\t\t<\/div>\n\t\t\t\t<div class=\"elementor-element elementor-element-55415a0 elementor-widget elementor-widget-text-editor\" data-id=\"55415a0\" data-element_type=\"widget\" data-widget_type=\"text-editor.default\">\n\t\t\t\t<div class=\"elementor-widget-container\">\n\t\t\t\t\t\t\t\t\t<p>L&rsquo;utilisation de ce financement pour l\u2019acquisition des <strong>\u00ab carr\u00e9s d\u2019art \u00bb<\/strong> entre dans le cadre de la d\u00e9coration et l\u2019am\u00e9nagement des bureaux au compte 6068 du plan comptable g\u00e9n\u00e9ral, au m\u00eame titre que la location de v\u00e9g\u00e9taux, de mobilier ou l\u2019achat de tels \u00e9l\u00e9ments d\u2019am\u00e9nagement des espaces professionnels.<\/p>\t\t\t\t\t\t\t\t<\/div>\n\t\t\t\t<\/div>\n\t\t\t\t\t<\/div>\n\t\t<\/div>\n\t\t\t\t\t<\/div>\n\t\t<\/section>\n\t\t\t\t<section class=\"elementor-section elementor-top-section elementor-element elementor-element-110d198 elementor-section-boxed elementor-section-height-default elementor-section-height-default\" data-id=\"110d198\" data-element_type=\"section\">\n\t\t\t\t\t\t<div class=\"elementor-container elementor-column-gap-default\">\n\t\t\t\t\t\t<\/div>\n\t\t<\/section>\n\t\t\t\t<section class=\"elementor-section elementor-top-section elementor-element elementor-element-8d355a8 elementor-section-boxed elementor-section-height-default elementor-section-height-default\" data-id=\"8d355a8\" data-element_type=\"section\">\n\t\t\t\t\t\t<div class=\"elementor-container elementor-column-gap-default\">\n\t\t\t\t\t<div class=\"elementor-column elementor-col-100 elementor-top-column elementor-element elementor-element-1a6f11a\" data-id=\"1a6f11a\" data-element_type=\"column\">\n\t\t\t<div class=\"elementor-widget-wrap elementor-element-populated\">\n\t\t\t\t\t\t<div class=\"elementor-element elementor-element-c7fe9ab elementor-widget elementor-widget-text-editor\" data-id=\"c7fe9ab\" data-element_type=\"widget\" data-widget_type=\"text-editor.default\">\n\t\t\t\t<div class=\"elementor-widget-container\">\n\t\t\t\t\t\t\t\t\t<h4>Une offre de leasing enti\u00e8rement int\u00e9gr\u00e9e<\/h4><p>Pour en b\u00e9n\u00e9ficier, c&rsquo;est facile, avec <a href=\"https:\/\/bail-art.com\/\">BAIL ART <\/a>notre partenaire :<\/p><p>Cr\u00e9\u00e9e en 2009, <a href=\"https:\/\/bail-art.com\/\">Bail-Art<\/a> est l&rsquo;un des pr\u00e9curseurs et leader dans la location financi\u00e8re d\u2019\u0153uvres et objets d&rsquo;art. Elle propose aux entreprises et clients professionnels un outil d&rsquo;optimisation de leur acquisition qui leur permet d&rsquo;obtenir un avantage fiscal pour leur activit\u00e9 et une possibilit\u00e9 d&rsquo;option d&rsquo;achat \u00e0 titre personnel pour une valeur r\u00e9siduelle au terme du contrat de location.<\/p><p>Aussi, en tant qu&rsquo;acqu\u00e9reur vous b\u00e9n\u00e9ficiez des avantages suivants :<\/p><p>\u00a0\u00a0\u00a0 &#8211; possibilit\u00e9 de d\u00e9duire du r\u00e9sultat imposable 100% du montant des loyers au titre de la d\u00e9coration et de l\u2019am\u00e9nagement des bureaux.<\/p><p>\u00a0\u00a0\u00a0 &#8211; \u00e9talement du r\u00e8glement de l&rsquo;acquisition dans le temps, entre 13 et 48 mois.<\/p><p>\u00a0\u00a0\u00a0 &#8211; possibilit\u00e9 de se porter acqu\u00e9reur au terme du contrat de location pour 7% de la valeur initiale du tableau.<\/p><h4><strong>Comment proc\u00e9der ?<\/strong><\/h4><p>Vous choisissez (le) <a href=\"https:\/\/mon-carre-deco.com\/en\/boutique-tableau-hermes\/\">les tableaux<\/a> que vous souhaitez louer avec option d&rsquo;acquisition pour un montant minimum de 1500\u20ac.<\/p><p>Vous nous soumettez votre s\u00e9lection.<\/p><p>Nous r\u00e9alisons la simulation sous 24h.<\/p><p>Sous acceptation des parties nous r\u00e9alisons le contrat de leasing.<\/p>\t\t\t\t\t\t\t\t<\/div>\n\t\t\t\t<\/div>\n\t\t\t\t<div class=\"elementor-element elementor-element-6c9d4be elementor-widget elementor-widget-text-editor\" data-id=\"6c9d4be\" data-element_type=\"widget\" data-widget_type=\"text-editor.default\">\n\t\t\t\t<div class=\"elementor-widget-container\">\n\t\t\t\t\t\t\t\t\t<p><a href=\"http:\/\/mon-carre-deco.com\/index.php\/contact\/\">Pour plus d\u2019informations, prendre contact.<\/a><\/p>\t\t\t\t\t\t\t\t<\/div>\n\t\t\t\t<\/div>\n\t\t\t\t\t<\/div>\n\t\t<\/div>\n\t\t\t\t\t<\/div>\n\t\t<\/section>\n\t\t\t\t<\/div>","protected":false},"excerpt":{"rendered":"<p>Entreprise, leasing d&rsquo;\u0153uvres d&rsquo;art Valorisez vos espaces professionnels avec la\u00a0 location financi\u00e8re de Carr\u00e9s d&rsquo;art Exposer un tableau Mon Carr\u00e9 D\u00e9co\u00ae, une pi\u00e8ce de collection ic\u00f4ne du luxe dans ses locaux, c\u2019est affirmer une identit\u00e9 et des valeurs fortes. En faisant entrer ces \u00ab carr\u00e9s d\u2019art \u00bb, v\u00e9ritables fen\u00eatres ouvertes sur l\u2019univers artistique intemporel des &hellip;<\/p>\n<p class=\"read-more\"> <a class=\"\" href=\"https:\/\/mon-carre-deco.com\/en\/entreprise-leasing-tableau-hermes\/\"> <span class=\"screen-reader-text\">Entreprise<\/span> Read More &raquo;<\/a><\/p>","protected":false},"author":2,"featured_media":0,"parent":0,"menu_order":0,"comment_status":"closed","ping_status":"closed","template":"","meta":{"site-sidebar-layout":"no-sidebar","site-content-layout":"page-builder","ast-site-content-layout":"","site-content-style":"default","site-sidebar-style":"default","ast-global-header-display":"","ast-banner-title-visibility":"","ast-main-header-display":"","ast-hfb-above-header-display":"","ast-hfb-below-header-display":"","ast-hfb-mobile-header-display":"","site-post-title":"disabled","ast-breadcrumbs-content":"","ast-featured-img":"disabled","footer-sml-layout":"","theme-transparent-header-meta":"default","adv-header-id-meta":"","stick-header-meta":"","header-above-stick-meta":"","header-main-stick-meta":"","header-below-stick-meta":"","astra-migrate-meta-layouts":"","footnotes":""},"class_list":["post-1242","page","type-page","status-publish","hentry"],"yoast_head":"<!-- This site is optimized with the Yoast SEO plugin v25.4 - https:\/\/yoast.com\/wordpress\/plugins\/seo\/ -->\n<title>Leasing d&#039;oeuvre d&#039;art, tableau d\u00e9coration Carr\u00e9 Herm\u00e8s encadr\u00e9 - Mon Carr\u00e9 D\u00e9co<\/title>\n<meta name=\"description\" content=\"Exposer un tableau Mon Carr\u00e9 D\u00e9co, une pi\u00e8ce de collection ic\u00f4ne du luxe dans ses locaux. Le leasing ou location avec Option d\u2019Achat, permet de louer une tableau pendant une dur\u00e9e d\u00e9termin\u00e9e et de l\u2019acqu\u00e9rir \u00e0 la fin du contrat en r\u00e9glant une part r\u00e9siduelle.\" \/>\n<meta name=\"robots\" content=\"index, follow, max-snippet:-1, max-image-preview:large, max-video-preview:-1\" \/>\n<link rel=\"canonical\" href=\"https:\/\/mon-carre-deco.com\/en\/entreprise-leasing-tableau-hermes\/\" \/>\n<meta property=\"og:locale\" content=\"en_US\" \/>\n<meta property=\"og:type\" content=\"article\" \/>\n<meta property=\"og:title\" content=\"Leasing d&#039;oeuvre d&#039;art, tableau d\u00e9coration Carr\u00e9 Herm\u00e8s encadr\u00e9 - Mon Carr\u00e9 D\u00e9co\" \/>\n<meta property=\"og:description\" content=\"Exposer un tableau Mon Carr\u00e9 D\u00e9co, une pi\u00e8ce de collection ic\u00f4ne du luxe dans ses locaux. Le leasing ou location avec Option d\u2019Achat, permet de louer une tableau pendant une dur\u00e9e d\u00e9termin\u00e9e et de l\u2019acqu\u00e9rir \u00e0 la fin du contrat en r\u00e9glant une part r\u00e9siduelle.\" \/>\n<meta property=\"og:url\" content=\"https:\/\/mon-carre-deco.com\/en\/entreprise-leasing-tableau-hermes\/\" \/>\n<meta property=\"og:site_name\" content=\"Mon Carr\u00e9 D\u00e9co\" \/>\n<meta property=\"article:modified_time\" content=\"2022-11-08T21:13:25+00:00\" \/>\n<meta property=\"og:image\" content=\"http:\/\/mon-carre-deco.com\/wp-content\/uploads\/2016\/09\/Tableau-Carre-Hermes-Le-Laboratoire-du-Temps-decoration-murale-de-bureau.jpg\" \/>\n<meta name=\"twitter:card\" content=\"summary_large_image\" \/>\n<meta name=\"twitter:label1\" content=\"Est. reading time\" \/>\n\t<meta name=\"twitter:data1\" content=\"3 minutes\" \/>\n<script type=\"application\/ld+json\" class=\"yoast-schema-graph\">{\"@context\":\"https:\/\/schema.org\",\"@graph\":[{\"@type\":\"WebPage\",\"@id\":\"https:\/\/mon-carre-deco.com\/entreprise-leasing-tableau-hermes\/\",\"url\":\"https:\/\/mon-carre-deco.com\/entreprise-leasing-tableau-hermes\/\",\"name\":\"Leasing d'oeuvre d'art, tableau d\u00e9coration Carr\u00e9 Herm\u00e8s encadr\u00e9 - Mon Carr\u00e9 D\u00e9co\",\"isPartOf\":{\"@id\":\"https:\/\/mon-carre-deco.com\/#website\"},\"primaryImageOfPage\":{\"@id\":\"https:\/\/mon-carre-deco.com\/entreprise-leasing-tableau-hermes\/#primaryimage\"},\"image\":{\"@id\":\"https:\/\/mon-carre-deco.com\/entreprise-leasing-tableau-hermes\/#primaryimage\"},\"thumbnailUrl\":\"http:\/\/mon-carre-deco.com\/wp-content\/uploads\/2016\/09\/Tableau-Carre-Hermes-Le-Laboratoire-du-Temps-decoration-murale-de-bureau.jpg\",\"datePublished\":\"2021-04-28T16:26:28+00:00\",\"dateModified\":\"2022-11-08T21:13:25+00:00\",\"description\":\"Exposer un tableau Mon Carr\u00e9 D\u00e9co, une pi\u00e8ce de collection ic\u00f4ne du luxe dans ses locaux. Le leasing ou location avec Option d\u2019Achat, permet de louer une tableau pendant une dur\u00e9e d\u00e9termin\u00e9e et de l\u2019acqu\u00e9rir \u00e0 la fin du contrat en r\u00e9glant une part r\u00e9siduelle.\",\"breadcrumb\":{\"@id\":\"https:\/\/mon-carre-deco.com\/entreprise-leasing-tableau-hermes\/#breadcrumb\"},\"inLanguage\":\"en-US\",\"potentialAction\":[{\"@type\":\"ReadAction\",\"target\":[\"https:\/\/mon-carre-deco.com\/entreprise-leasing-tableau-hermes\/\"]}]},{\"@type\":\"ImageObject\",\"inLanguage\":\"en-US\",\"@id\":\"https:\/\/mon-carre-deco.com\/entreprise-leasing-tableau-hermes\/#primaryimage\",\"url\":\"http:\/\/mon-carre-deco.com\/wp-content\/uploads\/2016\/09\/Tableau-Carre-Hermes-Le-Laboratoire-du-Temps-decoration-murale-de-bureau.jpg\",\"contentUrl\":\"http:\/\/mon-carre-deco.com\/wp-content\/uploads\/2016\/09\/Tableau-Carre-Hermes-Le-Laboratoire-du-Temps-decoration-murale-de-bureau.jpg\"},{\"@type\":\"BreadcrumbList\",\"@id\":\"https:\/\/mon-carre-deco.com\/entreprise-leasing-tableau-hermes\/#breadcrumb\",\"itemListElement\":[{\"@type\":\"ListItem\",\"position\":1,\"name\":\"Accueil\",\"item\":\"https:\/\/mon-carre-deco.com\/\"},{\"@type\":\"ListItem\",\"position\":2,\"name\":\"Entreprise\"}]},{\"@type\":\"WebSite\",\"@id\":\"https:\/\/mon-carre-deco.com\/#website\",\"url\":\"https:\/\/mon-carre-deco.com\/\",\"name\":\"Mon Carr\u00e9 D\u00e9co\",\"description\":\"Mon Carr\u00e9 D&#039;art at Home, vente de tableau Herm\u00e8s, foulard carr\u00e9 Herm\u00e8s encadr\u00e9\",\"publisher\":{\"@id\":\"https:\/\/mon-carre-deco.com\/#organization\"},\"potentialAction\":[{\"@type\":\"SearchAction\",\"target\":{\"@type\":\"EntryPoint\",\"urlTemplate\":\"https:\/\/mon-carre-deco.com\/?s={search_term_string}\"},\"query-input\":{\"@type\":\"PropertyValueSpecification\",\"valueRequired\":true,\"valueName\":\"search_term_string\"}}],\"inLanguage\":\"en-US\"},{\"@type\":\"Organization\",\"@id\":\"https:\/\/mon-carre-deco.com\/#organization\",\"name\":\"Mon Carr\u00e9 D\u00e9co\",\"url\":\"https:\/\/mon-carre-deco.com\/\",\"logo\":{\"@type\":\"ImageObject\",\"inLanguage\":\"en-US\",\"@id\":\"https:\/\/mon-carre-deco.com\/#\/schema\/logo\/image\/\",\"url\":\"https:\/\/mon-carre-deco.com\/wp-content\/uploads\/2021\/04\/cropped-Logo-mon-carre-deco-2.png\",\"contentUrl\":\"https:\/\/mon-carre-deco.com\/wp-content\/uploads\/2021\/04\/cropped-Logo-mon-carre-deco-2.png\",\"width\":1043,\"height\":1043,\"caption\":\"Mon Carr\u00e9 D\u00e9co\"},\"image\":{\"@id\":\"https:\/\/mon-carre-deco.com\/#\/schema\/logo\/image\/\"}}]}<\/script>\n<!-- \/ Yoast SEO plugin. -->","yoast_head_json":{"title":"Leasing d'oeuvre d'art, tableau d\u00e9coration Carr\u00e9 Herm\u00e8s encadr\u00e9 - Mon Carr\u00e9 D\u00e9co","description":"Exposer un tableau Mon Carr\u00e9 D\u00e9co, une pi\u00e8ce de collection ic\u00f4ne du luxe dans ses locaux. Le leasing ou location avec Option d\u2019Achat, permet de louer une tableau pendant une dur\u00e9e d\u00e9termin\u00e9e et de l\u2019acqu\u00e9rir \u00e0 la fin du contrat en r\u00e9glant une part r\u00e9siduelle.","robots":{"index":"index","follow":"follow","max-snippet":"max-snippet:-1","max-image-preview":"max-image-preview:large","max-video-preview":"max-video-preview:-1"},"canonical":"https:\/\/mon-carre-deco.com\/en\/entreprise-leasing-tableau-hermes\/","og_locale":"en_US","og_type":"article","og_title":"Leasing d'oeuvre d'art, tableau d\u00e9coration Carr\u00e9 Herm\u00e8s encadr\u00e9 - Mon Carr\u00e9 D\u00e9co","og_description":"Exposer un tableau Mon Carr\u00e9 D\u00e9co, une pi\u00e8ce de collection ic\u00f4ne du luxe dans ses locaux. Le leasing ou location avec Option d\u2019Achat, permet de louer une tableau pendant une dur\u00e9e d\u00e9termin\u00e9e et de l\u2019acqu\u00e9rir \u00e0 la fin du contrat en r\u00e9glant une part r\u00e9siduelle.","og_url":"https:\/\/mon-carre-deco.com\/en\/entreprise-leasing-tableau-hermes\/","og_site_name":"Mon Carr\u00e9 D\u00e9co","article_modified_time":"2022-11-08T21:13:25+00:00","og_image":[{"url":"http:\/\/mon-carre-deco.com\/wp-content\/uploads\/2016\/09\/Tableau-Carre-Hermes-Le-Laboratoire-du-Temps-decoration-murale-de-bureau.jpg","type":"","width":"","height":""}],"twitter_card":"summary_large_image","twitter_misc":{"Est. reading time":"3 minutes"},"schema":{"@context":"https:\/\/schema.org","@graph":[{"@type":"WebPage","@id":"https:\/\/mon-carre-deco.com\/entreprise-leasing-tableau-hermes\/","url":"https:\/\/mon-carre-deco.com\/entreprise-leasing-tableau-hermes\/","name":"Leasing d'oeuvre d'art, tableau d\u00e9coration Carr\u00e9 Herm\u00e8s encadr\u00e9 - Mon Carr\u00e9 D\u00e9co","isPartOf":{"@id":"https:\/\/mon-carre-deco.com\/#website"},"primaryImageOfPage":{"@id":"https:\/\/mon-carre-deco.com\/entreprise-leasing-tableau-hermes\/#primaryimage"},"image":{"@id":"https:\/\/mon-carre-deco.com\/entreprise-leasing-tableau-hermes\/#primaryimage"},"thumbnailUrl":"http:\/\/mon-carre-deco.com\/wp-content\/uploads\/2016\/09\/Tableau-Carre-Hermes-Le-Laboratoire-du-Temps-decoration-murale-de-bureau.jpg","datePublished":"2021-04-28T16:26:28+00:00","dateModified":"2022-11-08T21:13:25+00:00","description":"Exposer un tableau Mon Carr\u00e9 D\u00e9co, une pi\u00e8ce de collection ic\u00f4ne du luxe dans ses locaux. Le leasing ou location avec Option d\u2019Achat, permet de louer une tableau pendant une dur\u00e9e d\u00e9termin\u00e9e et de l\u2019acqu\u00e9rir \u00e0 la fin du contrat en r\u00e9glant une part r\u00e9siduelle.","breadcrumb":{"@id":"https:\/\/mon-carre-deco.com\/entreprise-leasing-tableau-hermes\/#breadcrumb"},"inLanguage":"en-US","potentialAction":[{"@type":"ReadAction","target":["https:\/\/mon-carre-deco.com\/entreprise-leasing-tableau-hermes\/"]}]},{"@type":"ImageObject","inLanguage":"en-US","@id":"https:\/\/mon-carre-deco.com\/entreprise-leasing-tableau-hermes\/#primaryimage","url":"http:\/\/mon-carre-deco.com\/wp-content\/uploads\/2016\/09\/Tableau-Carre-Hermes-Le-Laboratoire-du-Temps-decoration-murale-de-bureau.jpg","contentUrl":"http:\/\/mon-carre-deco.com\/wp-content\/uploads\/2016\/09\/Tableau-Carre-Hermes-Le-Laboratoire-du-Temps-decoration-murale-de-bureau.jpg"},{"@type":"BreadcrumbList","@id":"https:\/\/mon-carre-deco.com\/entreprise-leasing-tableau-hermes\/#breadcrumb","itemListElement":[{"@type":"ListItem","position":1,"name":"Accueil","item":"https:\/\/mon-carre-deco.com\/"},{"@type":"ListItem","position":2,"name":"Entreprise"}]},{"@type":"WebSite","@id":"https:\/\/mon-carre-deco.com\/#website","url":"https:\/\/mon-carre-deco.com\/","name":"Mon Carr\u00e9 D\u00e9co","description":"Mon Carr\u00e9 D&#039;art at Home, vente de tableau Herm\u00e8s, foulard carr\u00e9 Herm\u00e8s encadr\u00e9","publisher":{"@id":"https:\/\/mon-carre-deco.com\/#organization"},"potentialAction":[{"@type":"SearchAction","target":{"@type":"EntryPoint","urlTemplate":"https:\/\/mon-carre-deco.com\/?s={search_term_string}"},"query-input":{"@type":"PropertyValueSpecification","valueRequired":true,"valueName":"search_term_string"}}],"inLanguage":"en-US"},{"@type":"Organization","@id":"https:\/\/mon-carre-deco.com\/#organization","name":"Mon Carr\u00e9 D\u00e9co","url":"https:\/\/mon-carre-deco.com\/","logo":{"@type":"ImageObject","inLanguage":"en-US","@id":"https:\/\/mon-carre-deco.com\/#\/schema\/logo\/image\/","url":"https:\/\/mon-carre-deco.com\/wp-content\/uploads\/2021\/04\/cropped-Logo-mon-carre-deco-2.png","contentUrl":"https:\/\/mon-carre-deco.com\/wp-content\/uploads\/2021\/04\/cropped-Logo-mon-carre-deco-2.png","width":1043,"height":1043,"caption":"Mon Carr\u00e9 D\u00e9co"},"image":{"@id":"https:\/\/mon-carre-deco.com\/#\/schema\/logo\/image\/"}}]}},"_links":{"self":[{"href":"https:\/\/mon-carre-deco.com\/en\/wp-json\/wp\/v2\/pages\/1242","targetHints":{"allow":["GET"]}}],"collection":[{"href":"https:\/\/mon-carre-deco.com\/en\/wp-json\/wp\/v2\/pages"}],"about":[{"href":"https:\/\/mon-carre-deco.com\/en\/wp-json\/wp\/v2\/types\/page"}],"author":[{"embeddable":true,"href":"https:\/\/mon-carre-deco.com\/en\/wp-json\/wp\/v2\/users\/2"}],"replies":[{"embeddable":true,"href":"https:\/\/mon-carre-deco.com\/en\/wp-json\/wp\/v2\/comments?post=1242"}],"version-history":[{"count":106,"href":"https:\/\/mon-carre-deco.com\/en\/wp-json\/wp\/v2\/pages\/1242\/revisions"}],"predecessor-version":[{"id":3737,"href":"https:\/\/mon-carre-deco.com\/en\/wp-json\/wp\/v2\/pages\/1242\/revisions\/3737"}],"wp:attachment":[{"href":"https:\/\/mon-carre-deco.com\/en\/wp-json\/wp\/v2\/media?parent=1242"}],"curies":[{"name":"wp","href":"https:\/\/api.w.org\/{rel}","templated":true}]}}