{"id":1597,"date":"2021-05-02T22:51:34","date_gmt":"2021-05-02T20:51:34","guid":{"rendered":"https:\/\/mon-carre-deco.com\/?page_id=1597"},"modified":"2021-10-27T15:01:16","modified_gmt":"2021-10-27T13:01:16","slug":"mentions-legales","status":"publish","type":"page","link":"https:\/\/mon-carre-deco.com\/en\/mentions-legales\/","title":{"rendered":"Mentions l\u00e9gales"},"content":{"rendered":"<div data-elementor-type=\"wp-page\" data-elementor-id=\"1597\" class=\"elementor elementor-1597\">\n\t\t\t\t\t\t<section class=\"elementor-section elementor-top-section elementor-element elementor-element-5715ad4 elementor-section-boxed elementor-section-height-default elementor-section-height-default\" data-id=\"5715ad4\" data-element_type=\"section\">\n\t\t\t\t\t\t<div class=\"elementor-container elementor-column-gap-default\">\n\t\t\t\t\t<div class=\"elementor-column elementor-col-100 elementor-top-column elementor-element elementor-element-86d8a01\" data-id=\"86d8a01\" data-element_type=\"column\">\n\t\t\t<div class=\"elementor-widget-wrap elementor-element-populated\">\n\t\t\t\t\t\t<div class=\"elementor-element elementor-element-90ab00f elementor-widget elementor-widget-heading\" data-id=\"90ab00f\" data-element_type=\"widget\" data-widget_type=\"heading.default\">\n\t\t\t\t<div class=\"elementor-widget-container\">\n\t\t\t\t\t<h2 class=\"elementor-heading-title elementor-size-default\">Mentions l\u00e9gales<\/h2>\t\t\t\t<\/div>\n\t\t\t\t<\/div>\n\t\t\t\t\t<\/div>\n\t\t<\/div>\n\t\t\t\t\t<\/div>\n\t\t<\/section>\n\t\t\t\t<section class=\"elementor-section elementor-top-section elementor-element elementor-element-1f37aed elementor-section-boxed elementor-section-height-default elementor-section-height-default\" data-id=\"1f37aed\" data-element_type=\"section\">\n\t\t\t\t\t\t<div class=\"elementor-container elementor-column-gap-default\">\n\t\t\t\t\t<div class=\"elementor-column elementor-col-100 elementor-top-column elementor-element elementor-element-0411ba2\" data-id=\"0411ba2\" data-element_type=\"column\">\n\t\t\t<div class=\"elementor-widget-wrap elementor-element-populated\">\n\t\t\t\t\t\t<div class=\"elementor-element elementor-element-83b15c0 elementor-widget elementor-widget-text-editor\" data-id=\"83b15c0\" data-element_type=\"widget\" data-widget_type=\"text-editor.default\">\n\t\t\t\t<div class=\"elementor-widget-container\">\n\t\t\t\t\t\t\t\t\t<p>Le pr\u00e9sent site est la propri\u00e9t\u00e9 de MON CARRE DECO\u00ae, enregistr\u00e9e au RCS de Tarascon en France le 26\/03\/2021, sous le num\u00e9ro\u00a0 343 047 163\u00a0 &#8211;<\/p><p>SIRET 343 047 163 00021\u00a0<\/p><p>Si\u00e8ge social : 1, rue Copernic, Z.A du Salat, 13310 \u00e0 Saint-Martin-de-Crau, France<\/p><p>T\u00e9l\u00e9phone : +33617246648\u00a0\u00a0<\/p><p>\u00a0email : contact@mon-carre-deco.com<\/p><p>Directeur de la publication : Madame Patricia DOULIERE fondatrice MON CARRE DECO\u00ae<\/p><h3>R\u00e9alisation<\/h3><p>La conception fonctionnelle, cr\u00e9ative et technique a \u00e9t\u00e9 r\u00e9alis\u00e9e par Vincent PETRINI, Directeur Marketing &amp; D\u00e9veloppement PWEB DIGITAL \u00e0 SAINT-MARTIN-DE-CRAU<\/p><h3>H\u00e9bergement<\/h3><p>Le site est h\u00e9berg\u00e9 chez OVH<br \/>2 rue Kellermann<br \/>59100 Roubaix<br \/>France<\/p><p>SAS au capital de 10 M\u20ac \u2013 RCS Roubaix-Tourcoing 424 761 419 00045<\/p><p>Code APE 6202A \u2013 N\u00b0TVA : FR 22-424-761-419<\/p><p>D\u00e9claration faite au CNIL<\/p><p>SAS OVH \u2013 <a href=\"https:\/\/www.ovh.com\/\">https:\/\/www.ovh.com<\/a><\/p><h3>Cr\u00e9dit Photo<\/h3><p>Photos et Illustrations Patricia Douli\u00e8re<\/p><p>PIXABAY https:\/\/pixabay.com\/fr\/<\/p><p>SHUTTERSTOCK https:\/\/www.shutterstock.com<\/p><p>ISTOCK https:\/\/www.istockphoto.com\/fr<\/p><p>\u00a0<\/p>\t\t\t\t\t\t\t\t<\/div>\n\t\t\t\t<\/div>\n\t\t\t\t\t<\/div>\n\t\t<\/div>\n\t\t\t\t\t<\/div>\n\t\t<\/section>\n\t\t\t\t<\/div>","protected":false},"excerpt":{"rendered":"<p>Mentions l\u00e9gales Le pr\u00e9sent site est la propri\u00e9t\u00e9 de MON CARRE DECO\u00ae, enregistr\u00e9e au RCS de Tarascon en France le 26\/03\/2021, sous le num\u00e9ro\u00a0 343 047 163\u00a0 &#8211; SIRET 343 047 163 00021\u00a0 Si\u00e8ge social : 1, rue Copernic, Z.A du Salat, 13310 \u00e0 Saint-Martin-de-Crau, France T\u00e9l\u00e9phone : +33617246648\u00a0\u00a0 \u00a0email : contact@mon-carre-deco.com Directeur de la &hellip;<\/p>\n<p class=\"read-more\"> <a class=\"\" href=\"https:\/\/mon-carre-deco.com\/en\/mentions-legales\/\"> <span class=\"screen-reader-text\">Mentions l\u00e9gales<\/span> Read More &raquo;<\/a><\/p>","protected":false},"author":2,"featured_media":0,"parent":0,"menu_order":0,"comment_status":"closed","ping_status":"closed","template":"","meta":{"site-sidebar-layout":"no-sidebar","site-content-layout":"page-builder","ast-site-content-layout":"","site-content-style":"default","site-sidebar-style":"default","ast-global-header-display":"","ast-banner-title-visibility":"","ast-main-header-display":"","ast-hfb-above-header-display":"","ast-hfb-below-header-display":"","ast-hfb-mobile-header-display":"","site-post-title":"disabled","ast-breadcrumbs-content":"","ast-featured-img":"disabled","footer-sml-layout":"","theme-transparent-header-meta":"default","adv-header-id-meta":"","stick-header-meta":"","header-above-stick-meta":"","header-main-stick-meta":"","header-below-stick-meta":"","astra-migrate-meta-layouts":"","footnotes":""},"class_list":["post-1597","page","type-page","status-publish","hentry"],"yoast_head":"<!-- This site is optimized with the Yoast SEO plugin v25.4 - https:\/\/yoast.com\/wordpress\/plugins\/seo\/ -->\n<title>Mentions l\u00e9gales - Mon Carr\u00e9 D\u00e9co<\/title>\n<meta name=\"robots\" content=\"index, follow, max-snippet:-1, max-image-preview:large, max-video-preview:-1\" \/>\n<link rel=\"canonical\" href=\"https:\/\/mon-carre-deco.com\/en\/mentions-legales\/\" \/>\n<meta property=\"og:locale\" content=\"en_US\" \/>\n<meta property=\"og:type\" content=\"article\" \/>\n<meta property=\"og:title\" content=\"Mentions l\u00e9gales - Mon Carr\u00e9 D\u00e9co\" \/>\n<meta property=\"og:description\" content=\"Mentions l\u00e9gales Le pr\u00e9sent site est la propri\u00e9t\u00e9 de MON CARRE DECO\u00ae, enregistr\u00e9e au RCS de Tarascon en France le 26\/03\/2021, sous le num\u00e9ro\u00a0 343 047 163\u00a0 &#8211; SIRET 343 047 163 00021\u00a0 Si\u00e8ge social : 1, rue Copernic, Z.A du Salat, 13310 \u00e0 Saint-Martin-de-Crau, France T\u00e9l\u00e9phone : +33617246648\u00a0\u00a0 \u00a0email : contact@mon-carre-deco.com Directeur de la &hellip; Mentions l\u00e9gales Read More &raquo;\" \/>\n<meta property=\"og:url\" content=\"https:\/\/mon-carre-deco.com\/en\/mentions-legales\/\" \/>\n<meta property=\"og:site_name\" content=\"Mon Carr\u00e9 D\u00e9co\" \/>\n<meta property=\"article:modified_time\" content=\"2021-10-27T13:01:16+00:00\" \/>\n<meta name=\"twitter:card\" content=\"summary_large_image\" \/>\n<meta name=\"twitter:label1\" content=\"Est. reading time\" \/>\n\t<meta name=\"twitter:data1\" content=\"1 minute\" \/>\n<script type=\"application\/ld+json\" class=\"yoast-schema-graph\">{\"@context\":\"https:\/\/schema.org\",\"@graph\":[{\"@type\":\"WebPage\",\"@id\":\"https:\/\/mon-carre-deco.com\/mentions-legales\/\",\"url\":\"https:\/\/mon-carre-deco.com\/mentions-legales\/\",\"name\":\"Mentions l\u00e9gales - Mon Carr\u00e9 D\u00e9co\",\"isPartOf\":{\"@id\":\"https:\/\/mon-carre-deco.com\/#website\"},\"datePublished\":\"2021-05-02T20:51:34+00:00\",\"dateModified\":\"2021-10-27T13:01:16+00:00\",\"breadcrumb\":{\"@id\":\"https:\/\/mon-carre-deco.com\/mentions-legales\/#breadcrumb\"},\"inLanguage\":\"en-US\",\"potentialAction\":[{\"@type\":\"ReadAction\",\"target\":[\"https:\/\/mon-carre-deco.com\/mentions-legales\/\"]}]},{\"@type\":\"BreadcrumbList\",\"@id\":\"https:\/\/mon-carre-deco.com\/mentions-legales\/#breadcrumb\",\"itemListElement\":[{\"@type\":\"ListItem\",\"position\":1,\"name\":\"Accueil\",\"item\":\"https:\/\/mon-carre-deco.com\/\"},{\"@type\":\"ListItem\",\"position\":2,\"name\":\"Mentions l\u00e9gales\"}]},{\"@type\":\"WebSite\",\"@id\":\"https:\/\/mon-carre-deco.com\/#website\",\"url\":\"https:\/\/mon-carre-deco.com\/\",\"name\":\"Mon Carr\u00e9 D\u00e9co\",\"description\":\"Mon Carr\u00e9 D&#039;art at Home, vente de tableau Herm\u00e8s, foulard carr\u00e9 Herm\u00e8s encadr\u00e9\",\"publisher\":{\"@id\":\"https:\/\/mon-carre-deco.com\/#organization\"},\"potentialAction\":[{\"@type\":\"SearchAction\",\"target\":{\"@type\":\"EntryPoint\",\"urlTemplate\":\"https:\/\/mon-carre-deco.com\/?s={search_term_string}\"},\"query-input\":{\"@type\":\"PropertyValueSpecification\",\"valueRequired\":true,\"valueName\":\"search_term_string\"}}],\"inLanguage\":\"en-US\"},{\"@type\":\"Organization\",\"@id\":\"https:\/\/mon-carre-deco.com\/#organization\",\"name\":\"Mon Carr\u00e9 D\u00e9co\",\"url\":\"https:\/\/mon-carre-deco.com\/\",\"logo\":{\"@type\":\"ImageObject\",\"inLanguage\":\"en-US\",\"@id\":\"https:\/\/mon-carre-deco.com\/#\/schema\/logo\/image\/\",\"url\":\"https:\/\/mon-carre-deco.com\/wp-content\/uploads\/2021\/04\/cropped-Logo-mon-carre-deco-2.png\",\"contentUrl\":\"https:\/\/mon-carre-deco.com\/wp-content\/uploads\/2021\/04\/cropped-Logo-mon-carre-deco-2.png\",\"width\":1043,\"height\":1043,\"caption\":\"Mon Carr\u00e9 D\u00e9co\"},\"image\":{\"@id\":\"https:\/\/mon-carre-deco.com\/#\/schema\/logo\/image\/\"}}]}<\/script>\n<!-- \/ Yoast SEO plugin. -->","yoast_head_json":{"title":"Mentions l\u00e9gales - Mon Carr\u00e9 D\u00e9co","robots":{"index":"index","follow":"follow","max-snippet":"max-snippet:-1","max-image-preview":"max-image-preview:large","max-video-preview":"max-video-preview:-1"},"canonical":"https:\/\/mon-carre-deco.com\/en\/mentions-legales\/","og_locale":"en_US","og_type":"article","og_title":"Mentions l\u00e9gales - Mon Carr\u00e9 D\u00e9co","og_description":"Mentions l\u00e9gales Le pr\u00e9sent site est la propri\u00e9t\u00e9 de MON CARRE DECO\u00ae, enregistr\u00e9e au RCS de Tarascon en France le 26\/03\/2021, sous le num\u00e9ro\u00a0 343 047 163\u00a0 &#8211; SIRET 343 047 163 00021\u00a0 Si\u00e8ge social : 1, rue Copernic, Z.A du Salat, 13310 \u00e0 Saint-Martin-de-Crau, France T\u00e9l\u00e9phone : +33617246648\u00a0\u00a0 \u00a0email : contact@mon-carre-deco.com Directeur de la &hellip; Mentions l\u00e9gales Read More &raquo;","og_url":"https:\/\/mon-carre-deco.com\/en\/mentions-legales\/","og_site_name":"Mon Carr\u00e9 D\u00e9co","article_modified_time":"2021-10-27T13:01:16+00:00","twitter_card":"summary_large_image","twitter_misc":{"Est. reading time":"1 minute"},"schema":{"@context":"https:\/\/schema.org","@graph":[{"@type":"WebPage","@id":"https:\/\/mon-carre-deco.com\/mentions-legales\/","url":"https:\/\/mon-carre-deco.com\/mentions-legales\/","name":"Mentions l\u00e9gales - Mon Carr\u00e9 D\u00e9co","isPartOf":{"@id":"https:\/\/mon-carre-deco.com\/#website"},"datePublished":"2021-05-02T20:51:34+00:00","dateModified":"2021-10-27T13:01:16+00:00","breadcrumb":{"@id":"https:\/\/mon-carre-deco.com\/mentions-legales\/#breadcrumb"},"inLanguage":"en-US","potentialAction":[{"@type":"ReadAction","target":["https:\/\/mon-carre-deco.com\/mentions-legales\/"]}]},{"@type":"BreadcrumbList","@id":"https:\/\/mon-carre-deco.com\/mentions-legales\/#breadcrumb","itemListElement":[{"@type":"ListItem","position":1,"name":"Accueil","item":"https:\/\/mon-carre-deco.com\/"},{"@type":"ListItem","position":2,"name":"Mentions l\u00e9gales"}]},{"@type":"WebSite","@id":"https:\/\/mon-carre-deco.com\/#website","url":"https:\/\/mon-carre-deco.com\/","name":"Mon Carr\u00e9 D\u00e9co","description":"Mon Carr\u00e9 D&#039;art at Home, vente de tableau Herm\u00e8s, foulard carr\u00e9 Herm\u00e8s encadr\u00e9","publisher":{"@id":"https:\/\/mon-carre-deco.com\/#organization"},"potentialAction":[{"@type":"SearchAction","target":{"@type":"EntryPoint","urlTemplate":"https:\/\/mon-carre-deco.com\/?s={search_term_string}"},"query-input":{"@type":"PropertyValueSpecification","valueRequired":true,"valueName":"search_term_string"}}],"inLanguage":"en-US"},{"@type":"Organization","@id":"https:\/\/mon-carre-deco.com\/#organization","name":"Mon Carr\u00e9 D\u00e9co","url":"https:\/\/mon-carre-deco.com\/","logo":{"@type":"ImageObject","inLanguage":"en-US","@id":"https:\/\/mon-carre-deco.com\/#\/schema\/logo\/image\/","url":"https:\/\/mon-carre-deco.com\/wp-content\/uploads\/2021\/04\/cropped-Logo-mon-carre-deco-2.png","contentUrl":"https:\/\/mon-carre-deco.com\/wp-content\/uploads\/2021\/04\/cropped-Logo-mon-carre-deco-2.png","width":1043,"height":1043,"caption":"Mon Carr\u00e9 D\u00e9co"},"image":{"@id":"https:\/\/mon-carre-deco.com\/#\/schema\/logo\/image\/"}}]}},"_links":{"self":[{"href":"https:\/\/mon-carre-deco.com\/en\/wp-json\/wp\/v2\/pages\/1597","targetHints":{"allow":["GET"]}}],"collection":[{"href":"https:\/\/mon-carre-deco.com\/en\/wp-json\/wp\/v2\/pages"}],"about":[{"href":"https:\/\/mon-carre-deco.com\/en\/wp-json\/wp\/v2\/types\/page"}],"author":[{"embeddable":true,"href":"https:\/\/mon-carre-deco.com\/en\/wp-json\/wp\/v2\/users\/2"}],"replies":[{"embeddable":true,"href":"https:\/\/mon-carre-deco.com\/en\/wp-json\/wp\/v2\/comments?post=1597"}],"version-history":[{"count":50,"href":"https:\/\/mon-carre-deco.com\/en\/wp-json\/wp\/v2\/pages\/1597\/revisions"}],"predecessor-version":[{"id":2561,"href":"https:\/\/mon-carre-deco.com\/en\/wp-json\/wp\/v2\/pages\/1597\/revisions\/2561"}],"wp:attachment":[{"href":"https:\/\/mon-carre-deco.com\/en\/wp-json\/wp\/v2\/media?parent=1597"}],"curies":[{"name":"wp","href":"https:\/\/api.w.org\/{rel}","templated":true}]}}