{"id":1634,"date":"2021-05-10T15:16:03","date_gmt":"2021-05-10T13:16:03","guid":{"rendered":"https:\/\/mon-carre-deco.com\/?page_id=1634"},"modified":"2021-12-23T00:02:03","modified_gmt":"2021-12-22T23:02:03","slug":"nos-services","status":"publish","type":"page","link":"https:\/\/mon-carre-deco.com\/en\/nos-services\/","title":{"rendered":"Nos services"},"content":{"rendered":"<div data-elementor-type=\"wp-page\" data-elementor-id=\"1634\" class=\"elementor elementor-1634\">\n\t\t\t\t\t\t<section class=\"elementor-section elementor-top-section elementor-element elementor-element-39864b5 elementor-section-boxed elementor-section-height-default elementor-section-height-default\" data-id=\"39864b5\" data-element_type=\"section\">\n\t\t\t\t\t\t<div class=\"elementor-container elementor-column-gap-default\">\n\t\t\t\t\t<div class=\"elementor-column elementor-col-100 elementor-top-column elementor-element elementor-element-2cb00d9b\" data-id=\"2cb00d9b\" data-element_type=\"column\">\n\t\t\t<div class=\"elementor-widget-wrap elementor-element-populated\">\n\t\t\t\t\t\t<div class=\"elementor-element elementor-element-7863094d elementor-widget elementor-widget-text-editor\" data-id=\"7863094d\" data-element_type=\"widget\" data-widget_type=\"text-editor.default\">\n\t\t\t\t<div class=\"elementor-widget-container\">\n\t\t\t\t\t\t\t\t\t\n<p>Vous n&rsquo;avez pas trouv\u00e9 le mod\u00e8le de Tableau coup de c\u0153ur dans notre galerie, mais aimeriez bien avoir le Tableau qui vous ressemble, nous pouvons le r\u00e9aliser pour vous, ensemble.<\/p>\n\n<h3 class=\"has-text-align-center wp-block-heading\">SERVICES PROPOS\u00c9S<\/h3>\n\n<p>\u00a0<\/p>\n\n<p class=\"has-text-align-center\">NOUS PRENONS EN CHARGE TOUTES VOS DEMANDES AFIN QUE VOUS SOYEZ ASSUR\u00c9S QUE VOTRE TABLEAU MON CARR\u00c9 D\u00c9CO<strong>\u00ae<\/strong> SOIT R\u00c9ALIS\u00c9 SELON VOS SOUHAITS<\/p>\n\n<p>\u00a0<\/p>\n\n<div class=\"wp-block-image\">\n<figure class=\"aligncenter size-large is-resized\"><img decoding=\"async\" class=\"wp-image-1672\" src=\"https:\/\/mon-carre-deco.com\/wp-content\/uploads\/2021\/05\/Tableau-baroque-1.jpg\" alt=\"\" width=\"173\" height=\"178\" srcset=\"https:\/\/mon-carre-deco.com\/wp-content\/uploads\/2021\/05\/Tableau-baroque-1.jpg 404w, https:\/\/mon-carre-deco.com\/wp-content\/uploads\/2021\/05\/Tableau-baroque-1-291x300.jpg 291w\" sizes=\"(max-width: 173px) 100vw, 173px\" \/><\/figure>\n<\/div>\n\n<p>\u00a0<\/p>\n\n<h3 class=\"wp-block-heading\">Comment s&rsquo;y prend-on\u00a0?<\/h3>\n\n<p>Tout d&rsquo;abord, une phase d&rsquo;\u00e9change et d&rsquo;\u00e9coute, pour apprendre \u00e0 vous conna\u00eetre ainsi que vos attentes. La d\u00e9coration d&rsquo;int\u00e9rieur c&rsquo;est un univers propre \u00e0 chacun, \u00e0 son image, le reflet d&rsquo;une personnalit\u00e9.<\/p>\n\n<h3 class=\"wp-block-heading\">Puis viendront les questions plus pr\u00e9cises\u00a0:<\/h3>\n\n<h4 class=\"wp-block-heading\"><strong>Faut-il vous rechercher un carr\u00e9\u00a0?<\/strong><\/h4>\n\n<p>Ou <strong>poss\u00e9dez-vous un carr\u00e9* que vous aimeriez voir en tableau\u00a0?<\/strong> Quel est son \u00e9tat\u00a0? Faut-il le nettoyer\u00a0?<\/p>\n\n<p>Peut-\u00eatre avez-vous vu dans notre galerie un mod\u00e8le qui vous conviendrait, mais que vous souhaiteriez dans<strong> un autre coloris<\/strong> ou encore avec <strong>une autre moulure.<\/strong> Vous \u00eates ind\u00e9cis(e) sur le mod\u00e8le. <a href=\"https:\/\/mon-carre-deco.com\/index.php\/contact\/\" target=\"_blank\" rel=\"noreferrer noopener\">Prenez contact<\/a> je suis \u00e0 votre \u00e9coute, nous en parlerons ensemble.<\/p>\n\n<p>Cela repr\u00e9sente un achat cons\u00e9quent. La d\u00e9coration d\u2019int\u00e9rieur vous adorez, mais vous pensez que ce n&rsquo;est pas raisonnable\u00a0:<\/p>\n\n<p>La formule location pour une dur\u00e9e ind\u00e9termin\u00e9e, p\u00e9renne est faite pour vous. Dans cette formule un tableau Mon Carr\u00e9 D\u00e9co<strong>\u00ae<\/strong> peut \u00eatre en location avec option d\u2019achat (LOA), location avec promesse de vente ou d&rsquo;\u00e9change pour valeur identique contre un autre tableau Mon Carr\u00e9 D\u00e9co<strong>\u00ae<\/strong> . Ce qui vous permet d&rsquo;avoir la jouissance d&rsquo;un tableau Mon Carr\u00e9 d\u00e9co<strong>\u00ae<\/strong> et de d\u00e9cider, \u00e0 la fin du contrat, d&rsquo;acheter ou non ce tableau-cadre. Ce service de location vous permet de <strong>renouveler votre d\u00e9coration int\u00e9rieure de cadre Mon Carr\u00e9 D\u00e9co\u00ae en continu<\/strong>, selon vos envies.<\/p>\n\n<h4 class=\"wp-block-heading\"><strong>Pour quand vous faut-il le tableau\u00a0?<\/strong><\/h4>\n\n<p>Si vous \u00eates tr\u00e8s press\u00e9(e), la solution la plus rapide reste celle de choisir parmi les tableaux disponibles de <a href=\"https:\/\/mon-carre-deco.com\/index.php\/boutique-tableau-hermes\/\" target=\"_blank\" rel=\"noreferrer noopener\">notre galerie<\/a>. Sinon nous ferons notre possible, mais sachez que nos tableaux sont r\u00e9alis\u00e9s \u00e0 partir d&rsquo;authentiques carr\u00e9s Herm\u00e8s, vintages, pour certains rares, en \u00e9dition limit\u00e9e, et que la recherche peut prendre du temps. C&rsquo;est justement pour \u00e7a que nous nous en chargeons, afin que vous ne changiez rien \u00e0 votre emploi du temps et \u00e0 vos occupations. Nous le recherchons pour vous.<\/p>\n\n<h4 class=\"wp-block-heading\"><strong>Pour qui est le tableau\u00a0? Pour vous ou pour offrir\u00a0?<\/strong><\/h4>\n\n<p><strong>Pour vous<\/strong>, vous en r\u00eavez\u00a0! Vous avez bien raison. Nos carr\u00e9s de soie en tableau c\u2019est avant tout pour en profiter autrement qu\u2019autour du cou. Les caresser du regard c\u2019est aussi une fa\u00e7on intime de les vivre au quotidien.<\/p>\n\n<p><strong>Pour offrir<\/strong>, mais vous ne savez pas lequel choisir. Nous vous accompagnons dans votre choix. <a href=\"https:\/\/mon-carre-deco.com\/index.php\/contact\/\" target=\"_blank\" rel=\"noreferrer noopener\">Prenez contact.<\/a><\/p>\n\n<p>Peut-\u00eatre pr\u00e9f\u00e9rez-vous que la personne choisisse elle-m\u00eame. Offrez alors une <strong>CARTE CADEAU<\/strong>. Nous pouvons la r\u00e9aliser et la personnaliser d&rsquo;une aquarelle et d&rsquo;un petit texte si vous \u00eates en manque d&rsquo;inspiration\u00a0!<\/p>\n\n<h4 class=\"wp-block-heading\"><strong>Souhaitez-vous un carr\u00e9 en particulier ou une th\u00e9matique ? Avez-vous une pr\u00e9f\u00e9rence pour un artiste\u00a0?<\/strong><\/h4>\n\n<p>R\u00e9alis\u00e9s dans les ateliers de la r\u00e9gion lyonnaise de la marque, les dessins sont tr\u00e8s vari\u00e9s, du plus classique au plus contemporain. Tous r\u00e9alis\u00e9s et sign\u00e9s \u00ab\u00a0Herm\u00e8s Paris\u00a0\u00bb, les carr\u00e9s peuvent \u00eatre sur des th\u00e8mes classiques, exotiques ou d&rsquo;inspiration asiatique.<\/p>\n\n<h4 class=\"wp-block-heading\"><strong>Quels sont vos coloris favoris\u00a0?<\/strong><\/h4>\n\n<p>Depuis 1937, plus de 2\u00a0000\u00a0motifs s\u00e9rigraphi\u00e9s diff\u00e9rents ont \u00e9t\u00e9 \u00e9dit\u00e9s, compos\u00e9s en moyenne d&rsquo;une cinquantaine de couleurs parmi un nuancier de 75\u00a0000\u00a0couleurs de base. Vous trouverez forc\u00e9ment votre nuance favorite !<\/p>\n\n<h4 class=\"wp-block-heading\"><strong>Quel format\u00a0?<\/strong><\/h4>\n\n<p>Traditionnellement les carr\u00e9s font 90X90 cm. Mais une collection destin\u00e9e \u00e9galement aux hommes, intitul\u00e9e <em>Carr\u00e9 70<\/em> de 70\u00a0cm, a \u00e9t\u00e9 \u00e9dit\u00e9e pour les 70 ans du carr\u00e9 en 2007. Il existe aussi les Gavroches en 45X45 cm. Id\u00e9als pour une <strong>d\u00e9coration de murs en duo ou triptyque<\/strong>. Enfin, mais moins courants, les carr\u00e9s g\u00e9ants, ch\u00e2les 140&#215;140, pour un mur ou un emplacement que l\u2019on souhaite mettre en valeur.<\/p>\n\n<h4 class=\"wp-block-heading\"><strong>S&rsquo;agit-il d&rsquo;une acquisition pour une habitation, un espace de travail, un commerce, un h\u00f4tel, une chambre d&rsquo;h\u00f4te\u2026 ?<\/strong><\/h4>\n\n<p>\u00ab\u00a0<strong>Pour mon espace de vie<\/strong>, mon plaisir personnel \u00e0 partager avec mes proches et mes amis\u00a0\u00bb. La <strong>formule achat imm\u00e9diat<\/strong> est faite pour vous.<\/p>\n\n<p>Mais si vous aimez changer de d\u00e9coration souvent, alors vous allez adorer la <strong><a href=\"https:\/\/mon-carre-deco.com\/index.php\/location-tableau-hermes\/\" target=\"_blank\" rel=\"noreferrer noopener\">formule location pour une dur\u00e9e ind\u00e9termin\u00e9e<\/a>,<\/strong> p\u00e9renne\u00a0: dans cette formule de location un tableau Mon Carr\u00e9 D\u00e9co<strong>\u00ae<\/strong> peut \u00eatre en<strong><a href=\"https:\/\/mon-carre-deco.com\/en\/entreprise-leasing-tableau-hermes\/\"> location avec option d&rsquo;achat (LOA<\/a><\/strong>), location avec promesse de vente ou d&rsquo;\u00e9change pour valeur identique contre un autre tableau Mon Carr\u00e9 D\u00e9co<strong>\u00ae<\/strong> . Cela vous permet d&rsquo;avoir la jouissance d&rsquo;un tableau Mon Carr\u00e9 d\u00e9co et de d\u00e9cider, \u00e0 la fin du contrat, d&rsquo;acheter ou non ce tableau-cadre. Ce service de location permet de <strong>renouveler sa d\u00e9coration int\u00e9rieure de cadre Mon Carr\u00e9 D\u00e9co\u00ae en continu<\/strong> selon vos envies !<\/p>\n\n<p>Pour <strong>vos espaces de travail<\/strong>, professionnels. Vous \u00eates une entreprise ? La<strong> <a href=\"https:\/\/mon-carre-deco.com\/index.php\/entreprise-leasing-tableau-herme\" target=\"_blank\" rel=\"noreferrer noopener\">formule leasing d\u2019\u0153uvre d&rsquo;art<\/a> <\/strong>est une bonne solution.<\/p>\n\n<h4 class=\"wp-block-heading\"><strong>Pour quel style d&rsquo;int\u00e9rieur\u00a0? Pour le mur d&rsquo;un s\u00e9jour, d&rsquo;une chambre, d&rsquo;un bureau\u00a0?<\/strong><\/h4>\n\n<p>Si vous avez des photos \u00e0 me procurer de l&rsquo;environnement du mur sur lequel sera expos\u00e9 le tableau, cela me permettra de mieux vous conseiller.<\/p>\n\n<h3 class=\"wp-block-heading\">Une fois les r\u00e9ponses apport\u00e9es&#8230;<\/h3>\n\n<p>Je me mets en recherche et vous fais des propositions de carr\u00e9s d\u00e8s que j&rsquo;ai trouv\u00e9 ce qui vous correspond.<\/p>\n\n<p>Si vous validez le carr\u00e9, d\u00e8s que nous le r\u00e9ceptionnons, nous passons \u00e0 la phase de r\u00e9alisation en vous proposant une mise en situation des moulures et du passe-partout par envoi de photos par e-mail.<\/p>\n\n<p>Si vous m&rsquo;accordez votre confiance, je peux aussi choisir pour vous la moulure qui mette en valeur le carr\u00e9 en tenant compte de vos go\u00fbts et de vos consignes.<\/p>\n\n<h3 class=\"wp-block-heading\">Le tableau r\u00e9alis\u00e9, nous convenons de l&rsquo;exp\u00e9dition, et nous vous l&rsquo;exp\u00e9dions dans un emballage carton avec protection.<\/h3>\n\n<p>Un num\u00e9ro de suivi vous est transmis afin de suivre son acheminement.<\/p>\n\n<p>Une fois r\u00e9ceptionn\u00e9, prenez soin du d\u00e9ballage, nous ne serions pas tenus pour responsables si, avec un objet contondant, vous ab\u00eemiez la moulure ou le verre en voulant ouvrir le carton.<\/p>\n\n<p>\u00a0<\/p>\n\n<p>\u00a0<\/p>\n\n<p>* Mon Carr\u00e9 d\u00e9co<strong>\u00ae<\/strong> , ce ne sont que des r\u00e9alisations \u00e0 partir d&rsquo;authentiques Carr\u00e9s Herm\u00e8s.<\/p>\n\n<div class=\"wp-block-image\">\n<figure class=\"aligncenter size-large is-resized\"><img decoding=\"async\" class=\"wp-image-1543\" src=\"http:\/\/mon-carre-deco.com\/wp-content\/uploads\/2021\/04\/petites-etoiles.jpg\" alt=\"\" width=\"71\" height=\"89\" \/><\/figure>\n<\/div>\n\n<p>\u00a0<\/p>\n\t\t\t\t\t\t\t\t<\/div>\n\t\t\t\t<\/div>\n\t\t\t\t<div class=\"elementor-element elementor-element-c4c37ab elementor-widget elementor-widget-heading\" data-id=\"c4c37ab\" data-element_type=\"widget\" data-widget_type=\"heading.default\">\n\t\t\t\t<div class=\"elementor-widget-container\">\n\t\t\t\t\t<h2 class=\"elementor-heading-title elementor-size-default\">\"&nbsp;Mon Carr\u00e9 D\u00e9co ....<br>  <span><span> Mon Carr\u00e9 d'Art at Home \"<\/span><\/span><\/h2>\t\t\t\t<\/div>\n\t\t\t\t<\/div>\n\t\t\t\t\t<\/div>\n\t\t<\/div>\n\t\t\t\t\t<\/div>\n\t\t<\/section>\n\t\t\t\t<\/div>","protected":false},"excerpt":{"rendered":"<p>Vous n&rsquo;avez pas trouv\u00e9 le mod\u00e8le de Tableau coup de c\u0153ur dans notre galerie, mais aimeriez bien avoir le Tableau qui vous ressemble, nous pouvons le r\u00e9aliser pour vous, ensemble. SERVICES PROPOS\u00c9S \u00a0 NOUS PRENONS EN CHARGE TOUTES VOS DEMANDES AFIN QUE VOUS SOYEZ ASSUR\u00c9S QUE VOTRE TABLEAU MON CARR\u00c9 D\u00c9CO\u00ae SOIT R\u00c9ALIS\u00c9 SELON VOS &hellip;<\/p>\n<p class=\"read-more\"> <a class=\"\" href=\"https:\/\/mon-carre-deco.com\/en\/nos-services\/\"> <span class=\"screen-reader-text\">Nos services<\/span> Read More &raquo;<\/a><\/p>","protected":false},"author":2,"featured_media":0,"parent":0,"menu_order":0,"comment_status":"closed","ping_status":"closed","template":"","meta":{"site-sidebar-layout":"default","site-content-layout":"default","ast-site-content-layout":"","site-content-style":"default","site-sidebar-style":"default","ast-global-header-display":"","ast-banner-title-visibility":"","ast-main-header-display":"","ast-hfb-above-header-display":"","ast-hfb-below-header-display":"","ast-hfb-mobile-header-display":"","site-post-title":"","ast-breadcrumbs-content":"","ast-featured-img":"","footer-sml-layout":"","theme-transparent-header-meta":"default","adv-header-id-meta":"","stick-header-meta":"","header-above-stick-meta":"","header-main-stick-meta":"","header-below-stick-meta":"","astra-migrate-meta-layouts":"","footnotes":""},"class_list":["post-1634","page","type-page","status-publish","hentry"],"yoast_head":"<!-- This site is optimized with the Yoast SEO plugin v25.4 - https:\/\/yoast.com\/wordpress\/plugins\/seo\/ -->\n<title>Nos services - Mon Carr\u00e9 D\u00e9co<\/title>\n<meta name=\"description\" content=\"R\u00e9alisation de tableaux \u00e0 partir d&#039;authentiques foulards de soie Herm\u00e8s. Recherche de carr\u00e9 vintage Herm\u00e8s pour offrir un tableau sp\u00e9cial, unique, selon vos souhaits\" \/>\n<meta name=\"robots\" content=\"index, follow, max-snippet:-1, max-image-preview:large, max-video-preview:-1\" \/>\n<link rel=\"canonical\" href=\"https:\/\/mon-carre-deco.com\/en\/nos-services\/\" \/>\n<meta property=\"og:locale\" content=\"en_US\" \/>\n<meta property=\"og:type\" content=\"article\" \/>\n<meta property=\"og:title\" content=\"Nos services - Mon Carr\u00e9 D\u00e9co\" \/>\n<meta property=\"og:description\" content=\"R\u00e9alisation de tableaux \u00e0 partir d&#039;authentiques foulards de soie Herm\u00e8s. Recherche de carr\u00e9 vintage Herm\u00e8s pour offrir un tableau sp\u00e9cial, unique, selon vos souhaits\" \/>\n<meta property=\"og:url\" content=\"https:\/\/mon-carre-deco.com\/en\/nos-services\/\" \/>\n<meta property=\"og:site_name\" content=\"Mon Carr\u00e9 D\u00e9co\" \/>\n<meta property=\"article:modified_time\" content=\"2021-12-22T23:02:03+00:00\" \/>\n<meta property=\"og:image\" content=\"https:\/\/mon-carre-deco.com\/wp-content\/uploads\/2021\/05\/Tableau-baroque-1.jpg\" \/>\n<meta name=\"twitter:card\" content=\"summary_large_image\" \/>\n<meta name=\"twitter:label1\" content=\"Est. reading time\" \/>\n\t<meta name=\"twitter:data1\" content=\"6 minutes\" \/>\n<script type=\"application\/ld+json\" class=\"yoast-schema-graph\">{\"@context\":\"https:\/\/schema.org\",\"@graph\":[{\"@type\":\"WebPage\",\"@id\":\"https:\/\/mon-carre-deco.com\/nos-services\/\",\"url\":\"https:\/\/mon-carre-deco.com\/nos-services\/\",\"name\":\"Nos services - Mon Carr\u00e9 D\u00e9co\",\"isPartOf\":{\"@id\":\"https:\/\/mon-carre-deco.com\/#website\"},\"primaryImageOfPage\":{\"@id\":\"https:\/\/mon-carre-deco.com\/nos-services\/#primaryimage\"},\"image\":{\"@id\":\"https:\/\/mon-carre-deco.com\/nos-services\/#primaryimage\"},\"thumbnailUrl\":\"https:\/\/mon-carre-deco.com\/wp-content\/uploads\/2021\/05\/Tableau-baroque-1.jpg\",\"datePublished\":\"2021-05-10T13:16:03+00:00\",\"dateModified\":\"2021-12-22T23:02:03+00:00\",\"description\":\"R\u00e9alisation de tableaux \u00e0 partir d'authentiques foulards de soie Herm\u00e8s. Recherche de carr\u00e9 vintage Herm\u00e8s pour offrir un tableau sp\u00e9cial, unique, selon vos souhaits\",\"breadcrumb\":{\"@id\":\"https:\/\/mon-carre-deco.com\/nos-services\/#breadcrumb\"},\"inLanguage\":\"en-US\",\"potentialAction\":[{\"@type\":\"ReadAction\",\"target\":[\"https:\/\/mon-carre-deco.com\/nos-services\/\"]}]},{\"@type\":\"ImageObject\",\"inLanguage\":\"en-US\",\"@id\":\"https:\/\/mon-carre-deco.com\/nos-services\/#primaryimage\",\"url\":\"https:\/\/mon-carre-deco.com\/wp-content\/uploads\/2021\/05\/Tableau-baroque-1.jpg\",\"contentUrl\":\"https:\/\/mon-carre-deco.com\/wp-content\/uploads\/2021\/05\/Tableau-baroque-1.jpg\"},{\"@type\":\"BreadcrumbList\",\"@id\":\"https:\/\/mon-carre-deco.com\/nos-services\/#breadcrumb\",\"itemListElement\":[{\"@type\":\"ListItem\",\"position\":1,\"name\":\"Accueil\",\"item\":\"https:\/\/mon-carre-deco.com\/\"},{\"@type\":\"ListItem\",\"position\":2,\"name\":\"Nos services\"}]},{\"@type\":\"WebSite\",\"@id\":\"https:\/\/mon-carre-deco.com\/#website\",\"url\":\"https:\/\/mon-carre-deco.com\/\",\"name\":\"Mon Carr\u00e9 D\u00e9co\",\"description\":\"Mon Carr\u00e9 D&#039;art at Home, vente de tableau Herm\u00e8s, foulard carr\u00e9 Herm\u00e8s encadr\u00e9\",\"publisher\":{\"@id\":\"https:\/\/mon-carre-deco.com\/#organization\"},\"potentialAction\":[{\"@type\":\"SearchAction\",\"target\":{\"@type\":\"EntryPoint\",\"urlTemplate\":\"https:\/\/mon-carre-deco.com\/?s={search_term_string}\"},\"query-input\":{\"@type\":\"PropertyValueSpecification\",\"valueRequired\":true,\"valueName\":\"search_term_string\"}}],\"inLanguage\":\"en-US\"},{\"@type\":\"Organization\",\"@id\":\"https:\/\/mon-carre-deco.com\/#organization\",\"name\":\"Mon Carr\u00e9 D\u00e9co\",\"url\":\"https:\/\/mon-carre-deco.com\/\",\"logo\":{\"@type\":\"ImageObject\",\"inLanguage\":\"en-US\",\"@id\":\"https:\/\/mon-carre-deco.com\/#\/schema\/logo\/image\/\",\"url\":\"https:\/\/mon-carre-deco.com\/wp-content\/uploads\/2021\/04\/cropped-Logo-mon-carre-deco-2.png\",\"contentUrl\":\"https:\/\/mon-carre-deco.com\/wp-content\/uploads\/2021\/04\/cropped-Logo-mon-carre-deco-2.png\",\"width\":1043,\"height\":1043,\"caption\":\"Mon Carr\u00e9 D\u00e9co\"},\"image\":{\"@id\":\"https:\/\/mon-carre-deco.com\/#\/schema\/logo\/image\/\"}}]}<\/script>\n<!-- \/ Yoast SEO plugin. -->","yoast_head_json":{"title":"Nos services - Mon Carr\u00e9 D\u00e9co","description":"R\u00e9alisation de tableaux \u00e0 partir d'authentiques foulards de soie Herm\u00e8s. Recherche de carr\u00e9 vintage Herm\u00e8s pour offrir un tableau sp\u00e9cial, unique, selon vos souhaits","robots":{"index":"index","follow":"follow","max-snippet":"max-snippet:-1","max-image-preview":"max-image-preview:large","max-video-preview":"max-video-preview:-1"},"canonical":"https:\/\/mon-carre-deco.com\/en\/nos-services\/","og_locale":"en_US","og_type":"article","og_title":"Nos services - Mon Carr\u00e9 D\u00e9co","og_description":"R\u00e9alisation de tableaux \u00e0 partir d'authentiques foulards de soie Herm\u00e8s. Recherche de carr\u00e9 vintage Herm\u00e8s pour offrir un tableau sp\u00e9cial, unique, selon vos souhaits","og_url":"https:\/\/mon-carre-deco.com\/en\/nos-services\/","og_site_name":"Mon Carr\u00e9 D\u00e9co","article_modified_time":"2021-12-22T23:02:03+00:00","og_image":[{"url":"https:\/\/mon-carre-deco.com\/wp-content\/uploads\/2021\/05\/Tableau-baroque-1.jpg","type":"","width":"","height":""}],"twitter_card":"summary_large_image","twitter_misc":{"Est. reading time":"6 minutes"},"schema":{"@context":"https:\/\/schema.org","@graph":[{"@type":"WebPage","@id":"https:\/\/mon-carre-deco.com\/nos-services\/","url":"https:\/\/mon-carre-deco.com\/nos-services\/","name":"Nos services - Mon Carr\u00e9 D\u00e9co","isPartOf":{"@id":"https:\/\/mon-carre-deco.com\/#website"},"primaryImageOfPage":{"@id":"https:\/\/mon-carre-deco.com\/nos-services\/#primaryimage"},"image":{"@id":"https:\/\/mon-carre-deco.com\/nos-services\/#primaryimage"},"thumbnailUrl":"https:\/\/mon-carre-deco.com\/wp-content\/uploads\/2021\/05\/Tableau-baroque-1.jpg","datePublished":"2021-05-10T13:16:03+00:00","dateModified":"2021-12-22T23:02:03+00:00","description":"R\u00e9alisation de tableaux \u00e0 partir d'authentiques foulards de soie Herm\u00e8s. Recherche de carr\u00e9 vintage Herm\u00e8s pour offrir un tableau sp\u00e9cial, unique, selon vos souhaits","breadcrumb":{"@id":"https:\/\/mon-carre-deco.com\/nos-services\/#breadcrumb"},"inLanguage":"en-US","potentialAction":[{"@type":"ReadAction","target":["https:\/\/mon-carre-deco.com\/nos-services\/"]}]},{"@type":"ImageObject","inLanguage":"en-US","@id":"https:\/\/mon-carre-deco.com\/nos-services\/#primaryimage","url":"https:\/\/mon-carre-deco.com\/wp-content\/uploads\/2021\/05\/Tableau-baroque-1.jpg","contentUrl":"https:\/\/mon-carre-deco.com\/wp-content\/uploads\/2021\/05\/Tableau-baroque-1.jpg"},{"@type":"BreadcrumbList","@id":"https:\/\/mon-carre-deco.com\/nos-services\/#breadcrumb","itemListElement":[{"@type":"ListItem","position":1,"name":"Accueil","item":"https:\/\/mon-carre-deco.com\/"},{"@type":"ListItem","position":2,"name":"Nos services"}]},{"@type":"WebSite","@id":"https:\/\/mon-carre-deco.com\/#website","url":"https:\/\/mon-carre-deco.com\/","name":"Mon Carr\u00e9 D\u00e9co","description":"Mon Carr\u00e9 D&#039;art at Home, vente de tableau Herm\u00e8s, foulard carr\u00e9 Herm\u00e8s encadr\u00e9","publisher":{"@id":"https:\/\/mon-carre-deco.com\/#organization"},"potentialAction":[{"@type":"SearchAction","target":{"@type":"EntryPoint","urlTemplate":"https:\/\/mon-carre-deco.com\/?s={search_term_string}"},"query-input":{"@type":"PropertyValueSpecification","valueRequired":true,"valueName":"search_term_string"}}],"inLanguage":"en-US"},{"@type":"Organization","@id":"https:\/\/mon-carre-deco.com\/#organization","name":"Mon Carr\u00e9 D\u00e9co","url":"https:\/\/mon-carre-deco.com\/","logo":{"@type":"ImageObject","inLanguage":"en-US","@id":"https:\/\/mon-carre-deco.com\/#\/schema\/logo\/image\/","url":"https:\/\/mon-carre-deco.com\/wp-content\/uploads\/2021\/04\/cropped-Logo-mon-carre-deco-2.png","contentUrl":"https:\/\/mon-carre-deco.com\/wp-content\/uploads\/2021\/04\/cropped-Logo-mon-carre-deco-2.png","width":1043,"height":1043,"caption":"Mon Carr\u00e9 D\u00e9co"},"image":{"@id":"https:\/\/mon-carre-deco.com\/#\/schema\/logo\/image\/"}}]}},"_links":{"self":[{"href":"https:\/\/mon-carre-deco.com\/en\/wp-json\/wp\/v2\/pages\/1634","targetHints":{"allow":["GET"]}}],"collection":[{"href":"https:\/\/mon-carre-deco.com\/en\/wp-json\/wp\/v2\/pages"}],"about":[{"href":"https:\/\/mon-carre-deco.com\/en\/wp-json\/wp\/v2\/types\/page"}],"author":[{"embeddable":true,"href":"https:\/\/mon-carre-deco.com\/en\/wp-json\/wp\/v2\/users\/2"}],"replies":[{"embeddable":true,"href":"https:\/\/mon-carre-deco.com\/en\/wp-json\/wp\/v2\/comments?post=1634"}],"version-history":[{"count":30,"href":"https:\/\/mon-carre-deco.com\/en\/wp-json\/wp\/v2\/pages\/1634\/revisions"}],"predecessor-version":[{"id":2763,"href":"https:\/\/mon-carre-deco.com\/en\/wp-json\/wp\/v2\/pages\/1634\/revisions\/2763"}],"wp:attachment":[{"href":"https:\/\/mon-carre-deco.com\/en\/wp-json\/wp\/v2\/media?parent=1634"}],"curies":[{"name":"wp","href":"https:\/\/api.w.org\/{rel}","templated":true}]}}