{"id":1713,"date":"2021-05-20T03:08:55","date_gmt":"2021-05-20T01:08:55","guid":{"rendered":"https:\/\/mon-carre-deco.com\/?page_id=1713"},"modified":"2023-02-21T14:14:54","modified_gmt":"2023-02-21T13:14:54","slug":"carte-cadeau-anniversaire-mariage-saint-valentin","status":"publish","type":"page","link":"https:\/\/mon-carre-deco.com\/en\/carte-cadeau-anniversaire-mariage-saint-valentin\/","title":{"rendered":"Carte Cadeau"},"content":{"rendered":"<div data-elementor-type=\"wp-page\" data-elementor-id=\"1713\" class=\"elementor elementor-1713\">\n\t\t\t\t\t\t<section class=\"elementor-section elementor-top-section elementor-element elementor-element-5a233196 elementor-section-boxed elementor-section-height-default elementor-section-height-default\" data-id=\"5a233196\" data-element_type=\"section\">\n\t\t\t\t\t\t<div class=\"elementor-container elementor-column-gap-default\">\n\t\t\t\t\t<div class=\"elementor-column elementor-col-100 elementor-top-column elementor-element elementor-element-6d16a993\" data-id=\"6d16a993\" data-element_type=\"column\">\n\t\t\t<div class=\"elementor-widget-wrap elementor-element-populated\">\n\t\t\t\t\t\t<div class=\"elementor-element elementor-element-2e25404c elementor-widget elementor-widget-text-editor\" data-id=\"2e25404c\" data-element_type=\"widget\" data-widget_type=\"text-editor.default\">\n\t\t\t\t<div class=\"elementor-widget-container\">\n\t\t\t\t\t\t\t\t\t<p><\/p>\n<h4 class=\"wp-block-heading\">Cadeau de mariage, cadeau d&rsquo;anniversaire, occasion sp\u00e9ciale &#8230; soyez original !<\/h4>\n<h4><\/h4>\n<h4 class=\"has-text-align-center wp-block-heading\">OFFREZ UN CARR\u00c9 D&rsquo;ART EN TABLEAU<\/h4>\n<p><\/p>\n<div class=\"wp-block-image\">\n<figure class=\"alignright size-large is-resized\"><img fetchpriority=\"high\" decoding=\"async\" class=\"wp-image-1210\" src=\"http:\/\/mon-carre-deco.com\/wp-content\/uploads\/2021\/04\/aquarelle-bienvenue-mon-carre-deco-tableau-hermes.png\" alt=\"Offrez un Carr\u00e9 Herm\u00e8s en Tableau\" width=\"371\" height=\"359\" srcset=\"https:\/\/mon-carre-deco.com\/wp-content\/uploads\/2021\/04\/aquarelle-bienvenue-mon-carre-deco-tableau-hermes.png 918w, https:\/\/mon-carre-deco.com\/wp-content\/uploads\/2021\/04\/aquarelle-bienvenue-mon-carre-deco-tableau-hermes-300x290.png 300w, https:\/\/mon-carre-deco.com\/wp-content\/uploads\/2021\/04\/aquarelle-bienvenue-mon-carre-deco-tableau-hermes-768x743.png 768w, https:\/\/mon-carre-deco.com\/wp-content\/uploads\/2021\/04\/aquarelle-bienvenue-mon-carre-deco-tableau-hermes-600x580.png 600w\" sizes=\"(max-width: 371px) 100vw, 371px\" \/><\/figure>\n<\/div>\n<p><\/p>\n<p><\/p>\n<p>Avec <strong>Mon Carr\u00e9 d\u00e9co<\/strong> offrez bien plus qu\u2019un <strong>tableau<\/strong>. Offrez un <strong>Carr\u00e9 iconique de la maison Herm\u00e8s<\/strong> <strong>encadr\u00e9<\/strong>, parmi le choix de tous ceux pr\u00e9sents dans notre <a href=\"https:\/\/mon-carre-deco.com\/index.php\/boutique-tableau-hermes\/\">galerie<\/a>.<\/p>\n<p><\/p>\n<p>Vous voulez \u00eatre s\u00fbr(e) que le <strong>tableau<\/strong> qu&rsquo;elle (ou qu&rsquo;il) recevra, soit celui qui lui fasse le plus plaisir, offrez une <strong>CARTE CADEAU<\/strong> du montant que vous d\u00e9sirez, valable sur l&rsquo;achat d&rsquo;un <strong>Tableau Herm\u00e8s<\/strong>. Valable un an.<\/p>\n<p><\/p>\n<p>La (le) destinataire ne sait pas quel <strong>Tableau<\/strong> choisir ? Nous l&rsquo;accompagnons dans son choix et, au besoin, nous r\u00e9alisons une recherche du <strong>carr\u00e9 de soie<\/strong> <strong>Herm\u00e8s<\/strong> qui lui plaise pour faire r\u00e9aliser <strong>SON TABLEAU DE R\u00caVE<\/strong> !<br \/><a href=\"https:\/\/mon-carre-deco.com\/index.php\/contact\/\" target=\"_blank\" rel=\"noreferrer noopener\">Prenez contact.<\/a><\/p>\n<p><\/p>\n<p>La<strong> CARTE CADEAU<\/strong>, c&rsquo;est aussi l&rsquo;occasion d&rsquo;offrir un <strong>Tableau en formule <a href=\"https:\/\/mon-carre-deco.com\/index.php\/location-tableau-hermes\/\">Location-\u00e9change<\/a><\/strong>, une <strong>id\u00e9e originale<\/strong> pour offrir le plaisir de pouvoir <strong>moduler sa d\u00e9coration int\u00e9rieure<\/strong> au gr\u00e9 de ses envies.<\/p>\n<p><\/p>\n<figure class=\"wp-block-image size-large is-resized\"><img decoding=\"async\" class=\"wp-image-1715\" src=\"https:\/\/mon-carre-deco.com\/wp-content\/uploads\/2021\/05\/carte-cadeau.1-1.jpg\" alt=\"\" width=\"452\" height=\"375\" srcset=\"https:\/\/mon-carre-deco.com\/wp-content\/uploads\/2021\/05\/carte-cadeau.1-1.jpg 694w, https:\/\/mon-carre-deco.com\/wp-content\/uploads\/2021\/05\/carte-cadeau.1-1-300x249.jpg 300w, https:\/\/mon-carre-deco.com\/wp-content\/uploads\/2021\/05\/carte-cadeau.1-1-600x498.jpg 600w\" sizes=\"(max-width: 452px) 100vw, 452px\" \/><\/figure>\n<p><\/p>\n<p><strong>Les tableaux Mon Carr\u00e9 D\u00e9co<\/strong>, authentiques <strong>Carr\u00e9s Herm\u00e8s encadr\u00e9s<\/strong> selon le savoir-faire de ma\u00eetres artisans de l&rsquo;encadrement, r\u00e9alis\u00e9s dans un atelier en France, sont une <strong>id\u00e9e cadeau<\/strong> qui s\u00e9duira les amateurs de <strong>Carr\u00e9s Herm\u00e8s<\/strong> <strong>Vintages<\/strong> et de <strong>d\u00e9coration d&rsquo;int\u00e9rieur<\/strong>.\u00a0 Ces tableaux ont et gardent de la valeur, comme leur Carr\u00e9. Ils sont rares pour certains, en \u00e9dition limit\u00e9, tr\u00e8s recherch\u00e9s.<\/p>\n<p>Un<strong> cadeau de mariage<\/strong> est un <strong>cadeau<\/strong> tout particulier pour <strong>les mari\u00e9s<\/strong>. Avec un <strong>tableau d&rsquo;un carr\u00e9 Herm\u00e8s<\/strong> vous contribuez au ph\u00e9nom\u00e8ne de transmission \u00e0 travers les g\u00e9n\u00e9rations des <strong>carr\u00e9s Herm\u00e8s<\/strong>, v\u00e9ritables Ic\u00f4nes. Une temporalit\u00e9 lente pour une signature d\u2019excellence et une patte unique, entre tradition et innovation. Ces Tableaux seront un <strong>cadeau d\u2019exception<\/strong>, un cadeau inoubliable <strong>pour les mari\u00e9s<\/strong>. Un <strong>cadeau \u00e9l\u00e9gant<\/strong> et <strong>raffin\u00e9<\/strong> pour la <strong>d\u00e9coration de leur maison<\/strong>.<\/p>\n<p><strong>La mari\u00e9e<\/strong> et<strong> le mari\u00e9<\/strong> pourront changer leur <strong>d\u00e9coration int\u00e9rieure<\/strong> au gr\u00e9 des saisons, au rythme de leur amour grandissant.<\/p>\n<p><strong>Les Tableaux de foulard de soie Herm\u00e8s<\/strong> vous accompagnent dans chaque moment important de votre vie. Tableau t\u00e9moin de votre premier emm\u00e9nagement ensemble. Ils s&rsquo;int\u00e9greront aux <strong>murs de votre premier petit nid<\/strong>. Dans un <strong>studio<\/strong> partag\u00e9 sous les toits de Paris, un tableau mon-carre-deco apportera de la personnalit\u00e9 \u00e0 votre <strong>logement<\/strong> et le rendra unique. Vous d\u00e9m\u00e9nagez pour un <strong>appartement <\/strong>plus grand. Il vous suit&#8230; Mais un nouvel appartement, c&rsquo;est aussi l&rsquo;occasion de renouveler sa d\u00e9coration int\u00e9rieure. Voil\u00e0 pourquoi mon-carre-deco a pens\u00e9 \u00e0 vous avec <a href=\"https:\/\/mon-carre-deco.com\/index.php\/location-tableau-hermes\/\">son service d&rsquo;\u00e9change<\/a>, pour une d\u00e9coration modulable dans le temps. Le <strong>tableau Mon Carr\u00e9 D\u00e9co<\/strong> saura toujours habiller votre nouvel espace de vie&#8230; La famille s&rsquo;agrandit, votre<strong> Carr\u00e9 d&rsquo;art en tableau<\/strong> vous suit dans votre <strong>nouvelle maison <\/strong>et avec <a href=\"https:\/\/mon-carre-deco.com\/index.php\/location-tableau-hermes\/\">la formule \u00e9change<\/a>, votre <strong>tableau reste un investissement<\/strong> <strong>d\u00e9coration<\/strong> <strong>dans la dur\u00e9e<\/strong>.<\/p>\n<p>Vous y avez pris go\u00fbt&#8230; alors pour votre <strong>maison de vacances<\/strong>, une <strong>propri\u00e9t\u00e9 de famille<\/strong>, amusez-vous \u00e0 cr\u00e9er une nouvelle ambiance, adoptez un autre style de <strong>tableau Mon Carr\u00e9 D\u00e9co<\/strong>. Vous n&rsquo;aurez que l&#8217;embarras du choix parmi la <strong>collection de carr\u00e9s Herm\u00e8s Vintages<\/strong>. Vous les retrouverez avec le m\u00eame plaisir et ils feront l&rsquo;unanimit\u00e9 de la <strong>d\u00e9coration int\u00e9rieure<\/strong> de votre <strong>demeure<\/strong>.<\/p>\n<p>A chaque moment de la vie, pour une <strong>occasion sp\u00e9ciale<\/strong>, un<strong> tableau Mon Carr\u00e9 D\u00e9co<\/strong> peut venir agrandir la collection !<\/p>\n<p>Un <strong>carr\u00e9 Herm\u00e8s en tableau<\/strong> <strong>pour une chambre d&rsquo;enfant<\/strong> est un magnifique <strong>cadeau de naissance<\/strong>. Une tr\u00e8s jolie <strong>d\u00e9coration murale pour une chambre d&rsquo;enfant<\/strong>. Pensez-y pour la <a href=\"https:\/\/mon-carre-deco.com\/index.php\/carte-cadeau-anniversaire-mariage-saint-valentin\/\"><strong>liste de naissance<\/strong><\/a>, un tableau d&rsquo;un <a href=\"https:\/\/mon-carre-deco.com\/en\/product-category\/carre-45x45-gavroche\/\"><strong>gavroche Herm\u00e8s<\/strong> <\/a>est un <strong>cadeau de bon go\u00fbt<\/strong>, que votre famille sera ravie d\u2019offrir pour la<strong> chambre de b\u00e9b\u00e9.<\/strong><\/p>\n<p>La<strong> F\u00eate des m\u00e8res<\/strong> est aussi une occasion toute particuli\u00e8re de r\u00e9it\u00e9rer son amour pour la maman, en lui <strong>compl\u00e9tant sa collection<\/strong> ou en lui <strong>\u00e9changeant son tableau<\/strong> selon ses<strong> envies d\u00e9co du moment<\/strong>.<\/p>\n<p>Un <strong>anniversaire de mariage<\/strong> est encore une excellente occasion d&rsquo;offrir un cadeau ou <strong>une carte cadeau<\/strong> pour un tableau. Vous ne regretterez pas la location-\u00e9change pour une d\u00e9coration int\u00e9rieure modulable.<\/p>\n<p>Plus de panne d&rsquo;inspiration de cadeau ! Un <strong>Tableau Mon Carr\u00e9 d\u00e9co <\/strong>est un<strong> cadeau<\/strong> de bon go\u00fbt <strong>\u00e0 offrir<\/strong> ou \u00e0 <strong>s&rsquo;offrir<\/strong>. C&rsquo;est <strong>un cadeau qui se renouvelle dans le temps pour toujours autant de plaisir !<\/strong><\/p>\n<h4>Ne ratez pas une occasion d&rsquo;offrir un <strong>cadeau d&rsquo;exception <\/strong>:<\/h4>\n<ul>\n<li>Cadeau d&#8217;emm\u00e9nagement, de <strong>cr\u00e9maill\u00e8re<\/strong><\/li>\n<li>Cadeau de <strong>fian\u00e7ailles<\/strong><\/li>\n<li>Cadeau de <a href=\"https:\/\/mon-carre-deco.com\/en\/cadeau-de-mariage\/\"><strong>mariage<\/strong><\/a><\/li>\n<li>Cadeau de<strong> Saint Valentin<\/strong><\/li>\n<li>Cadeau de<a href=\"https:\/\/mon-carre-deco.com\/en\/product-category\/cadeau-naissance\/\"><strong> naissance<\/strong><\/a><\/li>\n<li>Cadeau d&rsquo;<strong>anniversaire<\/strong><\/li>\n<li>Cadeau pour f\u00eater un <strong>dipl\u00f4me<\/strong>, bac et <strong>examen<\/strong>, <strong>th\u00e8se<\/strong> &#8230;<\/li>\n<li>Cadeau de <strong>d\u00e9part en retraite<\/strong><\/li>\n<\/ul>\n<p>Un <strong>Tableau d&rsquo;un carr\u00e9 Herm\u00e8s<\/strong> est un <strong>cadeau inoubliable <\/strong>qui, comme la maison Herm\u00e8s, repr\u00e9sente le <strong>raffinement<\/strong>, la quintessence du <strong>luxe \u00e0 la fran\u00e7aise<\/strong> : un <strong>objet de d\u00e9coration intemporel<\/strong> issu de la main habile et de la cr\u00e9ativit\u00e9 fabuleuse de l\u2019humain.<\/p>\n<p><\/p>\n<p><img decoding=\"async\" class=\"wp-image-1543 aligncenter\" src=\"http:\/\/mon-carre-deco.com\/wp-content\/uploads\/2021\/04\/petites-etoiles.jpg\" alt=\"\" width=\"115\" height=\"145\" \/><\/p>\n<p><\/p>\t\t\t\t\t\t\t\t<\/div>\n\t\t\t\t<\/div>\n\t\t\t\t\t<\/div>\n\t\t<\/div>\n\t\t\t\t\t<\/div>\n\t\t<\/section>\n\t\t\t\t<\/div>","protected":false},"excerpt":{"rendered":"<p>Cadeau de mariage, cadeau d&rsquo;anniversaire, occasion sp\u00e9ciale &#8230; soyez original ! OFFREZ UN CARR\u00c9 D&rsquo;ART EN TABLEAU Avec Mon Carr\u00e9 d\u00e9co offrez bien plus qu\u2019un tableau. Offrez un Carr\u00e9 iconique de la maison Herm\u00e8s encadr\u00e9, parmi le choix de tous ceux pr\u00e9sents dans notre galerie. Vous voulez \u00eatre s\u00fbr(e) que le tableau qu&rsquo;elle (ou qu&rsquo;il) &hellip;<\/p>\n<p class=\"read-more\"> <a class=\"\" href=\"https:\/\/mon-carre-deco.com\/en\/carte-cadeau-anniversaire-mariage-saint-valentin\/\"> <span class=\"screen-reader-text\">Carte Cadeau<\/span> Read More &raquo;<\/a><\/p>","protected":false},"author":1,"featured_media":0,"parent":0,"menu_order":0,"comment_status":"closed","ping_status":"closed","template":"","meta":{"site-sidebar-layout":"default","site-content-layout":"default","ast-site-content-layout":"","site-content-style":"default","site-sidebar-style":"default","ast-global-header-display":"","ast-banner-title-visibility":"","ast-main-header-display":"","ast-hfb-above-header-display":"","ast-hfb-below-header-display":"","ast-hfb-mobile-header-display":"","site-post-title":"","ast-breadcrumbs-content":"","ast-featured-img":"","footer-sml-layout":"","theme-transparent-header-meta":"default","adv-header-id-meta":"","stick-header-meta":"","header-above-stick-meta":"","header-main-stick-meta":"","header-below-stick-meta":"","astra-migrate-meta-layouts":"","footnotes":""},"class_list":["post-1713","page","type-page","status-publish","hentry"],"yoast_head":"<!-- This site is optimized with the Yoast SEO plugin v25.4 - https:\/\/yoast.com\/wordpress\/plugins\/seo\/ -->\n<title>Carte Cadeau - Mon Carr\u00e9 D\u00e9co<\/title>\n<meta name=\"description\" content=\"Carte cadeau valable sur l&#039;achat d&#039;un Tableau Mon Carr\u00e9 D\u00e9co, un foulard Herm\u00e8s encadr\u00e9, en cadeau de mariage, anniversaire, cadeau de Saint Valentin, pour la f\u00eate des m\u00e8res ou toute autre occasion sp\u00e9ciale.\" \/>\n<meta name=\"robots\" content=\"index, follow, max-snippet:-1, max-image-preview:large, max-video-preview:-1\" \/>\n<link rel=\"canonical\" href=\"https:\/\/mon-carre-deco.com\/en\/carte-cadeau-anniversaire-mariage-saint-valentin\/\" \/>\n<meta property=\"og:locale\" content=\"en_US\" \/>\n<meta property=\"og:type\" content=\"article\" \/>\n<meta property=\"og:title\" content=\"Carte Cadeau - Mon Carr\u00e9 D\u00e9co\" \/>\n<meta property=\"og:description\" content=\"Carte cadeau valable sur l&#039;achat d&#039;un Tableau Mon Carr\u00e9 D\u00e9co, un foulard Herm\u00e8s encadr\u00e9, en cadeau de mariage, anniversaire, cadeau de Saint Valentin, pour la f\u00eate des m\u00e8res ou toute autre occasion sp\u00e9ciale.\" \/>\n<meta property=\"og:url\" content=\"https:\/\/mon-carre-deco.com\/en\/carte-cadeau-anniversaire-mariage-saint-valentin\/\" \/>\n<meta property=\"og:site_name\" content=\"Mon Carr\u00e9 D\u00e9co\" \/>\n<meta property=\"article:modified_time\" content=\"2023-02-21T13:14:54+00:00\" \/>\n<meta property=\"og:image\" content=\"http:\/\/mon-carre-deco.com\/wp-content\/uploads\/2021\/04\/aquarelle-bienvenue-mon-carre-deco-tableau-hermes.png\" \/>\n<meta name=\"twitter:card\" content=\"summary_large_image\" \/>\n<meta name=\"twitter:label1\" content=\"Est. reading time\" \/>\n\t<meta name=\"twitter:data1\" content=\"5 minutes\" \/>\n<script type=\"application\/ld+json\" class=\"yoast-schema-graph\">{\"@context\":\"https:\/\/schema.org\",\"@graph\":[{\"@type\":\"WebPage\",\"@id\":\"https:\/\/mon-carre-deco.com\/carte-cadeau-anniversaire-mariage-saint-valentin\/\",\"url\":\"https:\/\/mon-carre-deco.com\/carte-cadeau-anniversaire-mariage-saint-valentin\/\",\"name\":\"Carte Cadeau - Mon Carr\u00e9 D\u00e9co\",\"isPartOf\":{\"@id\":\"https:\/\/mon-carre-deco.com\/#website\"},\"primaryImageOfPage\":{\"@id\":\"https:\/\/mon-carre-deco.com\/carte-cadeau-anniversaire-mariage-saint-valentin\/#primaryimage\"},\"image\":{\"@id\":\"https:\/\/mon-carre-deco.com\/carte-cadeau-anniversaire-mariage-saint-valentin\/#primaryimage\"},\"thumbnailUrl\":\"http:\/\/mon-carre-deco.com\/wp-content\/uploads\/2021\/04\/aquarelle-bienvenue-mon-carre-deco-tableau-hermes.png\",\"datePublished\":\"2021-05-20T01:08:55+00:00\",\"dateModified\":\"2023-02-21T13:14:54+00:00\",\"description\":\"Carte cadeau valable sur l'achat d'un Tableau Mon Carr\u00e9 D\u00e9co, un foulard Herm\u00e8s encadr\u00e9, en cadeau de mariage, anniversaire, cadeau de Saint Valentin, pour la f\u00eate des m\u00e8res ou toute autre occasion sp\u00e9ciale.\",\"breadcrumb\":{\"@id\":\"https:\/\/mon-carre-deco.com\/carte-cadeau-anniversaire-mariage-saint-valentin\/#breadcrumb\"},\"inLanguage\":\"en-US\",\"potentialAction\":[{\"@type\":\"ReadAction\",\"target\":[\"https:\/\/mon-carre-deco.com\/carte-cadeau-anniversaire-mariage-saint-valentin\/\"]}]},{\"@type\":\"ImageObject\",\"inLanguage\":\"en-US\",\"@id\":\"https:\/\/mon-carre-deco.com\/carte-cadeau-anniversaire-mariage-saint-valentin\/#primaryimage\",\"url\":\"http:\/\/mon-carre-deco.com\/wp-content\/uploads\/2021\/04\/aquarelle-bienvenue-mon-carre-deco-tableau-hermes.png\",\"contentUrl\":\"http:\/\/mon-carre-deco.com\/wp-content\/uploads\/2021\/04\/aquarelle-bienvenue-mon-carre-deco-tableau-hermes.png\"},{\"@type\":\"BreadcrumbList\",\"@id\":\"https:\/\/mon-carre-deco.com\/carte-cadeau-anniversaire-mariage-saint-valentin\/#breadcrumb\",\"itemListElement\":[{\"@type\":\"ListItem\",\"position\":1,\"name\":\"Accueil\",\"item\":\"https:\/\/mon-carre-deco.com\/\"},{\"@type\":\"ListItem\",\"position\":2,\"name\":\"Carte Cadeau\"}]},{\"@type\":\"WebSite\",\"@id\":\"https:\/\/mon-carre-deco.com\/#website\",\"url\":\"https:\/\/mon-carre-deco.com\/\",\"name\":\"Mon Carr\u00e9 D\u00e9co\",\"description\":\"Mon Carr\u00e9 D&#039;art at Home, vente de tableau Herm\u00e8s, foulard carr\u00e9 Herm\u00e8s encadr\u00e9\",\"publisher\":{\"@id\":\"https:\/\/mon-carre-deco.com\/#organization\"},\"potentialAction\":[{\"@type\":\"SearchAction\",\"target\":{\"@type\":\"EntryPoint\",\"urlTemplate\":\"https:\/\/mon-carre-deco.com\/?s={search_term_string}\"},\"query-input\":{\"@type\":\"PropertyValueSpecification\",\"valueRequired\":true,\"valueName\":\"search_term_string\"}}],\"inLanguage\":\"en-US\"},{\"@type\":\"Organization\",\"@id\":\"https:\/\/mon-carre-deco.com\/#organization\",\"name\":\"Mon Carr\u00e9 D\u00e9co\",\"url\":\"https:\/\/mon-carre-deco.com\/\",\"logo\":{\"@type\":\"ImageObject\",\"inLanguage\":\"en-US\",\"@id\":\"https:\/\/mon-carre-deco.com\/#\/schema\/logo\/image\/\",\"url\":\"https:\/\/mon-carre-deco.com\/wp-content\/uploads\/2021\/04\/cropped-Logo-mon-carre-deco-2.png\",\"contentUrl\":\"https:\/\/mon-carre-deco.com\/wp-content\/uploads\/2021\/04\/cropped-Logo-mon-carre-deco-2.png\",\"width\":1043,\"height\":1043,\"caption\":\"Mon Carr\u00e9 D\u00e9co\"},\"image\":{\"@id\":\"https:\/\/mon-carre-deco.com\/#\/schema\/logo\/image\/\"}}]}<\/script>\n<!-- \/ Yoast SEO plugin. -->","yoast_head_json":{"title":"Carte Cadeau - Mon Carr\u00e9 D\u00e9co","description":"Carte cadeau valable sur l'achat d'un Tableau Mon Carr\u00e9 D\u00e9co, un foulard Herm\u00e8s encadr\u00e9, en cadeau de mariage, anniversaire, cadeau de Saint Valentin, pour la f\u00eate des m\u00e8res ou toute autre occasion sp\u00e9ciale.","robots":{"index":"index","follow":"follow","max-snippet":"max-snippet:-1","max-image-preview":"max-image-preview:large","max-video-preview":"max-video-preview:-1"},"canonical":"https:\/\/mon-carre-deco.com\/en\/carte-cadeau-anniversaire-mariage-saint-valentin\/","og_locale":"en_US","og_type":"article","og_title":"Carte Cadeau - Mon Carr\u00e9 D\u00e9co","og_description":"Carte cadeau valable sur l'achat d'un Tableau Mon Carr\u00e9 D\u00e9co, un foulard Herm\u00e8s encadr\u00e9, en cadeau de mariage, anniversaire, cadeau de Saint Valentin, pour la f\u00eate des m\u00e8res ou toute autre occasion sp\u00e9ciale.","og_url":"https:\/\/mon-carre-deco.com\/en\/carte-cadeau-anniversaire-mariage-saint-valentin\/","og_site_name":"Mon Carr\u00e9 D\u00e9co","article_modified_time":"2023-02-21T13:14:54+00:00","og_image":[{"url":"http:\/\/mon-carre-deco.com\/wp-content\/uploads\/2021\/04\/aquarelle-bienvenue-mon-carre-deco-tableau-hermes.png","type":"","width":"","height":""}],"twitter_card":"summary_large_image","twitter_misc":{"Est. reading time":"5 minutes"},"schema":{"@context":"https:\/\/schema.org","@graph":[{"@type":"WebPage","@id":"https:\/\/mon-carre-deco.com\/carte-cadeau-anniversaire-mariage-saint-valentin\/","url":"https:\/\/mon-carre-deco.com\/carte-cadeau-anniversaire-mariage-saint-valentin\/","name":"Carte Cadeau - Mon Carr\u00e9 D\u00e9co","isPartOf":{"@id":"https:\/\/mon-carre-deco.com\/#website"},"primaryImageOfPage":{"@id":"https:\/\/mon-carre-deco.com\/carte-cadeau-anniversaire-mariage-saint-valentin\/#primaryimage"},"image":{"@id":"https:\/\/mon-carre-deco.com\/carte-cadeau-anniversaire-mariage-saint-valentin\/#primaryimage"},"thumbnailUrl":"http:\/\/mon-carre-deco.com\/wp-content\/uploads\/2021\/04\/aquarelle-bienvenue-mon-carre-deco-tableau-hermes.png","datePublished":"2021-05-20T01:08:55+00:00","dateModified":"2023-02-21T13:14:54+00:00","description":"Carte cadeau valable sur l'achat d'un Tableau Mon Carr\u00e9 D\u00e9co, un foulard Herm\u00e8s encadr\u00e9, en cadeau de mariage, anniversaire, cadeau de Saint Valentin, pour la f\u00eate des m\u00e8res ou toute autre occasion sp\u00e9ciale.","breadcrumb":{"@id":"https:\/\/mon-carre-deco.com\/carte-cadeau-anniversaire-mariage-saint-valentin\/#breadcrumb"},"inLanguage":"en-US","potentialAction":[{"@type":"ReadAction","target":["https:\/\/mon-carre-deco.com\/carte-cadeau-anniversaire-mariage-saint-valentin\/"]}]},{"@type":"ImageObject","inLanguage":"en-US","@id":"https:\/\/mon-carre-deco.com\/carte-cadeau-anniversaire-mariage-saint-valentin\/#primaryimage","url":"http:\/\/mon-carre-deco.com\/wp-content\/uploads\/2021\/04\/aquarelle-bienvenue-mon-carre-deco-tableau-hermes.png","contentUrl":"http:\/\/mon-carre-deco.com\/wp-content\/uploads\/2021\/04\/aquarelle-bienvenue-mon-carre-deco-tableau-hermes.png"},{"@type":"BreadcrumbList","@id":"https:\/\/mon-carre-deco.com\/carte-cadeau-anniversaire-mariage-saint-valentin\/#breadcrumb","itemListElement":[{"@type":"ListItem","position":1,"name":"Accueil","item":"https:\/\/mon-carre-deco.com\/"},{"@type":"ListItem","position":2,"name":"Carte Cadeau"}]},{"@type":"WebSite","@id":"https:\/\/mon-carre-deco.com\/#website","url":"https:\/\/mon-carre-deco.com\/","name":"Mon Carr\u00e9 D\u00e9co","description":"Mon Carr\u00e9 D&#039;art at Home, vente de tableau Herm\u00e8s, foulard carr\u00e9 Herm\u00e8s encadr\u00e9","publisher":{"@id":"https:\/\/mon-carre-deco.com\/#organization"},"potentialAction":[{"@type":"SearchAction","target":{"@type":"EntryPoint","urlTemplate":"https:\/\/mon-carre-deco.com\/?s={search_term_string}"},"query-input":{"@type":"PropertyValueSpecification","valueRequired":true,"valueName":"search_term_string"}}],"inLanguage":"en-US"},{"@type":"Organization","@id":"https:\/\/mon-carre-deco.com\/#organization","name":"Mon Carr\u00e9 D\u00e9co","url":"https:\/\/mon-carre-deco.com\/","logo":{"@type":"ImageObject","inLanguage":"en-US","@id":"https:\/\/mon-carre-deco.com\/#\/schema\/logo\/image\/","url":"https:\/\/mon-carre-deco.com\/wp-content\/uploads\/2021\/04\/cropped-Logo-mon-carre-deco-2.png","contentUrl":"https:\/\/mon-carre-deco.com\/wp-content\/uploads\/2021\/04\/cropped-Logo-mon-carre-deco-2.png","width":1043,"height":1043,"caption":"Mon Carr\u00e9 D\u00e9co"},"image":{"@id":"https:\/\/mon-carre-deco.com\/#\/schema\/logo\/image\/"}}]}},"_links":{"self":[{"href":"https:\/\/mon-carre-deco.com\/en\/wp-json\/wp\/v2\/pages\/1713","targetHints":{"allow":["GET"]}}],"collection":[{"href":"https:\/\/mon-carre-deco.com\/en\/wp-json\/wp\/v2\/pages"}],"about":[{"href":"https:\/\/mon-carre-deco.com\/en\/wp-json\/wp\/v2\/types\/page"}],"author":[{"embeddable":true,"href":"https:\/\/mon-carre-deco.com\/en\/wp-json\/wp\/v2\/users\/1"}],"replies":[{"embeddable":true,"href":"https:\/\/mon-carre-deco.com\/en\/wp-json\/wp\/v2\/comments?post=1713"}],"version-history":[{"count":105,"href":"https:\/\/mon-carre-deco.com\/en\/wp-json\/wp\/v2\/pages\/1713\/revisions"}],"predecessor-version":[{"id":4017,"href":"https:\/\/mon-carre-deco.com\/en\/wp-json\/wp\/v2\/pages\/1713\/revisions\/4017"}],"wp:attachment":[{"href":"https:\/\/mon-carre-deco.com\/en\/wp-json\/wp\/v2\/media?parent=1713"}],"curies":[{"name":"wp","href":"https:\/\/api.w.org\/{rel}","templated":true}]}}