{"id":2754,"date":"2021-12-23T00:29:46","date_gmt":"2021-12-22T23:29:46","guid":{"rendered":"https:\/\/mon-carre-deco.com\/?page_id=2754"},"modified":"2022-02-02T23:56:13","modified_gmt":"2022-02-02T22:56:13","slug":"devenez-distributeur","status":"publish","type":"page","link":"https:\/\/mon-carre-deco.com\/en\/devenez-distributeur\/","title":{"rendered":"Devenir votre fournisseur"},"content":{"rendered":"<div data-elementor-type=\"wp-page\" data-elementor-id=\"2754\" class=\"elementor elementor-2754\">\n\t\t\t\t\t\t<section class=\"elementor-section elementor-top-section elementor-element elementor-element-9a29dca elementor-section-boxed elementor-section-height-default elementor-section-height-default\" data-id=\"9a29dca\" data-element_type=\"section\">\n\t\t\t\t\t\t<div class=\"elementor-container elementor-column-gap-default\">\n\t\t\t\t\t<div class=\"elementor-column elementor-col-100 elementor-top-column elementor-element elementor-element-4e2c658\" data-id=\"4e2c658\" data-element_type=\"column\">\n\t\t\t<div class=\"elementor-widget-wrap elementor-element-populated\">\n\t\t\t\t\t\t<div class=\"elementor-element elementor-element-5c91f7b elementor-widget elementor-widget-heading\" data-id=\"5c91f7b\" data-element_type=\"widget\" data-widget_type=\"heading.default\">\n\t\t\t\t<div class=\"elementor-widget-container\">\n\t\t\t\t\t<h2 class=\"elementor-heading-title elementor-size-default\">Devenez distributeur<\/h2>\t\t\t\t<\/div>\n\t\t\t\t<\/div>\n\t\t\t\t\t<\/div>\n\t\t<\/div>\n\t\t\t\t\t<\/div>\n\t\t<\/section>\n\t\t\t\t<section class=\"elementor-section elementor-inner-section elementor-element elementor-element-e2abc9d elementor-section-boxed elementor-section-height-default elementor-section-height-default\" data-id=\"e2abc9d\" data-element_type=\"section\">\n\t\t\t\t\t\t<div class=\"elementor-container elementor-column-gap-default\">\n\t\t\t\t\t<div class=\"elementor-column elementor-col-50 elementor-inner-column elementor-element elementor-element-59a2ab8\" data-id=\"59a2ab8\" data-element_type=\"column\">\n\t\t\t<div class=\"elementor-widget-wrap elementor-element-populated\">\n\t\t\t\t\t\t<div class=\"elementor-element elementor-element-bb8f6f7 elementor-widget elementor-widget-heading\" data-id=\"bb8f6f7\" data-element_type=\"widget\" data-widget_type=\"heading.default\">\n\t\t\t\t<div class=\"elementor-widget-container\">\n\t\t\t\t\t<h5 class=\"elementor-heading-title elementor-size-default\">Vous recherchez une d\u00e9coration murale unique \u00e0 l'\u00e9l\u00e9gance intemporelle \u00e0 proposer \u00e0 votre client\u00e8le, qu'elle soit compos\u00e9e de particuliers ou de professionnels ?<\/h5>\t\t\t\t<\/div>\n\t\t\t\t<\/div>\n\t\t\t\t<div class=\"elementor-element elementor-element-3ce5358 elementor-widget elementor-widget-text-editor\" data-id=\"3ce5358\" data-element_type=\"widget\" data-widget_type=\"text-editor.default\">\n\t\t\t\t<div class=\"elementor-widget-container\">\n\t\t\t\t\t\t\t\t\t<p>Pour l\u2019<strong>am\u00e9nagement de bureaux<\/strong>, de <strong>boutiques<\/strong>, d\u2019<strong>h\u00f4tels<\/strong> ou bien d\u2019<strong>int\u00e9rieurs d\u2019exception<\/strong>, parfois charg\u00e9s d\u2019histoire &#8230;<\/p>\n<p>Les <strong>tableaux Mon Carr\u00e9 D\u00e9co\u00ae <\/strong>s&rsquo;int\u00e9greront \u00e0 vos projets de d\u00e9coration d&rsquo;int\u00e9rieurs les plus ambitieux.<\/p>\n<p>Pour une ambiance \u00e0 l&rsquo;\u00e9l\u00e9gance intemporelle, chic et raffin\u00e9e, un tableau d&rsquo;un <strong>authentique carr\u00e9 Herm\u00e8s<\/strong> sera la <strong>d\u00e9coration murale luxueuse<\/strong>, v\u00e9ritable <strong>carr\u00e9 d&rsquo;Art<\/strong>, qui saura se faire remarquer aupr\u00e8s de votre client\u00e8le.<\/p>\t\t\t\t\t\t\t\t<\/div>\n\t\t\t\t<\/div>\n\t\t\t\t\t<\/div>\n\t\t<\/div>\n\t\t\t\t<div class=\"elementor-column elementor-col-50 elementor-inner-column elementor-element elementor-element-61b22f0\" data-id=\"61b22f0\" data-element_type=\"column\">\n\t\t\t<div class=\"elementor-widget-wrap elementor-element-populated\">\n\t\t\t\t\t\t<div class=\"elementor-element elementor-element-c1acd7c elementor-widget elementor-widget-image\" data-id=\"c1acd7c\" data-element_type=\"widget\" data-widget_type=\"image.default\">\n\t\t\t\t<div class=\"elementor-widget-container\">\n\t\t\t\t\t\t\t\t\t\t\t\t\t\t\t<img fetchpriority=\"high\" decoding=\"async\" width=\"1024\" height=\"681\" src=\"https:\/\/mon-carre-deco.com\/wp-content\/uploads\/2017\/07\/Tableau-Hermes-Modrnisme-Tropical-en-decoration-de-salon-1024x681.jpg\" class=\"attachment-large size-large wp-image-1854\" alt=\"Carr\u00e9 Herm\u00e8s en tableau Modernisme Tropical de Filipe Jardim en d\u00e9coration murale de salon\" srcset=\"https:\/\/mon-carre-deco.com\/wp-content\/uploads\/2017\/07\/Tableau-Hermes-Modrnisme-Tropical-en-decoration-de-salon-1024x681.jpg 1024w, https:\/\/mon-carre-deco.com\/wp-content\/uploads\/2017\/07\/Tableau-Hermes-Modrnisme-Tropical-en-decoration-de-salon-300x200.jpg 300w, https:\/\/mon-carre-deco.com\/wp-content\/uploads\/2017\/07\/Tableau-Hermes-Modrnisme-Tropical-en-decoration-de-salon-768x511.jpg 768w, https:\/\/mon-carre-deco.com\/wp-content\/uploads\/2017\/07\/Tableau-Hermes-Modrnisme-Tropical-en-decoration-de-salon-1536x1022.jpg 1536w, https:\/\/mon-carre-deco.com\/wp-content\/uploads\/2017\/07\/Tableau-Hermes-Modrnisme-Tropical-en-decoration-de-salon-2048x1363.jpg 2048w, https:\/\/mon-carre-deco.com\/wp-content\/uploads\/2017\/07\/Tableau-Hermes-Modrnisme-Tropical-en-decoration-de-salon-600x399.jpg 600w\" sizes=\"(max-width: 1024px) 100vw, 1024px\" \/>\t\t\t\t\t\t\t\t\t\t\t\t\t\t\t<\/div>\n\t\t\t\t<\/div>\n\t\t\t\t\t<\/div>\n\t\t<\/div>\n\t\t\t\t\t<\/div>\n\t\t<\/section>\n\t\t\t\t<section class=\"elementor-section elementor-top-section elementor-element elementor-element-32207e5 elementor-section-boxed elementor-section-height-default elementor-section-height-default\" data-id=\"32207e5\" data-element_type=\"section\">\n\t\t\t\t\t\t<div class=\"elementor-container elementor-column-gap-default\">\n\t\t\t\t\t<div class=\"elementor-column elementor-col-50 elementor-top-column elementor-element elementor-element-30b0b06\" data-id=\"30b0b06\" data-element_type=\"column\">\n\t\t\t<div class=\"elementor-widget-wrap elementor-element-populated\">\n\t\t\t\t\t\t<div class=\"elementor-element elementor-element-6a030f7 elementor-widget elementor-widget-image\" data-id=\"6a030f7\" data-element_type=\"widget\" data-widget_type=\"image.default\">\n\t\t\t\t<div class=\"elementor-widget-container\">\n\t\t\t\t\t\t\t\t\t\t\t\t\t\t\t<img decoding=\"async\" width=\"1024\" height=\"683\" src=\"https:\/\/mon-carre-deco.com\/wp-content\/uploads\/2021\/12\/Tableau-dun-carre-Hermes-Regina-en-decoration-murale-de-salon-classique.jpg\" class=\"attachment-large size-large wp-image-2773\" alt=\"Tableau-dun-carre-Hermes-Regina-en-decoration-murale-de-salon-classique\" srcset=\"https:\/\/mon-carre-deco.com\/wp-content\/uploads\/2021\/12\/Tableau-dun-carre-Hermes-Regina-en-decoration-murale-de-salon-classique.jpg 1024w, https:\/\/mon-carre-deco.com\/wp-content\/uploads\/2021\/12\/Tableau-dun-carre-Hermes-Regina-en-decoration-murale-de-salon-classique-300x200.jpg 300w, https:\/\/mon-carre-deco.com\/wp-content\/uploads\/2021\/12\/Tableau-dun-carre-Hermes-Regina-en-decoration-murale-de-salon-classique-768x512.jpg 768w, https:\/\/mon-carre-deco.com\/wp-content\/uploads\/2021\/12\/Tableau-dun-carre-Hermes-Regina-en-decoration-murale-de-salon-classique-600x400.jpg 600w\" sizes=\"(max-width: 1024px) 100vw, 1024px\" \/>\t\t\t\t\t\t\t\t\t\t\t\t\t\t\t<\/div>\n\t\t\t\t<\/div>\n\t\t\t\t\t<\/div>\n\t\t<\/div>\n\t\t\t\t<div class=\"elementor-column elementor-col-50 elementor-top-column elementor-element elementor-element-326ad2a\" data-id=\"326ad2a\" data-element_type=\"column\">\n\t\t\t<div class=\"elementor-widget-wrap elementor-element-populated\">\n\t\t\t\t\t\t<div class=\"elementor-element elementor-element-780928a elementor-widget elementor-widget-heading\" data-id=\"780928a\" data-element_type=\"widget\" data-widget_type=\"heading.default\">\n\t\t\t\t<div class=\"elementor-widget-container\">\n\t\t\t\t\t<h5 class=\"elementor-heading-title elementor-size-default\">Service d\u00e9di\u00e9<\/h5>\t\t\t\t<\/div>\n\t\t\t\t<\/div>\n\t\t\t\t<div class=\"elementor-element elementor-element-f574014 elementor-widget elementor-widget-text-editor\" data-id=\"f574014\" data-element_type=\"widget\" data-widget_type=\"text-editor.default\">\n\t\t\t\t<div class=\"elementor-widget-container\">\n\t\t\t\t\t\t\t\t\t<p>En tant que client privil\u00e9gi\u00e9, soyez le premier inform\u00e9 de nos futures r\u00e9alisations.<\/p><p>Nous restons \u00e0 votre \u00e9coute pour chercher ensemble, avec votre \u00e9quipe de bureau de d\u00e9coration, le tableau Mon Carr\u00e9 D\u00e9co\u00ae le plus adapt\u00e9 \u00e0 votre projet.<\/p><p>Recherche, r\u00e9alisation et livraison, nous nous occupons de tout.<\/p><p><a href=\"http:\/\/mon-carre-deco.com\/index.php\/contact\/\">Pour plus d\u2019informations, prendre contact.<\/a><\/p>\t\t\t\t\t\t\t\t<\/div>\n\t\t\t\t<\/div>\n\t\t\t\t\t<\/div>\n\t\t<\/div>\n\t\t\t\t\t<\/div>\n\t\t<\/section>\n\t\t\t\t<section class=\"elementor-section elementor-top-section elementor-element elementor-element-6568511 elementor-section-boxed elementor-section-height-default elementor-section-height-default\" data-id=\"6568511\" data-element_type=\"section\">\n\t\t\t\t\t\t<div class=\"elementor-container elementor-column-gap-default\">\n\t\t\t\t\t<div class=\"elementor-column elementor-col-100 elementor-top-column elementor-element elementor-element-4ed71ac\" data-id=\"4ed71ac\" data-element_type=\"column\">\n\t\t\t<div class=\"elementor-widget-wrap elementor-element-populated\">\n\t\t\t\t\t\t<div class=\"elementor-element elementor-element-5208cb6 elementor-widget elementor-widget-heading\" data-id=\"5208cb6\" data-element_type=\"widget\" data-widget_type=\"heading.default\">\n\t\t\t\t<div class=\"elementor-widget-container\">\n\t\t\t\t\t<h5 class=\"elementor-heading-title elementor-size-default\">Une d\u00e9coration murale d'exception \u00e0 proposer dans votre boutique en ligne<\/h5>\t\t\t\t<\/div>\n\t\t\t\t<\/div>\n\t\t\t\t\t<\/div>\n\t\t<\/div>\n\t\t\t\t\t<\/div>\n\t\t<\/section>\n\t\t\t\t<section class=\"elementor-section elementor-top-section elementor-element elementor-element-a2bbbbf elementor-section-boxed elementor-section-height-default elementor-section-height-default\" data-id=\"a2bbbbf\" data-element_type=\"section\">\n\t\t\t\t\t\t<div class=\"elementor-container elementor-column-gap-default\">\n\t\t\t\t\t<div class=\"elementor-column elementor-col-100 elementor-top-column elementor-element elementor-element-9b4467c\" data-id=\"9b4467c\" data-element_type=\"column\">\n\t\t\t<div class=\"elementor-widget-wrap elementor-element-populated\">\n\t\t\t\t\t\t<div class=\"elementor-element elementor-element-c78feef elementor-widget elementor-widget-text-editor\" data-id=\"c78feef\" data-element_type=\"widget\" data-widget_type=\"text-editor.default\">\n\t\t\t\t<div class=\"elementor-widget-container\">\n\t\t\t\t\t\t\t\t\t<p>Proposez dans votre propre boutique en ligne une d\u00e9coration murale r\u00e9alis\u00e9e selon le <strong>savoir-faire traditionnel d&rsquo;artisans encadreurs<\/strong>. Des tableaux uniques, \u00e0 partir d&rsquo;authentiques carr\u00e9s Herm\u00e8s vintages, rares et plus \u00e9dit\u00e9s.<\/p><p><a href=\"http:\/\/mon-carre-deco.com\/index.php\/contact\/\">Pour plus d\u2019informations, prendre contact.<\/a><\/p>\t\t\t\t\t\t\t\t<\/div>\n\t\t\t\t<\/div>\n\t\t\t\t\t<\/div>\n\t\t<\/div>\n\t\t\t\t\t<\/div>\n\t\t<\/section>\n\t\t\t\t<\/div>","protected":false},"excerpt":{"rendered":"<p>Devenez distributeur Vous recherchez une d\u00e9coration murale unique \u00e0 l&rsquo;\u00e9l\u00e9gance intemporelle \u00e0 proposer \u00e0 votre client\u00e8le, qu&rsquo;elle soit compos\u00e9e de particuliers ou de professionnels ? Pour l\u2019am\u00e9nagement de bureaux, de boutiques, d\u2019h\u00f4tels ou bien d\u2019int\u00e9rieurs d\u2019exception, parfois charg\u00e9s d\u2019histoire &#8230; Les tableaux Mon Carr\u00e9 D\u00e9co\u00ae s&rsquo;int\u00e9greront \u00e0 vos projets de d\u00e9coration d&rsquo;int\u00e9rieurs les plus ambitieux. &hellip;<\/p>\n<p class=\"read-more\"> <a class=\"\" href=\"https:\/\/mon-carre-deco.com\/en\/devenez-distributeur\/\"> <span class=\"screen-reader-text\">Devenir votre fournisseur<\/span> Read More &raquo;<\/a><\/p>","protected":false},"author":1,"featured_media":0,"parent":0,"menu_order":0,"comment_status":"closed","ping_status":"closed","template":"","meta":{"site-sidebar-layout":"no-sidebar","site-content-layout":"page-builder","ast-site-content-layout":"","site-content-style":"default","site-sidebar-style":"default","ast-global-header-display":"","ast-banner-title-visibility":"","ast-main-header-display":"","ast-hfb-above-header-display":"","ast-hfb-below-header-display":"","ast-hfb-mobile-header-display":"","site-post-title":"disabled","ast-breadcrumbs-content":"","ast-featured-img":"disabled","footer-sml-layout":"","theme-transparent-header-meta":"","adv-header-id-meta":"","stick-header-meta":"","header-above-stick-meta":"","header-main-stick-meta":"","header-below-stick-meta":"","astra-migrate-meta-layouts":"","footnotes":""},"class_list":["post-2754","page","type-page","status-publish","hentry"],"yoast_head":"<!-- This site is optimized with the Yoast SEO plugin v25.4 - https:\/\/yoast.com\/wordpress\/plugins\/seo\/ -->\n<title>Devenir votre fournisseur - Mon Carr\u00e9 D\u00e9co<\/title>\n<meta name=\"description\" content=\"Vous souhaitez vendre nos tableaux dans vos boutiques, devenir distributeur Mon Carr\u00e9 D\u00e9co\u00ae. Pour cela rien de plus simple contactez nous.\" \/>\n<meta name=\"robots\" content=\"index, follow, max-snippet:-1, max-image-preview:large, max-video-preview:-1\" \/>\n<link rel=\"canonical\" href=\"https:\/\/mon-carre-deco.com\/en\/devenez-distributeur\/\" \/>\n<meta property=\"og:locale\" content=\"en_US\" \/>\n<meta property=\"og:type\" content=\"article\" \/>\n<meta property=\"og:title\" content=\"Devenir votre fournisseur - Mon Carr\u00e9 D\u00e9co\" \/>\n<meta property=\"og:description\" content=\"Vous souhaitez vendre nos tableaux dans vos boutiques, devenir distributeur Mon Carr\u00e9 D\u00e9co\u00ae. Pour cela rien de plus simple contactez nous.\" \/>\n<meta property=\"og:url\" content=\"https:\/\/mon-carre-deco.com\/en\/devenez-distributeur\/\" \/>\n<meta property=\"og:site_name\" content=\"Mon Carr\u00e9 D\u00e9co\" \/>\n<meta property=\"article:modified_time\" content=\"2022-02-02T22:56:13+00:00\" \/>\n<meta property=\"og:image\" content=\"http:\/\/mon-carre-deco.com\/wp-content\/uploads\/2017\/07\/Tableau-Hermes-Modrnisme-Tropical-en-decoration-de-salon-1024x681.jpg\" \/>\n<meta name=\"twitter:card\" content=\"summary_large_image\" \/>\n<meta name=\"twitter:label1\" content=\"Est. reading time\" \/>\n\t<meta name=\"twitter:data1\" content=\"2 minutes\" \/>\n<script type=\"application\/ld+json\" class=\"yoast-schema-graph\">{\"@context\":\"https:\/\/schema.org\",\"@graph\":[{\"@type\":\"WebPage\",\"@id\":\"https:\/\/mon-carre-deco.com\/devenez-distributeur\/\",\"url\":\"https:\/\/mon-carre-deco.com\/devenez-distributeur\/\",\"name\":\"Devenir votre fournisseur - Mon Carr\u00e9 D\u00e9co\",\"isPartOf\":{\"@id\":\"https:\/\/mon-carre-deco.com\/#website\"},\"primaryImageOfPage\":{\"@id\":\"https:\/\/mon-carre-deco.com\/devenez-distributeur\/#primaryimage\"},\"image\":{\"@id\":\"https:\/\/mon-carre-deco.com\/devenez-distributeur\/#primaryimage\"},\"thumbnailUrl\":\"http:\/\/mon-carre-deco.com\/wp-content\/uploads\/2017\/07\/Tableau-Hermes-Modrnisme-Tropical-en-decoration-de-salon-1024x681.jpg\",\"datePublished\":\"2021-12-22T23:29:46+00:00\",\"dateModified\":\"2022-02-02T22:56:13+00:00\",\"description\":\"Vous souhaitez vendre nos tableaux dans vos boutiques, devenir distributeur Mon Carr\u00e9 D\u00e9co\u00ae. Pour cela rien de plus simple contactez nous.\",\"breadcrumb\":{\"@id\":\"https:\/\/mon-carre-deco.com\/devenez-distributeur\/#breadcrumb\"},\"inLanguage\":\"en-US\",\"potentialAction\":[{\"@type\":\"ReadAction\",\"target\":[\"https:\/\/mon-carre-deco.com\/devenez-distributeur\/\"]}]},{\"@type\":\"ImageObject\",\"inLanguage\":\"en-US\",\"@id\":\"https:\/\/mon-carre-deco.com\/devenez-distributeur\/#primaryimage\",\"url\":\"http:\/\/mon-carre-deco.com\/wp-content\/uploads\/2017\/07\/Tableau-Hermes-Modrnisme-Tropical-en-decoration-de-salon-1024x681.jpg\",\"contentUrl\":\"http:\/\/mon-carre-deco.com\/wp-content\/uploads\/2017\/07\/Tableau-Hermes-Modrnisme-Tropical-en-decoration-de-salon-1024x681.jpg\"},{\"@type\":\"BreadcrumbList\",\"@id\":\"https:\/\/mon-carre-deco.com\/devenez-distributeur\/#breadcrumb\",\"itemListElement\":[{\"@type\":\"ListItem\",\"position\":1,\"name\":\"Accueil\",\"item\":\"https:\/\/mon-carre-deco.com\/\"},{\"@type\":\"ListItem\",\"position\":2,\"name\":\"Devenir votre fournisseur\"}]},{\"@type\":\"WebSite\",\"@id\":\"https:\/\/mon-carre-deco.com\/#website\",\"url\":\"https:\/\/mon-carre-deco.com\/\",\"name\":\"Mon Carr\u00e9 D\u00e9co\",\"description\":\"Mon Carr\u00e9 D&#039;art at Home, vente de tableau Herm\u00e8s, foulard carr\u00e9 Herm\u00e8s encadr\u00e9\",\"publisher\":{\"@id\":\"https:\/\/mon-carre-deco.com\/#organization\"},\"potentialAction\":[{\"@type\":\"SearchAction\",\"target\":{\"@type\":\"EntryPoint\",\"urlTemplate\":\"https:\/\/mon-carre-deco.com\/?s={search_term_string}\"},\"query-input\":{\"@type\":\"PropertyValueSpecification\",\"valueRequired\":true,\"valueName\":\"search_term_string\"}}],\"inLanguage\":\"en-US\"},{\"@type\":\"Organization\",\"@id\":\"https:\/\/mon-carre-deco.com\/#organization\",\"name\":\"Mon Carr\u00e9 D\u00e9co\",\"url\":\"https:\/\/mon-carre-deco.com\/\",\"logo\":{\"@type\":\"ImageObject\",\"inLanguage\":\"en-US\",\"@id\":\"https:\/\/mon-carre-deco.com\/#\/schema\/logo\/image\/\",\"url\":\"https:\/\/mon-carre-deco.com\/wp-content\/uploads\/2021\/04\/cropped-Logo-mon-carre-deco-2.png\",\"contentUrl\":\"https:\/\/mon-carre-deco.com\/wp-content\/uploads\/2021\/04\/cropped-Logo-mon-carre-deco-2.png\",\"width\":1043,\"height\":1043,\"caption\":\"Mon Carr\u00e9 D\u00e9co\"},\"image\":{\"@id\":\"https:\/\/mon-carre-deco.com\/#\/schema\/logo\/image\/\"}}]}<\/script>\n<!-- \/ Yoast SEO plugin. -->","yoast_head_json":{"title":"Devenir votre fournisseur - Mon Carr\u00e9 D\u00e9co","description":"Vous souhaitez vendre nos tableaux dans vos boutiques, devenir distributeur Mon Carr\u00e9 D\u00e9co\u00ae. Pour cela rien de plus simple contactez nous.","robots":{"index":"index","follow":"follow","max-snippet":"max-snippet:-1","max-image-preview":"max-image-preview:large","max-video-preview":"max-video-preview:-1"},"canonical":"https:\/\/mon-carre-deco.com\/en\/devenez-distributeur\/","og_locale":"en_US","og_type":"article","og_title":"Devenir votre fournisseur - Mon Carr\u00e9 D\u00e9co","og_description":"Vous souhaitez vendre nos tableaux dans vos boutiques, devenir distributeur Mon Carr\u00e9 D\u00e9co\u00ae. Pour cela rien de plus simple contactez nous.","og_url":"https:\/\/mon-carre-deco.com\/en\/devenez-distributeur\/","og_site_name":"Mon Carr\u00e9 D\u00e9co","article_modified_time":"2022-02-02T22:56:13+00:00","og_image":[{"url":"http:\/\/mon-carre-deco.com\/wp-content\/uploads\/2017\/07\/Tableau-Hermes-Modrnisme-Tropical-en-decoration-de-salon-1024x681.jpg","type":"","width":"","height":""}],"twitter_card":"summary_large_image","twitter_misc":{"Est. reading time":"2 minutes"},"schema":{"@context":"https:\/\/schema.org","@graph":[{"@type":"WebPage","@id":"https:\/\/mon-carre-deco.com\/devenez-distributeur\/","url":"https:\/\/mon-carre-deco.com\/devenez-distributeur\/","name":"Devenir votre fournisseur - Mon Carr\u00e9 D\u00e9co","isPartOf":{"@id":"https:\/\/mon-carre-deco.com\/#website"},"primaryImageOfPage":{"@id":"https:\/\/mon-carre-deco.com\/devenez-distributeur\/#primaryimage"},"image":{"@id":"https:\/\/mon-carre-deco.com\/devenez-distributeur\/#primaryimage"},"thumbnailUrl":"http:\/\/mon-carre-deco.com\/wp-content\/uploads\/2017\/07\/Tableau-Hermes-Modrnisme-Tropical-en-decoration-de-salon-1024x681.jpg","datePublished":"2021-12-22T23:29:46+00:00","dateModified":"2022-02-02T22:56:13+00:00","description":"Vous souhaitez vendre nos tableaux dans vos boutiques, devenir distributeur Mon Carr\u00e9 D\u00e9co\u00ae. Pour cela rien de plus simple contactez nous.","breadcrumb":{"@id":"https:\/\/mon-carre-deco.com\/devenez-distributeur\/#breadcrumb"},"inLanguage":"en-US","potentialAction":[{"@type":"ReadAction","target":["https:\/\/mon-carre-deco.com\/devenez-distributeur\/"]}]},{"@type":"ImageObject","inLanguage":"en-US","@id":"https:\/\/mon-carre-deco.com\/devenez-distributeur\/#primaryimage","url":"http:\/\/mon-carre-deco.com\/wp-content\/uploads\/2017\/07\/Tableau-Hermes-Modrnisme-Tropical-en-decoration-de-salon-1024x681.jpg","contentUrl":"http:\/\/mon-carre-deco.com\/wp-content\/uploads\/2017\/07\/Tableau-Hermes-Modrnisme-Tropical-en-decoration-de-salon-1024x681.jpg"},{"@type":"BreadcrumbList","@id":"https:\/\/mon-carre-deco.com\/devenez-distributeur\/#breadcrumb","itemListElement":[{"@type":"ListItem","position":1,"name":"Accueil","item":"https:\/\/mon-carre-deco.com\/"},{"@type":"ListItem","position":2,"name":"Devenir votre fournisseur"}]},{"@type":"WebSite","@id":"https:\/\/mon-carre-deco.com\/#website","url":"https:\/\/mon-carre-deco.com\/","name":"Mon Carr\u00e9 D\u00e9co","description":"Mon Carr\u00e9 D&#039;art at Home, vente de tableau Herm\u00e8s, foulard carr\u00e9 Herm\u00e8s encadr\u00e9","publisher":{"@id":"https:\/\/mon-carre-deco.com\/#organization"},"potentialAction":[{"@type":"SearchAction","target":{"@type":"EntryPoint","urlTemplate":"https:\/\/mon-carre-deco.com\/?s={search_term_string}"},"query-input":{"@type":"PropertyValueSpecification","valueRequired":true,"valueName":"search_term_string"}}],"inLanguage":"en-US"},{"@type":"Organization","@id":"https:\/\/mon-carre-deco.com\/#organization","name":"Mon Carr\u00e9 D\u00e9co","url":"https:\/\/mon-carre-deco.com\/","logo":{"@type":"ImageObject","inLanguage":"en-US","@id":"https:\/\/mon-carre-deco.com\/#\/schema\/logo\/image\/","url":"https:\/\/mon-carre-deco.com\/wp-content\/uploads\/2021\/04\/cropped-Logo-mon-carre-deco-2.png","contentUrl":"https:\/\/mon-carre-deco.com\/wp-content\/uploads\/2021\/04\/cropped-Logo-mon-carre-deco-2.png","width":1043,"height":1043,"caption":"Mon Carr\u00e9 D\u00e9co"},"image":{"@id":"https:\/\/mon-carre-deco.com\/#\/schema\/logo\/image\/"}}]}},"_links":{"self":[{"href":"https:\/\/mon-carre-deco.com\/en\/wp-json\/wp\/v2\/pages\/2754","targetHints":{"allow":["GET"]}}],"collection":[{"href":"https:\/\/mon-carre-deco.com\/en\/wp-json\/wp\/v2\/pages"}],"about":[{"href":"https:\/\/mon-carre-deco.com\/en\/wp-json\/wp\/v2\/types\/page"}],"author":[{"embeddable":true,"href":"https:\/\/mon-carre-deco.com\/en\/wp-json\/wp\/v2\/users\/1"}],"replies":[{"embeddable":true,"href":"https:\/\/mon-carre-deco.com\/en\/wp-json\/wp\/v2\/comments?post=2754"}],"version-history":[{"count":24,"href":"https:\/\/mon-carre-deco.com\/en\/wp-json\/wp\/v2\/pages\/2754\/revisions"}],"predecessor-version":[{"id":3258,"href":"https:\/\/mon-carre-deco.com\/en\/wp-json\/wp\/v2\/pages\/2754\/revisions\/3258"}],"wp:attachment":[{"href":"https:\/\/mon-carre-deco.com\/en\/wp-json\/wp\/v2\/media?parent=2754"}],"curies":[{"name":"wp","href":"https:\/\/api.w.org\/{rel}","templated":true}]}}