{"id":3642,"date":"2022-08-05T19:28:16","date_gmt":"2022-08-05T17:28:16","guid":{"rendered":"https:\/\/mon-carre-deco.com\/?page_id=3642"},"modified":"2023-02-21T16:54:39","modified_gmt":"2023-02-21T15:54:39","slug":"cadeau-de-mariage","status":"publish","type":"page","link":"https:\/\/mon-carre-deco.com\/en\/cadeau-de-mariage\/","title":{"rendered":"Cadeau de Mariage"},"content":{"rendered":"<div data-elementor-type=\"wp-page\" data-elementor-id=\"3642\" class=\"elementor elementor-3642\">\n\t\t\t\t\t\t<section class=\"elementor-section elementor-top-section elementor-element elementor-element-315565c elementor-section-boxed elementor-section-height-default elementor-section-height-default\" data-id=\"315565c\" data-element_type=\"section\">\n\t\t\t\t\t\t<div class=\"elementor-container elementor-column-gap-default\">\n\t\t\t\t\t<div class=\"elementor-column elementor-col-50 elementor-top-column elementor-element elementor-element-f620667\" data-id=\"f620667\" data-element_type=\"column\">\n\t\t\t<div class=\"elementor-widget-wrap elementor-element-populated\">\n\t\t\t\t\t\t<div class=\"elementor-element elementor-element-9da663b elementor-widget elementor-widget-heading\" data-id=\"9da663b\" data-element_type=\"widget\" data-widget_type=\"heading.default\">\n\t\t\t\t<div class=\"elementor-widget-container\">\n\t\t\t\t\t<h2 class=\"elementor-heading-title elementor-size-default\">Cadeau de mariage<\/h2>\t\t\t\t<\/div>\n\t\t\t\t<\/div>\n\t\t\t\t<div class=\"elementor-element elementor-element-3d8ce24 elementor-widget elementor-widget-heading\" data-id=\"3d8ce24\" data-element_type=\"widget\" data-widget_type=\"heading.default\">\n\t\t\t\t<div class=\"elementor-widget-container\">\n\t\t\t\t\t<h4 class=\"elementor-heading-title elementor-size-default\">Un cadeau de mariage \u00e9coresponsable \u00e9l\u00e9gant et raffin\u00e9<\/h4>\t\t\t\t<\/div>\n\t\t\t\t<\/div>\n\t\t\t\t<div class=\"elementor-element elementor-element-ef83520 elementor-widget elementor-widget-text-editor\" data-id=\"ef83520\" data-element_type=\"widget\" data-widget_type=\"text-editor.default\">\n\t\t\t\t<div class=\"elementor-widget-container\">\n\t\t\t\t\t\t\t\t\t<p>Un Tableau Mon Carr\u00e9 D\u00e9co\u00ae en <strong>liste de mariage<\/strong>, c&rsquo;est le meilleur moyen de recevoir un <strong>cadeau de mariage<\/strong> d\u00e9sir\u00e9 ! Un cadeau de d\u00e9coration int\u00e9rieure dont vous profiterez \u00e0 deux \u00e0 l&rsquo;endroit o\u00f9 vous vivez votre amour.<\/p>\t\t\t\t\t\t\t\t<\/div>\n\t\t\t\t<\/div>\n\t\t\t\t<div class=\"elementor-element elementor-element-fc87bfa elementor-widget elementor-widget-image\" data-id=\"fc87bfa\" data-element_type=\"widget\" data-widget_type=\"image.default\">\n\t\t\t\t<div class=\"elementor-widget-container\">\n\t\t\t\t\t\t\t\t\t\t\t\t\t\t\t<img fetchpriority=\"high\" decoding=\"async\" width=\"967\" height=\"1074\" src=\"https:\/\/mon-carre-deco.com\/wp-content\/uploads\/2023\/02\/Tableau-cadeau-de-mariage-pivoines-_.jpg\" class=\"attachment-1536x1536 size-1536x1536 wp-image-3825\" alt=\"\" srcset=\"https:\/\/mon-carre-deco.com\/wp-content\/uploads\/2023\/02\/Tableau-cadeau-de-mariage-pivoines-_.jpg 967w, https:\/\/mon-carre-deco.com\/wp-content\/uploads\/2023\/02\/Tableau-cadeau-de-mariage-pivoines-_-270x300.jpg 270w, https:\/\/mon-carre-deco.com\/wp-content\/uploads\/2023\/02\/Tableau-cadeau-de-mariage-pivoines-_-922x1024.jpg 922w, https:\/\/mon-carre-deco.com\/wp-content\/uploads\/2023\/02\/Tableau-cadeau-de-mariage-pivoines-_-768x853.jpg 768w, https:\/\/mon-carre-deco.com\/wp-content\/uploads\/2023\/02\/Tableau-cadeau-de-mariage-pivoines-_-600x666.jpg 600w\" sizes=\"(max-width: 967px) 100vw, 967px\" \/>\t\t\t\t\t\t\t\t\t\t\t\t\t\t\t<\/div>\n\t\t\t\t<\/div>\n\t\t\t\t\t<\/div>\n\t\t<\/div>\n\t\t\t\t<div class=\"elementor-column elementor-col-50 elementor-top-column elementor-element elementor-element-a6b0057\" data-id=\"a6b0057\" data-element_type=\"column\">\n\t\t\t<div class=\"elementor-widget-wrap elementor-element-populated\">\n\t\t\t\t\t\t<div class=\"elementor-element elementor-element-333a21a elementor-widget elementor-widget-spacer\" data-id=\"333a21a\" data-element_type=\"widget\" data-widget_type=\"spacer.default\">\n\t\t\t\t<div class=\"elementor-widget-container\">\n\t\t\t\t\t\t\t<div class=\"elementor-spacer\">\n\t\t\t<div class=\"elementor-spacer-inner\"><\/div>\n\t\t<\/div>\n\t\t\t\t\t\t<\/div>\n\t\t\t\t<\/div>\n\t\t\t\t<div class=\"elementor-element elementor-element-792d40b elementor-widget elementor-widget-image\" data-id=\"792d40b\" data-element_type=\"widget\" data-widget_type=\"image.default\">\n\t\t\t\t<div class=\"elementor-widget-container\">\n\t\t\t\t\t\t\t\t\t\t\t\t\t\t\t<img decoding=\"async\" width=\"1024\" height=\"682\" src=\"https:\/\/mon-carre-deco.com\/wp-content\/uploads\/2022\/08\/couple-de-maries-1024x682.jpg\" class=\"attachment-large size-large wp-image-3649\" alt=\"couple de mari\u00e9s cadeau de mariage\" srcset=\"https:\/\/mon-carre-deco.com\/wp-content\/uploads\/2022\/08\/couple-de-maries-1024x682.jpg 1024w, https:\/\/mon-carre-deco.com\/wp-content\/uploads\/2022\/08\/couple-de-maries-300x200.jpg 300w, https:\/\/mon-carre-deco.com\/wp-content\/uploads\/2022\/08\/couple-de-maries-768x512.jpg 768w, https:\/\/mon-carre-deco.com\/wp-content\/uploads\/2022\/08\/couple-de-maries-600x400.jpg 600w, https:\/\/mon-carre-deco.com\/wp-content\/uploads\/2022\/08\/couple-de-maries.jpg 1280w\" sizes=\"(max-width: 1024px) 100vw, 1024px\" \/>\t\t\t\t\t\t\t\t\t\t\t\t\t\t\t<\/div>\n\t\t\t\t<\/div>\n\t\t\t\t\t<\/div>\n\t\t<\/div>\n\t\t\t\t\t<\/div>\n\t\t<\/section>\n\t\t\t\t<section class=\"elementor-section elementor-top-section elementor-element elementor-element-be0ea28 elementor-section-boxed elementor-section-height-default elementor-section-height-default\" data-id=\"be0ea28\" data-element_type=\"section\">\n\t\t\t\t\t\t<div class=\"elementor-container elementor-column-gap-default\">\n\t\t\t\t\t<div class=\"elementor-column elementor-col-66 elementor-top-column elementor-element elementor-element-48876fb\" data-id=\"48876fb\" data-element_type=\"column\">\n\t\t\t<div class=\"elementor-widget-wrap elementor-element-populated\">\n\t\t\t\t\t\t<div class=\"elementor-element elementor-element-6cc42c9 elementor-widget elementor-widget-text-editor\" data-id=\"6cc42c9\" data-element_type=\"widget\" data-widget_type=\"text-editor.default\">\n\t\t\t\t<div class=\"elementor-widget-container\">\n\t\t\t\t\t\t\t\t\t<p>Vous retirez une \u00e9pine du pied de bon nombre d&rsquo;invit\u00e9s qui se seraient creus\u00e9s la t\u00eate durant des heures pour savoir quoi vous offrir. Grand-m\u00e8re sera ravie d\u2019offrir <strong>un cadeau traditionnel et innovant<\/strong> qui corresponde \u00e0 ses valeurs. \u00a0<\/p><p>Alors si vous avez un coup de c\u0153ur pour un des tableaux de notre boutique, nous le r\u00e9servons et vous pourrez d\u00e9voiler \u00e0 vos invit\u00e9s l\u2019objet de d\u00e9coration \u00e9lu pour votre <strong>liste de mariage<\/strong>. Mais si toutefois vous souhaitez vous donner le temps de trouver la perle rare, que nous fassions une recherche particuli\u00e8re, sur un th\u00e8me, un coloris qui vous tienne \u00e0 c\u0153ur, vous pouvez d\u00e9j\u00e0 ouvrir votre liste, le montant collect\u00e9 sera attribu\u00e9 \u00e0 votre tableau.<\/p><p>Un<strong> cadeau de mariage<\/strong> est un <strong>cadeau<\/strong> tout particulier pour <strong>les mari\u00e9s<\/strong>. Avec un <strong>tableau d\u2019un foulard Herm\u00e8s<\/strong> vous contribuez au ph\u00e9nom\u00e8ne de transmission \u00e0 travers les g\u00e9n\u00e9rations des <strong>carr\u00e9s Herm\u00e8s<\/strong>, v\u00e9ritables Ic\u00f4nes. Une temporalit\u00e9 lente pour une signature d\u2019excellence et une patte unique, entre tradition et innovation. Ces Tableaux sont un <strong>cadeau d\u2019exception<\/strong>, un cadeau inoubliable <strong>pour les mari\u00e9s<\/strong>. Un <strong>cadeau \u00e9l\u00e9gant<\/strong> et <strong>raffin\u00e9<\/strong> pour la <strong>d\u00e9coration de leur maison<\/strong>.<\/p><p><strong>Avec la <a href=\"https:\/\/mon-carre-deco.com\/en\/location-tableau-hermes\/\">location-\u00e9change<\/a>, la mari\u00e9e<\/strong> et<strong> le mari\u00e9<\/strong> pourront changer leur <strong>d\u00e9coration int\u00e9rieure<\/strong> au gr\u00e9 des saisons, au rythme de leur amour grandissant.<\/p><p><strong>Les Tableaux de foulard de soie Herm\u00e8s<\/strong> <a href=\"https:\/\/mon-carre-deco.com\/en\/\" target=\"_blank\" rel=\"noopener\">mon-carre-deco\u00ae <\/a>vous accompagnent dans chaque moment important de votre vie. Tableau t\u00e9moin de votre union. Ils s\u2019int\u00e9greront aux <strong>murs de votre premier petit nid <\/strong>et rendront votre <strong>logement unique<\/strong>.<\/p>\t\t\t\t\t\t\t\t<\/div>\n\t\t\t\t<\/div>\n\t\t\t\t\t<\/div>\n\t\t<\/div>\n\t\t\t\t<div class=\"elementor-column elementor-col-33 elementor-top-column elementor-element elementor-element-d2b2d00\" data-id=\"d2b2d00\" data-element_type=\"column\">\n\t\t\t<div class=\"elementor-widget-wrap elementor-element-populated\">\n\t\t\t\t\t\t<div class=\"elementor-element elementor-element-f27ef85 elementor-widget elementor-widget-spacer\" data-id=\"f27ef85\" data-element_type=\"widget\" data-widget_type=\"spacer.default\">\n\t\t\t\t<div class=\"elementor-widget-container\">\n\t\t\t\t\t\t\t<div class=\"elementor-spacer\">\n\t\t\t<div class=\"elementor-spacer-inner\"><\/div>\n\t\t<\/div>\n\t\t\t\t\t\t<\/div>\n\t\t\t\t<\/div>\n\t\t\t\t<div class=\"elementor-element elementor-element-c10c1b9 elementor-widget elementor-widget-image\" data-id=\"c10c1b9\" data-element_type=\"widget\" data-widget_type=\"image.default\">\n\t\t\t\t<div class=\"elementor-widget-container\">\n\t\t\t\t\t\t\t\t\t\t\t\t\t\t\t<img decoding=\"async\" width=\"549\" height=\"826\" src=\"https:\/\/mon-carre-deco.com\/wp-content\/uploads\/2022\/08\/Cadres-dans-larbre.jpg\" class=\"attachment-medium_large size-medium_large wp-image-3646\" alt=\"Cadres cadeaux de mariage\" srcset=\"https:\/\/mon-carre-deco.com\/wp-content\/uploads\/2022\/08\/Cadres-dans-larbre.jpg 549w, https:\/\/mon-carre-deco.com\/wp-content\/uploads\/2022\/08\/Cadres-dans-larbre-199x300.jpg 199w\" sizes=\"(max-width: 549px) 100vw, 549px\" \/>\t\t\t\t\t\t\t\t\t\t\t\t\t\t\t<\/div>\n\t\t\t\t<\/div>\n\t\t\t\t<div class=\"elementor-element elementor-element-55b1a97 elementor-widget elementor-widget-spacer\" data-id=\"55b1a97\" data-element_type=\"widget\" data-widget_type=\"spacer.default\">\n\t\t\t\t<div class=\"elementor-widget-container\">\n\t\t\t\t\t\t\t<div class=\"elementor-spacer\">\n\t\t\t<div class=\"elementor-spacer-inner\"><\/div>\n\t\t<\/div>\n\t\t\t\t\t\t<\/div>\n\t\t\t\t<\/div>\n\t\t\t\t\t<\/div>\n\t\t<\/div>\n\t\t\t\t\t<\/div>\n\t\t<\/section>\n\t\t\t\t<\/div>","protected":false},"excerpt":{"rendered":"<p>Cadeau de mariage Un cadeau de mariage \u00e9coresponsable \u00e9l\u00e9gant et raffin\u00e9 Un Tableau Mon Carr\u00e9 D\u00e9co\u00ae en liste de mariage, c&rsquo;est le meilleur moyen de recevoir un cadeau de mariage d\u00e9sir\u00e9 ! Un cadeau de d\u00e9coration int\u00e9rieure dont vous profiterez \u00e0 deux \u00e0 l&rsquo;endroit o\u00f9 vous vivez votre amour. Vous retirez une \u00e9pine du pied &hellip;<\/p>\n<p class=\"read-more\"> <a class=\"\" href=\"https:\/\/mon-carre-deco.com\/en\/cadeau-de-mariage\/\"> <span class=\"screen-reader-text\">Cadeau de Mariage<\/span> Read More &raquo;<\/a><\/p>","protected":false},"author":1,"featured_media":3646,"parent":0,"menu_order":0,"comment_status":"closed","ping_status":"closed","template":"","meta":{"site-sidebar-layout":"no-sidebar","site-content-layout":"page-builder","ast-site-content-layout":"","site-content-style":"default","site-sidebar-style":"default","ast-global-header-display":"","ast-banner-title-visibility":"","ast-main-header-display":"","ast-hfb-above-header-display":"","ast-hfb-below-header-display":"","ast-hfb-mobile-header-display":"","site-post-title":"disabled","ast-breadcrumbs-content":"","ast-featured-img":"disabled","footer-sml-layout":"","theme-transparent-header-meta":"","adv-header-id-meta":"","stick-header-meta":"","header-above-stick-meta":"","header-main-stick-meta":"","header-below-stick-meta":"","astra-migrate-meta-layouts":"","footnotes":""},"class_list":["post-3642","page","type-page","status-publish","has-post-thumbnail","hentry"],"yoast_head":"<!-- This site is optimized with the Yoast SEO plugin v25.4 - https:\/\/yoast.com\/wordpress\/plugins\/seo\/ -->\n<title>Cadeau de Mariage - Mon Carr\u00e9 D\u00e9co<\/title>\n<meta name=\"description\" content=\"Un cadeau de mariage \u00e0 offrir en liste de mariage. Un tableau d\u2019un carr\u00e9 Herm\u00e8s, un cadeau pour les mari\u00e9s, \u00e9l\u00e9gant et raffin\u00e9 pour la d\u00e9coration de leur maison\" \/>\n<meta name=\"robots\" content=\"index, follow, max-snippet:-1, max-image-preview:large, max-video-preview:-1\" \/>\n<link rel=\"canonical\" href=\"https:\/\/mon-carre-deco.com\/en\/cadeau-de-mariage\/\" \/>\n<meta property=\"og:locale\" content=\"en_US\" \/>\n<meta property=\"og:type\" content=\"article\" \/>\n<meta property=\"og:title\" content=\"Cadeau de Mariage - Mon Carr\u00e9 D\u00e9co\" \/>\n<meta property=\"og:description\" content=\"Un cadeau de mariage \u00e0 offrir en liste de mariage. Un tableau d\u2019un carr\u00e9 Herm\u00e8s, un cadeau pour les mari\u00e9s, \u00e9l\u00e9gant et raffin\u00e9 pour la d\u00e9coration de leur maison\" \/>\n<meta property=\"og:url\" content=\"https:\/\/mon-carre-deco.com\/en\/cadeau-de-mariage\/\" \/>\n<meta property=\"og:site_name\" content=\"Mon Carr\u00e9 D\u00e9co\" \/>\n<meta property=\"article:modified_time\" content=\"2023-02-21T15:54:39+00:00\" \/>\n<meta property=\"og:image\" content=\"http:\/\/mon-carre-deco.com\/wp-content\/uploads\/2022\/08\/Cadres-dans-larbre.jpg\" \/>\n\t<meta property=\"og:image:width\" content=\"549\" \/>\n\t<meta property=\"og:image:height\" content=\"826\" \/>\n\t<meta property=\"og:image:type\" content=\"image\/jpeg\" \/>\n<meta name=\"twitter:card\" content=\"summary_large_image\" \/>\n<meta name=\"twitter:label1\" content=\"Est. reading time\" \/>\n\t<meta name=\"twitter:data1\" content=\"3 minutes\" \/>\n<script type=\"application\/ld+json\" class=\"yoast-schema-graph\">{\"@context\":\"https:\/\/schema.org\",\"@graph\":[{\"@type\":\"WebPage\",\"@id\":\"https:\/\/mon-carre-deco.com\/cadeau-de-mariage\/\",\"url\":\"https:\/\/mon-carre-deco.com\/cadeau-de-mariage\/\",\"name\":\"Cadeau de Mariage - Mon Carr\u00e9 D\u00e9co\",\"isPartOf\":{\"@id\":\"https:\/\/mon-carre-deco.com\/#website\"},\"primaryImageOfPage\":{\"@id\":\"https:\/\/mon-carre-deco.com\/cadeau-de-mariage\/#primaryimage\"},\"image\":{\"@id\":\"https:\/\/mon-carre-deco.com\/cadeau-de-mariage\/#primaryimage\"},\"thumbnailUrl\":\"https:\/\/mon-carre-deco.com\/wp-content\/uploads\/2022\/08\/Cadres-dans-larbre.jpg\",\"datePublished\":\"2022-08-05T17:28:16+00:00\",\"dateModified\":\"2023-02-21T15:54:39+00:00\",\"description\":\"Un cadeau de mariage \u00e0 offrir en liste de mariage. Un tableau d\u2019un carr\u00e9 Herm\u00e8s, un cadeau pour les mari\u00e9s, \u00e9l\u00e9gant et raffin\u00e9 pour la d\u00e9coration de leur maison\",\"breadcrumb\":{\"@id\":\"https:\/\/mon-carre-deco.com\/cadeau-de-mariage\/#breadcrumb\"},\"inLanguage\":\"en-US\",\"potentialAction\":[{\"@type\":\"ReadAction\",\"target\":[\"https:\/\/mon-carre-deco.com\/cadeau-de-mariage\/\"]}]},{\"@type\":\"ImageObject\",\"inLanguage\":\"en-US\",\"@id\":\"https:\/\/mon-carre-deco.com\/cadeau-de-mariage\/#primaryimage\",\"url\":\"https:\/\/mon-carre-deco.com\/wp-content\/uploads\/2022\/08\/Cadres-dans-larbre.jpg\",\"contentUrl\":\"https:\/\/mon-carre-deco.com\/wp-content\/uploads\/2022\/08\/Cadres-dans-larbre.jpg\",\"width\":549,\"height\":826,\"caption\":\"Cadres cadeaux de mariage\"},{\"@type\":\"BreadcrumbList\",\"@id\":\"https:\/\/mon-carre-deco.com\/cadeau-de-mariage\/#breadcrumb\",\"itemListElement\":[{\"@type\":\"ListItem\",\"position\":1,\"name\":\"Accueil\",\"item\":\"https:\/\/mon-carre-deco.com\/\"},{\"@type\":\"ListItem\",\"position\":2,\"name\":\"Cadeau de Mariage\"}]},{\"@type\":\"WebSite\",\"@id\":\"https:\/\/mon-carre-deco.com\/#website\",\"url\":\"https:\/\/mon-carre-deco.com\/\",\"name\":\"Mon Carr\u00e9 D\u00e9co\",\"description\":\"Mon Carr\u00e9 D&#039;art at Home, vente de tableau Herm\u00e8s, foulard carr\u00e9 Herm\u00e8s encadr\u00e9\",\"publisher\":{\"@id\":\"https:\/\/mon-carre-deco.com\/#organization\"},\"potentialAction\":[{\"@type\":\"SearchAction\",\"target\":{\"@type\":\"EntryPoint\",\"urlTemplate\":\"https:\/\/mon-carre-deco.com\/?s={search_term_string}\"},\"query-input\":{\"@type\":\"PropertyValueSpecification\",\"valueRequired\":true,\"valueName\":\"search_term_string\"}}],\"inLanguage\":\"en-US\"},{\"@type\":\"Organization\",\"@id\":\"https:\/\/mon-carre-deco.com\/#organization\",\"name\":\"Mon Carr\u00e9 D\u00e9co\",\"url\":\"https:\/\/mon-carre-deco.com\/\",\"logo\":{\"@type\":\"ImageObject\",\"inLanguage\":\"en-US\",\"@id\":\"https:\/\/mon-carre-deco.com\/#\/schema\/logo\/image\/\",\"url\":\"https:\/\/mon-carre-deco.com\/wp-content\/uploads\/2021\/04\/cropped-Logo-mon-carre-deco-2.png\",\"contentUrl\":\"https:\/\/mon-carre-deco.com\/wp-content\/uploads\/2021\/04\/cropped-Logo-mon-carre-deco-2.png\",\"width\":1043,\"height\":1043,\"caption\":\"Mon Carr\u00e9 D\u00e9co\"},\"image\":{\"@id\":\"https:\/\/mon-carre-deco.com\/#\/schema\/logo\/image\/\"}}]}<\/script>\n<!-- \/ Yoast SEO plugin. -->","yoast_head_json":{"title":"Cadeau de Mariage - Mon Carr\u00e9 D\u00e9co","description":"Un cadeau de mariage \u00e0 offrir en liste de mariage. Un tableau d\u2019un carr\u00e9 Herm\u00e8s, un cadeau pour les mari\u00e9s, \u00e9l\u00e9gant et raffin\u00e9 pour la d\u00e9coration de leur maison","robots":{"index":"index","follow":"follow","max-snippet":"max-snippet:-1","max-image-preview":"max-image-preview:large","max-video-preview":"max-video-preview:-1"},"canonical":"https:\/\/mon-carre-deco.com\/en\/cadeau-de-mariage\/","og_locale":"en_US","og_type":"article","og_title":"Cadeau de Mariage - Mon Carr\u00e9 D\u00e9co","og_description":"Un cadeau de mariage \u00e0 offrir en liste de mariage. Un tableau d\u2019un carr\u00e9 Herm\u00e8s, un cadeau pour les mari\u00e9s, \u00e9l\u00e9gant et raffin\u00e9 pour la d\u00e9coration de leur maison","og_url":"https:\/\/mon-carre-deco.com\/en\/cadeau-de-mariage\/","og_site_name":"Mon Carr\u00e9 D\u00e9co","article_modified_time":"2023-02-21T15:54:39+00:00","og_image":[{"width":549,"height":826,"url":"http:\/\/mon-carre-deco.com\/wp-content\/uploads\/2022\/08\/Cadres-dans-larbre.jpg","type":"image\/jpeg"}],"twitter_card":"summary_large_image","twitter_misc":{"Est. reading time":"3 minutes"},"schema":{"@context":"https:\/\/schema.org","@graph":[{"@type":"WebPage","@id":"https:\/\/mon-carre-deco.com\/cadeau-de-mariage\/","url":"https:\/\/mon-carre-deco.com\/cadeau-de-mariage\/","name":"Cadeau de Mariage - Mon Carr\u00e9 D\u00e9co","isPartOf":{"@id":"https:\/\/mon-carre-deco.com\/#website"},"primaryImageOfPage":{"@id":"https:\/\/mon-carre-deco.com\/cadeau-de-mariage\/#primaryimage"},"image":{"@id":"https:\/\/mon-carre-deco.com\/cadeau-de-mariage\/#primaryimage"},"thumbnailUrl":"https:\/\/mon-carre-deco.com\/wp-content\/uploads\/2022\/08\/Cadres-dans-larbre.jpg","datePublished":"2022-08-05T17:28:16+00:00","dateModified":"2023-02-21T15:54:39+00:00","description":"Un cadeau de mariage \u00e0 offrir en liste de mariage. Un tableau d\u2019un carr\u00e9 Herm\u00e8s, un cadeau pour les mari\u00e9s, \u00e9l\u00e9gant et raffin\u00e9 pour la d\u00e9coration de leur maison","breadcrumb":{"@id":"https:\/\/mon-carre-deco.com\/cadeau-de-mariage\/#breadcrumb"},"inLanguage":"en-US","potentialAction":[{"@type":"ReadAction","target":["https:\/\/mon-carre-deco.com\/cadeau-de-mariage\/"]}]},{"@type":"ImageObject","inLanguage":"en-US","@id":"https:\/\/mon-carre-deco.com\/cadeau-de-mariage\/#primaryimage","url":"https:\/\/mon-carre-deco.com\/wp-content\/uploads\/2022\/08\/Cadres-dans-larbre.jpg","contentUrl":"https:\/\/mon-carre-deco.com\/wp-content\/uploads\/2022\/08\/Cadres-dans-larbre.jpg","width":549,"height":826,"caption":"Cadres cadeaux de mariage"},{"@type":"BreadcrumbList","@id":"https:\/\/mon-carre-deco.com\/cadeau-de-mariage\/#breadcrumb","itemListElement":[{"@type":"ListItem","position":1,"name":"Accueil","item":"https:\/\/mon-carre-deco.com\/"},{"@type":"ListItem","position":2,"name":"Cadeau de Mariage"}]},{"@type":"WebSite","@id":"https:\/\/mon-carre-deco.com\/#website","url":"https:\/\/mon-carre-deco.com\/","name":"Mon Carr\u00e9 D\u00e9co","description":"Mon Carr\u00e9 D&#039;art at Home, vente de tableau Herm\u00e8s, foulard carr\u00e9 Herm\u00e8s encadr\u00e9","publisher":{"@id":"https:\/\/mon-carre-deco.com\/#organization"},"potentialAction":[{"@type":"SearchAction","target":{"@type":"EntryPoint","urlTemplate":"https:\/\/mon-carre-deco.com\/?s={search_term_string}"},"query-input":{"@type":"PropertyValueSpecification","valueRequired":true,"valueName":"search_term_string"}}],"inLanguage":"en-US"},{"@type":"Organization","@id":"https:\/\/mon-carre-deco.com\/#organization","name":"Mon Carr\u00e9 D\u00e9co","url":"https:\/\/mon-carre-deco.com\/","logo":{"@type":"ImageObject","inLanguage":"en-US","@id":"https:\/\/mon-carre-deco.com\/#\/schema\/logo\/image\/","url":"https:\/\/mon-carre-deco.com\/wp-content\/uploads\/2021\/04\/cropped-Logo-mon-carre-deco-2.png","contentUrl":"https:\/\/mon-carre-deco.com\/wp-content\/uploads\/2021\/04\/cropped-Logo-mon-carre-deco-2.png","width":1043,"height":1043,"caption":"Mon Carr\u00e9 D\u00e9co"},"image":{"@id":"https:\/\/mon-carre-deco.com\/#\/schema\/logo\/image\/"}}]}},"_links":{"self":[{"href":"https:\/\/mon-carre-deco.com\/en\/wp-json\/wp\/v2\/pages\/3642","targetHints":{"allow":["GET"]}}],"collection":[{"href":"https:\/\/mon-carre-deco.com\/en\/wp-json\/wp\/v2\/pages"}],"about":[{"href":"https:\/\/mon-carre-deco.com\/en\/wp-json\/wp\/v2\/types\/page"}],"author":[{"embeddable":true,"href":"https:\/\/mon-carre-deco.com\/en\/wp-json\/wp\/v2\/users\/1"}],"replies":[{"embeddable":true,"href":"https:\/\/mon-carre-deco.com\/en\/wp-json\/wp\/v2\/comments?post=3642"}],"version-history":[{"count":135,"href":"https:\/\/mon-carre-deco.com\/en\/wp-json\/wp\/v2\/pages\/3642\/revisions"}],"predecessor-version":[{"id":4021,"href":"https:\/\/mon-carre-deco.com\/en\/wp-json\/wp\/v2\/pages\/3642\/revisions\/4021"}],"wp:featuredmedia":[{"embeddable":true,"href":"https:\/\/mon-carre-deco.com\/en\/wp-json\/wp\/v2\/media\/3646"}],"wp:attachment":[{"href":"https:\/\/mon-carre-deco.com\/en\/wp-json\/wp\/v2\/media?parent=3642"}],"curies":[{"name":"wp","href":"https:\/\/api.w.org\/{rel}","templated":true}]}}