{"id":159,"date":"2017-12-20T12:54:27","date_gmt":"2017-12-20T12:54:27","guid":{"rendered":"http:\/\/mon-carre-deco.com\/index.php\/produit\/flower-bed\/"},"modified":"2023-03-24T11:14:46","modified_gmt":"2023-03-24T10:14:46","slug":"cheval-fusion","status":"publish","type":"product","link":"https:\/\/mon-carre-deco.com\/en\/product\/cheval-fusion\/","title":{"rendered":"Tableau &#8211; Carr\u00e9 Herm\u00e8s Cheval Fusion"},"content":{"rendered":"<p>\u00ab\u00a0Cheval fusion\u00a0\u00bb<\/p>\n<p>Edit\u00e9 en 2014, non r\u00e9\u00e9dit\u00e9<\/p>\n<p>Designer : <a href=\"https:\/\/dimitrir.cargo.site\/about\" target=\"_blank\" rel=\"noopener noreferrer\">Dimitri Rybaltchenko<\/a><\/p>\n<p>Dimitri Rybaltchenko est issu d\u2019une famille de grands artistes, qui ont tous jou\u00e9 un r\u00f4le majeur dans le succ\u00e8s de la Maison Herm\u00e8s, en particulier l\u2019Herm\u00e8s Carr\u00e9. Dimitri est le fils de Vladimir Rybaltchenko. Ils ont tous deux con\u00e7u des certaines des carr\u00e9s Herm\u00e8s les plus populaires et les plus recherch\u00e9es.<\/p>\n<p>Vladimir Rybaltchenko (1939 &#8211; 2002) \u00e9tait le petit-neveu de Philippe Ledoux qui a con\u00e7u de nombreux fabuleux foulards pour la Maison de couture.<\/p>\n<p>Dimitri a perp\u00e9tu\u00e9 l\u2019h\u00e9ritage de sa famille en cr\u00e9ant des favoris tels que le Noel au 24 Faubourg, Perles du Kenya, Varangues et Prieres au Vent.<\/p>\n<p>Son \u00e2me d\u2019artiste s\u2019exprime dans le soin extr\u00eame de qualit\u00e9, son respect des savoir-faire, et dans son amour de l\u2019objet m\u00fb par une attention joyeuse et g\u00e9n\u00e9reuse pour la personne qui va vivre avec sa cr\u00e9ation. Pour longtemps\u2026<\/p>\n<p><em>You'll also like<\/em><\/p>\n<blockquote>\n<figure id=\"attachment_1282\" aria-describedby=\"caption-attachment-1282\" style=\"width: 255px\" class=\"wp-caption alignnone\"><a href=\"https:\/\/www.kazoart.com\/fr\/collections\/sculpture\/metal\/73782-alain-mandon-adonis.html\" target=\"_blank\" rel=\"noopener noreferrer\"><img fetchpriority=\"high\" decoding=\"async\" class=\"wp-image-1282\" src=\"http:\/\/mon-carre-deco.com\/wp-content\/uploads\/2021\/04\/ADONIS-Alain-Mandon-225x300.jpg\" alt=\"Buste homme en alliage de m\u00e9tal \u00e9tain dor\u00e9 \u00e0 la feuille, aspect brillant.\" width=\"255\" height=\"340\" \/><\/a><figcaption id=\"caption-attachment-1282\" class=\"wp-caption-text\">Buste ADONIS Alain Mandon, en alliage de m\u00e9tal \u00e9tain dor\u00e9 \u00e0 la feuille.<\/figcaption><\/figure><\/blockquote>","protected":false},"excerpt":{"rendered":"<p><em>Cheval Fusion<\/em> en m\u00e9tal liquide or, dense et remarquablement mobile, unique, tel du vif-argent, qui tient son nom d&rsquo;une plan\u00e8te dont la c\u00e9l\u00e9rit\u00e9 lui valut d&rsquo;\u00eatre compar\u00e9e \u00e0 une divinit\u00e9 voyageuse, Mercure pour les Romains, Herm\u00e8s pour les Grecs. Herm\u00e8s nous y voici. M\u00e9taphore alchimique, ces gouttes ardentes \u00e0 l&rsquo;\u00e9clat d&rsquo;or en fusion s&rsquo;agr\u00e8gent en une silhouette \u00e9questre de destrier o\u00f9 toutes les formes se m\u00ealent : mors, boucles, \u00e9triers.<\/p>\n<ul>\n<li>Silk<\/li>\n<li>Couleur : blanc et or<\/li>\n<li>Moulure noire<\/li>\n<li>White matting<\/li>\n<li>Verre de protection anti UV<\/li>\n<li>Fixation murale \u00e0 l&rsquo;arri\u00e8re<\/li>\n<\/ul>","protected":false},"featured_media":741,"comment_status":"open","ping_status":"closed","template":"","meta":{"site-sidebar-layout":"default","site-content-layout":"default","ast-site-content-layout":"","site-content-style":"default","site-sidebar-style":"default","ast-global-header-display":"","ast-banner-title-visibility":"","ast-main-header-display":"","ast-hfb-above-header-display":"","ast-hfb-below-header-display":"","ast-hfb-mobile-header-display":"","site-post-title":"","ast-breadcrumbs-content":"","ast-featured-img":"","footer-sml-layout":"","theme-transparent-header-meta":"default","adv-header-id-meta":"","stick-header-meta":"","header-above-stick-meta":"","header-main-stick-meta":"","header-below-stick-meta":"","astra-migrate-meta-layouts":""},"product_brand":[],"product_cat":[24],"product_tag":[],"class_list":{"0":"post-159","1":"product","2":"type-product","3":"status-publish","4":"has-post-thumbnail","6":"product_cat-carre-90x90","7":"desktop-align-left","8":"tablet-align-left","9":"mobile-align-left","11":"first","12":"outofstock","13":"featured","14":"sold-individually","15":"shipping-taxable","16":"product-type-simple"},"yoast_head":"<!-- This site is optimized with the Yoast SEO plugin v25.4 - https:\/\/yoast.com\/wordpress\/plugins\/seo\/ -->\n<title>Tableau - Carr\u00e9 Herm\u00e8s Cheval Fusion (blanc et or) - Mon Carr\u00e9 D\u00e9co<\/title>\n<meta name=\"description\" content=\"Foulard Herm\u00e8s encadr\u00e9, Carr\u00e9 Hermes Cheval Fusion par Dimitri Rybaltchenko. Cadre noir. Passe-partout blanc. Pi\u00e8ce de d\u00e9coration d&#039;int\u00e9rieur.\" \/>\n<meta name=\"robots\" content=\"index, follow, max-snippet:-1, max-image-preview:large, max-video-preview:-1\" \/>\n<link rel=\"canonical\" href=\"https:\/\/mon-carre-deco.com\/en\/product\/cheval-fusion\/\" \/>\n<meta property=\"og:locale\" content=\"en_US\" \/>\n<meta property=\"og:type\" content=\"article\" \/>\n<meta property=\"og:title\" content=\"Tableau - Carr\u00e9 Herm\u00e8s Cheval Fusion (blanc et or) - Mon Carr\u00e9 D\u00e9co\" \/>\n<meta property=\"og:description\" content=\"Foulard Herm\u00e8s encadr\u00e9, Carr\u00e9 Hermes Cheval Fusion par Dimitri Rybaltchenko. Cadre noir. Passe-partout blanc. Pi\u00e8ce de d\u00e9coration d&#039;int\u00e9rieur.\" \/>\n<meta property=\"og:url\" content=\"https:\/\/mon-carre-deco.com\/en\/product\/cheval-fusion\/\" \/>\n<meta property=\"og:site_name\" content=\"Mon Carr\u00e9 D\u00e9co\" \/>\n<meta property=\"article:modified_time\" content=\"2023-03-24T10:14:46+00:00\" \/>\n<meta property=\"og:image\" content=\"http:\/\/mon-carre-deco.com\/wp-content\/uploads\/2017\/12\/Cheval-fusion-Carre-Hermes-tableau-cadre-noir-1.jpg\" \/>\n\t<meta property=\"og:image:width\" content=\"1900\" \/>\n\t<meta property=\"og:image:height\" content=\"1900\" \/>\n\t<meta property=\"og:image:type\" content=\"image\/jpeg\" \/>\n<meta name=\"twitter:card\" content=\"summary_large_image\" \/>\n<meta name=\"twitter:label1\" content=\"Est. reading time\" \/>\n\t<meta name=\"twitter:data1\" content=\"2 minutes\" \/>\n<script type=\"application\/ld+json\" class=\"yoast-schema-graph\">{\"@context\":\"https:\/\/schema.org\",\"@graph\":[{\"@type\":\"WebPage\",\"@id\":\"https:\/\/mon-carre-deco.com\/produit\/cheval-fusion\/\",\"url\":\"https:\/\/mon-carre-deco.com\/produit\/cheval-fusion\/\",\"name\":\"Tableau - Carr\u00e9 Herm\u00e8s Cheval Fusion (blanc et or) - Mon Carr\u00e9 D\u00e9co\",\"isPartOf\":{\"@id\":\"https:\/\/mon-carre-deco.com\/#website\"},\"primaryImageOfPage\":{\"@id\":\"https:\/\/mon-carre-deco.com\/produit\/cheval-fusion\/#primaryimage\"},\"image\":{\"@id\":\"https:\/\/mon-carre-deco.com\/produit\/cheval-fusion\/#primaryimage\"},\"thumbnailUrl\":\"https:\/\/mon-carre-deco.com\/wp-content\/uploads\/2017\/12\/Cheval-fusion-Carre-Hermes-tableau-cadre-noir-1.jpg\",\"datePublished\":\"2017-12-20T12:54:27+00:00\",\"dateModified\":\"2023-03-24T10:14:46+00:00\",\"description\":\"Foulard Herm\u00e8s encadr\u00e9, Carr\u00e9 Hermes Cheval Fusion par Dimitri Rybaltchenko. Cadre noir. Passe-partout blanc. Pi\u00e8ce de d\u00e9coration d'int\u00e9rieur.\",\"breadcrumb\":{\"@id\":\"https:\/\/mon-carre-deco.com\/produit\/cheval-fusion\/#breadcrumb\"},\"inLanguage\":\"en-US\",\"potentialAction\":[{\"@type\":\"ReadAction\",\"target\":[\"https:\/\/mon-carre-deco.com\/produit\/cheval-fusion\/\"]}]},{\"@type\":\"ImageObject\",\"inLanguage\":\"en-US\",\"@id\":\"https:\/\/mon-carre-deco.com\/produit\/cheval-fusion\/#primaryimage\",\"url\":\"https:\/\/mon-carre-deco.com\/wp-content\/uploads\/2017\/12\/Cheval-fusion-Carre-Hermes-tableau-cadre-noir-1.jpg\",\"contentUrl\":\"https:\/\/mon-carre-deco.com\/wp-content\/uploads\/2017\/12\/Cheval-fusion-Carre-Hermes-tableau-cadre-noir-1.jpg\",\"width\":1900,\"height\":1900,\"caption\":\"Tableau Carr\u00e9 Herm\u00e8s Cheval Fusion, moulure de cadre noire, passe-partout blanc, en d\u00e9coration murale de chambre ambiance Art d\u00e9co\"},{\"@type\":\"BreadcrumbList\",\"@id\":\"https:\/\/mon-carre-deco.com\/produit\/cheval-fusion\/#breadcrumb\",\"itemListElement\":[{\"@type\":\"ListItem\",\"position\":1,\"name\":\"Accueil\",\"item\":\"https:\/\/mon-carre-deco.com\/\"},{\"@type\":\"ListItem\",\"position\":2,\"name\":\"Tableaux\",\"item\":\"https:\/\/mon-carre-deco.com\/boutique-tableau-hermes\/\"},{\"@type\":\"ListItem\",\"position\":3,\"name\":\"Tableau &#8211; Carr\u00e9 Herm\u00e8s Cheval Fusion\"}]},{\"@type\":\"WebSite\",\"@id\":\"https:\/\/mon-carre-deco.com\/#website\",\"url\":\"https:\/\/mon-carre-deco.com\/\",\"name\":\"Mon Carr\u00e9 D\u00e9co\",\"description\":\"Mon Carr\u00e9 D&#039;art at Home, vente de tableau Herm\u00e8s, foulard carr\u00e9 Herm\u00e8s encadr\u00e9\",\"publisher\":{\"@id\":\"https:\/\/mon-carre-deco.com\/#organization\"},\"potentialAction\":[{\"@type\":\"SearchAction\",\"target\":{\"@type\":\"EntryPoint\",\"urlTemplate\":\"https:\/\/mon-carre-deco.com\/?s={search_term_string}\"},\"query-input\":{\"@type\":\"PropertyValueSpecification\",\"valueRequired\":true,\"valueName\":\"search_term_string\"}}],\"inLanguage\":\"en-US\"},{\"@type\":\"Organization\",\"@id\":\"https:\/\/mon-carre-deco.com\/#organization\",\"name\":\"Mon Carr\u00e9 D\u00e9co\",\"url\":\"https:\/\/mon-carre-deco.com\/\",\"logo\":{\"@type\":\"ImageObject\",\"inLanguage\":\"en-US\",\"@id\":\"https:\/\/mon-carre-deco.com\/#\/schema\/logo\/image\/\",\"url\":\"https:\/\/mon-carre-deco.com\/wp-content\/uploads\/2021\/04\/cropped-Logo-mon-carre-deco-2.png\",\"contentUrl\":\"https:\/\/mon-carre-deco.com\/wp-content\/uploads\/2021\/04\/cropped-Logo-mon-carre-deco-2.png\",\"width\":1043,\"height\":1043,\"caption\":\"Mon Carr\u00e9 D\u00e9co\"},\"image\":{\"@id\":\"https:\/\/mon-carre-deco.com\/#\/schema\/logo\/image\/\"}}]}<\/script>\n<!-- \/ Yoast SEO plugin. -->","yoast_head_json":{"title":"Tableau - Carr\u00e9 Herm\u00e8s Cheval Fusion (blanc et or) - Mon Carr\u00e9 D\u00e9co","description":"Foulard Herm\u00e8s encadr\u00e9, Carr\u00e9 Hermes Cheval Fusion par Dimitri Rybaltchenko. Cadre noir. Passe-partout blanc. Pi\u00e8ce de d\u00e9coration d'int\u00e9rieur.","robots":{"index":"index","follow":"follow","max-snippet":"max-snippet:-1","max-image-preview":"max-image-preview:large","max-video-preview":"max-video-preview:-1"},"canonical":"https:\/\/mon-carre-deco.com\/en\/product\/cheval-fusion\/","og_locale":"en_US","og_type":"article","og_title":"Tableau - Carr\u00e9 Herm\u00e8s Cheval Fusion (blanc et or) - Mon Carr\u00e9 D\u00e9co","og_description":"Foulard Herm\u00e8s encadr\u00e9, Carr\u00e9 Hermes Cheval Fusion par Dimitri Rybaltchenko. Cadre noir. Passe-partout blanc. Pi\u00e8ce de d\u00e9coration d'int\u00e9rieur.","og_url":"https:\/\/mon-carre-deco.com\/en\/product\/cheval-fusion\/","og_site_name":"Mon Carr\u00e9 D\u00e9co","article_modified_time":"2023-03-24T10:14:46+00:00","og_image":[{"width":1900,"height":1900,"url":"http:\/\/mon-carre-deco.com\/wp-content\/uploads\/2017\/12\/Cheval-fusion-Carre-Hermes-tableau-cadre-noir-1.jpg","type":"image\/jpeg"}],"twitter_card":"summary_large_image","twitter_misc":{"Est. reading time":"2 minutes"},"schema":{"@context":"https:\/\/schema.org","@graph":[{"@type":"WebPage","@id":"https:\/\/mon-carre-deco.com\/produit\/cheval-fusion\/","url":"https:\/\/mon-carre-deco.com\/produit\/cheval-fusion\/","name":"Tableau - Carr\u00e9 Herm\u00e8s Cheval Fusion (blanc et or) - Mon Carr\u00e9 D\u00e9co","isPartOf":{"@id":"https:\/\/mon-carre-deco.com\/#website"},"primaryImageOfPage":{"@id":"https:\/\/mon-carre-deco.com\/produit\/cheval-fusion\/#primaryimage"},"image":{"@id":"https:\/\/mon-carre-deco.com\/produit\/cheval-fusion\/#primaryimage"},"thumbnailUrl":"https:\/\/mon-carre-deco.com\/wp-content\/uploads\/2017\/12\/Cheval-fusion-Carre-Hermes-tableau-cadre-noir-1.jpg","datePublished":"2017-12-20T12:54:27+00:00","dateModified":"2023-03-24T10:14:46+00:00","description":"Foulard Herm\u00e8s encadr\u00e9, Carr\u00e9 Hermes Cheval Fusion par Dimitri Rybaltchenko. Cadre noir. Passe-partout blanc. Pi\u00e8ce de d\u00e9coration d'int\u00e9rieur.","breadcrumb":{"@id":"https:\/\/mon-carre-deco.com\/produit\/cheval-fusion\/#breadcrumb"},"inLanguage":"en-US","potentialAction":[{"@type":"ReadAction","target":["https:\/\/mon-carre-deco.com\/produit\/cheval-fusion\/"]}]},{"@type":"ImageObject","inLanguage":"en-US","@id":"https:\/\/mon-carre-deco.com\/produit\/cheval-fusion\/#primaryimage","url":"https:\/\/mon-carre-deco.com\/wp-content\/uploads\/2017\/12\/Cheval-fusion-Carre-Hermes-tableau-cadre-noir-1.jpg","contentUrl":"https:\/\/mon-carre-deco.com\/wp-content\/uploads\/2017\/12\/Cheval-fusion-Carre-Hermes-tableau-cadre-noir-1.jpg","width":1900,"height":1900,"caption":"Tableau Carr\u00e9 Herm\u00e8s Cheval Fusion, moulure de cadre noire, passe-partout blanc, en d\u00e9coration murale de chambre ambiance Art d\u00e9co"},{"@type":"BreadcrumbList","@id":"https:\/\/mon-carre-deco.com\/produit\/cheval-fusion\/#breadcrumb","itemListElement":[{"@type":"ListItem","position":1,"name":"Accueil","item":"https:\/\/mon-carre-deco.com\/"},{"@type":"ListItem","position":2,"name":"Tableaux","item":"https:\/\/mon-carre-deco.com\/boutique-tableau-hermes\/"},{"@type":"ListItem","position":3,"name":"Tableau &#8211; Carr\u00e9 Herm\u00e8s Cheval Fusion"}]},{"@type":"WebSite","@id":"https:\/\/mon-carre-deco.com\/#website","url":"https:\/\/mon-carre-deco.com\/","name":"Mon Carr\u00e9 D\u00e9co","description":"Mon Carr\u00e9 D&#039;art at Home, vente de tableau Herm\u00e8s, foulard carr\u00e9 Herm\u00e8s encadr\u00e9","publisher":{"@id":"https:\/\/mon-carre-deco.com\/#organization"},"potentialAction":[{"@type":"SearchAction","target":{"@type":"EntryPoint","urlTemplate":"https:\/\/mon-carre-deco.com\/?s={search_term_string}"},"query-input":{"@type":"PropertyValueSpecification","valueRequired":true,"valueName":"search_term_string"}}],"inLanguage":"en-US"},{"@type":"Organization","@id":"https:\/\/mon-carre-deco.com\/#organization","name":"Mon Carr\u00e9 D\u00e9co","url":"https:\/\/mon-carre-deco.com\/","logo":{"@type":"ImageObject","inLanguage":"en-US","@id":"https:\/\/mon-carre-deco.com\/#\/schema\/logo\/image\/","url":"https:\/\/mon-carre-deco.com\/wp-content\/uploads\/2021\/04\/cropped-Logo-mon-carre-deco-2.png","contentUrl":"https:\/\/mon-carre-deco.com\/wp-content\/uploads\/2021\/04\/cropped-Logo-mon-carre-deco-2.png","width":1043,"height":1043,"caption":"Mon Carr\u00e9 D\u00e9co"},"image":{"@id":"https:\/\/mon-carre-deco.com\/#\/schema\/logo\/image\/"}}]}},"_links":{"self":[{"href":"https:\/\/mon-carre-deco.com\/en\/wp-json\/wp\/v2\/product\/159","targetHints":{"allow":["GET"]}}],"collection":[{"href":"https:\/\/mon-carre-deco.com\/en\/wp-json\/wp\/v2\/product"}],"about":[{"href":"https:\/\/mon-carre-deco.com\/en\/wp-json\/wp\/v2\/types\/product"}],"replies":[{"embeddable":true,"href":"https:\/\/mon-carre-deco.com\/en\/wp-json\/wp\/v2\/comments?post=159"}],"version-history":[{"count":49,"href":"https:\/\/mon-carre-deco.com\/en\/wp-json\/wp\/v2\/product\/159\/revisions"}],"predecessor-version":[{"id":4043,"href":"https:\/\/mon-carre-deco.com\/en\/wp-json\/wp\/v2\/product\/159\/revisions\/4043"}],"wp:featuredmedia":[{"embeddable":true,"href":"https:\/\/mon-carre-deco.com\/en\/wp-json\/wp\/v2\/media\/741"}],"wp:attachment":[{"href":"https:\/\/mon-carre-deco.com\/en\/wp-json\/wp\/v2\/media?parent=159"}],"wp:term":[{"taxonomy":"product_brand","embeddable":true,"href":"https:\/\/mon-carre-deco.com\/en\/wp-json\/wp\/v2\/product_brand?post=159"},{"taxonomy":"product_cat","embeddable":true,"href":"https:\/\/mon-carre-deco.com\/en\/wp-json\/wp\/v2\/product_cat?post=159"},{"taxonomy":"product_tag","embeddable":true,"href":"https:\/\/mon-carre-deco.com\/en\/wp-json\/wp\/v2\/product_tag?post=159"}],"curies":[{"name":"wp","href":"https:\/\/api.w.org\/{rel}","templated":true}]}}