{"id":1964,"date":"2021-06-02T20:30:37","date_gmt":"2021-06-02T18:30:37","guid":{"rendered":"https:\/\/mon-carre-deco.com\/?post_type=product&#038;p=1964"},"modified":"2023-12-25T18:06:37","modified_gmt":"2023-12-25T17:06:37","slug":"tableau-hermes-alternateur-cadeau-homme","status":"publish","type":"product","link":"https:\/\/mon-carre-deco.com\/en\/product\/tableau-hermes-alternateur-cadeau-homme\/","title":{"rendered":"Tableau &#8211; Carr\u00e9 Herm\u00e8s Alternateur"},"content":{"rendered":"<p>\u00ab\u00a0Alternateur\u00a0\u00bb<\/p>\n<p>\u00c9dit\u00e9 en 1971<\/p>\n<p>Designer : <a href=\"http:\/\/mon-carre-deco.com\/wp-content\/uploads\/2021\/06\/pierre__peron__loeuvre__graphique.pdf\">Pierre P\u00e9ron<\/a><\/p>\n<p>Pierre P\u00e9ron, born October 5, 1905 in Brest and died in the same city on March 27, 1988,\nis a French illustrator, graphic designer, caricaturist, painter, engraver, decorator, sculptor,\nfilmmaker and writer.<\/p>\n<p>Il a laiss\u00e9 une \u0153uvre riche, sentie et alerte. Sa vitalit\u00e9, sa passion cr\u00e9atrice l\u2019ont conduit \u00e0 utiliser les moyens les plus divers pour transcrire ce qu\u2019enregistrait un \u0153il constamment en \u00e9veil, disponible, actif et g\u00e9n\u00e9reux. Il a \u00e9prouv\u00e9 son art et sa vision dans le domaines les plus divers. Outre les toiles, les gouaches, cartes, dessins, cartes \u00e0 gratter, linol\u00e9um et bois grav\u00e9\u2026 il n\u2019a cess\u00e9 de sortir des domaines classiques de l\u2019art pour produire des \u0153uvres \u00e0 plus grande diffusion. La liste en serait longue \u00e0 dresser, car pour \u00eatre totalement exhaustif, il faudrait d\u00e9tailler ses productions pour la presse : caricatures, bandes dessin\u00e9es, premi\u00e8res pages du \u00bb T\u00e9l\u00e9gramme \u00bb, sa production cin\u00e9matographique, ses fresques murales dont les premi\u00e8res datent de 1932, avec les quatre grandes peintures de la salle du Cin\u00e9ma ARMOR ex\u00e9cut\u00e9es sur le th\u00e8me de la Mer ; ses tapisseries pour la Jeanne-d\u2019Arc, ses foulards pour la Maison LE MINOR de Pont-l&rsquo;Abb\u00e9 et surtout sa durable collaboration avec la Maison HERMES &#8230; ses bijoux KELT \u2026sa conception de plusieurs m\u00e9dailles \u2026 Il a m\u00eame r\u00e9alis\u00e9 des dessins de billets de tombola et de timbres postes !<\/p>\n<p>Du m\u00eame artiste : <a href=\"https:\/\/mon-carre-deco.com\/en\/product\/tableau-carre-hermes-thalassa\/ \u200e\/\">\u00ab\u00a0Thalassa\u00a0\u00bb<\/a><\/p>\n<p>You'll also like<\/p>\n<blockquote>\n<figure id=\"attachment_2066\" aria-describedby=\"caption-attachment-2066\" style=\"width: 213px\" class=\"wp-caption alignnone\"><a href=\"https:\/\/www.facebook.com\/Raymond-by-St-R%C3%A9my-101385735381630\/?ref=page_internal\"><img fetchpriority=\"high\" decoding=\"async\" class=\"size-medium wp-image-2066\" src=\"http:\/\/mon-carre-deco.com\/wp-content\/uploads\/2021\/06\/Robot-93-LCBOTS-1-213x300.jpg\" alt=\"Robot 93 LCBOTS Galerie Raymond by St-R\u00e9my\" width=\"213\" height=\"300\" srcset=\"https:\/\/mon-carre-deco.com\/wp-content\/uploads\/2021\/06\/Robot-93-LCBOTS-1-213x300.jpg 213w, https:\/\/mon-carre-deco.com\/wp-content\/uploads\/2021\/06\/Robot-93-LCBOTS-1.jpg 495w\" sizes=\"(max-width: 213px) 100vw, 213px\" \/><\/a><figcaption id=\"caption-attachment-2066\" class=\"wp-caption-text\">Robot 93 LCBOTS Galerie Raymond by St-R\u00e9my<\/figcaption><\/figure><\/blockquote>\n<p>&nbsp;<\/p>\n<p>&nbsp;<\/p>","protected":false},"excerpt":{"rendered":"<p><span class=\"aCOpRe\">Il n&rsquo;est pas rare de penser la d\u00e9coration int\u00e9rieure comme une \u00ab\u00a0affaire\u00a0\u00bb exclusivement f\u00e9minine. Hors les hommes peuvent voir en la d\u00e9coration int\u00e9rieure une affirmation de masculinit\u00e9 et d&rsquo;un style de vie.<\/span><\/p>\n<p><em>Alternateur <\/em>de Pierre P\u00e9ron saura conqu\u00e9rir plus d&rsquo;un homme. Pour une d\u00e9coration \u00e9pur\u00e9e, un int\u00e9rieur sobre, avec des mat\u00e9riaux bruts, il suffira \u00e0 habiller un mur.<\/p>\n<ul>\n<li>Silk<\/li>\n<li>couleurs dominantes : vert, blanc, gris<\/li>\n<li>Moulure en bois gris anthracite<\/li>\n<li>White matting<\/li>\n<li>Verre acrylique de protection<\/li>\n<li>Rear mounting hook<\/li>\n<\/ul>\n<p>Designer : Pierre P\u00e9ron<\/p>","protected":false},"featured_media":1978,"comment_status":"open","ping_status":"closed","template":"","meta":{"site-sidebar-layout":"default","site-content-layout":"default","ast-site-content-layout":"default","site-content-style":"default","site-sidebar-style":"default","ast-global-header-display":"","ast-banner-title-visibility":"","ast-main-header-display":"","ast-hfb-above-header-display":"","ast-hfb-below-header-display":"","ast-hfb-mobile-header-display":"","site-post-title":"","ast-breadcrumbs-content":"","ast-featured-img":"","footer-sml-layout":"","theme-transparent-header-meta":"default","adv-header-id-meta":"","stick-header-meta":"","header-above-stick-meta":"","header-main-stick-meta":"","header-below-stick-meta":"","astra-migrate-meta-layouts":"set"},"product_brand":[],"product_cat":[24],"product_tag":[],"class_list":{"0":"post-1964","1":"product","2":"type-product","3":"status-publish","4":"has-post-thumbnail","6":"product_cat-carre-90x90","7":"desktop-align-left","8":"tablet-align-left","9":"mobile-align-left","11":"first","12":"instock","13":"sold-individually","14":"shipping-taxable","15":"product-type-simple"},"yoast_head":"<!-- This site is optimized with the Yoast SEO plugin v25.4 - https:\/\/yoast.com\/wordpress\/plugins\/seo\/ -->\n<title>Tableau - Carr\u00e9 Herm\u00e8s Alternateur - Mon Carr\u00e9 D\u00e9co<\/title>\n<meta name=\"description\" content=\"Alternateur de Pierre P\u00e9ron est un tableau de d\u00e9coration int\u00e9rieure masculine, sobre, \u00e9pur\u00e9e, un cadeau pour un homme passionn\u00e9 de m\u00e9canique automobile\" \/>\n<meta name=\"robots\" content=\"index, follow, max-snippet:-1, max-image-preview:large, max-video-preview:-1\" \/>\n<link rel=\"canonical\" href=\"https:\/\/mon-carre-deco.com\/en\/product\/tableau-hermes-alternateur-cadeau-homme\/\" \/>\n<meta property=\"og:locale\" content=\"en_US\" \/>\n<meta property=\"og:type\" content=\"article\" \/>\n<meta property=\"og:title\" content=\"Tableau - Carr\u00e9 Herm\u00e8s Alternateur - Mon Carr\u00e9 D\u00e9co\" \/>\n<meta property=\"og:description\" content=\"Alternateur de Pierre P\u00e9ron est un tableau de d\u00e9coration int\u00e9rieure masculine, sobre, \u00e9pur\u00e9e, un cadeau pour un homme passionn\u00e9 de m\u00e9canique automobile\" \/>\n<meta property=\"og:url\" content=\"https:\/\/mon-carre-deco.com\/en\/product\/tableau-hermes-alternateur-cadeau-homme\/\" \/>\n<meta property=\"og:site_name\" content=\"Mon Carr\u00e9 D\u00e9co\" \/>\n<meta property=\"article:modified_time\" content=\"2023-12-25T17:06:37+00:00\" \/>\n<meta property=\"og:image\" content=\"http:\/\/mon-carre-deco.com\/wp-content\/uploads\/2021\/06\/Tableau-Carre-Hermes-Alternateur-Pierre-Peron-moulure-grise-passe-partout-blanc-3.jpg\" \/>\n\t<meta property=\"og:image:width\" content=\"691\" \/>\n\t<meta property=\"og:image:height\" content=\"644\" \/>\n\t<meta property=\"og:image:type\" content=\"image\/jpeg\" \/>\n<meta name=\"twitter:card\" content=\"summary_large_image\" \/>\n<meta name=\"twitter:label1\" content=\"Est. reading time\" \/>\n\t<meta name=\"twitter:data1\" content=\"2 minutes\" \/>\n<script type=\"application\/ld+json\" class=\"yoast-schema-graph\">{\"@context\":\"https:\/\/schema.org\",\"@graph\":[{\"@type\":\"WebPage\",\"@id\":\"https:\/\/mon-carre-deco.com\/produit\/tableau-hermes-alternateur-cadeau-homme\/\",\"url\":\"https:\/\/mon-carre-deco.com\/produit\/tableau-hermes-alternateur-cadeau-homme\/\",\"name\":\"Tableau - Carr\u00e9 Herm\u00e8s Alternateur - Mon Carr\u00e9 D\u00e9co\",\"isPartOf\":{\"@id\":\"https:\/\/mon-carre-deco.com\/#website\"},\"primaryImageOfPage\":{\"@id\":\"https:\/\/mon-carre-deco.com\/produit\/tableau-hermes-alternateur-cadeau-homme\/#primaryimage\"},\"image\":{\"@id\":\"https:\/\/mon-carre-deco.com\/produit\/tableau-hermes-alternateur-cadeau-homme\/#primaryimage\"},\"thumbnailUrl\":\"https:\/\/mon-carre-deco.com\/wp-content\/uploads\/2021\/06\/Tableau-Carre-Hermes-Alternateur-Pierre-Peron-moulure-grise-passe-partout-blanc-3.jpg\",\"datePublished\":\"2021-06-02T18:30:37+00:00\",\"dateModified\":\"2023-12-25T17:06:37+00:00\",\"description\":\"Alternateur de Pierre P\u00e9ron est un tableau de d\u00e9coration int\u00e9rieure masculine, sobre, \u00e9pur\u00e9e, un cadeau pour un homme passionn\u00e9 de m\u00e9canique automobile\",\"breadcrumb\":{\"@id\":\"https:\/\/mon-carre-deco.com\/produit\/tableau-hermes-alternateur-cadeau-homme\/#breadcrumb\"},\"inLanguage\":\"en-US\",\"potentialAction\":[{\"@type\":\"ReadAction\",\"target\":[\"https:\/\/mon-carre-deco.com\/produit\/tableau-hermes-alternateur-cadeau-homme\/\"]}]},{\"@type\":\"ImageObject\",\"inLanguage\":\"en-US\",\"@id\":\"https:\/\/mon-carre-deco.com\/produit\/tableau-hermes-alternateur-cadeau-homme\/#primaryimage\",\"url\":\"https:\/\/mon-carre-deco.com\/wp-content\/uploads\/2021\/06\/Tableau-Carre-Hermes-Alternateur-Pierre-Peron-moulure-grise-passe-partout-blanc-3.jpg\",\"contentUrl\":\"https:\/\/mon-carre-deco.com\/wp-content\/uploads\/2021\/06\/Tableau-Carre-Hermes-Alternateur-Pierre-Peron-moulure-grise-passe-partout-blanc-3.jpg\",\"width\":691,\"height\":644,\"caption\":\"Tableau Carr\u00e9 Herm\u00e8s Alternateur de Pierre P\u00e9ron avec moulure grise et passe-partout blanc\"},{\"@type\":\"BreadcrumbList\",\"@id\":\"https:\/\/mon-carre-deco.com\/produit\/tableau-hermes-alternateur-cadeau-homme\/#breadcrumb\",\"itemListElement\":[{\"@type\":\"ListItem\",\"position\":1,\"name\":\"Accueil\",\"item\":\"https:\/\/mon-carre-deco.com\/\"},{\"@type\":\"ListItem\",\"position\":2,\"name\":\"Tableaux\",\"item\":\"https:\/\/mon-carre-deco.com\/boutique-tableau-hermes\/\"},{\"@type\":\"ListItem\",\"position\":3,\"name\":\"Tableau &#8211; Carr\u00e9 Herm\u00e8s Alternateur\"}]},{\"@type\":\"WebSite\",\"@id\":\"https:\/\/mon-carre-deco.com\/#website\",\"url\":\"https:\/\/mon-carre-deco.com\/\",\"name\":\"Mon Carr\u00e9 D\u00e9co\",\"description\":\"Mon Carr\u00e9 D&#039;art at Home, vente de tableau Herm\u00e8s, foulard carr\u00e9 Herm\u00e8s encadr\u00e9\",\"publisher\":{\"@id\":\"https:\/\/mon-carre-deco.com\/#organization\"},\"potentialAction\":[{\"@type\":\"SearchAction\",\"target\":{\"@type\":\"EntryPoint\",\"urlTemplate\":\"https:\/\/mon-carre-deco.com\/?s={search_term_string}\"},\"query-input\":{\"@type\":\"PropertyValueSpecification\",\"valueRequired\":true,\"valueName\":\"search_term_string\"}}],\"inLanguage\":\"en-US\"},{\"@type\":\"Organization\",\"@id\":\"https:\/\/mon-carre-deco.com\/#organization\",\"name\":\"Mon Carr\u00e9 D\u00e9co\",\"url\":\"https:\/\/mon-carre-deco.com\/\",\"logo\":{\"@type\":\"ImageObject\",\"inLanguage\":\"en-US\",\"@id\":\"https:\/\/mon-carre-deco.com\/#\/schema\/logo\/image\/\",\"url\":\"https:\/\/mon-carre-deco.com\/wp-content\/uploads\/2021\/04\/cropped-Logo-mon-carre-deco-2.png\",\"contentUrl\":\"https:\/\/mon-carre-deco.com\/wp-content\/uploads\/2021\/04\/cropped-Logo-mon-carre-deco-2.png\",\"width\":1043,\"height\":1043,\"caption\":\"Mon Carr\u00e9 D\u00e9co\"},\"image\":{\"@id\":\"https:\/\/mon-carre-deco.com\/#\/schema\/logo\/image\/\"}}]}<\/script>\n<!-- \/ Yoast SEO plugin. -->","yoast_head_json":{"title":"Tableau - Carr\u00e9 Herm\u00e8s Alternateur - Mon Carr\u00e9 D\u00e9co","description":"Alternateur de Pierre P\u00e9ron est un tableau de d\u00e9coration int\u00e9rieure masculine, sobre, \u00e9pur\u00e9e, un cadeau pour un homme passionn\u00e9 de m\u00e9canique automobile","robots":{"index":"index","follow":"follow","max-snippet":"max-snippet:-1","max-image-preview":"max-image-preview:large","max-video-preview":"max-video-preview:-1"},"canonical":"https:\/\/mon-carre-deco.com\/en\/product\/tableau-hermes-alternateur-cadeau-homme\/","og_locale":"en_US","og_type":"article","og_title":"Tableau - Carr\u00e9 Herm\u00e8s Alternateur - Mon Carr\u00e9 D\u00e9co","og_description":"Alternateur de Pierre P\u00e9ron est un tableau de d\u00e9coration int\u00e9rieure masculine, sobre, \u00e9pur\u00e9e, un cadeau pour un homme passionn\u00e9 de m\u00e9canique automobile","og_url":"https:\/\/mon-carre-deco.com\/en\/product\/tableau-hermes-alternateur-cadeau-homme\/","og_site_name":"Mon Carr\u00e9 D\u00e9co","article_modified_time":"2023-12-25T17:06:37+00:00","og_image":[{"width":691,"height":644,"url":"http:\/\/mon-carre-deco.com\/wp-content\/uploads\/2021\/06\/Tableau-Carre-Hermes-Alternateur-Pierre-Peron-moulure-grise-passe-partout-blanc-3.jpg","type":"image\/jpeg"}],"twitter_card":"summary_large_image","twitter_misc":{"Est. reading time":"2 minutes"},"schema":{"@context":"https:\/\/schema.org","@graph":[{"@type":"WebPage","@id":"https:\/\/mon-carre-deco.com\/produit\/tableau-hermes-alternateur-cadeau-homme\/","url":"https:\/\/mon-carre-deco.com\/produit\/tableau-hermes-alternateur-cadeau-homme\/","name":"Tableau - Carr\u00e9 Herm\u00e8s Alternateur - Mon Carr\u00e9 D\u00e9co","isPartOf":{"@id":"https:\/\/mon-carre-deco.com\/#website"},"primaryImageOfPage":{"@id":"https:\/\/mon-carre-deco.com\/produit\/tableau-hermes-alternateur-cadeau-homme\/#primaryimage"},"image":{"@id":"https:\/\/mon-carre-deco.com\/produit\/tableau-hermes-alternateur-cadeau-homme\/#primaryimage"},"thumbnailUrl":"https:\/\/mon-carre-deco.com\/wp-content\/uploads\/2021\/06\/Tableau-Carre-Hermes-Alternateur-Pierre-Peron-moulure-grise-passe-partout-blanc-3.jpg","datePublished":"2021-06-02T18:30:37+00:00","dateModified":"2023-12-25T17:06:37+00:00","description":"Alternateur de Pierre P\u00e9ron est un tableau de d\u00e9coration int\u00e9rieure masculine, sobre, \u00e9pur\u00e9e, un cadeau pour un homme passionn\u00e9 de m\u00e9canique automobile","breadcrumb":{"@id":"https:\/\/mon-carre-deco.com\/produit\/tableau-hermes-alternateur-cadeau-homme\/#breadcrumb"},"inLanguage":"en-US","potentialAction":[{"@type":"ReadAction","target":["https:\/\/mon-carre-deco.com\/produit\/tableau-hermes-alternateur-cadeau-homme\/"]}]},{"@type":"ImageObject","inLanguage":"en-US","@id":"https:\/\/mon-carre-deco.com\/produit\/tableau-hermes-alternateur-cadeau-homme\/#primaryimage","url":"https:\/\/mon-carre-deco.com\/wp-content\/uploads\/2021\/06\/Tableau-Carre-Hermes-Alternateur-Pierre-Peron-moulure-grise-passe-partout-blanc-3.jpg","contentUrl":"https:\/\/mon-carre-deco.com\/wp-content\/uploads\/2021\/06\/Tableau-Carre-Hermes-Alternateur-Pierre-Peron-moulure-grise-passe-partout-blanc-3.jpg","width":691,"height":644,"caption":"Tableau Carr\u00e9 Herm\u00e8s Alternateur de Pierre P\u00e9ron avec moulure grise et passe-partout blanc"},{"@type":"BreadcrumbList","@id":"https:\/\/mon-carre-deco.com\/produit\/tableau-hermes-alternateur-cadeau-homme\/#breadcrumb","itemListElement":[{"@type":"ListItem","position":1,"name":"Accueil","item":"https:\/\/mon-carre-deco.com\/"},{"@type":"ListItem","position":2,"name":"Tableaux","item":"https:\/\/mon-carre-deco.com\/boutique-tableau-hermes\/"},{"@type":"ListItem","position":3,"name":"Tableau &#8211; Carr\u00e9 Herm\u00e8s Alternateur"}]},{"@type":"WebSite","@id":"https:\/\/mon-carre-deco.com\/#website","url":"https:\/\/mon-carre-deco.com\/","name":"Mon Carr\u00e9 D\u00e9co","description":"Mon Carr\u00e9 D&#039;art at Home, vente de tableau Herm\u00e8s, foulard carr\u00e9 Herm\u00e8s encadr\u00e9","publisher":{"@id":"https:\/\/mon-carre-deco.com\/#organization"},"potentialAction":[{"@type":"SearchAction","target":{"@type":"EntryPoint","urlTemplate":"https:\/\/mon-carre-deco.com\/?s={search_term_string}"},"query-input":{"@type":"PropertyValueSpecification","valueRequired":true,"valueName":"search_term_string"}}],"inLanguage":"en-US"},{"@type":"Organization","@id":"https:\/\/mon-carre-deco.com\/#organization","name":"Mon Carr\u00e9 D\u00e9co","url":"https:\/\/mon-carre-deco.com\/","logo":{"@type":"ImageObject","inLanguage":"en-US","@id":"https:\/\/mon-carre-deco.com\/#\/schema\/logo\/image\/","url":"https:\/\/mon-carre-deco.com\/wp-content\/uploads\/2021\/04\/cropped-Logo-mon-carre-deco-2.png","contentUrl":"https:\/\/mon-carre-deco.com\/wp-content\/uploads\/2021\/04\/cropped-Logo-mon-carre-deco-2.png","width":1043,"height":1043,"caption":"Mon Carr\u00e9 D\u00e9co"},"image":{"@id":"https:\/\/mon-carre-deco.com\/#\/schema\/logo\/image\/"}}]}},"_links":{"self":[{"href":"https:\/\/mon-carre-deco.com\/en\/wp-json\/wp\/v2\/product\/1964","targetHints":{"allow":["GET"]}}],"collection":[{"href":"https:\/\/mon-carre-deco.com\/en\/wp-json\/wp\/v2\/product"}],"about":[{"href":"https:\/\/mon-carre-deco.com\/en\/wp-json\/wp\/v2\/types\/product"}],"replies":[{"embeddable":true,"href":"https:\/\/mon-carre-deco.com\/en\/wp-json\/wp\/v2\/comments?post=1964"}],"version-history":[{"count":26,"href":"https:\/\/mon-carre-deco.com\/en\/wp-json\/wp\/v2\/product\/1964\/revisions"}],"predecessor-version":[{"id":1970,"href":"https:\/\/mon-carre-deco.com\/en\/wp-json\/wp\/v2\/product\/1964\/revisions\/1970"}],"wp:featuredmedia":[{"embeddable":true,"href":"https:\/\/mon-carre-deco.com\/en\/wp-json\/wp\/v2\/media\/1978"}],"wp:attachment":[{"href":"https:\/\/mon-carre-deco.com\/en\/wp-json\/wp\/v2\/media?parent=1964"}],"wp:term":[{"taxonomy":"product_brand","embeddable":true,"href":"https:\/\/mon-carre-deco.com\/en\/wp-json\/wp\/v2\/product_brand?post=1964"},{"taxonomy":"product_cat","embeddable":true,"href":"https:\/\/mon-carre-deco.com\/en\/wp-json\/wp\/v2\/product_cat?post=1964"},{"taxonomy":"product_tag","embeddable":true,"href":"https:\/\/mon-carre-deco.com\/en\/wp-json\/wp\/v2\/product_tag?post=1964"}],"curies":[{"name":"wp","href":"https:\/\/api.w.org\/{rel}","templated":true}]}}