{"id":2123,"date":"2021-07-15T16:27:02","date_gmt":"2021-07-15T14:27:02","guid":{"rendered":"https:\/\/mon-carre-deco.com\/?post_type=product&#038;p=2123"},"modified":"2025-06-12T11:54:24","modified_gmt":"2025-06-12T09:54:24","slug":"tableau-hermes-raconte-moi-le-cheval","status":"publish","type":"product","link":"https:\/\/mon-carre-deco.com\/en\/product\/tableau-hermes-raconte-moi-le-cheval\/","title":{"rendered":"Tableau &#8211; Carr\u00e9 Herm\u00e8s Raconte-moi le Cheval"},"content":{"rendered":"<p>\u00ab\u00a0Raconte-moi le Cheval\u00a0\u00bb<\/p>\n<p>\u00c9dit\u00e9 en 2000<\/p>\n<p>Designer : <a href=\"https:\/\/dimitrir.cargo.site\/\">Dimitri Rybaltchenko<\/a><\/p>\n<p>Dimitri Rybaltchenko est issu d&rsquo;une famille de grands artistes, qui ont tous jou\u00e9 un r\u00f4le majeur dans le succ\u00e8s de la Maison Herm\u00e8s, en particulier Herm\u00e8s Carr\u00e9. Dimitri est le fils de Vladimir Rybaltchenko, qui \u00e9tait le petit-neveu de Philippe Ledoux.<\/p>\n<p>Pour ce foulard en soie Herm\u00e8s, <a href=\"https:\/\/dimitrir.cargo.site\/about\">Dimitri Rybaltchenko<\/a> a reproduit un ensemble de jouets : le cheval-b\u00e2ton, jeu favori de l&rsquo;antiquit\u00e9 jusqu&rsquo;\u00e0 l&rsquo;\u00e9poque m\u00e9di\u00e9vale, le cheval \u00e0 roulettes et le cheval \u00e0 bascule qui fit son apparition \u00e0 partir du XVII\u00e8me si\u00e8cle en Europe. Des jouets alors rares et pr\u00e9cieux, r\u00e9serv\u00e9s aux enfants des familles les plus ais\u00e9es, fabriqu\u00e9s artisanalement, selon un savoir-faire.<\/p>\n<p><em>You'll also like<\/em><\/p>\n<blockquote>\n<figure id=\"attachment_2559\" aria-describedby=\"caption-attachment-2559\" style=\"width: 310px\" class=\"wp-caption alignnone\"><a href=\"https:\/\/www.hermes.com\/fr\/fr\/product\/cheval-a-bascule-H400086Mv01\/?gclid=Cj0KCQiA47GNBhDrARIsAKfZ2rC8Pux-S__N7QtzD6IvSOEPRM1Pet1cANWGtsOJmXFDh7V7oV5VZ1IaAqaXEALw_wcB\"><img fetchpriority=\"high\" decoding=\"async\" class=\"wp-image-2559\" src=\"http:\/\/mon-carre-deco.com\/wp-content\/uploads\/2021\/07\/Cheval-a-bascule-Hermes.jpg\" alt=\"Cheval \u00e0 bascule de chez Herm\u00e8s\" width=\"310\" height=\"264\" srcset=\"https:\/\/mon-carre-deco.com\/wp-content\/uploads\/2021\/07\/Cheval-a-bascule-Hermes.jpg 850w, https:\/\/mon-carre-deco.com\/wp-content\/uploads\/2021\/07\/Cheval-a-bascule-Hermes-300x255.jpg 300w, https:\/\/mon-carre-deco.com\/wp-content\/uploads\/2021\/07\/Cheval-a-bascule-Hermes-768x653.jpg 768w, https:\/\/mon-carre-deco.com\/wp-content\/uploads\/2021\/07\/Cheval-a-bascule-Hermes-600x510.jpg 600w\" sizes=\"(max-width: 310px) 100vw, 310px\" \/><\/a><figcaption id=\"caption-attachment-2559\" class=\"wp-caption-text\">Cheval \u00e0 bascule de chez Herm\u00e8s<\/figcaption><\/figure><\/blockquote>","protected":false},"excerpt":{"rendered":"<p style=\"color: red;\">Vendu version rose<\/p>\n<p><small><br \/>\nLe tableau \u00ab Raconte-moi le cheval \u00bb est une d\u00e9coration murale unique et intemporelle pour une chambre d&rsquo;enfant, qui rappelle aux plus grands avec nostalgie, le plaisir de chevaucher un cheval \u00e0 bascule. De quoi raviver des souvenirs merveilleux aux passionn\u00e9s de chevaux et de poneys.<\/p>\n<p>Cette d\u00e9coration murale pour une chambre de petite fille, sur le th\u00e8me du cheval \u00e0 bascule, est une repr\u00e9sentation de l&rsquo;enfance par excellence. Associ\u00e9 \u00e0 une d\u00e9coration de chambre sobre et \u00e9pur\u00e9e dans les tons pastel, le mariage des couleurs lumineuses de ce carr\u00e9 de soie fonctionnera \u00e0 merveille pour cr\u00e9er un univers f\u00e9erique et po\u00e9tique pour d\u00e9velopper son imaginaire de petite princesse !<\/p>\n<ul>\n<li style=\"list-style-type: none;\">\n<ul>\n<li>Silk<\/li>\n<li>Couleurs dominantes : rose, rouge, bleu, vert (<a href=\"https:\/\/mon-carre-deco.com\/en\/contact\/\">EXISTE EN BLEU<\/a>)<\/li>\n<li>Moulure en bois blanche<\/li>\n<li>White matting<\/li>\n<li>Verre acrylique de protection anti UV (s\u00e9curit\u00e9 +++ en chambre d&rsquo;enfant)<\/li>\n<li>Rear mounting hook<\/li>\n<\/ul>\n<\/li>\n<\/ul>\n<p>Designer : <a href=\"https:\/\/dimitrir.cargo.site\/about\">Dimitri Rybaltchenko<\/a><\/p>","protected":false},"featured_media":2124,"comment_status":"open","ping_status":"closed","template":"","meta":{"site-sidebar-layout":"default","site-content-layout":"default","ast-site-content-layout":"default","site-content-style":"default","site-sidebar-style":"default","ast-global-header-display":"","ast-banner-title-visibility":"","ast-main-header-display":"","ast-hfb-above-header-display":"","ast-hfb-below-header-display":"","ast-hfb-mobile-header-display":"","site-post-title":"","ast-breadcrumbs-content":"","ast-featured-img":"","footer-sml-layout":"","theme-transparent-header-meta":"default","adv-header-id-meta":"","stick-header-meta":"","header-above-stick-meta":"","header-main-stick-meta":"","header-below-stick-meta":"","astra-migrate-meta-layouts":"set"},"product_brand":[],"product_cat":[24,38],"product_tag":[],"class_list":{"0":"post-2123","1":"product","2":"type-product","3":"status-publish","4":"has-post-thumbnail","6":"product_cat-carre-90x90","7":"product_cat-cadeau-naissance","8":"desktop-align-left","9":"tablet-align-left","10":"mobile-align-left","12":"first","13":"instock","14":"sold-individually","15":"shipping-taxable","16":"product-type-simple"},"yoast_head":"<!-- This site is optimized with the Yoast SEO plugin v25.4 - https:\/\/yoast.com\/wordpress\/plugins\/seo\/ -->\n<title>Tableau - Carr\u00e9 Herm\u00e8s Raconte-moi le Cheval - Mon Carr\u00e9 D\u00e9co<\/title>\n<meta name=\"description\" content=\"Tableau d&#039;un authentique carr\u00e9 Herm\u00e8s Raconte-moi le cheval en cadeau de naissance pour une petite fille. Une d\u00e9coration murale de chambre de b\u00e9b\u00e9 unique et intemporelle.\" \/>\n<meta name=\"robots\" content=\"index, follow, max-snippet:-1, max-image-preview:large, max-video-preview:-1\" \/>\n<link rel=\"canonical\" href=\"https:\/\/mon-carre-deco.com\/en\/product\/tableau-hermes-raconte-moi-le-cheval\/\" \/>\n<meta property=\"og:locale\" content=\"en_US\" \/>\n<meta property=\"og:type\" content=\"article\" \/>\n<meta property=\"og:title\" content=\"Tableau - Carr\u00e9 Herm\u00e8s Raconte-moi le Cheval - Mon Carr\u00e9 D\u00e9co\" \/>\n<meta property=\"og:description\" content=\"Tableau d&#039;un authentique carr\u00e9 Herm\u00e8s Raconte-moi le cheval en cadeau de naissance pour une petite fille. Une d\u00e9coration murale de chambre de b\u00e9b\u00e9 unique et intemporelle.\" \/>\n<meta property=\"og:url\" content=\"https:\/\/mon-carre-deco.com\/en\/product\/tableau-hermes-raconte-moi-le-cheval\/\" \/>\n<meta property=\"og:site_name\" content=\"Mon Carr\u00e9 D\u00e9co\" \/>\n<meta property=\"article:modified_time\" content=\"2025-06-12T09:54:24+00:00\" \/>\n<meta property=\"og:image\" content=\"http:\/\/mon-carre-deco.com\/wp-content\/uploads\/2021\/07\/Tableau-dun-carre-Hermes-Raconte-moi-le-cheval-de-Dimitri-Rybaltchenko.jpg\" \/>\n\t<meta property=\"og:image:width\" content=\"691\" \/>\n\t<meta property=\"og:image:height\" content=\"644\" \/>\n\t<meta property=\"og:image:type\" content=\"image\/jpeg\" \/>\n<meta name=\"twitter:card\" content=\"summary_large_image\" \/>\n<meta name=\"twitter:label1\" content=\"Est. reading time\" \/>\n\t<meta name=\"twitter:data1\" content=\"1 minute\" \/>\n<script type=\"application\/ld+json\" class=\"yoast-schema-graph\">{\"@context\":\"https:\/\/schema.org\",\"@graph\":[{\"@type\":\"WebPage\",\"@id\":\"https:\/\/mon-carre-deco.com\/produit\/tableau-hermes-raconte-moi-le-cheval\/\",\"url\":\"https:\/\/mon-carre-deco.com\/produit\/tableau-hermes-raconte-moi-le-cheval\/\",\"name\":\"Tableau - Carr\u00e9 Herm\u00e8s Raconte-moi le Cheval - Mon Carr\u00e9 D\u00e9co\",\"isPartOf\":{\"@id\":\"https:\/\/mon-carre-deco.com\/#website\"},\"primaryImageOfPage\":{\"@id\":\"https:\/\/mon-carre-deco.com\/produit\/tableau-hermes-raconte-moi-le-cheval\/#primaryimage\"},\"image\":{\"@id\":\"https:\/\/mon-carre-deco.com\/produit\/tableau-hermes-raconte-moi-le-cheval\/#primaryimage\"},\"thumbnailUrl\":\"https:\/\/mon-carre-deco.com\/wp-content\/uploads\/2021\/07\/Tableau-dun-carre-Hermes-Raconte-moi-le-cheval-de-Dimitri-Rybaltchenko.jpg\",\"datePublished\":\"2021-07-15T14:27:02+00:00\",\"dateModified\":\"2025-06-12T09:54:24+00:00\",\"description\":\"Tableau d'un authentique carr\u00e9 Herm\u00e8s Raconte-moi le cheval en cadeau de naissance pour une petite fille. Une d\u00e9coration murale de chambre de b\u00e9b\u00e9 unique et intemporelle.\",\"breadcrumb\":{\"@id\":\"https:\/\/mon-carre-deco.com\/produit\/tableau-hermes-raconte-moi-le-cheval\/#breadcrumb\"},\"inLanguage\":\"en-US\",\"potentialAction\":[{\"@type\":\"ReadAction\",\"target\":[\"https:\/\/mon-carre-deco.com\/produit\/tableau-hermes-raconte-moi-le-cheval\/\"]}]},{\"@type\":\"ImageObject\",\"inLanguage\":\"en-US\",\"@id\":\"https:\/\/mon-carre-deco.com\/produit\/tableau-hermes-raconte-moi-le-cheval\/#primaryimage\",\"url\":\"https:\/\/mon-carre-deco.com\/wp-content\/uploads\/2021\/07\/Tableau-dun-carre-Hermes-Raconte-moi-le-cheval-de-Dimitri-Rybaltchenko.jpg\",\"contentUrl\":\"https:\/\/mon-carre-deco.com\/wp-content\/uploads\/2021\/07\/Tableau-dun-carre-Hermes-Raconte-moi-le-cheval-de-Dimitri-Rybaltchenko.jpg\",\"width\":691,\"height\":644,\"caption\":\"Tableau d'un carr\u00e9 authentique carr\u00e9 Herm\u00e8s de Dimitri Rybaltchenko\"},{\"@type\":\"BreadcrumbList\",\"@id\":\"https:\/\/mon-carre-deco.com\/produit\/tableau-hermes-raconte-moi-le-cheval\/#breadcrumb\",\"itemListElement\":[{\"@type\":\"ListItem\",\"position\":1,\"name\":\"Accueil\",\"item\":\"https:\/\/mon-carre-deco.com\/\"},{\"@type\":\"ListItem\",\"position\":2,\"name\":\"Tableaux\",\"item\":\"https:\/\/mon-carre-deco.com\/boutique-tableau-hermes\/\"},{\"@type\":\"ListItem\",\"position\":3,\"name\":\"Tableau &#8211; Carr\u00e9 Herm\u00e8s Raconte-moi le Cheval\"}]},{\"@type\":\"WebSite\",\"@id\":\"https:\/\/mon-carre-deco.com\/#website\",\"url\":\"https:\/\/mon-carre-deco.com\/\",\"name\":\"Mon Carr\u00e9 D\u00e9co\",\"description\":\"Mon Carr\u00e9 D&#039;art at Home, vente de tableau Herm\u00e8s, foulard carr\u00e9 Herm\u00e8s encadr\u00e9\",\"publisher\":{\"@id\":\"https:\/\/mon-carre-deco.com\/#organization\"},\"potentialAction\":[{\"@type\":\"SearchAction\",\"target\":{\"@type\":\"EntryPoint\",\"urlTemplate\":\"https:\/\/mon-carre-deco.com\/?s={search_term_string}\"},\"query-input\":{\"@type\":\"PropertyValueSpecification\",\"valueRequired\":true,\"valueName\":\"search_term_string\"}}],\"inLanguage\":\"en-US\"},{\"@type\":\"Organization\",\"@id\":\"https:\/\/mon-carre-deco.com\/#organization\",\"name\":\"Mon Carr\u00e9 D\u00e9co\",\"url\":\"https:\/\/mon-carre-deco.com\/\",\"logo\":{\"@type\":\"ImageObject\",\"inLanguage\":\"en-US\",\"@id\":\"https:\/\/mon-carre-deco.com\/#\/schema\/logo\/image\/\",\"url\":\"https:\/\/mon-carre-deco.com\/wp-content\/uploads\/2021\/04\/cropped-Logo-mon-carre-deco-2.png\",\"contentUrl\":\"https:\/\/mon-carre-deco.com\/wp-content\/uploads\/2021\/04\/cropped-Logo-mon-carre-deco-2.png\",\"width\":1043,\"height\":1043,\"caption\":\"Mon Carr\u00e9 D\u00e9co\"},\"image\":{\"@id\":\"https:\/\/mon-carre-deco.com\/#\/schema\/logo\/image\/\"}}]}<\/script>\n<!-- \/ Yoast SEO plugin. -->","yoast_head_json":{"title":"Tableau - Carr\u00e9 Herm\u00e8s Raconte-moi le Cheval - Mon Carr\u00e9 D\u00e9co","description":"Tableau d'un authentique carr\u00e9 Herm\u00e8s Raconte-moi le cheval en cadeau de naissance pour une petite fille. Une d\u00e9coration murale de chambre de b\u00e9b\u00e9 unique et intemporelle.","robots":{"index":"index","follow":"follow","max-snippet":"max-snippet:-1","max-image-preview":"max-image-preview:large","max-video-preview":"max-video-preview:-1"},"canonical":"https:\/\/mon-carre-deco.com\/en\/product\/tableau-hermes-raconte-moi-le-cheval\/","og_locale":"en_US","og_type":"article","og_title":"Tableau - Carr\u00e9 Herm\u00e8s Raconte-moi le Cheval - Mon Carr\u00e9 D\u00e9co","og_description":"Tableau d'un authentique carr\u00e9 Herm\u00e8s Raconte-moi le cheval en cadeau de naissance pour une petite fille. Une d\u00e9coration murale de chambre de b\u00e9b\u00e9 unique et intemporelle.","og_url":"https:\/\/mon-carre-deco.com\/en\/product\/tableau-hermes-raconte-moi-le-cheval\/","og_site_name":"Mon Carr\u00e9 D\u00e9co","article_modified_time":"2025-06-12T09:54:24+00:00","og_image":[{"width":691,"height":644,"url":"http:\/\/mon-carre-deco.com\/wp-content\/uploads\/2021\/07\/Tableau-dun-carre-Hermes-Raconte-moi-le-cheval-de-Dimitri-Rybaltchenko.jpg","type":"image\/jpeg"}],"twitter_card":"summary_large_image","twitter_misc":{"Est. reading time":"1 minute"},"schema":{"@context":"https:\/\/schema.org","@graph":[{"@type":"WebPage","@id":"https:\/\/mon-carre-deco.com\/produit\/tableau-hermes-raconte-moi-le-cheval\/","url":"https:\/\/mon-carre-deco.com\/produit\/tableau-hermes-raconte-moi-le-cheval\/","name":"Tableau - Carr\u00e9 Herm\u00e8s Raconte-moi le Cheval - Mon Carr\u00e9 D\u00e9co","isPartOf":{"@id":"https:\/\/mon-carre-deco.com\/#website"},"primaryImageOfPage":{"@id":"https:\/\/mon-carre-deco.com\/produit\/tableau-hermes-raconte-moi-le-cheval\/#primaryimage"},"image":{"@id":"https:\/\/mon-carre-deco.com\/produit\/tableau-hermes-raconte-moi-le-cheval\/#primaryimage"},"thumbnailUrl":"https:\/\/mon-carre-deco.com\/wp-content\/uploads\/2021\/07\/Tableau-dun-carre-Hermes-Raconte-moi-le-cheval-de-Dimitri-Rybaltchenko.jpg","datePublished":"2021-07-15T14:27:02+00:00","dateModified":"2025-06-12T09:54:24+00:00","description":"Tableau d'un authentique carr\u00e9 Herm\u00e8s Raconte-moi le cheval en cadeau de naissance pour une petite fille. Une d\u00e9coration murale de chambre de b\u00e9b\u00e9 unique et intemporelle.","breadcrumb":{"@id":"https:\/\/mon-carre-deco.com\/produit\/tableau-hermes-raconte-moi-le-cheval\/#breadcrumb"},"inLanguage":"en-US","potentialAction":[{"@type":"ReadAction","target":["https:\/\/mon-carre-deco.com\/produit\/tableau-hermes-raconte-moi-le-cheval\/"]}]},{"@type":"ImageObject","inLanguage":"en-US","@id":"https:\/\/mon-carre-deco.com\/produit\/tableau-hermes-raconte-moi-le-cheval\/#primaryimage","url":"https:\/\/mon-carre-deco.com\/wp-content\/uploads\/2021\/07\/Tableau-dun-carre-Hermes-Raconte-moi-le-cheval-de-Dimitri-Rybaltchenko.jpg","contentUrl":"https:\/\/mon-carre-deco.com\/wp-content\/uploads\/2021\/07\/Tableau-dun-carre-Hermes-Raconte-moi-le-cheval-de-Dimitri-Rybaltchenko.jpg","width":691,"height":644,"caption":"Tableau d'un carr\u00e9 authentique carr\u00e9 Herm\u00e8s de Dimitri Rybaltchenko"},{"@type":"BreadcrumbList","@id":"https:\/\/mon-carre-deco.com\/produit\/tableau-hermes-raconte-moi-le-cheval\/#breadcrumb","itemListElement":[{"@type":"ListItem","position":1,"name":"Accueil","item":"https:\/\/mon-carre-deco.com\/"},{"@type":"ListItem","position":2,"name":"Tableaux","item":"https:\/\/mon-carre-deco.com\/boutique-tableau-hermes\/"},{"@type":"ListItem","position":3,"name":"Tableau &#8211; Carr\u00e9 Herm\u00e8s Raconte-moi le Cheval"}]},{"@type":"WebSite","@id":"https:\/\/mon-carre-deco.com\/#website","url":"https:\/\/mon-carre-deco.com\/","name":"Mon Carr\u00e9 D\u00e9co","description":"Mon Carr\u00e9 D&#039;art at Home, vente de tableau Herm\u00e8s, foulard carr\u00e9 Herm\u00e8s encadr\u00e9","publisher":{"@id":"https:\/\/mon-carre-deco.com\/#organization"},"potentialAction":[{"@type":"SearchAction","target":{"@type":"EntryPoint","urlTemplate":"https:\/\/mon-carre-deco.com\/?s={search_term_string}"},"query-input":{"@type":"PropertyValueSpecification","valueRequired":true,"valueName":"search_term_string"}}],"inLanguage":"en-US"},{"@type":"Organization","@id":"https:\/\/mon-carre-deco.com\/#organization","name":"Mon Carr\u00e9 D\u00e9co","url":"https:\/\/mon-carre-deco.com\/","logo":{"@type":"ImageObject","inLanguage":"en-US","@id":"https:\/\/mon-carre-deco.com\/#\/schema\/logo\/image\/","url":"https:\/\/mon-carre-deco.com\/wp-content\/uploads\/2021\/04\/cropped-Logo-mon-carre-deco-2.png","contentUrl":"https:\/\/mon-carre-deco.com\/wp-content\/uploads\/2021\/04\/cropped-Logo-mon-carre-deco-2.png","width":1043,"height":1043,"caption":"Mon Carr\u00e9 D\u00e9co"},"image":{"@id":"https:\/\/mon-carre-deco.com\/#\/schema\/logo\/image\/"}}]}},"_links":{"self":[{"href":"https:\/\/mon-carre-deco.com\/en\/wp-json\/wp\/v2\/product\/2123","targetHints":{"allow":["GET"]}}],"collection":[{"href":"https:\/\/mon-carre-deco.com\/en\/wp-json\/wp\/v2\/product"}],"about":[{"href":"https:\/\/mon-carre-deco.com\/en\/wp-json\/wp\/v2\/types\/product"}],"replies":[{"embeddable":true,"href":"https:\/\/mon-carre-deco.com\/en\/wp-json\/wp\/v2\/comments?post=2123"}],"version-history":[{"count":22,"href":"https:\/\/mon-carre-deco.com\/en\/wp-json\/wp\/v2\/product\/2123\/revisions"}],"predecessor-version":[{"id":4294,"href":"https:\/\/mon-carre-deco.com\/en\/wp-json\/wp\/v2\/product\/2123\/revisions\/4294"}],"wp:featuredmedia":[{"embeddable":true,"href":"https:\/\/mon-carre-deco.com\/en\/wp-json\/wp\/v2\/media\/2124"}],"wp:attachment":[{"href":"https:\/\/mon-carre-deco.com\/en\/wp-json\/wp\/v2\/media?parent=2123"}],"wp:term":[{"taxonomy":"product_brand","embeddable":true,"href":"https:\/\/mon-carre-deco.com\/en\/wp-json\/wp\/v2\/product_brand?post=2123"},{"taxonomy":"product_cat","embeddable":true,"href":"https:\/\/mon-carre-deco.com\/en\/wp-json\/wp\/v2\/product_cat?post=2123"},{"taxonomy":"product_tag","embeddable":true,"href":"https:\/\/mon-carre-deco.com\/en\/wp-json\/wp\/v2\/product_tag?post=2123"}],"curies":[{"name":"wp","href":"https:\/\/api.w.org\/{rel}","templated":true}]}}