{"id":2186,"date":"2021-08-05T01:37:55","date_gmt":"2021-08-04T23:37:55","guid":{"rendered":"https:\/\/mon-carre-deco.com\/?post_type=product&#038;p=2186"},"modified":"2023-12-25T18:11:02","modified_gmt":"2023-12-25T17:11:02","slug":"tableau-carre-hermes-arcs-en-ciel","status":"publish","type":"product","link":"https:\/\/mon-carre-deco.com\/en\/product\/tableau-carre-hermes-arcs-en-ciel\/","title":{"rendered":"Tableau &#8211; Carr\u00e9 Herm\u00e8s Arcs-en-ciel"},"content":{"rendered":"<p>\u00ab\u00a0Arcs en ciel\u00a0\u00bb<\/p>\n<p>\u00c9dit\u00e9 en 1980<\/p>\n<p>Designer Julia Abadie<\/p>\n<p>N\u00e9e \u00e0 Ath\u00e8nes, en Gr\u00e8ce.<br \/>\nDipl\u00f4m\u00e9e apr\u00e8s concours de l\u2019\u00c9cole Nationale Sup\u00e9rieure des Arts Appliqu\u00e9s, Paris.<br \/>\nCleveland Institute of Art &#8211; Cleveland, USA. Admise sur titre en derni\u00e8re ann\u00e9e.<br \/>\nMerit Award, Society of Illustrators, New York (Concours National of the Institutes of Arts, USA).<\/p>\n<p>Ambassadrice de l&rsquo;institut Hell\u00e9nique de la Diplomatie Culturelle<\/p>\n<div class=\"kp-blk c2xzTb\">\n<div class=\"xpdopen\">\n<div class=\"ifM9O\">\n<div>\n<div class=\"g\">\n<div data-hveid=\"CA8QAA\" data-ved=\"2ahUKEwjy4ayN6ZfyAhUtzIUKHSPuDFMQFSgAegQIDxAA\">\n<div class=\"tF2Cxc\">\n<div class=\"yuRUbf\">Auteur d\u2019\u0153uvres originales graphiques et plastiques. Depuis 1969, elle est cr\u00e9atrice \u00e0 la Maison HERMES &#8211; PARIS : conception et ex\u00e9cution des maquettes pour carr\u00e9s-foulards, dessin\u00e9es et peintes de sa main. Derni\u00e8re \u00e9dition : Printemps-Et\u00e9 2015.<\/div>\n<\/div>\n<\/div>\n<\/div>\n<\/div>\n<\/div>\n<\/div>\n<\/div>\n<p>Plusieurs de ses carr\u00e9s Herm\u00e8s pr\u00e9sentent des th\u00e8mes grecs : inspir\u00e9e par la R\u00e9volution grecque, c&rsquo;est elle qui a con\u00e7u le foulard \u00ab\u00a01821\u00a0\u00bb, ainsi qu&rsquo;un certain nombre d&rsquo;autres foulards tels que \u00ab\u00a0Skyros\u00a0\u00bb, \u00ab\u00a0Kosmima\u00a0\u00bb, \u00ab\u00a0Gloire d&rsquo;Alexandre\u00a0\u00bb , \u00ab Ciels Byzantins \u00bb, tous cr\u00e9\u00e9s en pensant \u00e0 sa ville natale. A la demande du pr\u00e9sident de la Maison Herm\u00e8s lui-m\u00eame, Julie Abadie a continu\u00e9 \u00e0 concevoir \u00ab Le Triomphe du Paladin \u00bb inspir\u00e9 de Saint George, \u00ab Les Printemps de Th\u00e9ra \u00bb, \u00ab G\u00e9om\u00e9trie Cretoise \u00bb et d&rsquo;autres, jusqu&rsquo;\u00e0 la mort de Jean-Louis et Rena Dumas.<\/p>\n<p>Sa peinture \u00e0 l\u2019huile est son \u0153uvre personnelle et intime : des th\u00e8mes de la mer, formes sensuelles dans l\u2019eau, coquillages et galets, l\u00e0 aussi un regard vers la mer grecque ?<\/p>\n<p><em>You'll also like<\/em><\/p>\n<blockquote>\n<figure id=\"attachment_2199\" aria-describedby=\"caption-attachment-2199\" style=\"width: 247px\" class=\"wp-caption alignnone\"><a href=\"https:\/\/www.lartigue1910.com\/fr\/1549-coussins-carr%C3%A9s-4040-basque\/coussin-housse-carre-mante-bleu-rouge\"><img fetchpriority=\"high\" decoding=\"async\" class=\"wp-image-2199\" src=\"http:\/\/mon-carre-deco.com\/wp-content\/uploads\/2021\/08\/Coussin-MANTE-LARTIGUE-1910.jpg\" alt=\"Coussin MANTE - LARTIGUE 1910\" width=\"247\" height=\"229\" srcset=\"https:\/\/mon-carre-deco.com\/wp-content\/uploads\/2021\/08\/Coussin-MANTE-LARTIGUE-1910.jpg 1110w, https:\/\/mon-carre-deco.com\/wp-content\/uploads\/2021\/08\/Coussin-MANTE-LARTIGUE-1910-300x277.jpg 300w, https:\/\/mon-carre-deco.com\/wp-content\/uploads\/2021\/08\/Coussin-MANTE-LARTIGUE-1910-1024x947.jpg 1024w, https:\/\/mon-carre-deco.com\/wp-content\/uploads\/2021\/08\/Coussin-MANTE-LARTIGUE-1910-768x710.jpg 768w, https:\/\/mon-carre-deco.com\/wp-content\/uploads\/2021\/08\/Coussin-MANTE-LARTIGUE-1910-600x555.jpg 600w\" sizes=\"(max-width: 247px) 100vw, 247px\" \/><\/a><figcaption id=\"caption-attachment-2199\" class=\"wp-caption-text\">Coussin Mante LARTIGUE 1910<\/figcaption><\/figure><\/blockquote>","protected":false},"excerpt":{"rendered":"<p>Le tableau \u00abArcs-en-ciel\u00a0\u00bb, une d\u00e9coration murale cibl\u00e9e !<\/p>\n<p>En d\u00e9coration int\u00e9rieure d\u2019un loft, style industriel, ce tableau d\u2019un authentique foulard herm\u00e8s apporte un suppl\u00e9ment d\u2019\u00e2me et att\u00e9nue la froideur des espaces neufs. Avec ses couleurs rouge et bleu, il ajoute une touche moderne \u00e0 votre d\u00e9coration, \u00e0 faire d\u00e9cocher le regard, pour \u00eatre s\u00fbr de mettre dans le mille !<\/p>\n<p>Cible, arcs, fl\u00e8ches \u2026 Que peut-on y voir ? Jeu de mots subtile sur l\u2019arc-en-ciel, ph\u00e9nom\u00e8ne optique se produisant dans le ciel ? Clin d\u2019\u0153il au th\u00e8me grec cher \u00e0 Julia Abadie ? Dans la mythologie grecque, Iris est la d\u00e9esse de l&rsquo;arc-en-ciel charg\u00e9e des messages divins\u2026 S\u2019est-elle amus\u00e9e \u00e0 border d&rsquo;arcs cette cible au milieu du foulard, tels des cils autour d\u2019une pupille et son iris\u2026 d&rsquo;un \u0153il de cyclope ? Mythologie grecque encore, peut-on y voir l&rsquo;arc et les fl\u00e8ches forg\u00e9s par les cyclopes pour Art\u00e9mis ? Une r\u00e9f\u00e9rence aux jumeaux archers, Apollon et Art\u00e9mis, les dieux du tir \u00e0 l&rsquo;arc ?\u00a0 L\u2019arc, l\u2019arme que les dieux et les rois H\u00e9ros maniaient souvent avec dext\u00e9rit\u00e9 et qui devint naturellement synonyme d\u2019autorit\u00e9 et de puissance.<\/p>\n<ul>\n<li style=\"list-style-type: none;\">\n<ul>\n<li>Silk<\/li>\n<li>Couleurs dominantes : rouge, bleu, blanc<\/li>\n<li>Moulure en bois blanche<\/li>\n<li>White matting<\/li>\n<li>UV-protective acrylic glass<\/li>\n<li>Rear mounting hook<\/li>\n<\/ul>\n<\/li>\n<\/ul>\n<p>Designer : Julia Abadie<\/p>","protected":false},"featured_media":2192,"comment_status":"open","ping_status":"closed","template":"","meta":{"site-sidebar-layout":"default","site-content-layout":"default","ast-site-content-layout":"default","site-content-style":"default","site-sidebar-style":"default","ast-global-header-display":"","ast-banner-title-visibility":"","ast-main-header-display":"","ast-hfb-above-header-display":"","ast-hfb-below-header-display":"","ast-hfb-mobile-header-display":"","site-post-title":"","ast-breadcrumbs-content":"","ast-featured-img":"","footer-sml-layout":"","theme-transparent-header-meta":"default","adv-header-id-meta":"","stick-header-meta":"","header-above-stick-meta":"","header-main-stick-meta":"","header-below-stick-meta":"","astra-migrate-meta-layouts":"set"},"product_brand":[],"product_cat":[24],"product_tag":[],"class_list":{"0":"post-2186","1":"product","2":"type-product","3":"status-publish","4":"has-post-thumbnail","6":"product_cat-carre-90x90","7":"desktop-align-left","8":"tablet-align-left","9":"mobile-align-left","11":"first","12":"instock","13":"sold-individually","14":"shipping-taxable","15":"product-type-simple"},"yoast_head":"<!-- This site is optimized with the Yoast SEO plugin v25.4 - https:\/\/yoast.com\/wordpress\/plugins\/seo\/ -->\n<title>Tableau - Carr\u00e9 Herm\u00e8s Arcs-en-ciel - Mon Carr\u00e9 D\u00e9co<\/title>\n<meta name=\"description\" content=\"Une d\u00e9coration murale cibl\u00e9e ! En d\u00e9coration int\u00e9rieure d\u2019un loft, style industriel, ce tableau d\u2019un carr\u00e9 herm\u00e8s ajoutera une touche moderne \u00e0 votre d\u00e9coration, \u00e0 faire d\u00e9cocher le regard, pour \u00eatre s\u00fbr de mettre dans le mille !\" \/>\n<meta name=\"robots\" content=\"index, follow, max-snippet:-1, max-image-preview:large, max-video-preview:-1\" \/>\n<link rel=\"canonical\" href=\"https:\/\/mon-carre-deco.com\/en\/product\/tableau-carre-hermes-arcs-en-ciel\/\" \/>\n<meta property=\"og:locale\" content=\"en_US\" \/>\n<meta property=\"og:type\" content=\"article\" \/>\n<meta property=\"og:title\" content=\"Tableau - Carr\u00e9 Herm\u00e8s Arcs-en-ciel - Mon Carr\u00e9 D\u00e9co\" \/>\n<meta property=\"og:description\" content=\"Une d\u00e9coration murale cibl\u00e9e ! En d\u00e9coration int\u00e9rieure d\u2019un loft, style industriel, ce tableau d\u2019un carr\u00e9 herm\u00e8s ajoutera une touche moderne \u00e0 votre d\u00e9coration, \u00e0 faire d\u00e9cocher le regard, pour \u00eatre s\u00fbr de mettre dans le mille !\" \/>\n<meta property=\"og:url\" content=\"https:\/\/mon-carre-deco.com\/en\/product\/tableau-carre-hermes-arcs-en-ciel\/\" \/>\n<meta property=\"og:site_name\" content=\"Mon Carr\u00e9 D\u00e9co\" \/>\n<meta property=\"article:modified_time\" content=\"2023-12-25T17:11:02+00:00\" \/>\n<meta property=\"og:image\" content=\"http:\/\/mon-carre-deco.com\/wp-content\/uploads\/2021\/08\/Tableau-dun-carre-Hermes-Arcs-en-ciel-de-Julia-Abadie-moulure-blanche.jpg\" \/>\n\t<meta property=\"og:image:width\" content=\"691\" \/>\n\t<meta property=\"og:image:height\" content=\"644\" \/>\n\t<meta property=\"og:image:type\" content=\"image\/jpeg\" \/>\n<meta name=\"twitter:card\" content=\"summary_large_image\" \/>\n<meta name=\"twitter:label1\" content=\"Est. reading time\" \/>\n\t<meta name=\"twitter:data1\" content=\"2 minutes\" \/>\n<script type=\"application\/ld+json\" class=\"yoast-schema-graph\">{\"@context\":\"https:\/\/schema.org\",\"@graph\":[{\"@type\":\"WebPage\",\"@id\":\"https:\/\/mon-carre-deco.com\/produit\/tableau-carre-hermes-arcs-en-ciel\/\",\"url\":\"https:\/\/mon-carre-deco.com\/produit\/tableau-carre-hermes-arcs-en-ciel\/\",\"name\":\"Tableau - Carr\u00e9 Herm\u00e8s Arcs-en-ciel - Mon Carr\u00e9 D\u00e9co\",\"isPartOf\":{\"@id\":\"https:\/\/mon-carre-deco.com\/#website\"},\"primaryImageOfPage\":{\"@id\":\"https:\/\/mon-carre-deco.com\/produit\/tableau-carre-hermes-arcs-en-ciel\/#primaryimage\"},\"image\":{\"@id\":\"https:\/\/mon-carre-deco.com\/produit\/tableau-carre-hermes-arcs-en-ciel\/#primaryimage\"},\"thumbnailUrl\":\"https:\/\/mon-carre-deco.com\/wp-content\/uploads\/2021\/08\/Tableau-dun-carre-Hermes-Arcs-en-ciel-de-Julia-Abadie-moulure-blanche.jpg\",\"datePublished\":\"2021-08-04T23:37:55+00:00\",\"dateModified\":\"2023-12-25T17:11:02+00:00\",\"description\":\"Une d\u00e9coration murale cibl\u00e9e ! En d\u00e9coration int\u00e9rieure d\u2019un loft, style industriel, ce tableau d\u2019un carr\u00e9 herm\u00e8s ajoutera une touche moderne \u00e0 votre d\u00e9coration, \u00e0 faire d\u00e9cocher le regard, pour \u00eatre s\u00fbr de mettre dans le mille !\",\"breadcrumb\":{\"@id\":\"https:\/\/mon-carre-deco.com\/produit\/tableau-carre-hermes-arcs-en-ciel\/#breadcrumb\"},\"inLanguage\":\"en-US\",\"potentialAction\":[{\"@type\":\"ReadAction\",\"target\":[\"https:\/\/mon-carre-deco.com\/produit\/tableau-carre-hermes-arcs-en-ciel\/\"]}]},{\"@type\":\"ImageObject\",\"inLanguage\":\"en-US\",\"@id\":\"https:\/\/mon-carre-deco.com\/produit\/tableau-carre-hermes-arcs-en-ciel\/#primaryimage\",\"url\":\"https:\/\/mon-carre-deco.com\/wp-content\/uploads\/2021\/08\/Tableau-dun-carre-Hermes-Arcs-en-ciel-de-Julia-Abadie-moulure-blanche.jpg\",\"contentUrl\":\"https:\/\/mon-carre-deco.com\/wp-content\/uploads\/2021\/08\/Tableau-dun-carre-Hermes-Arcs-en-ciel-de-Julia-Abadie-moulure-blanche.jpg\",\"width\":691,\"height\":644,\"caption\":\"Tableau d'un carr\u00e9 Herm\u00e8s Arcs-en-ciel de Julia Abadie, rouge, bleu, blanc, moulure blanche\"},{\"@type\":\"BreadcrumbList\",\"@id\":\"https:\/\/mon-carre-deco.com\/produit\/tableau-carre-hermes-arcs-en-ciel\/#breadcrumb\",\"itemListElement\":[{\"@type\":\"ListItem\",\"position\":1,\"name\":\"Accueil\",\"item\":\"https:\/\/mon-carre-deco.com\/\"},{\"@type\":\"ListItem\",\"position\":2,\"name\":\"Tableaux\",\"item\":\"https:\/\/mon-carre-deco.com\/boutique-tableau-hermes\/\"},{\"@type\":\"ListItem\",\"position\":3,\"name\":\"Tableau &#8211; Carr\u00e9 Herm\u00e8s Arcs-en-ciel\"}]},{\"@type\":\"WebSite\",\"@id\":\"https:\/\/mon-carre-deco.com\/#website\",\"url\":\"https:\/\/mon-carre-deco.com\/\",\"name\":\"Mon Carr\u00e9 D\u00e9co\",\"description\":\"Mon Carr\u00e9 D&#039;art at Home, vente de tableau Herm\u00e8s, foulard carr\u00e9 Herm\u00e8s encadr\u00e9\",\"publisher\":{\"@id\":\"https:\/\/mon-carre-deco.com\/#organization\"},\"potentialAction\":[{\"@type\":\"SearchAction\",\"target\":{\"@type\":\"EntryPoint\",\"urlTemplate\":\"https:\/\/mon-carre-deco.com\/?s={search_term_string}\"},\"query-input\":{\"@type\":\"PropertyValueSpecification\",\"valueRequired\":true,\"valueName\":\"search_term_string\"}}],\"inLanguage\":\"en-US\"},{\"@type\":\"Organization\",\"@id\":\"https:\/\/mon-carre-deco.com\/#organization\",\"name\":\"Mon Carr\u00e9 D\u00e9co\",\"url\":\"https:\/\/mon-carre-deco.com\/\",\"logo\":{\"@type\":\"ImageObject\",\"inLanguage\":\"en-US\",\"@id\":\"https:\/\/mon-carre-deco.com\/#\/schema\/logo\/image\/\",\"url\":\"https:\/\/mon-carre-deco.com\/wp-content\/uploads\/2021\/04\/cropped-Logo-mon-carre-deco-2.png\",\"contentUrl\":\"https:\/\/mon-carre-deco.com\/wp-content\/uploads\/2021\/04\/cropped-Logo-mon-carre-deco-2.png\",\"width\":1043,\"height\":1043,\"caption\":\"Mon Carr\u00e9 D\u00e9co\"},\"image\":{\"@id\":\"https:\/\/mon-carre-deco.com\/#\/schema\/logo\/image\/\"}}]}<\/script>\n<!-- \/ Yoast SEO plugin. -->","yoast_head_json":{"title":"Tableau - Carr\u00e9 Herm\u00e8s Arcs-en-ciel - Mon Carr\u00e9 D\u00e9co","description":"Une d\u00e9coration murale cibl\u00e9e ! En d\u00e9coration int\u00e9rieure d\u2019un loft, style industriel, ce tableau d\u2019un carr\u00e9 herm\u00e8s ajoutera une touche moderne \u00e0 votre d\u00e9coration, \u00e0 faire d\u00e9cocher le regard, pour \u00eatre s\u00fbr de mettre dans le mille !","robots":{"index":"index","follow":"follow","max-snippet":"max-snippet:-1","max-image-preview":"max-image-preview:large","max-video-preview":"max-video-preview:-1"},"canonical":"https:\/\/mon-carre-deco.com\/en\/product\/tableau-carre-hermes-arcs-en-ciel\/","og_locale":"en_US","og_type":"article","og_title":"Tableau - Carr\u00e9 Herm\u00e8s Arcs-en-ciel - Mon Carr\u00e9 D\u00e9co","og_description":"Une d\u00e9coration murale cibl\u00e9e ! En d\u00e9coration int\u00e9rieure d\u2019un loft, style industriel, ce tableau d\u2019un carr\u00e9 herm\u00e8s ajoutera une touche moderne \u00e0 votre d\u00e9coration, \u00e0 faire d\u00e9cocher le regard, pour \u00eatre s\u00fbr de mettre dans le mille !","og_url":"https:\/\/mon-carre-deco.com\/en\/product\/tableau-carre-hermes-arcs-en-ciel\/","og_site_name":"Mon Carr\u00e9 D\u00e9co","article_modified_time":"2023-12-25T17:11:02+00:00","og_image":[{"width":691,"height":644,"url":"http:\/\/mon-carre-deco.com\/wp-content\/uploads\/2021\/08\/Tableau-dun-carre-Hermes-Arcs-en-ciel-de-Julia-Abadie-moulure-blanche.jpg","type":"image\/jpeg"}],"twitter_card":"summary_large_image","twitter_misc":{"Est. reading time":"2 minutes"},"schema":{"@context":"https:\/\/schema.org","@graph":[{"@type":"WebPage","@id":"https:\/\/mon-carre-deco.com\/produit\/tableau-carre-hermes-arcs-en-ciel\/","url":"https:\/\/mon-carre-deco.com\/produit\/tableau-carre-hermes-arcs-en-ciel\/","name":"Tableau - Carr\u00e9 Herm\u00e8s Arcs-en-ciel - Mon Carr\u00e9 D\u00e9co","isPartOf":{"@id":"https:\/\/mon-carre-deco.com\/#website"},"primaryImageOfPage":{"@id":"https:\/\/mon-carre-deco.com\/produit\/tableau-carre-hermes-arcs-en-ciel\/#primaryimage"},"image":{"@id":"https:\/\/mon-carre-deco.com\/produit\/tableau-carre-hermes-arcs-en-ciel\/#primaryimage"},"thumbnailUrl":"https:\/\/mon-carre-deco.com\/wp-content\/uploads\/2021\/08\/Tableau-dun-carre-Hermes-Arcs-en-ciel-de-Julia-Abadie-moulure-blanche.jpg","datePublished":"2021-08-04T23:37:55+00:00","dateModified":"2023-12-25T17:11:02+00:00","description":"Une d\u00e9coration murale cibl\u00e9e ! En d\u00e9coration int\u00e9rieure d\u2019un loft, style industriel, ce tableau d\u2019un carr\u00e9 herm\u00e8s ajoutera une touche moderne \u00e0 votre d\u00e9coration, \u00e0 faire d\u00e9cocher le regard, pour \u00eatre s\u00fbr de mettre dans le mille !","breadcrumb":{"@id":"https:\/\/mon-carre-deco.com\/produit\/tableau-carre-hermes-arcs-en-ciel\/#breadcrumb"},"inLanguage":"en-US","potentialAction":[{"@type":"ReadAction","target":["https:\/\/mon-carre-deco.com\/produit\/tableau-carre-hermes-arcs-en-ciel\/"]}]},{"@type":"ImageObject","inLanguage":"en-US","@id":"https:\/\/mon-carre-deco.com\/produit\/tableau-carre-hermes-arcs-en-ciel\/#primaryimage","url":"https:\/\/mon-carre-deco.com\/wp-content\/uploads\/2021\/08\/Tableau-dun-carre-Hermes-Arcs-en-ciel-de-Julia-Abadie-moulure-blanche.jpg","contentUrl":"https:\/\/mon-carre-deco.com\/wp-content\/uploads\/2021\/08\/Tableau-dun-carre-Hermes-Arcs-en-ciel-de-Julia-Abadie-moulure-blanche.jpg","width":691,"height":644,"caption":"Tableau d'un carr\u00e9 Herm\u00e8s Arcs-en-ciel de Julia Abadie, rouge, bleu, blanc, moulure blanche"},{"@type":"BreadcrumbList","@id":"https:\/\/mon-carre-deco.com\/produit\/tableau-carre-hermes-arcs-en-ciel\/#breadcrumb","itemListElement":[{"@type":"ListItem","position":1,"name":"Accueil","item":"https:\/\/mon-carre-deco.com\/"},{"@type":"ListItem","position":2,"name":"Tableaux","item":"https:\/\/mon-carre-deco.com\/boutique-tableau-hermes\/"},{"@type":"ListItem","position":3,"name":"Tableau &#8211; Carr\u00e9 Herm\u00e8s Arcs-en-ciel"}]},{"@type":"WebSite","@id":"https:\/\/mon-carre-deco.com\/#website","url":"https:\/\/mon-carre-deco.com\/","name":"Mon Carr\u00e9 D\u00e9co","description":"Mon Carr\u00e9 D&#039;art at Home, vente de tableau Herm\u00e8s, foulard carr\u00e9 Herm\u00e8s encadr\u00e9","publisher":{"@id":"https:\/\/mon-carre-deco.com\/#organization"},"potentialAction":[{"@type":"SearchAction","target":{"@type":"EntryPoint","urlTemplate":"https:\/\/mon-carre-deco.com\/?s={search_term_string}"},"query-input":{"@type":"PropertyValueSpecification","valueRequired":true,"valueName":"search_term_string"}}],"inLanguage":"en-US"},{"@type":"Organization","@id":"https:\/\/mon-carre-deco.com\/#organization","name":"Mon Carr\u00e9 D\u00e9co","url":"https:\/\/mon-carre-deco.com\/","logo":{"@type":"ImageObject","inLanguage":"en-US","@id":"https:\/\/mon-carre-deco.com\/#\/schema\/logo\/image\/","url":"https:\/\/mon-carre-deco.com\/wp-content\/uploads\/2021\/04\/cropped-Logo-mon-carre-deco-2.png","contentUrl":"https:\/\/mon-carre-deco.com\/wp-content\/uploads\/2021\/04\/cropped-Logo-mon-carre-deco-2.png","width":1043,"height":1043,"caption":"Mon Carr\u00e9 D\u00e9co"},"image":{"@id":"https:\/\/mon-carre-deco.com\/#\/schema\/logo\/image\/"}}]}},"_links":{"self":[{"href":"https:\/\/mon-carre-deco.com\/en\/wp-json\/wp\/v2\/product\/2186","targetHints":{"allow":["GET"]}}],"collection":[{"href":"https:\/\/mon-carre-deco.com\/en\/wp-json\/wp\/v2\/product"}],"about":[{"href":"https:\/\/mon-carre-deco.com\/en\/wp-json\/wp\/v2\/types\/product"}],"replies":[{"embeddable":true,"href":"https:\/\/mon-carre-deco.com\/en\/wp-json\/wp\/v2\/comments?post=2186"}],"version-history":[{"count":12,"href":"https:\/\/mon-carre-deco.com\/en\/wp-json\/wp\/v2\/product\/2186\/revisions"}],"predecessor-version":[{"id":2201,"href":"https:\/\/mon-carre-deco.com\/en\/wp-json\/wp\/v2\/product\/2186\/revisions\/2201"}],"wp:featuredmedia":[{"embeddable":true,"href":"https:\/\/mon-carre-deco.com\/en\/wp-json\/wp\/v2\/media\/2192"}],"wp:attachment":[{"href":"https:\/\/mon-carre-deco.com\/en\/wp-json\/wp\/v2\/media?parent=2186"}],"wp:term":[{"taxonomy":"product_brand","embeddable":true,"href":"https:\/\/mon-carre-deco.com\/en\/wp-json\/wp\/v2\/product_brand?post=2186"},{"taxonomy":"product_cat","embeddable":true,"href":"https:\/\/mon-carre-deco.com\/en\/wp-json\/wp\/v2\/product_cat?post=2186"},{"taxonomy":"product_tag","embeddable":true,"href":"https:\/\/mon-carre-deco.com\/en\/wp-json\/wp\/v2\/product_tag?post=2186"}],"curies":[{"name":"wp","href":"https:\/\/api.w.org\/{rel}","templated":true}]}}