{"id":2214,"date":"2021-09-11T00:15:00","date_gmt":"2021-09-10T22:15:00","guid":{"rendered":"https:\/\/mon-carre-deco.com\/?post_type=product&#038;p=2214"},"modified":"2025-05-06T10:07:15","modified_gmt":"2025-05-06T08:07:15","slug":"tableau-carre-hermes-au-fil-de-la-soie","status":"publish","type":"product","link":"https:\/\/mon-carre-deco.com\/en\/product\/tableau-carre-hermes-au-fil-de-la-soie\/","title":{"rendered":"Tableau &#8211; Carr\u00e9 Herm\u00e8s Au Fil de la Soie"},"content":{"rendered":"<p>\u00ab\u00a0Au fil de la soie\u00a0\u00bb<\/p>\n<p>\u00c9dit\u00e9 en 1995<\/p>\n<p>Designer : Annie Faivre<\/p>\n<p>Annie Faivre est une artiste fran\u00e7aise, qui a cr\u00e9\u00e9 de nombreux carr\u00e9s pour la Maison Herm\u00e8s. Elle a b\u00e2ti sa r\u00e9putation sur son style unique, imm\u00e9diatement reconnaissable et d\u00e9sormais appr\u00e9ci\u00e9 par beaucoup. Son association avec la Maison de Mode a commenc\u00e9 en 1979. Elle a une grand nombre de fans fid\u00e8les dans le monde entier et une fa\u00e7on unique de repr\u00e9senter la r\u00e9alit\u00e9.<\/p>\n<p>Exotisme intense, dessins minutieux et narrativit\u00e9 plurielle, ce sont des \u00e9l\u00e9ments de coh\u00e9rence qui nous permettent de rep\u00e9rer des carr\u00e9s d&rsquo;Annie Faivre. N\u00e9s davantage de la sym\u00e9trie et de la r\u00e9p\u00e9tition, leurs d\u00e9tails rappellent de belles sculptures mauresques complexes. La conception de ses \u0153uvres s\u2019appuie sur une vaste documentation et demande une m\u00fbre r\u00e9flexion.<\/p>\n<p>En cristallisant ainsi sa pens\u00e9e, Annie introduit dans son tableau comme l\u2019\u00e9glise gothique la dimension symbolique, qui peut \u00e9veiller nos souvenirs. L\u2019accumulation de d\u00e9tails structure m\u00e9ticuleusement son dessin. Puis la couleur pare l\u2019ensemble et le tableau se transforme en somptueux carr\u00e9.<\/p>\n<p>Sans oublier une touche d&rsquo;humour, Annie glisse dans chaque \u0153uvre son signe astrologique chinois, un singe, symbole de bonheur. Un message tr\u00e8s personnel de l&rsquo;artiste et souvent difficilement d\u00e9celable !<\/p>\n<p>Le foulard Herm\u00e8s Au fil de la soie en vid\u00e9o, par le Carr\u00e9 de Paris<\/p>\n<p>&#8211; Cliquez sur l&rsquo;image &#8211;<\/p>\n<p><a href=\"https:\/\/www.youtube.com\/watch?v=vsjgt1Qq15k\" target=\"_blank\" rel=\"noopener\"><img decoding=\"async\" class=\"wp-image-2221\" src=\"http:\/\/mon-carre-deco.com\/wp-content\/uploads\/2021\/09\/Detail-carre-Hermes-Au-Fil-de-la-Soie.jpg\" alt=\"D\u00e9tail du carr\u00e9 Herm\u00e8s au fil de la soie\" width=\"110\" height=\"115\" srcset=\"https:\/\/mon-carre-deco.com\/wp-content\/uploads\/2021\/09\/Detail-carre-Hermes-Au-Fil-de-la-Soie.jpg 320w, https:\/\/mon-carre-deco.com\/wp-content\/uploads\/2021\/09\/Detail-carre-Hermes-Au-Fil-de-la-Soie-286x300.jpg 286w\" sizes=\"(max-width: 110px) 100vw, 110px\" \/><\/a><\/p>\n<p><em>Vous aimerez aussi\u00a0<\/em><i>\u2026<\/i><\/p>\n<blockquote>\n<figure id=\"attachment_2232\" aria-describedby=\"caption-attachment-2232\" style=\"width: 258px\" class=\"wp-caption alignnone\"><a href=\"https:\/\/www.artisanart.com\/fr\/boucles-d-oreilles-la-route-de-la-soie.html\" target=\"_blank\" rel=\"noopener\"><img fetchpriority=\"high\" decoding=\"async\" class=\"size-medium wp-image-2232\" src=\"http:\/\/mon-carre-deco.com\/wp-content\/uploads\/2021\/09\/boucles_d_oreilles_route_de_la_soie_Esther_Willer-258x300.jpg\" alt=\"Boucles d'oreilles Route de la soie par Esther Willer\" width=\"258\" height=\"300\" srcset=\"https:\/\/mon-carre-deco.com\/wp-content\/uploads\/2021\/09\/boucles_d_oreilles_route_de_la_soie_Esther_Willer-258x300.jpg 258w, https:\/\/mon-carre-deco.com\/wp-content\/uploads\/2021\/09\/boucles_d_oreilles_route_de_la_soie_Esther_Willer-882x1024.jpg 882w, https:\/\/mon-carre-deco.com\/wp-content\/uploads\/2021\/09\/boucles_d_oreilles_route_de_la_soie_Esther_Willer-768x891.jpg 768w, https:\/\/mon-carre-deco.com\/wp-content\/uploads\/2021\/09\/boucles_d_oreilles_route_de_la_soie_Esther_Willer-600x696.jpg 600w, https:\/\/mon-carre-deco.com\/wp-content\/uploads\/2021\/09\/boucles_d_oreilles_route_de_la_soie_Esther_Willer.jpg 1009w\" sizes=\"(max-width: 258px) 100vw, 258px\" \/><\/a><figcaption id=\"caption-attachment-2232\" class=\"wp-caption-text\">Boucles d&rsquo;oreilles Route de la soie par Esther Willer<\/figcaption><\/figure>\n<p>&nbsp;<\/p><\/blockquote>","protected":false},"excerpt":{"rendered":"<p>Chaque d\u00e9tail nous raconte l&rsquo;histoire de la route de la soie. Au centre, le murier platane, l&rsquo;arbre nourricier du ver \u00e0 soie et Leizu. Selon la l\u00e9gende, elle aurait d\u00e9couvert la soie 2640 av. J.-C : la jeune femme de \u00ab HuangDi \u00bb, l\u2019Empereur jaune, buvait un th\u00e9 sous un m\u00fbrier dans le jardin du palais imp\u00e9rial lorsqu\u2019un cocon tomba de l\u2019arbre dans son th\u00e9 chaud. Voulant l\u2019extraire de sa boisson, la jeune \u00e9pouse fut surprise de voir le cocon se d\u00e9rouler autour de son doigt en un long fil d\u00e9licat et doux.<\/p>\n<p>Ce somptueux foulard encadr\u00e9 est une c\u00e9l\u00e9bration des contes persans, des l\u00e9gendes de l&rsquo;ancienne Chine, des beaux atours et des combats sans merci \u2026 une page d&rsquo;histoire sur un pan de mur de votre int\u00e9rieur.<\/p>\n<ul>\n<li>soie<\/li>\n<li>Couleurs dominantes : bleu, vert, gris, or<\/li>\n<li>Moulure bois vert amande<\/li>\n<li>White matting<\/li>\n<li>Verre de protection anti UV<\/li>\n<li>Fixation murale \u00e0 l\u2019arri\u00e8re<\/li>\n<\/ul>\n<p>Designer : Annie Faivre<\/p>","protected":false},"featured_media":2241,"comment_status":"open","ping_status":"closed","template":"","meta":{"site-sidebar-layout":"default","site-content-layout":"default","ast-site-content-layout":"default","site-content-style":"default","site-sidebar-style":"default","ast-global-header-display":"","ast-banner-title-visibility":"","ast-main-header-display":"","ast-hfb-above-header-display":"","ast-hfb-below-header-display":"","ast-hfb-mobile-header-display":"","site-post-title":"","ast-breadcrumbs-content":"","ast-featured-img":"","footer-sml-layout":"","theme-transparent-header-meta":"default","adv-header-id-meta":"","stick-header-meta":"","header-above-stick-meta":"","header-main-stick-meta":"","header-below-stick-meta":"","astra-migrate-meta-layouts":"set"},"product_brand":[],"product_cat":[24],"product_tag":[],"class_list":{"0":"post-2214","1":"product","2":"type-product","3":"status-publish","4":"has-post-thumbnail","6":"product_cat-carre-90x90","7":"desktop-align-left","8":"tablet-align-left","9":"mobile-align-left","11":"first","12":"instock","13":"sold-individually","14":"shipping-taxable","15":"product-type-simple"},"yoast_head":"<!-- This site is optimized with the Yoast SEO plugin v25.4 - https:\/\/yoast.com\/wordpress\/plugins\/seo\/ -->\n<title>Tableau - Carr\u00e9 Herm\u00e8s Au Fil de la Soie - Mon Carr\u00e9 D\u00e9co<\/title>\n<meta name=\"description\" content=\"Tableau d&#039;un Carr\u00e9 Herm\u00e8s Au fil de la soie, une d\u00e9coration murale raffin\u00e9e, asiatique et indienne aux tons de bleu, vert et or. Un foulard encadr\u00e9 somptueux.\" \/>\n<meta name=\"robots\" content=\"index, follow, max-snippet:-1, max-image-preview:large, max-video-preview:-1\" \/>\n<link rel=\"canonical\" href=\"https:\/\/mon-carre-deco.com\/en\/product\/tableau-carre-hermes-au-fil-de-la-soie\/\" \/>\n<meta property=\"og:locale\" content=\"en_US\" \/>\n<meta property=\"og:type\" content=\"article\" \/>\n<meta property=\"og:title\" content=\"Tableau - Carr\u00e9 Herm\u00e8s Au Fil de la Soie - Mon Carr\u00e9 D\u00e9co\" \/>\n<meta property=\"og:description\" content=\"Tableau d&#039;un Carr\u00e9 Herm\u00e8s Au fil de la soie, une d\u00e9coration murale raffin\u00e9e, asiatique et indienne aux tons de bleu, vert et or. Un foulard encadr\u00e9 somptueux.\" \/>\n<meta property=\"og:url\" content=\"https:\/\/mon-carre-deco.com\/en\/product\/tableau-carre-hermes-au-fil-de-la-soie\/\" \/>\n<meta property=\"og:site_name\" content=\"Mon Carr\u00e9 D\u00e9co\" \/>\n<meta property=\"article:modified_time\" content=\"2025-05-06T08:07:15+00:00\" \/>\n<meta property=\"og:image\" content=\"http:\/\/mon-carre-deco.com\/wp-content\/uploads\/2021\/09\/Tableau-dun-carre-Hermes-Au-fil-de-la-soie-Annie-Faivre-1.jpg\" \/>\n\t<meta property=\"og:image:width\" content=\"691\" \/>\n\t<meta property=\"og:image:height\" content=\"644\" \/>\n\t<meta property=\"og:image:type\" content=\"image\/jpeg\" \/>\n<meta name=\"twitter:card\" content=\"summary_large_image\" \/>\n<meta name=\"twitter:label1\" content=\"Est. reading time\" \/>\n\t<meta name=\"twitter:data1\" content=\"2 minutes\" \/>\n<script type=\"application\/ld+json\" class=\"yoast-schema-graph\">{\"@context\":\"https:\/\/schema.org\",\"@graph\":[{\"@type\":\"WebPage\",\"@id\":\"https:\/\/mon-carre-deco.com\/produit\/tableau-carre-hermes-au-fil-de-la-soie\/\",\"url\":\"https:\/\/mon-carre-deco.com\/produit\/tableau-carre-hermes-au-fil-de-la-soie\/\",\"name\":\"Tableau - Carr\u00e9 Herm\u00e8s Au Fil de la Soie - Mon Carr\u00e9 D\u00e9co\",\"isPartOf\":{\"@id\":\"https:\/\/mon-carre-deco.com\/#website\"},\"primaryImageOfPage\":{\"@id\":\"https:\/\/mon-carre-deco.com\/produit\/tableau-carre-hermes-au-fil-de-la-soie\/#primaryimage\"},\"image\":{\"@id\":\"https:\/\/mon-carre-deco.com\/produit\/tableau-carre-hermes-au-fil-de-la-soie\/#primaryimage\"},\"thumbnailUrl\":\"https:\/\/mon-carre-deco.com\/wp-content\/uploads\/2021\/09\/Tableau-dun-carre-Hermes-Au-fil-de-la-soie-Annie-Faivre-1.jpg\",\"datePublished\":\"2021-09-10T22:15:00+00:00\",\"dateModified\":\"2025-05-06T08:07:15+00:00\",\"description\":\"Tableau d'un Carr\u00e9 Herm\u00e8s Au fil de la soie, une d\u00e9coration murale raffin\u00e9e, asiatique et indienne aux tons de bleu, vert et or. Un foulard encadr\u00e9 somptueux.\",\"breadcrumb\":{\"@id\":\"https:\/\/mon-carre-deco.com\/produit\/tableau-carre-hermes-au-fil-de-la-soie\/#breadcrumb\"},\"inLanguage\":\"en-US\",\"potentialAction\":[{\"@type\":\"ReadAction\",\"target\":[\"https:\/\/mon-carre-deco.com\/produit\/tableau-carre-hermes-au-fil-de-la-soie\/\"]}]},{\"@type\":\"ImageObject\",\"inLanguage\":\"en-US\",\"@id\":\"https:\/\/mon-carre-deco.com\/produit\/tableau-carre-hermes-au-fil-de-la-soie\/#primaryimage\",\"url\":\"https:\/\/mon-carre-deco.com\/wp-content\/uploads\/2021\/09\/Tableau-dun-carre-Hermes-Au-fil-de-la-soie-Annie-Faivre-1.jpg\",\"contentUrl\":\"https:\/\/mon-carre-deco.com\/wp-content\/uploads\/2021\/09\/Tableau-dun-carre-Hermes-Au-fil-de-la-soie-Annie-Faivre-1.jpg\",\"width\":691,\"height\":644,\"caption\":\"Tableau Herm\u00e8s au fil de la soie de Annie Faivre moulure bois verte amande et passe-partout blanc\"},{\"@type\":\"BreadcrumbList\",\"@id\":\"https:\/\/mon-carre-deco.com\/produit\/tableau-carre-hermes-au-fil-de-la-soie\/#breadcrumb\",\"itemListElement\":[{\"@type\":\"ListItem\",\"position\":1,\"name\":\"Accueil\",\"item\":\"https:\/\/mon-carre-deco.com\/\"},{\"@type\":\"ListItem\",\"position\":2,\"name\":\"Tableaux\",\"item\":\"https:\/\/mon-carre-deco.com\/boutique-tableau-hermes\/\"},{\"@type\":\"ListItem\",\"position\":3,\"name\":\"Tableau &#8211; Carr\u00e9 Herm\u00e8s Au Fil de la Soie\"}]},{\"@type\":\"WebSite\",\"@id\":\"https:\/\/mon-carre-deco.com\/#website\",\"url\":\"https:\/\/mon-carre-deco.com\/\",\"name\":\"Mon Carr\u00e9 D\u00e9co\",\"description\":\"Mon Carr\u00e9 D&#039;art at Home, vente de tableau Herm\u00e8s, foulard carr\u00e9 Herm\u00e8s encadr\u00e9\",\"publisher\":{\"@id\":\"https:\/\/mon-carre-deco.com\/#organization\"},\"potentialAction\":[{\"@type\":\"SearchAction\",\"target\":{\"@type\":\"EntryPoint\",\"urlTemplate\":\"https:\/\/mon-carre-deco.com\/?s={search_term_string}\"},\"query-input\":{\"@type\":\"PropertyValueSpecification\",\"valueRequired\":true,\"valueName\":\"search_term_string\"}}],\"inLanguage\":\"en-US\"},{\"@type\":\"Organization\",\"@id\":\"https:\/\/mon-carre-deco.com\/#organization\",\"name\":\"Mon Carr\u00e9 D\u00e9co\",\"url\":\"https:\/\/mon-carre-deco.com\/\",\"logo\":{\"@type\":\"ImageObject\",\"inLanguage\":\"en-US\",\"@id\":\"https:\/\/mon-carre-deco.com\/#\/schema\/logo\/image\/\",\"url\":\"https:\/\/mon-carre-deco.com\/wp-content\/uploads\/2021\/04\/cropped-Logo-mon-carre-deco-2.png\",\"contentUrl\":\"https:\/\/mon-carre-deco.com\/wp-content\/uploads\/2021\/04\/cropped-Logo-mon-carre-deco-2.png\",\"width\":1043,\"height\":1043,\"caption\":\"Mon Carr\u00e9 D\u00e9co\"},\"image\":{\"@id\":\"https:\/\/mon-carre-deco.com\/#\/schema\/logo\/image\/\"}}]}<\/script>\n<!-- \/ Yoast SEO plugin. -->","yoast_head_json":{"title":"Tableau - Carr\u00e9 Herm\u00e8s Au Fil de la Soie - Mon Carr\u00e9 D\u00e9co","description":"Tableau d'un Carr\u00e9 Herm\u00e8s Au fil de la soie, une d\u00e9coration murale raffin\u00e9e, asiatique et indienne aux tons de bleu, vert et or. Un foulard encadr\u00e9 somptueux.","robots":{"index":"index","follow":"follow","max-snippet":"max-snippet:-1","max-image-preview":"max-image-preview:large","max-video-preview":"max-video-preview:-1"},"canonical":"https:\/\/mon-carre-deco.com\/en\/product\/tableau-carre-hermes-au-fil-de-la-soie\/","og_locale":"en_US","og_type":"article","og_title":"Tableau - Carr\u00e9 Herm\u00e8s Au Fil de la Soie - Mon Carr\u00e9 D\u00e9co","og_description":"Tableau d'un Carr\u00e9 Herm\u00e8s Au fil de la soie, une d\u00e9coration murale raffin\u00e9e, asiatique et indienne aux tons de bleu, vert et or. Un foulard encadr\u00e9 somptueux.","og_url":"https:\/\/mon-carre-deco.com\/en\/product\/tableau-carre-hermes-au-fil-de-la-soie\/","og_site_name":"Mon Carr\u00e9 D\u00e9co","article_modified_time":"2025-05-06T08:07:15+00:00","og_image":[{"width":691,"height":644,"url":"http:\/\/mon-carre-deco.com\/wp-content\/uploads\/2021\/09\/Tableau-dun-carre-Hermes-Au-fil-de-la-soie-Annie-Faivre-1.jpg","type":"image\/jpeg"}],"twitter_card":"summary_large_image","twitter_misc":{"Est. reading time":"2 minutes"},"schema":{"@context":"https:\/\/schema.org","@graph":[{"@type":"WebPage","@id":"https:\/\/mon-carre-deco.com\/produit\/tableau-carre-hermes-au-fil-de-la-soie\/","url":"https:\/\/mon-carre-deco.com\/produit\/tableau-carre-hermes-au-fil-de-la-soie\/","name":"Tableau - Carr\u00e9 Herm\u00e8s Au Fil de la Soie - Mon Carr\u00e9 D\u00e9co","isPartOf":{"@id":"https:\/\/mon-carre-deco.com\/#website"},"primaryImageOfPage":{"@id":"https:\/\/mon-carre-deco.com\/produit\/tableau-carre-hermes-au-fil-de-la-soie\/#primaryimage"},"image":{"@id":"https:\/\/mon-carre-deco.com\/produit\/tableau-carre-hermes-au-fil-de-la-soie\/#primaryimage"},"thumbnailUrl":"https:\/\/mon-carre-deco.com\/wp-content\/uploads\/2021\/09\/Tableau-dun-carre-Hermes-Au-fil-de-la-soie-Annie-Faivre-1.jpg","datePublished":"2021-09-10T22:15:00+00:00","dateModified":"2025-05-06T08:07:15+00:00","description":"Tableau d'un Carr\u00e9 Herm\u00e8s Au fil de la soie, une d\u00e9coration murale raffin\u00e9e, asiatique et indienne aux tons de bleu, vert et or. Un foulard encadr\u00e9 somptueux.","breadcrumb":{"@id":"https:\/\/mon-carre-deco.com\/produit\/tableau-carre-hermes-au-fil-de-la-soie\/#breadcrumb"},"inLanguage":"en-US","potentialAction":[{"@type":"ReadAction","target":["https:\/\/mon-carre-deco.com\/produit\/tableau-carre-hermes-au-fil-de-la-soie\/"]}]},{"@type":"ImageObject","inLanguage":"en-US","@id":"https:\/\/mon-carre-deco.com\/produit\/tableau-carre-hermes-au-fil-de-la-soie\/#primaryimage","url":"https:\/\/mon-carre-deco.com\/wp-content\/uploads\/2021\/09\/Tableau-dun-carre-Hermes-Au-fil-de-la-soie-Annie-Faivre-1.jpg","contentUrl":"https:\/\/mon-carre-deco.com\/wp-content\/uploads\/2021\/09\/Tableau-dun-carre-Hermes-Au-fil-de-la-soie-Annie-Faivre-1.jpg","width":691,"height":644,"caption":"Tableau Herm\u00e8s au fil de la soie de Annie Faivre moulure bois verte amande et passe-partout blanc"},{"@type":"BreadcrumbList","@id":"https:\/\/mon-carre-deco.com\/produit\/tableau-carre-hermes-au-fil-de-la-soie\/#breadcrumb","itemListElement":[{"@type":"ListItem","position":1,"name":"Accueil","item":"https:\/\/mon-carre-deco.com\/"},{"@type":"ListItem","position":2,"name":"Tableaux","item":"https:\/\/mon-carre-deco.com\/boutique-tableau-hermes\/"},{"@type":"ListItem","position":3,"name":"Tableau &#8211; Carr\u00e9 Herm\u00e8s Au Fil de la Soie"}]},{"@type":"WebSite","@id":"https:\/\/mon-carre-deco.com\/#website","url":"https:\/\/mon-carre-deco.com\/","name":"Mon Carr\u00e9 D\u00e9co","description":"Mon Carr\u00e9 D&#039;art at Home, vente de tableau Herm\u00e8s, foulard carr\u00e9 Herm\u00e8s encadr\u00e9","publisher":{"@id":"https:\/\/mon-carre-deco.com\/#organization"},"potentialAction":[{"@type":"SearchAction","target":{"@type":"EntryPoint","urlTemplate":"https:\/\/mon-carre-deco.com\/?s={search_term_string}"},"query-input":{"@type":"PropertyValueSpecification","valueRequired":true,"valueName":"search_term_string"}}],"inLanguage":"en-US"},{"@type":"Organization","@id":"https:\/\/mon-carre-deco.com\/#organization","name":"Mon Carr\u00e9 D\u00e9co","url":"https:\/\/mon-carre-deco.com\/","logo":{"@type":"ImageObject","inLanguage":"en-US","@id":"https:\/\/mon-carre-deco.com\/#\/schema\/logo\/image\/","url":"https:\/\/mon-carre-deco.com\/wp-content\/uploads\/2021\/04\/cropped-Logo-mon-carre-deco-2.png","contentUrl":"https:\/\/mon-carre-deco.com\/wp-content\/uploads\/2021\/04\/cropped-Logo-mon-carre-deco-2.png","width":1043,"height":1043,"caption":"Mon Carr\u00e9 D\u00e9co"},"image":{"@id":"https:\/\/mon-carre-deco.com\/#\/schema\/logo\/image\/"}}]}},"_links":{"self":[{"href":"https:\/\/mon-carre-deco.com\/en\/wp-json\/wp\/v2\/product\/2214","targetHints":{"allow":["GET"]}}],"collection":[{"href":"https:\/\/mon-carre-deco.com\/en\/wp-json\/wp\/v2\/product"}],"about":[{"href":"https:\/\/mon-carre-deco.com\/en\/wp-json\/wp\/v2\/types\/product"}],"replies":[{"embeddable":true,"href":"https:\/\/mon-carre-deco.com\/en\/wp-json\/wp\/v2\/comments?post=2214"}],"version-history":[{"count":19,"href":"https:\/\/mon-carre-deco.com\/en\/wp-json\/wp\/v2\/product\/2214\/revisions"}],"predecessor-version":[{"id":4044,"href":"https:\/\/mon-carre-deco.com\/en\/wp-json\/wp\/v2\/product\/2214\/revisions\/4044"}],"wp:featuredmedia":[{"embeddable":true,"href":"https:\/\/mon-carre-deco.com\/en\/wp-json\/wp\/v2\/media\/2241"}],"wp:attachment":[{"href":"https:\/\/mon-carre-deco.com\/en\/wp-json\/wp\/v2\/media?parent=2214"}],"wp:term":[{"taxonomy":"product_brand","embeddable":true,"href":"https:\/\/mon-carre-deco.com\/en\/wp-json\/wp\/v2\/product_brand?post=2214"},{"taxonomy":"product_cat","embeddable":true,"href":"https:\/\/mon-carre-deco.com\/en\/wp-json\/wp\/v2\/product_cat?post=2214"},{"taxonomy":"product_tag","embeddable":true,"href":"https:\/\/mon-carre-deco.com\/en\/wp-json\/wp\/v2\/product_tag?post=2214"}],"curies":[{"name":"wp","href":"https:\/\/api.w.org\/{rel}","templated":true}]}}