{"id":2294,"date":"2021-10-09T01:18:38","date_gmt":"2021-10-08T23:18:38","guid":{"rendered":"https:\/\/mon-carre-deco.com\/?post_type=product&#038;p=2294"},"modified":"2025-06-03T19:01:32","modified_gmt":"2025-06-03T17:01:32","slug":"tableau-carre-hermes-vent-portant","status":"publish","type":"product","link":"https:\/\/mon-carre-deco.com\/en\/product\/tableau-carre-hermes-vent-portant\/","title":{"rendered":"Tableau &#8211; Carr\u00e9 Herm\u00e8s Vent Portant"},"content":{"rendered":"<p>\u00ab\u00a0Vent Portant\u00a0\u00bb<\/p>\n<p>Edited in 1992<\/p>\n<p>Designer <a href=\"https:\/\/www.instagram.com\/manierjeanjacques\/?hl=fr\">Yannick Manier<\/a><\/p>\n<p><span class=\"Y2IQFc\" lang=\"fr\">Jean-Jacques Manier is a Dutch post-war and contemporary artist born in 1947.<\/span><\/p>\n<p>He has drawn under the name <strong>Yannick Manier<\/strong> for Herm\u00e8s, among his creations: \"EN COURSE\" \"RAFALE\u201c, \u201dVENT PORTANT\".<\/p>\n<p>This famous painter has abandoned our earthly shores, with their elements and codes, to travel to a world accessible only to the soul of poet-artists, where aesthetics, beauty and love finally swim in complete freedom.<\/p>\n<p>Yannick Manier draws a universe that is both visible and invisible, offering a multitude of paths for our eyes to follow as he presents his vision of the world. Man's 1,000 mysterious, enigmatic and romantic lives nourish the creativity of a painter whose cosmogony is rich, abundant and breathtakingly beautiful. An artist so free, so unique and so striking, who has already left his mark on the collective memory and is likely to leave a lasting mark on the art world.<\/p>\n<p><em>You'll also like<\/em><\/p>\n<blockquote>\n<figure id=\"attachment_2307\" aria-describedby=\"caption-attachment-2307\" style=\"width: 266px\" class=\"wp-caption alignnone\"><a href=\"https:\/\/www.kiade.com\/categorie-produit\/voiliers-de-legende\/pen-duick\/\"><img fetchpriority=\"high\" decoding=\"async\" class=\"wp-image-2307\" src=\"http:\/\/mon-carre-deco.com\/wp-content\/uploads\/2021\/10\/maquette-voilier-pen-duick-.png\" alt=\"Maquette voilier Pen Duick de luxe par Kiade\" width=\"266\" height=\"290\" srcset=\"https:\/\/mon-carre-deco.com\/wp-content\/uploads\/2021\/10\/maquette-voilier-pen-duick-.png 372w, https:\/\/mon-carre-deco.com\/wp-content\/uploads\/2021\/10\/maquette-voilier-pen-duick--276x300.png 276w\" sizes=\"(max-width: 266px) 100vw, 266px\" \/><\/a><figcaption id=\"caption-attachment-2307\" class=\"wp-caption-text\">Maquette voilier Pen Duick par Kiade<\/figcaption><\/figure><\/blockquote>\n<p>&nbsp;<\/p>\n<p>&nbsp;<\/p>\n<p>&nbsp;<\/p>","protected":false},"excerpt":{"rendered":"<p style=\"color: red;\">Sold<\/p>\n<p><small><\/p>\n<p class=\"Title\">Escape to the open sea with Vent Portant, a rare Herm\u00e8s scarf painting evoking offshore racing and regattas by Yannick Manier. A wall decoration for nautical enthusiasts. This sailboat races downwind (wind astern), on the beam (getting closer to the crosswind), then upwind (until it's \u201cheading into the wind\u201d). Finally, he lets go, i.e. he returns to downwind sailing. In seafaring, as in craftsmanship, the most technical term is always the most beautiful, because it's the most loaded with meaning.<\/p>\n<ul>\n<li style=\"list-style-type: none;\">\n<ul>\n<li>Silk<\/li>\n<li>Dominant colors: blue, white, red<\/li>\n<li>Blue wood moulding<\/li>\n<li>White matting<\/li>\n<li>UV-protective acrylic glass<\/li>\n<li>Rear mounting hook<\/li>\n<\/ul>\n<\/li>\n<\/ul>\n<p>Designer : <a href=\"https:\/\/www.instagram.com\/manierjeanjacques\/?hl=fr\">Yannick Manier<\/a><\/p>","protected":false},"featured_media":2309,"comment_status":"open","ping_status":"closed","template":"","meta":{"site-sidebar-layout":"default","site-content-layout":"default","ast-site-content-layout":"default","site-content-style":"default","site-sidebar-style":"default","ast-global-header-display":"","ast-banner-title-visibility":"","ast-main-header-display":"","ast-hfb-above-header-display":"","ast-hfb-below-header-display":"","ast-hfb-mobile-header-display":"","site-post-title":"","ast-breadcrumbs-content":"","ast-featured-img":"","footer-sml-layout":"","theme-transparent-header-meta":"default","adv-header-id-meta":"","stick-header-meta":"","header-above-stick-meta":"","header-main-stick-meta":"","header-below-stick-meta":"","astra-migrate-meta-layouts":"set"},"product_brand":[],"product_cat":[24],"product_tag":[],"class_list":{"0":"post-2294","1":"product","2":"type-product","3":"status-publish","4":"has-post-thumbnail","6":"product_cat-carre-90x90","7":"desktop-align-left","8":"tablet-align-left","9":"mobile-align-left","11":"first","12":"instock","13":"sold-individually","14":"shipping-taxable","15":"purchasable","16":"product-type-simple"},"yoast_head":"<!-- This site is optimized with the Yoast SEO plugin v25.4 - https:\/\/yoast.com\/wordpress\/plugins\/seo\/ -->\n<title>Tableau - Carr\u00e9 Herm\u00e8s Vent Portant - Mon Carr\u00e9 D\u00e9co<\/title>\n<meta name=\"description\" content=\"Tableau d&#039;un carr\u00e9 Herm\u00e8s Vent Portant pour les passionn\u00e9s de voiliers, bateaux, mer, nautisme, d&#039;univers maritime. Une d\u00e9coration murale dans le vent !\" \/>\n<meta name=\"robots\" content=\"index, follow, max-snippet:-1, max-image-preview:large, max-video-preview:-1\" \/>\n<link rel=\"canonical\" href=\"https:\/\/mon-carre-deco.com\/en\/product\/tableau-carre-hermes-vent-portant\/\" \/>\n<meta property=\"og:locale\" content=\"en_US\" \/>\n<meta property=\"og:type\" content=\"article\" \/>\n<meta property=\"og:title\" content=\"Tableau - Carr\u00e9 Herm\u00e8s Vent Portant - Mon Carr\u00e9 D\u00e9co\" \/>\n<meta property=\"og:description\" content=\"Tableau d&#039;un carr\u00e9 Herm\u00e8s Vent Portant pour les passionn\u00e9s de voiliers, bateaux, mer, nautisme, d&#039;univers maritime. Une d\u00e9coration murale dans le vent !\" \/>\n<meta property=\"og:url\" content=\"https:\/\/mon-carre-deco.com\/en\/product\/tableau-carre-hermes-vent-portant\/\" \/>\n<meta property=\"og:site_name\" content=\"Mon Carr\u00e9 D\u00e9co\" \/>\n<meta property=\"article:modified_time\" content=\"2025-06-03T17:01:32+00:00\" \/>\n<meta property=\"og:image\" content=\"http:\/\/mon-carre-deco.com\/wp-content\/uploads\/2021\/10\/Tableau-dun-carre-Hermes-Vent-portant-par-Yannick-Manier-moulure-bleue-1.jpg\" \/>\n\t<meta property=\"og:image:width\" content=\"923\" \/>\n\t<meta property=\"og:image:height\" content=\"860\" \/>\n\t<meta property=\"og:image:type\" content=\"image\/jpeg\" \/>\n<meta name=\"twitter:card\" content=\"summary_large_image\" \/>\n<meta name=\"twitter:label1\" content=\"Est. reading time\" \/>\n\t<meta name=\"twitter:data1\" content=\"1 minute\" \/>\n<script type=\"application\/ld+json\" class=\"yoast-schema-graph\">{\"@context\":\"https:\/\/schema.org\",\"@graph\":[{\"@type\":\"WebPage\",\"@id\":\"https:\/\/mon-carre-deco.com\/produit\/tableau-carre-hermes-vent-portant\/\",\"url\":\"https:\/\/mon-carre-deco.com\/produit\/tableau-carre-hermes-vent-portant\/\",\"name\":\"Tableau - Carr\u00e9 Herm\u00e8s Vent Portant - Mon Carr\u00e9 D\u00e9co\",\"isPartOf\":{\"@id\":\"https:\/\/mon-carre-deco.com\/#website\"},\"primaryImageOfPage\":{\"@id\":\"https:\/\/mon-carre-deco.com\/produit\/tableau-carre-hermes-vent-portant\/#primaryimage\"},\"image\":{\"@id\":\"https:\/\/mon-carre-deco.com\/produit\/tableau-carre-hermes-vent-portant\/#primaryimage\"},\"thumbnailUrl\":\"https:\/\/mon-carre-deco.com\/wp-content\/uploads\/2021\/10\/Tableau-dun-carre-Hermes-Vent-portant-par-Yannick-Manier-moulure-bleue-1.jpg\",\"datePublished\":\"2021-10-08T23:18:38+00:00\",\"dateModified\":\"2025-06-03T17:01:32+00:00\",\"description\":\"Tableau d'un carr\u00e9 Herm\u00e8s Vent Portant pour les passionn\u00e9s de voiliers, bateaux, mer, nautisme, d'univers maritime. Une d\u00e9coration murale dans le vent !\",\"breadcrumb\":{\"@id\":\"https:\/\/mon-carre-deco.com\/produit\/tableau-carre-hermes-vent-portant\/#breadcrumb\"},\"inLanguage\":\"en-US\",\"potentialAction\":[{\"@type\":\"ReadAction\",\"target\":[\"https:\/\/mon-carre-deco.com\/produit\/tableau-carre-hermes-vent-portant\/\"]}]},{\"@type\":\"ImageObject\",\"inLanguage\":\"en-US\",\"@id\":\"https:\/\/mon-carre-deco.com\/produit\/tableau-carre-hermes-vent-portant\/#primaryimage\",\"url\":\"https:\/\/mon-carre-deco.com\/wp-content\/uploads\/2021\/10\/Tableau-dun-carre-Hermes-Vent-portant-par-Yannick-Manier-moulure-bleue-1.jpg\",\"contentUrl\":\"https:\/\/mon-carre-deco.com\/wp-content\/uploads\/2021\/10\/Tableau-dun-carre-Hermes-Vent-portant-par-Yannick-Manier-moulure-bleue-1.jpg\",\"width\":923,\"height\":860,\"caption\":\"Tableau d'un carr\u00e9 Herm\u00e8s Vent portant par Yannick Manier moulure bleue\"},{\"@type\":\"BreadcrumbList\",\"@id\":\"https:\/\/mon-carre-deco.com\/produit\/tableau-carre-hermes-vent-portant\/#breadcrumb\",\"itemListElement\":[{\"@type\":\"ListItem\",\"position\":1,\"name\":\"Accueil\",\"item\":\"https:\/\/mon-carre-deco.com\/\"},{\"@type\":\"ListItem\",\"position\":2,\"name\":\"Tableaux\",\"item\":\"https:\/\/mon-carre-deco.com\/boutique-tableau-hermes\/\"},{\"@type\":\"ListItem\",\"position\":3,\"name\":\"Tableau &#8211; Carr\u00e9 Herm\u00e8s Vent Portant\"}]},{\"@type\":\"WebSite\",\"@id\":\"https:\/\/mon-carre-deco.com\/#website\",\"url\":\"https:\/\/mon-carre-deco.com\/\",\"name\":\"Mon Carr\u00e9 D\u00e9co\",\"description\":\"Mon Carr\u00e9 D&#039;art at Home, vente de tableau Herm\u00e8s, foulard carr\u00e9 Herm\u00e8s encadr\u00e9\",\"publisher\":{\"@id\":\"https:\/\/mon-carre-deco.com\/#organization\"},\"potentialAction\":[{\"@type\":\"SearchAction\",\"target\":{\"@type\":\"EntryPoint\",\"urlTemplate\":\"https:\/\/mon-carre-deco.com\/?s={search_term_string}\"},\"query-input\":{\"@type\":\"PropertyValueSpecification\",\"valueRequired\":true,\"valueName\":\"search_term_string\"}}],\"inLanguage\":\"en-US\"},{\"@type\":\"Organization\",\"@id\":\"https:\/\/mon-carre-deco.com\/#organization\",\"name\":\"Mon Carr\u00e9 D\u00e9co\",\"url\":\"https:\/\/mon-carre-deco.com\/\",\"logo\":{\"@type\":\"ImageObject\",\"inLanguage\":\"en-US\",\"@id\":\"https:\/\/mon-carre-deco.com\/#\/schema\/logo\/image\/\",\"url\":\"https:\/\/mon-carre-deco.com\/wp-content\/uploads\/2021\/04\/cropped-Logo-mon-carre-deco-2.png\",\"contentUrl\":\"https:\/\/mon-carre-deco.com\/wp-content\/uploads\/2021\/04\/cropped-Logo-mon-carre-deco-2.png\",\"width\":1043,\"height\":1043,\"caption\":\"Mon Carr\u00e9 D\u00e9co\"},\"image\":{\"@id\":\"https:\/\/mon-carre-deco.com\/#\/schema\/logo\/image\/\"}}]}<\/script>\n<!-- \/ Yoast SEO plugin. -->","yoast_head_json":{"title":"Tableau - Carr\u00e9 Herm\u00e8s Vent Portant - Mon Carr\u00e9 D\u00e9co","description":"Tableau d'un carr\u00e9 Herm\u00e8s Vent Portant pour les passionn\u00e9s de voiliers, bateaux, mer, nautisme, d'univers maritime. Une d\u00e9coration murale dans le vent !","robots":{"index":"index","follow":"follow","max-snippet":"max-snippet:-1","max-image-preview":"max-image-preview:large","max-video-preview":"max-video-preview:-1"},"canonical":"https:\/\/mon-carre-deco.com\/en\/product\/tableau-carre-hermes-vent-portant\/","og_locale":"en_US","og_type":"article","og_title":"Tableau - Carr\u00e9 Herm\u00e8s Vent Portant - Mon Carr\u00e9 D\u00e9co","og_description":"Tableau d'un carr\u00e9 Herm\u00e8s Vent Portant pour les passionn\u00e9s de voiliers, bateaux, mer, nautisme, d'univers maritime. Une d\u00e9coration murale dans le vent !","og_url":"https:\/\/mon-carre-deco.com\/en\/product\/tableau-carre-hermes-vent-portant\/","og_site_name":"Mon Carr\u00e9 D\u00e9co","article_modified_time":"2025-06-03T17:01:32+00:00","og_image":[{"width":923,"height":860,"url":"http:\/\/mon-carre-deco.com\/wp-content\/uploads\/2021\/10\/Tableau-dun-carre-Hermes-Vent-portant-par-Yannick-Manier-moulure-bleue-1.jpg","type":"image\/jpeg"}],"twitter_card":"summary_large_image","twitter_misc":{"Est. reading time":"1 minute"},"schema":{"@context":"https:\/\/schema.org","@graph":[{"@type":"WebPage","@id":"https:\/\/mon-carre-deco.com\/produit\/tableau-carre-hermes-vent-portant\/","url":"https:\/\/mon-carre-deco.com\/produit\/tableau-carre-hermes-vent-portant\/","name":"Tableau - Carr\u00e9 Herm\u00e8s Vent Portant - Mon Carr\u00e9 D\u00e9co","isPartOf":{"@id":"https:\/\/mon-carre-deco.com\/#website"},"primaryImageOfPage":{"@id":"https:\/\/mon-carre-deco.com\/produit\/tableau-carre-hermes-vent-portant\/#primaryimage"},"image":{"@id":"https:\/\/mon-carre-deco.com\/produit\/tableau-carre-hermes-vent-portant\/#primaryimage"},"thumbnailUrl":"https:\/\/mon-carre-deco.com\/wp-content\/uploads\/2021\/10\/Tableau-dun-carre-Hermes-Vent-portant-par-Yannick-Manier-moulure-bleue-1.jpg","datePublished":"2021-10-08T23:18:38+00:00","dateModified":"2025-06-03T17:01:32+00:00","description":"Tableau d'un carr\u00e9 Herm\u00e8s Vent Portant pour les passionn\u00e9s de voiliers, bateaux, mer, nautisme, d'univers maritime. Une d\u00e9coration murale dans le vent !","breadcrumb":{"@id":"https:\/\/mon-carre-deco.com\/produit\/tableau-carre-hermes-vent-portant\/#breadcrumb"},"inLanguage":"en-US","potentialAction":[{"@type":"ReadAction","target":["https:\/\/mon-carre-deco.com\/produit\/tableau-carre-hermes-vent-portant\/"]}]},{"@type":"ImageObject","inLanguage":"en-US","@id":"https:\/\/mon-carre-deco.com\/produit\/tableau-carre-hermes-vent-portant\/#primaryimage","url":"https:\/\/mon-carre-deco.com\/wp-content\/uploads\/2021\/10\/Tableau-dun-carre-Hermes-Vent-portant-par-Yannick-Manier-moulure-bleue-1.jpg","contentUrl":"https:\/\/mon-carre-deco.com\/wp-content\/uploads\/2021\/10\/Tableau-dun-carre-Hermes-Vent-portant-par-Yannick-Manier-moulure-bleue-1.jpg","width":923,"height":860,"caption":"Tableau d'un carr\u00e9 Herm\u00e8s Vent portant par Yannick Manier moulure bleue"},{"@type":"BreadcrumbList","@id":"https:\/\/mon-carre-deco.com\/produit\/tableau-carre-hermes-vent-portant\/#breadcrumb","itemListElement":[{"@type":"ListItem","position":1,"name":"Accueil","item":"https:\/\/mon-carre-deco.com\/"},{"@type":"ListItem","position":2,"name":"Tableaux","item":"https:\/\/mon-carre-deco.com\/boutique-tableau-hermes\/"},{"@type":"ListItem","position":3,"name":"Tableau &#8211; Carr\u00e9 Herm\u00e8s Vent Portant"}]},{"@type":"WebSite","@id":"https:\/\/mon-carre-deco.com\/#website","url":"https:\/\/mon-carre-deco.com\/","name":"Mon Carr\u00e9 D\u00e9co","description":"Mon Carr\u00e9 D&#039;art at Home, vente de tableau Herm\u00e8s, foulard carr\u00e9 Herm\u00e8s encadr\u00e9","publisher":{"@id":"https:\/\/mon-carre-deco.com\/#organization"},"potentialAction":[{"@type":"SearchAction","target":{"@type":"EntryPoint","urlTemplate":"https:\/\/mon-carre-deco.com\/?s={search_term_string}"},"query-input":{"@type":"PropertyValueSpecification","valueRequired":true,"valueName":"search_term_string"}}],"inLanguage":"en-US"},{"@type":"Organization","@id":"https:\/\/mon-carre-deco.com\/#organization","name":"Mon Carr\u00e9 D\u00e9co","url":"https:\/\/mon-carre-deco.com\/","logo":{"@type":"ImageObject","inLanguage":"en-US","@id":"https:\/\/mon-carre-deco.com\/#\/schema\/logo\/image\/","url":"https:\/\/mon-carre-deco.com\/wp-content\/uploads\/2021\/04\/cropped-Logo-mon-carre-deco-2.png","contentUrl":"https:\/\/mon-carre-deco.com\/wp-content\/uploads\/2021\/04\/cropped-Logo-mon-carre-deco-2.png","width":1043,"height":1043,"caption":"Mon Carr\u00e9 D\u00e9co"},"image":{"@id":"https:\/\/mon-carre-deco.com\/#\/schema\/logo\/image\/"}}]}},"_links":{"self":[{"href":"https:\/\/mon-carre-deco.com\/en\/wp-json\/wp\/v2\/product\/2294","targetHints":{"allow":["GET"]}}],"collection":[{"href":"https:\/\/mon-carre-deco.com\/en\/wp-json\/wp\/v2\/product"}],"about":[{"href":"https:\/\/mon-carre-deco.com\/en\/wp-json\/wp\/v2\/types\/product"}],"replies":[{"embeddable":true,"href":"https:\/\/mon-carre-deco.com\/en\/wp-json\/wp\/v2\/comments?post=2294"}],"version-history":[{"count":12,"href":"https:\/\/mon-carre-deco.com\/en\/wp-json\/wp\/v2\/product\/2294\/revisions"}],"predecessor-version":[{"id":4292,"href":"https:\/\/mon-carre-deco.com\/en\/wp-json\/wp\/v2\/product\/2294\/revisions\/4292"}],"wp:featuredmedia":[{"embeddable":true,"href":"https:\/\/mon-carre-deco.com\/en\/wp-json\/wp\/v2\/media\/2309"}],"wp:attachment":[{"href":"https:\/\/mon-carre-deco.com\/en\/wp-json\/wp\/v2\/media?parent=2294"}],"wp:term":[{"taxonomy":"product_brand","embeddable":true,"href":"https:\/\/mon-carre-deco.com\/en\/wp-json\/wp\/v2\/product_brand?post=2294"},{"taxonomy":"product_cat","embeddable":true,"href":"https:\/\/mon-carre-deco.com\/en\/wp-json\/wp\/v2\/product_cat?post=2294"},{"taxonomy":"product_tag","embeddable":true,"href":"https:\/\/mon-carre-deco.com\/en\/wp-json\/wp\/v2\/product_tag?post=2294"}],"curies":[{"name":"wp","href":"https:\/\/api.w.org\/{rel}","templated":true}]}}