{"id":2312,"date":"2021-10-12T02:45:30","date_gmt":"2021-10-12T00:45:30","guid":{"rendered":"https:\/\/mon-carre-deco.com\/?post_type=product&#038;p=2312"},"modified":"2024-02-09T23:12:40","modified_gmt":"2024-02-09T22:12:40","slug":"tableau-carre-hermes-chocs-en-plumes","status":"publish","type":"product","link":"https:\/\/mon-carre-deco.com\/en\/product\/tableau-carre-hermes-chocs-en-plumes\/","title":{"rendered":"Tableau &#8211; Carr\u00e9 Herm\u00e8s Chocs en Plumes"},"content":{"rendered":"<p>\u00ab\u00a0Chocs en Plumes\u00a0\u00bb<\/p>\n<p>\u00c9dit\u00e9 en 1993, r\u00e9\u00e9dit\u00e9 en 1996<\/p>\n<p>Designer : Christiane Vauzelles<\/p>\n<p>Elle est l\u2019une des rares artistes de la Maison Herm\u00e8s \u00e0 ne pas avoir sign\u00e9 ses cr\u00e9ations de foulards.<\/p>\n<p>Avec <em>Chocs en Plumes,<\/em> l&rsquo;artiste \u00e9voque ces temps de panache, o\u00f9 les preux chevaliers ornaient leur heaume d&rsquo;un d\u00e9licat bouquet de plumes lors de leurs joutes \u00e9questres.<\/p>\n<p>Dans l&rsquo;imagination populaire, le chevalier est un personnage vertueux, droit, humble, courageux et juste. D&rsquo;ailleurs, le chevalier est souvent consid\u00e9r\u00e9 comme un justicier. Aussi, toutes ses qualit\u00e9s impliquent une certaine disposition physique et une disposition d&rsquo;esprit, en d&rsquo;autres termes une certaine beaut\u00e9 physique et une beaut\u00e9 morale.<\/p>\n<p>Si la notion de chevalerie avait surtout une connotation militaire dans la pass\u00e9, notamment avec les chevaliers des Templiers, les chevaliers de Maltes, les chevaliers de Rhodes, etc., aujourd&rsquo;hui, elle fait surtout r\u00e9f\u00e9rence \u00e0 un titre honorifique (par exemple, chevalier des Arts et des Lettres, chevalier de la l\u00e9gion d&rsquo;honneur, etc.).<\/p>\n<p><em>You'll also like<\/em><\/p>\n<blockquote>\n<figure id=\"attachment_2321\" aria-describedby=\"caption-attachment-2321\" style=\"width: 246px\" class=\"wp-caption alignnone\"><a href=\"https:\/\/www.goki.eu\/fr\/poup-e-flexible-chevalier-artus-avec-cheval\/item-1-51720.html\"><img fetchpriority=\"high\" decoding=\"async\" class=\"wp-image-2321\" src=\"http:\/\/mon-carre-deco.com\/wp-content\/uploads\/2021\/10\/Chevalier-Artus-avec-cheval.jpg\" alt=\" Chevalier-Artus-avec-cheval de chez Goki\" width=\"246\" height=\"246\" srcset=\"https:\/\/mon-carre-deco.com\/wp-content\/uploads\/2021\/10\/Chevalier-Artus-avec-cheval.jpg 500w, https:\/\/mon-carre-deco.com\/wp-content\/uploads\/2021\/10\/Chevalier-Artus-avec-cheval-300x300.jpg 300w, https:\/\/mon-carre-deco.com\/wp-content\/uploads\/2021\/10\/Chevalier-Artus-avec-cheval-150x150.jpg 150w, https:\/\/mon-carre-deco.com\/wp-content\/uploads\/2021\/10\/Chevalier-Artus-avec-cheval-100x100.jpg 100w\" sizes=\"(max-width: 246px) 100vw, 246px\" \/><\/a><figcaption id=\"caption-attachment-2321\" class=\"wp-caption-text\">Chevalier Artus avec son cheval de chez Goki<\/figcaption><\/figure><\/blockquote>","protected":false},"excerpt":{"rendered":"<p>Ce tableau repr\u00e9sentant des chevaliers du Moyen-\u00e2ge est une d\u00e9coration murale aux tr\u00e8s jolis coloris et qui ne manquera pas de panache sur le mur sa chambre de petit gar\u00e7on !<br \/>\nLe chevalier, un c\u0153ur grand et vaillant, symbole de l&rsquo;exemplarit\u00e9 et du prestige, mais aussi de la qu\u00eate et de l&rsquo;aventure, notamment avec les chevaliers de la table ronde et la qu\u00eate du Graal. Ouverture sur le merveilleux : Arthur, la Table ronde, la licorne, les f\u00e9es, les elfes, les dragons et les sorci\u00e8res que le Malin anime. Souvenir des contes et lectures de notre enfance, de preux chevaliers, qui sous le regard de dieu et par l\u2019adoubement, s\u2019engagent \u00e0 ob\u00e9ir aux trois piliers de l\u2019aristocratie militaire : la fid\u00e9lit\u00e9, l\u2019honneur et le courage. Plus que le rang ou que l\u2019apparence, le chevalier se d\u00e9finit par son comportement, sa bravoure au combat et la protection des plus faibles, des plus d\u00e9munis.<\/p>\n<ul>\n<li style=\"list-style-type: none;\">\n<ul>\n<li>Silk<\/li>\n<li>Couleurs dominantes : Rose-rouge, bleu-vert, jaune p\u00e2le, orange<\/li>\n<li>Moulure en bois jaune p\u00e2le<\/li>\n<li>White matting<\/li>\n<li>UV-protective acrylic glass<\/li>\n<li>Rear mounting hook<\/li>\n<\/ul>\n<\/li>\n<\/ul>\n<p>Designer : Christiane Vauzelles<\/p>","protected":false},"featured_media":2318,"comment_status":"open","ping_status":"closed","template":"","meta":{"site-sidebar-layout":"default","site-content-layout":"default","ast-site-content-layout":"default","site-content-style":"default","site-sidebar-style":"default","ast-global-header-display":"","ast-banner-title-visibility":"","ast-main-header-display":"","ast-hfb-above-header-display":"","ast-hfb-below-header-display":"","ast-hfb-mobile-header-display":"","site-post-title":"","ast-breadcrumbs-content":"","ast-featured-img":"","footer-sml-layout":"","theme-transparent-header-meta":"default","adv-header-id-meta":"","stick-header-meta":"","header-above-stick-meta":"","header-main-stick-meta":"","header-below-stick-meta":"","astra-migrate-meta-layouts":"set"},"product_brand":[],"product_cat":[24,38],"product_tag":[],"class_list":{"0":"post-2312","1":"product","2":"type-product","3":"status-publish","4":"has-post-thumbnail","6":"product_cat-carre-90x90","7":"product_cat-cadeau-naissance","8":"desktop-align-left","9":"tablet-align-left","10":"mobile-align-left","12":"first","13":"instock","14":"sold-individually","15":"shipping-taxable","16":"product-type-simple"},"yoast_head":"<!-- This site is optimized with the Yoast SEO plugin v25.4 - https:\/\/yoast.com\/wordpress\/plugins\/seo\/ -->\n<title>Tableau - Carr\u00e9 Herm\u00e8s Chocs en Plumes - Mon Carr\u00e9 D\u00e9co<\/title>\n<meta name=\"description\" content=\"Tableau d&#039;un carr\u00e9 Herm\u00e8s Chocs en Plumes en cadeau de naissance pour un petit gar\u00e7on. Une d\u00e9coration murale avec des chevaliers pour une chambre d&#039;enfant\" \/>\n<meta name=\"robots\" content=\"index, follow, max-snippet:-1, max-image-preview:large, max-video-preview:-1\" \/>\n<link rel=\"canonical\" href=\"https:\/\/mon-carre-deco.com\/en\/product\/tableau-carre-hermes-chocs-en-plumes\/\" \/>\n<meta property=\"og:locale\" content=\"en_US\" \/>\n<meta property=\"og:type\" content=\"article\" \/>\n<meta property=\"og:title\" content=\"Tableau - Carr\u00e9 Herm\u00e8s Chocs en Plumes - Mon Carr\u00e9 D\u00e9co\" \/>\n<meta property=\"og:description\" content=\"Tableau d&#039;un carr\u00e9 Herm\u00e8s Chocs en Plumes en cadeau de naissance pour un petit gar\u00e7on. Une d\u00e9coration murale avec des chevaliers pour une chambre d&#039;enfant\" \/>\n<meta property=\"og:url\" content=\"https:\/\/mon-carre-deco.com\/en\/product\/tableau-carre-hermes-chocs-en-plumes\/\" \/>\n<meta property=\"og:site_name\" content=\"Mon Carr\u00e9 D\u00e9co\" \/>\n<meta property=\"article:modified_time\" content=\"2024-02-09T22:12:40+00:00\" \/>\n<meta property=\"og:image\" content=\"http:\/\/mon-carre-deco.com\/wp-content\/uploads\/2021\/10\/Tableau-dun-carre-Hermes-Chocs-en-plumes-de-Chritiane-Vauzelles-moulure-creme-passe-partout-blanc.jpg\" \/>\n\t<meta property=\"og:image:width\" content=\"1074\" \/>\n\t<meta property=\"og:image:height\" content=\"1001\" \/>\n\t<meta property=\"og:image:type\" content=\"image\/jpeg\" \/>\n<meta name=\"twitter:card\" content=\"summary_large_image\" \/>\n<meta name=\"twitter:label1\" content=\"Est. reading time\" \/>\n\t<meta name=\"twitter:data1\" content=\"1 minute\" \/>\n<script type=\"application\/ld+json\" class=\"yoast-schema-graph\">{\"@context\":\"https:\/\/schema.org\",\"@graph\":[{\"@type\":\"WebPage\",\"@id\":\"https:\/\/mon-carre-deco.com\/produit\/tableau-carre-hermes-chocs-en-plumes\/\",\"url\":\"https:\/\/mon-carre-deco.com\/produit\/tableau-carre-hermes-chocs-en-plumes\/\",\"name\":\"Tableau - Carr\u00e9 Herm\u00e8s Chocs en Plumes - Mon Carr\u00e9 D\u00e9co\",\"isPartOf\":{\"@id\":\"https:\/\/mon-carre-deco.com\/#website\"},\"primaryImageOfPage\":{\"@id\":\"https:\/\/mon-carre-deco.com\/produit\/tableau-carre-hermes-chocs-en-plumes\/#primaryimage\"},\"image\":{\"@id\":\"https:\/\/mon-carre-deco.com\/produit\/tableau-carre-hermes-chocs-en-plumes\/#primaryimage\"},\"thumbnailUrl\":\"https:\/\/mon-carre-deco.com\/wp-content\/uploads\/2021\/10\/Tableau-dun-carre-Hermes-Chocs-en-plumes-de-Chritiane-Vauzelles-moulure-creme-passe-partout-blanc.jpg\",\"datePublished\":\"2021-10-12T00:45:30+00:00\",\"dateModified\":\"2024-02-09T22:12:40+00:00\",\"description\":\"Tableau d'un carr\u00e9 Herm\u00e8s Chocs en Plumes en cadeau de naissance pour un petit gar\u00e7on. Une d\u00e9coration murale avec des chevaliers pour une chambre d'enfant\",\"breadcrumb\":{\"@id\":\"https:\/\/mon-carre-deco.com\/produit\/tableau-carre-hermes-chocs-en-plumes\/#breadcrumb\"},\"inLanguage\":\"en-US\",\"potentialAction\":[{\"@type\":\"ReadAction\",\"target\":[\"https:\/\/mon-carre-deco.com\/produit\/tableau-carre-hermes-chocs-en-plumes\/\"]}]},{\"@type\":\"ImageObject\",\"inLanguage\":\"en-US\",\"@id\":\"https:\/\/mon-carre-deco.com\/produit\/tableau-carre-hermes-chocs-en-plumes\/#primaryimage\",\"url\":\"https:\/\/mon-carre-deco.com\/wp-content\/uploads\/2021\/10\/Tableau-dun-carre-Hermes-Chocs-en-plumes-de-Chritiane-Vauzelles-moulure-creme-passe-partout-blanc.jpg\",\"contentUrl\":\"https:\/\/mon-carre-deco.com\/wp-content\/uploads\/2021\/10\/Tableau-dun-carre-Hermes-Chocs-en-plumes-de-Chritiane-Vauzelles-moulure-creme-passe-partout-blanc.jpg\",\"width\":1074,\"height\":1001,\"caption\":\"Tableau-dun-carre-Hermes-Chocs-en-plumes-de-Chritiane-Vauzelles-moulure-creme-passe-partout-blanc\"},{\"@type\":\"BreadcrumbList\",\"@id\":\"https:\/\/mon-carre-deco.com\/produit\/tableau-carre-hermes-chocs-en-plumes\/#breadcrumb\",\"itemListElement\":[{\"@type\":\"ListItem\",\"position\":1,\"name\":\"Accueil\",\"item\":\"https:\/\/mon-carre-deco.com\/\"},{\"@type\":\"ListItem\",\"position\":2,\"name\":\"Tableaux\",\"item\":\"https:\/\/mon-carre-deco.com\/boutique-tableau-hermes\/\"},{\"@type\":\"ListItem\",\"position\":3,\"name\":\"Tableau &#8211; Carr\u00e9 Herm\u00e8s Chocs en Plumes\"}]},{\"@type\":\"WebSite\",\"@id\":\"https:\/\/mon-carre-deco.com\/#website\",\"url\":\"https:\/\/mon-carre-deco.com\/\",\"name\":\"Mon Carr\u00e9 D\u00e9co\",\"description\":\"Mon Carr\u00e9 D&#039;art at Home, vente de tableau Herm\u00e8s, foulard carr\u00e9 Herm\u00e8s encadr\u00e9\",\"publisher\":{\"@id\":\"https:\/\/mon-carre-deco.com\/#organization\"},\"potentialAction\":[{\"@type\":\"SearchAction\",\"target\":{\"@type\":\"EntryPoint\",\"urlTemplate\":\"https:\/\/mon-carre-deco.com\/?s={search_term_string}\"},\"query-input\":{\"@type\":\"PropertyValueSpecification\",\"valueRequired\":true,\"valueName\":\"search_term_string\"}}],\"inLanguage\":\"en-US\"},{\"@type\":\"Organization\",\"@id\":\"https:\/\/mon-carre-deco.com\/#organization\",\"name\":\"Mon Carr\u00e9 D\u00e9co\",\"url\":\"https:\/\/mon-carre-deco.com\/\",\"logo\":{\"@type\":\"ImageObject\",\"inLanguage\":\"en-US\",\"@id\":\"https:\/\/mon-carre-deco.com\/#\/schema\/logo\/image\/\",\"url\":\"https:\/\/mon-carre-deco.com\/wp-content\/uploads\/2021\/04\/cropped-Logo-mon-carre-deco-2.png\",\"contentUrl\":\"https:\/\/mon-carre-deco.com\/wp-content\/uploads\/2021\/04\/cropped-Logo-mon-carre-deco-2.png\",\"width\":1043,\"height\":1043,\"caption\":\"Mon Carr\u00e9 D\u00e9co\"},\"image\":{\"@id\":\"https:\/\/mon-carre-deco.com\/#\/schema\/logo\/image\/\"}}]}<\/script>\n<!-- \/ Yoast SEO plugin. -->","yoast_head_json":{"title":"Tableau - Carr\u00e9 Herm\u00e8s Chocs en Plumes - Mon Carr\u00e9 D\u00e9co","description":"Tableau d'un carr\u00e9 Herm\u00e8s Chocs en Plumes en cadeau de naissance pour un petit gar\u00e7on. Une d\u00e9coration murale avec des chevaliers pour une chambre d'enfant","robots":{"index":"index","follow":"follow","max-snippet":"max-snippet:-1","max-image-preview":"max-image-preview:large","max-video-preview":"max-video-preview:-1"},"canonical":"https:\/\/mon-carre-deco.com\/en\/product\/tableau-carre-hermes-chocs-en-plumes\/","og_locale":"en_US","og_type":"article","og_title":"Tableau - Carr\u00e9 Herm\u00e8s Chocs en Plumes - Mon Carr\u00e9 D\u00e9co","og_description":"Tableau d'un carr\u00e9 Herm\u00e8s Chocs en Plumes en cadeau de naissance pour un petit gar\u00e7on. Une d\u00e9coration murale avec des chevaliers pour une chambre d'enfant","og_url":"https:\/\/mon-carre-deco.com\/en\/product\/tableau-carre-hermes-chocs-en-plumes\/","og_site_name":"Mon Carr\u00e9 D\u00e9co","article_modified_time":"2024-02-09T22:12:40+00:00","og_image":[{"width":1074,"height":1001,"url":"http:\/\/mon-carre-deco.com\/wp-content\/uploads\/2021\/10\/Tableau-dun-carre-Hermes-Chocs-en-plumes-de-Chritiane-Vauzelles-moulure-creme-passe-partout-blanc.jpg","type":"image\/jpeg"}],"twitter_card":"summary_large_image","twitter_misc":{"Est. reading time":"1 minute"},"schema":{"@context":"https:\/\/schema.org","@graph":[{"@type":"WebPage","@id":"https:\/\/mon-carre-deco.com\/produit\/tableau-carre-hermes-chocs-en-plumes\/","url":"https:\/\/mon-carre-deco.com\/produit\/tableau-carre-hermes-chocs-en-plumes\/","name":"Tableau - Carr\u00e9 Herm\u00e8s Chocs en Plumes - Mon Carr\u00e9 D\u00e9co","isPartOf":{"@id":"https:\/\/mon-carre-deco.com\/#website"},"primaryImageOfPage":{"@id":"https:\/\/mon-carre-deco.com\/produit\/tableau-carre-hermes-chocs-en-plumes\/#primaryimage"},"image":{"@id":"https:\/\/mon-carre-deco.com\/produit\/tableau-carre-hermes-chocs-en-plumes\/#primaryimage"},"thumbnailUrl":"https:\/\/mon-carre-deco.com\/wp-content\/uploads\/2021\/10\/Tableau-dun-carre-Hermes-Chocs-en-plumes-de-Chritiane-Vauzelles-moulure-creme-passe-partout-blanc.jpg","datePublished":"2021-10-12T00:45:30+00:00","dateModified":"2024-02-09T22:12:40+00:00","description":"Tableau d'un carr\u00e9 Herm\u00e8s Chocs en Plumes en cadeau de naissance pour un petit gar\u00e7on. Une d\u00e9coration murale avec des chevaliers pour une chambre d'enfant","breadcrumb":{"@id":"https:\/\/mon-carre-deco.com\/produit\/tableau-carre-hermes-chocs-en-plumes\/#breadcrumb"},"inLanguage":"en-US","potentialAction":[{"@type":"ReadAction","target":["https:\/\/mon-carre-deco.com\/produit\/tableau-carre-hermes-chocs-en-plumes\/"]}]},{"@type":"ImageObject","inLanguage":"en-US","@id":"https:\/\/mon-carre-deco.com\/produit\/tableau-carre-hermes-chocs-en-plumes\/#primaryimage","url":"https:\/\/mon-carre-deco.com\/wp-content\/uploads\/2021\/10\/Tableau-dun-carre-Hermes-Chocs-en-plumes-de-Chritiane-Vauzelles-moulure-creme-passe-partout-blanc.jpg","contentUrl":"https:\/\/mon-carre-deco.com\/wp-content\/uploads\/2021\/10\/Tableau-dun-carre-Hermes-Chocs-en-plumes-de-Chritiane-Vauzelles-moulure-creme-passe-partout-blanc.jpg","width":1074,"height":1001,"caption":"Tableau-dun-carre-Hermes-Chocs-en-plumes-de-Chritiane-Vauzelles-moulure-creme-passe-partout-blanc"},{"@type":"BreadcrumbList","@id":"https:\/\/mon-carre-deco.com\/produit\/tableau-carre-hermes-chocs-en-plumes\/#breadcrumb","itemListElement":[{"@type":"ListItem","position":1,"name":"Accueil","item":"https:\/\/mon-carre-deco.com\/"},{"@type":"ListItem","position":2,"name":"Tableaux","item":"https:\/\/mon-carre-deco.com\/boutique-tableau-hermes\/"},{"@type":"ListItem","position":3,"name":"Tableau &#8211; Carr\u00e9 Herm\u00e8s Chocs en Plumes"}]},{"@type":"WebSite","@id":"https:\/\/mon-carre-deco.com\/#website","url":"https:\/\/mon-carre-deco.com\/","name":"Mon Carr\u00e9 D\u00e9co","description":"Mon Carr\u00e9 D&#039;art at Home, vente de tableau Herm\u00e8s, foulard carr\u00e9 Herm\u00e8s encadr\u00e9","publisher":{"@id":"https:\/\/mon-carre-deco.com\/#organization"},"potentialAction":[{"@type":"SearchAction","target":{"@type":"EntryPoint","urlTemplate":"https:\/\/mon-carre-deco.com\/?s={search_term_string}"},"query-input":{"@type":"PropertyValueSpecification","valueRequired":true,"valueName":"search_term_string"}}],"inLanguage":"en-US"},{"@type":"Organization","@id":"https:\/\/mon-carre-deco.com\/#organization","name":"Mon Carr\u00e9 D\u00e9co","url":"https:\/\/mon-carre-deco.com\/","logo":{"@type":"ImageObject","inLanguage":"en-US","@id":"https:\/\/mon-carre-deco.com\/#\/schema\/logo\/image\/","url":"https:\/\/mon-carre-deco.com\/wp-content\/uploads\/2021\/04\/cropped-Logo-mon-carre-deco-2.png","contentUrl":"https:\/\/mon-carre-deco.com\/wp-content\/uploads\/2021\/04\/cropped-Logo-mon-carre-deco-2.png","width":1043,"height":1043,"caption":"Mon Carr\u00e9 D\u00e9co"},"image":{"@id":"https:\/\/mon-carre-deco.com\/#\/schema\/logo\/image\/"}}]}},"_links":{"self":[{"href":"https:\/\/mon-carre-deco.com\/en\/wp-json\/wp\/v2\/product\/2312","targetHints":{"allow":["GET"]}}],"collection":[{"href":"https:\/\/mon-carre-deco.com\/en\/wp-json\/wp\/v2\/product"}],"about":[{"href":"https:\/\/mon-carre-deco.com\/en\/wp-json\/wp\/v2\/types\/product"}],"replies":[{"embeddable":true,"href":"https:\/\/mon-carre-deco.com\/en\/wp-json\/wp\/v2\/comments?post=2312"}],"version-history":[{"count":10,"href":"https:\/\/mon-carre-deco.com\/en\/wp-json\/wp\/v2\/product\/2312\/revisions"}],"predecessor-version":[{"id":2331,"href":"https:\/\/mon-carre-deco.com\/en\/wp-json\/wp\/v2\/product\/2312\/revisions\/2331"}],"wp:featuredmedia":[{"embeddable":true,"href":"https:\/\/mon-carre-deco.com\/en\/wp-json\/wp\/v2\/media\/2318"}],"wp:attachment":[{"href":"https:\/\/mon-carre-deco.com\/en\/wp-json\/wp\/v2\/media?parent=2312"}],"wp:term":[{"taxonomy":"product_brand","embeddable":true,"href":"https:\/\/mon-carre-deco.com\/en\/wp-json\/wp\/v2\/product_brand?post=2312"},{"taxonomy":"product_cat","embeddable":true,"href":"https:\/\/mon-carre-deco.com\/en\/wp-json\/wp\/v2\/product_cat?post=2312"},{"taxonomy":"product_tag","embeddable":true,"href":"https:\/\/mon-carre-deco.com\/en\/wp-json\/wp\/v2\/product_tag?post=2312"}],"curies":[{"name":"wp","href":"https:\/\/api.w.org\/{rel}","templated":true}]}}