{"id":2411,"date":"2021-10-28T23:12:16","date_gmt":"2021-10-28T21:12:16","guid":{"rendered":"https:\/\/mon-carre-deco.com\/?post_type=product&#038;p=2411"},"modified":"2023-12-25T18:17:34","modified_gmt":"2023-12-25T17:17:34","slug":"tableau-carre-hermes-petite-main","status":"publish","type":"product","link":"https:\/\/mon-carre-deco.com\/en\/product\/tableau-carre-hermes-petite-main\/","title":{"rendered":"Tableau &#8211; Carr\u00e9 Herm\u00e8s Petite Main"},"content":{"rendered":"<p>\u00ab\u00a0Petites mains\u00a0\u00bb<\/p>\n<p>\u00c9dit\u00e9 en 1987, r\u00e9\u00e9dit\u00e9 en 1990 et 1997<\/p>\n<p>Designer Cathy Latham<\/p>\n<p>Aussi connue sous le nom de Cathy Latham-Audibert. Sa production chez Herm\u00e8s couvre plus de 45 ann\u00e9es incroyables. Mieux connue pour la conception de Cl\u00e9s (l&rsquo;un des 10 foulards Herm\u00e8s les plus vendus de tous les temps) et ses cr\u00e9ations autor\u00e9f\u00e9rentielles.<\/p>\n<p>Ses deux premiers mod\u00e8les n&rsquo;ont pas de signature (Cl\u00e9s et Vendanges). Par la suite, elle a sign\u00e9 ses cr\u00e9ations sous le nom de \u00ab .Caty \u00bb. pendant une d\u00e9cennie avant de passer \u00e0 la signature de \u00ab Latham \u00bb.<\/p>\n<p>Sur ce mod\u00e8le <em>Petite main<\/em>, on y voit des <a href=\"https:\/\/www.liseantunessimoes.com\/un-couteau-suisse-au-feminin-la-chatelaine\/\">ch\u00e2telaines<\/a> en or, accessoire tr\u00e8s en vogue au XVIIIe et XIXe si\u00e8cle. V\u00e9ritable \u00ab\u00a0kit pratique\u00a0\u00bb d\u00e9guis\u00e9 en bijou. Elles s&rsquo;attachaient comme une broche sur le haut de la jupe ou le bas du corsage et d&rsquo;o\u00f9 pendaient plusieurs breloques que toutes dames bien comme il faut se devaient d&rsquo;avoir sous la main en permanence : montre \u00e0 gousset, flacon \u00e0 sels (lorsque ces dames avaient une petite faiblesse et manquaient s&rsquo;\u00e9vanouir), petit flacon de parfum, n\u00e9cessaire \u00e0 couture (petits ciseaux, d\u00e9 \u00e0 coudre&#8230;), photo de l&rsquo;\u00eatre aim\u00e9, et aussi cl\u00e9s lorsque madame \u00e9tait maitresse de maison. Certaines dames d&rsquo;ailleurs pouvaient la recevoir en cadeau de mariage et h\u00e9ritaient ainsi des cl\u00e9s du logis.<\/p>\n<p><em>Vous aimerez aussi .<\/em>..<\/p>\n<blockquote>\n<figure id=\"attachment_2460\" aria-describedby=\"caption-attachment-2460\" style=\"width: 183px\" class=\"wp-caption alignnone\"><a href=\"https:\/\/www.antiquites-en-france.com\/item\/146345\/chatelaine-milieu-du-xviiie-siecle\"><img fetchpriority=\"high\" decoding=\"async\" class=\"wp-image-2460\" src=\"http:\/\/mon-carre-deco.com\/wp-content\/uploads\/2021\/10\/Chatelaine-Galerie-Anne-Besnard.jpg\" alt=\"Ch\u00e2telaine Milieu du XVIIIe si\u00e8cle\" width=\"183\" height=\"326\" srcset=\"https:\/\/mon-carre-deco.com\/wp-content\/uploads\/2021\/10\/Chatelaine-Galerie-Anne-Besnard.jpg 606w, https:\/\/mon-carre-deco.com\/wp-content\/uploads\/2021\/10\/Chatelaine-Galerie-Anne-Besnard-168x300.jpg 168w, https:\/\/mon-carre-deco.com\/wp-content\/uploads\/2021\/10\/Chatelaine-Galerie-Anne-Besnard-575x1024.jpg 575w, https:\/\/mon-carre-deco.com\/wp-content\/uploads\/2021\/10\/Chatelaine-Galerie-Anne-Besnard-600x1069.jpg 600w\" sizes=\"(max-width: 183px) 100vw, 183px\" \/><\/a><figcaption id=\"caption-attachment-2460\" class=\"wp-caption-text\">Ch\u00e2telaine Milieu du XVIIIe si\u00e8cle Galerie Anne Besnard<\/figcaption><\/figure><\/blockquote>","protected":false},"excerpt":{"rendered":"<p>Tableau d&rsquo;un carr\u00e9 multicolore sur le th\u00e8me de la couture et de la broderie, deux activit\u00e9s qui ont marqu\u00e9, pendant des si\u00e8cles, la pr\u00e9sence f\u00e9minine \u00e0 l\u2019int\u00e9rieur de la famille. Parfois geste technique et n\u00e9cessaire, parfois moment de formation et\/ou d\u2019\u00e9vasion, la broderie a d\u2019ailleurs constitu\u00e9 l\u2019un des savoir-faire n\u00e9cessaires pour la jeune fille bourgeoise vou\u00e9e au mariage, n\u00e9cessitant, pour l\u2019affirmation de sa pr\u00e9sence sociale, un trousseau.<\/p>\n<ul>\n<li style=\"list-style-type: none;\">\n<ul>\n<li>Couleurs dominantes : violet, multicolore<\/li>\n<li>Moulure en bois dor\u00e9<\/li>\n<li>White matting<\/li>\n<li>UV-protective acrylic glass<\/li>\n<li>Rear mounting hook<\/li>\n<\/ul>\n<\/li>\n<\/ul>\n<p>Designer : Cathy Latham<\/p>","protected":false},"featured_media":2417,"comment_status":"open","ping_status":"closed","template":"","meta":{"site-sidebar-layout":"default","site-content-layout":"default","ast-site-content-layout":"default","site-content-style":"default","site-sidebar-style":"default","ast-global-header-display":"","ast-banner-title-visibility":"","ast-main-header-display":"","ast-hfb-above-header-display":"","ast-hfb-below-header-display":"","ast-hfb-mobile-header-display":"","site-post-title":"","ast-breadcrumbs-content":"","ast-featured-img":"","footer-sml-layout":"","theme-transparent-header-meta":"default","adv-header-id-meta":"","stick-header-meta":"","header-above-stick-meta":"","header-main-stick-meta":"","header-below-stick-meta":"","astra-migrate-meta-layouts":"set"},"product_brand":[],"product_cat":[24],"product_tag":[],"class_list":{"0":"post-2411","1":"product","2":"type-product","3":"status-publish","4":"has-post-thumbnail","6":"product_cat-carre-90x90","7":"desktop-align-left","8":"tablet-align-left","9":"mobile-align-left","11":"first","12":"instock","13":"sold-individually","14":"shipping-taxable","15":"product-type-simple"},"yoast_head":"<!-- This site is optimized with the Yoast SEO plugin v25.4 - https:\/\/yoast.com\/wordpress\/plugins\/seo\/ -->\n<title>Tableau - Carr\u00e9 Herm\u00e8s Petite Main - Mon Carr\u00e9 D\u00e9co<\/title>\n<meta name=\"description\" content=\"Tableau d&#039;un carr\u00e9 Herm\u00e8s Petite main, une d\u00e9coration murale en r\u00e9f\u00e9rence aux ouvrages de couture, d\u00e9 \u00e0 coudre, ciseaux, porte-\u00e9pingles, \u0153uf pour repriser, boutons\" \/>\n<meta name=\"robots\" content=\"index, follow, max-snippet:-1, max-image-preview:large, max-video-preview:-1\" \/>\n<link rel=\"canonical\" href=\"https:\/\/mon-carre-deco.com\/en\/product\/tableau-carre-hermes-petite-main\/\" \/>\n<meta property=\"og:locale\" content=\"en_US\" \/>\n<meta property=\"og:type\" content=\"article\" \/>\n<meta property=\"og:title\" content=\"Tableau - Carr\u00e9 Herm\u00e8s Petite Main - Mon Carr\u00e9 D\u00e9co\" \/>\n<meta property=\"og:description\" content=\"Tableau d&#039;un carr\u00e9 Herm\u00e8s Petite main, une d\u00e9coration murale en r\u00e9f\u00e9rence aux ouvrages de couture, d\u00e9 \u00e0 coudre, ciseaux, porte-\u00e9pingles, \u0153uf pour repriser, boutons\" \/>\n<meta property=\"og:url\" content=\"https:\/\/mon-carre-deco.com\/en\/product\/tableau-carre-hermes-petite-main\/\" \/>\n<meta property=\"og:site_name\" content=\"Mon Carr\u00e9 D\u00e9co\" \/>\n<meta property=\"article:modified_time\" content=\"2023-12-25T17:17:34+00:00\" \/>\n<meta property=\"og:image\" content=\"http:\/\/mon-carre-deco.com\/wp-content\/uploads\/2021\/10\/Tableau-dun-carre-Hermes-Petite-Main-de-Cathy-Latham-moulure-bois-dore-et-passe-partout-blanc.jpg\" \/>\n\t<meta property=\"og:image:width\" content=\"1500\" \/>\n\t<meta property=\"og:image:height\" content=\"1398\" \/>\n\t<meta property=\"og:image:type\" content=\"image\/jpeg\" \/>\n<meta name=\"twitter:card\" content=\"summary_large_image\" \/>\n<meta name=\"twitter:label1\" content=\"Est. reading time\" \/>\n\t<meta name=\"twitter:data1\" content=\"2 minutes\" \/>\n<script type=\"application\/ld+json\" class=\"yoast-schema-graph\">{\"@context\":\"https:\/\/schema.org\",\"@graph\":[{\"@type\":\"WebPage\",\"@id\":\"https:\/\/mon-carre-deco.com\/produit\/tableau-carre-hermes-petite-main\/\",\"url\":\"https:\/\/mon-carre-deco.com\/produit\/tableau-carre-hermes-petite-main\/\",\"name\":\"Tableau - Carr\u00e9 Herm\u00e8s Petite Main - Mon Carr\u00e9 D\u00e9co\",\"isPartOf\":{\"@id\":\"https:\/\/mon-carre-deco.com\/#website\"},\"primaryImageOfPage\":{\"@id\":\"https:\/\/mon-carre-deco.com\/produit\/tableau-carre-hermes-petite-main\/#primaryimage\"},\"image\":{\"@id\":\"https:\/\/mon-carre-deco.com\/produit\/tableau-carre-hermes-petite-main\/#primaryimage\"},\"thumbnailUrl\":\"https:\/\/mon-carre-deco.com\/wp-content\/uploads\/2021\/10\/Tableau-dun-carre-Hermes-Petite-Main-de-Cathy-Latham-moulure-bois-dore-et-passe-partout-blanc.jpg\",\"datePublished\":\"2021-10-28T21:12:16+00:00\",\"dateModified\":\"2023-12-25T17:17:34+00:00\",\"description\":\"Tableau d'un carr\u00e9 Herm\u00e8s Petite main, une d\u00e9coration murale en r\u00e9f\u00e9rence aux ouvrages de couture, d\u00e9 \u00e0 coudre, ciseaux, porte-\u00e9pingles, \u0153uf pour repriser, boutons\",\"breadcrumb\":{\"@id\":\"https:\/\/mon-carre-deco.com\/produit\/tableau-carre-hermes-petite-main\/#breadcrumb\"},\"inLanguage\":\"en-US\",\"potentialAction\":[{\"@type\":\"ReadAction\",\"target\":[\"https:\/\/mon-carre-deco.com\/produit\/tableau-carre-hermes-petite-main\/\"]}]},{\"@type\":\"ImageObject\",\"inLanguage\":\"en-US\",\"@id\":\"https:\/\/mon-carre-deco.com\/produit\/tableau-carre-hermes-petite-main\/#primaryimage\",\"url\":\"https:\/\/mon-carre-deco.com\/wp-content\/uploads\/2021\/10\/Tableau-dun-carre-Hermes-Petite-Main-de-Cathy-Latham-moulure-bois-dore-et-passe-partout-blanc.jpg\",\"contentUrl\":\"https:\/\/mon-carre-deco.com\/wp-content\/uploads\/2021\/10\/Tableau-dun-carre-Hermes-Petite-Main-de-Cathy-Latham-moulure-bois-dore-et-passe-partout-blanc.jpg\",\"width\":1500,\"height\":1398,\"caption\":\"Tableau d'un carr\u00e9 Herm\u00e8s Petite Main de Cathy Latham moulure bois dor\u00e9 et passe-partout blanc.\"},{\"@type\":\"BreadcrumbList\",\"@id\":\"https:\/\/mon-carre-deco.com\/produit\/tableau-carre-hermes-petite-main\/#breadcrumb\",\"itemListElement\":[{\"@type\":\"ListItem\",\"position\":1,\"name\":\"Accueil\",\"item\":\"https:\/\/mon-carre-deco.com\/\"},{\"@type\":\"ListItem\",\"position\":2,\"name\":\"Tableaux\",\"item\":\"https:\/\/mon-carre-deco.com\/boutique-tableau-hermes\/\"},{\"@type\":\"ListItem\",\"position\":3,\"name\":\"Tableau &#8211; Carr\u00e9 Herm\u00e8s Petite Main\"}]},{\"@type\":\"WebSite\",\"@id\":\"https:\/\/mon-carre-deco.com\/#website\",\"url\":\"https:\/\/mon-carre-deco.com\/\",\"name\":\"Mon Carr\u00e9 D\u00e9co\",\"description\":\"Mon Carr\u00e9 D&#039;art at Home, vente de tableau Herm\u00e8s, foulard carr\u00e9 Herm\u00e8s encadr\u00e9\",\"publisher\":{\"@id\":\"https:\/\/mon-carre-deco.com\/#organization\"},\"potentialAction\":[{\"@type\":\"SearchAction\",\"target\":{\"@type\":\"EntryPoint\",\"urlTemplate\":\"https:\/\/mon-carre-deco.com\/?s={search_term_string}\"},\"query-input\":{\"@type\":\"PropertyValueSpecification\",\"valueRequired\":true,\"valueName\":\"search_term_string\"}}],\"inLanguage\":\"en-US\"},{\"@type\":\"Organization\",\"@id\":\"https:\/\/mon-carre-deco.com\/#organization\",\"name\":\"Mon Carr\u00e9 D\u00e9co\",\"url\":\"https:\/\/mon-carre-deco.com\/\",\"logo\":{\"@type\":\"ImageObject\",\"inLanguage\":\"en-US\",\"@id\":\"https:\/\/mon-carre-deco.com\/#\/schema\/logo\/image\/\",\"url\":\"https:\/\/mon-carre-deco.com\/wp-content\/uploads\/2021\/04\/cropped-Logo-mon-carre-deco-2.png\",\"contentUrl\":\"https:\/\/mon-carre-deco.com\/wp-content\/uploads\/2021\/04\/cropped-Logo-mon-carre-deco-2.png\",\"width\":1043,\"height\":1043,\"caption\":\"Mon Carr\u00e9 D\u00e9co\"},\"image\":{\"@id\":\"https:\/\/mon-carre-deco.com\/#\/schema\/logo\/image\/\"}}]}<\/script>\n<!-- \/ Yoast SEO plugin. -->","yoast_head_json":{"title":"Tableau - Carr\u00e9 Herm\u00e8s Petite Main - Mon Carr\u00e9 D\u00e9co","description":"Tableau d'un carr\u00e9 Herm\u00e8s Petite main, une d\u00e9coration murale en r\u00e9f\u00e9rence aux ouvrages de couture, d\u00e9 \u00e0 coudre, ciseaux, porte-\u00e9pingles, \u0153uf pour repriser, boutons","robots":{"index":"index","follow":"follow","max-snippet":"max-snippet:-1","max-image-preview":"max-image-preview:large","max-video-preview":"max-video-preview:-1"},"canonical":"https:\/\/mon-carre-deco.com\/en\/product\/tableau-carre-hermes-petite-main\/","og_locale":"en_US","og_type":"article","og_title":"Tableau - Carr\u00e9 Herm\u00e8s Petite Main - Mon Carr\u00e9 D\u00e9co","og_description":"Tableau d'un carr\u00e9 Herm\u00e8s Petite main, une d\u00e9coration murale en r\u00e9f\u00e9rence aux ouvrages de couture, d\u00e9 \u00e0 coudre, ciseaux, porte-\u00e9pingles, \u0153uf pour repriser, boutons","og_url":"https:\/\/mon-carre-deco.com\/en\/product\/tableau-carre-hermes-petite-main\/","og_site_name":"Mon Carr\u00e9 D\u00e9co","article_modified_time":"2023-12-25T17:17:34+00:00","og_image":[{"width":1500,"height":1398,"url":"http:\/\/mon-carre-deco.com\/wp-content\/uploads\/2021\/10\/Tableau-dun-carre-Hermes-Petite-Main-de-Cathy-Latham-moulure-bois-dore-et-passe-partout-blanc.jpg","type":"image\/jpeg"}],"twitter_card":"summary_large_image","twitter_misc":{"Est. reading time":"2 minutes"},"schema":{"@context":"https:\/\/schema.org","@graph":[{"@type":"WebPage","@id":"https:\/\/mon-carre-deco.com\/produit\/tableau-carre-hermes-petite-main\/","url":"https:\/\/mon-carre-deco.com\/produit\/tableau-carre-hermes-petite-main\/","name":"Tableau - Carr\u00e9 Herm\u00e8s Petite Main - Mon Carr\u00e9 D\u00e9co","isPartOf":{"@id":"https:\/\/mon-carre-deco.com\/#website"},"primaryImageOfPage":{"@id":"https:\/\/mon-carre-deco.com\/produit\/tableau-carre-hermes-petite-main\/#primaryimage"},"image":{"@id":"https:\/\/mon-carre-deco.com\/produit\/tableau-carre-hermes-petite-main\/#primaryimage"},"thumbnailUrl":"https:\/\/mon-carre-deco.com\/wp-content\/uploads\/2021\/10\/Tableau-dun-carre-Hermes-Petite-Main-de-Cathy-Latham-moulure-bois-dore-et-passe-partout-blanc.jpg","datePublished":"2021-10-28T21:12:16+00:00","dateModified":"2023-12-25T17:17:34+00:00","description":"Tableau d'un carr\u00e9 Herm\u00e8s Petite main, une d\u00e9coration murale en r\u00e9f\u00e9rence aux ouvrages de couture, d\u00e9 \u00e0 coudre, ciseaux, porte-\u00e9pingles, \u0153uf pour repriser, boutons","breadcrumb":{"@id":"https:\/\/mon-carre-deco.com\/produit\/tableau-carre-hermes-petite-main\/#breadcrumb"},"inLanguage":"en-US","potentialAction":[{"@type":"ReadAction","target":["https:\/\/mon-carre-deco.com\/produit\/tableau-carre-hermes-petite-main\/"]}]},{"@type":"ImageObject","inLanguage":"en-US","@id":"https:\/\/mon-carre-deco.com\/produit\/tableau-carre-hermes-petite-main\/#primaryimage","url":"https:\/\/mon-carre-deco.com\/wp-content\/uploads\/2021\/10\/Tableau-dun-carre-Hermes-Petite-Main-de-Cathy-Latham-moulure-bois-dore-et-passe-partout-blanc.jpg","contentUrl":"https:\/\/mon-carre-deco.com\/wp-content\/uploads\/2021\/10\/Tableau-dun-carre-Hermes-Petite-Main-de-Cathy-Latham-moulure-bois-dore-et-passe-partout-blanc.jpg","width":1500,"height":1398,"caption":"Tableau d'un carr\u00e9 Herm\u00e8s Petite Main de Cathy Latham moulure bois dor\u00e9 et passe-partout blanc."},{"@type":"BreadcrumbList","@id":"https:\/\/mon-carre-deco.com\/produit\/tableau-carre-hermes-petite-main\/#breadcrumb","itemListElement":[{"@type":"ListItem","position":1,"name":"Accueil","item":"https:\/\/mon-carre-deco.com\/"},{"@type":"ListItem","position":2,"name":"Tableaux","item":"https:\/\/mon-carre-deco.com\/boutique-tableau-hermes\/"},{"@type":"ListItem","position":3,"name":"Tableau &#8211; Carr\u00e9 Herm\u00e8s Petite Main"}]},{"@type":"WebSite","@id":"https:\/\/mon-carre-deco.com\/#website","url":"https:\/\/mon-carre-deco.com\/","name":"Mon Carr\u00e9 D\u00e9co","description":"Mon Carr\u00e9 D&#039;art at Home, vente de tableau Herm\u00e8s, foulard carr\u00e9 Herm\u00e8s encadr\u00e9","publisher":{"@id":"https:\/\/mon-carre-deco.com\/#organization"},"potentialAction":[{"@type":"SearchAction","target":{"@type":"EntryPoint","urlTemplate":"https:\/\/mon-carre-deco.com\/?s={search_term_string}"},"query-input":{"@type":"PropertyValueSpecification","valueRequired":true,"valueName":"search_term_string"}}],"inLanguage":"en-US"},{"@type":"Organization","@id":"https:\/\/mon-carre-deco.com\/#organization","name":"Mon Carr\u00e9 D\u00e9co","url":"https:\/\/mon-carre-deco.com\/","logo":{"@type":"ImageObject","inLanguage":"en-US","@id":"https:\/\/mon-carre-deco.com\/#\/schema\/logo\/image\/","url":"https:\/\/mon-carre-deco.com\/wp-content\/uploads\/2021\/04\/cropped-Logo-mon-carre-deco-2.png","contentUrl":"https:\/\/mon-carre-deco.com\/wp-content\/uploads\/2021\/04\/cropped-Logo-mon-carre-deco-2.png","width":1043,"height":1043,"caption":"Mon Carr\u00e9 D\u00e9co"},"image":{"@id":"https:\/\/mon-carre-deco.com\/#\/schema\/logo\/image\/"}}]}},"_links":{"self":[{"href":"https:\/\/mon-carre-deco.com\/en\/wp-json\/wp\/v2\/product\/2411","targetHints":{"allow":["GET"]}}],"collection":[{"href":"https:\/\/mon-carre-deco.com\/en\/wp-json\/wp\/v2\/product"}],"about":[{"href":"https:\/\/mon-carre-deco.com\/en\/wp-json\/wp\/v2\/types\/product"}],"replies":[{"embeddable":true,"href":"https:\/\/mon-carre-deco.com\/en\/wp-json\/wp\/v2\/comments?post=2411"}],"version-history":[{"count":10,"href":"https:\/\/mon-carre-deco.com\/en\/wp-json\/wp\/v2\/product\/2411\/revisions"}],"predecessor-version":[{"id":4209,"href":"https:\/\/mon-carre-deco.com\/en\/wp-json\/wp\/v2\/product\/2411\/revisions\/4209"}],"wp:featuredmedia":[{"embeddable":true,"href":"https:\/\/mon-carre-deco.com\/en\/wp-json\/wp\/v2\/media\/2417"}],"wp:attachment":[{"href":"https:\/\/mon-carre-deco.com\/en\/wp-json\/wp\/v2\/media?parent=2411"}],"wp:term":[{"taxonomy":"product_brand","embeddable":true,"href":"https:\/\/mon-carre-deco.com\/en\/wp-json\/wp\/v2\/product_brand?post=2411"},{"taxonomy":"product_cat","embeddable":true,"href":"https:\/\/mon-carre-deco.com\/en\/wp-json\/wp\/v2\/product_cat?post=2411"},{"taxonomy":"product_tag","embeddable":true,"href":"https:\/\/mon-carre-deco.com\/en\/wp-json\/wp\/v2\/product_tag?post=2411"}],"curies":[{"name":"wp","href":"https:\/\/api.w.org\/{rel}","templated":true}]}}