{"id":25,"date":"2017-02-13T11:14:20","date_gmt":"2017-02-13T11:14:20","guid":{"rendered":"http:\/\/mon-carre-deco.com\/index.php\/produit\/eiffel-tower\/"},"modified":"2023-03-24T20:27:42","modified_gmt":"2023-03-24T19:27:42","slug":"tableau-carre-hermes-le-laboratoire-du-temps-marron","status":"publish","type":"product","link":"https:\/\/mon-carre-deco.com\/en\/product\/tableau-carre-hermes-le-laboratoire-du-temps-marron\/","title":{"rendered":"Tableau Herm\u00e8s &#8211; Le Laboratoire du temps"},"content":{"rendered":"<p>\u00ab Le Laboratoire du temps \u00bb<\/p>\n<p>Edit\u00e9 en 2012, r\u00e9\u00e9dit\u00e9 en 2014<\/p>\n<p>Designer : <a href=\"https:\/\/www.pierremariegalerie.com\/copie-de-accueil-fr-version-defaut-1\" target=\"_blank\" rel=\"noopener noreferrer\">Pierre Marie<\/a><\/p>\n<p>N\u00e9 Pierre-Marie Agin en 1982 \u00e0 Nogent-sur-Marne, il est un dessinateur de mode et d\u00e9corateur d&rsquo;int\u00e9rieur fran\u00e7ais. Il se qualifie d&rsquo;\u00ab ornemaniste \u00bb.<\/p>\n<p>Pierre Marie a un sens de la narration mais aussi du d\u00e9cor, que l\u2019on voit peu aujourd\u2019hui et \u00e7a c\u2019est pr\u00e9cieux ! Il nous captive pour nous raconter des histoires qui nous transportent hors du temps. Il a une tr\u00e8s belle intelligence des couleurs, des formes, des compositions.<\/p>\n<p>Vous serez s\u00e9duit par son univers singulier, rempli de po\u00e9sie,\u00a0 et parfois de folklore. Un univers qui pourrait s\u2019appliquer au film d\u2019animation, un univers de production et de fr\u00e9nesie.<\/p>\n<p>Cela fait 10 ans qu\u2019il travaille pour Herm\u00e8s. Il faut compter six mois pour r\u00e9aliser un carr\u00e9 entre le d\u00e9but de l\u2019id\u00e9e, pousser le dessin, le mettre au format 90. La composition c\u2019est ce qui est le plus important, poser la structure avant de cr\u00e9er les d\u00e9tails. Puis vient la coloration. Dix colorations diff\u00e9rentes du m\u00eame dessin sont r\u00e9alis\u00e9es.<\/p>\n<p>Pierre Marie se reconna\u00eet dans une approche instinctive et sensorielle plut\u00f4t qu\u2019intellectuelle. Pour lui, la nature est ce qu\u2019il y a de plus beau, et de pouvoir recr\u00e9er la nature et la magnifier en s\u2019en servant comme principal ornement.<\/p>\n<p><a href=\"https:\/\/www.ouestlebeau.com\/episode-60-pierre-marie-artiste-et-decorateur\" target=\"_blank\" rel=\"noopener noreferrer\">\u00c9coutez son interview<\/a> dans \u00ab\u00a0O\u00f9 est le beau?\u00a0\u00bb<\/p>\n<style>.cart{display: none;}<\/style>","protected":false},"excerpt":{"rendered":"<p>Le Laboratoire du Temps<\/p>\n<p>Cet iconique carr\u00e9 ornemental et narratif de Pierre Marie, vous transporte d\u2019une mani\u00e8re surr\u00e9aliste pour traverser le temps, o\u00f9 chaque d\u00e9tails est l\u00e0 pour t\u00e9moigner des \u00e9poques.<\/p>\n<ul>\n<li>soie<\/li>\n<li>Couleurs dominantes : marron, vert, bleu, rouge (<a href=\"https:\/\/mon-carre-deco.com\/en\/contact\/\">EXISTE EN MULTICOLORE SUR FOND BLANC<\/a>)<\/li>\n<li>Moulure bois verte<\/li>\n<li>White matting<\/li>\n<li>Verre de protection anti UV<\/li>\n<li>Fixation murale \u00e0 l\u2019arri\u00e8re<\/li>\n<\/ul>\n<p>Designer : Pierre marie<\/p>","protected":false},"featured_media":859,"comment_status":"open","ping_status":"closed","template":"","meta":{"site-sidebar-layout":"default","site-content-layout":"default","ast-site-content-layout":"","site-content-style":"default","site-sidebar-style":"default","ast-global-header-display":"","ast-banner-title-visibility":"","ast-main-header-display":"","ast-hfb-above-header-display":"","ast-hfb-below-header-display":"","ast-hfb-mobile-header-display":"","site-post-title":"","ast-breadcrumbs-content":"","ast-featured-img":"","footer-sml-layout":"","theme-transparent-header-meta":"default","adv-header-id-meta":"","stick-header-meta":"","header-above-stick-meta":"","header-main-stick-meta":"","header-below-stick-meta":"","astra-migrate-meta-layouts":""},"product_brand":[],"product_cat":[24,15],"product_tag":[],"class_list":{"0":"post-25","1":"product","2":"type-product","3":"status-publish","4":"has-post-thumbnail","6":"product_cat-carre-90x90","7":"product_cat-carres-exceptionnels","8":"desktop-align-left","9":"tablet-align-left","10":"mobile-align-left","12":"first","13":"instock","14":"featured","15":"shipping-taxable","16":"product-type-simple"},"yoast_head":"<!-- This site is optimized with the Yoast SEO plugin v25.4 - https:\/\/yoast.com\/wordpress\/plugins\/seo\/ -->\n<title>Tableau Herm\u00e8s - Le Laboratoire du temps (marron et bleu) - Mon Carr\u00e9 D\u00e9co<\/title>\n<meta name=\"description\" content=\"Foulard Herm\u00e8s encadr\u00e9, Carr\u00e9 Hermes Le Laboratoire du Temps par Pierre Marie. Cadre bleu-vert. Passe-partout blanc. Pi\u00e8ce de d\u00e9coration d&#039;int\u00e9rieur.\" \/>\n<meta name=\"robots\" content=\"index, follow, max-snippet:-1, max-image-preview:large, max-video-preview:-1\" \/>\n<link rel=\"canonical\" href=\"https:\/\/mon-carre-deco.com\/en\/product\/tableau-carre-hermes-le-laboratoire-du-temps-marron\/\" \/>\n<meta property=\"og:locale\" content=\"en_US\" \/>\n<meta property=\"og:type\" content=\"article\" \/>\n<meta property=\"og:title\" content=\"Tableau Herm\u00e8s - Le Laboratoire du temps (marron et bleu) - Mon Carr\u00e9 D\u00e9co\" \/>\n<meta property=\"og:description\" content=\"Foulard Herm\u00e8s encadr\u00e9, Carr\u00e9 Hermes Le Laboratoire du Temps par Pierre Marie. Cadre bleu-vert. Passe-partout blanc. Pi\u00e8ce de d\u00e9coration d&#039;int\u00e9rieur.\" \/>\n<meta property=\"og:url\" content=\"https:\/\/mon-carre-deco.com\/en\/product\/tableau-carre-hermes-le-laboratoire-du-temps-marron\/\" \/>\n<meta property=\"og:site_name\" content=\"Mon Carr\u00e9 D\u00e9co\" \/>\n<meta property=\"article:modified_time\" content=\"2023-03-24T19:27:42+00:00\" \/>\n<meta property=\"og:image\" content=\"http:\/\/mon-carre-deco.com\/wp-content\/uploads\/2016\/09\/Carre-Hermes-90x90-Le-Laboratoire-du-temps-Tableau-Mon-Carre-Deco-scaled.jpg\" \/>\n\t<meta property=\"og:image:width\" content=\"2560\" \/>\n\t<meta property=\"og:image:height\" content=\"2462\" \/>\n\t<meta property=\"og:image:type\" content=\"image\/jpeg\" \/>\n<meta name=\"twitter:card\" content=\"summary_large_image\" \/>\n<meta name=\"twitter:label1\" content=\"Est. reading time\" \/>\n\t<meta name=\"twitter:data1\" content=\"2 minutes\" \/>\n<script type=\"application\/ld+json\" class=\"yoast-schema-graph\">{\"@context\":\"https:\/\/schema.org\",\"@graph\":[{\"@type\":\"WebPage\",\"@id\":\"https:\/\/mon-carre-deco.com\/produit\/tableau-carre-hermes-le-laboratoire-du-temps-marron\/\",\"url\":\"https:\/\/mon-carre-deco.com\/produit\/tableau-carre-hermes-le-laboratoire-du-temps-marron\/\",\"name\":\"Tableau Herm\u00e8s - Le Laboratoire du temps (marron et bleu) - Mon Carr\u00e9 D\u00e9co\",\"isPartOf\":{\"@id\":\"https:\/\/mon-carre-deco.com\/#website\"},\"primaryImageOfPage\":{\"@id\":\"https:\/\/mon-carre-deco.com\/produit\/tableau-carre-hermes-le-laboratoire-du-temps-marron\/#primaryimage\"},\"image\":{\"@id\":\"https:\/\/mon-carre-deco.com\/produit\/tableau-carre-hermes-le-laboratoire-du-temps-marron\/#primaryimage\"},\"thumbnailUrl\":\"https:\/\/mon-carre-deco.com\/wp-content\/uploads\/2016\/09\/Carre-Hermes-90x90-Le-Laboratoire-du-temps-Tableau-Mon-Carre-Deco-scaled.jpg\",\"datePublished\":\"2017-02-13T11:14:20+00:00\",\"dateModified\":\"2023-03-24T19:27:42+00:00\",\"description\":\"Foulard Herm\u00e8s encadr\u00e9, Carr\u00e9 Hermes Le Laboratoire du Temps par Pierre Marie. Cadre bleu-vert. Passe-partout blanc. Pi\u00e8ce de d\u00e9coration d'int\u00e9rieur.\",\"breadcrumb\":{\"@id\":\"https:\/\/mon-carre-deco.com\/produit\/tableau-carre-hermes-le-laboratoire-du-temps-marron\/#breadcrumb\"},\"inLanguage\":\"en-US\",\"potentialAction\":[{\"@type\":\"ReadAction\",\"target\":[\"https:\/\/mon-carre-deco.com\/produit\/tableau-carre-hermes-le-laboratoire-du-temps-marron\/\"]}]},{\"@type\":\"ImageObject\",\"inLanguage\":\"en-US\",\"@id\":\"https:\/\/mon-carre-deco.com\/produit\/tableau-carre-hermes-le-laboratoire-du-temps-marron\/#primaryimage\",\"url\":\"https:\/\/mon-carre-deco.com\/wp-content\/uploads\/2016\/09\/Carre-Hermes-90x90-Le-Laboratoire-du-temps-Tableau-Mon-Carre-Deco-scaled.jpg\",\"contentUrl\":\"https:\/\/mon-carre-deco.com\/wp-content\/uploads\/2016\/09\/Carre-Hermes-90x90-Le-Laboratoire-du-temps-Tableau-Mon-Carre-Deco-scaled.jpg\",\"width\":2560,\"height\":2462,\"caption\":\"Tableau Carr\u00e9 Herm\u00e8s Le Laboratoire du Temps de Pierre-Marie fond marron couleur rouge bleu vert jaune avec passe-partout blanc et moulure verte\"},{\"@type\":\"BreadcrumbList\",\"@id\":\"https:\/\/mon-carre-deco.com\/produit\/tableau-carre-hermes-le-laboratoire-du-temps-marron\/#breadcrumb\",\"itemListElement\":[{\"@type\":\"ListItem\",\"position\":1,\"name\":\"Accueil\",\"item\":\"https:\/\/mon-carre-deco.com\/\"},{\"@type\":\"ListItem\",\"position\":2,\"name\":\"Tableaux\",\"item\":\"https:\/\/mon-carre-deco.com\/boutique-tableau-hermes\/\"},{\"@type\":\"ListItem\",\"position\":3,\"name\":\"Tableau Herm\u00e8s &#8211; Le Laboratoire du temps\"}]},{\"@type\":\"WebSite\",\"@id\":\"https:\/\/mon-carre-deco.com\/#website\",\"url\":\"https:\/\/mon-carre-deco.com\/\",\"name\":\"Mon Carr\u00e9 D\u00e9co\",\"description\":\"Mon Carr\u00e9 D&#039;art at Home, vente de tableau Herm\u00e8s, foulard carr\u00e9 Herm\u00e8s encadr\u00e9\",\"publisher\":{\"@id\":\"https:\/\/mon-carre-deco.com\/#organization\"},\"potentialAction\":[{\"@type\":\"SearchAction\",\"target\":{\"@type\":\"EntryPoint\",\"urlTemplate\":\"https:\/\/mon-carre-deco.com\/?s={search_term_string}\"},\"query-input\":{\"@type\":\"PropertyValueSpecification\",\"valueRequired\":true,\"valueName\":\"search_term_string\"}}],\"inLanguage\":\"en-US\"},{\"@type\":\"Organization\",\"@id\":\"https:\/\/mon-carre-deco.com\/#organization\",\"name\":\"Mon Carr\u00e9 D\u00e9co\",\"url\":\"https:\/\/mon-carre-deco.com\/\",\"logo\":{\"@type\":\"ImageObject\",\"inLanguage\":\"en-US\",\"@id\":\"https:\/\/mon-carre-deco.com\/#\/schema\/logo\/image\/\",\"url\":\"https:\/\/mon-carre-deco.com\/wp-content\/uploads\/2021\/04\/cropped-Logo-mon-carre-deco-2.png\",\"contentUrl\":\"https:\/\/mon-carre-deco.com\/wp-content\/uploads\/2021\/04\/cropped-Logo-mon-carre-deco-2.png\",\"width\":1043,\"height\":1043,\"caption\":\"Mon Carr\u00e9 D\u00e9co\"},\"image\":{\"@id\":\"https:\/\/mon-carre-deco.com\/#\/schema\/logo\/image\/\"}}]}<\/script>\n<!-- \/ Yoast SEO plugin. -->","yoast_head_json":{"title":"Tableau Herm\u00e8s - Le Laboratoire du temps (marron et bleu) - Mon Carr\u00e9 D\u00e9co","description":"Foulard Herm\u00e8s encadr\u00e9, Carr\u00e9 Hermes Le Laboratoire du Temps par Pierre Marie. Cadre bleu-vert. Passe-partout blanc. Pi\u00e8ce de d\u00e9coration d'int\u00e9rieur.","robots":{"index":"index","follow":"follow","max-snippet":"max-snippet:-1","max-image-preview":"max-image-preview:large","max-video-preview":"max-video-preview:-1"},"canonical":"https:\/\/mon-carre-deco.com\/en\/product\/tableau-carre-hermes-le-laboratoire-du-temps-marron\/","og_locale":"en_US","og_type":"article","og_title":"Tableau Herm\u00e8s - Le Laboratoire du temps (marron et bleu) - Mon Carr\u00e9 D\u00e9co","og_description":"Foulard Herm\u00e8s encadr\u00e9, Carr\u00e9 Hermes Le Laboratoire du Temps par Pierre Marie. Cadre bleu-vert. Passe-partout blanc. Pi\u00e8ce de d\u00e9coration d'int\u00e9rieur.","og_url":"https:\/\/mon-carre-deco.com\/en\/product\/tableau-carre-hermes-le-laboratoire-du-temps-marron\/","og_site_name":"Mon Carr\u00e9 D\u00e9co","article_modified_time":"2023-03-24T19:27:42+00:00","og_image":[{"width":2560,"height":2462,"url":"http:\/\/mon-carre-deco.com\/wp-content\/uploads\/2016\/09\/Carre-Hermes-90x90-Le-Laboratoire-du-temps-Tableau-Mon-Carre-Deco-scaled.jpg","type":"image\/jpeg"}],"twitter_card":"summary_large_image","twitter_misc":{"Est. reading time":"2 minutes"},"schema":{"@context":"https:\/\/schema.org","@graph":[{"@type":"WebPage","@id":"https:\/\/mon-carre-deco.com\/produit\/tableau-carre-hermes-le-laboratoire-du-temps-marron\/","url":"https:\/\/mon-carre-deco.com\/produit\/tableau-carre-hermes-le-laboratoire-du-temps-marron\/","name":"Tableau Herm\u00e8s - Le Laboratoire du temps (marron et bleu) - Mon Carr\u00e9 D\u00e9co","isPartOf":{"@id":"https:\/\/mon-carre-deco.com\/#website"},"primaryImageOfPage":{"@id":"https:\/\/mon-carre-deco.com\/produit\/tableau-carre-hermes-le-laboratoire-du-temps-marron\/#primaryimage"},"image":{"@id":"https:\/\/mon-carre-deco.com\/produit\/tableau-carre-hermes-le-laboratoire-du-temps-marron\/#primaryimage"},"thumbnailUrl":"https:\/\/mon-carre-deco.com\/wp-content\/uploads\/2016\/09\/Carre-Hermes-90x90-Le-Laboratoire-du-temps-Tableau-Mon-Carre-Deco-scaled.jpg","datePublished":"2017-02-13T11:14:20+00:00","dateModified":"2023-03-24T19:27:42+00:00","description":"Foulard Herm\u00e8s encadr\u00e9, Carr\u00e9 Hermes Le Laboratoire du Temps par Pierre Marie. Cadre bleu-vert. Passe-partout blanc. Pi\u00e8ce de d\u00e9coration d'int\u00e9rieur.","breadcrumb":{"@id":"https:\/\/mon-carre-deco.com\/produit\/tableau-carre-hermes-le-laboratoire-du-temps-marron\/#breadcrumb"},"inLanguage":"en-US","potentialAction":[{"@type":"ReadAction","target":["https:\/\/mon-carre-deco.com\/produit\/tableau-carre-hermes-le-laboratoire-du-temps-marron\/"]}]},{"@type":"ImageObject","inLanguage":"en-US","@id":"https:\/\/mon-carre-deco.com\/produit\/tableau-carre-hermes-le-laboratoire-du-temps-marron\/#primaryimage","url":"https:\/\/mon-carre-deco.com\/wp-content\/uploads\/2016\/09\/Carre-Hermes-90x90-Le-Laboratoire-du-temps-Tableau-Mon-Carre-Deco-scaled.jpg","contentUrl":"https:\/\/mon-carre-deco.com\/wp-content\/uploads\/2016\/09\/Carre-Hermes-90x90-Le-Laboratoire-du-temps-Tableau-Mon-Carre-Deco-scaled.jpg","width":2560,"height":2462,"caption":"Tableau Carr\u00e9 Herm\u00e8s Le Laboratoire du Temps de Pierre-Marie fond marron couleur rouge bleu vert jaune avec passe-partout blanc et moulure verte"},{"@type":"BreadcrumbList","@id":"https:\/\/mon-carre-deco.com\/produit\/tableau-carre-hermes-le-laboratoire-du-temps-marron\/#breadcrumb","itemListElement":[{"@type":"ListItem","position":1,"name":"Accueil","item":"https:\/\/mon-carre-deco.com\/"},{"@type":"ListItem","position":2,"name":"Tableaux","item":"https:\/\/mon-carre-deco.com\/boutique-tableau-hermes\/"},{"@type":"ListItem","position":3,"name":"Tableau Herm\u00e8s &#8211; Le Laboratoire du temps"}]},{"@type":"WebSite","@id":"https:\/\/mon-carre-deco.com\/#website","url":"https:\/\/mon-carre-deco.com\/","name":"Mon Carr\u00e9 D\u00e9co","description":"Mon Carr\u00e9 D&#039;art at Home, vente de tableau Herm\u00e8s, foulard carr\u00e9 Herm\u00e8s encadr\u00e9","publisher":{"@id":"https:\/\/mon-carre-deco.com\/#organization"},"potentialAction":[{"@type":"SearchAction","target":{"@type":"EntryPoint","urlTemplate":"https:\/\/mon-carre-deco.com\/?s={search_term_string}"},"query-input":{"@type":"PropertyValueSpecification","valueRequired":true,"valueName":"search_term_string"}}],"inLanguage":"en-US"},{"@type":"Organization","@id":"https:\/\/mon-carre-deco.com\/#organization","name":"Mon Carr\u00e9 D\u00e9co","url":"https:\/\/mon-carre-deco.com\/","logo":{"@type":"ImageObject","inLanguage":"en-US","@id":"https:\/\/mon-carre-deco.com\/#\/schema\/logo\/image\/","url":"https:\/\/mon-carre-deco.com\/wp-content\/uploads\/2021\/04\/cropped-Logo-mon-carre-deco-2.png","contentUrl":"https:\/\/mon-carre-deco.com\/wp-content\/uploads\/2021\/04\/cropped-Logo-mon-carre-deco-2.png","width":1043,"height":1043,"caption":"Mon Carr\u00e9 D\u00e9co"},"image":{"@id":"https:\/\/mon-carre-deco.com\/#\/schema\/logo\/image\/"}}]}},"_links":{"self":[{"href":"https:\/\/mon-carre-deco.com\/en\/wp-json\/wp\/v2\/product\/25","targetHints":{"allow":["GET"]}}],"collection":[{"href":"https:\/\/mon-carre-deco.com\/en\/wp-json\/wp\/v2\/product"}],"about":[{"href":"https:\/\/mon-carre-deco.com\/en\/wp-json\/wp\/v2\/types\/product"}],"replies":[{"embeddable":true,"href":"https:\/\/mon-carre-deco.com\/en\/wp-json\/wp\/v2\/comments?post=25"}],"version-history":[{"count":17,"href":"https:\/\/mon-carre-deco.com\/en\/wp-json\/wp\/v2\/product\/25\/revisions"}],"predecessor-version":[{"id":1408,"href":"https:\/\/mon-carre-deco.com\/en\/wp-json\/wp\/v2\/product\/25\/revisions\/1408"}],"wp:featuredmedia":[{"embeddable":true,"href":"https:\/\/mon-carre-deco.com\/en\/wp-json\/wp\/v2\/media\/859"}],"wp:attachment":[{"href":"https:\/\/mon-carre-deco.com\/en\/wp-json\/wp\/v2\/media?parent=25"}],"wp:term":[{"taxonomy":"product_brand","embeddable":true,"href":"https:\/\/mon-carre-deco.com\/en\/wp-json\/wp\/v2\/product_brand?post=25"},{"taxonomy":"product_cat","embeddable":true,"href":"https:\/\/mon-carre-deco.com\/en\/wp-json\/wp\/v2\/product_cat?post=25"},{"taxonomy":"product_tag","embeddable":true,"href":"https:\/\/mon-carre-deco.com\/en\/wp-json\/wp\/v2\/product_tag?post=25"}],"curies":[{"name":"wp","href":"https:\/\/api.w.org\/{rel}","templated":true}]}}