{"id":2564,"date":"2021-12-08T00:52:34","date_gmt":"2021-12-07T23:52:34","guid":{"rendered":"https:\/\/mon-carre-deco.com\/?post_type=product&#038;p=2564"},"modified":"2023-12-25T18:21:14","modified_gmt":"2023-12-25T17:21:14","slug":"tableau-carre-hermes-la-vie-du-grand-nord","status":"publish","type":"product","link":"https:\/\/mon-carre-deco.com\/en\/product\/tableau-carre-hermes-la-vie-du-grand-nord\/","title":{"rendered":"Tableau &#8211; Carr\u00e9 Herm\u00e8s La Vie Du Grand Nord"},"content":{"rendered":"<p>\u00ab\u00a0La Vie Du Grand Nord\u00a0\u00bb<\/p>\n<p>\u00c9dit\u00e9 en 2004<\/p>\n<p>Designer Aline Honor\u00e9<\/p>\n<p>Dans l&rsquo;immensit\u00e9 de la banquise, la lumi\u00e8re transforme chaque \u00eatre et chaque objet en une apparition magique et chaleureuse. Tout ce qui existe a une \u00e2me et le bouleau, arbre sacr\u00e9, relie l&rsquo;homme au cosmos. La vie des Inuits et des Yupiits d\u00e9pend des animaux. Ceux qui chassent et p\u00eachent et ceux qui les aident dans ces t\u00e2ches occupent l&rsquo;espace de ce carr\u00e9 au m\u00eame titre que ces hommes et ces femmes aux visages ouverts et souriants. Chaque objet est d&rsquo;une infinie po\u00e9sie, il y a le masque c\u00e9r\u00e9moniel de l&rsquo;Esprit et de la Lune, masque yup&rsquo;ik qui permet aux esprits des animaux de rejoindre le monde des humains, ou l&rsquo;\u00e9ventail de danse fait de plumes d&rsquo;oie et de cygne.<\/p>\n<p><em>You'll also like<\/em><\/p>\n<blockquote>\n<figure id=\"attachment_2581\" aria-describedby=\"caption-attachment-2581\" style=\"width: 282px\" class=\"wp-caption alignnone\"><a href=\"https:\/\/www.parastone.fr\/artiste\/francois-pompon-artiste-sculpteur-sculptures-animaliers-ours-blanc-polaire-brun-panthere-lapin-grand-duc-chouette-hibou-taureau-de-couleur-bronze-reproduction-copie-figurine-statuette-sculpture-replique-cadeau-art-objet-modernism#\"><img fetchpriority=\"high\" decoding=\"async\" class=\"wp-image-2581\" src=\"http:\/\/mon-carre-deco.com\/wp-content\/uploads\/2021\/12\/Ours-blanc-Pompon-Parastone.jpg\" alt=\"Ours Blanc Pompon - Parastone\" width=\"282\" height=\"197\" srcset=\"https:\/\/mon-carre-deco.com\/wp-content\/uploads\/2021\/12\/Ours-blanc-Pompon-Parastone.jpg 945w, https:\/\/mon-carre-deco.com\/wp-content\/uploads\/2021\/12\/Ours-blanc-Pompon-Parastone-300x210.jpg 300w, https:\/\/mon-carre-deco.com\/wp-content\/uploads\/2021\/12\/Ours-blanc-Pompon-Parastone-768x536.jpg 768w, https:\/\/mon-carre-deco.com\/wp-content\/uploads\/2021\/12\/Ours-blanc-Pompon-Parastone-600x419.jpg 600w\" sizes=\"(max-width: 282px) 100vw, 282px\" \/><\/a><figcaption id=\"caption-attachment-2581\" class=\"wp-caption-text\">Ours Blanc Pompon &#8211; Parastone<\/figcaption><\/figure><\/blockquote>","protected":false},"excerpt":{"rendered":"<p>La Vie Au grand Nord, un tableau d\u2019un carr\u00e9 Herm\u00e8s dessin\u00e9 par Aline Honor\u00e9, vous invite au voyage en Alaska. Il sera une d\u00e9coration murale unique pour un chalet en haute montagne. Ses couleurs s\u2019harmonisent parfaitement avec des mati\u00e8res naturelles, comme le bois brut et la pierre pour apporter une ambiance cosy et rassurante o\u00f9 nos sens se perdent et oublient le froid de l\u2019hiver.<\/p>\n<ul>\n<li style=\"list-style-type: none;\">\n<ul>\n<li>Couleurs dominantes : bordeaux, beige, gris-bleu<\/li>\n<li>Moulure en bois teint\u00e9 patin\u00e9<\/li>\n<li>White matting<\/li>\n<li>Verre premium antireflet, anti UV <span dir=\"ltr\" role=\"presentation\">\u2265<\/span>70%<\/li>\n<li>Rear mounting hook<\/li>\n<\/ul>\n<\/li>\n<\/ul>\n<p>Designer : Aline Honor\u00e9<\/p>","protected":false},"featured_media":2565,"comment_status":"open","ping_status":"closed","template":"","meta":{"site-sidebar-layout":"default","site-content-layout":"default","ast-site-content-layout":"default","site-content-style":"default","site-sidebar-style":"default","ast-global-header-display":"","ast-banner-title-visibility":"","ast-main-header-display":"","ast-hfb-above-header-display":"","ast-hfb-below-header-display":"","ast-hfb-mobile-header-display":"","site-post-title":"","ast-breadcrumbs-content":"","ast-featured-img":"","footer-sml-layout":"","theme-transparent-header-meta":"default","adv-header-id-meta":"","stick-header-meta":"","header-above-stick-meta":"","header-main-stick-meta":"","header-below-stick-meta":"","astra-migrate-meta-layouts":"set"},"product_brand":[],"product_cat":[24],"product_tag":[],"class_list":{"0":"post-2564","1":"product","2":"type-product","3":"status-publish","4":"has-post-thumbnail","6":"product_cat-carre-90x90","7":"desktop-align-left","8":"tablet-align-left","9":"mobile-align-left","11":"first","12":"instock","13":"sold-individually","14":"shipping-taxable","15":"product-type-simple"},"yoast_head":"<!-- This site is optimized with the Yoast SEO plugin v25.4 - https:\/\/yoast.com\/wordpress\/plugins\/seo\/ -->\n<title>Tableau - Carr\u00e9 Herm\u00e8s La Vie Du Grand Nord - Mon Carr\u00e9 D\u00e9co<\/title>\n<meta name=\"description\" content=\"Tableau d&#039;un carr\u00e9 Herm\u00e8s La Vie au Grand Nord, une d\u00e9coration murale en d\u00e9coration int\u00e9rieure de chalet ou pour No\u00ebl. Ours, rennes et esquimaux.\" \/>\n<meta name=\"robots\" content=\"index, follow, max-snippet:-1, max-image-preview:large, max-video-preview:-1\" \/>\n<link rel=\"canonical\" href=\"https:\/\/mon-carre-deco.com\/en\/product\/tableau-carre-hermes-la-vie-du-grand-nord\/\" \/>\n<meta property=\"og:locale\" content=\"en_US\" \/>\n<meta property=\"og:type\" content=\"article\" \/>\n<meta property=\"og:title\" content=\"Tableau - Carr\u00e9 Herm\u00e8s La Vie Du Grand Nord - Mon Carr\u00e9 D\u00e9co\" \/>\n<meta property=\"og:description\" content=\"Tableau d&#039;un carr\u00e9 Herm\u00e8s La Vie au Grand Nord, une d\u00e9coration murale en d\u00e9coration int\u00e9rieure de chalet ou pour No\u00ebl. Ours, rennes et esquimaux.\" \/>\n<meta property=\"og:url\" content=\"https:\/\/mon-carre-deco.com\/en\/product\/tableau-carre-hermes-la-vie-du-grand-nord\/\" \/>\n<meta property=\"og:site_name\" content=\"Mon Carr\u00e9 D\u00e9co\" \/>\n<meta property=\"article:modified_time\" content=\"2023-12-25T17:21:14+00:00\" \/>\n<meta property=\"og:image\" content=\"http:\/\/mon-carre-deco.com\/wp-content\/uploads\/2021\/12\/Tableau-Carre-Hermes-La-Vie-Du-Grand-Nord-par-Aline-Honore-moulure-bois-pantine-passe-partout-blanc.jpg\" \/>\n\t<meta property=\"og:image:width\" content=\"1074\" \/>\n\t<meta property=\"og:image:height\" content=\"1001\" \/>\n\t<meta property=\"og:image:type\" content=\"image\/jpeg\" \/>\n<meta name=\"twitter:card\" content=\"summary_large_image\" \/>\n<meta name=\"twitter:label1\" content=\"Est. reading time\" \/>\n\t<meta name=\"twitter:data1\" content=\"1 minute\" \/>\n<script type=\"application\/ld+json\" class=\"yoast-schema-graph\">{\"@context\":\"https:\/\/schema.org\",\"@graph\":[{\"@type\":\"WebPage\",\"@id\":\"https:\/\/mon-carre-deco.com\/produit\/tableau-carre-hermes-la-vie-du-grand-nord\/\",\"url\":\"https:\/\/mon-carre-deco.com\/produit\/tableau-carre-hermes-la-vie-du-grand-nord\/\",\"name\":\"Tableau - Carr\u00e9 Herm\u00e8s La Vie Du Grand Nord - Mon Carr\u00e9 D\u00e9co\",\"isPartOf\":{\"@id\":\"https:\/\/mon-carre-deco.com\/#website\"},\"primaryImageOfPage\":{\"@id\":\"https:\/\/mon-carre-deco.com\/produit\/tableau-carre-hermes-la-vie-du-grand-nord\/#primaryimage\"},\"image\":{\"@id\":\"https:\/\/mon-carre-deco.com\/produit\/tableau-carre-hermes-la-vie-du-grand-nord\/#primaryimage\"},\"thumbnailUrl\":\"https:\/\/mon-carre-deco.com\/wp-content\/uploads\/2021\/12\/Tableau-Carre-Hermes-La-Vie-Du-Grand-Nord-par-Aline-Honore-moulure-bois-pantine-passe-partout-blanc.jpg\",\"datePublished\":\"2021-12-07T23:52:34+00:00\",\"dateModified\":\"2023-12-25T17:21:14+00:00\",\"description\":\"Tableau d'un carr\u00e9 Herm\u00e8s La Vie au Grand Nord, une d\u00e9coration murale en d\u00e9coration int\u00e9rieure de chalet ou pour No\u00ebl. Ours, rennes et esquimaux.\",\"breadcrumb\":{\"@id\":\"https:\/\/mon-carre-deco.com\/produit\/tableau-carre-hermes-la-vie-du-grand-nord\/#breadcrumb\"},\"inLanguage\":\"en-US\",\"potentialAction\":[{\"@type\":\"ReadAction\",\"target\":[\"https:\/\/mon-carre-deco.com\/produit\/tableau-carre-hermes-la-vie-du-grand-nord\/\"]}]},{\"@type\":\"ImageObject\",\"inLanguage\":\"en-US\",\"@id\":\"https:\/\/mon-carre-deco.com\/produit\/tableau-carre-hermes-la-vie-du-grand-nord\/#primaryimage\",\"url\":\"https:\/\/mon-carre-deco.com\/wp-content\/uploads\/2021\/12\/Tableau-Carre-Hermes-La-Vie-Du-Grand-Nord-par-Aline-Honore-moulure-bois-pantine-passe-partout-blanc.jpg\",\"contentUrl\":\"https:\/\/mon-carre-deco.com\/wp-content\/uploads\/2021\/12\/Tableau-Carre-Hermes-La-Vie-Du-Grand-Nord-par-Aline-Honore-moulure-bois-pantine-passe-partout-blanc.jpg\",\"width\":1074,\"height\":1001,\"caption\":\"Tableau Carr\u00e9 Herm\u00e8s La Vie Du Grand Nord par Aline Honor\u00e9 moulure bois pantin\u00e9 passe partout blanc\"},{\"@type\":\"BreadcrumbList\",\"@id\":\"https:\/\/mon-carre-deco.com\/produit\/tableau-carre-hermes-la-vie-du-grand-nord\/#breadcrumb\",\"itemListElement\":[{\"@type\":\"ListItem\",\"position\":1,\"name\":\"Accueil\",\"item\":\"https:\/\/mon-carre-deco.com\/\"},{\"@type\":\"ListItem\",\"position\":2,\"name\":\"Tableaux\",\"item\":\"https:\/\/mon-carre-deco.com\/boutique-tableau-hermes\/\"},{\"@type\":\"ListItem\",\"position\":3,\"name\":\"Tableau &#8211; Carr\u00e9 Herm\u00e8s La Vie Du Grand Nord\"}]},{\"@type\":\"WebSite\",\"@id\":\"https:\/\/mon-carre-deco.com\/#website\",\"url\":\"https:\/\/mon-carre-deco.com\/\",\"name\":\"Mon Carr\u00e9 D\u00e9co\",\"description\":\"Mon Carr\u00e9 D&#039;art at Home, vente de tableau Herm\u00e8s, foulard carr\u00e9 Herm\u00e8s encadr\u00e9\",\"publisher\":{\"@id\":\"https:\/\/mon-carre-deco.com\/#organization\"},\"potentialAction\":[{\"@type\":\"SearchAction\",\"target\":{\"@type\":\"EntryPoint\",\"urlTemplate\":\"https:\/\/mon-carre-deco.com\/?s={search_term_string}\"},\"query-input\":{\"@type\":\"PropertyValueSpecification\",\"valueRequired\":true,\"valueName\":\"search_term_string\"}}],\"inLanguage\":\"en-US\"},{\"@type\":\"Organization\",\"@id\":\"https:\/\/mon-carre-deco.com\/#organization\",\"name\":\"Mon Carr\u00e9 D\u00e9co\",\"url\":\"https:\/\/mon-carre-deco.com\/\",\"logo\":{\"@type\":\"ImageObject\",\"inLanguage\":\"en-US\",\"@id\":\"https:\/\/mon-carre-deco.com\/#\/schema\/logo\/image\/\",\"url\":\"https:\/\/mon-carre-deco.com\/wp-content\/uploads\/2021\/04\/cropped-Logo-mon-carre-deco-2.png\",\"contentUrl\":\"https:\/\/mon-carre-deco.com\/wp-content\/uploads\/2021\/04\/cropped-Logo-mon-carre-deco-2.png\",\"width\":1043,\"height\":1043,\"caption\":\"Mon Carr\u00e9 D\u00e9co\"},\"image\":{\"@id\":\"https:\/\/mon-carre-deco.com\/#\/schema\/logo\/image\/\"}}]}<\/script>\n<!-- \/ Yoast SEO plugin. -->","yoast_head_json":{"title":"Tableau - Carr\u00e9 Herm\u00e8s La Vie Du Grand Nord - Mon Carr\u00e9 D\u00e9co","description":"Tableau d'un carr\u00e9 Herm\u00e8s La Vie au Grand Nord, une d\u00e9coration murale en d\u00e9coration int\u00e9rieure de chalet ou pour No\u00ebl. Ours, rennes et esquimaux.","robots":{"index":"index","follow":"follow","max-snippet":"max-snippet:-1","max-image-preview":"max-image-preview:large","max-video-preview":"max-video-preview:-1"},"canonical":"https:\/\/mon-carre-deco.com\/en\/product\/tableau-carre-hermes-la-vie-du-grand-nord\/","og_locale":"en_US","og_type":"article","og_title":"Tableau - Carr\u00e9 Herm\u00e8s La Vie Du Grand Nord - Mon Carr\u00e9 D\u00e9co","og_description":"Tableau d'un carr\u00e9 Herm\u00e8s La Vie au Grand Nord, une d\u00e9coration murale en d\u00e9coration int\u00e9rieure de chalet ou pour No\u00ebl. Ours, rennes et esquimaux.","og_url":"https:\/\/mon-carre-deco.com\/en\/product\/tableau-carre-hermes-la-vie-du-grand-nord\/","og_site_name":"Mon Carr\u00e9 D\u00e9co","article_modified_time":"2023-12-25T17:21:14+00:00","og_image":[{"width":1074,"height":1001,"url":"http:\/\/mon-carre-deco.com\/wp-content\/uploads\/2021\/12\/Tableau-Carre-Hermes-La-Vie-Du-Grand-Nord-par-Aline-Honore-moulure-bois-pantine-passe-partout-blanc.jpg","type":"image\/jpeg"}],"twitter_card":"summary_large_image","twitter_misc":{"Est. reading time":"1 minute"},"schema":{"@context":"https:\/\/schema.org","@graph":[{"@type":"WebPage","@id":"https:\/\/mon-carre-deco.com\/produit\/tableau-carre-hermes-la-vie-du-grand-nord\/","url":"https:\/\/mon-carre-deco.com\/produit\/tableau-carre-hermes-la-vie-du-grand-nord\/","name":"Tableau - Carr\u00e9 Herm\u00e8s La Vie Du Grand Nord - Mon Carr\u00e9 D\u00e9co","isPartOf":{"@id":"https:\/\/mon-carre-deco.com\/#website"},"primaryImageOfPage":{"@id":"https:\/\/mon-carre-deco.com\/produit\/tableau-carre-hermes-la-vie-du-grand-nord\/#primaryimage"},"image":{"@id":"https:\/\/mon-carre-deco.com\/produit\/tableau-carre-hermes-la-vie-du-grand-nord\/#primaryimage"},"thumbnailUrl":"https:\/\/mon-carre-deco.com\/wp-content\/uploads\/2021\/12\/Tableau-Carre-Hermes-La-Vie-Du-Grand-Nord-par-Aline-Honore-moulure-bois-pantine-passe-partout-blanc.jpg","datePublished":"2021-12-07T23:52:34+00:00","dateModified":"2023-12-25T17:21:14+00:00","description":"Tableau d'un carr\u00e9 Herm\u00e8s La Vie au Grand Nord, une d\u00e9coration murale en d\u00e9coration int\u00e9rieure de chalet ou pour No\u00ebl. Ours, rennes et esquimaux.","breadcrumb":{"@id":"https:\/\/mon-carre-deco.com\/produit\/tableau-carre-hermes-la-vie-du-grand-nord\/#breadcrumb"},"inLanguage":"en-US","potentialAction":[{"@type":"ReadAction","target":["https:\/\/mon-carre-deco.com\/produit\/tableau-carre-hermes-la-vie-du-grand-nord\/"]}]},{"@type":"ImageObject","inLanguage":"en-US","@id":"https:\/\/mon-carre-deco.com\/produit\/tableau-carre-hermes-la-vie-du-grand-nord\/#primaryimage","url":"https:\/\/mon-carre-deco.com\/wp-content\/uploads\/2021\/12\/Tableau-Carre-Hermes-La-Vie-Du-Grand-Nord-par-Aline-Honore-moulure-bois-pantine-passe-partout-blanc.jpg","contentUrl":"https:\/\/mon-carre-deco.com\/wp-content\/uploads\/2021\/12\/Tableau-Carre-Hermes-La-Vie-Du-Grand-Nord-par-Aline-Honore-moulure-bois-pantine-passe-partout-blanc.jpg","width":1074,"height":1001,"caption":"Tableau Carr\u00e9 Herm\u00e8s La Vie Du Grand Nord par Aline Honor\u00e9 moulure bois pantin\u00e9 passe partout blanc"},{"@type":"BreadcrumbList","@id":"https:\/\/mon-carre-deco.com\/produit\/tableau-carre-hermes-la-vie-du-grand-nord\/#breadcrumb","itemListElement":[{"@type":"ListItem","position":1,"name":"Accueil","item":"https:\/\/mon-carre-deco.com\/"},{"@type":"ListItem","position":2,"name":"Tableaux","item":"https:\/\/mon-carre-deco.com\/boutique-tableau-hermes\/"},{"@type":"ListItem","position":3,"name":"Tableau &#8211; Carr\u00e9 Herm\u00e8s La Vie Du Grand Nord"}]},{"@type":"WebSite","@id":"https:\/\/mon-carre-deco.com\/#website","url":"https:\/\/mon-carre-deco.com\/","name":"Mon Carr\u00e9 D\u00e9co","description":"Mon Carr\u00e9 D&#039;art at Home, vente de tableau Herm\u00e8s, foulard carr\u00e9 Herm\u00e8s encadr\u00e9","publisher":{"@id":"https:\/\/mon-carre-deco.com\/#organization"},"potentialAction":[{"@type":"SearchAction","target":{"@type":"EntryPoint","urlTemplate":"https:\/\/mon-carre-deco.com\/?s={search_term_string}"},"query-input":{"@type":"PropertyValueSpecification","valueRequired":true,"valueName":"search_term_string"}}],"inLanguage":"en-US"},{"@type":"Organization","@id":"https:\/\/mon-carre-deco.com\/#organization","name":"Mon Carr\u00e9 D\u00e9co","url":"https:\/\/mon-carre-deco.com\/","logo":{"@type":"ImageObject","inLanguage":"en-US","@id":"https:\/\/mon-carre-deco.com\/#\/schema\/logo\/image\/","url":"https:\/\/mon-carre-deco.com\/wp-content\/uploads\/2021\/04\/cropped-Logo-mon-carre-deco-2.png","contentUrl":"https:\/\/mon-carre-deco.com\/wp-content\/uploads\/2021\/04\/cropped-Logo-mon-carre-deco-2.png","width":1043,"height":1043,"caption":"Mon Carr\u00e9 D\u00e9co"},"image":{"@id":"https:\/\/mon-carre-deco.com\/#\/schema\/logo\/image\/"}}]}},"_links":{"self":[{"href":"https:\/\/mon-carre-deco.com\/en\/wp-json\/wp\/v2\/product\/2564","targetHints":{"allow":["GET"]}}],"collection":[{"href":"https:\/\/mon-carre-deco.com\/en\/wp-json\/wp\/v2\/product"}],"about":[{"href":"https:\/\/mon-carre-deco.com\/en\/wp-json\/wp\/v2\/types\/product"}],"replies":[{"embeddable":true,"href":"https:\/\/mon-carre-deco.com\/en\/wp-json\/wp\/v2\/comments?post=2564"}],"version-history":[{"count":5,"href":"https:\/\/mon-carre-deco.com\/en\/wp-json\/wp\/v2\/product\/2564\/revisions"}],"predecessor-version":[{"id":2582,"href":"https:\/\/mon-carre-deco.com\/en\/wp-json\/wp\/v2\/product\/2564\/revisions\/2582"}],"wp:featuredmedia":[{"embeddable":true,"href":"https:\/\/mon-carre-deco.com\/en\/wp-json\/wp\/v2\/media\/2565"}],"wp:attachment":[{"href":"https:\/\/mon-carre-deco.com\/en\/wp-json\/wp\/v2\/media?parent=2564"}],"wp:term":[{"taxonomy":"product_brand","embeddable":true,"href":"https:\/\/mon-carre-deco.com\/en\/wp-json\/wp\/v2\/product_brand?post=2564"},{"taxonomy":"product_cat","embeddable":true,"href":"https:\/\/mon-carre-deco.com\/en\/wp-json\/wp\/v2\/product_cat?post=2564"},{"taxonomy":"product_tag","embeddable":true,"href":"https:\/\/mon-carre-deco.com\/en\/wp-json\/wp\/v2\/product_tag?post=2564"}],"curies":[{"name":"wp","href":"https:\/\/api.w.org\/{rel}","templated":true}]}}