{"id":2583,"date":"2021-12-11T19:22:56","date_gmt":"2021-12-11T18:22:56","guid":{"rendered":"https:\/\/mon-carre-deco.com\/?post_type=product&#038;p=2583"},"modified":"2025-06-27T14:37:26","modified_gmt":"2025-06-27T12:37:26","slug":"tableau-gavroche-hermes-les-folies-du-ciel","status":"publish","type":"product","link":"https:\/\/mon-carre-deco.com\/en\/product\/tableau-gavroche-hermes-les-folies-du-ciel\/","title":{"rendered":"Tableau &#8211; Gavroche Herm\u00e8s Les Folies du ciel"},"content":{"rendered":"<p>\u00ab\u00a0Les Folies du Ciel\u00a0\u00bb<\/p>\n<p>\u00c9dit\u00e9 en 1984<\/p>\n<p>Designer Lo\u00efc Dubigeon<\/p>\n<p>Lo\u00efc Dubigeon est un illustrateur, peintre et styliste fran\u00e7ais n\u00e9 le 27 avril 1934 \u00e0 Nantes et mort le 27 janvier 2001 \u00e0 Derchigny Graincourt ou Hennebont. N\u00e9 dans une famille d&rsquo;armateurs, Lo\u00efc Dubigeon se pr\u00e9destine \u00e0 devenir architecte. Mais ayant embrass\u00e9 d&rsquo;autres formes d&rsquo;expression artistique, et \u00e0 la faveur du prix de la Biennale de Paris qu&rsquo;il re\u00e7oit en 1963, sa notori\u00e9t\u00e9 se fera autour de ses peintures, des foulards qu&rsquo;il concevra pour la maison Herm\u00e8s, et de ses illustrations. Il a r\u00e9sid\u00e9 dans la commune de Derchigny, au domaine de Wargemont qui fut la r\u00e9sidence de Pierre-Auguste Renoir \u00e0 la fin du XIXe si\u00e8cle.<\/p>\n<p>L\u2019homme a toujours r\u00eav\u00e9 de pouvoir <strong>voler<\/strong>, comme le prouvent les mythes et l\u00e9gendes qui sont n\u00e9s dans toutes les civilisations. Lorsqu\u2019on parle des premiers hommes qui vol\u00e8rent, un nom nous vient souvent \u00e0 l\u2019esprit\u00a0: celui des fr\u00e8res Wright. Mais ils ne furent pas les premiers \u00e0 voler, et l\u2019avion ne fut pas non plus le premier appareil qui permit d\u2019acc\u00e9der aux cieux et \u00e0 l\u2019\u00eatre humain de se d\u00e9placer, mais le <strong>ballon a\u00e9rostat<\/strong>, \u00e9galement connu sous le nom de <a href=\"https:\/\/www.montgolfiere.fr\/infos\/histoire-de-montgolfiere\/\"><strong>montgolfi\u00e8re<\/strong><\/a><\/p>\n<p><em>You'll also like<\/em><\/p>\n<blockquote>\n<figure id=\"attachment_2749\" aria-describedby=\"caption-attachment-2749\" style=\"width: 364px\" class=\"wp-caption alignnone\"><a href=\"https:\/\/lumiart.fr\/products\/cloudy-suspensions-nuageuses-en-coton-de-soie-et-coton-1?variant=39337375989933&amp;currency=EUR&amp;utm_medium=product_sync&amp;utm_source=google&amp;utm_content=sag_organic&amp;utm_campaign=sag_organic&amp;gclid=Cj0KCQiA8ICOBhDmARIsAEGI6o3sJsedUbX_DzxSH9Oo60VveN5ufW0ZP80ciyCIcN9O4MQHuuQkuMcaAlk7EALw_wcB\"><img fetchpriority=\"high\" decoding=\"async\" class=\"wp-image-2749\" src=\"http:\/\/mon-carre-deco.com\/wp-content\/uploads\/2021\/12\/Suspension-Cloudy-LumiArt.jpg\" alt=\"Suspension Cloudy - LumiArt\" width=\"364\" height=\"308\" srcset=\"https:\/\/mon-carre-deco.com\/wp-content\/uploads\/2021\/12\/Suspension-Cloudy-LumiArt.jpg 659w, https:\/\/mon-carre-deco.com\/wp-content\/uploads\/2021\/12\/Suspension-Cloudy-LumiArt-300x254.jpg 300w, https:\/\/mon-carre-deco.com\/wp-content\/uploads\/2021\/12\/Suspension-Cloudy-LumiArt-600x508.jpg 600w\" sizes=\"(max-width: 364px) 100vw, 364px\" \/><\/a><figcaption id=\"caption-attachment-2749\" class=\"wp-caption-text\">Suspension Cloudy &#8211; LumiArt<\/figcaption><\/figure><\/blockquote>","protected":false},"excerpt":{"rendered":"<p style=\"color: red;\">Sold<\/p>\n<p><small><br \/>\nCe petit tableau d&rsquo;un gavroche Herm\u00e8s \u00e0 d\u00e9cor de montgolfi\u00e8res et d&rsquo;a\u00e9ronefs, va participer \u00e0 l&rsquo;\u00e9veil en douceur de b\u00e9b\u00e9 et stimuler son imaginaire. Cette d\u00e9coration murale fera partie de son univers et bercera ses nuits. Son regard s\u2019attachera \u00e0 ce tableau et restera dans sa m\u00e9moire pour devenir un magnifique souvenir d\u2019enfance tout en couleur.<\/p>\n<ul>\n<li style=\"list-style-type: none;\">\n<ul>\n<li>Silk<\/li>\n<li>Couleurs dominantes : Rose, multicolore sur fond blanc<\/li>\n<li>Moulure en bois blanche lasur\u00e9e<\/li>\n<li>White matting<\/li>\n<li>Verre acrylique de protection<\/li>\n<li>Rear mounting hook<\/li>\n<\/ul>\n<\/li>\n<\/ul>\n<p>Designer : Lo\u00efc Dubigeon<\/p>\n<p>&nbsp;<\/p>","protected":false},"featured_media":2587,"comment_status":"open","ping_status":"closed","template":"","meta":{"site-sidebar-layout":"default","site-content-layout":"default","ast-site-content-layout":"default","site-content-style":"default","site-sidebar-style":"default","ast-global-header-display":"","ast-banner-title-visibility":"","ast-main-header-display":"","ast-hfb-above-header-display":"","ast-hfb-below-header-display":"","ast-hfb-mobile-header-display":"","site-post-title":"","ast-breadcrumbs-content":"","ast-featured-img":"","footer-sml-layout":"","theme-transparent-header-meta":"default","adv-header-id-meta":"","stick-header-meta":"","header-above-stick-meta":"","header-main-stick-meta":"","header-below-stick-meta":"","astra-migrate-meta-layouts":"set"},"product_brand":[],"product_cat":[26,38],"product_tag":[],"class_list":{"0":"post-2583","1":"product","2":"type-product","3":"status-publish","4":"has-post-thumbnail","6":"product_cat-carre-45x45-gavroche","7":"product_cat-cadeau-naissance","8":"desktop-align-left","9":"tablet-align-left","10":"mobile-align-left","12":"first","13":"instock","14":"sold-individually","15":"shipping-taxable","16":"product-type-simple"},"yoast_head":"<!-- This site is optimized with the Yoast SEO plugin v25.4 - https:\/\/yoast.com\/wordpress\/plugins\/seo\/ -->\n<title>Tableau - Gavroche Herm\u00e8s Les Folies du ciel - Mon Carr\u00e9 D\u00e9co<\/title>\n<meta name=\"description\" content=\"Cadeau de naissance, premier cadeau de No\u00ebl de b\u00e9b\u00e9. Une d\u00e9coration murale pour chambre toute en douceur avec ce tableau d&#039;un gavroche Herm\u00e8s Les Folies du ciel\" \/>\n<meta name=\"robots\" content=\"index, follow, max-snippet:-1, max-image-preview:large, max-video-preview:-1\" \/>\n<link rel=\"canonical\" href=\"https:\/\/mon-carre-deco.com\/en\/product\/tableau-gavroche-hermes-les-folies-du-ciel\/\" \/>\n<meta property=\"og:locale\" content=\"en_US\" \/>\n<meta property=\"og:type\" content=\"article\" \/>\n<meta property=\"og:title\" content=\"Tableau - Gavroche Herm\u00e8s Les Folies du ciel - Mon Carr\u00e9 D\u00e9co\" \/>\n<meta property=\"og:description\" content=\"Cadeau de naissance, premier cadeau de No\u00ebl de b\u00e9b\u00e9. Une d\u00e9coration murale pour chambre toute en douceur avec ce tableau d&#039;un gavroche Herm\u00e8s Les Folies du ciel\" \/>\n<meta property=\"og:url\" content=\"https:\/\/mon-carre-deco.com\/en\/product\/tableau-gavroche-hermes-les-folies-du-ciel\/\" \/>\n<meta property=\"og:site_name\" content=\"Mon Carr\u00e9 D\u00e9co\" \/>\n<meta property=\"article:modified_time\" content=\"2025-06-27T12:37:26+00:00\" \/>\n<meta property=\"og:image\" content=\"http:\/\/mon-carre-deco.com\/wp-content\/uploads\/2021\/12\/Tableau-dun-gavroche-Hermes-Les-Folies-du-ciel-Loic-Dubigeon-moulure-blanche-lasuree.jpg\" \/>\n\t<meta property=\"og:image:width\" content=\"1074\" \/>\n\t<meta property=\"og:image:height\" content=\"1001\" \/>\n\t<meta property=\"og:image:type\" content=\"image\/jpeg\" \/>\n<meta name=\"twitter:card\" content=\"summary_large_image\" \/>\n<meta name=\"twitter:label1\" content=\"Est. reading time\" \/>\n\t<meta name=\"twitter:data1\" content=\"2 minutes\" \/>\n<script type=\"application\/ld+json\" class=\"yoast-schema-graph\">{\"@context\":\"https:\/\/schema.org\",\"@graph\":[{\"@type\":\"WebPage\",\"@id\":\"https:\/\/mon-carre-deco.com\/produit\/tableau-gavroche-hermes-les-folies-du-ciel\/\",\"url\":\"https:\/\/mon-carre-deco.com\/produit\/tableau-gavroche-hermes-les-folies-du-ciel\/\",\"name\":\"Tableau - Gavroche Herm\u00e8s Les Folies du ciel - Mon Carr\u00e9 D\u00e9co\",\"isPartOf\":{\"@id\":\"https:\/\/mon-carre-deco.com\/#website\"},\"primaryImageOfPage\":{\"@id\":\"https:\/\/mon-carre-deco.com\/produit\/tableau-gavroche-hermes-les-folies-du-ciel\/#primaryimage\"},\"image\":{\"@id\":\"https:\/\/mon-carre-deco.com\/produit\/tableau-gavroche-hermes-les-folies-du-ciel\/#primaryimage\"},\"thumbnailUrl\":\"https:\/\/mon-carre-deco.com\/wp-content\/uploads\/2021\/12\/Tableau-dun-gavroche-Hermes-Les-Folies-du-ciel-Loic-Dubigeon-moulure-blanche-lasuree.jpg\",\"datePublished\":\"2021-12-11T18:22:56+00:00\",\"dateModified\":\"2025-06-27T12:37:26+00:00\",\"description\":\"Cadeau de naissance, premier cadeau de No\u00ebl de b\u00e9b\u00e9. Une d\u00e9coration murale pour chambre toute en douceur avec ce tableau d'un gavroche Herm\u00e8s Les Folies du ciel\",\"breadcrumb\":{\"@id\":\"https:\/\/mon-carre-deco.com\/produit\/tableau-gavroche-hermes-les-folies-du-ciel\/#breadcrumb\"},\"inLanguage\":\"en-US\",\"potentialAction\":[{\"@type\":\"ReadAction\",\"target\":[\"https:\/\/mon-carre-deco.com\/produit\/tableau-gavroche-hermes-les-folies-du-ciel\/\"]}]},{\"@type\":\"ImageObject\",\"inLanguage\":\"en-US\",\"@id\":\"https:\/\/mon-carre-deco.com\/produit\/tableau-gavroche-hermes-les-folies-du-ciel\/#primaryimage\",\"url\":\"https:\/\/mon-carre-deco.com\/wp-content\/uploads\/2021\/12\/Tableau-dun-gavroche-Hermes-Les-Folies-du-ciel-Loic-Dubigeon-moulure-blanche-lasuree.jpg\",\"contentUrl\":\"https:\/\/mon-carre-deco.com\/wp-content\/uploads\/2021\/12\/Tableau-dun-gavroche-Hermes-Les-Folies-du-ciel-Loic-Dubigeon-moulure-blanche-lasuree.jpg\",\"width\":1074,\"height\":1001,\"caption\":\"Tableau d'un gavroche Herm\u00e8s Les Folies du ciel Lo\u00efc Dubigeon moulure blanche lasur\u00e9e\"},{\"@type\":\"BreadcrumbList\",\"@id\":\"https:\/\/mon-carre-deco.com\/produit\/tableau-gavroche-hermes-les-folies-du-ciel\/#breadcrumb\",\"itemListElement\":[{\"@type\":\"ListItem\",\"position\":1,\"name\":\"Accueil\",\"item\":\"https:\/\/mon-carre-deco.com\/\"},{\"@type\":\"ListItem\",\"position\":2,\"name\":\"Tableaux\",\"item\":\"https:\/\/mon-carre-deco.com\/boutique-tableau-hermes\/\"},{\"@type\":\"ListItem\",\"position\":3,\"name\":\"Tableau &#8211; Gavroche Herm\u00e8s Les Folies du ciel\"}]},{\"@type\":\"WebSite\",\"@id\":\"https:\/\/mon-carre-deco.com\/#website\",\"url\":\"https:\/\/mon-carre-deco.com\/\",\"name\":\"Mon Carr\u00e9 D\u00e9co\",\"description\":\"Mon Carr\u00e9 D&#039;art at Home, vente de tableau Herm\u00e8s, foulard carr\u00e9 Herm\u00e8s encadr\u00e9\",\"publisher\":{\"@id\":\"https:\/\/mon-carre-deco.com\/#organization\"},\"potentialAction\":[{\"@type\":\"SearchAction\",\"target\":{\"@type\":\"EntryPoint\",\"urlTemplate\":\"https:\/\/mon-carre-deco.com\/?s={search_term_string}\"},\"query-input\":{\"@type\":\"PropertyValueSpecification\",\"valueRequired\":true,\"valueName\":\"search_term_string\"}}],\"inLanguage\":\"en-US\"},{\"@type\":\"Organization\",\"@id\":\"https:\/\/mon-carre-deco.com\/#organization\",\"name\":\"Mon Carr\u00e9 D\u00e9co\",\"url\":\"https:\/\/mon-carre-deco.com\/\",\"logo\":{\"@type\":\"ImageObject\",\"inLanguage\":\"en-US\",\"@id\":\"https:\/\/mon-carre-deco.com\/#\/schema\/logo\/image\/\",\"url\":\"https:\/\/mon-carre-deco.com\/wp-content\/uploads\/2021\/04\/cropped-Logo-mon-carre-deco-2.png\",\"contentUrl\":\"https:\/\/mon-carre-deco.com\/wp-content\/uploads\/2021\/04\/cropped-Logo-mon-carre-deco-2.png\",\"width\":1043,\"height\":1043,\"caption\":\"Mon Carr\u00e9 D\u00e9co\"},\"image\":{\"@id\":\"https:\/\/mon-carre-deco.com\/#\/schema\/logo\/image\/\"}}]}<\/script>\n<!-- \/ Yoast SEO plugin. -->","yoast_head_json":{"title":"Tableau - Gavroche Herm\u00e8s Les Folies du ciel - Mon Carr\u00e9 D\u00e9co","description":"Cadeau de naissance, premier cadeau de No\u00ebl de b\u00e9b\u00e9. Une d\u00e9coration murale pour chambre toute en douceur avec ce tableau d'un gavroche Herm\u00e8s Les Folies du ciel","robots":{"index":"index","follow":"follow","max-snippet":"max-snippet:-1","max-image-preview":"max-image-preview:large","max-video-preview":"max-video-preview:-1"},"canonical":"https:\/\/mon-carre-deco.com\/en\/product\/tableau-gavroche-hermes-les-folies-du-ciel\/","og_locale":"en_US","og_type":"article","og_title":"Tableau - Gavroche Herm\u00e8s Les Folies du ciel - Mon Carr\u00e9 D\u00e9co","og_description":"Cadeau de naissance, premier cadeau de No\u00ebl de b\u00e9b\u00e9. Une d\u00e9coration murale pour chambre toute en douceur avec ce tableau d'un gavroche Herm\u00e8s Les Folies du ciel","og_url":"https:\/\/mon-carre-deco.com\/en\/product\/tableau-gavroche-hermes-les-folies-du-ciel\/","og_site_name":"Mon Carr\u00e9 D\u00e9co","article_modified_time":"2025-06-27T12:37:26+00:00","og_image":[{"width":1074,"height":1001,"url":"http:\/\/mon-carre-deco.com\/wp-content\/uploads\/2021\/12\/Tableau-dun-gavroche-Hermes-Les-Folies-du-ciel-Loic-Dubigeon-moulure-blanche-lasuree.jpg","type":"image\/jpeg"}],"twitter_card":"summary_large_image","twitter_misc":{"Est. reading time":"2 minutes"},"schema":{"@context":"https:\/\/schema.org","@graph":[{"@type":"WebPage","@id":"https:\/\/mon-carre-deco.com\/produit\/tableau-gavroche-hermes-les-folies-du-ciel\/","url":"https:\/\/mon-carre-deco.com\/produit\/tableau-gavroche-hermes-les-folies-du-ciel\/","name":"Tableau - Gavroche Herm\u00e8s Les Folies du ciel - Mon Carr\u00e9 D\u00e9co","isPartOf":{"@id":"https:\/\/mon-carre-deco.com\/#website"},"primaryImageOfPage":{"@id":"https:\/\/mon-carre-deco.com\/produit\/tableau-gavroche-hermes-les-folies-du-ciel\/#primaryimage"},"image":{"@id":"https:\/\/mon-carre-deco.com\/produit\/tableau-gavroche-hermes-les-folies-du-ciel\/#primaryimage"},"thumbnailUrl":"https:\/\/mon-carre-deco.com\/wp-content\/uploads\/2021\/12\/Tableau-dun-gavroche-Hermes-Les-Folies-du-ciel-Loic-Dubigeon-moulure-blanche-lasuree.jpg","datePublished":"2021-12-11T18:22:56+00:00","dateModified":"2025-06-27T12:37:26+00:00","description":"Cadeau de naissance, premier cadeau de No\u00ebl de b\u00e9b\u00e9. Une d\u00e9coration murale pour chambre toute en douceur avec ce tableau d'un gavroche Herm\u00e8s Les Folies du ciel","breadcrumb":{"@id":"https:\/\/mon-carre-deco.com\/produit\/tableau-gavroche-hermes-les-folies-du-ciel\/#breadcrumb"},"inLanguage":"en-US","potentialAction":[{"@type":"ReadAction","target":["https:\/\/mon-carre-deco.com\/produit\/tableau-gavroche-hermes-les-folies-du-ciel\/"]}]},{"@type":"ImageObject","inLanguage":"en-US","@id":"https:\/\/mon-carre-deco.com\/produit\/tableau-gavroche-hermes-les-folies-du-ciel\/#primaryimage","url":"https:\/\/mon-carre-deco.com\/wp-content\/uploads\/2021\/12\/Tableau-dun-gavroche-Hermes-Les-Folies-du-ciel-Loic-Dubigeon-moulure-blanche-lasuree.jpg","contentUrl":"https:\/\/mon-carre-deco.com\/wp-content\/uploads\/2021\/12\/Tableau-dun-gavroche-Hermes-Les-Folies-du-ciel-Loic-Dubigeon-moulure-blanche-lasuree.jpg","width":1074,"height":1001,"caption":"Tableau d'un gavroche Herm\u00e8s Les Folies du ciel Lo\u00efc Dubigeon moulure blanche lasur\u00e9e"},{"@type":"BreadcrumbList","@id":"https:\/\/mon-carre-deco.com\/produit\/tableau-gavroche-hermes-les-folies-du-ciel\/#breadcrumb","itemListElement":[{"@type":"ListItem","position":1,"name":"Accueil","item":"https:\/\/mon-carre-deco.com\/"},{"@type":"ListItem","position":2,"name":"Tableaux","item":"https:\/\/mon-carre-deco.com\/boutique-tableau-hermes\/"},{"@type":"ListItem","position":3,"name":"Tableau &#8211; Gavroche Herm\u00e8s Les Folies du ciel"}]},{"@type":"WebSite","@id":"https:\/\/mon-carre-deco.com\/#website","url":"https:\/\/mon-carre-deco.com\/","name":"Mon Carr\u00e9 D\u00e9co","description":"Mon Carr\u00e9 D&#039;art at Home, vente de tableau Herm\u00e8s, foulard carr\u00e9 Herm\u00e8s encadr\u00e9","publisher":{"@id":"https:\/\/mon-carre-deco.com\/#organization"},"potentialAction":[{"@type":"SearchAction","target":{"@type":"EntryPoint","urlTemplate":"https:\/\/mon-carre-deco.com\/?s={search_term_string}"},"query-input":{"@type":"PropertyValueSpecification","valueRequired":true,"valueName":"search_term_string"}}],"inLanguage":"en-US"},{"@type":"Organization","@id":"https:\/\/mon-carre-deco.com\/#organization","name":"Mon Carr\u00e9 D\u00e9co","url":"https:\/\/mon-carre-deco.com\/","logo":{"@type":"ImageObject","inLanguage":"en-US","@id":"https:\/\/mon-carre-deco.com\/#\/schema\/logo\/image\/","url":"https:\/\/mon-carre-deco.com\/wp-content\/uploads\/2021\/04\/cropped-Logo-mon-carre-deco-2.png","contentUrl":"https:\/\/mon-carre-deco.com\/wp-content\/uploads\/2021\/04\/cropped-Logo-mon-carre-deco-2.png","width":1043,"height":1043,"caption":"Mon Carr\u00e9 D\u00e9co"},"image":{"@id":"https:\/\/mon-carre-deco.com\/#\/schema\/logo\/image\/"}}]}},"_links":{"self":[{"href":"https:\/\/mon-carre-deco.com\/en\/wp-json\/wp\/v2\/product\/2583","targetHints":{"allow":["GET"]}}],"collection":[{"href":"https:\/\/mon-carre-deco.com\/en\/wp-json\/wp\/v2\/product"}],"about":[{"href":"https:\/\/mon-carre-deco.com\/en\/wp-json\/wp\/v2\/types\/product"}],"replies":[{"embeddable":true,"href":"https:\/\/mon-carre-deco.com\/en\/wp-json\/wp\/v2\/comments?post=2583"}],"version-history":[{"count":8,"href":"https:\/\/mon-carre-deco.com\/en\/wp-json\/wp\/v2\/product\/2583\/revisions"}],"predecessor-version":[{"id":4295,"href":"https:\/\/mon-carre-deco.com\/en\/wp-json\/wp\/v2\/product\/2583\/revisions\/4295"}],"wp:featuredmedia":[{"embeddable":true,"href":"https:\/\/mon-carre-deco.com\/en\/wp-json\/wp\/v2\/media\/2587"}],"wp:attachment":[{"href":"https:\/\/mon-carre-deco.com\/en\/wp-json\/wp\/v2\/media?parent=2583"}],"wp:term":[{"taxonomy":"product_brand","embeddable":true,"href":"https:\/\/mon-carre-deco.com\/en\/wp-json\/wp\/v2\/product_brand?post=2583"},{"taxonomy":"product_cat","embeddable":true,"href":"https:\/\/mon-carre-deco.com\/en\/wp-json\/wp\/v2\/product_cat?post=2583"},{"taxonomy":"product_tag","embeddable":true,"href":"https:\/\/mon-carre-deco.com\/en\/wp-json\/wp\/v2\/product_tag?post=2583"}],"curies":[{"name":"wp","href":"https:\/\/api.w.org\/{rel}","templated":true}]}}