{"id":2591,"date":"2021-12-12T19:18:27","date_gmt":"2021-12-12T18:18:27","guid":{"rendered":"https:\/\/mon-carre-deco.com\/?post_type=product&#038;p=2591"},"modified":"2023-12-25T18:23:29","modified_gmt":"2023-12-25T17:23:29","slug":"tableau-carre-hermes-automobile","status":"publish","type":"product","link":"https:\/\/mon-carre-deco.com\/en\/product\/tableau-carre-hermes-automobile\/","title":{"rendered":"Tableau &#8211; Carr\u00e9 Herm\u00e8s Automobile"},"content":{"rendered":"<p>\u00ab\u00a0Automobile\u00a0\u00bb<\/p>\n<p>\u00c9dit\u00e9 en 1996<\/p>\n<p>Designer Joachim Metz<\/p>\n<p>Au centre du tableau, la voiture rouge est comme un symbole synth\u00e9tique, sportif et passionnel.<\/p>\n<p>Symbole de passion et d&rsquo;affirmation, couleur chaude par excellence, le rouge est souvent pl\u00e9biscit\u00e9 par les conductrices. Les hommes aiment cette couleur pour leurs voitures de sport, afin d&rsquo;appuyer la motivation derri\u00e8re leur choix : \u00eatre vu, s&rsquo;affirmer, exprimer la puissance et la rapidit\u00e9.<\/p>\n<p><em>You'll also like<\/em><\/p>\n<blockquote>\n<figure id=\"attachment_2636\" aria-describedby=\"caption-attachment-2636\" style=\"width: 285px\" class=\"wp-caption alignnone\"><a href=\"https:\/\/www.tacot.com\/listings\/bugatti-type-51-dubos-1931-dark-red-metal-cult-96159-0\"><img fetchpriority=\"high\" decoding=\"async\" class=\"wp-image-2636\" src=\"http:\/\/mon-carre-deco.com\/wp-content\/uploads\/2021\/12\/Bugatti-Type-51-Dubos-1931.jpg\" alt=\"\" width=\"285\" height=\"214\" srcset=\"https:\/\/mon-carre-deco.com\/wp-content\/uploads\/2021\/12\/Bugatti-Type-51-Dubos-1931.jpg 800w, https:\/\/mon-carre-deco.com\/wp-content\/uploads\/2021\/12\/Bugatti-Type-51-Dubos-1931-300x225.jpg 300w, https:\/\/mon-carre-deco.com\/wp-content\/uploads\/2021\/12\/Bugatti-Type-51-Dubos-1931-768x576.jpg 768w, https:\/\/mon-carre-deco.com\/wp-content\/uploads\/2021\/12\/Bugatti-Type-51-Dubos-1931-600x450.jpg 600w\" sizes=\"(max-width: 285px) 100vw, 285px\" \/><\/a><figcaption id=\"caption-attachment-2636\" class=\"wp-caption-text\">Bugatti-Type-51-Dubos-1931<\/figcaption><\/figure><\/blockquote>\n<p>&nbsp;<\/p>","protected":false},"excerpt":{"rendered":"<p>Le tableau Automobile s\u00e9duira les amateurs de voitures de collection. Une d\u00e9coration murale au charme r\u00e9tro, avec sa moulure qui rappelle les tableaux de bord des voitures anciennes. A offrir \u00e0 un passionn\u00e9, pour agr\u00e9menter le mur du salon ou son bureau.<\/p>\n<ul>\n<li style=\"list-style-type: none;\">\n<ul>\n<li>Couleurs dominantes : Rouge, bleu, marron, ocre, or<\/li>\n<li>Moulure en loupe d&rsquo;orme brillante<\/li>\n<li>White matting<\/li>\n<li>Verre premium antireflet, anti UV <span dir=\"ltr\" role=\"presentation\">\u2265<\/span>70%<\/li>\n<li>Rear mounting hook<\/li>\n<\/ul>\n<\/li>\n<\/ul>\n<p>Designer : Joachim Metz<\/p>","protected":false},"featured_media":2594,"comment_status":"open","ping_status":"closed","template":"","meta":{"site-sidebar-layout":"default","site-content-layout":"default","ast-site-content-layout":"default","site-content-style":"default","site-sidebar-style":"default","ast-global-header-display":"","ast-banner-title-visibility":"","ast-main-header-display":"","ast-hfb-above-header-display":"","ast-hfb-below-header-display":"","ast-hfb-mobile-header-display":"","site-post-title":"","ast-breadcrumbs-content":"","ast-featured-img":"","footer-sml-layout":"","theme-transparent-header-meta":"default","adv-header-id-meta":"","stick-header-meta":"","header-above-stick-meta":"","header-main-stick-meta":"","header-below-stick-meta":"","astra-migrate-meta-layouts":"set"},"product_brand":[],"product_cat":[24],"product_tag":[],"class_list":{"0":"post-2591","1":"product","2":"type-product","3":"status-publish","4":"has-post-thumbnail","6":"product_cat-carre-90x90","7":"desktop-align-left","8":"tablet-align-left","9":"mobile-align-left","11":"first","12":"instock","13":"sold-individually","14":"shipping-taxable","15":"product-type-simple"},"yoast_head":"<!-- This site is optimized with the Yoast SEO plugin v25.4 - https:\/\/yoast.com\/wordpress\/plugins\/seo\/ -->\n<title>Tableau - Carr\u00e9 Herm\u00e8s Automobile - Mon Carr\u00e9 D\u00e9co<\/title>\n<meta name=\"description\" content=\"Automobile un tableau d&#039;un carr\u00e9 Herm\u00e8s de Joachim Metz, une d\u00e9coration murale pour les amateurs de voitures anciennes de collections. D\u00e9coration r\u00e9tro Vintage\" \/>\n<meta name=\"robots\" content=\"index, follow, max-snippet:-1, max-image-preview:large, max-video-preview:-1\" \/>\n<link rel=\"canonical\" href=\"https:\/\/mon-carre-deco.com\/en\/product\/tableau-carre-hermes-automobile\/\" \/>\n<meta property=\"og:locale\" content=\"en_US\" \/>\n<meta property=\"og:type\" content=\"article\" \/>\n<meta property=\"og:title\" content=\"Tableau - Carr\u00e9 Herm\u00e8s Automobile - Mon Carr\u00e9 D\u00e9co\" \/>\n<meta property=\"og:description\" content=\"Automobile un tableau d&#039;un carr\u00e9 Herm\u00e8s de Joachim Metz, une d\u00e9coration murale pour les amateurs de voitures anciennes de collections. D\u00e9coration r\u00e9tro Vintage\" \/>\n<meta property=\"og:url\" content=\"https:\/\/mon-carre-deco.com\/en\/product\/tableau-carre-hermes-automobile\/\" \/>\n<meta property=\"og:site_name\" content=\"Mon Carr\u00e9 D\u00e9co\" \/>\n<meta property=\"article:modified_time\" content=\"2023-12-25T17:23:29+00:00\" \/>\n<meta property=\"og:image\" content=\"http:\/\/mon-carre-deco.com\/wp-content\/uploads\/2021\/12\/Tableau-dun-carre-Hermes-Automobile-de-Joachim-Metz.jpg\" \/>\n\t<meta property=\"og:image:width\" content=\"1074\" \/>\n\t<meta property=\"og:image:height\" content=\"1001\" \/>\n\t<meta property=\"og:image:type\" content=\"image\/jpeg\" \/>\n<meta name=\"twitter:card\" content=\"summary_large_image\" \/>\n<meta name=\"twitter:label1\" content=\"Est. reading time\" \/>\n\t<meta name=\"twitter:data1\" content=\"1 minute\" \/>\n<script type=\"application\/ld+json\" class=\"yoast-schema-graph\">{\"@context\":\"https:\/\/schema.org\",\"@graph\":[{\"@type\":\"WebPage\",\"@id\":\"https:\/\/mon-carre-deco.com\/produit\/tableau-carre-hermes-automobile\/\",\"url\":\"https:\/\/mon-carre-deco.com\/produit\/tableau-carre-hermes-automobile\/\",\"name\":\"Tableau - Carr\u00e9 Herm\u00e8s Automobile - Mon Carr\u00e9 D\u00e9co\",\"isPartOf\":{\"@id\":\"https:\/\/mon-carre-deco.com\/#website\"},\"primaryImageOfPage\":{\"@id\":\"https:\/\/mon-carre-deco.com\/produit\/tableau-carre-hermes-automobile\/#primaryimage\"},\"image\":{\"@id\":\"https:\/\/mon-carre-deco.com\/produit\/tableau-carre-hermes-automobile\/#primaryimage\"},\"thumbnailUrl\":\"https:\/\/mon-carre-deco.com\/wp-content\/uploads\/2021\/12\/Tableau-dun-carre-Hermes-Automobile-de-Joachim-Metz.jpg\",\"datePublished\":\"2021-12-12T18:18:27+00:00\",\"dateModified\":\"2023-12-25T17:23:29+00:00\",\"description\":\"Automobile un tableau d'un carr\u00e9 Herm\u00e8s de Joachim Metz, une d\u00e9coration murale pour les amateurs de voitures anciennes de collections. D\u00e9coration r\u00e9tro Vintage\",\"breadcrumb\":{\"@id\":\"https:\/\/mon-carre-deco.com\/produit\/tableau-carre-hermes-automobile\/#breadcrumb\"},\"inLanguage\":\"en-US\",\"potentialAction\":[{\"@type\":\"ReadAction\",\"target\":[\"https:\/\/mon-carre-deco.com\/produit\/tableau-carre-hermes-automobile\/\"]}]},{\"@type\":\"ImageObject\",\"inLanguage\":\"en-US\",\"@id\":\"https:\/\/mon-carre-deco.com\/produit\/tableau-carre-hermes-automobile\/#primaryimage\",\"url\":\"https:\/\/mon-carre-deco.com\/wp-content\/uploads\/2021\/12\/Tableau-dun-carre-Hermes-Automobile-de-Joachim-Metz.jpg\",\"contentUrl\":\"https:\/\/mon-carre-deco.com\/wp-content\/uploads\/2021\/12\/Tableau-dun-carre-Hermes-Automobile-de-Joachim-Metz.jpg\",\"width\":1074,\"height\":1001,\"caption\":\"Tableau d'un carr\u00e9 Herm\u00e8s Automobile de Joachim Metz moulure loupe d'orme brillante\"},{\"@type\":\"BreadcrumbList\",\"@id\":\"https:\/\/mon-carre-deco.com\/produit\/tableau-carre-hermes-automobile\/#breadcrumb\",\"itemListElement\":[{\"@type\":\"ListItem\",\"position\":1,\"name\":\"Accueil\",\"item\":\"https:\/\/mon-carre-deco.com\/\"},{\"@type\":\"ListItem\",\"position\":2,\"name\":\"Tableaux\",\"item\":\"https:\/\/mon-carre-deco.com\/boutique-tableau-hermes\/\"},{\"@type\":\"ListItem\",\"position\":3,\"name\":\"Tableau &#8211; Carr\u00e9 Herm\u00e8s Automobile\"}]},{\"@type\":\"WebSite\",\"@id\":\"https:\/\/mon-carre-deco.com\/#website\",\"url\":\"https:\/\/mon-carre-deco.com\/\",\"name\":\"Mon Carr\u00e9 D\u00e9co\",\"description\":\"Mon Carr\u00e9 D&#039;art at Home, vente de tableau Herm\u00e8s, foulard carr\u00e9 Herm\u00e8s encadr\u00e9\",\"publisher\":{\"@id\":\"https:\/\/mon-carre-deco.com\/#organization\"},\"potentialAction\":[{\"@type\":\"SearchAction\",\"target\":{\"@type\":\"EntryPoint\",\"urlTemplate\":\"https:\/\/mon-carre-deco.com\/?s={search_term_string}\"},\"query-input\":{\"@type\":\"PropertyValueSpecification\",\"valueRequired\":true,\"valueName\":\"search_term_string\"}}],\"inLanguage\":\"en-US\"},{\"@type\":\"Organization\",\"@id\":\"https:\/\/mon-carre-deco.com\/#organization\",\"name\":\"Mon Carr\u00e9 D\u00e9co\",\"url\":\"https:\/\/mon-carre-deco.com\/\",\"logo\":{\"@type\":\"ImageObject\",\"inLanguage\":\"en-US\",\"@id\":\"https:\/\/mon-carre-deco.com\/#\/schema\/logo\/image\/\",\"url\":\"https:\/\/mon-carre-deco.com\/wp-content\/uploads\/2021\/04\/cropped-Logo-mon-carre-deco-2.png\",\"contentUrl\":\"https:\/\/mon-carre-deco.com\/wp-content\/uploads\/2021\/04\/cropped-Logo-mon-carre-deco-2.png\",\"width\":1043,\"height\":1043,\"caption\":\"Mon Carr\u00e9 D\u00e9co\"},\"image\":{\"@id\":\"https:\/\/mon-carre-deco.com\/#\/schema\/logo\/image\/\"}}]}<\/script>\n<!-- \/ Yoast SEO plugin. -->","yoast_head_json":{"title":"Tableau - Carr\u00e9 Herm\u00e8s Automobile - Mon Carr\u00e9 D\u00e9co","description":"Automobile un tableau d'un carr\u00e9 Herm\u00e8s de Joachim Metz, une d\u00e9coration murale pour les amateurs de voitures anciennes de collections. D\u00e9coration r\u00e9tro Vintage","robots":{"index":"index","follow":"follow","max-snippet":"max-snippet:-1","max-image-preview":"max-image-preview:large","max-video-preview":"max-video-preview:-1"},"canonical":"https:\/\/mon-carre-deco.com\/en\/product\/tableau-carre-hermes-automobile\/","og_locale":"en_US","og_type":"article","og_title":"Tableau - Carr\u00e9 Herm\u00e8s Automobile - Mon Carr\u00e9 D\u00e9co","og_description":"Automobile un tableau d'un carr\u00e9 Herm\u00e8s de Joachim Metz, une d\u00e9coration murale pour les amateurs de voitures anciennes de collections. D\u00e9coration r\u00e9tro Vintage","og_url":"https:\/\/mon-carre-deco.com\/en\/product\/tableau-carre-hermes-automobile\/","og_site_name":"Mon Carr\u00e9 D\u00e9co","article_modified_time":"2023-12-25T17:23:29+00:00","og_image":[{"width":1074,"height":1001,"url":"http:\/\/mon-carre-deco.com\/wp-content\/uploads\/2021\/12\/Tableau-dun-carre-Hermes-Automobile-de-Joachim-Metz.jpg","type":"image\/jpeg"}],"twitter_card":"summary_large_image","twitter_misc":{"Est. reading time":"1 minute"},"schema":{"@context":"https:\/\/schema.org","@graph":[{"@type":"WebPage","@id":"https:\/\/mon-carre-deco.com\/produit\/tableau-carre-hermes-automobile\/","url":"https:\/\/mon-carre-deco.com\/produit\/tableau-carre-hermes-automobile\/","name":"Tableau - Carr\u00e9 Herm\u00e8s Automobile - Mon Carr\u00e9 D\u00e9co","isPartOf":{"@id":"https:\/\/mon-carre-deco.com\/#website"},"primaryImageOfPage":{"@id":"https:\/\/mon-carre-deco.com\/produit\/tableau-carre-hermes-automobile\/#primaryimage"},"image":{"@id":"https:\/\/mon-carre-deco.com\/produit\/tableau-carre-hermes-automobile\/#primaryimage"},"thumbnailUrl":"https:\/\/mon-carre-deco.com\/wp-content\/uploads\/2021\/12\/Tableau-dun-carre-Hermes-Automobile-de-Joachim-Metz.jpg","datePublished":"2021-12-12T18:18:27+00:00","dateModified":"2023-12-25T17:23:29+00:00","description":"Automobile un tableau d'un carr\u00e9 Herm\u00e8s de Joachim Metz, une d\u00e9coration murale pour les amateurs de voitures anciennes de collections. D\u00e9coration r\u00e9tro Vintage","breadcrumb":{"@id":"https:\/\/mon-carre-deco.com\/produit\/tableau-carre-hermes-automobile\/#breadcrumb"},"inLanguage":"en-US","potentialAction":[{"@type":"ReadAction","target":["https:\/\/mon-carre-deco.com\/produit\/tableau-carre-hermes-automobile\/"]}]},{"@type":"ImageObject","inLanguage":"en-US","@id":"https:\/\/mon-carre-deco.com\/produit\/tableau-carre-hermes-automobile\/#primaryimage","url":"https:\/\/mon-carre-deco.com\/wp-content\/uploads\/2021\/12\/Tableau-dun-carre-Hermes-Automobile-de-Joachim-Metz.jpg","contentUrl":"https:\/\/mon-carre-deco.com\/wp-content\/uploads\/2021\/12\/Tableau-dun-carre-Hermes-Automobile-de-Joachim-Metz.jpg","width":1074,"height":1001,"caption":"Tableau d'un carr\u00e9 Herm\u00e8s Automobile de Joachim Metz moulure loupe d'orme brillante"},{"@type":"BreadcrumbList","@id":"https:\/\/mon-carre-deco.com\/produit\/tableau-carre-hermes-automobile\/#breadcrumb","itemListElement":[{"@type":"ListItem","position":1,"name":"Accueil","item":"https:\/\/mon-carre-deco.com\/"},{"@type":"ListItem","position":2,"name":"Tableaux","item":"https:\/\/mon-carre-deco.com\/boutique-tableau-hermes\/"},{"@type":"ListItem","position":3,"name":"Tableau &#8211; Carr\u00e9 Herm\u00e8s Automobile"}]},{"@type":"WebSite","@id":"https:\/\/mon-carre-deco.com\/#website","url":"https:\/\/mon-carre-deco.com\/","name":"Mon Carr\u00e9 D\u00e9co","description":"Mon Carr\u00e9 D&#039;art at Home, vente de tableau Herm\u00e8s, foulard carr\u00e9 Herm\u00e8s encadr\u00e9","publisher":{"@id":"https:\/\/mon-carre-deco.com\/#organization"},"potentialAction":[{"@type":"SearchAction","target":{"@type":"EntryPoint","urlTemplate":"https:\/\/mon-carre-deco.com\/?s={search_term_string}"},"query-input":{"@type":"PropertyValueSpecification","valueRequired":true,"valueName":"search_term_string"}}],"inLanguage":"en-US"},{"@type":"Organization","@id":"https:\/\/mon-carre-deco.com\/#organization","name":"Mon Carr\u00e9 D\u00e9co","url":"https:\/\/mon-carre-deco.com\/","logo":{"@type":"ImageObject","inLanguage":"en-US","@id":"https:\/\/mon-carre-deco.com\/#\/schema\/logo\/image\/","url":"https:\/\/mon-carre-deco.com\/wp-content\/uploads\/2021\/04\/cropped-Logo-mon-carre-deco-2.png","contentUrl":"https:\/\/mon-carre-deco.com\/wp-content\/uploads\/2021\/04\/cropped-Logo-mon-carre-deco-2.png","width":1043,"height":1043,"caption":"Mon Carr\u00e9 D\u00e9co"},"image":{"@id":"https:\/\/mon-carre-deco.com\/#\/schema\/logo\/image\/"}}]}},"_links":{"self":[{"href":"https:\/\/mon-carre-deco.com\/en\/wp-json\/wp\/v2\/product\/2591","targetHints":{"allow":["GET"]}}],"collection":[{"href":"https:\/\/mon-carre-deco.com\/en\/wp-json\/wp\/v2\/product"}],"about":[{"href":"https:\/\/mon-carre-deco.com\/en\/wp-json\/wp\/v2\/types\/product"}],"replies":[{"embeddable":true,"href":"https:\/\/mon-carre-deco.com\/en\/wp-json\/wp\/v2\/comments?post=2591"}],"version-history":[{"count":8,"href":"https:\/\/mon-carre-deco.com\/en\/wp-json\/wp\/v2\/product\/2591\/revisions"}],"predecessor-version":[{"id":2649,"href":"https:\/\/mon-carre-deco.com\/en\/wp-json\/wp\/v2\/product\/2591\/revisions\/2649"}],"wp:featuredmedia":[{"embeddable":true,"href":"https:\/\/mon-carre-deco.com\/en\/wp-json\/wp\/v2\/media\/2594"}],"wp:attachment":[{"href":"https:\/\/mon-carre-deco.com\/en\/wp-json\/wp\/v2\/media?parent=2591"}],"wp:term":[{"taxonomy":"product_brand","embeddable":true,"href":"https:\/\/mon-carre-deco.com\/en\/wp-json\/wp\/v2\/product_brand?post=2591"},{"taxonomy":"product_cat","embeddable":true,"href":"https:\/\/mon-carre-deco.com\/en\/wp-json\/wp\/v2\/product_cat?post=2591"},{"taxonomy":"product_tag","embeddable":true,"href":"https:\/\/mon-carre-deco.com\/en\/wp-json\/wp\/v2\/product_tag?post=2591"}],"curies":[{"name":"wp","href":"https:\/\/api.w.org\/{rel}","templated":true}]}}