{"id":2646,"date":"2021-12-14T01:09:11","date_gmt":"2021-12-14T00:09:11","guid":{"rendered":"https:\/\/mon-carre-deco.com\/?post_type=product&#038;p=2646"},"modified":"2023-12-25T17:43:35","modified_gmt":"2023-12-25T16:43:35","slug":"tableau-carre-hermes-la-magie","status":"publish","type":"product","link":"https:\/\/mon-carre-deco.com\/en\/product\/tableau-carre-hermes-la-magie\/","title":{"rendered":"Tableau &#8211; Carr\u00e9 Herm\u00e8s La Magie (rare)"},"content":{"rendered":"<p>\u00ab\u00a0La Magie\u00a0\u00bb<\/p>\n<p>\u00c9dit\u00e9 en 1999<\/p>\n<p>Designer <a href=\"https:\/\/www.instagram.com\/claudiastuhlhofermayr\/\">Claudia Stuhlhofer-Mayr<\/a><\/p>\n<p>Le seul v\u00e9ritable grand miracle est celui de la naissance et du souffle. Les prestidigitateurs, bien s\u00fbr, ajoutent leurs astuces \u00e9tonnantes \u00e0 une magie aussi banale. Ainsi les lapins sont produits \u00e0 partir de chapeaux, les dames sont transperc\u00e9es de poignards et le magicien lui-m\u00eame dispara\u00eet, pour r\u00e9appara\u00eetre sous la forme d&rsquo;un tigre avant de s&rsquo;\u00e9chapper d&rsquo;une cage encha\u00een\u00e9e. ..parfois m\u00eame jaillit une \u00e9charpe de soie : on ne peut gu\u00e8re en demander plus !<\/p>\n<p><em>You'll also like<\/em><\/p>\n<blockquote>\n<figure id=\"attachment_2677\" aria-describedby=\"caption-attachment-2677\" style=\"width: 309px\" class=\"wp-caption alignnone\"><a href=\"https:\/\/www.karmanitalia.it\/collezioni\/wow\/\"><img fetchpriority=\"high\" decoding=\"async\" class=\"wp-image-2677\" src=\"http:\/\/mon-carre-deco.com\/wp-content\/uploads\/2021\/12\/Suspension-Wow-Lapin-Blanc-Karman.jpg\" alt=\"Suspension Wow Lapin blanc - Matteo Ugolini pour Karman\" width=\"309\" height=\"309\" srcset=\"https:\/\/mon-carre-deco.com\/wp-content\/uploads\/2021\/12\/Suspension-Wow-Lapin-Blanc-Karman.jpg 600w, https:\/\/mon-carre-deco.com\/wp-content\/uploads\/2021\/12\/Suspension-Wow-Lapin-Blanc-Karman-300x300.jpg 300w, https:\/\/mon-carre-deco.com\/wp-content\/uploads\/2021\/12\/Suspension-Wow-Lapin-Blanc-Karman-150x150.jpg 150w, https:\/\/mon-carre-deco.com\/wp-content\/uploads\/2021\/12\/Suspension-Wow-Lapin-Blanc-Karman-100x100.jpg 100w\" sizes=\"(max-width: 309px) 100vw, 309px\" \/><\/a><figcaption id=\"caption-attachment-2677\" class=\"wp-caption-text\">Suspension Wow Lapin blanc &#8211; Matteo Ugolini pour Karman<\/figcaption><\/figure><\/blockquote>","protected":false},"excerpt":{"rendered":"<p>Un tableau qui va participer \u00e0 la stimulation de l\u2019imaginaire de l\u2019enfant. V\u00e9ritable univers Fantasy, il va magnifier son enfance : refuge des merveilles du commencement. Une d\u00e9coration murale pour la chambre de b\u00e9b\u00e9 sur le th\u00e8me de la magie et du cirque qui rel\u00e8ve du fantastique, de la fantaisie et du conte de f\u00e9e. Lumineuse, riche en d\u00e9tails, une invitation au Pays des merveilles &#8230;<\/p>\n<ul>\n<li style=\"list-style-type: none;\">\n<ul>\n<li>Couleurs dominantes : Jaune, vert, rouge, orange, or<\/li>\n<li>Moulure en bois jaune<\/li>\n<li>White matting<\/li>\n<li>Verre acrylique<\/li>\n<li>Rear mounting hook<\/li>\n<\/ul>\n<\/li>\n<\/ul>\n<p>Designer : <a href=\"https:\/\/www.instagram.com\/claudiastuhlhofermayr\/\">Claudia Stuhlhofer-Mayr<\/a><\/p>\n<p>&nbsp;<\/p>\n<p>&nbsp;<\/p>\n<p>&nbsp;<\/p>","protected":false},"featured_media":2657,"comment_status":"open","ping_status":"closed","template":"","meta":{"site-sidebar-layout":"default","site-content-layout":"default","ast-site-content-layout":"default","site-content-style":"default","site-sidebar-style":"default","ast-global-header-display":"","ast-banner-title-visibility":"","ast-main-header-display":"","ast-hfb-above-header-display":"","ast-hfb-below-header-display":"","ast-hfb-mobile-header-display":"","site-post-title":"","ast-breadcrumbs-content":"","ast-featured-img":"","footer-sml-layout":"","theme-transparent-header-meta":"default","adv-header-id-meta":"","stick-header-meta":"","header-above-stick-meta":"","header-main-stick-meta":"","header-below-stick-meta":"","astra-migrate-meta-layouts":"set"},"product_brand":[],"product_cat":[38,15],"product_tag":[],"class_list":{"0":"post-2646","1":"product","2":"type-product","3":"status-publish","4":"has-post-thumbnail","6":"product_cat-cadeau-naissance","7":"product_cat-carres-exceptionnels","8":"desktop-align-left","9":"tablet-align-left","10":"mobile-align-left","12":"first","13":"instock","14":"sold-individually","15":"shipping-taxable","16":"product-type-simple"},"yoast_head":"<!-- This site is optimized with the Yoast SEO plugin v25.4 - https:\/\/yoast.com\/wordpress\/plugins\/seo\/ -->\n<title>Tableau - Carr\u00e9 Herm\u00e8s La Magie (rare) - Mon Carr\u00e9 D\u00e9co<\/title>\n<meta name=\"robots\" content=\"index, follow, max-snippet:-1, max-image-preview:large, max-video-preview:-1\" \/>\n<link rel=\"canonical\" href=\"https:\/\/mon-carre-deco.com\/en\/product\/tableau-carre-hermes-la-magie\/\" \/>\n<meta property=\"og:locale\" content=\"en_US\" \/>\n<meta property=\"og:type\" content=\"article\" \/>\n<meta property=\"og:title\" content=\"Tableau - Carr\u00e9 Herm\u00e8s La Magie (rare) - Mon Carr\u00e9 D\u00e9co\" \/>\n<meta property=\"og:description\" content=\"Un tableau qui va participer \u00e0 la stimulation de l\u2019imaginaire de l\u2019enfant. V\u00e9ritable univers Fantasy, il va magnifier son enfance : refuge des merveilles du commencement. Une d\u00e9coration murale pour la chambre de b\u00e9b\u00e9 sur le th\u00e8me de la magie et du cirque qui rel\u00e8ve du fantastique, de la fantaisie et du conte de f\u00e9e. Lumineuse, riche en d\u00e9tails, une invitation au Pays des merveilles ...      Couleurs dominantes : Jaune, vert, rouge, orange, or  Moulure en bois jaune  Passe-partout blanc  Verre acrylique  Accroche de fixation \u00e0 l&#039;arri\u00e8re    Designer : Claudia Stuhlhofer-Mayr  &nbsp;  &nbsp;  &nbsp;\" \/>\n<meta property=\"og:url\" content=\"https:\/\/mon-carre-deco.com\/en\/product\/tableau-carre-hermes-la-magie\/\" \/>\n<meta property=\"og:site_name\" content=\"Mon Carr\u00e9 D\u00e9co\" \/>\n<meta property=\"article:modified_time\" content=\"2023-12-25T16:43:35+00:00\" \/>\n<meta property=\"og:image\" content=\"http:\/\/mon-carre-deco.com\/wp-content\/uploads\/2021\/12\/Tableau-carre-Hermes-La-Magie-dessine-Claudia-MAYR-moulure-bois-jaune-passe-partout-blanc.jpg\" \/>\n\t<meta property=\"og:image:width\" content=\"803\" \/>\n\t<meta property=\"og:image:height\" content=\"749\" \/>\n\t<meta property=\"og:image:type\" content=\"image\/jpeg\" \/>\n<meta name=\"twitter:card\" content=\"summary_large_image\" \/>\n<meta name=\"twitter:label1\" content=\"Est. reading time\" \/>\n\t<meta name=\"twitter:data1\" content=\"1 minute\" \/>\n<script type=\"application\/ld+json\" class=\"yoast-schema-graph\">{\"@context\":\"https:\/\/schema.org\",\"@graph\":[{\"@type\":\"WebPage\",\"@id\":\"https:\/\/mon-carre-deco.com\/produit\/tableau-carre-hermes-la-magie\/\",\"url\":\"https:\/\/mon-carre-deco.com\/produit\/tableau-carre-hermes-la-magie\/\",\"name\":\"Tableau - Carr\u00e9 Herm\u00e8s La Magie (rare) - Mon Carr\u00e9 D\u00e9co\",\"isPartOf\":{\"@id\":\"https:\/\/mon-carre-deco.com\/#website\"},\"primaryImageOfPage\":{\"@id\":\"https:\/\/mon-carre-deco.com\/produit\/tableau-carre-hermes-la-magie\/#primaryimage\"},\"image\":{\"@id\":\"https:\/\/mon-carre-deco.com\/produit\/tableau-carre-hermes-la-magie\/#primaryimage\"},\"thumbnailUrl\":\"https:\/\/mon-carre-deco.com\/wp-content\/uploads\/2021\/12\/Tableau-carre-Hermes-La-Magie-dessine-Claudia-MAYR-moulure-bois-jaune-passe-partout-blanc.jpg\",\"datePublished\":\"2021-12-14T00:09:11+00:00\",\"dateModified\":\"2023-12-25T16:43:35+00:00\",\"breadcrumb\":{\"@id\":\"https:\/\/mon-carre-deco.com\/produit\/tableau-carre-hermes-la-magie\/#breadcrumb\"},\"inLanguage\":\"en-US\",\"potentialAction\":[{\"@type\":\"ReadAction\",\"target\":[\"https:\/\/mon-carre-deco.com\/produit\/tableau-carre-hermes-la-magie\/\"]}]},{\"@type\":\"ImageObject\",\"inLanguage\":\"en-US\",\"@id\":\"https:\/\/mon-carre-deco.com\/produit\/tableau-carre-hermes-la-magie\/#primaryimage\",\"url\":\"https:\/\/mon-carre-deco.com\/wp-content\/uploads\/2021\/12\/Tableau-carre-Hermes-La-Magie-dessine-Claudia-MAYR-moulure-bois-jaune-passe-partout-blanc.jpg\",\"contentUrl\":\"https:\/\/mon-carre-deco.com\/wp-content\/uploads\/2021\/12\/Tableau-carre-Hermes-La-Magie-dessine-Claudia-MAYR-moulure-bois-jaune-passe-partout-blanc.jpg\",\"width\":803,\"height\":749,\"caption\":\"Tableau-carre-Hermes-La-Magie-dessine-Claudia-MAYR-moulure-bois-jaune-passe-partout-blanc\"},{\"@type\":\"BreadcrumbList\",\"@id\":\"https:\/\/mon-carre-deco.com\/produit\/tableau-carre-hermes-la-magie\/#breadcrumb\",\"itemListElement\":[{\"@type\":\"ListItem\",\"position\":1,\"name\":\"Accueil\",\"item\":\"https:\/\/mon-carre-deco.com\/\"},{\"@type\":\"ListItem\",\"position\":2,\"name\":\"Tableaux\",\"item\":\"https:\/\/mon-carre-deco.com\/boutique-tableau-hermes\/\"},{\"@type\":\"ListItem\",\"position\":3,\"name\":\"Tableau &#8211; Carr\u00e9 Herm\u00e8s La Magie (rare)\"}]},{\"@type\":\"WebSite\",\"@id\":\"https:\/\/mon-carre-deco.com\/#website\",\"url\":\"https:\/\/mon-carre-deco.com\/\",\"name\":\"Mon Carr\u00e9 D\u00e9co\",\"description\":\"Mon Carr\u00e9 D&#039;art at Home, vente de tableau Herm\u00e8s, foulard carr\u00e9 Herm\u00e8s encadr\u00e9\",\"publisher\":{\"@id\":\"https:\/\/mon-carre-deco.com\/#organization\"},\"potentialAction\":[{\"@type\":\"SearchAction\",\"target\":{\"@type\":\"EntryPoint\",\"urlTemplate\":\"https:\/\/mon-carre-deco.com\/?s={search_term_string}\"},\"query-input\":{\"@type\":\"PropertyValueSpecification\",\"valueRequired\":true,\"valueName\":\"search_term_string\"}}],\"inLanguage\":\"en-US\"},{\"@type\":\"Organization\",\"@id\":\"https:\/\/mon-carre-deco.com\/#organization\",\"name\":\"Mon Carr\u00e9 D\u00e9co\",\"url\":\"https:\/\/mon-carre-deco.com\/\",\"logo\":{\"@type\":\"ImageObject\",\"inLanguage\":\"en-US\",\"@id\":\"https:\/\/mon-carre-deco.com\/#\/schema\/logo\/image\/\",\"url\":\"https:\/\/mon-carre-deco.com\/wp-content\/uploads\/2021\/04\/cropped-Logo-mon-carre-deco-2.png\",\"contentUrl\":\"https:\/\/mon-carre-deco.com\/wp-content\/uploads\/2021\/04\/cropped-Logo-mon-carre-deco-2.png\",\"width\":1043,\"height\":1043,\"caption\":\"Mon Carr\u00e9 D\u00e9co\"},\"image\":{\"@id\":\"https:\/\/mon-carre-deco.com\/#\/schema\/logo\/image\/\"}}]}<\/script>\n<!-- \/ Yoast SEO plugin. -->","yoast_head_json":{"title":"Tableau - Carr\u00e9 Herm\u00e8s La Magie (rare) - Mon Carr\u00e9 D\u00e9co","robots":{"index":"index","follow":"follow","max-snippet":"max-snippet:-1","max-image-preview":"max-image-preview:large","max-video-preview":"max-video-preview:-1"},"canonical":"https:\/\/mon-carre-deco.com\/en\/product\/tableau-carre-hermes-la-magie\/","og_locale":"en_US","og_type":"article","og_title":"Tableau - Carr\u00e9 Herm\u00e8s La Magie (rare) - Mon Carr\u00e9 D\u00e9co","og_description":"Un tableau qui va participer \u00e0 la stimulation de l\u2019imaginaire de l\u2019enfant. V\u00e9ritable univers Fantasy, il va magnifier son enfance : refuge des merveilles du commencement. Une d\u00e9coration murale pour la chambre de b\u00e9b\u00e9 sur le th\u00e8me de la magie et du cirque qui rel\u00e8ve du fantastique, de la fantaisie et du conte de f\u00e9e. Lumineuse, riche en d\u00e9tails, une invitation au Pays des merveilles ...      Couleurs dominantes : Jaune, vert, rouge, orange, or  Moulure en bois jaune  Passe-partout blanc  Verre acrylique  Accroche de fixation \u00e0 l'arri\u00e8re    Designer : Claudia Stuhlhofer-Mayr  &nbsp;  &nbsp;  &nbsp;","og_url":"https:\/\/mon-carre-deco.com\/en\/product\/tableau-carre-hermes-la-magie\/","og_site_name":"Mon Carr\u00e9 D\u00e9co","article_modified_time":"2023-12-25T16:43:35+00:00","og_image":[{"width":803,"height":749,"url":"http:\/\/mon-carre-deco.com\/wp-content\/uploads\/2021\/12\/Tableau-carre-Hermes-La-Magie-dessine-Claudia-MAYR-moulure-bois-jaune-passe-partout-blanc.jpg","type":"image\/jpeg"}],"twitter_card":"summary_large_image","twitter_misc":{"Est. reading time":"1 minute"},"schema":{"@context":"https:\/\/schema.org","@graph":[{"@type":"WebPage","@id":"https:\/\/mon-carre-deco.com\/produit\/tableau-carre-hermes-la-magie\/","url":"https:\/\/mon-carre-deco.com\/produit\/tableau-carre-hermes-la-magie\/","name":"Tableau - Carr\u00e9 Herm\u00e8s La Magie (rare) - Mon Carr\u00e9 D\u00e9co","isPartOf":{"@id":"https:\/\/mon-carre-deco.com\/#website"},"primaryImageOfPage":{"@id":"https:\/\/mon-carre-deco.com\/produit\/tableau-carre-hermes-la-magie\/#primaryimage"},"image":{"@id":"https:\/\/mon-carre-deco.com\/produit\/tableau-carre-hermes-la-magie\/#primaryimage"},"thumbnailUrl":"https:\/\/mon-carre-deco.com\/wp-content\/uploads\/2021\/12\/Tableau-carre-Hermes-La-Magie-dessine-Claudia-MAYR-moulure-bois-jaune-passe-partout-blanc.jpg","datePublished":"2021-12-14T00:09:11+00:00","dateModified":"2023-12-25T16:43:35+00:00","breadcrumb":{"@id":"https:\/\/mon-carre-deco.com\/produit\/tableau-carre-hermes-la-magie\/#breadcrumb"},"inLanguage":"en-US","potentialAction":[{"@type":"ReadAction","target":["https:\/\/mon-carre-deco.com\/produit\/tableau-carre-hermes-la-magie\/"]}]},{"@type":"ImageObject","inLanguage":"en-US","@id":"https:\/\/mon-carre-deco.com\/produit\/tableau-carre-hermes-la-magie\/#primaryimage","url":"https:\/\/mon-carre-deco.com\/wp-content\/uploads\/2021\/12\/Tableau-carre-Hermes-La-Magie-dessine-Claudia-MAYR-moulure-bois-jaune-passe-partout-blanc.jpg","contentUrl":"https:\/\/mon-carre-deco.com\/wp-content\/uploads\/2021\/12\/Tableau-carre-Hermes-La-Magie-dessine-Claudia-MAYR-moulure-bois-jaune-passe-partout-blanc.jpg","width":803,"height":749,"caption":"Tableau-carre-Hermes-La-Magie-dessine-Claudia-MAYR-moulure-bois-jaune-passe-partout-blanc"},{"@type":"BreadcrumbList","@id":"https:\/\/mon-carre-deco.com\/produit\/tableau-carre-hermes-la-magie\/#breadcrumb","itemListElement":[{"@type":"ListItem","position":1,"name":"Accueil","item":"https:\/\/mon-carre-deco.com\/"},{"@type":"ListItem","position":2,"name":"Tableaux","item":"https:\/\/mon-carre-deco.com\/boutique-tableau-hermes\/"},{"@type":"ListItem","position":3,"name":"Tableau &#8211; Carr\u00e9 Herm\u00e8s La Magie (rare)"}]},{"@type":"WebSite","@id":"https:\/\/mon-carre-deco.com\/#website","url":"https:\/\/mon-carre-deco.com\/","name":"Mon Carr\u00e9 D\u00e9co","description":"Mon Carr\u00e9 D&#039;art at Home, vente de tableau Herm\u00e8s, foulard carr\u00e9 Herm\u00e8s encadr\u00e9","publisher":{"@id":"https:\/\/mon-carre-deco.com\/#organization"},"potentialAction":[{"@type":"SearchAction","target":{"@type":"EntryPoint","urlTemplate":"https:\/\/mon-carre-deco.com\/?s={search_term_string}"},"query-input":{"@type":"PropertyValueSpecification","valueRequired":true,"valueName":"search_term_string"}}],"inLanguage":"en-US"},{"@type":"Organization","@id":"https:\/\/mon-carre-deco.com\/#organization","name":"Mon Carr\u00e9 D\u00e9co","url":"https:\/\/mon-carre-deco.com\/","logo":{"@type":"ImageObject","inLanguage":"en-US","@id":"https:\/\/mon-carre-deco.com\/#\/schema\/logo\/image\/","url":"https:\/\/mon-carre-deco.com\/wp-content\/uploads\/2021\/04\/cropped-Logo-mon-carre-deco-2.png","contentUrl":"https:\/\/mon-carre-deco.com\/wp-content\/uploads\/2021\/04\/cropped-Logo-mon-carre-deco-2.png","width":1043,"height":1043,"caption":"Mon Carr\u00e9 D\u00e9co"},"image":{"@id":"https:\/\/mon-carre-deco.com\/#\/schema\/logo\/image\/"}}]}},"_links":{"self":[{"href":"https:\/\/mon-carre-deco.com\/en\/wp-json\/wp\/v2\/product\/2646","targetHints":{"allow":["GET"]}}],"collection":[{"href":"https:\/\/mon-carre-deco.com\/en\/wp-json\/wp\/v2\/product"}],"about":[{"href":"https:\/\/mon-carre-deco.com\/en\/wp-json\/wp\/v2\/types\/product"}],"replies":[{"embeddable":true,"href":"https:\/\/mon-carre-deco.com\/en\/wp-json\/wp\/v2\/comments?post=2646"}],"version-history":[{"count":10,"href":"https:\/\/mon-carre-deco.com\/en\/wp-json\/wp\/v2\/product\/2646\/revisions"}],"predecessor-version":[{"id":2786,"href":"https:\/\/mon-carre-deco.com\/en\/wp-json\/wp\/v2\/product\/2646\/revisions\/2786"}],"wp:featuredmedia":[{"embeddable":true,"href":"https:\/\/mon-carre-deco.com\/en\/wp-json\/wp\/v2\/media\/2657"}],"wp:attachment":[{"href":"https:\/\/mon-carre-deco.com\/en\/wp-json\/wp\/v2\/media?parent=2646"}],"wp:term":[{"taxonomy":"product_brand","embeddable":true,"href":"https:\/\/mon-carre-deco.com\/en\/wp-json\/wp\/v2\/product_brand?post=2646"},{"taxonomy":"product_cat","embeddable":true,"href":"https:\/\/mon-carre-deco.com\/en\/wp-json\/wp\/v2\/product_cat?post=2646"},{"taxonomy":"product_tag","embeddable":true,"href":"https:\/\/mon-carre-deco.com\/en\/wp-json\/wp\/v2\/product_tag?post=2646"}],"curies":[{"name":"wp","href":"https:\/\/api.w.org\/{rel}","templated":true}]}}