{"id":3264,"date":"2022-02-09T20:06:09","date_gmt":"2022-02-09T19:06:09","guid":{"rendered":"https:\/\/mon-carre-deco.com\/?post_type=product&#038;p=3264"},"modified":"2025-07-05T23:56:38","modified_gmt":"2025-07-05T21:56:38","slug":"tableau-carre-hermes-please-check-in","status":"publish","type":"product","link":"https:\/\/mon-carre-deco.com\/en\/product\/tableau-carre-hermes-please-check-in\/","title":{"rendered":"Tableau &#8211; Carr\u00e9 Herm\u00e8s Please Check In"},"content":{"rendered":"<p>\u00ab\u00a0Please Check-In\u00a0\u00bb<\/p>\n<p>\u00c9dit\u00e9 en 2009<\/p>\n<p>Designer <a href=\"https:\/\/dimitrir.cargo.site\/\">Dimitri Rybaltchenko<\/a><\/p>\n<p>Dimitri Rybaltchenko est issu d&rsquo;une famille de grands artistes, qui ont tous jou\u00e9 un r\u00f4le majeur dans le succ\u00e8s de la Maison Herm\u00e8s, en particulier Herm\u00e8s Carr\u00e9. Dimitri est le fils de Vladimir Rybaltchenko, qui \u00e9tait le petit-neveu de Philippe Ledoux.<\/p>\n<p>S\u2019il n\u2019est pas convenable de regarder dans le sac d\u2019une femme, <strong>le carr\u00e9 Please Check-In<\/strong> n\u2019a que faire des usages et scanne avec humour le Kelly d\u2019une voyageuse dont il r\u00e9v\u00e8le tous les secrets. Souvenirs, porte-clefs, grigris, passeport et rouge \u00e0 l\u00e8vres\u2026 les rayons X d\u00e9voilent un peu de la personnalit\u00e9 de sa propri\u00e9taire, mais aussi toute la structure du sac, ses attaches, son cadenas et sa clochette, les clous de fond, et m\u00eame la trame du petit twilly accroch\u00e9 \u00e0 sa poign\u00e9e.<\/p>\n<p><em>You'll also like<\/em><\/p>\n<blockquote>\n<figure id=\"attachment_3265\" aria-describedby=\"caption-attachment-3265\" style=\"width: 163px\" class=\"wp-caption alignnone\"><a href=\"https:\/\/www.kartell.com\/AT\/fr\/product\/09100?variantName=x_colorVariant&amp;variantValue=M6\"><img decoding=\"async\" class=\"wp-image-3265\" src=\"http:\/\/mon-carre-deco.com\/wp-content\/uploads\/2022\/02\/Lampe-Cindy-Kartell.jpg\" alt=\"Lampe Cindy Kartell\" width=\"163\" height=\"227\" srcset=\"https:\/\/mon-carre-deco.com\/wp-content\/uploads\/2022\/02\/Lampe-Cindy-Kartell.jpg 360w, https:\/\/mon-carre-deco.com\/wp-content\/uploads\/2022\/02\/Lampe-Cindy-Kartell-215x300.jpg 215w\" sizes=\"(max-width: 163px) 100vw, 163px\" \/><\/a><figcaption id=\"caption-attachment-3265\" class=\"wp-caption-text\">Lampe Cindy Kartell<\/figcaption><\/figure><\/blockquote>","protected":false},"excerpt":{"rendered":"<p>Please Check-In est une d\u00e9coration murale styl\u00e9e, \u00e9l\u00e9gante et ultra f\u00e9minine, \u00e0 l&rsquo;image du sac Kelly ! Ce tableau d&rsquo;un carr\u00e9 Herm\u00e8s 70X70, rose fuchsia et blanc, apporte une touche contemporaine et moderne \u00e0 n\u2019importe quel int\u00e9rieur et r\u00e9veille toutes les d\u00e9corations. Une touche de peps \u00e0 votre d\u00e9co !<\/p>\n<ul>\n<li style=\"list-style-type: none;\">\n<ul>\n<li>Silk<\/li>\n<li>Couleurs dominantes : rose, blanc<\/li>\n<li>Moulure en bois blanche<\/li>\n<li>Verre acrylique de protection<\/li>\n<li>Rear mounting hook<\/li>\n<\/ul>\n<\/li>\n<\/ul>\n<p>Designer : <a href=\"https:\/\/dimitrir.cargo.site\/about\">Dimitri Rybaltchenko<\/a><\/p>","protected":false},"featured_media":3547,"comment_status":"open","ping_status":"closed","template":"","meta":{"site-sidebar-layout":"default","site-content-layout":"default","ast-site-content-layout":"default","site-content-style":"default","site-sidebar-style":"default","ast-global-header-display":"","ast-banner-title-visibility":"","ast-main-header-display":"","ast-hfb-above-header-display":"","ast-hfb-below-header-display":"","ast-hfb-mobile-header-display":"","site-post-title":"","ast-breadcrumbs-content":"","ast-featured-img":"","footer-sml-layout":"","theme-transparent-header-meta":"default","adv-header-id-meta":"","stick-header-meta":"","header-above-stick-meta":"","header-main-stick-meta":"","header-below-stick-meta":"","astra-migrate-meta-layouts":"set"},"product_brand":[],"product_cat":[27],"product_tag":[],"class_list":{"0":"post-3264","1":"product","2":"type-product","3":"status-publish","4":"has-post-thumbnail","6":"product_cat-carre-70x70","7":"desktop-align-left","8":"tablet-align-left","9":"mobile-align-left","11":"first","12":"instock","13":"sold-individually","14":"shipping-taxable","15":"product-type-simple"},"yoast_head":"<!-- This site is optimized with the Yoast SEO plugin v25.4 - https:\/\/yoast.com\/wordpress\/plugins\/seo\/ -->\n<title>Tableau - Carr\u00e9 Herm\u00e8s Please Check In - Mon Carr\u00e9 D\u00e9co<\/title>\n<meta name=\"description\" content=\"Please Check-In un tableau d&#039;un carr\u00e9 Herm\u00e8s, une d\u00e9coration murale styl\u00e9e, \u00e9l\u00e9gante et ultra f\u00e9minin, \u00e0 l&#039;image du sac Kelly. Du peps \u00e0 votre int\u00e9rieur !\" \/>\n<meta name=\"robots\" content=\"index, follow, max-snippet:-1, max-image-preview:large, max-video-preview:-1\" \/>\n<link rel=\"canonical\" href=\"https:\/\/mon-carre-deco.com\/en\/product\/tableau-carre-hermes-please-check-in\/\" \/>\n<meta property=\"og:locale\" content=\"en_US\" \/>\n<meta property=\"og:type\" content=\"article\" \/>\n<meta property=\"og:title\" content=\"Tableau - Carr\u00e9 Herm\u00e8s Please Check In - Mon Carr\u00e9 D\u00e9co\" \/>\n<meta property=\"og:description\" content=\"Please Check-In un tableau d&#039;un carr\u00e9 Herm\u00e8s, une d\u00e9coration murale styl\u00e9e, \u00e9l\u00e9gante et ultra f\u00e9minin, \u00e0 l&#039;image du sac Kelly. Du peps \u00e0 votre int\u00e9rieur !\" \/>\n<meta property=\"og:url\" content=\"https:\/\/mon-carre-deco.com\/en\/product\/tableau-carre-hermes-please-check-in\/\" \/>\n<meta property=\"og:site_name\" content=\"Mon Carr\u00e9 D\u00e9co\" \/>\n<meta property=\"article:modified_time\" content=\"2025-07-05T21:56:38+00:00\" \/>\n<meta property=\"og:image\" content=\"http:\/\/mon-carre-deco.com\/wp-content\/uploads\/2022\/02\/Tableau-dun-carre-Hermes-Please-In-Rybaltchenko-moulure-blanche.jpg\" \/>\n\t<meta property=\"og:image:width\" content=\"691\" \/>\n\t<meta property=\"og:image:height\" content=\"644\" \/>\n\t<meta property=\"og:image:type\" content=\"image\/jpeg\" \/>\n<meta name=\"twitter:card\" content=\"summary_large_image\" \/>\n<meta name=\"twitter:label1\" content=\"Est. reading time\" \/>\n\t<meta name=\"twitter:data1\" content=\"1 minute\" \/>\n<script type=\"application\/ld+json\" class=\"yoast-schema-graph\">{\"@context\":\"https:\/\/schema.org\",\"@graph\":[{\"@type\":\"WebPage\",\"@id\":\"https:\/\/mon-carre-deco.com\/produit\/tableau-carre-hermes-please-check-in\/\",\"url\":\"https:\/\/mon-carre-deco.com\/produit\/tableau-carre-hermes-please-check-in\/\",\"name\":\"Tableau - Carr\u00e9 Herm\u00e8s Please Check In - Mon Carr\u00e9 D\u00e9co\",\"isPartOf\":{\"@id\":\"https:\/\/mon-carre-deco.com\/#website\"},\"primaryImageOfPage\":{\"@id\":\"https:\/\/mon-carre-deco.com\/produit\/tableau-carre-hermes-please-check-in\/#primaryimage\"},\"image\":{\"@id\":\"https:\/\/mon-carre-deco.com\/produit\/tableau-carre-hermes-please-check-in\/#primaryimage\"},\"thumbnailUrl\":\"https:\/\/mon-carre-deco.com\/wp-content\/uploads\/2022\/02\/Tableau-dun-carre-Hermes-Please-In-Rybaltchenko-moulure-blanche.jpg\",\"datePublished\":\"2022-02-09T19:06:09+00:00\",\"dateModified\":\"2025-07-05T21:56:38+00:00\",\"description\":\"Please Check-In un tableau d'un carr\u00e9 Herm\u00e8s, une d\u00e9coration murale styl\u00e9e, \u00e9l\u00e9gante et ultra f\u00e9minin, \u00e0 l'image du sac Kelly. Du peps \u00e0 votre int\u00e9rieur !\",\"breadcrumb\":{\"@id\":\"https:\/\/mon-carre-deco.com\/produit\/tableau-carre-hermes-please-check-in\/#breadcrumb\"},\"inLanguage\":\"en-US\",\"potentialAction\":[{\"@type\":\"ReadAction\",\"target\":[\"https:\/\/mon-carre-deco.com\/produit\/tableau-carre-hermes-please-check-in\/\"]}]},{\"@type\":\"ImageObject\",\"inLanguage\":\"en-US\",\"@id\":\"https:\/\/mon-carre-deco.com\/produit\/tableau-carre-hermes-please-check-in\/#primaryimage\",\"url\":\"https:\/\/mon-carre-deco.com\/wp-content\/uploads\/2022\/02\/Tableau-dun-carre-Hermes-Please-In-Rybaltchenko-moulure-blanche.jpg\",\"contentUrl\":\"https:\/\/mon-carre-deco.com\/wp-content\/uploads\/2022\/02\/Tableau-dun-carre-Hermes-Please-In-Rybaltchenko-moulure-blanche.jpg\",\"width\":691,\"height\":644,\"caption\":\"Tableau d'un carr\u00e9 Herm\u00e8s Please In de Rybaltchenko\"},{\"@type\":\"BreadcrumbList\",\"@id\":\"https:\/\/mon-carre-deco.com\/produit\/tableau-carre-hermes-please-check-in\/#breadcrumb\",\"itemListElement\":[{\"@type\":\"ListItem\",\"position\":1,\"name\":\"Accueil\",\"item\":\"https:\/\/mon-carre-deco.com\/\"},{\"@type\":\"ListItem\",\"position\":2,\"name\":\"Tableaux\",\"item\":\"https:\/\/mon-carre-deco.com\/boutique-tableau-hermes\/\"},{\"@type\":\"ListItem\",\"position\":3,\"name\":\"Tableau &#8211; Carr\u00e9 Herm\u00e8s Please Check In\"}]},{\"@type\":\"WebSite\",\"@id\":\"https:\/\/mon-carre-deco.com\/#website\",\"url\":\"https:\/\/mon-carre-deco.com\/\",\"name\":\"Mon Carr\u00e9 D\u00e9co\",\"description\":\"Mon Carr\u00e9 D&#039;art at Home, vente de tableau Herm\u00e8s, foulard carr\u00e9 Herm\u00e8s encadr\u00e9\",\"publisher\":{\"@id\":\"https:\/\/mon-carre-deco.com\/#organization\"},\"potentialAction\":[{\"@type\":\"SearchAction\",\"target\":{\"@type\":\"EntryPoint\",\"urlTemplate\":\"https:\/\/mon-carre-deco.com\/?s={search_term_string}\"},\"query-input\":{\"@type\":\"PropertyValueSpecification\",\"valueRequired\":true,\"valueName\":\"search_term_string\"}}],\"inLanguage\":\"en-US\"},{\"@type\":\"Organization\",\"@id\":\"https:\/\/mon-carre-deco.com\/#organization\",\"name\":\"Mon Carr\u00e9 D\u00e9co\",\"url\":\"https:\/\/mon-carre-deco.com\/\",\"logo\":{\"@type\":\"ImageObject\",\"inLanguage\":\"en-US\",\"@id\":\"https:\/\/mon-carre-deco.com\/#\/schema\/logo\/image\/\",\"url\":\"https:\/\/mon-carre-deco.com\/wp-content\/uploads\/2021\/04\/cropped-Logo-mon-carre-deco-2.png\",\"contentUrl\":\"https:\/\/mon-carre-deco.com\/wp-content\/uploads\/2021\/04\/cropped-Logo-mon-carre-deco-2.png\",\"width\":1043,\"height\":1043,\"caption\":\"Mon Carr\u00e9 D\u00e9co\"},\"image\":{\"@id\":\"https:\/\/mon-carre-deco.com\/#\/schema\/logo\/image\/\"}}]}<\/script>\n<!-- \/ Yoast SEO plugin. -->","yoast_head_json":{"title":"Tableau - Carr\u00e9 Herm\u00e8s Please Check In - Mon Carr\u00e9 D\u00e9co","description":"Please Check-In un tableau d'un carr\u00e9 Herm\u00e8s, une d\u00e9coration murale styl\u00e9e, \u00e9l\u00e9gante et ultra f\u00e9minin, \u00e0 l'image du sac Kelly. Du peps \u00e0 votre int\u00e9rieur !","robots":{"index":"index","follow":"follow","max-snippet":"max-snippet:-1","max-image-preview":"max-image-preview:large","max-video-preview":"max-video-preview:-1"},"canonical":"https:\/\/mon-carre-deco.com\/en\/product\/tableau-carre-hermes-please-check-in\/","og_locale":"en_US","og_type":"article","og_title":"Tableau - Carr\u00e9 Herm\u00e8s Please Check In - Mon Carr\u00e9 D\u00e9co","og_description":"Please Check-In un tableau d'un carr\u00e9 Herm\u00e8s, une d\u00e9coration murale styl\u00e9e, \u00e9l\u00e9gante et ultra f\u00e9minin, \u00e0 l'image du sac Kelly. Du peps \u00e0 votre int\u00e9rieur !","og_url":"https:\/\/mon-carre-deco.com\/en\/product\/tableau-carre-hermes-please-check-in\/","og_site_name":"Mon Carr\u00e9 D\u00e9co","article_modified_time":"2025-07-05T21:56:38+00:00","og_image":[{"width":691,"height":644,"url":"http:\/\/mon-carre-deco.com\/wp-content\/uploads\/2022\/02\/Tableau-dun-carre-Hermes-Please-In-Rybaltchenko-moulure-blanche.jpg","type":"image\/jpeg"}],"twitter_card":"summary_large_image","twitter_misc":{"Est. reading time":"1 minute"},"schema":{"@context":"https:\/\/schema.org","@graph":[{"@type":"WebPage","@id":"https:\/\/mon-carre-deco.com\/produit\/tableau-carre-hermes-please-check-in\/","url":"https:\/\/mon-carre-deco.com\/produit\/tableau-carre-hermes-please-check-in\/","name":"Tableau - Carr\u00e9 Herm\u00e8s Please Check In - Mon Carr\u00e9 D\u00e9co","isPartOf":{"@id":"https:\/\/mon-carre-deco.com\/#website"},"primaryImageOfPage":{"@id":"https:\/\/mon-carre-deco.com\/produit\/tableau-carre-hermes-please-check-in\/#primaryimage"},"image":{"@id":"https:\/\/mon-carre-deco.com\/produit\/tableau-carre-hermes-please-check-in\/#primaryimage"},"thumbnailUrl":"https:\/\/mon-carre-deco.com\/wp-content\/uploads\/2022\/02\/Tableau-dun-carre-Hermes-Please-In-Rybaltchenko-moulure-blanche.jpg","datePublished":"2022-02-09T19:06:09+00:00","dateModified":"2025-07-05T21:56:38+00:00","description":"Please Check-In un tableau d'un carr\u00e9 Herm\u00e8s, une d\u00e9coration murale styl\u00e9e, \u00e9l\u00e9gante et ultra f\u00e9minin, \u00e0 l'image du sac Kelly. Du peps \u00e0 votre int\u00e9rieur !","breadcrumb":{"@id":"https:\/\/mon-carre-deco.com\/produit\/tableau-carre-hermes-please-check-in\/#breadcrumb"},"inLanguage":"en-US","potentialAction":[{"@type":"ReadAction","target":["https:\/\/mon-carre-deco.com\/produit\/tableau-carre-hermes-please-check-in\/"]}]},{"@type":"ImageObject","inLanguage":"en-US","@id":"https:\/\/mon-carre-deco.com\/produit\/tableau-carre-hermes-please-check-in\/#primaryimage","url":"https:\/\/mon-carre-deco.com\/wp-content\/uploads\/2022\/02\/Tableau-dun-carre-Hermes-Please-In-Rybaltchenko-moulure-blanche.jpg","contentUrl":"https:\/\/mon-carre-deco.com\/wp-content\/uploads\/2022\/02\/Tableau-dun-carre-Hermes-Please-In-Rybaltchenko-moulure-blanche.jpg","width":691,"height":644,"caption":"Tableau d'un carr\u00e9 Herm\u00e8s Please In de Rybaltchenko"},{"@type":"BreadcrumbList","@id":"https:\/\/mon-carre-deco.com\/produit\/tableau-carre-hermes-please-check-in\/#breadcrumb","itemListElement":[{"@type":"ListItem","position":1,"name":"Accueil","item":"https:\/\/mon-carre-deco.com\/"},{"@type":"ListItem","position":2,"name":"Tableaux","item":"https:\/\/mon-carre-deco.com\/boutique-tableau-hermes\/"},{"@type":"ListItem","position":3,"name":"Tableau &#8211; Carr\u00e9 Herm\u00e8s Please Check In"}]},{"@type":"WebSite","@id":"https:\/\/mon-carre-deco.com\/#website","url":"https:\/\/mon-carre-deco.com\/","name":"Mon Carr\u00e9 D\u00e9co","description":"Mon Carr\u00e9 D&#039;art at Home, vente de tableau Herm\u00e8s, foulard carr\u00e9 Herm\u00e8s encadr\u00e9","publisher":{"@id":"https:\/\/mon-carre-deco.com\/#organization"},"potentialAction":[{"@type":"SearchAction","target":{"@type":"EntryPoint","urlTemplate":"https:\/\/mon-carre-deco.com\/?s={search_term_string}"},"query-input":{"@type":"PropertyValueSpecification","valueRequired":true,"valueName":"search_term_string"}}],"inLanguage":"en-US"},{"@type":"Organization","@id":"https:\/\/mon-carre-deco.com\/#organization","name":"Mon Carr\u00e9 D\u00e9co","url":"https:\/\/mon-carre-deco.com\/","logo":{"@type":"ImageObject","inLanguage":"en-US","@id":"https:\/\/mon-carre-deco.com\/#\/schema\/logo\/image\/","url":"https:\/\/mon-carre-deco.com\/wp-content\/uploads\/2021\/04\/cropped-Logo-mon-carre-deco-2.png","contentUrl":"https:\/\/mon-carre-deco.com\/wp-content\/uploads\/2021\/04\/cropped-Logo-mon-carre-deco-2.png","width":1043,"height":1043,"caption":"Mon Carr\u00e9 D\u00e9co"},"image":{"@id":"https:\/\/mon-carre-deco.com\/#\/schema\/logo\/image\/"}}]}},"_links":{"self":[{"href":"https:\/\/mon-carre-deco.com\/en\/wp-json\/wp\/v2\/product\/3264","targetHints":{"allow":["GET"]}}],"collection":[{"href":"https:\/\/mon-carre-deco.com\/en\/wp-json\/wp\/v2\/product"}],"about":[{"href":"https:\/\/mon-carre-deco.com\/en\/wp-json\/wp\/v2\/types\/product"}],"replies":[{"embeddable":true,"href":"https:\/\/mon-carre-deco.com\/en\/wp-json\/wp\/v2\/comments?post=3264"}],"version-history":[{"count":11,"href":"https:\/\/mon-carre-deco.com\/en\/wp-json\/wp\/v2\/product\/3264\/revisions"}],"predecessor-version":[{"id":4299,"href":"https:\/\/mon-carre-deco.com\/en\/wp-json\/wp\/v2\/product\/3264\/revisions\/4299"}],"wp:featuredmedia":[{"embeddable":true,"href":"https:\/\/mon-carre-deco.com\/en\/wp-json\/wp\/v2\/media\/3547"}],"wp:attachment":[{"href":"https:\/\/mon-carre-deco.com\/en\/wp-json\/wp\/v2\/media?parent=3264"}],"wp:term":[{"taxonomy":"product_brand","embeddable":true,"href":"https:\/\/mon-carre-deco.com\/en\/wp-json\/wp\/v2\/product_brand?post=3264"},{"taxonomy":"product_cat","embeddable":true,"href":"https:\/\/mon-carre-deco.com\/en\/wp-json\/wp\/v2\/product_cat?post=3264"},{"taxonomy":"product_tag","embeddable":true,"href":"https:\/\/mon-carre-deco.com\/en\/wp-json\/wp\/v2\/product_tag?post=3264"}],"curies":[{"name":"wp","href":"https:\/\/api.w.org\/{rel}","templated":true}]}}