{"id":3376,"date":"2022-03-12T15:41:03","date_gmt":"2022-03-12T14:41:03","guid":{"rendered":"https:\/\/mon-carre-deco.com\/?post_type=product&#038;p=3376"},"modified":"2023-12-25T18:28:42","modified_gmt":"2023-12-25T17:28:42","slug":"tableau-carre-hermes-regina","status":"publish","type":"product","link":"https:\/\/mon-carre-deco.com\/en\/product\/tableau-carre-hermes-regina\/","title":{"rendered":"Tableau &#8211; Carr\u00e9 Herm\u00e8s R\u00e9gina"},"content":{"rendered":"<p>\u00ab\u00a0R\u00e9gina\u00a0\u00bb<\/p>\n<p>\u00c9dit\u00e9 la premi\u00e8re fois en 1972, r\u00e9\u00e9dit\u00e9 en 1977 et 1988<\/p>\n<p>Designer Le\u00efla Menchari (1927- 2020)<\/p>\n<p>Le\u00efla Menchari, n\u00e9e \u00e0 Tunis et morte le 4 avril 2020 \u00e0 Hammamet, est une d\u00e9coratrice, cr\u00e9atrice et f\u00e9ministe tunisienne.<\/p>\n<p>Directrice artistique des vitrines d\u2019Herm\u00e8s, elle est c\u00e9l\u00e8bre pour les d\u00e9corations flamboyantes des vitrines de la maison de haute couture fran\u00e7aise.<\/p>\n<p>L&rsquo;\u00e9crivain Michel Tournier, un proche, disait d&rsquo;elle que c&rsquo;est une <em>\u00ab\u00a0reine mage\u00a0\u00bb<\/em> qui offre aux regards <em>\u00ab\u00a0les parfums de son Orient natal mais aussi les mati\u00e8res pr\u00e9cieuses (cuir, soie, cachemire) qui sont plus que son d\u00e9cor : son univers\u00a0\u00bb<\/em>.<\/p>\n<p>Adolescente, elle fait la connaissance d&rsquo;un couple anglo-am\u00e9ricain qui la prend sous son aile : Jean et Violet Henson. Dans leur maison de Hammamet, l&rsquo;enfant s&rsquo;initie \u00e0 l&rsquo;horticulture, aux senteurs, aux couleurs, et croise des personnalit\u00e9s artistiques de l&rsquo;\u00e9poque, dont Man Ray, Jean Cocteau, Christian B\u00e9rard ou encore Serge Lifar. En 1943, elle commence des \u00e9tudes \u00e0 l&rsquo;\u00c9cole des beaux-arts de Tunis. En 1948, elle entre \u00e0 l&rsquo;\u00c9cole nationale sup\u00e9rieure des beaux-arts de Paris. Elle y est notamment l&rsquo;\u00e9l\u00e8ve de Roger Chapelain-Midy.<\/p>\n<p>Elle rencontre aussi le couturier Guy Laroche, qui en fait son mannequin vedette. Mais, \u00e0 la suite du d\u00e9c\u00e8s de sa m\u00e8re, la jeune femme d\u00e9cide d&rsquo;\u00ab arr\u00eater de faire le clown sur un podium et de reprendre les pinceaux \u00bb.<\/p>\n<p>Quand elle frappe \u00e0 la porte d&rsquo;Herm\u00e8s en 1961, carton \u00e0 dessins sous le bras, pour tenter de s\u00e9duire Annie Beaumel, cr\u00e9atrice des vitrines de l&rsquo;enseigne de luxe, la jeune femme \u00e0 34 ans.<\/p>\n<p>En 1978, le nouveau PDG Jean-Louis Dumas, un futur complice, lui confie non seulement la d\u00e9coration des vitrines du magasin historique du 8<sup>e<\/sup> arrondissement, mais aussi la direction du comit\u00e9 de couleur de la soie, dont les choix de palettes font vendre ou non l&rsquo;un des produits phares de l&rsquo;enseigne : le carr\u00e9.<\/p>\n<p>Ann\u00e9e apr\u00e8s ann\u00e9e, entre les parfums de son Orient natal et sa passion des mati\u00e8res pr\u00e9cieuses, elle d\u00e9cline au rythme des quatre saisons le th\u00e8me annuel que lui sugg\u00e8rent depuis les directeurs artistiques d&rsquo;Herm\u00e8s pour composer les vitrines d&rsquo;Herm\u00e8s \u00e0 Paris.<\/p>\n<p><em>Vous aimerez aussi<\/em><\/p>\n<blockquote>\n<figure id=\"attachment_3387\" aria-describedby=\"caption-attachment-3387\" style=\"width: 296px\" class=\"wp-caption alignnone\"><a href=\"https:\/\/www.joursdeprintemps.fr\/\"><img fetchpriority=\"high\" decoding=\"async\" class=\"wp-image-3387\" src=\"http:\/\/mon-carre-deco.com\/wp-content\/uploads\/2022\/03\/Bouquet-Jour-de-Printemps-1024x974.jpg\" alt=\"Bouquet Jour de Printemps\" width=\"296\" height=\"282\" srcset=\"https:\/\/mon-carre-deco.com\/wp-content\/uploads\/2022\/03\/Bouquet-Jour-de-Printemps-1024x974.jpg 1024w, https:\/\/mon-carre-deco.com\/wp-content\/uploads\/2022\/03\/Bouquet-Jour-de-Printemps-300x285.jpg 300w, https:\/\/mon-carre-deco.com\/wp-content\/uploads\/2022\/03\/Bouquet-Jour-de-Printemps-768x730.jpg 768w, https:\/\/mon-carre-deco.com\/wp-content\/uploads\/2022\/03\/Bouquet-Jour-de-Printemps-600x570.jpg 600w, https:\/\/mon-carre-deco.com\/wp-content\/uploads\/2022\/03\/Bouquet-Jour-de-Printemps.jpg 1342w\" sizes=\"(max-width: 296px) 100vw, 296px\" \/><\/a><figcaption id=\"caption-attachment-3387\" class=\"wp-caption-text\">Bouquet Jour de Printemps<\/figcaption><\/figure><\/blockquote>","protected":false},"excerpt":{"rendered":"<p>Ce tableau d&rsquo;un foulard Herm\u00e8s REGINA apporte de la vie et de la gaiet\u00e9 \u00e0 votre int\u00e9rieur en y faisant rentrer un peu de nature et cr\u00e9er ainsi une ambiance plus harmonieuse et vive. Ces fleurs en d\u00e9coration murale trouvent leur place dans toutes les pi\u00e8ces de la maison qu\u2019elles viendront animer avec leurs touches color\u00e9es. Installer ce grand tableau derri\u00e8re la t\u00eate de lit est une mani\u00e8re fabuleuse d\u2019introduire des motifs floraux dans votre int\u00e9rieur de chambre.<\/p>\n<p>Le foulard Herm\u00e8s R\u00e9gina a \u00e9t\u00e9 en cr\u00e9\u00e9 en 1972 pour honorer Sa Majest\u00e9 la reine \u00c9lisabeth II, souveraine du Royaume-Uni et du Commonwealth, amie de la France venue cette ann\u00e9e l\u00e0 \u00e0 Paris. R\u00e9\u00e9dit\u00e9 en 1977 lors du jubil\u00e9 d&rsquo;argent de la reine ( 25 ans de r\u00e8gne). De la rose anglaise, du chardon \u00e9cossais, du tr\u00e8fle irlandais, du poireau gallois, l&rsquo;artiste a voulu faire un bouquet fran\u00e7ais, gage de la sympathie que se vouent deux nations qui surent si bien jadis se faire la guerre&#8230;<\/p>\n<ul>\n<li>Silk<\/li>\n<li>Couleurs dominantes : rose, bleu, vert, mordor\u00e9<\/li>\n<li>Moulure or bross\u00e9<\/li>\n<li>White matting<\/li>\n<li>Verre acrylique de protection<\/li>\n<li>Rear mounting hook<\/li>\n<\/ul>\n<p>Designer : <a href=\"https:\/\/www.amelie-paris.com\/fr\/actualites\/459_leila-menchari.html?gclid=CjwKCAiAprGRBhBgEiwANJEY7B6azPE4-qnuDjLn-7G_WTcCd1wXncc5WzozglhDu5TdDe4A5EpeUxoCEn4QAvD_BwE\">Le\u00efla Menchari<\/a><\/p>","protected":false},"featured_media":3377,"comment_status":"open","ping_status":"closed","template":"","meta":{"site-sidebar-layout":"default","site-content-layout":"default","ast-site-content-layout":"default","site-content-style":"default","site-sidebar-style":"default","ast-global-header-display":"","ast-banner-title-visibility":"","ast-main-header-display":"","ast-hfb-above-header-display":"","ast-hfb-below-header-display":"","ast-hfb-mobile-header-display":"","site-post-title":"","ast-breadcrumbs-content":"","ast-featured-img":"","footer-sml-layout":"","theme-transparent-header-meta":"default","adv-header-id-meta":"","stick-header-meta":"","header-above-stick-meta":"","header-main-stick-meta":"","header-below-stick-meta":"","astra-migrate-meta-layouts":"set"},"product_brand":[],"product_cat":[24],"product_tag":[],"class_list":{"0":"post-3376","1":"product","2":"type-product","3":"status-publish","4":"has-post-thumbnail","6":"product_cat-carre-90x90","7":"desktop-align-left","8":"tablet-align-left","9":"mobile-align-left","11":"first","12":"instock","13":"sold-individually","14":"shipping-taxable","15":"product-type-simple"},"yoast_head":"<!-- This site is optimized with the Yoast SEO plugin v25.4 - https:\/\/yoast.com\/wordpress\/plugins\/seo\/ -->\n<title>Tableau - Carr\u00e9 Herm\u00e8s R\u00e9gina - Mon Carr\u00e9 D\u00e9co<\/title>\n<meta name=\"description\" content=\"REGINA UN tableau d&#039;un carr\u00e9 Herm\u00e8s dessin\u00e9 par Le\u00efla Menchari. Ce bouquet de fleurs en d\u00e9coration murale va sublimer votre int\u00e9rieur avec ses coloris magnifiques.\" \/>\n<meta name=\"robots\" content=\"index, follow, max-snippet:-1, max-image-preview:large, max-video-preview:-1\" \/>\n<link rel=\"canonical\" href=\"https:\/\/mon-carre-deco.com\/en\/product\/tableau-carre-hermes-regina\/\" \/>\n<meta property=\"og:locale\" content=\"en_US\" \/>\n<meta property=\"og:type\" content=\"article\" \/>\n<meta property=\"og:title\" content=\"Tableau - Carr\u00e9 Herm\u00e8s R\u00e9gina - Mon Carr\u00e9 D\u00e9co\" \/>\n<meta property=\"og:description\" content=\"REGINA UN tableau d&#039;un carr\u00e9 Herm\u00e8s dessin\u00e9 par Le\u00efla Menchari. Ce bouquet de fleurs en d\u00e9coration murale va sublimer votre int\u00e9rieur avec ses coloris magnifiques.\" \/>\n<meta property=\"og:url\" content=\"https:\/\/mon-carre-deco.com\/en\/product\/tableau-carre-hermes-regina\/\" \/>\n<meta property=\"og:site_name\" content=\"Mon Carr\u00e9 D\u00e9co\" \/>\n<meta property=\"article:modified_time\" content=\"2023-12-25T17:28:42+00:00\" \/>\n<meta property=\"og:image\" content=\"http:\/\/mon-carre-deco.com\/wp-content\/uploads\/2022\/03\/Tableau-carre-Hermes-REGINA.jpg\" \/>\n\t<meta property=\"og:image:width\" content=\"786\" \/>\n\t<meta property=\"og:image:height\" content=\"732\" \/>\n\t<meta property=\"og:image:type\" content=\"image\/jpeg\" \/>\n<meta name=\"twitter:card\" content=\"summary_large_image\" \/>\n<meta name=\"twitter:label1\" content=\"Est. reading time\" \/>\n\t<meta name=\"twitter:data1\" content=\"2 minutes\" \/>\n<script type=\"application\/ld+json\" class=\"yoast-schema-graph\">{\"@context\":\"https:\/\/schema.org\",\"@graph\":[{\"@type\":\"WebPage\",\"@id\":\"https:\/\/mon-carre-deco.com\/produit\/tableau-carre-hermes-regina\/\",\"url\":\"https:\/\/mon-carre-deco.com\/produit\/tableau-carre-hermes-regina\/\",\"name\":\"Tableau - Carr\u00e9 Herm\u00e8s R\u00e9gina - Mon Carr\u00e9 D\u00e9co\",\"isPartOf\":{\"@id\":\"https:\/\/mon-carre-deco.com\/#website\"},\"primaryImageOfPage\":{\"@id\":\"https:\/\/mon-carre-deco.com\/produit\/tableau-carre-hermes-regina\/#primaryimage\"},\"image\":{\"@id\":\"https:\/\/mon-carre-deco.com\/produit\/tableau-carre-hermes-regina\/#primaryimage\"},\"thumbnailUrl\":\"https:\/\/mon-carre-deco.com\/wp-content\/uploads\/2022\/03\/Tableau-carre-Hermes-REGINA.jpg\",\"datePublished\":\"2022-03-12T14:41:03+00:00\",\"dateModified\":\"2023-12-25T17:28:42+00:00\",\"description\":\"REGINA UN tableau d'un carr\u00e9 Herm\u00e8s dessin\u00e9 par Le\u00efla Menchari. Ce bouquet de fleurs en d\u00e9coration murale va sublimer votre int\u00e9rieur avec ses coloris magnifiques.\",\"breadcrumb\":{\"@id\":\"https:\/\/mon-carre-deco.com\/produit\/tableau-carre-hermes-regina\/#breadcrumb\"},\"inLanguage\":\"en-US\",\"potentialAction\":[{\"@type\":\"ReadAction\",\"target\":[\"https:\/\/mon-carre-deco.com\/produit\/tableau-carre-hermes-regina\/\"]}]},{\"@type\":\"ImageObject\",\"inLanguage\":\"en-US\",\"@id\":\"https:\/\/mon-carre-deco.com\/produit\/tableau-carre-hermes-regina\/#primaryimage\",\"url\":\"https:\/\/mon-carre-deco.com\/wp-content\/uploads\/2022\/03\/Tableau-carre-Hermes-REGINA.jpg\",\"contentUrl\":\"https:\/\/mon-carre-deco.com\/wp-content\/uploads\/2022\/03\/Tableau-carre-Hermes-REGINA.jpg\",\"width\":786,\"height\":732,\"caption\":\"Tableau d'un carr\u00e9 Herm\u00e8s Regina dessin\u00e9 par Le\u00efla Menchari, moulure or\"},{\"@type\":\"BreadcrumbList\",\"@id\":\"https:\/\/mon-carre-deco.com\/produit\/tableau-carre-hermes-regina\/#breadcrumb\",\"itemListElement\":[{\"@type\":\"ListItem\",\"position\":1,\"name\":\"Accueil\",\"item\":\"https:\/\/mon-carre-deco.com\/\"},{\"@type\":\"ListItem\",\"position\":2,\"name\":\"Tableaux\",\"item\":\"https:\/\/mon-carre-deco.com\/boutique-tableau-hermes\/\"},{\"@type\":\"ListItem\",\"position\":3,\"name\":\"Tableau &#8211; Carr\u00e9 Herm\u00e8s R\u00e9gina\"}]},{\"@type\":\"WebSite\",\"@id\":\"https:\/\/mon-carre-deco.com\/#website\",\"url\":\"https:\/\/mon-carre-deco.com\/\",\"name\":\"Mon Carr\u00e9 D\u00e9co\",\"description\":\"Mon Carr\u00e9 D&#039;art at Home, vente de tableau Herm\u00e8s, foulard carr\u00e9 Herm\u00e8s encadr\u00e9\",\"publisher\":{\"@id\":\"https:\/\/mon-carre-deco.com\/#organization\"},\"potentialAction\":[{\"@type\":\"SearchAction\",\"target\":{\"@type\":\"EntryPoint\",\"urlTemplate\":\"https:\/\/mon-carre-deco.com\/?s={search_term_string}\"},\"query-input\":{\"@type\":\"PropertyValueSpecification\",\"valueRequired\":true,\"valueName\":\"search_term_string\"}}],\"inLanguage\":\"en-US\"},{\"@type\":\"Organization\",\"@id\":\"https:\/\/mon-carre-deco.com\/#organization\",\"name\":\"Mon Carr\u00e9 D\u00e9co\",\"url\":\"https:\/\/mon-carre-deco.com\/\",\"logo\":{\"@type\":\"ImageObject\",\"inLanguage\":\"en-US\",\"@id\":\"https:\/\/mon-carre-deco.com\/#\/schema\/logo\/image\/\",\"url\":\"https:\/\/mon-carre-deco.com\/wp-content\/uploads\/2021\/04\/cropped-Logo-mon-carre-deco-2.png\",\"contentUrl\":\"https:\/\/mon-carre-deco.com\/wp-content\/uploads\/2021\/04\/cropped-Logo-mon-carre-deco-2.png\",\"width\":1043,\"height\":1043,\"caption\":\"Mon Carr\u00e9 D\u00e9co\"},\"image\":{\"@id\":\"https:\/\/mon-carre-deco.com\/#\/schema\/logo\/image\/\"}}]}<\/script>\n<!-- \/ Yoast SEO plugin. -->","yoast_head_json":{"title":"Tableau - Carr\u00e9 Herm\u00e8s R\u00e9gina - Mon Carr\u00e9 D\u00e9co","description":"REGINA UN tableau d'un carr\u00e9 Herm\u00e8s dessin\u00e9 par Le\u00efla Menchari. Ce bouquet de fleurs en d\u00e9coration murale va sublimer votre int\u00e9rieur avec ses coloris magnifiques.","robots":{"index":"index","follow":"follow","max-snippet":"max-snippet:-1","max-image-preview":"max-image-preview:large","max-video-preview":"max-video-preview:-1"},"canonical":"https:\/\/mon-carre-deco.com\/en\/product\/tableau-carre-hermes-regina\/","og_locale":"en_US","og_type":"article","og_title":"Tableau - Carr\u00e9 Herm\u00e8s R\u00e9gina - Mon Carr\u00e9 D\u00e9co","og_description":"REGINA UN tableau d'un carr\u00e9 Herm\u00e8s dessin\u00e9 par Le\u00efla Menchari. Ce bouquet de fleurs en d\u00e9coration murale va sublimer votre int\u00e9rieur avec ses coloris magnifiques.","og_url":"https:\/\/mon-carre-deco.com\/en\/product\/tableau-carre-hermes-regina\/","og_site_name":"Mon Carr\u00e9 D\u00e9co","article_modified_time":"2023-12-25T17:28:42+00:00","og_image":[{"width":786,"height":732,"url":"http:\/\/mon-carre-deco.com\/wp-content\/uploads\/2022\/03\/Tableau-carre-Hermes-REGINA.jpg","type":"image\/jpeg"}],"twitter_card":"summary_large_image","twitter_misc":{"Est. reading time":"2 minutes"},"schema":{"@context":"https:\/\/schema.org","@graph":[{"@type":"WebPage","@id":"https:\/\/mon-carre-deco.com\/produit\/tableau-carre-hermes-regina\/","url":"https:\/\/mon-carre-deco.com\/produit\/tableau-carre-hermes-regina\/","name":"Tableau - Carr\u00e9 Herm\u00e8s R\u00e9gina - Mon Carr\u00e9 D\u00e9co","isPartOf":{"@id":"https:\/\/mon-carre-deco.com\/#website"},"primaryImageOfPage":{"@id":"https:\/\/mon-carre-deco.com\/produit\/tableau-carre-hermes-regina\/#primaryimage"},"image":{"@id":"https:\/\/mon-carre-deco.com\/produit\/tableau-carre-hermes-regina\/#primaryimage"},"thumbnailUrl":"https:\/\/mon-carre-deco.com\/wp-content\/uploads\/2022\/03\/Tableau-carre-Hermes-REGINA.jpg","datePublished":"2022-03-12T14:41:03+00:00","dateModified":"2023-12-25T17:28:42+00:00","description":"REGINA UN tableau d'un carr\u00e9 Herm\u00e8s dessin\u00e9 par Le\u00efla Menchari. Ce bouquet de fleurs en d\u00e9coration murale va sublimer votre int\u00e9rieur avec ses coloris magnifiques.","breadcrumb":{"@id":"https:\/\/mon-carre-deco.com\/produit\/tableau-carre-hermes-regina\/#breadcrumb"},"inLanguage":"en-US","potentialAction":[{"@type":"ReadAction","target":["https:\/\/mon-carre-deco.com\/produit\/tableau-carre-hermes-regina\/"]}]},{"@type":"ImageObject","inLanguage":"en-US","@id":"https:\/\/mon-carre-deco.com\/produit\/tableau-carre-hermes-regina\/#primaryimage","url":"https:\/\/mon-carre-deco.com\/wp-content\/uploads\/2022\/03\/Tableau-carre-Hermes-REGINA.jpg","contentUrl":"https:\/\/mon-carre-deco.com\/wp-content\/uploads\/2022\/03\/Tableau-carre-Hermes-REGINA.jpg","width":786,"height":732,"caption":"Tableau d'un carr\u00e9 Herm\u00e8s Regina dessin\u00e9 par Le\u00efla Menchari, moulure or"},{"@type":"BreadcrumbList","@id":"https:\/\/mon-carre-deco.com\/produit\/tableau-carre-hermes-regina\/#breadcrumb","itemListElement":[{"@type":"ListItem","position":1,"name":"Accueil","item":"https:\/\/mon-carre-deco.com\/"},{"@type":"ListItem","position":2,"name":"Tableaux","item":"https:\/\/mon-carre-deco.com\/boutique-tableau-hermes\/"},{"@type":"ListItem","position":3,"name":"Tableau &#8211; Carr\u00e9 Herm\u00e8s R\u00e9gina"}]},{"@type":"WebSite","@id":"https:\/\/mon-carre-deco.com\/#website","url":"https:\/\/mon-carre-deco.com\/","name":"Mon Carr\u00e9 D\u00e9co","description":"Mon Carr\u00e9 D&#039;art at Home, vente de tableau Herm\u00e8s, foulard carr\u00e9 Herm\u00e8s encadr\u00e9","publisher":{"@id":"https:\/\/mon-carre-deco.com\/#organization"},"potentialAction":[{"@type":"SearchAction","target":{"@type":"EntryPoint","urlTemplate":"https:\/\/mon-carre-deco.com\/?s={search_term_string}"},"query-input":{"@type":"PropertyValueSpecification","valueRequired":true,"valueName":"search_term_string"}}],"inLanguage":"en-US"},{"@type":"Organization","@id":"https:\/\/mon-carre-deco.com\/#organization","name":"Mon Carr\u00e9 D\u00e9co","url":"https:\/\/mon-carre-deco.com\/","logo":{"@type":"ImageObject","inLanguage":"en-US","@id":"https:\/\/mon-carre-deco.com\/#\/schema\/logo\/image\/","url":"https:\/\/mon-carre-deco.com\/wp-content\/uploads\/2021\/04\/cropped-Logo-mon-carre-deco-2.png","contentUrl":"https:\/\/mon-carre-deco.com\/wp-content\/uploads\/2021\/04\/cropped-Logo-mon-carre-deco-2.png","width":1043,"height":1043,"caption":"Mon Carr\u00e9 D\u00e9co"},"image":{"@id":"https:\/\/mon-carre-deco.com\/#\/schema\/logo\/image\/"}}]}},"_links":{"self":[{"href":"https:\/\/mon-carre-deco.com\/en\/wp-json\/wp\/v2\/product\/3376","targetHints":{"allow":["GET"]}}],"collection":[{"href":"https:\/\/mon-carre-deco.com\/en\/wp-json\/wp\/v2\/product"}],"about":[{"href":"https:\/\/mon-carre-deco.com\/en\/wp-json\/wp\/v2\/types\/product"}],"replies":[{"embeddable":true,"href":"https:\/\/mon-carre-deco.com\/en\/wp-json\/wp\/v2\/comments?post=3376"}],"version-history":[{"count":12,"href":"https:\/\/mon-carre-deco.com\/en\/wp-json\/wp\/v2\/product\/3376\/revisions"}],"predecessor-version":[{"id":3396,"href":"https:\/\/mon-carre-deco.com\/en\/wp-json\/wp\/v2\/product\/3376\/revisions\/3396"}],"wp:featuredmedia":[{"embeddable":true,"href":"https:\/\/mon-carre-deco.com\/en\/wp-json\/wp\/v2\/media\/3377"}],"wp:attachment":[{"href":"https:\/\/mon-carre-deco.com\/en\/wp-json\/wp\/v2\/media?parent=3376"}],"wp:term":[{"taxonomy":"product_brand","embeddable":true,"href":"https:\/\/mon-carre-deco.com\/en\/wp-json\/wp\/v2\/product_brand?post=3376"},{"taxonomy":"product_cat","embeddable":true,"href":"https:\/\/mon-carre-deco.com\/en\/wp-json\/wp\/v2\/product_cat?post=3376"},{"taxonomy":"product_tag","embeddable":true,"href":"https:\/\/mon-carre-deco.com\/en\/wp-json\/wp\/v2\/product_tag?post=3376"}],"curies":[{"name":"wp","href":"https:\/\/api.w.org\/{rel}","templated":true}]}}