{"id":34,"date":"2021-04-29T05:40:34","date_gmt":"2021-04-29T03:40:34","guid":{"rendered":"http:\/\/mon-carre-deco.com\/index.php\/produit\/red-flowers\/"},"modified":"2024-09-04T23:31:42","modified_gmt":"2024-09-04T21:31:42","slug":"tableau-hermes-brides-rebelles-noire-blanc-bronze","status":"publish","type":"product","link":"https:\/\/mon-carre-deco.com\/en\/product\/tableau-hermes-brides-rebelles-noire-blanc-bronze\/","title":{"rendered":"Tableau &#8211; Carr\u00e9 Herm\u00e8s Brides Rebelles"},"content":{"rendered":"<div data-elementor-type=\"wp-post\" data-elementor-id=\"34\" class=\"elementor elementor-34\">\n\t\t\t\t\t\t<section class=\"elementor-section elementor-top-section elementor-element elementor-element-4bb34842 elementor-section-boxed elementor-section-height-default elementor-section-height-default\" data-id=\"4bb34842\" data-element_type=\"section\">\n\t\t\t\t\t\t<div class=\"elementor-container elementor-column-gap-default\">\n\t\t\t\t\t<div class=\"elementor-column elementor-col-100 elementor-top-column elementor-element elementor-element-44a23c62\" data-id=\"44a23c62\" data-element_type=\"column\">\n\t\t\t<div class=\"elementor-widget-wrap elementor-element-populated\">\n\t\t\t\t\t\t<div class=\"elementor-element elementor-element-65d420d9 elementor-widget elementor-widget-text-editor\" data-id=\"65d420d9\" data-element_type=\"widget\" data-widget_type=\"text-editor.default\">\n\t\t\t\t<div class=\"elementor-widget-container\">\n\t\t\t\t\t\t\t\t\t<p>\u00ab\u00a0Brides Rebelles\u00a0\u00bb<\/p>\n<p>\u00c9dit\u00e9 en 2010<\/p>\n<p>Designer : <a href=\"https:\/\/www.theartdesignlab.com\/categorie-produit\/designers\/benoit-pierre-emery\/\" target=\"_blank\" rel=\"noopener\">Benoit Pierre \u00c9mery<\/a> (9 juillet 1970)<\/p>\n<p>Directeur artistique et cr\u00e9ateur de mode fran\u00e7ais bas\u00e9 \u00e0 Paris, France. Dipl\u00f4m\u00e9 du Royal College of Art et de l&rsquo;\u00c9cole nationale sup\u00e9rieure des arts d\u00e9coratifs. Il a d\u00e9but\u00e9 sa carri\u00e8re comme pigiste, travaillant comme directeur artistique pour Canal + et Louis Vuitton. Son exp\u00e9rience comprend \u00e9galement des s\u00e9jours avec Paco Rabanne, Kenzo, Cabane De Zucca, la Fondation Cartier, Arte et Paris Premi\u00e8re entre autres. Il est \u00e9galement directeur cr\u00e9atif d&rsquo;Objets et La Table chez Herm\u00e8s.<\/p>\n<p>En mai 2000, il co-fonde l&rsquo;agence de cr\u00e9ation \u00ab\u00a0Le Cabinet. Paris\u00a0\u00bb avec Marc Nguyen Tan.<\/p>\n<p>En octobre 2003, il cr\u00e9e sa propre soci\u00e9t\u00e9 \u00abLes Soieries Modernes\u00bb et lance sa premi\u00e8re collection de foulards en soie.<\/p>\n<p><em>Vous aimerez aussi&#8230;<\/em><\/p>\n<blockquote><div><a href=\"https:\/\/www.daum.fr\/cheval-fougueux-appaloosa\/\" target=\"_blank\" rel=\"noopener\"><img fetchpriority=\"high\" decoding=\"async\" class=\"size-medium wp-image-955\" src=\"http:\/\/mon-carre-deco.com\/wp-content\/uploads\/2021\/04\/Cheval-Fougeux-Daum-300x300.jpg\" alt=\"Cheval Fougeux Appaloosa de chez Daum\" width=\"300\" height=\"300\" srcset=\"https:\/\/mon-carre-deco.com\/wp-content\/uploads\/2021\/04\/Cheval-Fougeux-Daum-300x300.jpg 300w, https:\/\/mon-carre-deco.com\/wp-content\/uploads\/2021\/04\/Cheval-Fougeux-Daum-600x600.jpg 600w, https:\/\/mon-carre-deco.com\/wp-content\/uploads\/2021\/04\/Cheval-Fougeux-Daum-100x100.jpg 100w, https:\/\/mon-carre-deco.com\/wp-content\/uploads\/2021\/04\/Cheval-Fougeux-Daum-150x150.jpg 150w, https:\/\/mon-carre-deco.com\/wp-content\/uploads\/2021\/04\/Cheval-Fougeux-Daum-768x768.jpg 768w, https:\/\/mon-carre-deco.com\/wp-content\/uploads\/2021\/04\/Cheval-Fougeux-Daum.jpg 1000w\" sizes=\"(max-width: 300px) 100vw, 300px\" \/><\/a> <\/div><\/blockquote>\n<div>Cheval Fougeux Appaloosa de chez Daum<\/div>\t\t\t\t\t\t\t\t<\/div>\n\t\t\t\t<\/div>\n\t\t\t\t\t<\/div>\n\t\t<\/div>\n\t\t\t\t\t<\/div>\n\t\t<\/section>\n\t\t\t\t<\/div>","protected":false},"excerpt":{"rendered":"<p style='color:red;'>Sold<\/p>\n<p>La vive et bien nomm\u00e9e <em>Brides rebelles<\/em> de Beno\u00eet-Pierre \u00c9mery semble habit\u00e9e d&rsquo;une fougue indomptable, elle sait ind\u00e9niablement attirer le regard et pourtant l\u2019\u0153il ne parvient pas \u00e0 en appr\u00e9hender les intrications. <em>Brides rebelles<\/em>&#8230; une nature morte d&rsquo;une grande vivacit\u00e9 !<\/p>\n<p>Designer : Beno\u00eet-Pierre \u00c9mery<\/p>\n<ul>\n<li>Silk<\/li>\n<li>Couleurs dominantes : blanc, noir, or cuivr\u00e9, gris<\/li>\n<li>Moulure travaill\u00e9e noire et or<\/li>\n<li>White matting<\/li>\n<li>Verre de protection anti UV<\/li>\n<li>Accroches murales \u00e0 l&rsquo;arri\u00e8re<\/li>\n<\/ul>","protected":false},"featured_media":932,"comment_status":"open","ping_status":"closed","template":"","meta":{"site-sidebar-layout":"default","site-content-layout":"default","ast-site-content-layout":"default","site-content-style":"default","site-sidebar-style":"default","ast-global-header-display":"","ast-banner-title-visibility":"","ast-main-header-display":"","ast-hfb-above-header-display":"","ast-hfb-below-header-display":"","ast-hfb-mobile-header-display":"","site-post-title":"","ast-breadcrumbs-content":"","ast-featured-img":"","footer-sml-layout":"","theme-transparent-header-meta":"default","adv-header-id-meta":"","stick-header-meta":"","header-above-stick-meta":"","header-main-stick-meta":"","header-below-stick-meta":"","astra-migrate-meta-layouts":"set"},"product_brand":[],"product_cat":[24,15],"product_tag":[],"class_list":{"0":"post-34","1":"product","2":"type-product","3":"status-publish","4":"has-post-thumbnail","6":"product_cat-carre-90x90","7":"product_cat-carres-exceptionnels","8":"desktop-align-left","9":"tablet-align-left","10":"mobile-align-left","12":"first","13":"instock","14":"sold-individually","15":"shipping-taxable","16":"product-type-simple"},"yoast_head":"<!-- This site is optimized with the Yoast SEO plugin v25.4 - https:\/\/yoast.com\/wordpress\/plugins\/seo\/ -->\n<title>Tableau Herm\u00e8s - Brides Rebelles (noir, blanc et bronze) - Mon Carr\u00e9 D\u00e9co<\/title>\n<meta name=\"description\" content=\"Foulard Herm\u00e8s encadr\u00e9, Carr\u00e9 Hermes Brides Rebelles par Beno\u00eet-Pierre \u00c9mery. Moulure travaill\u00e9e noire et or. Passe-partout blanc. Pi\u00e8ce unique !\" \/>\n<meta name=\"robots\" content=\"index, follow, max-snippet:-1, max-image-preview:large, max-video-preview:-1\" \/>\n<link rel=\"canonical\" href=\"https:\/\/mon-carre-deco.com\/en\/product\/tableau-hermes-brides-rebelles-noire-blanc-bronze\/\" \/>\n<meta property=\"og:locale\" content=\"en_US\" \/>\n<meta property=\"og:type\" content=\"article\" \/>\n<meta property=\"og:title\" content=\"Tableau Herm\u00e8s - Brides Rebelles (noir, blanc et bronze) - Mon Carr\u00e9 D\u00e9co\" \/>\n<meta property=\"og:description\" content=\"Foulard Herm\u00e8s encadr\u00e9, Carr\u00e9 Hermes Brides Rebelles par Beno\u00eet-Pierre \u00c9mery. Moulure travaill\u00e9e noire et or. Passe-partout blanc. Pi\u00e8ce unique !\" \/>\n<meta property=\"og:url\" content=\"https:\/\/mon-carre-deco.com\/en\/product\/tableau-hermes-brides-rebelles-noire-blanc-bronze\/\" \/>\n<meta property=\"og:site_name\" content=\"Mon Carr\u00e9 D\u00e9co\" \/>\n<meta property=\"article:modified_time\" content=\"2024-09-04T21:31:42+00:00\" \/>\n<meta property=\"og:image\" content=\"http:\/\/mon-carre-deco.com\/wp-content\/uploads\/2021\/04\/Tableau-Carre-Hermes-Brides-rebelles-de-Benoit-Pierre-Emery-moulure-baroque-noire-et-or-passe-partout-blanc..jpg\" \/>\n\t<meta property=\"og:image:width\" content=\"839\" \/>\n\t<meta property=\"og:image:height\" content=\"814\" \/>\n\t<meta property=\"og:image:type\" content=\"image\/jpeg\" \/>\n<meta name=\"twitter:card\" content=\"summary_large_image\" \/>\n<meta name=\"twitter:label1\" content=\"Est. reading time\" \/>\n\t<meta name=\"twitter:data1\" content=\"1 minute\" \/>\n<script type=\"application\/ld+json\" class=\"yoast-schema-graph\">{\"@context\":\"https:\/\/schema.org\",\"@graph\":[{\"@type\":\"WebPage\",\"@id\":\"https:\/\/mon-carre-deco.com\/produit\/tableau-hermes-brides-rebelles-noire-blanc-bronze\/\",\"url\":\"https:\/\/mon-carre-deco.com\/produit\/tableau-hermes-brides-rebelles-noire-blanc-bronze\/\",\"name\":\"Tableau Herm\u00e8s - Brides Rebelles (noir, blanc et bronze) - Mon Carr\u00e9 D\u00e9co\",\"isPartOf\":{\"@id\":\"https:\/\/mon-carre-deco.com\/#website\"},\"primaryImageOfPage\":{\"@id\":\"https:\/\/mon-carre-deco.com\/produit\/tableau-hermes-brides-rebelles-noire-blanc-bronze\/#primaryimage\"},\"image\":{\"@id\":\"https:\/\/mon-carre-deco.com\/produit\/tableau-hermes-brides-rebelles-noire-blanc-bronze\/#primaryimage\"},\"thumbnailUrl\":\"https:\/\/mon-carre-deco.com\/wp-content\/uploads\/2021\/04\/Tableau-Carre-Hermes-Brides-rebelles-de-Benoit-Pierre-Emery-moulure-baroque-noire-et-or-passe-partout-blanc..jpg\",\"datePublished\":\"2021-04-29T03:40:34+00:00\",\"dateModified\":\"2024-09-04T21:31:42+00:00\",\"description\":\"Foulard Herm\u00e8s encadr\u00e9, Carr\u00e9 Hermes Brides Rebelles par Beno\u00eet-Pierre \u00c9mery. Moulure travaill\u00e9e noire et or. Passe-partout blanc. Pi\u00e8ce unique !\",\"breadcrumb\":{\"@id\":\"https:\/\/mon-carre-deco.com\/produit\/tableau-hermes-brides-rebelles-noire-blanc-bronze\/#breadcrumb\"},\"inLanguage\":\"en-US\",\"potentialAction\":[{\"@type\":\"ReadAction\",\"target\":[\"https:\/\/mon-carre-deco.com\/produit\/tableau-hermes-brides-rebelles-noire-blanc-bronze\/\"]}]},{\"@type\":\"ImageObject\",\"inLanguage\":\"en-US\",\"@id\":\"https:\/\/mon-carre-deco.com\/produit\/tableau-hermes-brides-rebelles-noire-blanc-bronze\/#primaryimage\",\"url\":\"https:\/\/mon-carre-deco.com\/wp-content\/uploads\/2021\/04\/Tableau-Carre-Hermes-Brides-rebelles-de-Benoit-Pierre-Emery-moulure-baroque-noire-et-or-passe-partout-blanc..jpg\",\"contentUrl\":\"https:\/\/mon-carre-deco.com\/wp-content\/uploads\/2021\/04\/Tableau-Carre-Hermes-Brides-rebelles-de-Benoit-Pierre-Emery-moulure-baroque-noire-et-or-passe-partout-blanc..jpg\",\"width\":839,\"height\":814,\"caption\":\"Carr\u00e9 Herm\u00e8s Brides rebelles de Benoit Pierre Emery moulure baroque noire et or passe-partout blanc\"},{\"@type\":\"BreadcrumbList\",\"@id\":\"https:\/\/mon-carre-deco.com\/produit\/tableau-hermes-brides-rebelles-noire-blanc-bronze\/#breadcrumb\",\"itemListElement\":[{\"@type\":\"ListItem\",\"position\":1,\"name\":\"Accueil\",\"item\":\"https:\/\/mon-carre-deco.com\/\"},{\"@type\":\"ListItem\",\"position\":2,\"name\":\"Tableaux\",\"item\":\"https:\/\/mon-carre-deco.com\/boutique-tableau-hermes\/\"},{\"@type\":\"ListItem\",\"position\":3,\"name\":\"Tableau &#8211; Carr\u00e9 Herm\u00e8s Brides Rebelles\"}]},{\"@type\":\"WebSite\",\"@id\":\"https:\/\/mon-carre-deco.com\/#website\",\"url\":\"https:\/\/mon-carre-deco.com\/\",\"name\":\"Mon Carr\u00e9 D\u00e9co\",\"description\":\"Mon Carr\u00e9 D&#039;art at Home, vente de tableau Herm\u00e8s, foulard carr\u00e9 Herm\u00e8s encadr\u00e9\",\"publisher\":{\"@id\":\"https:\/\/mon-carre-deco.com\/#organization\"},\"potentialAction\":[{\"@type\":\"SearchAction\",\"target\":{\"@type\":\"EntryPoint\",\"urlTemplate\":\"https:\/\/mon-carre-deco.com\/?s={search_term_string}\"},\"query-input\":{\"@type\":\"PropertyValueSpecification\",\"valueRequired\":true,\"valueName\":\"search_term_string\"}}],\"inLanguage\":\"en-US\"},{\"@type\":\"Organization\",\"@id\":\"https:\/\/mon-carre-deco.com\/#organization\",\"name\":\"Mon Carr\u00e9 D\u00e9co\",\"url\":\"https:\/\/mon-carre-deco.com\/\",\"logo\":{\"@type\":\"ImageObject\",\"inLanguage\":\"en-US\",\"@id\":\"https:\/\/mon-carre-deco.com\/#\/schema\/logo\/image\/\",\"url\":\"https:\/\/mon-carre-deco.com\/wp-content\/uploads\/2021\/04\/cropped-Logo-mon-carre-deco-2.png\",\"contentUrl\":\"https:\/\/mon-carre-deco.com\/wp-content\/uploads\/2021\/04\/cropped-Logo-mon-carre-deco-2.png\",\"width\":1043,\"height\":1043,\"caption\":\"Mon Carr\u00e9 D\u00e9co\"},\"image\":{\"@id\":\"https:\/\/mon-carre-deco.com\/#\/schema\/logo\/image\/\"}}]}<\/script>\n<!-- \/ Yoast SEO plugin. -->","yoast_head_json":{"title":"Tableau Herm\u00e8s - Brides Rebelles (noir, blanc et bronze) - Mon Carr\u00e9 D\u00e9co","description":"Foulard Herm\u00e8s encadr\u00e9, Carr\u00e9 Hermes Brides Rebelles par Beno\u00eet-Pierre \u00c9mery. Moulure travaill\u00e9e noire et or. Passe-partout blanc. Pi\u00e8ce unique !","robots":{"index":"index","follow":"follow","max-snippet":"max-snippet:-1","max-image-preview":"max-image-preview:large","max-video-preview":"max-video-preview:-1"},"canonical":"https:\/\/mon-carre-deco.com\/en\/product\/tableau-hermes-brides-rebelles-noire-blanc-bronze\/","og_locale":"en_US","og_type":"article","og_title":"Tableau Herm\u00e8s - Brides Rebelles (noir, blanc et bronze) - Mon Carr\u00e9 D\u00e9co","og_description":"Foulard Herm\u00e8s encadr\u00e9, Carr\u00e9 Hermes Brides Rebelles par Beno\u00eet-Pierre \u00c9mery. Moulure travaill\u00e9e noire et or. Passe-partout blanc. Pi\u00e8ce unique !","og_url":"https:\/\/mon-carre-deco.com\/en\/product\/tableau-hermes-brides-rebelles-noire-blanc-bronze\/","og_site_name":"Mon Carr\u00e9 D\u00e9co","article_modified_time":"2024-09-04T21:31:42+00:00","og_image":[{"width":839,"height":814,"url":"http:\/\/mon-carre-deco.com\/wp-content\/uploads\/2021\/04\/Tableau-Carre-Hermes-Brides-rebelles-de-Benoit-Pierre-Emery-moulure-baroque-noire-et-or-passe-partout-blanc..jpg","type":"image\/jpeg"}],"twitter_card":"summary_large_image","twitter_misc":{"Est. reading time":"1 minute"},"schema":{"@context":"https:\/\/schema.org","@graph":[{"@type":"WebPage","@id":"https:\/\/mon-carre-deco.com\/produit\/tableau-hermes-brides-rebelles-noire-blanc-bronze\/","url":"https:\/\/mon-carre-deco.com\/produit\/tableau-hermes-brides-rebelles-noire-blanc-bronze\/","name":"Tableau Herm\u00e8s - Brides Rebelles (noir, blanc et bronze) - Mon Carr\u00e9 D\u00e9co","isPartOf":{"@id":"https:\/\/mon-carre-deco.com\/#website"},"primaryImageOfPage":{"@id":"https:\/\/mon-carre-deco.com\/produit\/tableau-hermes-brides-rebelles-noire-blanc-bronze\/#primaryimage"},"image":{"@id":"https:\/\/mon-carre-deco.com\/produit\/tableau-hermes-brides-rebelles-noire-blanc-bronze\/#primaryimage"},"thumbnailUrl":"https:\/\/mon-carre-deco.com\/wp-content\/uploads\/2021\/04\/Tableau-Carre-Hermes-Brides-rebelles-de-Benoit-Pierre-Emery-moulure-baroque-noire-et-or-passe-partout-blanc..jpg","datePublished":"2021-04-29T03:40:34+00:00","dateModified":"2024-09-04T21:31:42+00:00","description":"Foulard Herm\u00e8s encadr\u00e9, Carr\u00e9 Hermes Brides Rebelles par Beno\u00eet-Pierre \u00c9mery. Moulure travaill\u00e9e noire et or. Passe-partout blanc. Pi\u00e8ce unique !","breadcrumb":{"@id":"https:\/\/mon-carre-deco.com\/produit\/tableau-hermes-brides-rebelles-noire-blanc-bronze\/#breadcrumb"},"inLanguage":"en-US","potentialAction":[{"@type":"ReadAction","target":["https:\/\/mon-carre-deco.com\/produit\/tableau-hermes-brides-rebelles-noire-blanc-bronze\/"]}]},{"@type":"ImageObject","inLanguage":"en-US","@id":"https:\/\/mon-carre-deco.com\/produit\/tableau-hermes-brides-rebelles-noire-blanc-bronze\/#primaryimage","url":"https:\/\/mon-carre-deco.com\/wp-content\/uploads\/2021\/04\/Tableau-Carre-Hermes-Brides-rebelles-de-Benoit-Pierre-Emery-moulure-baroque-noire-et-or-passe-partout-blanc..jpg","contentUrl":"https:\/\/mon-carre-deco.com\/wp-content\/uploads\/2021\/04\/Tableau-Carre-Hermes-Brides-rebelles-de-Benoit-Pierre-Emery-moulure-baroque-noire-et-or-passe-partout-blanc..jpg","width":839,"height":814,"caption":"Carr\u00e9 Herm\u00e8s Brides rebelles de Benoit Pierre Emery moulure baroque noire et or passe-partout blanc"},{"@type":"BreadcrumbList","@id":"https:\/\/mon-carre-deco.com\/produit\/tableau-hermes-brides-rebelles-noire-blanc-bronze\/#breadcrumb","itemListElement":[{"@type":"ListItem","position":1,"name":"Accueil","item":"https:\/\/mon-carre-deco.com\/"},{"@type":"ListItem","position":2,"name":"Tableaux","item":"https:\/\/mon-carre-deco.com\/boutique-tableau-hermes\/"},{"@type":"ListItem","position":3,"name":"Tableau &#8211; Carr\u00e9 Herm\u00e8s Brides Rebelles"}]},{"@type":"WebSite","@id":"https:\/\/mon-carre-deco.com\/#website","url":"https:\/\/mon-carre-deco.com\/","name":"Mon Carr\u00e9 D\u00e9co","description":"Mon Carr\u00e9 D&#039;art at Home, vente de tableau Herm\u00e8s, foulard carr\u00e9 Herm\u00e8s encadr\u00e9","publisher":{"@id":"https:\/\/mon-carre-deco.com\/#organization"},"potentialAction":[{"@type":"SearchAction","target":{"@type":"EntryPoint","urlTemplate":"https:\/\/mon-carre-deco.com\/?s={search_term_string}"},"query-input":{"@type":"PropertyValueSpecification","valueRequired":true,"valueName":"search_term_string"}}],"inLanguage":"en-US"},{"@type":"Organization","@id":"https:\/\/mon-carre-deco.com\/#organization","name":"Mon Carr\u00e9 D\u00e9co","url":"https:\/\/mon-carre-deco.com\/","logo":{"@type":"ImageObject","inLanguage":"en-US","@id":"https:\/\/mon-carre-deco.com\/#\/schema\/logo\/image\/","url":"https:\/\/mon-carre-deco.com\/wp-content\/uploads\/2021\/04\/cropped-Logo-mon-carre-deco-2.png","contentUrl":"https:\/\/mon-carre-deco.com\/wp-content\/uploads\/2021\/04\/cropped-Logo-mon-carre-deco-2.png","width":1043,"height":1043,"caption":"Mon Carr\u00e9 D\u00e9co"},"image":{"@id":"https:\/\/mon-carre-deco.com\/#\/schema\/logo\/image\/"}}]}},"_links":{"self":[{"href":"https:\/\/mon-carre-deco.com\/en\/wp-json\/wp\/v2\/product\/34","targetHints":{"allow":["GET"]}}],"collection":[{"href":"https:\/\/mon-carre-deco.com\/en\/wp-json\/wp\/v2\/product"}],"about":[{"href":"https:\/\/mon-carre-deco.com\/en\/wp-json\/wp\/v2\/types\/product"}],"replies":[{"embeddable":true,"href":"https:\/\/mon-carre-deco.com\/en\/wp-json\/wp\/v2\/comments?post=34"}],"version-history":[{"count":63,"href":"https:\/\/mon-carre-deco.com\/en\/wp-json\/wp\/v2\/product\/34\/revisions"}],"predecessor-version":[{"id":4230,"href":"https:\/\/mon-carre-deco.com\/en\/wp-json\/wp\/v2\/product\/34\/revisions\/4230"}],"wp:featuredmedia":[{"embeddable":true,"href":"https:\/\/mon-carre-deco.com\/en\/wp-json\/wp\/v2\/media\/932"}],"wp:attachment":[{"href":"https:\/\/mon-carre-deco.com\/en\/wp-json\/wp\/v2\/media?parent=34"}],"wp:term":[{"taxonomy":"product_brand","embeddable":true,"href":"https:\/\/mon-carre-deco.com\/en\/wp-json\/wp\/v2\/product_brand?post=34"},{"taxonomy":"product_cat","embeddable":true,"href":"https:\/\/mon-carre-deco.com\/en\/wp-json\/wp\/v2\/product_cat?post=34"},{"taxonomy":"product_tag","embeddable":true,"href":"https:\/\/mon-carre-deco.com\/en\/wp-json\/wp\/v2\/product_tag?post=34"}],"curies":[{"name":"wp","href":"https:\/\/api.w.org\/{rel}","templated":true}]}}