{"id":3507,"date":"2022-05-15T17:43:52","date_gmt":"2022-05-15T15:43:52","guid":{"rendered":"https:\/\/mon-carre-deco.com\/?post_type=product&#038;p=3507"},"modified":"2023-12-25T18:31:56","modified_gmt":"2023-12-25T17:31:56","slug":"tableau-carre-hermes-perspectives","status":"publish","type":"product","link":"https:\/\/mon-carre-deco.com\/en\/product\/tableau-carre-hermes-perspectives\/","title":{"rendered":"Tableau &#8211; Carr\u00e9 Herm\u00e8s Perspectives"},"content":{"rendered":"<p>\u00ab\u00a0Perspective\u00a0\u00bb<\/p>\n<p>\u00c9dit\u00e9 la premi\u00e8re fois en 1951. R\u00e9\u00e9dition en 1968,1991, 2008\/2009 (70 cm)<\/p>\n<p>Designer <span class=\"color_11\"><a href=\"https:\/\/www.cassandre.fr\/about-cassandre\">A.M.Cassandre<\/a> n\u00e9e a Kharkov en 1901, mort en 1968<br \/>\n<\/span><\/p>\n<p>Pseudonyme d&rsquo;Adolphe Jean Marie Mouron, Cassandre est un graphiste, affichiste, d\u00e9corateur de th\u00e9\u00e2tre, lithographe, peintre et typographe fran\u00e7ais. N\u00e9 en Ukraine, il passe son enfance entre la Russie et la France. Il s&rsquo;\u00e9tablit d\u00e9finitivement en France en 1915 et \u00e9tudie \u00e0 l&rsquo;Acad\u00e9mie Julian \u00e0 Paris. Il r\u00e9alise ses premiers travaux publicitaires en 1922 (margarine Sacac, p\u00e2tes Garres) et utilise alors Cassandre comme signature. Son int\u00e9r\u00eat pour le Bauhaus influence la composition de ses \u0153uvres: g\u00e9om\u00e9triques afin de produire un message clair. En 1925, son affiche pour le magasin de meubles \u00ab\u00a0Le Bucheron\u00a0\u00bb (1923) remporte le Grand Prix de l&rsquo;Exposition internationale des Arts D\u00e9coratifs.<\/p>\n<p>Marqu\u00e9 par le cubisme dans ses compositions, la photographie dans son utilisation des contres-plong\u00e9es, du cin\u00e9ma avec le gros plan, Cassandre simplifie les formes et accentue les perspectives. Influenc\u00e9 par les futuristes italiens, il rend visuel la vitesse et la modernit\u00e9 surtout dans ses affiches de trains ou paquebots (Nord-Express et Etoile du Nord en 1927, Normandie en 1935). La typographie occupe une place importante dans l\u2019\u0153uvre de Cassandre et fait partie int\u00e9grante de la composition. Dans son affiche \u00ab\u00a0Etoile du Nord\u00a0\u00bb (1927), il fait se superposer les \u00ab\u00a0O\u00a0\u00bb aux lettres voisines avec un effet de transparence et il entoure de texte l&rsquo;affiche, cr\u00e9ant ainsi un cadre qui donne l&rsquo;impression au spectateur de regarder \u00e0 travers la fen\u00eatre d&rsquo;un train.<\/p>\n<p>En 1930, Cassandre participa \u00e0 l&rsquo;Union des Artistes Modernes (UAM) et en devient membre en 1933. Pendant ce temps, en 1931, il fonde l&rsquo;agence \u00ab\u00a0Alliance Graphique\u00a0\u00bb avec Charles Loupot, agence qui dispara\u00eetra durant la seconde moiti\u00e9 des ann\u00e9es 30. Les \u0153uvres de cette \u00e9poque portent le logo \u00ab\u00a0Alliance Graphique\u00a0\u00bb: les chaussures \u00ab\u00a0Unic, chaussures d&rsquo;homme\u00a0\u00bb (1932), \u00ab\u00a0Bonal, ouvre l&rsquo;app\u00e9tit\u00a0\u00bb (1933), les cigarettes \u00ab\u00a0Celtique\u00a0\u00bb (1934), la plus c\u00e9l\u00e8bre \u00e9tant l&rsquo;affiche pour \u00ab\u00a0Le Normandie\u00a0\u00bb en 1935. A cette \u00e9poque, Cassandre r\u00e9alise ses affiches publicitaires pour \u00ab\u00a0Dubonnet\u00a0\u00bb. Il cr\u00e9e une succession d&rsquo;images et de lettres, faisant appara\u00eetre la marque progressivement. Les lettres sont progressivement fonc\u00e9es et coordonn\u00e9es \u00e0 l&rsquo;action de l&rsquo;homme qui remplit son verre: \u00ab\u00a0Dubo, Dubon, Dubonnet\u00a0\u00bb!<\/p>\n<p>En 1936, le MOMA de New York organise une r\u00e9trospective des affiches de Cassandre et il est \u00e9galement engag\u00e9 par Harper&rsquo;s Bazaar pour cr\u00e9er les couvertures de leur magazine. Dans les ann\u00e9es 40, il d\u00e9laisse de plus en plus la publicit\u00e9 et se consacre \u00e0 la peinture et aux d\u00e9cors de th\u00e9\u00e2tre.<\/p>\n<p>Cassandre inspirera de nombreux artistes tels que Francis Bernard (Chaudi\u00e8res Diamant Dietrich, ca 1930) en France, Willem F. Ten Broek (Holland-America Line, ca 1936) en Hollande. Blaise Cendrars d\u00e9crira Cassandre comme \u00ab\u00a0le premier metteur en sc\u00e8ne de la rue\u00a0\u00bb.<\/p>\n<p><em>You'll also like<\/em><\/p>\n<blockquote>\n<figure id=\"attachment_3525\" aria-describedby=\"caption-attachment-3525\" style=\"width: 262px\" class=\"wp-caption alignnone\"><a href=\"https:\/\/www.jeroenmolenaar.com\/cube\/\"><img fetchpriority=\"high\" decoding=\"async\" class=\"wp-image-3525\" src=\"http:\/\/mon-carre-deco.com\/wp-content\/uploads\/2022\/05\/WOOD-CONSTRUCTION-Jeroen-Molenaar.jpg\" alt=\"WOOD-CONSTRUCTION Jeroen Molenaar\" width=\"262\" height=\"271\" \/><\/a><figcaption id=\"caption-attachment-3525\" class=\"wp-caption-text\">WOOD-CONSTRUCTION Jeroen Molenaar<\/figcaption><\/figure><\/blockquote>\n<p>&nbsp;<\/p>","protected":false},"excerpt":{"rendered":"<p>Une d\u00e9coration murale in\u00e9dite, art d\u00e9co, avec ce tableau d&rsquo;un carr\u00e9 Herm\u00e8s de A.M Cassandre. Dans cette construction de l&rsquo;imagination, v\u00e9ritable mise en abyme de carr\u00e9s, l\u2019\u0153il est irr\u00e9sistiblement attir\u00e9 vers le centre. Une trajectoire ascensionnelle nous fait d\u00e9couvrir un paysage \u00e0 distance, ciel et nuages, \u00e0 la limite du fantastique. Cassandre, artiste fran\u00e7ais d&rsquo;origine ukrainienne, \u00e0 la fois peintre, graphiste et d\u00e9corateur de th\u00e9\u00e2tre, a r\u00e9alis\u00e9 de nombreuses affiches publicitaires dans les ann\u00e9es 1930. Son style d\u00e9pouill\u00e9 est tr\u00e8s reconnaissable: graphisme stylis\u00e9 presque abstrait, grands aplats de couleur et remarquable sens de la composition. Ce dessin, parfaite illustration de son style, invite \u00e0 une envol\u00e9e dans l&rsquo;espace et \u00e0 une projection vers l&rsquo;avenir, d\u00e9multipliant le sens du mot \u00ab\u00a0perspective\u00a0\u00bb.<\/p>\n<ul>\n<li>Silk<\/li>\n<li>Couleurs dominantes : bleu, vert, blanc<\/li>\n<li>Moulure blanche<\/li>\n<li>White matting<\/li>\n<li>Verre acrylique de protection<\/li>\n<li>Rear mounting hook<\/li>\n<\/ul>\n<p>Designer <span class=\"color_11\"><a href=\"https:\/\/www.cassandre.fr\/\">A.M.Cassandre<\/a><\/span><\/p>","protected":false},"featured_media":3524,"comment_status":"open","ping_status":"closed","template":"","meta":{"site-sidebar-layout":"default","site-content-layout":"default","ast-site-content-layout":"default","site-content-style":"default","site-sidebar-style":"default","ast-global-header-display":"","ast-banner-title-visibility":"","ast-main-header-display":"","ast-hfb-above-header-display":"","ast-hfb-below-header-display":"","ast-hfb-mobile-header-display":"","site-post-title":"","ast-breadcrumbs-content":"","ast-featured-img":"","footer-sml-layout":"","theme-transparent-header-meta":"default","adv-header-id-meta":"","stick-header-meta":"","header-above-stick-meta":"","header-main-stick-meta":"","header-below-stick-meta":"","astra-migrate-meta-layouts":"set"},"product_brand":[],"product_cat":[24,15],"product_tag":[],"class_list":{"0":"post-3507","1":"product","2":"type-product","3":"status-publish","4":"has-post-thumbnail","6":"product_cat-carre-90x90","7":"product_cat-carres-exceptionnels","8":"desktop-align-left","9":"tablet-align-left","10":"mobile-align-left","12":"first","13":"instock","14":"sold-individually","15":"shipping-taxable","16":"product-type-simple"},"yoast_head":"<!-- This site is optimized with the Yoast SEO plugin v25.4 - https:\/\/yoast.com\/wordpress\/plugins\/seo\/ -->\n<title>Tableau - Carr\u00e9 Herm\u00e8s Perspectives - Mon Carr\u00e9 D\u00e9co<\/title>\n<meta name=\"description\" content=\"Tableau d&#039;un carr\u00e9 Herm\u00e8s encadr\u00e9 Perspective de A.M Cassandre un des plus grands artistes graphistes du 20 \u00e8me si\u00e8cle. Une d\u00e9coration murale unique et rare.\" \/>\n<meta name=\"robots\" content=\"index, follow, max-snippet:-1, max-image-preview:large, max-video-preview:-1\" \/>\n<link rel=\"canonical\" href=\"https:\/\/mon-carre-deco.com\/en\/product\/tableau-carre-hermes-perspectives\/\" \/>\n<meta property=\"og:locale\" content=\"en_US\" \/>\n<meta property=\"og:type\" content=\"article\" \/>\n<meta property=\"og:title\" content=\"Tableau - Carr\u00e9 Herm\u00e8s Perspectives - Mon Carr\u00e9 D\u00e9co\" \/>\n<meta property=\"og:description\" content=\"Tableau d&#039;un carr\u00e9 Herm\u00e8s encadr\u00e9 Perspective de A.M Cassandre un des plus grands artistes graphistes du 20 \u00e8me si\u00e8cle. Une d\u00e9coration murale unique et rare.\" \/>\n<meta property=\"og:url\" content=\"https:\/\/mon-carre-deco.com\/en\/product\/tableau-carre-hermes-perspectives\/\" \/>\n<meta property=\"og:site_name\" content=\"Mon Carr\u00e9 D\u00e9co\" \/>\n<meta property=\"article:modified_time\" content=\"2023-12-25T17:31:56+00:00\" \/>\n<meta property=\"og:image\" content=\"http:\/\/mon-carre-deco.com\/wp-content\/uploads\/2022\/05\/Tableau-Hermes-Perspective-de-A.M-Cassandre.jpg\" \/>\n\t<meta property=\"og:image:width\" content=\"691\" \/>\n\t<meta property=\"og:image:height\" content=\"644\" \/>\n\t<meta property=\"og:image:type\" content=\"image\/jpeg\" \/>\n<meta name=\"twitter:card\" content=\"summary_large_image\" \/>\n<meta name=\"twitter:label1\" content=\"Est. reading time\" \/>\n\t<meta name=\"twitter:data1\" content=\"3 minutes\" \/>\n<script type=\"application\/ld+json\" class=\"yoast-schema-graph\">{\"@context\":\"https:\/\/schema.org\",\"@graph\":[{\"@type\":\"WebPage\",\"@id\":\"https:\/\/mon-carre-deco.com\/produit\/tableau-carre-hermes-perspectives\/\",\"url\":\"https:\/\/mon-carre-deco.com\/produit\/tableau-carre-hermes-perspectives\/\",\"name\":\"Tableau - Carr\u00e9 Herm\u00e8s Perspectives - Mon Carr\u00e9 D\u00e9co\",\"isPartOf\":{\"@id\":\"https:\/\/mon-carre-deco.com\/#website\"},\"primaryImageOfPage\":{\"@id\":\"https:\/\/mon-carre-deco.com\/produit\/tableau-carre-hermes-perspectives\/#primaryimage\"},\"image\":{\"@id\":\"https:\/\/mon-carre-deco.com\/produit\/tableau-carre-hermes-perspectives\/#primaryimage\"},\"thumbnailUrl\":\"https:\/\/mon-carre-deco.com\/wp-content\/uploads\/2022\/05\/Tableau-Hermes-Perspective-de-A.M-Cassandre.jpg\",\"datePublished\":\"2022-05-15T15:43:52+00:00\",\"dateModified\":\"2023-12-25T17:31:56+00:00\",\"description\":\"Tableau d'un carr\u00e9 Herm\u00e8s encadr\u00e9 Perspective de A.M Cassandre un des plus grands artistes graphistes du 20 \u00e8me si\u00e8cle. Une d\u00e9coration murale unique et rare.\",\"breadcrumb\":{\"@id\":\"https:\/\/mon-carre-deco.com\/produit\/tableau-carre-hermes-perspectives\/#breadcrumb\"},\"inLanguage\":\"en-US\",\"potentialAction\":[{\"@type\":\"ReadAction\",\"target\":[\"https:\/\/mon-carre-deco.com\/produit\/tableau-carre-hermes-perspectives\/\"]}]},{\"@type\":\"ImageObject\",\"inLanguage\":\"en-US\",\"@id\":\"https:\/\/mon-carre-deco.com\/produit\/tableau-carre-hermes-perspectives\/#primaryimage\",\"url\":\"https:\/\/mon-carre-deco.com\/wp-content\/uploads\/2022\/05\/Tableau-Hermes-Perspective-de-A.M-Cassandre.jpg\",\"contentUrl\":\"https:\/\/mon-carre-deco.com\/wp-content\/uploads\/2022\/05\/Tableau-Hermes-Perspective-de-A.M-Cassandre.jpg\",\"width\":691,\"height\":644,\"caption\":\"Tableau d'un carr\u00e9 Herm\u00e8s perspective de A.M Cassandre\"},{\"@type\":\"BreadcrumbList\",\"@id\":\"https:\/\/mon-carre-deco.com\/produit\/tableau-carre-hermes-perspectives\/#breadcrumb\",\"itemListElement\":[{\"@type\":\"ListItem\",\"position\":1,\"name\":\"Accueil\",\"item\":\"https:\/\/mon-carre-deco.com\/\"},{\"@type\":\"ListItem\",\"position\":2,\"name\":\"Tableaux\",\"item\":\"https:\/\/mon-carre-deco.com\/boutique-tableau-hermes\/\"},{\"@type\":\"ListItem\",\"position\":3,\"name\":\"Tableau &#8211; Carr\u00e9 Herm\u00e8s Perspectives\"}]},{\"@type\":\"WebSite\",\"@id\":\"https:\/\/mon-carre-deco.com\/#website\",\"url\":\"https:\/\/mon-carre-deco.com\/\",\"name\":\"Mon Carr\u00e9 D\u00e9co\",\"description\":\"Mon Carr\u00e9 D&#039;art at Home, vente de tableau Herm\u00e8s, foulard carr\u00e9 Herm\u00e8s encadr\u00e9\",\"publisher\":{\"@id\":\"https:\/\/mon-carre-deco.com\/#organization\"},\"potentialAction\":[{\"@type\":\"SearchAction\",\"target\":{\"@type\":\"EntryPoint\",\"urlTemplate\":\"https:\/\/mon-carre-deco.com\/?s={search_term_string}\"},\"query-input\":{\"@type\":\"PropertyValueSpecification\",\"valueRequired\":true,\"valueName\":\"search_term_string\"}}],\"inLanguage\":\"en-US\"},{\"@type\":\"Organization\",\"@id\":\"https:\/\/mon-carre-deco.com\/#organization\",\"name\":\"Mon Carr\u00e9 D\u00e9co\",\"url\":\"https:\/\/mon-carre-deco.com\/\",\"logo\":{\"@type\":\"ImageObject\",\"inLanguage\":\"en-US\",\"@id\":\"https:\/\/mon-carre-deco.com\/#\/schema\/logo\/image\/\",\"url\":\"https:\/\/mon-carre-deco.com\/wp-content\/uploads\/2021\/04\/cropped-Logo-mon-carre-deco-2.png\",\"contentUrl\":\"https:\/\/mon-carre-deco.com\/wp-content\/uploads\/2021\/04\/cropped-Logo-mon-carre-deco-2.png\",\"width\":1043,\"height\":1043,\"caption\":\"Mon Carr\u00e9 D\u00e9co\"},\"image\":{\"@id\":\"https:\/\/mon-carre-deco.com\/#\/schema\/logo\/image\/\"}}]}<\/script>\n<!-- \/ Yoast SEO plugin. -->","yoast_head_json":{"title":"Tableau - Carr\u00e9 Herm\u00e8s Perspectives - Mon Carr\u00e9 D\u00e9co","description":"Tableau d'un carr\u00e9 Herm\u00e8s encadr\u00e9 Perspective de A.M Cassandre un des plus grands artistes graphistes du 20 \u00e8me si\u00e8cle. Une d\u00e9coration murale unique et rare.","robots":{"index":"index","follow":"follow","max-snippet":"max-snippet:-1","max-image-preview":"max-image-preview:large","max-video-preview":"max-video-preview:-1"},"canonical":"https:\/\/mon-carre-deco.com\/en\/product\/tableau-carre-hermes-perspectives\/","og_locale":"en_US","og_type":"article","og_title":"Tableau - Carr\u00e9 Herm\u00e8s Perspectives - Mon Carr\u00e9 D\u00e9co","og_description":"Tableau d'un carr\u00e9 Herm\u00e8s encadr\u00e9 Perspective de A.M Cassandre un des plus grands artistes graphistes du 20 \u00e8me si\u00e8cle. Une d\u00e9coration murale unique et rare.","og_url":"https:\/\/mon-carre-deco.com\/en\/product\/tableau-carre-hermes-perspectives\/","og_site_name":"Mon Carr\u00e9 D\u00e9co","article_modified_time":"2023-12-25T17:31:56+00:00","og_image":[{"width":691,"height":644,"url":"http:\/\/mon-carre-deco.com\/wp-content\/uploads\/2022\/05\/Tableau-Hermes-Perspective-de-A.M-Cassandre.jpg","type":"image\/jpeg"}],"twitter_card":"summary_large_image","twitter_misc":{"Est. reading time":"3 minutes"},"schema":{"@context":"https:\/\/schema.org","@graph":[{"@type":"WebPage","@id":"https:\/\/mon-carre-deco.com\/produit\/tableau-carre-hermes-perspectives\/","url":"https:\/\/mon-carre-deco.com\/produit\/tableau-carre-hermes-perspectives\/","name":"Tableau - Carr\u00e9 Herm\u00e8s Perspectives - Mon Carr\u00e9 D\u00e9co","isPartOf":{"@id":"https:\/\/mon-carre-deco.com\/#website"},"primaryImageOfPage":{"@id":"https:\/\/mon-carre-deco.com\/produit\/tableau-carre-hermes-perspectives\/#primaryimage"},"image":{"@id":"https:\/\/mon-carre-deco.com\/produit\/tableau-carre-hermes-perspectives\/#primaryimage"},"thumbnailUrl":"https:\/\/mon-carre-deco.com\/wp-content\/uploads\/2022\/05\/Tableau-Hermes-Perspective-de-A.M-Cassandre.jpg","datePublished":"2022-05-15T15:43:52+00:00","dateModified":"2023-12-25T17:31:56+00:00","description":"Tableau d'un carr\u00e9 Herm\u00e8s encadr\u00e9 Perspective de A.M Cassandre un des plus grands artistes graphistes du 20 \u00e8me si\u00e8cle. Une d\u00e9coration murale unique et rare.","breadcrumb":{"@id":"https:\/\/mon-carre-deco.com\/produit\/tableau-carre-hermes-perspectives\/#breadcrumb"},"inLanguage":"en-US","potentialAction":[{"@type":"ReadAction","target":["https:\/\/mon-carre-deco.com\/produit\/tableau-carre-hermes-perspectives\/"]}]},{"@type":"ImageObject","inLanguage":"en-US","@id":"https:\/\/mon-carre-deco.com\/produit\/tableau-carre-hermes-perspectives\/#primaryimage","url":"https:\/\/mon-carre-deco.com\/wp-content\/uploads\/2022\/05\/Tableau-Hermes-Perspective-de-A.M-Cassandre.jpg","contentUrl":"https:\/\/mon-carre-deco.com\/wp-content\/uploads\/2022\/05\/Tableau-Hermes-Perspective-de-A.M-Cassandre.jpg","width":691,"height":644,"caption":"Tableau d'un carr\u00e9 Herm\u00e8s perspective de A.M Cassandre"},{"@type":"BreadcrumbList","@id":"https:\/\/mon-carre-deco.com\/produit\/tableau-carre-hermes-perspectives\/#breadcrumb","itemListElement":[{"@type":"ListItem","position":1,"name":"Accueil","item":"https:\/\/mon-carre-deco.com\/"},{"@type":"ListItem","position":2,"name":"Tableaux","item":"https:\/\/mon-carre-deco.com\/boutique-tableau-hermes\/"},{"@type":"ListItem","position":3,"name":"Tableau &#8211; Carr\u00e9 Herm\u00e8s Perspectives"}]},{"@type":"WebSite","@id":"https:\/\/mon-carre-deco.com\/#website","url":"https:\/\/mon-carre-deco.com\/","name":"Mon Carr\u00e9 D\u00e9co","description":"Mon Carr\u00e9 D&#039;art at Home, vente de tableau Herm\u00e8s, foulard carr\u00e9 Herm\u00e8s encadr\u00e9","publisher":{"@id":"https:\/\/mon-carre-deco.com\/#organization"},"potentialAction":[{"@type":"SearchAction","target":{"@type":"EntryPoint","urlTemplate":"https:\/\/mon-carre-deco.com\/?s={search_term_string}"},"query-input":{"@type":"PropertyValueSpecification","valueRequired":true,"valueName":"search_term_string"}}],"inLanguage":"en-US"},{"@type":"Organization","@id":"https:\/\/mon-carre-deco.com\/#organization","name":"Mon Carr\u00e9 D\u00e9co","url":"https:\/\/mon-carre-deco.com\/","logo":{"@type":"ImageObject","inLanguage":"en-US","@id":"https:\/\/mon-carre-deco.com\/#\/schema\/logo\/image\/","url":"https:\/\/mon-carre-deco.com\/wp-content\/uploads\/2021\/04\/cropped-Logo-mon-carre-deco-2.png","contentUrl":"https:\/\/mon-carre-deco.com\/wp-content\/uploads\/2021\/04\/cropped-Logo-mon-carre-deco-2.png","width":1043,"height":1043,"caption":"Mon Carr\u00e9 D\u00e9co"},"image":{"@id":"https:\/\/mon-carre-deco.com\/#\/schema\/logo\/image\/"}}]}},"_links":{"self":[{"href":"https:\/\/mon-carre-deco.com\/en\/wp-json\/wp\/v2\/product\/3507","targetHints":{"allow":["GET"]}}],"collection":[{"href":"https:\/\/mon-carre-deco.com\/en\/wp-json\/wp\/v2\/product"}],"about":[{"href":"https:\/\/mon-carre-deco.com\/en\/wp-json\/wp\/v2\/types\/product"}],"replies":[{"embeddable":true,"href":"https:\/\/mon-carre-deco.com\/en\/wp-json\/wp\/v2\/comments?post=3507"}],"version-history":[{"count":8,"href":"https:\/\/mon-carre-deco.com\/en\/wp-json\/wp\/v2\/product\/3507\/revisions"}],"predecessor-version":[{"id":3534,"href":"https:\/\/mon-carre-deco.com\/en\/wp-json\/wp\/v2\/product\/3507\/revisions\/3534"}],"wp:featuredmedia":[{"embeddable":true,"href":"https:\/\/mon-carre-deco.com\/en\/wp-json\/wp\/v2\/media\/3524"}],"wp:attachment":[{"href":"https:\/\/mon-carre-deco.com\/en\/wp-json\/wp\/v2\/media?parent=3507"}],"wp:term":[{"taxonomy":"product_brand","embeddable":true,"href":"https:\/\/mon-carre-deco.com\/en\/wp-json\/wp\/v2\/product_brand?post=3507"},{"taxonomy":"product_cat","embeddable":true,"href":"https:\/\/mon-carre-deco.com\/en\/wp-json\/wp\/v2\/product_cat?post=3507"},{"taxonomy":"product_tag","embeddable":true,"href":"https:\/\/mon-carre-deco.com\/en\/wp-json\/wp\/v2\/product_tag?post=3507"}],"curies":[{"name":"wp","href":"https:\/\/api.w.org\/{rel}","templated":true}]}}