{"id":3536,"date":"2022-05-20T01:26:56","date_gmt":"2022-05-19T23:26:56","guid":{"rendered":"https:\/\/mon-carre-deco.com\/?post_type=product&#038;p=3536"},"modified":"2023-08-22T20:31:44","modified_gmt":"2023-08-22T18:31:44","slug":"tableau-carre-hermes-les-pivoines","status":"publish","type":"product","link":"https:\/\/mon-carre-deco.com\/en\/product\/tableau-carre-hermes-les-pivoines\/","title":{"rendered":"Tableau &#8211; Carr\u00e9 Herm\u00e8s Les Pivoines"},"content":{"rendered":"<p>\u00ab\u00a0Les Pivoines\u00a0\u00bb<\/p>\n<p>\u00c9dit\u00e9 en 1978<\/p>\n<p>Designer : Christiane Vauzelles<\/p>\n<p>Elle est l\u2019une des rares artistes de la Maison Herm\u00e8s \u00e0 ne pas avoir sign\u00e9 ses cr\u00e9ations de foulards.<\/p>","protected":false},"excerpt":{"rendered":"<p>Une d\u00e9coration murale luxueuse et raffin\u00e9e qui symbolise les sentiments amoureux. <span class=\"ILfuVd\" lang=\"fr\"><span class=\"hgKElc\">En chine, la pivoine incarne la beaut\u00e9 de la femme de par sa splendeur, la volupt\u00e9 de ses fleurs et les couleurs \u00e9clatantes de ses p\u00e9tales. La pivoine symbolise \u00e9galement la g\u00e9n\u00e9rosit\u00e9 ou encore le succ\u00e8s. Ce tableau est une tr\u00e8s belle id\u00e9e de cadeau pour une <a href=\"https:\/\/mon-carre-deco.com\/en\/cadeau-de-mariage\/\">liste de mariage<\/a>, un <a href=\"https:\/\/mon-carre-deco.com\/en\/product-category\/cadeau-naissance\/\">cadeau de naissance<\/a> \u00e0 l&rsquo;attention de la maman ou pour la chambre d&rsquo;enfant. <\/span><\/span><\/p>\n<ul>\n<li style=\"list-style-type: none;\">\n<ul>\n<li>Couleurs dominantes : rose, vert, blanc, jaune p\u00e2le<\/li>\n<li>Moulure en bois naturel<\/li>\n<li>White matting<\/li>\n<li>Verre anti UV <span dir=\"ltr\" role=\"presentation\">\u226599<\/span>%<\/li>\n<li>Accroche de fixation \u00e0 l\u2019arri\u00e8re<\/li>\n<\/ul>\n<\/li>\n<\/ul>\n<p>Designer : Christiane VAUZELLES<\/p>","protected":false},"featured_media":3543,"comment_status":"open","ping_status":"closed","template":"","meta":{"site-sidebar-layout":"default","site-content-layout":"default","ast-site-content-layout":"","site-content-style":"default","site-sidebar-style":"default","ast-global-header-display":"","ast-banner-title-visibility":"","ast-main-header-display":"","ast-hfb-above-header-display":"","ast-hfb-below-header-display":"","ast-hfb-mobile-header-display":"","site-post-title":"","ast-breadcrumbs-content":"","ast-featured-img":"","footer-sml-layout":"","theme-transparent-header-meta":"default","adv-header-id-meta":"","stick-header-meta":"","header-above-stick-meta":"","header-main-stick-meta":"","header-below-stick-meta":"","astra-migrate-meta-layouts":""},"product_brand":[],"product_cat":[24],"product_tag":[],"class_list":{"0":"post-3536","1":"product","2":"type-product","3":"status-publish","4":"has-post-thumbnail","6":"product_cat-carre-90x90","7":"desktop-align-left","8":"tablet-align-left","9":"mobile-align-left","11":"first","12":"instock","13":"sold-individually","14":"shipping-taxable","15":"product-type-simple"},"yoast_head":"<!-- This site is optimized with the Yoast SEO plugin v25.4 - https:\/\/yoast.com\/wordpress\/plugins\/seo\/ -->\n<title>Tableau - Carr\u00e9 Herm\u00e8s Les Pivoines - Mon Carr\u00e9 D\u00e9co<\/title>\n<meta name=\"description\" content=\"Tableau d&#039;un authentique carr\u00e9 Herm\u00e8s Les Pivoines. Une id\u00e9e de cadeau en liste de mariage. Une d\u00e9coration murale luxueuse et raffin\u00e9e symbole de sentiments amoureux\" \/>\n<meta name=\"robots\" content=\"index, follow, max-snippet:-1, max-image-preview:large, max-video-preview:-1\" \/>\n<link rel=\"canonical\" href=\"https:\/\/mon-carre-deco.com\/en\/product\/tableau-carre-hermes-les-pivoines\/\" \/>\n<meta property=\"og:locale\" content=\"en_US\" \/>\n<meta property=\"og:type\" content=\"article\" \/>\n<meta property=\"og:title\" content=\"Tableau - Carr\u00e9 Herm\u00e8s Les Pivoines - Mon Carr\u00e9 D\u00e9co\" \/>\n<meta property=\"og:description\" content=\"Tableau d&#039;un authentique carr\u00e9 Herm\u00e8s Les Pivoines. Une id\u00e9e de cadeau en liste de mariage. Une d\u00e9coration murale luxueuse et raffin\u00e9e symbole de sentiments amoureux\" \/>\n<meta property=\"og:url\" content=\"https:\/\/mon-carre-deco.com\/en\/product\/tableau-carre-hermes-les-pivoines\/\" \/>\n<meta property=\"og:site_name\" content=\"Mon Carr\u00e9 D\u00e9co\" \/>\n<meta property=\"article:modified_time\" content=\"2023-08-22T18:31:44+00:00\" \/>\n<meta property=\"og:image\" content=\"http:\/\/mon-carre-deco.com\/wp-content\/uploads\/2022\/05\/Carre-Hermes-Les-Pivoines-cadre-bois-naturel-et-passe-partout-blanc.jpg\" \/>\n\t<meta property=\"og:image:width\" content=\"691\" \/>\n\t<meta property=\"og:image:height\" content=\"644\" \/>\n\t<meta property=\"og:image:type\" content=\"image\/jpeg\" \/>\n<meta name=\"twitter:card\" content=\"summary_large_image\" \/>\n<meta name=\"twitter:label1\" content=\"Est. reading time\" \/>\n\t<meta name=\"twitter:data1\" content=\"1 minute\" \/>\n<script type=\"application\/ld+json\" class=\"yoast-schema-graph\">{\"@context\":\"https:\/\/schema.org\",\"@graph\":[{\"@type\":\"WebPage\",\"@id\":\"https:\/\/mon-carre-deco.com\/produit\/tableau-carre-hermes-les-pivoines\/\",\"url\":\"https:\/\/mon-carre-deco.com\/produit\/tableau-carre-hermes-les-pivoines\/\",\"name\":\"Tableau - Carr\u00e9 Herm\u00e8s Les Pivoines - Mon Carr\u00e9 D\u00e9co\",\"isPartOf\":{\"@id\":\"https:\/\/mon-carre-deco.com\/#website\"},\"primaryImageOfPage\":{\"@id\":\"https:\/\/mon-carre-deco.com\/produit\/tableau-carre-hermes-les-pivoines\/#primaryimage\"},\"image\":{\"@id\":\"https:\/\/mon-carre-deco.com\/produit\/tableau-carre-hermes-les-pivoines\/#primaryimage\"},\"thumbnailUrl\":\"https:\/\/mon-carre-deco.com\/wp-content\/uploads\/2022\/05\/Carre-Hermes-Les-Pivoines-cadre-bois-naturel-et-passe-partout-blanc.jpg\",\"datePublished\":\"2022-05-19T23:26:56+00:00\",\"dateModified\":\"2023-08-22T18:31:44+00:00\",\"description\":\"Tableau d'un authentique carr\u00e9 Herm\u00e8s Les Pivoines. Une id\u00e9e de cadeau en liste de mariage. Une d\u00e9coration murale luxueuse et raffin\u00e9e symbole de sentiments amoureux\",\"breadcrumb\":{\"@id\":\"https:\/\/mon-carre-deco.com\/produit\/tableau-carre-hermes-les-pivoines\/#breadcrumb\"},\"inLanguage\":\"en-US\",\"potentialAction\":[{\"@type\":\"ReadAction\",\"target\":[\"https:\/\/mon-carre-deco.com\/produit\/tableau-carre-hermes-les-pivoines\/\"]}]},{\"@type\":\"ImageObject\",\"inLanguage\":\"en-US\",\"@id\":\"https:\/\/mon-carre-deco.com\/produit\/tableau-carre-hermes-les-pivoines\/#primaryimage\",\"url\":\"https:\/\/mon-carre-deco.com\/wp-content\/uploads\/2022\/05\/Carre-Hermes-Les-Pivoines-cadre-bois-naturel-et-passe-partout-blanc.jpg\",\"contentUrl\":\"https:\/\/mon-carre-deco.com\/wp-content\/uploads\/2022\/05\/Carre-Hermes-Les-Pivoines-cadre-bois-naturel-et-passe-partout-blanc.jpg\",\"width\":691,\"height\":644,\"caption\":\"Tableau carr\u00e9 Herm\u00e8s Les pivoines moulure bois naturel passe-partout blanc\"},{\"@type\":\"BreadcrumbList\",\"@id\":\"https:\/\/mon-carre-deco.com\/produit\/tableau-carre-hermes-les-pivoines\/#breadcrumb\",\"itemListElement\":[{\"@type\":\"ListItem\",\"position\":1,\"name\":\"Accueil\",\"item\":\"https:\/\/mon-carre-deco.com\/\"},{\"@type\":\"ListItem\",\"position\":2,\"name\":\"Tableaux\",\"item\":\"https:\/\/mon-carre-deco.com\/boutique-tableau-hermes\/\"},{\"@type\":\"ListItem\",\"position\":3,\"name\":\"Tableau &#8211; Carr\u00e9 Herm\u00e8s Les Pivoines\"}]},{\"@type\":\"WebSite\",\"@id\":\"https:\/\/mon-carre-deco.com\/#website\",\"url\":\"https:\/\/mon-carre-deco.com\/\",\"name\":\"Mon Carr\u00e9 D\u00e9co\",\"description\":\"Mon Carr\u00e9 D&#039;art at Home, vente de tableau Herm\u00e8s, foulard carr\u00e9 Herm\u00e8s encadr\u00e9\",\"publisher\":{\"@id\":\"https:\/\/mon-carre-deco.com\/#organization\"},\"potentialAction\":[{\"@type\":\"SearchAction\",\"target\":{\"@type\":\"EntryPoint\",\"urlTemplate\":\"https:\/\/mon-carre-deco.com\/?s={search_term_string}\"},\"query-input\":{\"@type\":\"PropertyValueSpecification\",\"valueRequired\":true,\"valueName\":\"search_term_string\"}}],\"inLanguage\":\"en-US\"},{\"@type\":\"Organization\",\"@id\":\"https:\/\/mon-carre-deco.com\/#organization\",\"name\":\"Mon Carr\u00e9 D\u00e9co\",\"url\":\"https:\/\/mon-carre-deco.com\/\",\"logo\":{\"@type\":\"ImageObject\",\"inLanguage\":\"en-US\",\"@id\":\"https:\/\/mon-carre-deco.com\/#\/schema\/logo\/image\/\",\"url\":\"https:\/\/mon-carre-deco.com\/wp-content\/uploads\/2021\/04\/cropped-Logo-mon-carre-deco-2.png\",\"contentUrl\":\"https:\/\/mon-carre-deco.com\/wp-content\/uploads\/2021\/04\/cropped-Logo-mon-carre-deco-2.png\",\"width\":1043,\"height\":1043,\"caption\":\"Mon Carr\u00e9 D\u00e9co\"},\"image\":{\"@id\":\"https:\/\/mon-carre-deco.com\/#\/schema\/logo\/image\/\"}}]}<\/script>\n<!-- \/ Yoast SEO plugin. -->","yoast_head_json":{"title":"Tableau - Carr\u00e9 Herm\u00e8s Les Pivoines - Mon Carr\u00e9 D\u00e9co","description":"Tableau d'un authentique carr\u00e9 Herm\u00e8s Les Pivoines. Une id\u00e9e de cadeau en liste de mariage. Une d\u00e9coration murale luxueuse et raffin\u00e9e symbole de sentiments amoureux","robots":{"index":"index","follow":"follow","max-snippet":"max-snippet:-1","max-image-preview":"max-image-preview:large","max-video-preview":"max-video-preview:-1"},"canonical":"https:\/\/mon-carre-deco.com\/en\/product\/tableau-carre-hermes-les-pivoines\/","og_locale":"en_US","og_type":"article","og_title":"Tableau - Carr\u00e9 Herm\u00e8s Les Pivoines - Mon Carr\u00e9 D\u00e9co","og_description":"Tableau d'un authentique carr\u00e9 Herm\u00e8s Les Pivoines. Une id\u00e9e de cadeau en liste de mariage. Une d\u00e9coration murale luxueuse et raffin\u00e9e symbole de sentiments amoureux","og_url":"https:\/\/mon-carre-deco.com\/en\/product\/tableau-carre-hermes-les-pivoines\/","og_site_name":"Mon Carr\u00e9 D\u00e9co","article_modified_time":"2023-08-22T18:31:44+00:00","og_image":[{"width":691,"height":644,"url":"http:\/\/mon-carre-deco.com\/wp-content\/uploads\/2022\/05\/Carre-Hermes-Les-Pivoines-cadre-bois-naturel-et-passe-partout-blanc.jpg","type":"image\/jpeg"}],"twitter_card":"summary_large_image","twitter_misc":{"Est. reading time":"1 minute"},"schema":{"@context":"https:\/\/schema.org","@graph":[{"@type":"WebPage","@id":"https:\/\/mon-carre-deco.com\/produit\/tableau-carre-hermes-les-pivoines\/","url":"https:\/\/mon-carre-deco.com\/produit\/tableau-carre-hermes-les-pivoines\/","name":"Tableau - Carr\u00e9 Herm\u00e8s Les Pivoines - Mon Carr\u00e9 D\u00e9co","isPartOf":{"@id":"https:\/\/mon-carre-deco.com\/#website"},"primaryImageOfPage":{"@id":"https:\/\/mon-carre-deco.com\/produit\/tableau-carre-hermes-les-pivoines\/#primaryimage"},"image":{"@id":"https:\/\/mon-carre-deco.com\/produit\/tableau-carre-hermes-les-pivoines\/#primaryimage"},"thumbnailUrl":"https:\/\/mon-carre-deco.com\/wp-content\/uploads\/2022\/05\/Carre-Hermes-Les-Pivoines-cadre-bois-naturel-et-passe-partout-blanc.jpg","datePublished":"2022-05-19T23:26:56+00:00","dateModified":"2023-08-22T18:31:44+00:00","description":"Tableau d'un authentique carr\u00e9 Herm\u00e8s Les Pivoines. Une id\u00e9e de cadeau en liste de mariage. Une d\u00e9coration murale luxueuse et raffin\u00e9e symbole de sentiments amoureux","breadcrumb":{"@id":"https:\/\/mon-carre-deco.com\/produit\/tableau-carre-hermes-les-pivoines\/#breadcrumb"},"inLanguage":"en-US","potentialAction":[{"@type":"ReadAction","target":["https:\/\/mon-carre-deco.com\/produit\/tableau-carre-hermes-les-pivoines\/"]}]},{"@type":"ImageObject","inLanguage":"en-US","@id":"https:\/\/mon-carre-deco.com\/produit\/tableau-carre-hermes-les-pivoines\/#primaryimage","url":"https:\/\/mon-carre-deco.com\/wp-content\/uploads\/2022\/05\/Carre-Hermes-Les-Pivoines-cadre-bois-naturel-et-passe-partout-blanc.jpg","contentUrl":"https:\/\/mon-carre-deco.com\/wp-content\/uploads\/2022\/05\/Carre-Hermes-Les-Pivoines-cadre-bois-naturel-et-passe-partout-blanc.jpg","width":691,"height":644,"caption":"Tableau carr\u00e9 Herm\u00e8s Les pivoines moulure bois naturel passe-partout blanc"},{"@type":"BreadcrumbList","@id":"https:\/\/mon-carre-deco.com\/produit\/tableau-carre-hermes-les-pivoines\/#breadcrumb","itemListElement":[{"@type":"ListItem","position":1,"name":"Accueil","item":"https:\/\/mon-carre-deco.com\/"},{"@type":"ListItem","position":2,"name":"Tableaux","item":"https:\/\/mon-carre-deco.com\/boutique-tableau-hermes\/"},{"@type":"ListItem","position":3,"name":"Tableau &#8211; Carr\u00e9 Herm\u00e8s Les Pivoines"}]},{"@type":"WebSite","@id":"https:\/\/mon-carre-deco.com\/#website","url":"https:\/\/mon-carre-deco.com\/","name":"Mon Carr\u00e9 D\u00e9co","description":"Mon Carr\u00e9 D&#039;art at Home, vente de tableau Herm\u00e8s, foulard carr\u00e9 Herm\u00e8s encadr\u00e9","publisher":{"@id":"https:\/\/mon-carre-deco.com\/#organization"},"potentialAction":[{"@type":"SearchAction","target":{"@type":"EntryPoint","urlTemplate":"https:\/\/mon-carre-deco.com\/?s={search_term_string}"},"query-input":{"@type":"PropertyValueSpecification","valueRequired":true,"valueName":"search_term_string"}}],"inLanguage":"en-US"},{"@type":"Organization","@id":"https:\/\/mon-carre-deco.com\/#organization","name":"Mon Carr\u00e9 D\u00e9co","url":"https:\/\/mon-carre-deco.com\/","logo":{"@type":"ImageObject","inLanguage":"en-US","@id":"https:\/\/mon-carre-deco.com\/#\/schema\/logo\/image\/","url":"https:\/\/mon-carre-deco.com\/wp-content\/uploads\/2021\/04\/cropped-Logo-mon-carre-deco-2.png","contentUrl":"https:\/\/mon-carre-deco.com\/wp-content\/uploads\/2021\/04\/cropped-Logo-mon-carre-deco-2.png","width":1043,"height":1043,"caption":"Mon Carr\u00e9 D\u00e9co"},"image":{"@id":"https:\/\/mon-carre-deco.com\/#\/schema\/logo\/image\/"}}]}},"_links":{"self":[{"href":"https:\/\/mon-carre-deco.com\/en\/wp-json\/wp\/v2\/product\/3536","targetHints":{"allow":["GET"]}}],"collection":[{"href":"https:\/\/mon-carre-deco.com\/en\/wp-json\/wp\/v2\/product"}],"about":[{"href":"https:\/\/mon-carre-deco.com\/en\/wp-json\/wp\/v2\/types\/product"}],"replies":[{"embeddable":true,"href":"https:\/\/mon-carre-deco.com\/en\/wp-json\/wp\/v2\/comments?post=3536"}],"version-history":[{"count":6,"href":"https:\/\/mon-carre-deco.com\/en\/wp-json\/wp\/v2\/product\/3536\/revisions"}],"predecessor-version":[{"id":4140,"href":"https:\/\/mon-carre-deco.com\/en\/wp-json\/wp\/v2\/product\/3536\/revisions\/4140"}],"wp:featuredmedia":[{"embeddable":true,"href":"https:\/\/mon-carre-deco.com\/en\/wp-json\/wp\/v2\/media\/3543"}],"wp:attachment":[{"href":"https:\/\/mon-carre-deco.com\/en\/wp-json\/wp\/v2\/media?parent=3536"}],"wp:term":[{"taxonomy":"product_brand","embeddable":true,"href":"https:\/\/mon-carre-deco.com\/en\/wp-json\/wp\/v2\/product_brand?post=3536"},{"taxonomy":"product_cat","embeddable":true,"href":"https:\/\/mon-carre-deco.com\/en\/wp-json\/wp\/v2\/product_cat?post=3536"},{"taxonomy":"product_tag","embeddable":true,"href":"https:\/\/mon-carre-deco.com\/en\/wp-json\/wp\/v2\/product_tag?post=3536"}],"curies":[{"name":"wp","href":"https:\/\/api.w.org\/{rel}","templated":true}]}}