{"id":3606,"date":"2022-07-14T01:07:41","date_gmt":"2022-07-13T23:07:41","guid":{"rendered":"https:\/\/mon-carre-deco.com\/?post_type=product&#038;p=3606"},"modified":"2023-12-25T18:33:35","modified_gmt":"2023-12-25T17:33:35","slug":"tableau-carre-hermes-feux-du-ciel","status":"publish","type":"product","link":"https:\/\/mon-carre-deco.com\/en\/product\/tableau-carre-hermes-feux-du-ciel\/","title":{"rendered":"Tableau &#8211; Carr\u00e9 Herm\u00e8s Feux du Ciel"},"content":{"rendered":"<p>\u00ab\u00a0Feux du ciel\u00a0\u00bb<\/p>\n<p>Premi\u00e8re Edition en 2000, r\u00e9\u00e9dit\u00e9 en 2003<\/p>\n<p>L&rsquo;artiste Sefedin Ibrahim Alamin (Kwumi).<br \/>\nApr\u00e8s que ses parents aient \u00e9t\u00e9 tu\u00e9s en 1997, pendant une guerre civile, un gar\u00e7on soudanais de 14 ans nomm\u00e9 Sefedin, a trouv\u00e9 le chemin d&rsquo;un camp de base pour M\u00e9decins sans fronti\u00e8res, qui l&rsquo;a plac\u00e9 dans une \u00e9cole pour orphelins. L\u00e0-bas, il a dessin\u00e9 \u00e0 la craie des croquis color\u00e9s de paysages africains, qui ont fini par atterrir sur le bureau de Jean-Louis Dumas. Dumas, le Directeur G\u00e9n\u00e9ral, aujourd&rsquo;hui \u00e0 la retraite, d&rsquo;Herm\u00e8s, s&rsquo;\u00e9tait d\u00e9j\u00e0 rendu dans l&rsquo;\u00e9cole et avait demand\u00e9 aux enseignants de lui envoyer le travail du tout jeune artiste prometteur. Dumas a engag\u00e9 Sefedin pour concevoir pour Herm\u00e8s. Il a cr\u00e9\u00e9 six styles diff\u00e9rents \u00ab\u00a0Ce gar\u00e7on est n\u00e9 pendant la guerre et n&rsquo;a vu que la mort autour de lui, mais toutes ses cr\u00e9ations sont tr\u00e8s paisibles\u00a0\u00bb.<\/p>","protected":false},"excerpt":{"rendered":"<p>Le tableau Feux du ciel est une d\u00e9coration murale ethnique chic qui r\u00e9chauffera de fa\u00e7on \u00e9l\u00e9gante votre d\u00e9coration int\u00e9rieure. La touche unique et personnelle dans un int\u00e9rieur tendance o\u00f9 seront privil\u00e9gi\u00e9s les tons naturels comme les tons ocre, marron et beige. Dans une pi\u00e8ce, pour un style authentique, ce tableau s&rsquo;harmonisera avec des accessoires fabriqu\u00e9s en fibres naturelles telles que l\u2019osier, le rotin et le bambou.<\/p>\n<ul>\n<li>Silk<\/li>\n<li>Couleurs dominantes : marron, jaune, ocre<\/li>\n<li>Moulure en bois<\/li>\n<li>White matting<\/li>\n<li>UV-protective acrylic glass<\/li>\n<li>Rear mounting hook<\/li>\n<\/ul>\n<p>Designer : Sefedin Ibrahim Alamin (Kuami)<\/p>","protected":false},"featured_media":3607,"comment_status":"open","ping_status":"closed","template":"","meta":{"site-sidebar-layout":"default","site-content-layout":"default","ast-site-content-layout":"default","site-content-style":"default","site-sidebar-style":"default","ast-global-header-display":"","ast-banner-title-visibility":"","ast-main-header-display":"","ast-hfb-above-header-display":"","ast-hfb-below-header-display":"","ast-hfb-mobile-header-display":"","site-post-title":"","ast-breadcrumbs-content":"","ast-featured-img":"","footer-sml-layout":"","theme-transparent-header-meta":"default","adv-header-id-meta":"","stick-header-meta":"","header-above-stick-meta":"","header-main-stick-meta":"","header-below-stick-meta":"","astra-migrate-meta-layouts":"set"},"product_brand":[],"product_cat":[24],"product_tag":[],"class_list":{"0":"post-3606","1":"product","2":"type-product","3":"status-publish","4":"has-post-thumbnail","6":"product_cat-carre-90x90","7":"desktop-align-left","8":"tablet-align-left","9":"mobile-align-left","11":"first","12":"instock","13":"sold-individually","14":"shipping-taxable","15":"product-type-simple"},"yoast_head":"<!-- This site is optimized with the Yoast SEO plugin v25.4 - https:\/\/yoast.com\/wordpress\/plugins\/seo\/ -->\n<title>Tableau - Carr\u00e9 Herm\u00e8s Feux du Ciel - Mon Carr\u00e9 D\u00e9co<\/title>\n<meta name=\"description\" content=\"Tableau d&#039;un carr\u00e9 Herm\u00e8s \u00e9dit\u00e9e en 2000 de l&#039;artiste soudanais Sefedin Ibrahim Alamia, dit Kuami, une d\u00e9coration murale ethnique chic africaine\" \/>\n<meta name=\"robots\" content=\"index, follow, max-snippet:-1, max-image-preview:large, max-video-preview:-1\" \/>\n<link rel=\"canonical\" href=\"https:\/\/mon-carre-deco.com\/en\/product\/tableau-carre-hermes-feux-du-ciel\/\" \/>\n<meta property=\"og:locale\" content=\"en_US\" \/>\n<meta property=\"og:type\" content=\"article\" \/>\n<meta property=\"og:title\" content=\"Tableau - Carr\u00e9 Herm\u00e8s Feux du Ciel - Mon Carr\u00e9 D\u00e9co\" \/>\n<meta property=\"og:description\" content=\"Tableau d&#039;un carr\u00e9 Herm\u00e8s \u00e9dit\u00e9e en 2000 de l&#039;artiste soudanais Sefedin Ibrahim Alamia, dit Kuami, une d\u00e9coration murale ethnique chic africaine\" \/>\n<meta property=\"og:url\" content=\"https:\/\/mon-carre-deco.com\/en\/product\/tableau-carre-hermes-feux-du-ciel\/\" \/>\n<meta property=\"og:site_name\" content=\"Mon Carr\u00e9 D\u00e9co\" \/>\n<meta property=\"article:modified_time\" content=\"2023-12-25T17:33:35+00:00\" \/>\n<meta property=\"og:image\" content=\"http:\/\/mon-carre-deco.com\/wp-content\/uploads\/2022\/07\/Tableau-Hermes-FEUX-DU-CIEL-de-Sefedin-Ibrahim-Alamia.jpg\" \/>\n\t<meta property=\"og:image:width\" content=\"691\" \/>\n\t<meta property=\"og:image:height\" content=\"644\" \/>\n\t<meta property=\"og:image:type\" content=\"image\/jpeg\" \/>\n<meta name=\"twitter:card\" content=\"summary_large_image\" \/>\n<meta name=\"twitter:label1\" content=\"Est. reading time\" \/>\n\t<meta name=\"twitter:data1\" content=\"1 minute\" \/>\n<script type=\"application\/ld+json\" class=\"yoast-schema-graph\">{\"@context\":\"https:\/\/schema.org\",\"@graph\":[{\"@type\":\"WebPage\",\"@id\":\"https:\/\/mon-carre-deco.com\/produit\/tableau-carre-hermes-feux-du-ciel\/\",\"url\":\"https:\/\/mon-carre-deco.com\/produit\/tableau-carre-hermes-feux-du-ciel\/\",\"name\":\"Tableau - Carr\u00e9 Herm\u00e8s Feux du Ciel - Mon Carr\u00e9 D\u00e9co\",\"isPartOf\":{\"@id\":\"https:\/\/mon-carre-deco.com\/#website\"},\"primaryImageOfPage\":{\"@id\":\"https:\/\/mon-carre-deco.com\/produit\/tableau-carre-hermes-feux-du-ciel\/#primaryimage\"},\"image\":{\"@id\":\"https:\/\/mon-carre-deco.com\/produit\/tableau-carre-hermes-feux-du-ciel\/#primaryimage\"},\"thumbnailUrl\":\"https:\/\/mon-carre-deco.com\/wp-content\/uploads\/2022\/07\/Tableau-Hermes-FEUX-DU-CIEL-de-Sefedin-Ibrahim-Alamia.jpg\",\"datePublished\":\"2022-07-13T23:07:41+00:00\",\"dateModified\":\"2023-12-25T17:33:35+00:00\",\"description\":\"Tableau d'un carr\u00e9 Herm\u00e8s \u00e9dit\u00e9e en 2000 de l'artiste soudanais Sefedin Ibrahim Alamia, dit Kuami, une d\u00e9coration murale ethnique chic africaine\",\"breadcrumb\":{\"@id\":\"https:\/\/mon-carre-deco.com\/produit\/tableau-carre-hermes-feux-du-ciel\/#breadcrumb\"},\"inLanguage\":\"en-US\",\"potentialAction\":[{\"@type\":\"ReadAction\",\"target\":[\"https:\/\/mon-carre-deco.com\/produit\/tableau-carre-hermes-feux-du-ciel\/\"]}]},{\"@type\":\"ImageObject\",\"inLanguage\":\"en-US\",\"@id\":\"https:\/\/mon-carre-deco.com\/produit\/tableau-carre-hermes-feux-du-ciel\/#primaryimage\",\"url\":\"https:\/\/mon-carre-deco.com\/wp-content\/uploads\/2022\/07\/Tableau-Hermes-FEUX-DU-CIEL-de-Sefedin-Ibrahim-Alamia.jpg\",\"contentUrl\":\"https:\/\/mon-carre-deco.com\/wp-content\/uploads\/2022\/07\/Tableau-Hermes-FEUX-DU-CIEL-de-Sefedin-Ibrahim-Alamia.jpg\",\"width\":691,\"height\":644,\"caption\":\"Tableau Herm\u00e8s FEUX DU CIEL de Sefedin Ibrahim Alamia moulure bois marron, passe partout blanc\"},{\"@type\":\"BreadcrumbList\",\"@id\":\"https:\/\/mon-carre-deco.com\/produit\/tableau-carre-hermes-feux-du-ciel\/#breadcrumb\",\"itemListElement\":[{\"@type\":\"ListItem\",\"position\":1,\"name\":\"Accueil\",\"item\":\"https:\/\/mon-carre-deco.com\/\"},{\"@type\":\"ListItem\",\"position\":2,\"name\":\"Tableaux\",\"item\":\"https:\/\/mon-carre-deco.com\/boutique-tableau-hermes\/\"},{\"@type\":\"ListItem\",\"position\":3,\"name\":\"Tableau &#8211; Carr\u00e9 Herm\u00e8s Feux du Ciel\"}]},{\"@type\":\"WebSite\",\"@id\":\"https:\/\/mon-carre-deco.com\/#website\",\"url\":\"https:\/\/mon-carre-deco.com\/\",\"name\":\"Mon Carr\u00e9 D\u00e9co\",\"description\":\"Mon Carr\u00e9 D&#039;art at Home, vente de tableau Herm\u00e8s, foulard carr\u00e9 Herm\u00e8s encadr\u00e9\",\"publisher\":{\"@id\":\"https:\/\/mon-carre-deco.com\/#organization\"},\"potentialAction\":[{\"@type\":\"SearchAction\",\"target\":{\"@type\":\"EntryPoint\",\"urlTemplate\":\"https:\/\/mon-carre-deco.com\/?s={search_term_string}\"},\"query-input\":{\"@type\":\"PropertyValueSpecification\",\"valueRequired\":true,\"valueName\":\"search_term_string\"}}],\"inLanguage\":\"en-US\"},{\"@type\":\"Organization\",\"@id\":\"https:\/\/mon-carre-deco.com\/#organization\",\"name\":\"Mon Carr\u00e9 D\u00e9co\",\"url\":\"https:\/\/mon-carre-deco.com\/\",\"logo\":{\"@type\":\"ImageObject\",\"inLanguage\":\"en-US\",\"@id\":\"https:\/\/mon-carre-deco.com\/#\/schema\/logo\/image\/\",\"url\":\"https:\/\/mon-carre-deco.com\/wp-content\/uploads\/2021\/04\/cropped-Logo-mon-carre-deco-2.png\",\"contentUrl\":\"https:\/\/mon-carre-deco.com\/wp-content\/uploads\/2021\/04\/cropped-Logo-mon-carre-deco-2.png\",\"width\":1043,\"height\":1043,\"caption\":\"Mon Carr\u00e9 D\u00e9co\"},\"image\":{\"@id\":\"https:\/\/mon-carre-deco.com\/#\/schema\/logo\/image\/\"}}]}<\/script>\n<!-- \/ Yoast SEO plugin. -->","yoast_head_json":{"title":"Tableau - Carr\u00e9 Herm\u00e8s Feux du Ciel - Mon Carr\u00e9 D\u00e9co","description":"Tableau d'un carr\u00e9 Herm\u00e8s \u00e9dit\u00e9e en 2000 de l'artiste soudanais Sefedin Ibrahim Alamia, dit Kuami, une d\u00e9coration murale ethnique chic africaine","robots":{"index":"index","follow":"follow","max-snippet":"max-snippet:-1","max-image-preview":"max-image-preview:large","max-video-preview":"max-video-preview:-1"},"canonical":"https:\/\/mon-carre-deco.com\/en\/product\/tableau-carre-hermes-feux-du-ciel\/","og_locale":"en_US","og_type":"article","og_title":"Tableau - Carr\u00e9 Herm\u00e8s Feux du Ciel - Mon Carr\u00e9 D\u00e9co","og_description":"Tableau d'un carr\u00e9 Herm\u00e8s \u00e9dit\u00e9e en 2000 de l'artiste soudanais Sefedin Ibrahim Alamia, dit Kuami, une d\u00e9coration murale ethnique chic africaine","og_url":"https:\/\/mon-carre-deco.com\/en\/product\/tableau-carre-hermes-feux-du-ciel\/","og_site_name":"Mon Carr\u00e9 D\u00e9co","article_modified_time":"2023-12-25T17:33:35+00:00","og_image":[{"width":691,"height":644,"url":"http:\/\/mon-carre-deco.com\/wp-content\/uploads\/2022\/07\/Tableau-Hermes-FEUX-DU-CIEL-de-Sefedin-Ibrahim-Alamia.jpg","type":"image\/jpeg"}],"twitter_card":"summary_large_image","twitter_misc":{"Est. reading time":"1 minute"},"schema":{"@context":"https:\/\/schema.org","@graph":[{"@type":"WebPage","@id":"https:\/\/mon-carre-deco.com\/produit\/tableau-carre-hermes-feux-du-ciel\/","url":"https:\/\/mon-carre-deco.com\/produit\/tableau-carre-hermes-feux-du-ciel\/","name":"Tableau - Carr\u00e9 Herm\u00e8s Feux du Ciel - Mon Carr\u00e9 D\u00e9co","isPartOf":{"@id":"https:\/\/mon-carre-deco.com\/#website"},"primaryImageOfPage":{"@id":"https:\/\/mon-carre-deco.com\/produit\/tableau-carre-hermes-feux-du-ciel\/#primaryimage"},"image":{"@id":"https:\/\/mon-carre-deco.com\/produit\/tableau-carre-hermes-feux-du-ciel\/#primaryimage"},"thumbnailUrl":"https:\/\/mon-carre-deco.com\/wp-content\/uploads\/2022\/07\/Tableau-Hermes-FEUX-DU-CIEL-de-Sefedin-Ibrahim-Alamia.jpg","datePublished":"2022-07-13T23:07:41+00:00","dateModified":"2023-12-25T17:33:35+00:00","description":"Tableau d'un carr\u00e9 Herm\u00e8s \u00e9dit\u00e9e en 2000 de l'artiste soudanais Sefedin Ibrahim Alamia, dit Kuami, une d\u00e9coration murale ethnique chic africaine","breadcrumb":{"@id":"https:\/\/mon-carre-deco.com\/produit\/tableau-carre-hermes-feux-du-ciel\/#breadcrumb"},"inLanguage":"en-US","potentialAction":[{"@type":"ReadAction","target":["https:\/\/mon-carre-deco.com\/produit\/tableau-carre-hermes-feux-du-ciel\/"]}]},{"@type":"ImageObject","inLanguage":"en-US","@id":"https:\/\/mon-carre-deco.com\/produit\/tableau-carre-hermes-feux-du-ciel\/#primaryimage","url":"https:\/\/mon-carre-deco.com\/wp-content\/uploads\/2022\/07\/Tableau-Hermes-FEUX-DU-CIEL-de-Sefedin-Ibrahim-Alamia.jpg","contentUrl":"https:\/\/mon-carre-deco.com\/wp-content\/uploads\/2022\/07\/Tableau-Hermes-FEUX-DU-CIEL-de-Sefedin-Ibrahim-Alamia.jpg","width":691,"height":644,"caption":"Tableau Herm\u00e8s FEUX DU CIEL de Sefedin Ibrahim Alamia moulure bois marron, passe partout blanc"},{"@type":"BreadcrumbList","@id":"https:\/\/mon-carre-deco.com\/produit\/tableau-carre-hermes-feux-du-ciel\/#breadcrumb","itemListElement":[{"@type":"ListItem","position":1,"name":"Accueil","item":"https:\/\/mon-carre-deco.com\/"},{"@type":"ListItem","position":2,"name":"Tableaux","item":"https:\/\/mon-carre-deco.com\/boutique-tableau-hermes\/"},{"@type":"ListItem","position":3,"name":"Tableau &#8211; Carr\u00e9 Herm\u00e8s Feux du Ciel"}]},{"@type":"WebSite","@id":"https:\/\/mon-carre-deco.com\/#website","url":"https:\/\/mon-carre-deco.com\/","name":"Mon Carr\u00e9 D\u00e9co","description":"Mon Carr\u00e9 D&#039;art at Home, vente de tableau Herm\u00e8s, foulard carr\u00e9 Herm\u00e8s encadr\u00e9","publisher":{"@id":"https:\/\/mon-carre-deco.com\/#organization"},"potentialAction":[{"@type":"SearchAction","target":{"@type":"EntryPoint","urlTemplate":"https:\/\/mon-carre-deco.com\/?s={search_term_string}"},"query-input":{"@type":"PropertyValueSpecification","valueRequired":true,"valueName":"search_term_string"}}],"inLanguage":"en-US"},{"@type":"Organization","@id":"https:\/\/mon-carre-deco.com\/#organization","name":"Mon Carr\u00e9 D\u00e9co","url":"https:\/\/mon-carre-deco.com\/","logo":{"@type":"ImageObject","inLanguage":"en-US","@id":"https:\/\/mon-carre-deco.com\/#\/schema\/logo\/image\/","url":"https:\/\/mon-carre-deco.com\/wp-content\/uploads\/2021\/04\/cropped-Logo-mon-carre-deco-2.png","contentUrl":"https:\/\/mon-carre-deco.com\/wp-content\/uploads\/2021\/04\/cropped-Logo-mon-carre-deco-2.png","width":1043,"height":1043,"caption":"Mon Carr\u00e9 D\u00e9co"},"image":{"@id":"https:\/\/mon-carre-deco.com\/#\/schema\/logo\/image\/"}}]}},"_links":{"self":[{"href":"https:\/\/mon-carre-deco.com\/en\/wp-json\/wp\/v2\/product\/3606","targetHints":{"allow":["GET"]}}],"collection":[{"href":"https:\/\/mon-carre-deco.com\/en\/wp-json\/wp\/v2\/product"}],"about":[{"href":"https:\/\/mon-carre-deco.com\/en\/wp-json\/wp\/v2\/types\/product"}],"replies":[{"embeddable":true,"href":"https:\/\/mon-carre-deco.com\/en\/wp-json\/wp\/v2\/comments?post=3606"}],"version-history":[{"count":4,"href":"https:\/\/mon-carre-deco.com\/en\/wp-json\/wp\/v2\/product\/3606\/revisions"}],"predecessor-version":[{"id":3615,"href":"https:\/\/mon-carre-deco.com\/en\/wp-json\/wp\/v2\/product\/3606\/revisions\/3615"}],"wp:featuredmedia":[{"embeddable":true,"href":"https:\/\/mon-carre-deco.com\/en\/wp-json\/wp\/v2\/media\/3607"}],"wp:attachment":[{"href":"https:\/\/mon-carre-deco.com\/en\/wp-json\/wp\/v2\/media?parent=3606"}],"wp:term":[{"taxonomy":"product_brand","embeddable":true,"href":"https:\/\/mon-carre-deco.com\/en\/wp-json\/wp\/v2\/product_brand?post=3606"},{"taxonomy":"product_cat","embeddable":true,"href":"https:\/\/mon-carre-deco.com\/en\/wp-json\/wp\/v2\/product_cat?post=3606"},{"taxonomy":"product_tag","embeddable":true,"href":"https:\/\/mon-carre-deco.com\/en\/wp-json\/wp\/v2\/product_tag?post=3606"}],"curies":[{"name":"wp","href":"https:\/\/api.w.org\/{rel}","templated":true}]}}