{"id":3669,"date":"2022-10-10T14:43:26","date_gmt":"2022-10-10T12:43:26","guid":{"rendered":"https:\/\/mon-carre-deco.com\/?post_type=product&#038;p=3669"},"modified":"2023-12-04T09:14:05","modified_gmt":"2023-12-04T08:14:05","slug":"tableau-carre-hermes-photo-finish","status":"publish","type":"product","link":"https:\/\/mon-carre-deco.com\/en\/product\/tableau-carre-hermes-photo-finish\/","title":{"rendered":"Tableau &#8211; Carr\u00e9 Herm\u00e8s Photo Finish"},"content":{"rendered":"<p>\u00ab\u00a0Photo Finish\u00a0\u00bb<\/p>\n<p>\u00c9dit\u00e9 en 2013<\/p>\n<p>Designer <a href=\"https:\/\/dimitrir.cargo.site\/\">Dimitri Rybaltchenko<\/a><\/p>\n<p>Dimitri Rybaltchenko est issu d&rsquo;une famille de grands artistes, qui ont tous jou\u00e9 un r\u00f4le majeur dans le succ\u00e8s de la Maison Herm\u00e8s, en particulier Herm\u00e8s Carr\u00e9. Dimitri est le fils de Vladimir Rybaltchenko, qui \u00e9tait le petit-neveu de Philippe Ledoux.<\/p>\n<p><em>You'll also like<\/em><\/p>\n<blockquote>\n<figure id=\"attachment_3704\" aria-describedby=\"caption-attachment-3704\" style=\"width: 301px\" class=\"wp-caption alignnone\"><a href=\"https:\/\/www.lalique.com\/fr\/catalogue\/maison\/accessoires-de-la-maison\/sculptures\/sculpture-cheval-kazak\/incolore\"><img fetchpriority=\"high\" decoding=\"async\" class=\"wp-image-3704\" src=\"http:\/\/mon-carre-deco.com\/wp-content\/uploads\/2022\/10\/Kazark-Lalique.jpg\" alt=\"Cheval Kazak\" width=\"301\" height=\"266\" srcset=\"https:\/\/mon-carre-deco.com\/wp-content\/uploads\/2022\/10\/Kazark-Lalique.jpg 667w, https:\/\/mon-carre-deco.com\/wp-content\/uploads\/2022\/10\/Kazark-Lalique-300x265.jpg 300w, https:\/\/mon-carre-deco.com\/wp-content\/uploads\/2022\/10\/Kazark-Lalique-600x531.jpg 600w\" sizes=\"(max-width: 301px) 100vw, 301px\" \/><\/a><figcaption id=\"caption-attachment-3704\" class=\"wp-caption-text\">Cheval Kazak sculpture cristal incolore Lalique<\/figcaption><\/figure><\/blockquote>","protected":false},"excerpt":{"rendered":"<p style='color: red;'>Sold<\/p>\n<p>Photo Finish est un tableau pour les passionn\u00e9s de courses hippiques. Cette repr\u00e9sentation moderne d&rsquo;un cheval et de son jockey franchissant la ligne d&rsquo;arriv\u00e9e apportera une belle dynamique \u00e0 votre d\u00e9coration int\u00e9rieure. La dominante lie de vin de ses couleurs en fait une d\u00e9coration murale luxueuse et \u00e9l\u00e9gante, un \u00e9l\u00e9ment de d\u00e9coration fort et de caract\u00e8re sur le mur d&rsquo;un espace de travail ou du bureau de Monsieur.<\/p>\n<ul>\n<li style=\"list-style-type: none;\">\n<ul>\n<li>Silk<\/li>\n<li>Couleurs dominantes : Lie de vin, marron, bleu, violet<\/li>\n<li>Moulure en bois noire<\/li>\n<li>White matting<\/li>\n<li>Verre anti UV <span dir=\"ltr\" role=\"presentation\">\u2265<\/span> 99%<\/li>\n<li>Rear mounting hook<\/li>\n<\/ul>\n<\/li>\n<\/ul>\n<p>Designer : <a href=\"https:\/\/dimitrir.cargo.site\/about\">Dimitri Rybaltchenko<\/a><\/p>","protected":false},"featured_media":3703,"comment_status":"open","ping_status":"closed","template":"","meta":{"site-sidebar-layout":"default","site-content-layout":"default","ast-site-content-layout":"default","site-content-style":"default","site-sidebar-style":"default","ast-global-header-display":"","ast-banner-title-visibility":"","ast-main-header-display":"","ast-hfb-above-header-display":"","ast-hfb-below-header-display":"","ast-hfb-mobile-header-display":"","site-post-title":"","ast-breadcrumbs-content":"","ast-featured-img":"","footer-sml-layout":"","theme-transparent-header-meta":"default","adv-header-id-meta":"","stick-header-meta":"","header-above-stick-meta":"","header-main-stick-meta":"","header-below-stick-meta":"","astra-migrate-meta-layouts":"set"},"product_brand":[],"product_cat":[24],"product_tag":[],"class_list":{"0":"post-3669","1":"product","2":"type-product","3":"status-publish","4":"has-post-thumbnail","6":"product_cat-carre-90x90","7":"desktop-align-left","8":"tablet-align-left","9":"mobile-align-left","11":"first","12":"instock","13":"sold-individually","14":"shipping-taxable","15":"product-type-simple"},"yoast_head":"<!-- This site is optimized with the Yoast SEO plugin v25.4 - https:\/\/yoast.com\/wordpress\/plugins\/seo\/ -->\n<title>Tableau - Carr\u00e9 Herm\u00e8s Photo Finish - Mon Carr\u00e9 D\u00e9co<\/title>\n<meta name=\"description\" content=\"Tableau Carr\u00e9 Herm\u00e8s Photo Finish, une d\u00e9coration murale pour les passionn\u00e9s des chevaux de courses, des galopeurs\" \/>\n<meta name=\"robots\" content=\"index, follow, max-snippet:-1, max-image-preview:large, max-video-preview:-1\" \/>\n<link rel=\"canonical\" href=\"https:\/\/mon-carre-deco.com\/en\/product\/tableau-carre-hermes-photo-finish\/\" \/>\n<meta property=\"og:locale\" content=\"en_US\" \/>\n<meta property=\"og:type\" content=\"article\" \/>\n<meta property=\"og:title\" content=\"Tableau - Carr\u00e9 Herm\u00e8s Photo Finish - Mon Carr\u00e9 D\u00e9co\" \/>\n<meta property=\"og:description\" content=\"Tableau Carr\u00e9 Herm\u00e8s Photo Finish, une d\u00e9coration murale pour les passionn\u00e9s des chevaux de courses, des galopeurs\" \/>\n<meta property=\"og:url\" content=\"https:\/\/mon-carre-deco.com\/en\/product\/tableau-carre-hermes-photo-finish\/\" \/>\n<meta property=\"og:site_name\" content=\"Mon Carr\u00e9 D\u00e9co\" \/>\n<meta property=\"article:modified_time\" content=\"2023-12-04T08:14:05+00:00\" \/>\n<meta property=\"og:image\" content=\"http:\/\/mon-carre-deco.com\/wp-content\/uploads\/2022\/10\/Tableau-carre-Hermes-Photo-Finish-cadre-noir.jpg\" \/>\n\t<meta property=\"og:image:width\" content=\"1500\" \/>\n\t<meta property=\"og:image:height\" content=\"1398\" \/>\n\t<meta property=\"og:image:type\" content=\"image\/jpeg\" \/>\n<meta name=\"twitter:card\" content=\"summary_large_image\" \/>\n<meta name=\"twitter:label1\" content=\"Est. reading time\" \/>\n\t<meta name=\"twitter:data1\" content=\"1 minute\" \/>\n<script type=\"application\/ld+json\" class=\"yoast-schema-graph\">{\"@context\":\"https:\/\/schema.org\",\"@graph\":[{\"@type\":\"WebPage\",\"@id\":\"https:\/\/mon-carre-deco.com\/produit\/tableau-carre-hermes-photo-finish\/\",\"url\":\"https:\/\/mon-carre-deco.com\/produit\/tableau-carre-hermes-photo-finish\/\",\"name\":\"Tableau - Carr\u00e9 Herm\u00e8s Photo Finish - Mon Carr\u00e9 D\u00e9co\",\"isPartOf\":{\"@id\":\"https:\/\/mon-carre-deco.com\/#website\"},\"primaryImageOfPage\":{\"@id\":\"https:\/\/mon-carre-deco.com\/produit\/tableau-carre-hermes-photo-finish\/#primaryimage\"},\"image\":{\"@id\":\"https:\/\/mon-carre-deco.com\/produit\/tableau-carre-hermes-photo-finish\/#primaryimage\"},\"thumbnailUrl\":\"https:\/\/mon-carre-deco.com\/wp-content\/uploads\/2022\/10\/Tableau-carre-Hermes-Photo-Finish-cadre-noir.jpg\",\"datePublished\":\"2022-10-10T12:43:26+00:00\",\"dateModified\":\"2023-12-04T08:14:05+00:00\",\"description\":\"Tableau Carr\u00e9 Herm\u00e8s Photo Finish, une d\u00e9coration murale pour les passionn\u00e9s des chevaux de courses, des galopeurs\",\"breadcrumb\":{\"@id\":\"https:\/\/mon-carre-deco.com\/produit\/tableau-carre-hermes-photo-finish\/#breadcrumb\"},\"inLanguage\":\"en-US\",\"potentialAction\":[{\"@type\":\"ReadAction\",\"target\":[\"https:\/\/mon-carre-deco.com\/produit\/tableau-carre-hermes-photo-finish\/\"]}]},{\"@type\":\"ImageObject\",\"inLanguage\":\"en-US\",\"@id\":\"https:\/\/mon-carre-deco.com\/produit\/tableau-carre-hermes-photo-finish\/#primaryimage\",\"url\":\"https:\/\/mon-carre-deco.com\/wp-content\/uploads\/2022\/10\/Tableau-carre-Hermes-Photo-Finish-cadre-noir.jpg\",\"contentUrl\":\"https:\/\/mon-carre-deco.com\/wp-content\/uploads\/2022\/10\/Tableau-carre-Hermes-Photo-Finish-cadre-noir.jpg\",\"width\":1500,\"height\":1398,\"caption\":\"Tableau carr\u00e9 Herm\u00e8s Phot Finish cadre noir passe partout blanc\"},{\"@type\":\"BreadcrumbList\",\"@id\":\"https:\/\/mon-carre-deco.com\/produit\/tableau-carre-hermes-photo-finish\/#breadcrumb\",\"itemListElement\":[{\"@type\":\"ListItem\",\"position\":1,\"name\":\"Accueil\",\"item\":\"https:\/\/mon-carre-deco.com\/\"},{\"@type\":\"ListItem\",\"position\":2,\"name\":\"Tableaux\",\"item\":\"https:\/\/mon-carre-deco.com\/boutique-tableau-hermes\/\"},{\"@type\":\"ListItem\",\"position\":3,\"name\":\"Tableau &#8211; Carr\u00e9 Herm\u00e8s Photo Finish\"}]},{\"@type\":\"WebSite\",\"@id\":\"https:\/\/mon-carre-deco.com\/#website\",\"url\":\"https:\/\/mon-carre-deco.com\/\",\"name\":\"Mon Carr\u00e9 D\u00e9co\",\"description\":\"Mon Carr\u00e9 D&#039;art at Home, vente de tableau Herm\u00e8s, foulard carr\u00e9 Herm\u00e8s encadr\u00e9\",\"publisher\":{\"@id\":\"https:\/\/mon-carre-deco.com\/#organization\"},\"potentialAction\":[{\"@type\":\"SearchAction\",\"target\":{\"@type\":\"EntryPoint\",\"urlTemplate\":\"https:\/\/mon-carre-deco.com\/?s={search_term_string}\"},\"query-input\":{\"@type\":\"PropertyValueSpecification\",\"valueRequired\":true,\"valueName\":\"search_term_string\"}}],\"inLanguage\":\"en-US\"},{\"@type\":\"Organization\",\"@id\":\"https:\/\/mon-carre-deco.com\/#organization\",\"name\":\"Mon Carr\u00e9 D\u00e9co\",\"url\":\"https:\/\/mon-carre-deco.com\/\",\"logo\":{\"@type\":\"ImageObject\",\"inLanguage\":\"en-US\",\"@id\":\"https:\/\/mon-carre-deco.com\/#\/schema\/logo\/image\/\",\"url\":\"https:\/\/mon-carre-deco.com\/wp-content\/uploads\/2021\/04\/cropped-Logo-mon-carre-deco-2.png\",\"contentUrl\":\"https:\/\/mon-carre-deco.com\/wp-content\/uploads\/2021\/04\/cropped-Logo-mon-carre-deco-2.png\",\"width\":1043,\"height\":1043,\"caption\":\"Mon Carr\u00e9 D\u00e9co\"},\"image\":{\"@id\":\"https:\/\/mon-carre-deco.com\/#\/schema\/logo\/image\/\"}}]}<\/script>\n<!-- \/ Yoast SEO plugin. -->","yoast_head_json":{"title":"Tableau - Carr\u00e9 Herm\u00e8s Photo Finish - Mon Carr\u00e9 D\u00e9co","description":"Tableau Carr\u00e9 Herm\u00e8s Photo Finish, une d\u00e9coration murale pour les passionn\u00e9s des chevaux de courses, des galopeurs","robots":{"index":"index","follow":"follow","max-snippet":"max-snippet:-1","max-image-preview":"max-image-preview:large","max-video-preview":"max-video-preview:-1"},"canonical":"https:\/\/mon-carre-deco.com\/en\/product\/tableau-carre-hermes-photo-finish\/","og_locale":"en_US","og_type":"article","og_title":"Tableau - Carr\u00e9 Herm\u00e8s Photo Finish - Mon Carr\u00e9 D\u00e9co","og_description":"Tableau Carr\u00e9 Herm\u00e8s Photo Finish, une d\u00e9coration murale pour les passionn\u00e9s des chevaux de courses, des galopeurs","og_url":"https:\/\/mon-carre-deco.com\/en\/product\/tableau-carre-hermes-photo-finish\/","og_site_name":"Mon Carr\u00e9 D\u00e9co","article_modified_time":"2023-12-04T08:14:05+00:00","og_image":[{"width":1500,"height":1398,"url":"http:\/\/mon-carre-deco.com\/wp-content\/uploads\/2022\/10\/Tableau-carre-Hermes-Photo-Finish-cadre-noir.jpg","type":"image\/jpeg"}],"twitter_card":"summary_large_image","twitter_misc":{"Est. reading time":"1 minute"},"schema":{"@context":"https:\/\/schema.org","@graph":[{"@type":"WebPage","@id":"https:\/\/mon-carre-deco.com\/produit\/tableau-carre-hermes-photo-finish\/","url":"https:\/\/mon-carre-deco.com\/produit\/tableau-carre-hermes-photo-finish\/","name":"Tableau - Carr\u00e9 Herm\u00e8s Photo Finish - Mon Carr\u00e9 D\u00e9co","isPartOf":{"@id":"https:\/\/mon-carre-deco.com\/#website"},"primaryImageOfPage":{"@id":"https:\/\/mon-carre-deco.com\/produit\/tableau-carre-hermes-photo-finish\/#primaryimage"},"image":{"@id":"https:\/\/mon-carre-deco.com\/produit\/tableau-carre-hermes-photo-finish\/#primaryimage"},"thumbnailUrl":"https:\/\/mon-carre-deco.com\/wp-content\/uploads\/2022\/10\/Tableau-carre-Hermes-Photo-Finish-cadre-noir.jpg","datePublished":"2022-10-10T12:43:26+00:00","dateModified":"2023-12-04T08:14:05+00:00","description":"Tableau Carr\u00e9 Herm\u00e8s Photo Finish, une d\u00e9coration murale pour les passionn\u00e9s des chevaux de courses, des galopeurs","breadcrumb":{"@id":"https:\/\/mon-carre-deco.com\/produit\/tableau-carre-hermes-photo-finish\/#breadcrumb"},"inLanguage":"en-US","potentialAction":[{"@type":"ReadAction","target":["https:\/\/mon-carre-deco.com\/produit\/tableau-carre-hermes-photo-finish\/"]}]},{"@type":"ImageObject","inLanguage":"en-US","@id":"https:\/\/mon-carre-deco.com\/produit\/tableau-carre-hermes-photo-finish\/#primaryimage","url":"https:\/\/mon-carre-deco.com\/wp-content\/uploads\/2022\/10\/Tableau-carre-Hermes-Photo-Finish-cadre-noir.jpg","contentUrl":"https:\/\/mon-carre-deco.com\/wp-content\/uploads\/2022\/10\/Tableau-carre-Hermes-Photo-Finish-cadre-noir.jpg","width":1500,"height":1398,"caption":"Tableau carr\u00e9 Herm\u00e8s Phot Finish cadre noir passe partout blanc"},{"@type":"BreadcrumbList","@id":"https:\/\/mon-carre-deco.com\/produit\/tableau-carre-hermes-photo-finish\/#breadcrumb","itemListElement":[{"@type":"ListItem","position":1,"name":"Accueil","item":"https:\/\/mon-carre-deco.com\/"},{"@type":"ListItem","position":2,"name":"Tableaux","item":"https:\/\/mon-carre-deco.com\/boutique-tableau-hermes\/"},{"@type":"ListItem","position":3,"name":"Tableau &#8211; Carr\u00e9 Herm\u00e8s Photo Finish"}]},{"@type":"WebSite","@id":"https:\/\/mon-carre-deco.com\/#website","url":"https:\/\/mon-carre-deco.com\/","name":"Mon Carr\u00e9 D\u00e9co","description":"Mon Carr\u00e9 D&#039;art at Home, vente de tableau Herm\u00e8s, foulard carr\u00e9 Herm\u00e8s encadr\u00e9","publisher":{"@id":"https:\/\/mon-carre-deco.com\/#organization"},"potentialAction":[{"@type":"SearchAction","target":{"@type":"EntryPoint","urlTemplate":"https:\/\/mon-carre-deco.com\/?s={search_term_string}"},"query-input":{"@type":"PropertyValueSpecification","valueRequired":true,"valueName":"search_term_string"}}],"inLanguage":"en-US"},{"@type":"Organization","@id":"https:\/\/mon-carre-deco.com\/#organization","name":"Mon Carr\u00e9 D\u00e9co","url":"https:\/\/mon-carre-deco.com\/","logo":{"@type":"ImageObject","inLanguage":"en-US","@id":"https:\/\/mon-carre-deco.com\/#\/schema\/logo\/image\/","url":"https:\/\/mon-carre-deco.com\/wp-content\/uploads\/2021\/04\/cropped-Logo-mon-carre-deco-2.png","contentUrl":"https:\/\/mon-carre-deco.com\/wp-content\/uploads\/2021\/04\/cropped-Logo-mon-carre-deco-2.png","width":1043,"height":1043,"caption":"Mon Carr\u00e9 D\u00e9co"},"image":{"@id":"https:\/\/mon-carre-deco.com\/#\/schema\/logo\/image\/"}}]}},"_links":{"self":[{"href":"https:\/\/mon-carre-deco.com\/en\/wp-json\/wp\/v2\/product\/3669","targetHints":{"allow":["GET"]}}],"collection":[{"href":"https:\/\/mon-carre-deco.com\/en\/wp-json\/wp\/v2\/product"}],"about":[{"href":"https:\/\/mon-carre-deco.com\/en\/wp-json\/wp\/v2\/types\/product"}],"replies":[{"embeddable":true,"href":"https:\/\/mon-carre-deco.com\/en\/wp-json\/wp\/v2\/comments?post=3669"}],"version-history":[{"count":15,"href":"https:\/\/mon-carre-deco.com\/en\/wp-json\/wp\/v2\/product\/3669\/revisions"}],"predecessor-version":[{"id":4194,"href":"https:\/\/mon-carre-deco.com\/en\/wp-json\/wp\/v2\/product\/3669\/revisions\/4194"}],"wp:featuredmedia":[{"embeddable":true,"href":"https:\/\/mon-carre-deco.com\/en\/wp-json\/wp\/v2\/media\/3703"}],"wp:attachment":[{"href":"https:\/\/mon-carre-deco.com\/en\/wp-json\/wp\/v2\/media?parent=3669"}],"wp:term":[{"taxonomy":"product_brand","embeddable":true,"href":"https:\/\/mon-carre-deco.com\/en\/wp-json\/wp\/v2\/product_brand?post=3669"},{"taxonomy":"product_cat","embeddable":true,"href":"https:\/\/mon-carre-deco.com\/en\/wp-json\/wp\/v2\/product_cat?post=3669"},{"taxonomy":"product_tag","embeddable":true,"href":"https:\/\/mon-carre-deco.com\/en\/wp-json\/wp\/v2\/product_tag?post=3669"}],"curies":[{"name":"wp","href":"https:\/\/api.w.org\/{rel}","templated":true}]}}