{"id":3740,"date":"2022-11-23T11:30:07","date_gmt":"2022-11-23T10:30:07","guid":{"rendered":"https:\/\/mon-carre-deco.com\/?post_type=product&#038;p=3740"},"modified":"2023-05-29T03:35:47","modified_gmt":"2023-05-29T01:35:47","slug":"tableau-gavroche-hermes-lete-de-loula","status":"publish","type":"product","link":"https:\/\/mon-carre-deco.com\/en\/product\/tableau-gavroche-hermes-lete-de-loula\/","title":{"rendered":"Tableau &#8211; Gavroche Herm\u00e8s L\u2019\u00c9t\u00e9 de Loula"},"content":{"rendered":"<p>\u00ab\u00a0L\u2019\u00c9t\u00e9 de Loula\u00a0\u00bb<\/p>\n<p>\u00c9dit\u00e9 en 1996<\/p>\n<p>Designer Esther Henwood<\/p>\n<p>Rare, issu d&rsquo;une s\u00e9rie de gavroches \u00e9dit\u00e9s par Herm\u00e8s pr\u00e9sent\u00e9s dans des coffrets.<\/p>\n<div class=\"QmZWSe\">\n<div class=\"DHcWmd\"><span class=\"Y2IQFc\" lang=\"fr\">Esther Henwood a \u00e9tudi\u00e9 la litt\u00e9rature et est devenue journaliste, \u00e9crivain et styliste. Par amour de la mode et du design, elle rencontre de nombreux cr\u00e9ateurs fran\u00e7ais. Elle a partag\u00e9 son amour de la litt\u00e9rature avec de nombreux grands noms comme Karl Lagerfeld, Yves Saint Laurent et Christian Lacroix, qui ont tous puis\u00e9 leurs inspirations dans la litt\u00e9rature classique.<\/span><span class=\"Y2IQFc\" lang=\"fr\">\u00a0Elle a collabor\u00e9 \u00e0 D\u00e9coration internationale, Vogue D\u00e9coration, Vogue, et, depuis dix ans, r\u00e9alise reportages et portraits pour AD France. <\/span><\/div>\n<div><\/div>\n<div class=\"DHcWmd\"><span class=\"Y2IQFc\" lang=\"fr\">Esther Henwood a publi\u00e9 deux romans : La Confession immorale (\u00c9d. du Rocher) et L\u2019\u0153uvre inconnue (\u00e9d. Jo\u00eblle Losfeld) ; des po\u00e8mes : Prose-Bitume, po\u00e8mes \u00e0 consommer et \u00e0 jeter (\u00c9d. Paris Audiovisuel, Maison europ\u00e9enne de la photographie), Eves in paradise (\u00e9d. RLH), Les Go\u00fbters de Garance (\u00c9d. du Regard)&#8230; <\/span><\/div>\n<div><\/div>\n<div>L&rsquo;interwiew de Esther Henwood sur <a href=\"https:\/\/madame.lefigaro.fr\/style\/esther-henwood-voyage-fashionie-300613-407136\">Madame du Figaro<\/a><\/div>\n<\/div>","protected":false},"excerpt":{"rendered":"<p>Ce conte sur soie de Esther Henwood pour Herm\u00e8s en tableau, est une d\u00e9coration murale unique et rare. Un joli tableau color\u00e9 pour une chambre d&rsquo;enfant. Un cadeau de naissance qui va ravir les parents amateurs de litt\u00e9rature.<\/p>\n<ul>\n<li style=\"list-style-type: none;\">\n<ul>\n<li>Silk<\/li>\n<li>Couleurs dominantes : Rose, vert, jaune.<\/li>\n<li>Moulure en bois naturel<\/li>\n<li>White matting<\/li>\n<li>UV-resistant glass \u2265 99<\/li>\n<li>Rear mounting hook<\/li>\n<\/ul>\n<\/li>\n<\/ul>\n<p>Designer : Esther Henwood<\/p>\n<p>&nbsp;<\/p>","protected":false},"featured_media":3742,"comment_status":"open","ping_status":"closed","template":"","meta":{"site-sidebar-layout":"default","site-content-layout":"default","ast-site-content-layout":"","site-content-style":"default","site-sidebar-style":"default","ast-global-header-display":"","ast-banner-title-visibility":"","ast-main-header-display":"","ast-hfb-above-header-display":"","ast-hfb-below-header-display":"","ast-hfb-mobile-header-display":"","site-post-title":"","ast-breadcrumbs-content":"","ast-featured-img":"","footer-sml-layout":"","theme-transparent-header-meta":"default","adv-header-id-meta":"","stick-header-meta":"","header-above-stick-meta":"","header-main-stick-meta":"","header-below-stick-meta":"","astra-migrate-meta-layouts":""},"product_brand":[],"product_cat":[26,38],"product_tag":[],"class_list":{"0":"post-3740","1":"product","2":"type-product","3":"status-publish","4":"has-post-thumbnail","6":"product_cat-carre-45x45-gavroche","7":"product_cat-cadeau-naissance","8":"desktop-align-left","9":"tablet-align-left","10":"mobile-align-left","12":"first","13":"instock","14":"sold-individually","15":"shipping-taxable","16":"product-type-simple"},"yoast_head":"<!-- This site is optimized with the Yoast SEO plugin v25.4 - https:\/\/yoast.com\/wordpress\/plugins\/seo\/ -->\n<title>Tableau - Gavroche Herm\u00e8s L\u2019\u00c9t\u00e9 de Loula - Mon Carr\u00e9 D\u00e9co<\/title>\n<meta name=\"description\" content=\"Une d\u00e9coration murale de chambre de petite fille unique. Un conte sur soie de Esther Henwood pour Herm\u00e8s. Un joli tableau pour la chambre de b\u00e9b\u00e9\" \/>\n<meta name=\"robots\" content=\"index, follow, max-snippet:-1, max-image-preview:large, max-video-preview:-1\" \/>\n<link rel=\"canonical\" href=\"https:\/\/mon-carre-deco.com\/en\/product\/tableau-gavroche-hermes-lete-de-loula\/\" \/>\n<meta property=\"og:locale\" content=\"en_US\" \/>\n<meta property=\"og:type\" content=\"article\" \/>\n<meta property=\"og:title\" content=\"Tableau - Gavroche Herm\u00e8s L\u2019\u00c9t\u00e9 de Loula - Mon Carr\u00e9 D\u00e9co\" \/>\n<meta property=\"og:description\" content=\"Une d\u00e9coration murale de chambre de petite fille unique. Un conte sur soie de Esther Henwood pour Herm\u00e8s. Un joli tableau pour la chambre de b\u00e9b\u00e9\" \/>\n<meta property=\"og:url\" content=\"https:\/\/mon-carre-deco.com\/en\/product\/tableau-gavroche-hermes-lete-de-loula\/\" \/>\n<meta property=\"og:site_name\" content=\"Mon Carr\u00e9 D\u00e9co\" \/>\n<meta property=\"article:modified_time\" content=\"2023-05-29T01:35:47+00:00\" \/>\n<meta property=\"og:image\" content=\"http:\/\/mon-carre-deco.com\/wp-content\/uploads\/2022\/11\/Tableau-dun-gavroche-Hermes-Lete-de-Loula-moulure-en-bois-naturel.jpg\" \/>\n\t<meta property=\"og:image:width\" content=\"1074\" \/>\n\t<meta property=\"og:image:height\" content=\"1001\" \/>\n\t<meta property=\"og:image:type\" content=\"image\/jpeg\" \/>\n<meta name=\"twitter:card\" content=\"summary_large_image\" \/>\n<meta name=\"twitter:label1\" content=\"Est. reading time\" \/>\n\t<meta name=\"twitter:data1\" content=\"1 minute\" \/>\n<script type=\"application\/ld+json\" class=\"yoast-schema-graph\">{\"@context\":\"https:\/\/schema.org\",\"@graph\":[{\"@type\":\"WebPage\",\"@id\":\"https:\/\/mon-carre-deco.com\/produit\/tableau-gavroche-hermes-lete-de-loula\/\",\"url\":\"https:\/\/mon-carre-deco.com\/produit\/tableau-gavroche-hermes-lete-de-loula\/\",\"name\":\"Tableau - Gavroche Herm\u00e8s L\u2019\u00c9t\u00e9 de Loula - Mon Carr\u00e9 D\u00e9co\",\"isPartOf\":{\"@id\":\"https:\/\/mon-carre-deco.com\/#website\"},\"primaryImageOfPage\":{\"@id\":\"https:\/\/mon-carre-deco.com\/produit\/tableau-gavroche-hermes-lete-de-loula\/#primaryimage\"},\"image\":{\"@id\":\"https:\/\/mon-carre-deco.com\/produit\/tableau-gavroche-hermes-lete-de-loula\/#primaryimage\"},\"thumbnailUrl\":\"https:\/\/mon-carre-deco.com\/wp-content\/uploads\/2022\/11\/Tableau-dun-gavroche-Hermes-Lete-de-Loula-moulure-en-bois-naturel.jpg\",\"datePublished\":\"2022-11-23T10:30:07+00:00\",\"dateModified\":\"2023-05-29T01:35:47+00:00\",\"description\":\"Une d\u00e9coration murale de chambre de petite fille unique. Un conte sur soie de Esther Henwood pour Herm\u00e8s. Un joli tableau pour la chambre de b\u00e9b\u00e9\",\"breadcrumb\":{\"@id\":\"https:\/\/mon-carre-deco.com\/produit\/tableau-gavroche-hermes-lete-de-loula\/#breadcrumb\"},\"inLanguage\":\"en-US\",\"potentialAction\":[{\"@type\":\"ReadAction\",\"target\":[\"https:\/\/mon-carre-deco.com\/produit\/tableau-gavroche-hermes-lete-de-loula\/\"]}]},{\"@type\":\"ImageObject\",\"inLanguage\":\"en-US\",\"@id\":\"https:\/\/mon-carre-deco.com\/produit\/tableau-gavroche-hermes-lete-de-loula\/#primaryimage\",\"url\":\"https:\/\/mon-carre-deco.com\/wp-content\/uploads\/2022\/11\/Tableau-dun-gavroche-Hermes-Lete-de-Loula-moulure-en-bois-naturel.jpg\",\"contentUrl\":\"https:\/\/mon-carre-deco.com\/wp-content\/uploads\/2022\/11\/Tableau-dun-gavroche-Hermes-Lete-de-Loula-moulure-en-bois-naturel.jpg\",\"width\":1074,\"height\":1001,\"caption\":\"Tableau d'un Gavroche Herm\u00e8s L'\u00e9t\u00e9 de Loula par Esther Henwood\"},{\"@type\":\"BreadcrumbList\",\"@id\":\"https:\/\/mon-carre-deco.com\/produit\/tableau-gavroche-hermes-lete-de-loula\/#breadcrumb\",\"itemListElement\":[{\"@type\":\"ListItem\",\"position\":1,\"name\":\"Accueil\",\"item\":\"https:\/\/mon-carre-deco.com\/\"},{\"@type\":\"ListItem\",\"position\":2,\"name\":\"Tableaux\",\"item\":\"https:\/\/mon-carre-deco.com\/boutique-tableau-hermes\/\"},{\"@type\":\"ListItem\",\"position\":3,\"name\":\"Tableau &#8211; Gavroche Herm\u00e8s L\u2019\u00c9t\u00e9 de Loula\"}]},{\"@type\":\"WebSite\",\"@id\":\"https:\/\/mon-carre-deco.com\/#website\",\"url\":\"https:\/\/mon-carre-deco.com\/\",\"name\":\"Mon Carr\u00e9 D\u00e9co\",\"description\":\"Mon Carr\u00e9 D&#039;art at Home, vente de tableau Herm\u00e8s, foulard carr\u00e9 Herm\u00e8s encadr\u00e9\",\"publisher\":{\"@id\":\"https:\/\/mon-carre-deco.com\/#organization\"},\"potentialAction\":[{\"@type\":\"SearchAction\",\"target\":{\"@type\":\"EntryPoint\",\"urlTemplate\":\"https:\/\/mon-carre-deco.com\/?s={search_term_string}\"},\"query-input\":{\"@type\":\"PropertyValueSpecification\",\"valueRequired\":true,\"valueName\":\"search_term_string\"}}],\"inLanguage\":\"en-US\"},{\"@type\":\"Organization\",\"@id\":\"https:\/\/mon-carre-deco.com\/#organization\",\"name\":\"Mon Carr\u00e9 D\u00e9co\",\"url\":\"https:\/\/mon-carre-deco.com\/\",\"logo\":{\"@type\":\"ImageObject\",\"inLanguage\":\"en-US\",\"@id\":\"https:\/\/mon-carre-deco.com\/#\/schema\/logo\/image\/\",\"url\":\"https:\/\/mon-carre-deco.com\/wp-content\/uploads\/2021\/04\/cropped-Logo-mon-carre-deco-2.png\",\"contentUrl\":\"https:\/\/mon-carre-deco.com\/wp-content\/uploads\/2021\/04\/cropped-Logo-mon-carre-deco-2.png\",\"width\":1043,\"height\":1043,\"caption\":\"Mon Carr\u00e9 D\u00e9co\"},\"image\":{\"@id\":\"https:\/\/mon-carre-deco.com\/#\/schema\/logo\/image\/\"}}]}<\/script>\n<!-- \/ Yoast SEO plugin. -->","yoast_head_json":{"title":"Tableau - Gavroche Herm\u00e8s L\u2019\u00c9t\u00e9 de Loula - Mon Carr\u00e9 D\u00e9co","description":"Une d\u00e9coration murale de chambre de petite fille unique. Un conte sur soie de Esther Henwood pour Herm\u00e8s. Un joli tableau pour la chambre de b\u00e9b\u00e9","robots":{"index":"index","follow":"follow","max-snippet":"max-snippet:-1","max-image-preview":"max-image-preview:large","max-video-preview":"max-video-preview:-1"},"canonical":"https:\/\/mon-carre-deco.com\/en\/product\/tableau-gavroche-hermes-lete-de-loula\/","og_locale":"en_US","og_type":"article","og_title":"Tableau - Gavroche Herm\u00e8s L\u2019\u00c9t\u00e9 de Loula - Mon Carr\u00e9 D\u00e9co","og_description":"Une d\u00e9coration murale de chambre de petite fille unique. Un conte sur soie de Esther Henwood pour Herm\u00e8s. Un joli tableau pour la chambre de b\u00e9b\u00e9","og_url":"https:\/\/mon-carre-deco.com\/en\/product\/tableau-gavroche-hermes-lete-de-loula\/","og_site_name":"Mon Carr\u00e9 D\u00e9co","article_modified_time":"2023-05-29T01:35:47+00:00","og_image":[{"width":1074,"height":1001,"url":"http:\/\/mon-carre-deco.com\/wp-content\/uploads\/2022\/11\/Tableau-dun-gavroche-Hermes-Lete-de-Loula-moulure-en-bois-naturel.jpg","type":"image\/jpeg"}],"twitter_card":"summary_large_image","twitter_misc":{"Est. reading time":"1 minute"},"schema":{"@context":"https:\/\/schema.org","@graph":[{"@type":"WebPage","@id":"https:\/\/mon-carre-deco.com\/produit\/tableau-gavroche-hermes-lete-de-loula\/","url":"https:\/\/mon-carre-deco.com\/produit\/tableau-gavroche-hermes-lete-de-loula\/","name":"Tableau - Gavroche Herm\u00e8s L\u2019\u00c9t\u00e9 de Loula - Mon Carr\u00e9 D\u00e9co","isPartOf":{"@id":"https:\/\/mon-carre-deco.com\/#website"},"primaryImageOfPage":{"@id":"https:\/\/mon-carre-deco.com\/produit\/tableau-gavroche-hermes-lete-de-loula\/#primaryimage"},"image":{"@id":"https:\/\/mon-carre-deco.com\/produit\/tableau-gavroche-hermes-lete-de-loula\/#primaryimage"},"thumbnailUrl":"https:\/\/mon-carre-deco.com\/wp-content\/uploads\/2022\/11\/Tableau-dun-gavroche-Hermes-Lete-de-Loula-moulure-en-bois-naturel.jpg","datePublished":"2022-11-23T10:30:07+00:00","dateModified":"2023-05-29T01:35:47+00:00","description":"Une d\u00e9coration murale de chambre de petite fille unique. Un conte sur soie de Esther Henwood pour Herm\u00e8s. Un joli tableau pour la chambre de b\u00e9b\u00e9","breadcrumb":{"@id":"https:\/\/mon-carre-deco.com\/produit\/tableau-gavroche-hermes-lete-de-loula\/#breadcrumb"},"inLanguage":"en-US","potentialAction":[{"@type":"ReadAction","target":["https:\/\/mon-carre-deco.com\/produit\/tableau-gavroche-hermes-lete-de-loula\/"]}]},{"@type":"ImageObject","inLanguage":"en-US","@id":"https:\/\/mon-carre-deco.com\/produit\/tableau-gavroche-hermes-lete-de-loula\/#primaryimage","url":"https:\/\/mon-carre-deco.com\/wp-content\/uploads\/2022\/11\/Tableau-dun-gavroche-Hermes-Lete-de-Loula-moulure-en-bois-naturel.jpg","contentUrl":"https:\/\/mon-carre-deco.com\/wp-content\/uploads\/2022\/11\/Tableau-dun-gavroche-Hermes-Lete-de-Loula-moulure-en-bois-naturel.jpg","width":1074,"height":1001,"caption":"Tableau d'un Gavroche Herm\u00e8s L'\u00e9t\u00e9 de Loula par Esther Henwood"},{"@type":"BreadcrumbList","@id":"https:\/\/mon-carre-deco.com\/produit\/tableau-gavroche-hermes-lete-de-loula\/#breadcrumb","itemListElement":[{"@type":"ListItem","position":1,"name":"Accueil","item":"https:\/\/mon-carre-deco.com\/"},{"@type":"ListItem","position":2,"name":"Tableaux","item":"https:\/\/mon-carre-deco.com\/boutique-tableau-hermes\/"},{"@type":"ListItem","position":3,"name":"Tableau &#8211; Gavroche Herm\u00e8s L\u2019\u00c9t\u00e9 de Loula"}]},{"@type":"WebSite","@id":"https:\/\/mon-carre-deco.com\/#website","url":"https:\/\/mon-carre-deco.com\/","name":"Mon Carr\u00e9 D\u00e9co","description":"Mon Carr\u00e9 D&#039;art at Home, vente de tableau Herm\u00e8s, foulard carr\u00e9 Herm\u00e8s encadr\u00e9","publisher":{"@id":"https:\/\/mon-carre-deco.com\/#organization"},"potentialAction":[{"@type":"SearchAction","target":{"@type":"EntryPoint","urlTemplate":"https:\/\/mon-carre-deco.com\/?s={search_term_string}"},"query-input":{"@type":"PropertyValueSpecification","valueRequired":true,"valueName":"search_term_string"}}],"inLanguage":"en-US"},{"@type":"Organization","@id":"https:\/\/mon-carre-deco.com\/#organization","name":"Mon Carr\u00e9 D\u00e9co","url":"https:\/\/mon-carre-deco.com\/","logo":{"@type":"ImageObject","inLanguage":"en-US","@id":"https:\/\/mon-carre-deco.com\/#\/schema\/logo\/image\/","url":"https:\/\/mon-carre-deco.com\/wp-content\/uploads\/2021\/04\/cropped-Logo-mon-carre-deco-2.png","contentUrl":"https:\/\/mon-carre-deco.com\/wp-content\/uploads\/2021\/04\/cropped-Logo-mon-carre-deco-2.png","width":1043,"height":1043,"caption":"Mon Carr\u00e9 D\u00e9co"},"image":{"@id":"https:\/\/mon-carre-deco.com\/#\/schema\/logo\/image\/"}}]}},"_links":{"self":[{"href":"https:\/\/mon-carre-deco.com\/en\/wp-json\/wp\/v2\/product\/3740","targetHints":{"allow":["GET"]}}],"collection":[{"href":"https:\/\/mon-carre-deco.com\/en\/wp-json\/wp\/v2\/product"}],"about":[{"href":"https:\/\/mon-carre-deco.com\/en\/wp-json\/wp\/v2\/types\/product"}],"replies":[{"embeddable":true,"href":"https:\/\/mon-carre-deco.com\/en\/wp-json\/wp\/v2\/comments?post=3740"}],"version-history":[{"count":13,"href":"https:\/\/mon-carre-deco.com\/en\/wp-json\/wp\/v2\/product\/3740\/revisions"}],"predecessor-version":[{"id":3755,"href":"https:\/\/mon-carre-deco.com\/en\/wp-json\/wp\/v2\/product\/3740\/revisions\/3755"}],"wp:featuredmedia":[{"embeddable":true,"href":"https:\/\/mon-carre-deco.com\/en\/wp-json\/wp\/v2\/media\/3742"}],"wp:attachment":[{"href":"https:\/\/mon-carre-deco.com\/en\/wp-json\/wp\/v2\/media?parent=3740"}],"wp:term":[{"taxonomy":"product_brand","embeddable":true,"href":"https:\/\/mon-carre-deco.com\/en\/wp-json\/wp\/v2\/product_brand?post=3740"},{"taxonomy":"product_cat","embeddable":true,"href":"https:\/\/mon-carre-deco.com\/en\/wp-json\/wp\/v2\/product_cat?post=3740"},{"taxonomy":"product_tag","embeddable":true,"href":"https:\/\/mon-carre-deco.com\/en\/wp-json\/wp\/v2\/product_tag?post=3740"}],"curies":[{"name":"wp","href":"https:\/\/api.w.org\/{rel}","templated":true}]}}