{"id":3758,"date":"2022-12-07T22:08:01","date_gmt":"2022-12-07T21:08:01","guid":{"rendered":"https:\/\/mon-carre-deco.com\/?post_type=product&#038;p=3758"},"modified":"2023-02-13T21:59:54","modified_gmt":"2023-02-13T20:59:54","slug":"tableau-gavroche-litterature-alphabet","status":"publish","type":"product","link":"https:\/\/mon-carre-deco.com\/en\/product\/tableau-gavroche-litterature-alphabet\/","title":{"rendered":"Tableau &#8211; Gavroche Litt\u00e9rature &#8211; Alphabet"},"content":{"rendered":"<p>\u00ab\u00a0Litt\u00e9rature\u00a0\u00bb<\/p>\n<p>\u00c9dit\u00e9 en 1959, r\u00e9\u00e9dit\u00e9 en 2009<\/p>\n<p>Designer <span class=\"color_11\"><a href=\"https:\/\/www.cassandre.fr\/about-cassandre\">A.M.Cassandre<\/a> n\u00e9e a Kharkov en 1901, mort en 1968<br \/>\n<\/span><\/p>\n<p>Pseudonyme d\u2019Adolphe Jean Marie Mouron, Cassandre est un graphiste, affichiste, d\u00e9corateur de th\u00e9\u00e2tre, lithographe, peintre et typographe fran\u00e7ais. N\u00e9 en Ukraine, il passe son enfance entre la Russie et la France. Il s\u2019\u00e9tablit d\u00e9finitivement en France en 1915 et \u00e9tudie \u00e0 l\u2019Acad\u00e9mie Julian \u00e0 Paris. Il r\u00e9alise ses premiers travaux publicitaires en 1922 (margarine Sacac, p\u00e2tes Garres) et utilise alors Cassandre comme signature. Son int\u00e9r\u00eat pour le Bauhaus influence la composition de ses \u0153uvres: g\u00e9om\u00e9triques afin de produire un message clair. En 1925, son affiche pour le magasin de meubles \u00ab\u00a0Le Bucheron\u00a0\u00bb (1923) remporte le Grand Prix de l\u2019Exposition internationale des Arts D\u00e9coratifs.<\/p>\n<p>Marqu\u00e9 par le cubisme dans ses compositions, la photographie dans son utilisation des contres-plong\u00e9es, du cin\u00e9ma avec le gros plan, Cassandre simplifie les formes et accentue les perspectives. Influenc\u00e9 par les futuristes italiens, il rend visuel la vitesse et la modernit\u00e9 surtout dans ses affiches de trains ou paquebots (Nord-Express et Etoile du Nord en 1927, Normandie en 1935). La typographie occupe une place importante dans l\u2019\u0153uvre de Cassandre et fait partie int\u00e9grante de la composition. Dans son affiche \u00ab\u00a0Etoile du Nord\u00a0\u00bb (1927), il fait se superposer les \u00ab\u00a0O\u00a0\u00bb aux lettres voisines avec un effet de transparence et il entoure de texte l\u2019affiche, cr\u00e9ant ainsi un cadre qui donne l\u2019impression au spectateur de regarder \u00e0 travers la fen\u00eatre d\u2019un train.<\/p>\n<p>En 1930, Cassandre participa \u00e0 l\u2019Union des Artistes Modernes (UAM) et en devient membre en 1933. Pendant ce temps, en 1931, il fonde l\u2019agence \u00ab\u00a0Alliance Graphique\u00a0\u00bb avec Charles Loupot, agence qui dispara\u00eetra durant la seconde moiti\u00e9 des ann\u00e9es 30. Les \u0153uvres de cette \u00e9poque portent le logo \u00ab\u00a0Alliance Graphique\u00a0\u00bb: les chaussures \u00ab\u00a0Unic, chaussures d\u2019homme\u00a0\u00bb (1932), \u00ab\u00a0Bonal, ouvre l\u2019app\u00e9tit\u00a0\u00bb (1933), les cigarettes \u00ab\u00a0Celtique\u00a0\u00bb (1934), la plus c\u00e9l\u00e8bre \u00e9tant l\u2019affiche pour \u00ab\u00a0Le Normandie\u00a0\u00bb en 1935. A cette \u00e9poque, Cassandre r\u00e9alise ses affiches publicitaires pour \u00ab\u00a0Dubonnet\u00a0\u00bb. Il cr\u00e9e une succession d\u2019images et de lettres, faisant appara\u00eetre la marque progressivement. Les lettres sont progressivement fonc\u00e9es et coordonn\u00e9es \u00e0 l\u2019action de l\u2019homme qui remplit son verre: \u00ab\u00a0Dubo, Dubon, Dubonnet\u00a0\u00bb!<\/p>\n<p>En 1936, le MOMA de New York organise une r\u00e9trospective des affiches de Cassandre et il est \u00e9galement engag\u00e9 par Harper\u2019s Bazaar pour cr\u00e9er les couvertures de leur magazine. Dans les ann\u00e9es 40, il d\u00e9laisse de plus en plus la publicit\u00e9 et se consacre \u00e0 la peinture et aux d\u00e9cors de th\u00e9\u00e2tre.<\/p>\n<p>Cassandre inspirera de nombreux artistes tels que Francis Bernard (Chaudi\u00e8res Diamant Dietrich, ca 1930) en France, Willem F. Ten Broek (Holland-America Line, ca 1936) en Hollande. Blaise Cendrars d\u00e9crira Cassandre comme \u00ab\u00a0le premier metteur en sc\u00e8ne de la rue\u00a0\u00bb.<\/p>","protected":false},"excerpt":{"rendered":"<p>Ce tableau d&rsquo;un petit foulard en soie Herm\u00e8s est une jolie d\u00e9coration murale pour une chambre d&rsquo;enfant. Un Ab\u00e9c\u00e9daire en tableau \u00e0 la fois esth\u00e9tique, ludique et \u00e9ducatif pour d\u00e9corer la chambre de b\u00e9b\u00e9. Avec sa baguette en bois naturel et sa couleur rouge, il apportera une touche de gait\u00e9 \u00e0 sa chambre.<\/p>\n<ul>\n<li>Silk<\/li>\n<li>Couleurs dominantes rouge<\/li>\n<li>Moulure en bois naturel<\/li>\n<li>White matting<\/li>\n<li>Verre de protection anti UV 99%<\/li>\n<li>Accroche de fixation \u00e0 l\u2019arri\u00e8re<\/li>\n<\/ul>\n<p>Designer <span class=\"color_11\"><a href=\"https:\/\/www.cassandre.fr\/\">A.M.Cassandre<\/a><\/span><\/p>","protected":false},"featured_media":3779,"comment_status":"open","ping_status":"closed","template":"","meta":{"site-sidebar-layout":"default","site-content-layout":"default","ast-site-content-layout":"","site-content-style":"default","site-sidebar-style":"default","ast-global-header-display":"","ast-banner-title-visibility":"","ast-main-header-display":"","ast-hfb-above-header-display":"","ast-hfb-below-header-display":"","ast-hfb-mobile-header-display":"","site-post-title":"","ast-breadcrumbs-content":"","ast-featured-img":"","footer-sml-layout":"","theme-transparent-header-meta":"default","adv-header-id-meta":"","stick-header-meta":"","header-above-stick-meta":"","header-main-stick-meta":"","header-below-stick-meta":"","astra-migrate-meta-layouts":""},"product_brand":[],"product_cat":[26,38],"product_tag":[],"class_list":{"0":"post-3758","1":"product","2":"type-product","3":"status-publish","4":"has-post-thumbnail","6":"product_cat-carre-45x45-gavroche","7":"product_cat-cadeau-naissance","8":"desktop-align-left","9":"tablet-align-left","10":"mobile-align-left","12":"first","13":"instock","14":"sold-individually","15":"shipping-taxable","16":"product-type-simple"},"yoast_head":"<!-- This site is optimized with the Yoast SEO plugin v25.4 - https:\/\/yoast.com\/wordpress\/plugins\/seo\/ -->\n<title>Tableau - Gavroche Litt\u00e9rature - Alphabet - Mon Carr\u00e9 D\u00e9co<\/title>\n<meta name=\"description\" content=\"Tableau ab\u00e9c\u00e9daire d&#039;un authentique gavroche Herm\u00e8s Litt\u00e9rature de A.M. Cassandre, pour une chambre d&#039;enfant en d\u00e9coration murale\" \/>\n<meta name=\"robots\" content=\"index, follow, max-snippet:-1, max-image-preview:large, max-video-preview:-1\" \/>\n<link rel=\"canonical\" href=\"https:\/\/mon-carre-deco.com\/en\/product\/tableau-gavroche-litterature-alphabet\/\" \/>\n<meta property=\"og:locale\" content=\"en_US\" \/>\n<meta property=\"og:type\" content=\"article\" \/>\n<meta property=\"og:title\" content=\"Tableau - Gavroche Litt\u00e9rature - Alphabet - Mon Carr\u00e9 D\u00e9co\" \/>\n<meta property=\"og:description\" content=\"Tableau ab\u00e9c\u00e9daire d&#039;un authentique gavroche Herm\u00e8s Litt\u00e9rature de A.M. Cassandre, pour une chambre d&#039;enfant en d\u00e9coration murale\" \/>\n<meta property=\"og:url\" content=\"https:\/\/mon-carre-deco.com\/en\/product\/tableau-gavroche-litterature-alphabet\/\" \/>\n<meta property=\"og:site_name\" content=\"Mon Carr\u00e9 D\u00e9co\" \/>\n<meta property=\"article:modified_time\" content=\"2023-02-13T20:59:54+00:00\" \/>\n<meta property=\"og:image\" content=\"http:\/\/mon-carre-deco.com\/wp-content\/uploads\/2022\/12\/Tableau-Tableau-dun-gavroche-Hermes-Literature-de-AM-Cassandre-moulure-en-bois-naturel.jpg\" \/>\n\t<meta property=\"og:image:width\" content=\"1074\" \/>\n\t<meta property=\"og:image:height\" content=\"1001\" \/>\n\t<meta property=\"og:image:type\" content=\"image\/jpeg\" \/>\n<meta name=\"twitter:card\" content=\"summary_large_image\" \/>\n<meta name=\"twitter:label1\" content=\"Est. reading time\" \/>\n\t<meta name=\"twitter:data1\" content=\"3 minutes\" \/>\n<script type=\"application\/ld+json\" class=\"yoast-schema-graph\">{\"@context\":\"https:\/\/schema.org\",\"@graph\":[{\"@type\":\"WebPage\",\"@id\":\"https:\/\/mon-carre-deco.com\/produit\/tableau-gavroche-litterature-alphabet\/\",\"url\":\"https:\/\/mon-carre-deco.com\/produit\/tableau-gavroche-litterature-alphabet\/\",\"name\":\"Tableau - Gavroche Litt\u00e9rature - Alphabet - Mon Carr\u00e9 D\u00e9co\",\"isPartOf\":{\"@id\":\"https:\/\/mon-carre-deco.com\/#website\"},\"primaryImageOfPage\":{\"@id\":\"https:\/\/mon-carre-deco.com\/produit\/tableau-gavroche-litterature-alphabet\/#primaryimage\"},\"image\":{\"@id\":\"https:\/\/mon-carre-deco.com\/produit\/tableau-gavroche-litterature-alphabet\/#primaryimage\"},\"thumbnailUrl\":\"https:\/\/mon-carre-deco.com\/wp-content\/uploads\/2022\/12\/Tableau-Tableau-dun-gavroche-Hermes-Literature-de-AM-Cassandre-moulure-en-bois-naturel.jpg\",\"datePublished\":\"2022-12-07T21:08:01+00:00\",\"dateModified\":\"2023-02-13T20:59:54+00:00\",\"description\":\"Tableau ab\u00e9c\u00e9daire d'un authentique gavroche Herm\u00e8s Litt\u00e9rature de A.M. Cassandre, pour une chambre d'enfant en d\u00e9coration murale\",\"breadcrumb\":{\"@id\":\"https:\/\/mon-carre-deco.com\/produit\/tableau-gavroche-litterature-alphabet\/#breadcrumb\"},\"inLanguage\":\"en-US\",\"potentialAction\":[{\"@type\":\"ReadAction\",\"target\":[\"https:\/\/mon-carre-deco.com\/produit\/tableau-gavroche-litterature-alphabet\/\"]}]},{\"@type\":\"ImageObject\",\"inLanguage\":\"en-US\",\"@id\":\"https:\/\/mon-carre-deco.com\/produit\/tableau-gavroche-litterature-alphabet\/#primaryimage\",\"url\":\"https:\/\/mon-carre-deco.com\/wp-content\/uploads\/2022\/12\/Tableau-Tableau-dun-gavroche-Hermes-Literature-de-AM-Cassandre-moulure-en-bois-naturel.jpg\",\"contentUrl\":\"https:\/\/mon-carre-deco.com\/wp-content\/uploads\/2022\/12\/Tableau-Tableau-dun-gavroche-Hermes-Literature-de-AM-Cassandre-moulure-en-bois-naturel.jpg\",\"width\":1074,\"height\":1001,\"caption\":\"Tableau-Tableau-dun-gavroche-Hermes-Literature-de-AM-Cassandre-moulure-en-bois-nature\"},{\"@type\":\"BreadcrumbList\",\"@id\":\"https:\/\/mon-carre-deco.com\/produit\/tableau-gavroche-litterature-alphabet\/#breadcrumb\",\"itemListElement\":[{\"@type\":\"ListItem\",\"position\":1,\"name\":\"Accueil\",\"item\":\"https:\/\/mon-carre-deco.com\/\"},{\"@type\":\"ListItem\",\"position\":2,\"name\":\"Tableaux\",\"item\":\"https:\/\/mon-carre-deco.com\/boutique-tableau-hermes\/\"},{\"@type\":\"ListItem\",\"position\":3,\"name\":\"Tableau &#8211; Gavroche Litt\u00e9rature &#8211; Alphabet\"}]},{\"@type\":\"WebSite\",\"@id\":\"https:\/\/mon-carre-deco.com\/#website\",\"url\":\"https:\/\/mon-carre-deco.com\/\",\"name\":\"Mon Carr\u00e9 D\u00e9co\",\"description\":\"Mon Carr\u00e9 D&#039;art at Home, vente de tableau Herm\u00e8s, foulard carr\u00e9 Herm\u00e8s encadr\u00e9\",\"publisher\":{\"@id\":\"https:\/\/mon-carre-deco.com\/#organization\"},\"potentialAction\":[{\"@type\":\"SearchAction\",\"target\":{\"@type\":\"EntryPoint\",\"urlTemplate\":\"https:\/\/mon-carre-deco.com\/?s={search_term_string}\"},\"query-input\":{\"@type\":\"PropertyValueSpecification\",\"valueRequired\":true,\"valueName\":\"search_term_string\"}}],\"inLanguage\":\"en-US\"},{\"@type\":\"Organization\",\"@id\":\"https:\/\/mon-carre-deco.com\/#organization\",\"name\":\"Mon Carr\u00e9 D\u00e9co\",\"url\":\"https:\/\/mon-carre-deco.com\/\",\"logo\":{\"@type\":\"ImageObject\",\"inLanguage\":\"en-US\",\"@id\":\"https:\/\/mon-carre-deco.com\/#\/schema\/logo\/image\/\",\"url\":\"https:\/\/mon-carre-deco.com\/wp-content\/uploads\/2021\/04\/cropped-Logo-mon-carre-deco-2.png\",\"contentUrl\":\"https:\/\/mon-carre-deco.com\/wp-content\/uploads\/2021\/04\/cropped-Logo-mon-carre-deco-2.png\",\"width\":1043,\"height\":1043,\"caption\":\"Mon Carr\u00e9 D\u00e9co\"},\"image\":{\"@id\":\"https:\/\/mon-carre-deco.com\/#\/schema\/logo\/image\/\"}}]}<\/script>\n<!-- \/ Yoast SEO plugin. -->","yoast_head_json":{"title":"Tableau - Gavroche Litt\u00e9rature - Alphabet - Mon Carr\u00e9 D\u00e9co","description":"Tableau ab\u00e9c\u00e9daire d'un authentique gavroche Herm\u00e8s Litt\u00e9rature de A.M. Cassandre, pour une chambre d'enfant en d\u00e9coration murale","robots":{"index":"index","follow":"follow","max-snippet":"max-snippet:-1","max-image-preview":"max-image-preview:large","max-video-preview":"max-video-preview:-1"},"canonical":"https:\/\/mon-carre-deco.com\/en\/product\/tableau-gavroche-litterature-alphabet\/","og_locale":"en_US","og_type":"article","og_title":"Tableau - Gavroche Litt\u00e9rature - Alphabet - Mon Carr\u00e9 D\u00e9co","og_description":"Tableau ab\u00e9c\u00e9daire d'un authentique gavroche Herm\u00e8s Litt\u00e9rature de A.M. Cassandre, pour une chambre d'enfant en d\u00e9coration murale","og_url":"https:\/\/mon-carre-deco.com\/en\/product\/tableau-gavroche-litterature-alphabet\/","og_site_name":"Mon Carr\u00e9 D\u00e9co","article_modified_time":"2023-02-13T20:59:54+00:00","og_image":[{"width":1074,"height":1001,"url":"http:\/\/mon-carre-deco.com\/wp-content\/uploads\/2022\/12\/Tableau-Tableau-dun-gavroche-Hermes-Literature-de-AM-Cassandre-moulure-en-bois-naturel.jpg","type":"image\/jpeg"}],"twitter_card":"summary_large_image","twitter_misc":{"Est. reading time":"3 minutes"},"schema":{"@context":"https:\/\/schema.org","@graph":[{"@type":"WebPage","@id":"https:\/\/mon-carre-deco.com\/produit\/tableau-gavroche-litterature-alphabet\/","url":"https:\/\/mon-carre-deco.com\/produit\/tableau-gavroche-litterature-alphabet\/","name":"Tableau - Gavroche Litt\u00e9rature - Alphabet - Mon Carr\u00e9 D\u00e9co","isPartOf":{"@id":"https:\/\/mon-carre-deco.com\/#website"},"primaryImageOfPage":{"@id":"https:\/\/mon-carre-deco.com\/produit\/tableau-gavroche-litterature-alphabet\/#primaryimage"},"image":{"@id":"https:\/\/mon-carre-deco.com\/produit\/tableau-gavroche-litterature-alphabet\/#primaryimage"},"thumbnailUrl":"https:\/\/mon-carre-deco.com\/wp-content\/uploads\/2022\/12\/Tableau-Tableau-dun-gavroche-Hermes-Literature-de-AM-Cassandre-moulure-en-bois-naturel.jpg","datePublished":"2022-12-07T21:08:01+00:00","dateModified":"2023-02-13T20:59:54+00:00","description":"Tableau ab\u00e9c\u00e9daire d'un authentique gavroche Herm\u00e8s Litt\u00e9rature de A.M. Cassandre, pour une chambre d'enfant en d\u00e9coration murale","breadcrumb":{"@id":"https:\/\/mon-carre-deco.com\/produit\/tableau-gavroche-litterature-alphabet\/#breadcrumb"},"inLanguage":"en-US","potentialAction":[{"@type":"ReadAction","target":["https:\/\/mon-carre-deco.com\/produit\/tableau-gavroche-litterature-alphabet\/"]}]},{"@type":"ImageObject","inLanguage":"en-US","@id":"https:\/\/mon-carre-deco.com\/produit\/tableau-gavroche-litterature-alphabet\/#primaryimage","url":"https:\/\/mon-carre-deco.com\/wp-content\/uploads\/2022\/12\/Tableau-Tableau-dun-gavroche-Hermes-Literature-de-AM-Cassandre-moulure-en-bois-naturel.jpg","contentUrl":"https:\/\/mon-carre-deco.com\/wp-content\/uploads\/2022\/12\/Tableau-Tableau-dun-gavroche-Hermes-Literature-de-AM-Cassandre-moulure-en-bois-naturel.jpg","width":1074,"height":1001,"caption":"Tableau-Tableau-dun-gavroche-Hermes-Literature-de-AM-Cassandre-moulure-en-bois-nature"},{"@type":"BreadcrumbList","@id":"https:\/\/mon-carre-deco.com\/produit\/tableau-gavroche-litterature-alphabet\/#breadcrumb","itemListElement":[{"@type":"ListItem","position":1,"name":"Accueil","item":"https:\/\/mon-carre-deco.com\/"},{"@type":"ListItem","position":2,"name":"Tableaux","item":"https:\/\/mon-carre-deco.com\/boutique-tableau-hermes\/"},{"@type":"ListItem","position":3,"name":"Tableau &#8211; Gavroche Litt\u00e9rature &#8211; Alphabet"}]},{"@type":"WebSite","@id":"https:\/\/mon-carre-deco.com\/#website","url":"https:\/\/mon-carre-deco.com\/","name":"Mon Carr\u00e9 D\u00e9co","description":"Mon Carr\u00e9 D&#039;art at Home, vente de tableau Herm\u00e8s, foulard carr\u00e9 Herm\u00e8s encadr\u00e9","publisher":{"@id":"https:\/\/mon-carre-deco.com\/#organization"},"potentialAction":[{"@type":"SearchAction","target":{"@type":"EntryPoint","urlTemplate":"https:\/\/mon-carre-deco.com\/?s={search_term_string}"},"query-input":{"@type":"PropertyValueSpecification","valueRequired":true,"valueName":"search_term_string"}}],"inLanguage":"en-US"},{"@type":"Organization","@id":"https:\/\/mon-carre-deco.com\/#organization","name":"Mon Carr\u00e9 D\u00e9co","url":"https:\/\/mon-carre-deco.com\/","logo":{"@type":"ImageObject","inLanguage":"en-US","@id":"https:\/\/mon-carre-deco.com\/#\/schema\/logo\/image\/","url":"https:\/\/mon-carre-deco.com\/wp-content\/uploads\/2021\/04\/cropped-Logo-mon-carre-deco-2.png","contentUrl":"https:\/\/mon-carre-deco.com\/wp-content\/uploads\/2021\/04\/cropped-Logo-mon-carre-deco-2.png","width":1043,"height":1043,"caption":"Mon Carr\u00e9 D\u00e9co"},"image":{"@id":"https:\/\/mon-carre-deco.com\/#\/schema\/logo\/image\/"}}]}},"_links":{"self":[{"href":"https:\/\/mon-carre-deco.com\/en\/wp-json\/wp\/v2\/product\/3758","targetHints":{"allow":["GET"]}}],"collection":[{"href":"https:\/\/mon-carre-deco.com\/en\/wp-json\/wp\/v2\/product"}],"about":[{"href":"https:\/\/mon-carre-deco.com\/en\/wp-json\/wp\/v2\/types\/product"}],"replies":[{"embeddable":true,"href":"https:\/\/mon-carre-deco.com\/en\/wp-json\/wp\/v2\/comments?post=3758"}],"version-history":[{"count":6,"href":"https:\/\/mon-carre-deco.com\/en\/wp-json\/wp\/v2\/product\/3758\/revisions"}],"predecessor-version":[{"id":3780,"href":"https:\/\/mon-carre-deco.com\/en\/wp-json\/wp\/v2\/product\/3758\/revisions\/3780"}],"wp:featuredmedia":[{"embeddable":true,"href":"https:\/\/mon-carre-deco.com\/en\/wp-json\/wp\/v2\/media\/3779"}],"wp:attachment":[{"href":"https:\/\/mon-carre-deco.com\/en\/wp-json\/wp\/v2\/media?parent=3758"}],"wp:term":[{"taxonomy":"product_brand","embeddable":true,"href":"https:\/\/mon-carre-deco.com\/en\/wp-json\/wp\/v2\/product_brand?post=3758"},{"taxonomy":"product_cat","embeddable":true,"href":"https:\/\/mon-carre-deco.com\/en\/wp-json\/wp\/v2\/product_cat?post=3758"},{"taxonomy":"product_tag","embeddable":true,"href":"https:\/\/mon-carre-deco.com\/en\/wp-json\/wp\/v2\/product_tag?post=3758"}],"curies":[{"name":"wp","href":"https:\/\/api.w.org\/{rel}","templated":true}]}}