{"id":3783,"date":"2023-01-02T00:22:34","date_gmt":"2023-01-01T23:22:34","guid":{"rendered":"https:\/\/mon-carre-deco.com\/?post_type=product&#038;p=3783"},"modified":"2023-03-21T23:30:43","modified_gmt":"2023-03-21T22:30:43","slug":"tableau-carre-hermes-retour-a-la-terre","status":"publish","type":"product","link":"https:\/\/mon-carre-deco.com\/en\/product\/tableau-carre-hermes-retour-a-la-terre\/","title":{"rendered":"Tableau &#8211; Carr\u00e9 Herm\u00e8s Retour \u00e0 la Terre"},"content":{"rendered":"<p>Retour \u00e0 la terre\u00a0\u00bb<\/p>\n<p>Designer: Olivier Dumas<\/p>\n<p>Un petit citadin au pr\u00e9nom d&rsquo;arbre chantait jadis la joie candide de ces travaux champ\u00eatres. Cueillette de pommes en Normandie, moisson dans la Beauce, vendanges dans les C\u00e9vennes et r\u00e9colte de dattes en Alg\u00e9rie: courant d&rsquo;air frais qui d\u00e9gage nos poumons modernes tracass\u00e9s par l&rsquo;ozone. Ce gar\u00e7onnet avait pour p\u00e8re Robert Dumas, qui pr\u00e9sida longtemps aux destin\u00e9s d&rsquo;Herm\u00e8s et qui savait que, chez l&rsquo;enfant, le po\u00e9tique et le proph\u00e9tique sont \u00e0 port\u00e9e de crayons.<\/p>\n<p>Tr\u00e8s rare et tr\u00e8s recherch\u00e9 par les collectionneurs<\/p>\n<p>\u00c9dit\u00e9 en 1942, r\u00e9\u00e9dit\u00e9 en 1998,<\/p>","protected":false},"excerpt":{"rendered":"<p>Tableau d&rsquo;un carr\u00e9 Herm\u00e8s, rare et tr\u00e8s recherch\u00e9. Un tableau d&rsquo;un foulard Herm\u00e8s pour celles et ceux, sensibilis\u00e9s \u00e0 la biodiversit\u00e9, \u00e0 l&rsquo;agriculture responsable, qui voient la n\u00e9cessit\u00e9 de trouver un \u00e9quilibre entre notre mode de vie moderne et les limites supportables par notre plan\u00e8te. Qui reconnaissent que l\u2019agriculture a besoin de paysans pour r\u00e9pondre aux aspirations d&rsquo;une population qui souhaitent une alimentation de proximit\u00e9, plus responsable de l\u2019environnement et de la sant\u00e9.<\/p>\n<ul>\n<li>Silk<\/li>\n<li>Couleurs dominantes : Jaune, vert, gris, marron<\/li>\n<li>Moulure en bois naturel marron, c\u00f4t\u00e9 noir.<\/li>\n<li>Passe-partout ivoire<\/li>\n<li>UV-resistant glass \u2265 99<\/li>\n<li>Rear mounting hook<\/li>\n<\/ul>\n<p>Designer : Olivier Dumas<\/p>","protected":false},"featured_media":3784,"comment_status":"open","ping_status":"closed","template":"","meta":{"site-sidebar-layout":"default","site-content-layout":"default","ast-site-content-layout":"","site-content-style":"default","site-sidebar-style":"default","ast-global-header-display":"","ast-banner-title-visibility":"","ast-main-header-display":"","ast-hfb-above-header-display":"","ast-hfb-below-header-display":"","ast-hfb-mobile-header-display":"","site-post-title":"","ast-breadcrumbs-content":"","ast-featured-img":"","footer-sml-layout":"","theme-transparent-header-meta":"default","adv-header-id-meta":"","stick-header-meta":"","header-above-stick-meta":"","header-main-stick-meta":"","header-below-stick-meta":"","astra-migrate-meta-layouts":""},"product_brand":[],"product_cat":[24],"product_tag":[],"class_list":{"0":"post-3783","1":"product","2":"type-product","3":"status-publish","4":"has-post-thumbnail","6":"product_cat-carre-90x90","7":"desktop-align-left","8":"tablet-align-left","9":"mobile-align-left","11":"first","12":"instock","13":"sold-individually","14":"shipping-taxable","15":"product-type-simple"},"yoast_head":"<!-- This site is optimized with the Yoast SEO plugin v25.4 - https:\/\/yoast.com\/wordpress\/plugins\/seo\/ -->\n<title>Tableau - Carr\u00e9 Herm\u00e8s Retour \u00e0 la Terre - Mon Carr\u00e9 D\u00e9co<\/title>\n<meta name=\"description\" content=\"Tableau d&#039;un carr\u00e9 Herm\u00e8s &quot; Retour \u00e0 la Terre&quot; pour celles et ceux sensibilis\u00e9s \u00e0 la biodiversit\u00e9, \u00e0 une agriculture plus responsable de l\u2019environnement et de la sant\u00e9\" \/>\n<meta name=\"robots\" content=\"index, follow, max-snippet:-1, max-image-preview:large, max-video-preview:-1\" \/>\n<link rel=\"canonical\" href=\"https:\/\/mon-carre-deco.com\/en\/product\/tableau-carre-hermes-retour-a-la-terre\/\" \/>\n<meta property=\"og:locale\" content=\"en_US\" \/>\n<meta property=\"og:type\" content=\"article\" \/>\n<meta property=\"og:title\" content=\"Tableau - Carr\u00e9 Herm\u00e8s Retour \u00e0 la Terre - Mon Carr\u00e9 D\u00e9co\" \/>\n<meta property=\"og:description\" content=\"Tableau d&#039;un carr\u00e9 Herm\u00e8s &quot; Retour \u00e0 la Terre&quot; pour celles et ceux sensibilis\u00e9s \u00e0 la biodiversit\u00e9, \u00e0 une agriculture plus responsable de l\u2019environnement et de la sant\u00e9\" \/>\n<meta property=\"og:url\" content=\"https:\/\/mon-carre-deco.com\/en\/product\/tableau-carre-hermes-retour-a-la-terre\/\" \/>\n<meta property=\"og:site_name\" content=\"Mon Carr\u00e9 D\u00e9co\" \/>\n<meta property=\"article:modified_time\" content=\"2023-03-21T22:30:43+00:00\" \/>\n<meta property=\"og:image\" content=\"http:\/\/mon-carre-deco.com\/wp-content\/uploads\/2022\/12\/Tableau-Hermes-Retour-a-la-terre-Designer-Olivier-Dumas-Edite-en-1942-reedite-en-1998-ici-edition-1998..jpg\" \/>\n\t<meta property=\"og:image:width\" content=\"691\" \/>\n\t<meta property=\"og:image:height\" content=\"644\" \/>\n\t<meta property=\"og:image:type\" content=\"image\/jpeg\" \/>\n<meta name=\"twitter:card\" content=\"summary_large_image\" \/>\n<meta name=\"twitter:label1\" content=\"Est. reading time\" \/>\n\t<meta name=\"twitter:data1\" content=\"1 minute\" \/>\n<script type=\"application\/ld+json\" class=\"yoast-schema-graph\">{\"@context\":\"https:\/\/schema.org\",\"@graph\":[{\"@type\":\"WebPage\",\"@id\":\"https:\/\/mon-carre-deco.com\/produit\/tableau-carre-hermes-retour-a-la-terre\/\",\"url\":\"https:\/\/mon-carre-deco.com\/produit\/tableau-carre-hermes-retour-a-la-terre\/\",\"name\":\"Tableau - Carr\u00e9 Herm\u00e8s Retour \u00e0 la Terre - Mon Carr\u00e9 D\u00e9co\",\"isPartOf\":{\"@id\":\"https:\/\/mon-carre-deco.com\/#website\"},\"primaryImageOfPage\":{\"@id\":\"https:\/\/mon-carre-deco.com\/produit\/tableau-carre-hermes-retour-a-la-terre\/#primaryimage\"},\"image\":{\"@id\":\"https:\/\/mon-carre-deco.com\/produit\/tableau-carre-hermes-retour-a-la-terre\/#primaryimage\"},\"thumbnailUrl\":\"https:\/\/mon-carre-deco.com\/wp-content\/uploads\/2022\/12\/Tableau-Hermes-Retour-a-la-terre-Designer-Olivier-Dumas-Edite-en-1942-reedite-en-1998-ici-edition-1998..jpg\",\"datePublished\":\"2023-01-01T23:22:34+00:00\",\"dateModified\":\"2023-03-21T22:30:43+00:00\",\"description\":\"Tableau d'un carr\u00e9 Herm\u00e8s \\\" Retour \u00e0 la Terre\\\" pour celles et ceux sensibilis\u00e9s \u00e0 la biodiversit\u00e9, \u00e0 une agriculture plus responsable de l\u2019environnement et de la sant\u00e9\",\"breadcrumb\":{\"@id\":\"https:\/\/mon-carre-deco.com\/produit\/tableau-carre-hermes-retour-a-la-terre\/#breadcrumb\"},\"inLanguage\":\"en-US\",\"potentialAction\":[{\"@type\":\"ReadAction\",\"target\":[\"https:\/\/mon-carre-deco.com\/produit\/tableau-carre-hermes-retour-a-la-terre\/\"]}]},{\"@type\":\"ImageObject\",\"inLanguage\":\"en-US\",\"@id\":\"https:\/\/mon-carre-deco.com\/produit\/tableau-carre-hermes-retour-a-la-terre\/#primaryimage\",\"url\":\"https:\/\/mon-carre-deco.com\/wp-content\/uploads\/2022\/12\/Tableau-Hermes-Retour-a-la-terre-Designer-Olivier-Dumas-Edite-en-1942-reedite-en-1998-ici-edition-1998..jpg\",\"contentUrl\":\"https:\/\/mon-carre-deco.com\/wp-content\/uploads\/2022\/12\/Tableau-Hermes-Retour-a-la-terre-Designer-Olivier-Dumas-Edite-en-1942-reedite-en-1998-ici-edition-1998..jpg\",\"width\":691,\"height\":644,\"caption\":\"Tableau d'un carr\u00e9 Herm\u00e8s Retour \u00e0 la Terre par Olivier Dumas\"},{\"@type\":\"BreadcrumbList\",\"@id\":\"https:\/\/mon-carre-deco.com\/produit\/tableau-carre-hermes-retour-a-la-terre\/#breadcrumb\",\"itemListElement\":[{\"@type\":\"ListItem\",\"position\":1,\"name\":\"Accueil\",\"item\":\"https:\/\/mon-carre-deco.com\/\"},{\"@type\":\"ListItem\",\"position\":2,\"name\":\"Tableaux\",\"item\":\"https:\/\/mon-carre-deco.com\/boutique-tableau-hermes\/\"},{\"@type\":\"ListItem\",\"position\":3,\"name\":\"Tableau &#8211; Carr\u00e9 Herm\u00e8s Retour \u00e0 la Terre\"}]},{\"@type\":\"WebSite\",\"@id\":\"https:\/\/mon-carre-deco.com\/#website\",\"url\":\"https:\/\/mon-carre-deco.com\/\",\"name\":\"Mon Carr\u00e9 D\u00e9co\",\"description\":\"Mon Carr\u00e9 D&#039;art at Home, vente de tableau Herm\u00e8s, foulard carr\u00e9 Herm\u00e8s encadr\u00e9\",\"publisher\":{\"@id\":\"https:\/\/mon-carre-deco.com\/#organization\"},\"potentialAction\":[{\"@type\":\"SearchAction\",\"target\":{\"@type\":\"EntryPoint\",\"urlTemplate\":\"https:\/\/mon-carre-deco.com\/?s={search_term_string}\"},\"query-input\":{\"@type\":\"PropertyValueSpecification\",\"valueRequired\":true,\"valueName\":\"search_term_string\"}}],\"inLanguage\":\"en-US\"},{\"@type\":\"Organization\",\"@id\":\"https:\/\/mon-carre-deco.com\/#organization\",\"name\":\"Mon Carr\u00e9 D\u00e9co\",\"url\":\"https:\/\/mon-carre-deco.com\/\",\"logo\":{\"@type\":\"ImageObject\",\"inLanguage\":\"en-US\",\"@id\":\"https:\/\/mon-carre-deco.com\/#\/schema\/logo\/image\/\",\"url\":\"https:\/\/mon-carre-deco.com\/wp-content\/uploads\/2021\/04\/cropped-Logo-mon-carre-deco-2.png\",\"contentUrl\":\"https:\/\/mon-carre-deco.com\/wp-content\/uploads\/2021\/04\/cropped-Logo-mon-carre-deco-2.png\",\"width\":1043,\"height\":1043,\"caption\":\"Mon Carr\u00e9 D\u00e9co\"},\"image\":{\"@id\":\"https:\/\/mon-carre-deco.com\/#\/schema\/logo\/image\/\"}}]}<\/script>\n<!-- \/ Yoast SEO plugin. -->","yoast_head_json":{"title":"Tableau - Carr\u00e9 Herm\u00e8s Retour \u00e0 la Terre - Mon Carr\u00e9 D\u00e9co","description":"Tableau d'un carr\u00e9 Herm\u00e8s \" Retour \u00e0 la Terre\" pour celles et ceux sensibilis\u00e9s \u00e0 la biodiversit\u00e9, \u00e0 une agriculture plus responsable de l\u2019environnement et de la sant\u00e9","robots":{"index":"index","follow":"follow","max-snippet":"max-snippet:-1","max-image-preview":"max-image-preview:large","max-video-preview":"max-video-preview:-1"},"canonical":"https:\/\/mon-carre-deco.com\/en\/product\/tableau-carre-hermes-retour-a-la-terre\/","og_locale":"en_US","og_type":"article","og_title":"Tableau - Carr\u00e9 Herm\u00e8s Retour \u00e0 la Terre - Mon Carr\u00e9 D\u00e9co","og_description":"Tableau d'un carr\u00e9 Herm\u00e8s \" Retour \u00e0 la Terre\" pour celles et ceux sensibilis\u00e9s \u00e0 la biodiversit\u00e9, \u00e0 une agriculture plus responsable de l\u2019environnement et de la sant\u00e9","og_url":"https:\/\/mon-carre-deco.com\/en\/product\/tableau-carre-hermes-retour-a-la-terre\/","og_site_name":"Mon Carr\u00e9 D\u00e9co","article_modified_time":"2023-03-21T22:30:43+00:00","og_image":[{"width":691,"height":644,"url":"http:\/\/mon-carre-deco.com\/wp-content\/uploads\/2022\/12\/Tableau-Hermes-Retour-a-la-terre-Designer-Olivier-Dumas-Edite-en-1942-reedite-en-1998-ici-edition-1998..jpg","type":"image\/jpeg"}],"twitter_card":"summary_large_image","twitter_misc":{"Est. reading time":"1 minute"},"schema":{"@context":"https:\/\/schema.org","@graph":[{"@type":"WebPage","@id":"https:\/\/mon-carre-deco.com\/produit\/tableau-carre-hermes-retour-a-la-terre\/","url":"https:\/\/mon-carre-deco.com\/produit\/tableau-carre-hermes-retour-a-la-terre\/","name":"Tableau - Carr\u00e9 Herm\u00e8s Retour \u00e0 la Terre - Mon Carr\u00e9 D\u00e9co","isPartOf":{"@id":"https:\/\/mon-carre-deco.com\/#website"},"primaryImageOfPage":{"@id":"https:\/\/mon-carre-deco.com\/produit\/tableau-carre-hermes-retour-a-la-terre\/#primaryimage"},"image":{"@id":"https:\/\/mon-carre-deco.com\/produit\/tableau-carre-hermes-retour-a-la-terre\/#primaryimage"},"thumbnailUrl":"https:\/\/mon-carre-deco.com\/wp-content\/uploads\/2022\/12\/Tableau-Hermes-Retour-a-la-terre-Designer-Olivier-Dumas-Edite-en-1942-reedite-en-1998-ici-edition-1998..jpg","datePublished":"2023-01-01T23:22:34+00:00","dateModified":"2023-03-21T22:30:43+00:00","description":"Tableau d'un carr\u00e9 Herm\u00e8s \" Retour \u00e0 la Terre\" pour celles et ceux sensibilis\u00e9s \u00e0 la biodiversit\u00e9, \u00e0 une agriculture plus responsable de l\u2019environnement et de la sant\u00e9","breadcrumb":{"@id":"https:\/\/mon-carre-deco.com\/produit\/tableau-carre-hermes-retour-a-la-terre\/#breadcrumb"},"inLanguage":"en-US","potentialAction":[{"@type":"ReadAction","target":["https:\/\/mon-carre-deco.com\/produit\/tableau-carre-hermes-retour-a-la-terre\/"]}]},{"@type":"ImageObject","inLanguage":"en-US","@id":"https:\/\/mon-carre-deco.com\/produit\/tableau-carre-hermes-retour-a-la-terre\/#primaryimage","url":"https:\/\/mon-carre-deco.com\/wp-content\/uploads\/2022\/12\/Tableau-Hermes-Retour-a-la-terre-Designer-Olivier-Dumas-Edite-en-1942-reedite-en-1998-ici-edition-1998..jpg","contentUrl":"https:\/\/mon-carre-deco.com\/wp-content\/uploads\/2022\/12\/Tableau-Hermes-Retour-a-la-terre-Designer-Olivier-Dumas-Edite-en-1942-reedite-en-1998-ici-edition-1998..jpg","width":691,"height":644,"caption":"Tableau d'un carr\u00e9 Herm\u00e8s Retour \u00e0 la Terre par Olivier Dumas"},{"@type":"BreadcrumbList","@id":"https:\/\/mon-carre-deco.com\/produit\/tableau-carre-hermes-retour-a-la-terre\/#breadcrumb","itemListElement":[{"@type":"ListItem","position":1,"name":"Accueil","item":"https:\/\/mon-carre-deco.com\/"},{"@type":"ListItem","position":2,"name":"Tableaux","item":"https:\/\/mon-carre-deco.com\/boutique-tableau-hermes\/"},{"@type":"ListItem","position":3,"name":"Tableau &#8211; Carr\u00e9 Herm\u00e8s Retour \u00e0 la Terre"}]},{"@type":"WebSite","@id":"https:\/\/mon-carre-deco.com\/#website","url":"https:\/\/mon-carre-deco.com\/","name":"Mon Carr\u00e9 D\u00e9co","description":"Mon Carr\u00e9 D&#039;art at Home, vente de tableau Herm\u00e8s, foulard carr\u00e9 Herm\u00e8s encadr\u00e9","publisher":{"@id":"https:\/\/mon-carre-deco.com\/#organization"},"potentialAction":[{"@type":"SearchAction","target":{"@type":"EntryPoint","urlTemplate":"https:\/\/mon-carre-deco.com\/?s={search_term_string}"},"query-input":{"@type":"PropertyValueSpecification","valueRequired":true,"valueName":"search_term_string"}}],"inLanguage":"en-US"},{"@type":"Organization","@id":"https:\/\/mon-carre-deco.com\/#organization","name":"Mon Carr\u00e9 D\u00e9co","url":"https:\/\/mon-carre-deco.com\/","logo":{"@type":"ImageObject","inLanguage":"en-US","@id":"https:\/\/mon-carre-deco.com\/#\/schema\/logo\/image\/","url":"https:\/\/mon-carre-deco.com\/wp-content\/uploads\/2021\/04\/cropped-Logo-mon-carre-deco-2.png","contentUrl":"https:\/\/mon-carre-deco.com\/wp-content\/uploads\/2021\/04\/cropped-Logo-mon-carre-deco-2.png","width":1043,"height":1043,"caption":"Mon Carr\u00e9 D\u00e9co"},"image":{"@id":"https:\/\/mon-carre-deco.com\/#\/schema\/logo\/image\/"}}]}},"_links":{"self":[{"href":"https:\/\/mon-carre-deco.com\/en\/wp-json\/wp\/v2\/product\/3783","targetHints":{"allow":["GET"]}}],"collection":[{"href":"https:\/\/mon-carre-deco.com\/en\/wp-json\/wp\/v2\/product"}],"about":[{"href":"https:\/\/mon-carre-deco.com\/en\/wp-json\/wp\/v2\/types\/product"}],"replies":[{"embeddable":true,"href":"https:\/\/mon-carre-deco.com\/en\/wp-json\/wp\/v2\/comments?post=3783"}],"version-history":[{"count":5,"href":"https:\/\/mon-carre-deco.com\/en\/wp-json\/wp\/v2\/product\/3783\/revisions"}],"predecessor-version":[{"id":4042,"href":"https:\/\/mon-carre-deco.com\/en\/wp-json\/wp\/v2\/product\/3783\/revisions\/4042"}],"wp:featuredmedia":[{"embeddable":true,"href":"https:\/\/mon-carre-deco.com\/en\/wp-json\/wp\/v2\/media\/3784"}],"wp:attachment":[{"href":"https:\/\/mon-carre-deco.com\/en\/wp-json\/wp\/v2\/media?parent=3783"}],"wp:term":[{"taxonomy":"product_brand","embeddable":true,"href":"https:\/\/mon-carre-deco.com\/en\/wp-json\/wp\/v2\/product_brand?post=3783"},{"taxonomy":"product_cat","embeddable":true,"href":"https:\/\/mon-carre-deco.com\/en\/wp-json\/wp\/v2\/product_cat?post=3783"},{"taxonomy":"product_tag","embeddable":true,"href":"https:\/\/mon-carre-deco.com\/en\/wp-json\/wp\/v2\/product_tag?post=3783"}],"curies":[{"name":"wp","href":"https:\/\/api.w.org\/{rel}","templated":true}]}}