{"id":38,"date":"2021-05-23T01:00:14","date_gmt":"2021-05-22T23:00:14","guid":{"rendered":"http:\/\/mon-carre-deco.com\/index.php\/produit\/orange-flowers\/"},"modified":"2023-12-25T17:59:43","modified_gmt":"2023-12-25T16:59:43","slug":"tableau-la-musique-des-spheres","status":"publish","type":"product","link":"https:\/\/mon-carre-deco.com\/en\/product\/tableau-la-musique-des-spheres\/","title":{"rendered":"Tableau &#8211; Carr\u00e9 Herm\u00e8s La Musique des Sph\u00e8res"},"content":{"rendered":"<div data-elementor-type=\"wp-post\" data-elementor-id=\"38\" class=\"elementor elementor-38\">\n\t\t\t\t\t\t<section class=\"elementor-section elementor-top-section elementor-element elementor-element-6996e902 elementor-section-boxed elementor-section-height-default elementor-section-height-default\" data-id=\"6996e902\" data-element_type=\"section\">\n\t\t\t\t\t\t<div class=\"elementor-container elementor-column-gap-default\">\n\t\t\t\t\t<div class=\"elementor-column elementor-col-100 elementor-top-column elementor-element elementor-element-558f2b3e\" data-id=\"558f2b3e\" data-element_type=\"column\">\n\t\t\t<div class=\"elementor-widget-wrap elementor-element-populated\">\n\t\t\t\t\t\t<div class=\"elementor-element elementor-element-406f75d0 elementor-widget elementor-widget-text-editor\" data-id=\"406f75d0\" data-element_type=\"widget\" data-widget_type=\"text-editor.default\">\n\t\t\t\t<div class=\"elementor-widget-container\">\n\t\t\t\t\t\t\t\t\t<p>\u00ab\u00a0La Musique des Sph\u00e8res\u00a0\u00bb<\/p><p><span class=\"my_modal_conf my_modal_content\"><span id=\"desc_origi_1312587\">\u00c9dit\u00e9 en 1996<br \/><\/span><\/span><\/p><p>Designer <span class=\"my_modal_conf my_modal_content\"><span id=\"desc_origi_1312587\">Zoe Pauwels<\/span><\/span><\/p><p>Zo\u00e9 Pauwels est une artiste moderne qui ne se contente pas de r\u00e9aliser de magnifiques motifs de foulard pour Herm\u00e8s. Ses \u0153uvres vont des dessins au crayon, aux huiles, aux multim\u00e9dias et aux\u00a0 peintures murales. La musique est une source d&rsquo;inspiration qui ne cesse de stimuler sa cr\u00e9ativit\u00e9 mais aussi les sciences et les math\u00e9matiques !<\/p><p><em>You'll also like<\/em><\/p><blockquote><figure id=\"attachment_1661\" aria-describedby=\"caption-attachment-1661\" style=\"width: 236px\" class=\"wp-caption alignnone\"><a href=\"http:\/\/arts-collections.paris\/fr\/arts\/80-sculpture-violon-pizzaiola-par-arman.html\" target=\"_blank\" rel=\"noopener\"><img fetchpriority=\"high\" decoding=\"async\" class=\"size-medium wp-image-1661\" src=\"http:\/\/mon-carre-deco.com\/wp-content\/uploads\/2017\/12\/Violon-dore-ARMAN-1928-2005-236x300.jpg\" alt=\"Violon bronze dor\u00e9 ARMAN\" width=\"236\" height=\"300\" srcset=\"https:\/\/mon-carre-deco.com\/wp-content\/uploads\/2017\/12\/Violon-dore-ARMAN-1928-2005-236x300.jpg 236w, https:\/\/mon-carre-deco.com\/wp-content\/uploads\/2017\/12\/Violon-dore-ARMAN-1928-2005.jpg 393w\" sizes=\"(max-width: 236px) 100vw, 236px\" \/><\/a><figcaption id=\"caption-attachment-1661\" class=\"wp-caption-text\">Violon bronze dor\u00e9 ARMAN<\/figcaption><\/figure><\/blockquote>\t\t\t\t\t\t\t\t<\/div>\n\t\t\t\t<\/div>\n\t\t\t\t\t<\/div>\n\t\t<\/div>\n\t\t\t\t\t<\/div>\n\t\t<\/section>\n\t\t\t\t<\/div>","protected":false},"excerpt":{"rendered":"<p><em>La Musique des sph\u00e8res<\/em>, une pause pour exalter l&rsquo;harmonie \u00e0 venir ? Une voie, nouvelle, vers le futur ? Jamais Herm\u00e8s n&rsquo;avait accept\u00e9 une maquette en noir et blanc comme celle de Zo\u00e9 Pauwels, mais cet alto superbe, cette construction issue du th\u00e9or\u00e8me de Pythagore qu&rsquo;utilisait Stradivarius, ces port\u00e9es musicales et ces r\u00e9f\u00e9rences \u00e0 la physique et aux plan\u00e8tes, ont amen\u00e9, dans cette d\u00e9cennie vou\u00e9e \u00e0 davantage de sobri\u00e9t\u00e9, une mani\u00e8re qui, sans \u00e9vincer les pr\u00e9c\u00e9dentes, poursuivraient sa route \u00e0 leur c\u00f4t\u00e9. C&rsquo;est ainsi que, parfois, seules les \u00ab\u00a0finesses\u00a0\u00bb, c&rsquo;est-\u00e0-dire les contours de certains dessins, on \u00e9t\u00e9 imprim\u00e9es, mettant en valeur le graphisme pour assourdir le chromatisme.<\/p>\n<ul>\n<li>Silk<\/li>\n<li>Couleur dominante prune, gris<\/li>\n<li>Moulure noire<\/li>\n<li>Passe-partout noir<\/li>\n<li>Verre de protection anti UV<\/li>\n<li>Accroches murales \u00e0 l&rsquo;arri\u00e8re<\/li>\n<\/ul>\n<p>Designer : <span class=\"my_modal_conf my_modal_content\"><span id=\"desc_origi_1312587\">Zoe Pauwels<\/span><\/span><\/p>","protected":false},"featured_media":1648,"comment_status":"open","ping_status":"closed","template":"","meta":{"site-sidebar-layout":"default","site-content-layout":"default","ast-site-content-layout":"default","site-content-style":"default","site-sidebar-style":"default","ast-global-header-display":"","ast-banner-title-visibility":"","ast-main-header-display":"","ast-hfb-above-header-display":"","ast-hfb-below-header-display":"","ast-hfb-mobile-header-display":"","site-post-title":"","ast-breadcrumbs-content":"","ast-featured-img":"","footer-sml-layout":"","theme-transparent-header-meta":"default","adv-header-id-meta":"","stick-header-meta":"","header-above-stick-meta":"","header-main-stick-meta":"","header-below-stick-meta":"","astra-migrate-meta-layouts":"set"},"product_brand":[],"product_cat":[24],"product_tag":[],"class_list":{"0":"post-38","1":"product","2":"type-product","3":"status-publish","4":"has-post-thumbnail","6":"product_cat-carre-90x90","7":"desktop-align-left","8":"tablet-align-left","9":"mobile-align-left","11":"first","12":"instock","13":"sold-individually","14":"shipping-taxable","15":"product-type-simple"},"yoast_head":"<!-- This site is optimized with the Yoast SEO plugin v25.4 - https:\/\/yoast.com\/wordpress\/plugins\/seo\/ -->\n<title>Tableau - Carr\u00e9 Herm\u00e8s La Musique des Sph\u00e8res - Mon Carr\u00e9 D\u00e9co<\/title>\n<meta name=\"description\" content=\"Tableau La Musique des Sph\u00e8res Carr\u00e9 Herm\u00e8s par Zoe Pauwels encadr\u00e9, foulard Herm\u00e8s en Tableau avec moulure noire et passe-partout noir, une id\u00e9e cadeau originale pour les passionn\u00e9s de musique et violon\" \/>\n<meta name=\"robots\" content=\"index, follow, max-snippet:-1, max-image-preview:large, max-video-preview:-1\" \/>\n<link rel=\"canonical\" href=\"https:\/\/mon-carre-deco.com\/en\/product\/tableau-la-musique-des-spheres\/\" \/>\n<meta property=\"og:locale\" content=\"en_US\" \/>\n<meta property=\"og:type\" content=\"article\" \/>\n<meta property=\"og:title\" content=\"Tableau - Carr\u00e9 Herm\u00e8s La Musique des Sph\u00e8res - Mon Carr\u00e9 D\u00e9co\" \/>\n<meta property=\"og:description\" content=\"Tableau La Musique des Sph\u00e8res Carr\u00e9 Herm\u00e8s par Zoe Pauwels encadr\u00e9, foulard Herm\u00e8s en Tableau avec moulure noire et passe-partout noir, une id\u00e9e cadeau originale pour les passionn\u00e9s de musique et violon\" \/>\n<meta property=\"og:url\" content=\"https:\/\/mon-carre-deco.com\/en\/product\/tableau-la-musique-des-spheres\/\" \/>\n<meta property=\"og:site_name\" content=\"Mon Carr\u00e9 D\u00e9co\" \/>\n<meta property=\"article:modified_time\" content=\"2023-12-25T16:59:43+00:00\" \/>\n<meta property=\"og:image\" content=\"http:\/\/mon-carre-deco.com\/wp-content\/uploads\/2017\/12\/Carre-Hermes-La-Carre-Hermes-la-Musique-des-Spheres-en-tableau-encadrement-moulure-noire-passe-partout-noir.jpg\" \/>\n\t<meta property=\"og:image:width\" content=\"839\" \/>\n\t<meta property=\"og:image:height\" content=\"814\" \/>\n\t<meta property=\"og:image:type\" content=\"image\/jpeg\" \/>\n<meta name=\"twitter:card\" content=\"summary_large_image\" \/>\n<meta name=\"twitter:label1\" content=\"Est. reading time\" \/>\n\t<meta name=\"twitter:data1\" content=\"1 minute\" \/>\n<script type=\"application\/ld+json\" class=\"yoast-schema-graph\">{\"@context\":\"https:\/\/schema.org\",\"@graph\":[{\"@type\":\"WebPage\",\"@id\":\"https:\/\/mon-carre-deco.com\/produit\/tableau-la-musique-des-spheres\/\",\"url\":\"https:\/\/mon-carre-deco.com\/produit\/tableau-la-musique-des-spheres\/\",\"name\":\"Tableau - Carr\u00e9 Herm\u00e8s La Musique des Sph\u00e8res - Mon Carr\u00e9 D\u00e9co\",\"isPartOf\":{\"@id\":\"https:\/\/mon-carre-deco.com\/#website\"},\"primaryImageOfPage\":{\"@id\":\"https:\/\/mon-carre-deco.com\/produit\/tableau-la-musique-des-spheres\/#primaryimage\"},\"image\":{\"@id\":\"https:\/\/mon-carre-deco.com\/produit\/tableau-la-musique-des-spheres\/#primaryimage\"},\"thumbnailUrl\":\"https:\/\/mon-carre-deco.com\/wp-content\/uploads\/2017\/12\/Carre-Hermes-La-Carre-Hermes-la-Musique-des-Spheres-en-tableau-encadrement-moulure-noire-passe-partout-noir.jpg\",\"datePublished\":\"2021-05-22T23:00:14+00:00\",\"dateModified\":\"2023-12-25T16:59:43+00:00\",\"description\":\"Tableau La Musique des Sph\u00e8res Carr\u00e9 Herm\u00e8s par Zoe Pauwels encadr\u00e9, foulard Herm\u00e8s en Tableau avec moulure noire et passe-partout noir, une id\u00e9e cadeau originale pour les passionn\u00e9s de musique et violon\",\"breadcrumb\":{\"@id\":\"https:\/\/mon-carre-deco.com\/produit\/tableau-la-musique-des-spheres\/#breadcrumb\"},\"inLanguage\":\"en-US\",\"potentialAction\":[{\"@type\":\"ReadAction\",\"target\":[\"https:\/\/mon-carre-deco.com\/produit\/tableau-la-musique-des-spheres\/\"]}]},{\"@type\":\"ImageObject\",\"inLanguage\":\"en-US\",\"@id\":\"https:\/\/mon-carre-deco.com\/produit\/tableau-la-musique-des-spheres\/#primaryimage\",\"url\":\"https:\/\/mon-carre-deco.com\/wp-content\/uploads\/2017\/12\/Carre-Hermes-La-Carre-Hermes-la-Musique-des-Spheres-en-tableau-encadrement-moulure-noire-passe-partout-noir.jpg\",\"contentUrl\":\"https:\/\/mon-carre-deco.com\/wp-content\/uploads\/2017\/12\/Carre-Hermes-La-Carre-Hermes-la-Musique-des-Spheres-en-tableau-encadrement-moulure-noire-passe-partout-noir.jpg\",\"width\":839,\"height\":814,\"caption\":\"Tableau carr\u00e9 Herm\u00e8s La Musique des Sph\u00e8res encadrement moulure noire et passe partout-noir\"},{\"@type\":\"BreadcrumbList\",\"@id\":\"https:\/\/mon-carre-deco.com\/produit\/tableau-la-musique-des-spheres\/#breadcrumb\",\"itemListElement\":[{\"@type\":\"ListItem\",\"position\":1,\"name\":\"Accueil\",\"item\":\"https:\/\/mon-carre-deco.com\/\"},{\"@type\":\"ListItem\",\"position\":2,\"name\":\"Tableaux\",\"item\":\"https:\/\/mon-carre-deco.com\/boutique-tableau-hermes\/\"},{\"@type\":\"ListItem\",\"position\":3,\"name\":\"Tableau &#8211; Carr\u00e9 Herm\u00e8s La Musique des Sph\u00e8res\"}]},{\"@type\":\"WebSite\",\"@id\":\"https:\/\/mon-carre-deco.com\/#website\",\"url\":\"https:\/\/mon-carre-deco.com\/\",\"name\":\"Mon Carr\u00e9 D\u00e9co\",\"description\":\"Mon Carr\u00e9 D&#039;art at Home, vente de tableau Herm\u00e8s, foulard carr\u00e9 Herm\u00e8s encadr\u00e9\",\"publisher\":{\"@id\":\"https:\/\/mon-carre-deco.com\/#organization\"},\"potentialAction\":[{\"@type\":\"SearchAction\",\"target\":{\"@type\":\"EntryPoint\",\"urlTemplate\":\"https:\/\/mon-carre-deco.com\/?s={search_term_string}\"},\"query-input\":{\"@type\":\"PropertyValueSpecification\",\"valueRequired\":true,\"valueName\":\"search_term_string\"}}],\"inLanguage\":\"en-US\"},{\"@type\":\"Organization\",\"@id\":\"https:\/\/mon-carre-deco.com\/#organization\",\"name\":\"Mon Carr\u00e9 D\u00e9co\",\"url\":\"https:\/\/mon-carre-deco.com\/\",\"logo\":{\"@type\":\"ImageObject\",\"inLanguage\":\"en-US\",\"@id\":\"https:\/\/mon-carre-deco.com\/#\/schema\/logo\/image\/\",\"url\":\"https:\/\/mon-carre-deco.com\/wp-content\/uploads\/2021\/04\/cropped-Logo-mon-carre-deco-2.png\",\"contentUrl\":\"https:\/\/mon-carre-deco.com\/wp-content\/uploads\/2021\/04\/cropped-Logo-mon-carre-deco-2.png\",\"width\":1043,\"height\":1043,\"caption\":\"Mon Carr\u00e9 D\u00e9co\"},\"image\":{\"@id\":\"https:\/\/mon-carre-deco.com\/#\/schema\/logo\/image\/\"}}]}<\/script>\n<!-- \/ Yoast SEO plugin. -->","yoast_head_json":{"title":"Tableau - Carr\u00e9 Herm\u00e8s La Musique des Sph\u00e8res - Mon Carr\u00e9 D\u00e9co","description":"Tableau La Musique des Sph\u00e8res Carr\u00e9 Herm\u00e8s par Zoe Pauwels encadr\u00e9, foulard Herm\u00e8s en Tableau avec moulure noire et passe-partout noir, une id\u00e9e cadeau originale pour les passionn\u00e9s de musique et violon","robots":{"index":"index","follow":"follow","max-snippet":"max-snippet:-1","max-image-preview":"max-image-preview:large","max-video-preview":"max-video-preview:-1"},"canonical":"https:\/\/mon-carre-deco.com\/en\/product\/tableau-la-musique-des-spheres\/","og_locale":"en_US","og_type":"article","og_title":"Tableau - Carr\u00e9 Herm\u00e8s La Musique des Sph\u00e8res - Mon Carr\u00e9 D\u00e9co","og_description":"Tableau La Musique des Sph\u00e8res Carr\u00e9 Herm\u00e8s par Zoe Pauwels encadr\u00e9, foulard Herm\u00e8s en Tableau avec moulure noire et passe-partout noir, une id\u00e9e cadeau originale pour les passionn\u00e9s de musique et violon","og_url":"https:\/\/mon-carre-deco.com\/en\/product\/tableau-la-musique-des-spheres\/","og_site_name":"Mon Carr\u00e9 D\u00e9co","article_modified_time":"2023-12-25T16:59:43+00:00","og_image":[{"width":839,"height":814,"url":"http:\/\/mon-carre-deco.com\/wp-content\/uploads\/2017\/12\/Carre-Hermes-La-Carre-Hermes-la-Musique-des-Spheres-en-tableau-encadrement-moulure-noire-passe-partout-noir.jpg","type":"image\/jpeg"}],"twitter_card":"summary_large_image","twitter_misc":{"Est. reading time":"1 minute"},"schema":{"@context":"https:\/\/schema.org","@graph":[{"@type":"WebPage","@id":"https:\/\/mon-carre-deco.com\/produit\/tableau-la-musique-des-spheres\/","url":"https:\/\/mon-carre-deco.com\/produit\/tableau-la-musique-des-spheres\/","name":"Tableau - Carr\u00e9 Herm\u00e8s La Musique des Sph\u00e8res - Mon Carr\u00e9 D\u00e9co","isPartOf":{"@id":"https:\/\/mon-carre-deco.com\/#website"},"primaryImageOfPage":{"@id":"https:\/\/mon-carre-deco.com\/produit\/tableau-la-musique-des-spheres\/#primaryimage"},"image":{"@id":"https:\/\/mon-carre-deco.com\/produit\/tableau-la-musique-des-spheres\/#primaryimage"},"thumbnailUrl":"https:\/\/mon-carre-deco.com\/wp-content\/uploads\/2017\/12\/Carre-Hermes-La-Carre-Hermes-la-Musique-des-Spheres-en-tableau-encadrement-moulure-noire-passe-partout-noir.jpg","datePublished":"2021-05-22T23:00:14+00:00","dateModified":"2023-12-25T16:59:43+00:00","description":"Tableau La Musique des Sph\u00e8res Carr\u00e9 Herm\u00e8s par Zoe Pauwels encadr\u00e9, foulard Herm\u00e8s en Tableau avec moulure noire et passe-partout noir, une id\u00e9e cadeau originale pour les passionn\u00e9s de musique et violon","breadcrumb":{"@id":"https:\/\/mon-carre-deco.com\/produit\/tableau-la-musique-des-spheres\/#breadcrumb"},"inLanguage":"en-US","potentialAction":[{"@type":"ReadAction","target":["https:\/\/mon-carre-deco.com\/produit\/tableau-la-musique-des-spheres\/"]}]},{"@type":"ImageObject","inLanguage":"en-US","@id":"https:\/\/mon-carre-deco.com\/produit\/tableau-la-musique-des-spheres\/#primaryimage","url":"https:\/\/mon-carre-deco.com\/wp-content\/uploads\/2017\/12\/Carre-Hermes-La-Carre-Hermes-la-Musique-des-Spheres-en-tableau-encadrement-moulure-noire-passe-partout-noir.jpg","contentUrl":"https:\/\/mon-carre-deco.com\/wp-content\/uploads\/2017\/12\/Carre-Hermes-La-Carre-Hermes-la-Musique-des-Spheres-en-tableau-encadrement-moulure-noire-passe-partout-noir.jpg","width":839,"height":814,"caption":"Tableau carr\u00e9 Herm\u00e8s La Musique des Sph\u00e8res encadrement moulure noire et passe partout-noir"},{"@type":"BreadcrumbList","@id":"https:\/\/mon-carre-deco.com\/produit\/tableau-la-musique-des-spheres\/#breadcrumb","itemListElement":[{"@type":"ListItem","position":1,"name":"Accueil","item":"https:\/\/mon-carre-deco.com\/"},{"@type":"ListItem","position":2,"name":"Tableaux","item":"https:\/\/mon-carre-deco.com\/boutique-tableau-hermes\/"},{"@type":"ListItem","position":3,"name":"Tableau &#8211; Carr\u00e9 Herm\u00e8s La Musique des Sph\u00e8res"}]},{"@type":"WebSite","@id":"https:\/\/mon-carre-deco.com\/#website","url":"https:\/\/mon-carre-deco.com\/","name":"Mon Carr\u00e9 D\u00e9co","description":"Mon Carr\u00e9 D&#039;art at Home, vente de tableau Herm\u00e8s, foulard carr\u00e9 Herm\u00e8s encadr\u00e9","publisher":{"@id":"https:\/\/mon-carre-deco.com\/#organization"},"potentialAction":[{"@type":"SearchAction","target":{"@type":"EntryPoint","urlTemplate":"https:\/\/mon-carre-deco.com\/?s={search_term_string}"},"query-input":{"@type":"PropertyValueSpecification","valueRequired":true,"valueName":"search_term_string"}}],"inLanguage":"en-US"},{"@type":"Organization","@id":"https:\/\/mon-carre-deco.com\/#organization","name":"Mon Carr\u00e9 D\u00e9co","url":"https:\/\/mon-carre-deco.com\/","logo":{"@type":"ImageObject","inLanguage":"en-US","@id":"https:\/\/mon-carre-deco.com\/#\/schema\/logo\/image\/","url":"https:\/\/mon-carre-deco.com\/wp-content\/uploads\/2021\/04\/cropped-Logo-mon-carre-deco-2.png","contentUrl":"https:\/\/mon-carre-deco.com\/wp-content\/uploads\/2021\/04\/cropped-Logo-mon-carre-deco-2.png","width":1043,"height":1043,"caption":"Mon Carr\u00e9 D\u00e9co"},"image":{"@id":"https:\/\/mon-carre-deco.com\/#\/schema\/logo\/image\/"}}]}},"_links":{"self":[{"href":"https:\/\/mon-carre-deco.com\/en\/wp-json\/wp\/v2\/product\/38","targetHints":{"allow":["GET"]}}],"collection":[{"href":"https:\/\/mon-carre-deco.com\/en\/wp-json\/wp\/v2\/product"}],"about":[{"href":"https:\/\/mon-carre-deco.com\/en\/wp-json\/wp\/v2\/types\/product"}],"replies":[{"embeddable":true,"href":"https:\/\/mon-carre-deco.com\/en\/wp-json\/wp\/v2\/comments?post=38"}],"version-history":[{"count":30,"href":"https:\/\/mon-carre-deco.com\/en\/wp-json\/wp\/v2\/product\/38\/revisions"}],"predecessor-version":[{"id":2472,"href":"https:\/\/mon-carre-deco.com\/en\/wp-json\/wp\/v2\/product\/38\/revisions\/2472"}],"wp:featuredmedia":[{"embeddable":true,"href":"https:\/\/mon-carre-deco.com\/en\/wp-json\/wp\/v2\/media\/1648"}],"wp:attachment":[{"href":"https:\/\/mon-carre-deco.com\/en\/wp-json\/wp\/v2\/media?parent=38"}],"wp:term":[{"taxonomy":"product_brand","embeddable":true,"href":"https:\/\/mon-carre-deco.com\/en\/wp-json\/wp\/v2\/product_brand?post=38"},{"taxonomy":"product_cat","embeddable":true,"href":"https:\/\/mon-carre-deco.com\/en\/wp-json\/wp\/v2\/product_cat?post=38"},{"taxonomy":"product_tag","embeddable":true,"href":"https:\/\/mon-carre-deco.com\/en\/wp-json\/wp\/v2\/product_tag?post=38"}],"curies":[{"name":"wp","href":"https:\/\/api.w.org\/{rel}","templated":true}]}}