{"id":4061,"date":"2023-04-05T11:45:20","date_gmt":"2023-04-05T09:45:20","guid":{"rendered":"https:\/\/mon-carre-deco.com\/?post_type=product&#038;p=4061"},"modified":"2023-04-29T23:13:58","modified_gmt":"2023-04-29T21:13:58","slug":"tableau-carre-hermes-les-folies-du-ciel","status":"publish","type":"product","link":"https:\/\/mon-carre-deco.com\/en\/product\/tableau-carre-hermes-les-folies-du-ciel\/","title":{"rendered":"Tableau &#8211; Carr\u00e9 Herm\u00e8s Les Folies du ciel"},"content":{"rendered":"<p>\u00ab\u00a0Les Folies du Ciel\u00a0\u00bb<\/p>\n<p>\u00c9dit\u00e9 en 1984<\/p>\n<p>Designer Lo\u00efc Dubigeon<\/p>\n<p>Lo\u00efc Dubigeon est un illustrateur, peintre et styliste fran\u00e7ais n\u00e9 le 27 avril 1934 \u00e0 Nantes et mort le 27 janvier 2001 \u00e0 Derchigny Graincourt ou Hennebont. N\u00e9 dans une famille d&rsquo;armateurs, Lo\u00efc Dubigeon se pr\u00e9destine \u00e0 devenir architecte. Mais ayant embrass\u00e9 d&rsquo;autres formes d&rsquo;expression artistique, et \u00e0 la faveur du prix de la Biennale de Paris qu&rsquo;il re\u00e7oit en 1963, sa notori\u00e9t\u00e9 se fera autour de ses peintures, des foulards qu&rsquo;il concevra pour la maison Herm\u00e8s, et de ses illustrations. Il a r\u00e9sid\u00e9 dans la commune de Derchigny, au domaine de Wargemont qui fut la r\u00e9sidence de Pierre-Auguste Renoir \u00e0 la fin du XIXe si\u00e8cle.<\/p>\n<p>L\u2019homme a toujours r\u00eav\u00e9 de pouvoir <strong>voler<\/strong>, comme le prouvent les mythes et l\u00e9gendes qui sont n\u00e9s dans toutes les civilisations. Lorsqu\u2019on parle des premiers hommes qui vol\u00e8rent, un nom nous vient souvent \u00e0 l\u2019esprit\u00a0: celui des fr\u00e8res Wright. Mais ils ne furent pas les premiers \u00e0 voler, et l\u2019avion ne fut pas non plus le premier appareil qui permit d\u2019acc\u00e9der aux cieux et \u00e0 l\u2019\u00eatre humain de se d\u00e9placer, mais le <strong>ballon a\u00e9rostat<\/strong>, \u00e9galement connu sous le nom de <a href=\"https:\/\/www.montgolfiere.fr\/infos\/histoire-de-montgolfiere\/\"><strong>montgolfi\u00e8re<\/strong><\/a><\/p>\n<p><em>You'll also like<\/em><\/p>\n<blockquote>\n<figure id=\"attachment_4078\" aria-describedby=\"caption-attachment-4078\" style=\"width: 274px\" class=\"wp-caption alignnone\"><a href=\"https:\/\/www.etsy.com\/fr\/listing\/710169744\/dirigeable-steampunk?click_key=2775bb1028e3a73e3e32165a041cb4771ac79ef7%3A710169744&amp;click_sum=900cda6c&amp;ga_search_query=Dirigeable%2Bsteampunk&amp;ref=shop_items_search_1\"><img fetchpriority=\"high\" decoding=\"async\" class=\"wp-image-4078\" src=\"http:\/\/mon-carre-deco.com\/wp-content\/uploads\/2023\/04\/Mongolfiere-1024x813.jpg\" alt=\"Dirigeable steampunk \" width=\"274\" height=\"217\" srcset=\"https:\/\/mon-carre-deco.com\/wp-content\/uploads\/2023\/04\/Mongolfiere-1024x813.jpg 1024w, https:\/\/mon-carre-deco.com\/wp-content\/uploads\/2023\/04\/Mongolfiere-300x238.jpg 300w, https:\/\/mon-carre-deco.com\/wp-content\/uploads\/2023\/04\/Mongolfiere-768x610.jpg 768w, https:\/\/mon-carre-deco.com\/wp-content\/uploads\/2023\/04\/Mongolfiere-1536x1220.jpg 1536w, https:\/\/mon-carre-deco.com\/wp-content\/uploads\/2023\/04\/Mongolfiere-600x476.jpg 600w, https:\/\/mon-carre-deco.com\/wp-content\/uploads\/2023\/04\/Mongolfiere.jpg 1588w\" sizes=\"(max-width: 274px) 100vw, 274px\" \/><\/a><figcaption id=\"caption-attachment-4078\" class=\"wp-caption-text\"><a href=\"https:\/\/www.etsy.com\/fr\/shop\/Tesautmodels?ref=simple-shop-header-name&amp;listing_id=710169744&amp;section_id=26785593\">Dirigeable steampunk<\/a><\/figcaption><\/figure><\/blockquote>\n<p>&nbsp;<\/p>","protected":false},"excerpt":{"rendered":"<p>Un carr\u00e9 Herm\u00e8s mythique en tableau, dessin\u00e9 en 1984 par Lo\u00efc Dubigeon. Ce foulard encadr\u00e9 \u00e0 d\u00e9cor de montgolfi\u00e8res et d&rsquo;a\u00e9ronefs est le cadeau id\u00e9al pour les a\u00e9ronautes passionn\u00e9s de la conqu\u00eate des airs. Une \u00e9vocation color\u00e9e de progr\u00e8s, d&rsquo;aventures et d&rsquo;exploits en d\u00e9coration murale. Ses couleurs vives vont \u00e9gayer votre int\u00e9rieur quel qu\u2019il soit. Il conviendra aussi pour une chambre d&rsquo;enfant et ainsi participer \u00e0 l\u2019\u00e9veil de votre b\u00e9b\u00e9 tout en stimulant son imaginaire par ses motifs et ses coloris.<\/p>\n<ul>\n<li style=\"list-style-type: none;\">\n<ul>\n<li>Silk<\/li>\n<li>Couleurs dominantes : Vert, rose, multicolore sur fond blanc<\/li>\n<li>Moulure en bois clair<\/li>\n<li>White matting<\/li>\n<li>Verre acrylique de protection<\/li>\n<li>Rear mounting hook<\/li>\n<\/ul>\n<\/li>\n<\/ul>\n<p>Designer : Lo\u00efc Dubigeon<\/p>","protected":false},"featured_media":4063,"comment_status":"open","ping_status":"closed","template":"","meta":{"site-sidebar-layout":"default","site-content-layout":"default","ast-site-content-layout":"","site-content-style":"default","site-sidebar-style":"default","ast-global-header-display":"","ast-banner-title-visibility":"","ast-main-header-display":"","ast-hfb-above-header-display":"","ast-hfb-below-header-display":"","ast-hfb-mobile-header-display":"","site-post-title":"","ast-breadcrumbs-content":"","ast-featured-img":"","footer-sml-layout":"","theme-transparent-header-meta":"default","adv-header-id-meta":"","stick-header-meta":"","header-above-stick-meta":"","header-main-stick-meta":"","header-below-stick-meta":"","astra-migrate-meta-layouts":""},"product_brand":[],"product_cat":[24],"product_tag":[],"class_list":{"0":"post-4061","1":"product","2":"type-product","3":"status-publish","4":"has-post-thumbnail","6":"product_cat-carre-90x90","7":"desktop-align-left","8":"tablet-align-left","9":"mobile-align-left","11":"first","12":"instock","13":"shipping-taxable","14":"product-type-simple"},"yoast_head":"<!-- This site is optimized with the Yoast SEO plugin v25.4 - https:\/\/yoast.com\/wordpress\/plugins\/seo\/ -->\n<title>Tableau - Carr\u00e9 Herm\u00e8s Les Folies du ciel - Mon Carr\u00e9 D\u00e9co<\/title>\n<meta name=\"description\" content=\"Tableau Carr\u00e9 Herm\u00e8s sur le th\u00e8me des montgolfi\u00e8res, pour les a\u00e9ronautes passionn\u00e9s. Une d\u00e9coration murale avec des Ballons dirigeables pour une chambre d&#039;enfant comme pour votre int\u00e9rieur.\" \/>\n<meta name=\"robots\" content=\"index, follow, max-snippet:-1, max-image-preview:large, max-video-preview:-1\" \/>\n<link rel=\"canonical\" href=\"https:\/\/mon-carre-deco.com\/en\/product\/tableau-carre-hermes-les-folies-du-ciel\/\" \/>\n<meta property=\"og:locale\" content=\"en_US\" \/>\n<meta property=\"og:type\" content=\"article\" \/>\n<meta property=\"og:title\" content=\"Tableau - Carr\u00e9 Herm\u00e8s Les Folies du ciel - Mon Carr\u00e9 D\u00e9co\" \/>\n<meta property=\"og:description\" content=\"Tableau Carr\u00e9 Herm\u00e8s sur le th\u00e8me des montgolfi\u00e8res, pour les a\u00e9ronautes passionn\u00e9s. Une d\u00e9coration murale avec des Ballons dirigeables pour une chambre d&#039;enfant comme pour votre int\u00e9rieur.\" \/>\n<meta property=\"og:url\" content=\"https:\/\/mon-carre-deco.com\/en\/product\/tableau-carre-hermes-les-folies-du-ciel\/\" \/>\n<meta property=\"og:site_name\" content=\"Mon Carr\u00e9 D\u00e9co\" \/>\n<meta property=\"article:modified_time\" content=\"2023-04-29T21:13:58+00:00\" \/>\n<meta property=\"og:image\" content=\"http:\/\/mon-carre-deco.com\/wp-content\/uploads\/2023\/04\/Tableau-Hermes-LES-FOLIES-DU-CIEL-Loic-Dubigeon.jpg\" \/>\n\t<meta property=\"og:image:width\" content=\"691\" \/>\n\t<meta property=\"og:image:height\" content=\"644\" \/>\n\t<meta property=\"og:image:type\" content=\"image\/jpeg\" \/>\n<meta name=\"twitter:card\" content=\"summary_large_image\" \/>\n<meta name=\"twitter:label1\" content=\"Est. reading time\" \/>\n\t<meta name=\"twitter:data1\" content=\"2 minutes\" \/>\n<script type=\"application\/ld+json\" class=\"yoast-schema-graph\">{\"@context\":\"https:\/\/schema.org\",\"@graph\":[{\"@type\":\"WebPage\",\"@id\":\"https:\/\/mon-carre-deco.com\/produit\/tableau-carre-hermes-les-folies-du-ciel\/\",\"url\":\"https:\/\/mon-carre-deco.com\/produit\/tableau-carre-hermes-les-folies-du-ciel\/\",\"name\":\"Tableau - Carr\u00e9 Herm\u00e8s Les Folies du ciel - Mon Carr\u00e9 D\u00e9co\",\"isPartOf\":{\"@id\":\"https:\/\/mon-carre-deco.com\/#website\"},\"primaryImageOfPage\":{\"@id\":\"https:\/\/mon-carre-deco.com\/produit\/tableau-carre-hermes-les-folies-du-ciel\/#primaryimage\"},\"image\":{\"@id\":\"https:\/\/mon-carre-deco.com\/produit\/tableau-carre-hermes-les-folies-du-ciel\/#primaryimage\"},\"thumbnailUrl\":\"https:\/\/mon-carre-deco.com\/wp-content\/uploads\/2023\/04\/Tableau-Hermes-LES-FOLIES-DU-CIEL-Loic-Dubigeon.jpg\",\"datePublished\":\"2023-04-05T09:45:20+00:00\",\"dateModified\":\"2023-04-29T21:13:58+00:00\",\"description\":\"Tableau Carr\u00e9 Herm\u00e8s sur le th\u00e8me des montgolfi\u00e8res, pour les a\u00e9ronautes passionn\u00e9s. Une d\u00e9coration murale avec des Ballons dirigeables pour une chambre d'enfant comme pour votre int\u00e9rieur.\",\"breadcrumb\":{\"@id\":\"https:\/\/mon-carre-deco.com\/produit\/tableau-carre-hermes-les-folies-du-ciel\/#breadcrumb\"},\"inLanguage\":\"en-US\",\"potentialAction\":[{\"@type\":\"ReadAction\",\"target\":[\"https:\/\/mon-carre-deco.com\/produit\/tableau-carre-hermes-les-folies-du-ciel\/\"]}]},{\"@type\":\"ImageObject\",\"inLanguage\":\"en-US\",\"@id\":\"https:\/\/mon-carre-deco.com\/produit\/tableau-carre-hermes-les-folies-du-ciel\/#primaryimage\",\"url\":\"https:\/\/mon-carre-deco.com\/wp-content\/uploads\/2023\/04\/Tableau-Hermes-LES-FOLIES-DU-CIEL-Loic-Dubigeon.jpg\",\"contentUrl\":\"https:\/\/mon-carre-deco.com\/wp-content\/uploads\/2023\/04\/Tableau-Hermes-LES-FOLIES-DU-CIEL-Loic-Dubigeon.jpg\",\"width\":691,\"height\":644,\"caption\":\"Tableau d'un foulard Herm\u00e8s Les Folies du Ciel\"},{\"@type\":\"BreadcrumbList\",\"@id\":\"https:\/\/mon-carre-deco.com\/produit\/tableau-carre-hermes-les-folies-du-ciel\/#breadcrumb\",\"itemListElement\":[{\"@type\":\"ListItem\",\"position\":1,\"name\":\"Accueil\",\"item\":\"https:\/\/mon-carre-deco.com\/\"},{\"@type\":\"ListItem\",\"position\":2,\"name\":\"Tableaux\",\"item\":\"https:\/\/mon-carre-deco.com\/boutique-tableau-hermes\/\"},{\"@type\":\"ListItem\",\"position\":3,\"name\":\"Tableau &#8211; Carr\u00e9 Herm\u00e8s Les Folies du ciel\"}]},{\"@type\":\"WebSite\",\"@id\":\"https:\/\/mon-carre-deco.com\/#website\",\"url\":\"https:\/\/mon-carre-deco.com\/\",\"name\":\"Mon Carr\u00e9 D\u00e9co\",\"description\":\"Mon Carr\u00e9 D&#039;art at Home, vente de tableau Herm\u00e8s, foulard carr\u00e9 Herm\u00e8s encadr\u00e9\",\"publisher\":{\"@id\":\"https:\/\/mon-carre-deco.com\/#organization\"},\"potentialAction\":[{\"@type\":\"SearchAction\",\"target\":{\"@type\":\"EntryPoint\",\"urlTemplate\":\"https:\/\/mon-carre-deco.com\/?s={search_term_string}\"},\"query-input\":{\"@type\":\"PropertyValueSpecification\",\"valueRequired\":true,\"valueName\":\"search_term_string\"}}],\"inLanguage\":\"en-US\"},{\"@type\":\"Organization\",\"@id\":\"https:\/\/mon-carre-deco.com\/#organization\",\"name\":\"Mon Carr\u00e9 D\u00e9co\",\"url\":\"https:\/\/mon-carre-deco.com\/\",\"logo\":{\"@type\":\"ImageObject\",\"inLanguage\":\"en-US\",\"@id\":\"https:\/\/mon-carre-deco.com\/#\/schema\/logo\/image\/\",\"url\":\"https:\/\/mon-carre-deco.com\/wp-content\/uploads\/2021\/04\/cropped-Logo-mon-carre-deco-2.png\",\"contentUrl\":\"https:\/\/mon-carre-deco.com\/wp-content\/uploads\/2021\/04\/cropped-Logo-mon-carre-deco-2.png\",\"width\":1043,\"height\":1043,\"caption\":\"Mon Carr\u00e9 D\u00e9co\"},\"image\":{\"@id\":\"https:\/\/mon-carre-deco.com\/#\/schema\/logo\/image\/\"}}]}<\/script>\n<!-- \/ Yoast SEO plugin. -->","yoast_head_json":{"title":"Tableau - Carr\u00e9 Herm\u00e8s Les Folies du ciel - Mon Carr\u00e9 D\u00e9co","description":"Tableau Carr\u00e9 Herm\u00e8s sur le th\u00e8me des montgolfi\u00e8res, pour les a\u00e9ronautes passionn\u00e9s. Une d\u00e9coration murale avec des Ballons dirigeables pour une chambre d'enfant comme pour votre int\u00e9rieur.","robots":{"index":"index","follow":"follow","max-snippet":"max-snippet:-1","max-image-preview":"max-image-preview:large","max-video-preview":"max-video-preview:-1"},"canonical":"https:\/\/mon-carre-deco.com\/en\/product\/tableau-carre-hermes-les-folies-du-ciel\/","og_locale":"en_US","og_type":"article","og_title":"Tableau - Carr\u00e9 Herm\u00e8s Les Folies du ciel - Mon Carr\u00e9 D\u00e9co","og_description":"Tableau Carr\u00e9 Herm\u00e8s sur le th\u00e8me des montgolfi\u00e8res, pour les a\u00e9ronautes passionn\u00e9s. Une d\u00e9coration murale avec des Ballons dirigeables pour une chambre d'enfant comme pour votre int\u00e9rieur.","og_url":"https:\/\/mon-carre-deco.com\/en\/product\/tableau-carre-hermes-les-folies-du-ciel\/","og_site_name":"Mon Carr\u00e9 D\u00e9co","article_modified_time":"2023-04-29T21:13:58+00:00","og_image":[{"width":691,"height":644,"url":"http:\/\/mon-carre-deco.com\/wp-content\/uploads\/2023\/04\/Tableau-Hermes-LES-FOLIES-DU-CIEL-Loic-Dubigeon.jpg","type":"image\/jpeg"}],"twitter_card":"summary_large_image","twitter_misc":{"Est. reading time":"2 minutes"},"schema":{"@context":"https:\/\/schema.org","@graph":[{"@type":"WebPage","@id":"https:\/\/mon-carre-deco.com\/produit\/tableau-carre-hermes-les-folies-du-ciel\/","url":"https:\/\/mon-carre-deco.com\/produit\/tableau-carre-hermes-les-folies-du-ciel\/","name":"Tableau - Carr\u00e9 Herm\u00e8s Les Folies du ciel - Mon Carr\u00e9 D\u00e9co","isPartOf":{"@id":"https:\/\/mon-carre-deco.com\/#website"},"primaryImageOfPage":{"@id":"https:\/\/mon-carre-deco.com\/produit\/tableau-carre-hermes-les-folies-du-ciel\/#primaryimage"},"image":{"@id":"https:\/\/mon-carre-deco.com\/produit\/tableau-carre-hermes-les-folies-du-ciel\/#primaryimage"},"thumbnailUrl":"https:\/\/mon-carre-deco.com\/wp-content\/uploads\/2023\/04\/Tableau-Hermes-LES-FOLIES-DU-CIEL-Loic-Dubigeon.jpg","datePublished":"2023-04-05T09:45:20+00:00","dateModified":"2023-04-29T21:13:58+00:00","description":"Tableau Carr\u00e9 Herm\u00e8s sur le th\u00e8me des montgolfi\u00e8res, pour les a\u00e9ronautes passionn\u00e9s. Une d\u00e9coration murale avec des Ballons dirigeables pour une chambre d'enfant comme pour votre int\u00e9rieur.","breadcrumb":{"@id":"https:\/\/mon-carre-deco.com\/produit\/tableau-carre-hermes-les-folies-du-ciel\/#breadcrumb"},"inLanguage":"en-US","potentialAction":[{"@type":"ReadAction","target":["https:\/\/mon-carre-deco.com\/produit\/tableau-carre-hermes-les-folies-du-ciel\/"]}]},{"@type":"ImageObject","inLanguage":"en-US","@id":"https:\/\/mon-carre-deco.com\/produit\/tableau-carre-hermes-les-folies-du-ciel\/#primaryimage","url":"https:\/\/mon-carre-deco.com\/wp-content\/uploads\/2023\/04\/Tableau-Hermes-LES-FOLIES-DU-CIEL-Loic-Dubigeon.jpg","contentUrl":"https:\/\/mon-carre-deco.com\/wp-content\/uploads\/2023\/04\/Tableau-Hermes-LES-FOLIES-DU-CIEL-Loic-Dubigeon.jpg","width":691,"height":644,"caption":"Tableau d'un foulard Herm\u00e8s Les Folies du Ciel"},{"@type":"BreadcrumbList","@id":"https:\/\/mon-carre-deco.com\/produit\/tableau-carre-hermes-les-folies-du-ciel\/#breadcrumb","itemListElement":[{"@type":"ListItem","position":1,"name":"Accueil","item":"https:\/\/mon-carre-deco.com\/"},{"@type":"ListItem","position":2,"name":"Tableaux","item":"https:\/\/mon-carre-deco.com\/boutique-tableau-hermes\/"},{"@type":"ListItem","position":3,"name":"Tableau &#8211; Carr\u00e9 Herm\u00e8s Les Folies du ciel"}]},{"@type":"WebSite","@id":"https:\/\/mon-carre-deco.com\/#website","url":"https:\/\/mon-carre-deco.com\/","name":"Mon Carr\u00e9 D\u00e9co","description":"Mon Carr\u00e9 D&#039;art at Home, vente de tableau Herm\u00e8s, foulard carr\u00e9 Herm\u00e8s encadr\u00e9","publisher":{"@id":"https:\/\/mon-carre-deco.com\/#organization"},"potentialAction":[{"@type":"SearchAction","target":{"@type":"EntryPoint","urlTemplate":"https:\/\/mon-carre-deco.com\/?s={search_term_string}"},"query-input":{"@type":"PropertyValueSpecification","valueRequired":true,"valueName":"search_term_string"}}],"inLanguage":"en-US"},{"@type":"Organization","@id":"https:\/\/mon-carre-deco.com\/#organization","name":"Mon Carr\u00e9 D\u00e9co","url":"https:\/\/mon-carre-deco.com\/","logo":{"@type":"ImageObject","inLanguage":"en-US","@id":"https:\/\/mon-carre-deco.com\/#\/schema\/logo\/image\/","url":"https:\/\/mon-carre-deco.com\/wp-content\/uploads\/2021\/04\/cropped-Logo-mon-carre-deco-2.png","contentUrl":"https:\/\/mon-carre-deco.com\/wp-content\/uploads\/2021\/04\/cropped-Logo-mon-carre-deco-2.png","width":1043,"height":1043,"caption":"Mon Carr\u00e9 D\u00e9co"},"image":{"@id":"https:\/\/mon-carre-deco.com\/#\/schema\/logo\/image\/"}}]}},"_links":{"self":[{"href":"https:\/\/mon-carre-deco.com\/en\/wp-json\/wp\/v2\/product\/4061","targetHints":{"allow":["GET"]}}],"collection":[{"href":"https:\/\/mon-carre-deco.com\/en\/wp-json\/wp\/v2\/product"}],"about":[{"href":"https:\/\/mon-carre-deco.com\/en\/wp-json\/wp\/v2\/types\/product"}],"replies":[{"embeddable":true,"href":"https:\/\/mon-carre-deco.com\/en\/wp-json\/wp\/v2\/comments?post=4061"}],"version-history":[{"count":9,"href":"https:\/\/mon-carre-deco.com\/en\/wp-json\/wp\/v2\/product\/4061\/revisions"}],"predecessor-version":[{"id":4108,"href":"https:\/\/mon-carre-deco.com\/en\/wp-json\/wp\/v2\/product\/4061\/revisions\/4108"}],"wp:featuredmedia":[{"embeddable":true,"href":"https:\/\/mon-carre-deco.com\/en\/wp-json\/wp\/v2\/media\/4063"}],"wp:attachment":[{"href":"https:\/\/mon-carre-deco.com\/en\/wp-json\/wp\/v2\/media?parent=4061"}],"wp:term":[{"taxonomy":"product_brand","embeddable":true,"href":"https:\/\/mon-carre-deco.com\/en\/wp-json\/wp\/v2\/product_brand?post=4061"},{"taxonomy":"product_cat","embeddable":true,"href":"https:\/\/mon-carre-deco.com\/en\/wp-json\/wp\/v2\/product_cat?post=4061"},{"taxonomy":"product_tag","embeddable":true,"href":"https:\/\/mon-carre-deco.com\/en\/wp-json\/wp\/v2\/product_tag?post=4061"}],"curies":[{"name":"wp","href":"https:\/\/api.w.org\/{rel}","templated":true}]}}