{"id":4075,"date":"2023-04-12T22:14:03","date_gmt":"2023-04-12T20:14:03","guid":{"rendered":"https:\/\/mon-carre-deco.com\/?post_type=product&#038;p=4075"},"modified":"2025-06-21T16:48:50","modified_gmt":"2025-06-21T14:48:50","slug":"tableau-hermes-nuba-moutain","status":"publish","type":"product","link":"https:\/\/mon-carre-deco.com\/en\/product\/tableau-hermes-nuba-moutain\/","title":{"rendered":"Tableau &#8211; Carr\u00e9 Herm\u00e8s Nuba Moutain"},"content":{"rendered":"<p>\u00ab\u00a0Nuba Moutain\u00a0\u00bb<\/p>\n<p>\u00c9dit\u00e9 en 1997 ann\u00e9e de l&rsquo;hommage \u00e0 l&rsquo;Afrique par la Maison Herm\u00e8s.<\/p>\n<p><span class=\"Y2IQFc\" lang=\"fr\">En raison de l&rsquo;isolement relatif des monts Nouba, la r\u00e9gion a longtemps servi de refuge aux personnes cherchant un refuge s\u00fbr contre l&rsquo;oppression ou l&rsquo;esclavage. Cet h\u00e9ritage a appris au peuple nouba \u00e0 vivre sa diversit\u00e9, \u00e0 travailler ensemble pour le bien-\u00eatre de tous et \u00e0 regarder au-del\u00e0 des diff\u00e9rences culturelles et religieuses. Dans les monts Nouba, les adeptes du christianisme, de l&rsquo;islam et des religions indig\u00e8nes se m\u00ealent et travaillent ensemble.<\/span><\/p>\n<p>L\u2019artiste Sefedin Ibrahim Alamin (Kwumi).<br \/>\nApr\u00e8s que ses parents aient \u00e9t\u00e9 tu\u00e9s en 1997, pendant une guerre civile, un gar\u00e7on soudanais de 14 ans nomm\u00e9 Sefedin, a trouv\u00e9 le chemin d\u2019un camp de base pour M\u00e9decins sans fronti\u00e8res, qui l\u2019a plac\u00e9 dans une \u00e9cole pour orphelins. L\u00e0-bas, il a dessin\u00e9 \u00e0 la craie des croquis color\u00e9s de paysages africains, qui ont fini par atterrir sur le bureau de Jean-Louis Dumas. Dumas, le Directeur G\u00e9n\u00e9ral, aujourd\u2019hui \u00e0 la retraite, d\u2019Herm\u00e8s, s\u2019\u00e9tait d\u00e9j\u00e0 rendu dans l\u2019\u00e9cole et avait demand\u00e9 aux enseignants de lui envoyer le travail du tout jeune artiste prometteur. Dumas a engag\u00e9 Sefedin pour concevoir pour Herm\u00e8s. Il a cr\u00e9\u00e9 six styles diff\u00e9rents \u00ab Ce gar\u00e7on est n\u00e9 pendant la guerre et n\u2019a vu que la mort autour de lui, mais toutes ses cr\u00e9ations sont tr\u00e8s paisibles \u00bb.<\/p>\n<p><span class=\"Y2IQFc\" lang=\"fr\">\u00a0<\/span><\/p>\n<p><em>You'll also like<\/em><\/p>\n<blockquote>\n<figure id=\"attachment_4087\" aria-describedby=\"caption-attachment-4087\" style=\"width: 332px\" class=\"wp-caption alignnone\"><a href=\"https:\/\/www.selency.fr\/produit\/8T8UX6G3\/sculpture-artistique-gazelle-ou-antilope-d-afrique-animal-en-laiton-massif.html\"><img fetchpriority=\"high\" decoding=\"async\" class=\"wp-image-4087\" src=\"http:\/\/mon-carre-deco.com\/wp-content\/uploads\/2023\/04\/Gazelle.jpg\" alt=\"Gazelle d'Afrique en laiton\" width=\"332\" height=\"272\" srcset=\"https:\/\/mon-carre-deco.com\/wp-content\/uploads\/2023\/04\/Gazelle.jpg 579w, https:\/\/mon-carre-deco.com\/wp-content\/uploads\/2023\/04\/Gazelle-300x246.jpg 300w\" sizes=\"(max-width: 332px) 100vw, 332px\" \/><\/a><figcaption id=\"caption-attachment-4087\" class=\"wp-caption-text\">Gazelle ou antilope d&rsquo;Afrique en laiton massif<\/figcaption><\/figure><\/blockquote>\n<pre id=\"tw-target-text\" class=\"tw-data-text tw-text-large tw-ta\" dir=\"ltr\" data-placeholder=\"Traduction\"><span class=\"Y2IQFc\" lang=\"fr\">\u00a0<\/span><\/pre>\n<p><span class=\"Y2IQFc\" lang=\"fr\">\u00a0<\/span><\/p>\n<pre id=\"tw-target-text\" class=\"tw-data-text tw-text-large tw-ta\" dir=\"ltr\" data-placeholder=\"Traduction\"><span class=\"Y2IQFc\" lang=\"fr\">\u00a0<\/span><\/pre>","protected":false},"excerpt":{"rendered":"<p>Le th\u00e8me de ce tableau d&rsquo;un foulard Herm\u00e8s dessin\u00e9 par Sefedim est la Nuba Mountain, montagne sacr\u00e9e et magique des Noubas, peuple du Soudan oriental. Elle les prot\u00e8ge, les d\u00e9fends contre leurs agresseurs et exauce leurs v\u0153ux. Ses terres sont fertiles. Elle est peupl\u00e9 de fauves et d&rsquo;oiseaux&#8230; Une d\u00e9coration murale au magnifique couleurs qui va apporter une touche ethnique chic \u00e0 votre int\u00e9rieur.<\/p>\n<ul>\n<li style=\"list-style-type: none;\">\n<ul>\n<li>Silk<\/li>\n<li>Couleurs dominantes : Vert, rose, multicolore sur fond blanc<\/li>\n<li>Moulure en bois patin\u00e9 effet m\u00e9tallis\u00e9 vert-anis gris\u00e9<\/li>\n<li>Passe-partout blanc cass\u00e9<\/li>\n<li>Verre de protection<\/li>\n<li>Rear mounting hook<\/li>\n<\/ul>\n<\/li>\n<\/ul>\n<p>Designer : Sefedin<\/p>\n<p>Du m\u00eame artiste <a href=\"https:\/\/mon-carre-deco.com\/en\/product\/tableau-carre-hermes-feux-du-ciel\/\">Feux du ciel<\/a> et\u00a0 <a href=\"https:\/\/mon-carre-deco.com\/en\/product\/tableau-hermes-kuggor-tree\/\">Kuggor Tree<\/a><\/p>\n<h1 class=\"product_title entry-title\"><\/h1>\n<p>&nbsp;<\/p>","protected":false},"featured_media":4098,"comment_status":"open","ping_status":"closed","template":"","meta":{"site-sidebar-layout":"default","site-content-layout":"default","ast-site-content-layout":"default","site-content-style":"default","site-sidebar-style":"default","ast-global-header-display":"","ast-banner-title-visibility":"","ast-main-header-display":"","ast-hfb-above-header-display":"","ast-hfb-below-header-display":"","ast-hfb-mobile-header-display":"","site-post-title":"","ast-breadcrumbs-content":"","ast-featured-img":"","footer-sml-layout":"","theme-transparent-header-meta":"default","adv-header-id-meta":"","stick-header-meta":"","header-above-stick-meta":"","header-main-stick-meta":"","header-below-stick-meta":"","astra-migrate-meta-layouts":"set"},"product_brand":[],"product_cat":[24],"product_tag":[],"class_list":{"0":"post-4075","1":"product","2":"type-product","3":"status-publish","4":"has-post-thumbnail","6":"product_cat-carre-90x90","7":"desktop-align-left","8":"tablet-align-left","9":"mobile-align-left","11":"first","12":"instock","13":"sold-individually","14":"shipping-taxable","15":"product-type-simple"},"yoast_head":"<!-- This site is optimized with the Yoast SEO plugin v25.4 - https:\/\/yoast.com\/wordpress\/plugins\/seo\/ -->\n<title>Tableau - Carr\u00e9 Herm\u00e8s Nuba Moutain - Mon Carr\u00e9 D\u00e9co<\/title>\n<meta name=\"description\" content=\"Tableau d&#039;une carr\u00e9 Herm\u00e8s la Nuba Mountain, montagne sacr\u00e9e et magique des Noubas, peuple du Soudan oriental. Une d\u00e9coration murale aux couleurs magnifiques.\" \/>\n<meta name=\"robots\" content=\"index, follow, max-snippet:-1, max-image-preview:large, max-video-preview:-1\" \/>\n<link rel=\"canonical\" href=\"https:\/\/mon-carre-deco.com\/en\/product\/tableau-hermes-nuba-moutain\/\" \/>\n<meta property=\"og:locale\" content=\"en_US\" \/>\n<meta property=\"og:type\" content=\"article\" \/>\n<meta property=\"og:title\" content=\"Tableau - Carr\u00e9 Herm\u00e8s Nuba Moutain - Mon Carr\u00e9 D\u00e9co\" \/>\n<meta property=\"og:description\" content=\"Tableau d&#039;une carr\u00e9 Herm\u00e8s la Nuba Mountain, montagne sacr\u00e9e et magique des Noubas, peuple du Soudan oriental. Une d\u00e9coration murale aux couleurs magnifiques.\" \/>\n<meta property=\"og:url\" content=\"https:\/\/mon-carre-deco.com\/en\/product\/tableau-hermes-nuba-moutain\/\" \/>\n<meta property=\"og:site_name\" content=\"Mon Carr\u00e9 D\u00e9co\" \/>\n<meta property=\"article:modified_time\" content=\"2025-06-21T14:48:50+00:00\" \/>\n<meta property=\"og:image\" content=\"http:\/\/mon-carre-deco.com\/wp-content\/uploads\/2023\/04\/Tableau-dun-carre-Hermes-Nuba-Moutain-Sefedin.jpg\" \/>\n\t<meta property=\"og:image:width\" content=\"691\" \/>\n\t<meta property=\"og:image:height\" content=\"644\" \/>\n\t<meta property=\"og:image:type\" content=\"image\/jpeg\" \/>\n<meta name=\"twitter:card\" content=\"summary_large_image\" \/>\n<meta name=\"twitter:label1\" content=\"Est. reading time\" \/>\n\t<meta name=\"twitter:data1\" content=\"2 minutes\" \/>\n<script type=\"application\/ld+json\" class=\"yoast-schema-graph\">{\"@context\":\"https:\/\/schema.org\",\"@graph\":[{\"@type\":\"WebPage\",\"@id\":\"https:\/\/mon-carre-deco.com\/produit\/tableau-hermes-nuba-moutain\/\",\"url\":\"https:\/\/mon-carre-deco.com\/produit\/tableau-hermes-nuba-moutain\/\",\"name\":\"Tableau - Carr\u00e9 Herm\u00e8s Nuba Moutain - Mon Carr\u00e9 D\u00e9co\",\"isPartOf\":{\"@id\":\"https:\/\/mon-carre-deco.com\/#website\"},\"primaryImageOfPage\":{\"@id\":\"https:\/\/mon-carre-deco.com\/produit\/tableau-hermes-nuba-moutain\/#primaryimage\"},\"image\":{\"@id\":\"https:\/\/mon-carre-deco.com\/produit\/tableau-hermes-nuba-moutain\/#primaryimage\"},\"thumbnailUrl\":\"https:\/\/mon-carre-deco.com\/wp-content\/uploads\/2023\/04\/Tableau-dun-carre-Hermes-Nuba-Moutain-Sefedin.jpg\",\"datePublished\":\"2023-04-12T20:14:03+00:00\",\"dateModified\":\"2025-06-21T14:48:50+00:00\",\"description\":\"Tableau d'une carr\u00e9 Herm\u00e8s la Nuba Mountain, montagne sacr\u00e9e et magique des Noubas, peuple du Soudan oriental. Une d\u00e9coration murale aux couleurs magnifiques.\",\"breadcrumb\":{\"@id\":\"https:\/\/mon-carre-deco.com\/produit\/tableau-hermes-nuba-moutain\/#breadcrumb\"},\"inLanguage\":\"en-US\",\"potentialAction\":[{\"@type\":\"ReadAction\",\"target\":[\"https:\/\/mon-carre-deco.com\/produit\/tableau-hermes-nuba-moutain\/\"]}]},{\"@type\":\"ImageObject\",\"inLanguage\":\"en-US\",\"@id\":\"https:\/\/mon-carre-deco.com\/produit\/tableau-hermes-nuba-moutain\/#primaryimage\",\"url\":\"https:\/\/mon-carre-deco.com\/wp-content\/uploads\/2023\/04\/Tableau-dun-carre-Hermes-Nuba-Moutain-Sefedin.jpg\",\"contentUrl\":\"https:\/\/mon-carre-deco.com\/wp-content\/uploads\/2023\/04\/Tableau-dun-carre-Hermes-Nuba-Moutain-Sefedin.jpg\",\"width\":691,\"height\":644,\"caption\":\"Tableau-dun-carre-Hermes-Nuba-Moutain-Sefedin\"},{\"@type\":\"BreadcrumbList\",\"@id\":\"https:\/\/mon-carre-deco.com\/produit\/tableau-hermes-nuba-moutain\/#breadcrumb\",\"itemListElement\":[{\"@type\":\"ListItem\",\"position\":1,\"name\":\"Accueil\",\"item\":\"https:\/\/mon-carre-deco.com\/\"},{\"@type\":\"ListItem\",\"position\":2,\"name\":\"Tableaux\",\"item\":\"https:\/\/mon-carre-deco.com\/boutique-tableau-hermes\/\"},{\"@type\":\"ListItem\",\"position\":3,\"name\":\"Tableau &#8211; Carr\u00e9 Herm\u00e8s Nuba Moutain\"}]},{\"@type\":\"WebSite\",\"@id\":\"https:\/\/mon-carre-deco.com\/#website\",\"url\":\"https:\/\/mon-carre-deco.com\/\",\"name\":\"Mon Carr\u00e9 D\u00e9co\",\"description\":\"Mon Carr\u00e9 D&#039;art at Home, vente de tableau Herm\u00e8s, foulard carr\u00e9 Herm\u00e8s encadr\u00e9\",\"publisher\":{\"@id\":\"https:\/\/mon-carre-deco.com\/#organization\"},\"potentialAction\":[{\"@type\":\"SearchAction\",\"target\":{\"@type\":\"EntryPoint\",\"urlTemplate\":\"https:\/\/mon-carre-deco.com\/?s={search_term_string}\"},\"query-input\":{\"@type\":\"PropertyValueSpecification\",\"valueRequired\":true,\"valueName\":\"search_term_string\"}}],\"inLanguage\":\"en-US\"},{\"@type\":\"Organization\",\"@id\":\"https:\/\/mon-carre-deco.com\/#organization\",\"name\":\"Mon Carr\u00e9 D\u00e9co\",\"url\":\"https:\/\/mon-carre-deco.com\/\",\"logo\":{\"@type\":\"ImageObject\",\"inLanguage\":\"en-US\",\"@id\":\"https:\/\/mon-carre-deco.com\/#\/schema\/logo\/image\/\",\"url\":\"https:\/\/mon-carre-deco.com\/wp-content\/uploads\/2021\/04\/cropped-Logo-mon-carre-deco-2.png\",\"contentUrl\":\"https:\/\/mon-carre-deco.com\/wp-content\/uploads\/2021\/04\/cropped-Logo-mon-carre-deco-2.png\",\"width\":1043,\"height\":1043,\"caption\":\"Mon Carr\u00e9 D\u00e9co\"},\"image\":{\"@id\":\"https:\/\/mon-carre-deco.com\/#\/schema\/logo\/image\/\"}}]}<\/script>\n<!-- \/ Yoast SEO plugin. -->","yoast_head_json":{"title":"Tableau - Carr\u00e9 Herm\u00e8s Nuba Moutain - Mon Carr\u00e9 D\u00e9co","description":"Tableau d'une carr\u00e9 Herm\u00e8s la Nuba Mountain, montagne sacr\u00e9e et magique des Noubas, peuple du Soudan oriental. Une d\u00e9coration murale aux couleurs magnifiques.","robots":{"index":"index","follow":"follow","max-snippet":"max-snippet:-1","max-image-preview":"max-image-preview:large","max-video-preview":"max-video-preview:-1"},"canonical":"https:\/\/mon-carre-deco.com\/en\/product\/tableau-hermes-nuba-moutain\/","og_locale":"en_US","og_type":"article","og_title":"Tableau - Carr\u00e9 Herm\u00e8s Nuba Moutain - Mon Carr\u00e9 D\u00e9co","og_description":"Tableau d'une carr\u00e9 Herm\u00e8s la Nuba Mountain, montagne sacr\u00e9e et magique des Noubas, peuple du Soudan oriental. Une d\u00e9coration murale aux couleurs magnifiques.","og_url":"https:\/\/mon-carre-deco.com\/en\/product\/tableau-hermes-nuba-moutain\/","og_site_name":"Mon Carr\u00e9 D\u00e9co","article_modified_time":"2025-06-21T14:48:50+00:00","og_image":[{"width":691,"height":644,"url":"http:\/\/mon-carre-deco.com\/wp-content\/uploads\/2023\/04\/Tableau-dun-carre-Hermes-Nuba-Moutain-Sefedin.jpg","type":"image\/jpeg"}],"twitter_card":"summary_large_image","twitter_misc":{"Est. reading time":"2 minutes"},"schema":{"@context":"https:\/\/schema.org","@graph":[{"@type":"WebPage","@id":"https:\/\/mon-carre-deco.com\/produit\/tableau-hermes-nuba-moutain\/","url":"https:\/\/mon-carre-deco.com\/produit\/tableau-hermes-nuba-moutain\/","name":"Tableau - Carr\u00e9 Herm\u00e8s Nuba Moutain - Mon Carr\u00e9 D\u00e9co","isPartOf":{"@id":"https:\/\/mon-carre-deco.com\/#website"},"primaryImageOfPage":{"@id":"https:\/\/mon-carre-deco.com\/produit\/tableau-hermes-nuba-moutain\/#primaryimage"},"image":{"@id":"https:\/\/mon-carre-deco.com\/produit\/tableau-hermes-nuba-moutain\/#primaryimage"},"thumbnailUrl":"https:\/\/mon-carre-deco.com\/wp-content\/uploads\/2023\/04\/Tableau-dun-carre-Hermes-Nuba-Moutain-Sefedin.jpg","datePublished":"2023-04-12T20:14:03+00:00","dateModified":"2025-06-21T14:48:50+00:00","description":"Tableau d'une carr\u00e9 Herm\u00e8s la Nuba Mountain, montagne sacr\u00e9e et magique des Noubas, peuple du Soudan oriental. Une d\u00e9coration murale aux couleurs magnifiques.","breadcrumb":{"@id":"https:\/\/mon-carre-deco.com\/produit\/tableau-hermes-nuba-moutain\/#breadcrumb"},"inLanguage":"en-US","potentialAction":[{"@type":"ReadAction","target":["https:\/\/mon-carre-deco.com\/produit\/tableau-hermes-nuba-moutain\/"]}]},{"@type":"ImageObject","inLanguage":"en-US","@id":"https:\/\/mon-carre-deco.com\/produit\/tableau-hermes-nuba-moutain\/#primaryimage","url":"https:\/\/mon-carre-deco.com\/wp-content\/uploads\/2023\/04\/Tableau-dun-carre-Hermes-Nuba-Moutain-Sefedin.jpg","contentUrl":"https:\/\/mon-carre-deco.com\/wp-content\/uploads\/2023\/04\/Tableau-dun-carre-Hermes-Nuba-Moutain-Sefedin.jpg","width":691,"height":644,"caption":"Tableau-dun-carre-Hermes-Nuba-Moutain-Sefedin"},{"@type":"BreadcrumbList","@id":"https:\/\/mon-carre-deco.com\/produit\/tableau-hermes-nuba-moutain\/#breadcrumb","itemListElement":[{"@type":"ListItem","position":1,"name":"Accueil","item":"https:\/\/mon-carre-deco.com\/"},{"@type":"ListItem","position":2,"name":"Tableaux","item":"https:\/\/mon-carre-deco.com\/boutique-tableau-hermes\/"},{"@type":"ListItem","position":3,"name":"Tableau &#8211; Carr\u00e9 Herm\u00e8s Nuba Moutain"}]},{"@type":"WebSite","@id":"https:\/\/mon-carre-deco.com\/#website","url":"https:\/\/mon-carre-deco.com\/","name":"Mon Carr\u00e9 D\u00e9co","description":"Mon Carr\u00e9 D&#039;art at Home, vente de tableau Herm\u00e8s, foulard carr\u00e9 Herm\u00e8s encadr\u00e9","publisher":{"@id":"https:\/\/mon-carre-deco.com\/#organization"},"potentialAction":[{"@type":"SearchAction","target":{"@type":"EntryPoint","urlTemplate":"https:\/\/mon-carre-deco.com\/?s={search_term_string}"},"query-input":{"@type":"PropertyValueSpecification","valueRequired":true,"valueName":"search_term_string"}}],"inLanguage":"en-US"},{"@type":"Organization","@id":"https:\/\/mon-carre-deco.com\/#organization","name":"Mon Carr\u00e9 D\u00e9co","url":"https:\/\/mon-carre-deco.com\/","logo":{"@type":"ImageObject","inLanguage":"en-US","@id":"https:\/\/mon-carre-deco.com\/#\/schema\/logo\/image\/","url":"https:\/\/mon-carre-deco.com\/wp-content\/uploads\/2021\/04\/cropped-Logo-mon-carre-deco-2.png","contentUrl":"https:\/\/mon-carre-deco.com\/wp-content\/uploads\/2021\/04\/cropped-Logo-mon-carre-deco-2.png","width":1043,"height":1043,"caption":"Mon Carr\u00e9 D\u00e9co"},"image":{"@id":"https:\/\/mon-carre-deco.com\/#\/schema\/logo\/image\/"}}]}},"_links":{"self":[{"href":"https:\/\/mon-carre-deco.com\/en\/wp-json\/wp\/v2\/product\/4075","targetHints":{"allow":["GET"]}}],"collection":[{"href":"https:\/\/mon-carre-deco.com\/en\/wp-json\/wp\/v2\/product"}],"about":[{"href":"https:\/\/mon-carre-deco.com\/en\/wp-json\/wp\/v2\/types\/product"}],"replies":[{"embeddable":true,"href":"https:\/\/mon-carre-deco.com\/en\/wp-json\/wp\/v2\/comments?post=4075"}],"version-history":[{"count":10,"href":"https:\/\/mon-carre-deco.com\/en\/wp-json\/wp\/v2\/product\/4075\/revisions"}],"predecessor-version":[{"id":4099,"href":"https:\/\/mon-carre-deco.com\/en\/wp-json\/wp\/v2\/product\/4075\/revisions\/4099"}],"wp:featuredmedia":[{"embeddable":true,"href":"https:\/\/mon-carre-deco.com\/en\/wp-json\/wp\/v2\/media\/4098"}],"wp:attachment":[{"href":"https:\/\/mon-carre-deco.com\/en\/wp-json\/wp\/v2\/media?parent=4075"}],"wp:term":[{"taxonomy":"product_brand","embeddable":true,"href":"https:\/\/mon-carre-deco.com\/en\/wp-json\/wp\/v2\/product_brand?post=4075"},{"taxonomy":"product_cat","embeddable":true,"href":"https:\/\/mon-carre-deco.com\/en\/wp-json\/wp\/v2\/product_cat?post=4075"},{"taxonomy":"product_tag","embeddable":true,"href":"https:\/\/mon-carre-deco.com\/en\/wp-json\/wp\/v2\/product_tag?post=4075"}],"curies":[{"name":"wp","href":"https:\/\/api.w.org\/{rel}","templated":true}]}}