{"id":4084,"date":"2023-04-13T00:46:27","date_gmt":"2023-04-12T22:46:27","guid":{"rendered":"https:\/\/mon-carre-deco.com\/?post_type=product&#038;p=4084"},"modified":"2025-05-06T10:43:23","modified_gmt":"2025-05-06T08:43:23","slug":"tableau-carre-hermes-monsieur-madame","status":"publish","type":"product","link":"https:\/\/mon-carre-deco.com\/en\/product\/tableau-carre-hermes-monsieur-madame\/","title":{"rendered":"Tableau &#8211; Carr\u00e9 Herm\u00e8s Monsieur Madame"},"content":{"rendered":"<p>\u00ab\u00a0Monsieur Madame\u00a0\u00bb<\/p>\n<p>\u00c9dit\u00e9 en 2006<\/p>\n<p>Dipl\u00f4m\u00e9e de l&rsquo;\u00e9cole de mode parisienne ESMOD, Bali Barret attire pour la premi\u00e8re fois l&rsquo;attention d&rsquo;Herm\u00e8s en 2003 \u2014 \u00e0 l&rsquo;\u00e9poque, elle dirige encore sa propre marque. Pierre-Alexis Dumas, membre de la famille qui contr\u00f4le Herm\u00e8s et directeur artistique de la marque, lui propose alors de dessiner une mini-collection intitul\u00e9e \u00ab\u00a0Soie Belle\u00a0\u00bb. La styliste d\u00e9veloppe sa propre vision de la maison historique, plus iconoclaste, avec des foulards en soie perfor\u00e9e au laser et des combinaisons inattendues de cuir et de soie.<\/p>\n<p>Trois ans plus tard, en 2006, elle est nomm\u00e9e directrice artistique de la division \u00ab\u00a0soie\u00a0\u00bb de la maison, un secteur cl\u00e9 au sein d&rsquo;Herm\u00e8s. Elle va collaborer avec plus de 50 illustrateurs ind\u00e9pendants \u00e2g\u00e9s de 25 \u00e0 80 ans.<\/p>\n<p>En 2009, nomm\u00e9e \u00e0 la t\u00eate de l&rsquo;univers f\u00e9minin d&rsquo;Herm\u00e8s, Bali Barret supervise plus d&rsquo;une douzaine de d\u00e9partements (les \u00ab\u00a0m\u00e9tiers\u00a0\u00bb), parmi lesquels le pr\u00eat-\u00e0-porter, la maroquinerie, les chaussures et la joaillerie. Elle diversifie les collections de soie imprim\u00e9e en cr\u00e9ant de nombreux accessoires aux dimensions et aux graphismes vari\u00e9s. Elle a apport\u00e9 raffinement et joie de vivre \u00e0 la fran\u00e7aise \u00e0 cette marque fond\u00e9e il y a 183 ans jusqu&rsquo;en 2020 date \u00e0 laquelle elle a d\u00e9missionn\u00e9.<\/p>\n<p>&nbsp;<\/p>\n<p><em>Vous aimerez aussi&#8230;<\/em><\/p>\n<blockquote>\n<figure id=\"attachment_4096\" aria-describedby=\"caption-attachment-4096\" style=\"width: 245px\" class=\"wp-caption alignnone\"><a href=\"https:\/\/www.galeries-bartoux.com\/artistes\/fred-allard\/naissance-d-une-icone\/\"><img fetchpriority=\"high\" decoding=\"async\" class=\"wp-image-4096\" src=\"http:\/\/mon-carre-deco.com\/wp-content\/uploads\/2023\/04\/Fred-Allard-1024x969.jpg\" alt=\"NAISSANCE D\u2019UNE ICONEALLARD FRED\" width=\"245\" height=\"232\" srcset=\"https:\/\/mon-carre-deco.com\/wp-content\/uploads\/2023\/04\/Fred-Allard-1024x969.jpg 1024w, https:\/\/mon-carre-deco.com\/wp-content\/uploads\/2023\/04\/Fred-Allard-300x284.jpg 300w, https:\/\/mon-carre-deco.com\/wp-content\/uploads\/2023\/04\/Fred-Allard-768x727.jpg 768w, https:\/\/mon-carre-deco.com\/wp-content\/uploads\/2023\/04\/Fred-Allard-600x568.jpg 600w, https:\/\/mon-carre-deco.com\/wp-content\/uploads\/2023\/04\/Fred-Allard.jpg 1352w\" sizes=\"(max-width: 245px) 100vw, 245px\" \/><\/a><figcaption id=\"caption-attachment-4096\" class=\"wp-caption-text\">Naissance d&rsquo;une Icone FRED ALLARD<\/figcaption><\/figure><\/blockquote>\n<p>&nbsp;<\/p>\n<p>&nbsp;<\/p>","protected":false},"excerpt":{"rendered":"<p>Au sein d\u2019un cadre de cuir cousu sellier, la silhouette d\u2019un couple compose une curieuse radiographie inscrite dans une farandole de bolduc. Monsieur et Madame sont riches de tr\u00e9sors, cr\u00e9ations de la Maison : bracelet Cha\u00eene d\u2019ancre, montre Harnais, sac Birkin et Twilly\u2026 pour Madame. Montre Cape Cod, sac de voyage, ceinture H et richelieu entre autres pour Monsieur. Sur sa botte cavali\u00e8re, une bride rappelle ses loisirs \u00e9questres. Bali Barret s\u2019est inspir\u00e9e d\u2019anciennes publicit\u00e9s Herm\u00e8s, remettant au go\u00fbt du jour l\u2019heureuse fantaisie des ann\u00e9es 30<\/p>\n<p>Ce tableau sera une d\u00e9coration murale \u00e9clatante et lumineuse avec une symbolique forte et protectrice pour votre maison.<\/p>\n<ul>\n<li>Silk<\/li>\n<li>Couleurs dominantes : bleu<\/li>\n<li>Moulure en bois patin\u00e9 bronze, c\u00f4t\u00e9 noir.<\/li>\n<li>White matting<\/li>\n<li>Verre de protection<\/li>\n<li>Rear mounting hook<\/li>\n<\/ul>\n<p>Designer: <a href=\"https:\/\/www-exhibition--magazine-com.translate.goog\/articles\/bali-barret-silk-issue?_x_tr_sl=en&amp;_x_tr_tl=fr&amp;_x_tr_hl=fr&amp;_x_tr_pto=sc&amp;_x_tr_hist=true\">Bali Barret<\/a><\/p>\n<p>&nbsp;<\/p>","protected":false},"featured_media":4102,"comment_status":"open","ping_status":"closed","template":"","meta":{"site-sidebar-layout":"default","site-content-layout":"default","ast-site-content-layout":"default","site-content-style":"default","site-sidebar-style":"default","ast-global-header-display":"","ast-banner-title-visibility":"","ast-main-header-display":"","ast-hfb-above-header-display":"","ast-hfb-below-header-display":"","ast-hfb-mobile-header-display":"","site-post-title":"","ast-breadcrumbs-content":"","ast-featured-img":"","footer-sml-layout":"","theme-transparent-header-meta":"default","adv-header-id-meta":"","stick-header-meta":"","header-above-stick-meta":"","header-main-stick-meta":"","header-below-stick-meta":"","astra-migrate-meta-layouts":"set"},"product_brand":[],"product_cat":[24],"product_tag":[],"class_list":{"0":"post-4084","1":"product","2":"type-product","3":"status-publish","4":"has-post-thumbnail","6":"product_cat-carre-90x90","7":"desktop-align-left","8":"tablet-align-left","9":"mobile-align-left","11":"first","12":"instock","13":"sold-individually","14":"shipping-taxable","15":"product-type-simple"},"yoast_head":"<!-- This site is optimized with the Yoast SEO plugin v25.4 - https:\/\/yoast.com\/wordpress\/plugins\/seo\/ -->\n<title>Tableau - Carr\u00e9 Herm\u00e8s Monsieur Madame - Mon Carr\u00e9 D\u00e9co<\/title>\n<meta name=\"description\" content=\"Tableau Monsieur Madame avec les plus c\u00e9l\u00e8bres articles de la maison Herm\u00e8s : bracelet chaine d&#039;ancre, twilly, Birkin, ceinture Constance, cadenas, gants, foulard..\" \/>\n<meta name=\"robots\" content=\"index, follow, max-snippet:-1, max-image-preview:large, max-video-preview:-1\" \/>\n<link rel=\"canonical\" href=\"https:\/\/mon-carre-deco.com\/en\/product\/tableau-carre-hermes-monsieur-madame\/\" \/>\n<meta property=\"og:locale\" content=\"en_US\" \/>\n<meta property=\"og:type\" content=\"article\" \/>\n<meta property=\"og:title\" content=\"Tableau - Carr\u00e9 Herm\u00e8s Monsieur Madame - Mon Carr\u00e9 D\u00e9co\" \/>\n<meta property=\"og:description\" content=\"Tableau Monsieur Madame avec les plus c\u00e9l\u00e8bres articles de la maison Herm\u00e8s : bracelet chaine d&#039;ancre, twilly, Birkin, ceinture Constance, cadenas, gants, foulard..\" \/>\n<meta property=\"og:url\" content=\"https:\/\/mon-carre-deco.com\/en\/product\/tableau-carre-hermes-monsieur-madame\/\" \/>\n<meta property=\"og:site_name\" content=\"Mon Carr\u00e9 D\u00e9co\" \/>\n<meta property=\"article:modified_time\" content=\"2025-05-06T08:43:23+00:00\" \/>\n<meta property=\"og:image\" content=\"http:\/\/mon-carre-deco.com\/wp-content\/uploads\/2023\/04\/Tableau-dun-carre-Hermes-Monsieur-Madame-De-bali-Barret.jpg\" \/>\n\t<meta property=\"og:image:width\" content=\"691\" \/>\n\t<meta property=\"og:image:height\" content=\"644\" \/>\n\t<meta property=\"og:image:type\" content=\"image\/jpeg\" \/>\n<meta name=\"twitter:card\" content=\"summary_large_image\" \/>\n<meta name=\"twitter:label1\" content=\"Est. reading time\" \/>\n\t<meta name=\"twitter:data1\" content=\"2 minutes\" \/>\n<script type=\"application\/ld+json\" class=\"yoast-schema-graph\">{\"@context\":\"https:\/\/schema.org\",\"@graph\":[{\"@type\":\"WebPage\",\"@id\":\"https:\/\/mon-carre-deco.com\/produit\/tableau-carre-hermes-monsieur-madame\/\",\"url\":\"https:\/\/mon-carre-deco.com\/produit\/tableau-carre-hermes-monsieur-madame\/\",\"name\":\"Tableau - Carr\u00e9 Herm\u00e8s Monsieur Madame - Mon Carr\u00e9 D\u00e9co\",\"isPartOf\":{\"@id\":\"https:\/\/mon-carre-deco.com\/#website\"},\"primaryImageOfPage\":{\"@id\":\"https:\/\/mon-carre-deco.com\/produit\/tableau-carre-hermes-monsieur-madame\/#primaryimage\"},\"image\":{\"@id\":\"https:\/\/mon-carre-deco.com\/produit\/tableau-carre-hermes-monsieur-madame\/#primaryimage\"},\"thumbnailUrl\":\"https:\/\/mon-carre-deco.com\/wp-content\/uploads\/2023\/04\/Tableau-dun-carre-Hermes-Monsieur-Madame-De-bali-Barret.jpg\",\"datePublished\":\"2023-04-12T22:46:27+00:00\",\"dateModified\":\"2025-05-06T08:43:23+00:00\",\"description\":\"Tableau Monsieur Madame avec les plus c\u00e9l\u00e8bres articles de la maison Herm\u00e8s : bracelet chaine d'ancre, twilly, Birkin, ceinture Constance, cadenas, gants, foulard..\",\"breadcrumb\":{\"@id\":\"https:\/\/mon-carre-deco.com\/produit\/tableau-carre-hermes-monsieur-madame\/#breadcrumb\"},\"inLanguage\":\"en-US\",\"potentialAction\":[{\"@type\":\"ReadAction\",\"target\":[\"https:\/\/mon-carre-deco.com\/produit\/tableau-carre-hermes-monsieur-madame\/\"]}]},{\"@type\":\"ImageObject\",\"inLanguage\":\"en-US\",\"@id\":\"https:\/\/mon-carre-deco.com\/produit\/tableau-carre-hermes-monsieur-madame\/#primaryimage\",\"url\":\"https:\/\/mon-carre-deco.com\/wp-content\/uploads\/2023\/04\/Tableau-dun-carre-Hermes-Monsieur-Madame-De-bali-Barret.jpg\",\"contentUrl\":\"https:\/\/mon-carre-deco.com\/wp-content\/uploads\/2023\/04\/Tableau-dun-carre-Hermes-Monsieur-Madame-De-bali-Barret.jpg\",\"width\":691,\"height\":644,\"caption\":\"Tableau-dun-carre-Hermes-Monsieur-Madame-De-bali-Barret\"},{\"@type\":\"BreadcrumbList\",\"@id\":\"https:\/\/mon-carre-deco.com\/produit\/tableau-carre-hermes-monsieur-madame\/#breadcrumb\",\"itemListElement\":[{\"@type\":\"ListItem\",\"position\":1,\"name\":\"Accueil\",\"item\":\"https:\/\/mon-carre-deco.com\/\"},{\"@type\":\"ListItem\",\"position\":2,\"name\":\"Tableaux\",\"item\":\"https:\/\/mon-carre-deco.com\/boutique-tableau-hermes\/\"},{\"@type\":\"ListItem\",\"position\":3,\"name\":\"Tableau &#8211; Carr\u00e9 Herm\u00e8s Monsieur Madame\"}]},{\"@type\":\"WebSite\",\"@id\":\"https:\/\/mon-carre-deco.com\/#website\",\"url\":\"https:\/\/mon-carre-deco.com\/\",\"name\":\"Mon Carr\u00e9 D\u00e9co\",\"description\":\"Mon Carr\u00e9 D&#039;art at Home, vente de tableau Herm\u00e8s, foulard carr\u00e9 Herm\u00e8s encadr\u00e9\",\"publisher\":{\"@id\":\"https:\/\/mon-carre-deco.com\/#organization\"},\"potentialAction\":[{\"@type\":\"SearchAction\",\"target\":{\"@type\":\"EntryPoint\",\"urlTemplate\":\"https:\/\/mon-carre-deco.com\/?s={search_term_string}\"},\"query-input\":{\"@type\":\"PropertyValueSpecification\",\"valueRequired\":true,\"valueName\":\"search_term_string\"}}],\"inLanguage\":\"en-US\"},{\"@type\":\"Organization\",\"@id\":\"https:\/\/mon-carre-deco.com\/#organization\",\"name\":\"Mon Carr\u00e9 D\u00e9co\",\"url\":\"https:\/\/mon-carre-deco.com\/\",\"logo\":{\"@type\":\"ImageObject\",\"inLanguage\":\"en-US\",\"@id\":\"https:\/\/mon-carre-deco.com\/#\/schema\/logo\/image\/\",\"url\":\"https:\/\/mon-carre-deco.com\/wp-content\/uploads\/2021\/04\/cropped-Logo-mon-carre-deco-2.png\",\"contentUrl\":\"https:\/\/mon-carre-deco.com\/wp-content\/uploads\/2021\/04\/cropped-Logo-mon-carre-deco-2.png\",\"width\":1043,\"height\":1043,\"caption\":\"Mon Carr\u00e9 D\u00e9co\"},\"image\":{\"@id\":\"https:\/\/mon-carre-deco.com\/#\/schema\/logo\/image\/\"}}]}<\/script>\n<!-- \/ Yoast SEO plugin. -->","yoast_head_json":{"title":"Tableau - Carr\u00e9 Herm\u00e8s Monsieur Madame - Mon Carr\u00e9 D\u00e9co","description":"Tableau Monsieur Madame avec les plus c\u00e9l\u00e8bres articles de la maison Herm\u00e8s : bracelet chaine d'ancre, twilly, Birkin, ceinture Constance, cadenas, gants, foulard..","robots":{"index":"index","follow":"follow","max-snippet":"max-snippet:-1","max-image-preview":"max-image-preview:large","max-video-preview":"max-video-preview:-1"},"canonical":"https:\/\/mon-carre-deco.com\/en\/product\/tableau-carre-hermes-monsieur-madame\/","og_locale":"en_US","og_type":"article","og_title":"Tableau - Carr\u00e9 Herm\u00e8s Monsieur Madame - Mon Carr\u00e9 D\u00e9co","og_description":"Tableau Monsieur Madame avec les plus c\u00e9l\u00e8bres articles de la maison Herm\u00e8s : bracelet chaine d'ancre, twilly, Birkin, ceinture Constance, cadenas, gants, foulard..","og_url":"https:\/\/mon-carre-deco.com\/en\/product\/tableau-carre-hermes-monsieur-madame\/","og_site_name":"Mon Carr\u00e9 D\u00e9co","article_modified_time":"2025-05-06T08:43:23+00:00","og_image":[{"width":691,"height":644,"url":"http:\/\/mon-carre-deco.com\/wp-content\/uploads\/2023\/04\/Tableau-dun-carre-Hermes-Monsieur-Madame-De-bali-Barret.jpg","type":"image\/jpeg"}],"twitter_card":"summary_large_image","twitter_misc":{"Est. reading time":"2 minutes"},"schema":{"@context":"https:\/\/schema.org","@graph":[{"@type":"WebPage","@id":"https:\/\/mon-carre-deco.com\/produit\/tableau-carre-hermes-monsieur-madame\/","url":"https:\/\/mon-carre-deco.com\/produit\/tableau-carre-hermes-monsieur-madame\/","name":"Tableau - Carr\u00e9 Herm\u00e8s Monsieur Madame - Mon Carr\u00e9 D\u00e9co","isPartOf":{"@id":"https:\/\/mon-carre-deco.com\/#website"},"primaryImageOfPage":{"@id":"https:\/\/mon-carre-deco.com\/produit\/tableau-carre-hermes-monsieur-madame\/#primaryimage"},"image":{"@id":"https:\/\/mon-carre-deco.com\/produit\/tableau-carre-hermes-monsieur-madame\/#primaryimage"},"thumbnailUrl":"https:\/\/mon-carre-deco.com\/wp-content\/uploads\/2023\/04\/Tableau-dun-carre-Hermes-Monsieur-Madame-De-bali-Barret.jpg","datePublished":"2023-04-12T22:46:27+00:00","dateModified":"2025-05-06T08:43:23+00:00","description":"Tableau Monsieur Madame avec les plus c\u00e9l\u00e8bres articles de la maison Herm\u00e8s : bracelet chaine d'ancre, twilly, Birkin, ceinture Constance, cadenas, gants, foulard..","breadcrumb":{"@id":"https:\/\/mon-carre-deco.com\/produit\/tableau-carre-hermes-monsieur-madame\/#breadcrumb"},"inLanguage":"en-US","potentialAction":[{"@type":"ReadAction","target":["https:\/\/mon-carre-deco.com\/produit\/tableau-carre-hermes-monsieur-madame\/"]}]},{"@type":"ImageObject","inLanguage":"en-US","@id":"https:\/\/mon-carre-deco.com\/produit\/tableau-carre-hermes-monsieur-madame\/#primaryimage","url":"https:\/\/mon-carre-deco.com\/wp-content\/uploads\/2023\/04\/Tableau-dun-carre-Hermes-Monsieur-Madame-De-bali-Barret.jpg","contentUrl":"https:\/\/mon-carre-deco.com\/wp-content\/uploads\/2023\/04\/Tableau-dun-carre-Hermes-Monsieur-Madame-De-bali-Barret.jpg","width":691,"height":644,"caption":"Tableau-dun-carre-Hermes-Monsieur-Madame-De-bali-Barret"},{"@type":"BreadcrumbList","@id":"https:\/\/mon-carre-deco.com\/produit\/tableau-carre-hermes-monsieur-madame\/#breadcrumb","itemListElement":[{"@type":"ListItem","position":1,"name":"Accueil","item":"https:\/\/mon-carre-deco.com\/"},{"@type":"ListItem","position":2,"name":"Tableaux","item":"https:\/\/mon-carre-deco.com\/boutique-tableau-hermes\/"},{"@type":"ListItem","position":3,"name":"Tableau &#8211; Carr\u00e9 Herm\u00e8s Monsieur Madame"}]},{"@type":"WebSite","@id":"https:\/\/mon-carre-deco.com\/#website","url":"https:\/\/mon-carre-deco.com\/","name":"Mon Carr\u00e9 D\u00e9co","description":"Mon Carr\u00e9 D&#039;art at Home, vente de tableau Herm\u00e8s, foulard carr\u00e9 Herm\u00e8s encadr\u00e9","publisher":{"@id":"https:\/\/mon-carre-deco.com\/#organization"},"potentialAction":[{"@type":"SearchAction","target":{"@type":"EntryPoint","urlTemplate":"https:\/\/mon-carre-deco.com\/?s={search_term_string}"},"query-input":{"@type":"PropertyValueSpecification","valueRequired":true,"valueName":"search_term_string"}}],"inLanguage":"en-US"},{"@type":"Organization","@id":"https:\/\/mon-carre-deco.com\/#organization","name":"Mon Carr\u00e9 D\u00e9co","url":"https:\/\/mon-carre-deco.com\/","logo":{"@type":"ImageObject","inLanguage":"en-US","@id":"https:\/\/mon-carre-deco.com\/#\/schema\/logo\/image\/","url":"https:\/\/mon-carre-deco.com\/wp-content\/uploads\/2021\/04\/cropped-Logo-mon-carre-deco-2.png","contentUrl":"https:\/\/mon-carre-deco.com\/wp-content\/uploads\/2021\/04\/cropped-Logo-mon-carre-deco-2.png","width":1043,"height":1043,"caption":"Mon Carr\u00e9 D\u00e9co"},"image":{"@id":"https:\/\/mon-carre-deco.com\/#\/schema\/logo\/image\/"}}]}},"_links":{"self":[{"href":"https:\/\/mon-carre-deco.com\/en\/wp-json\/wp\/v2\/product\/4084","targetHints":{"allow":["GET"]}}],"collection":[{"href":"https:\/\/mon-carre-deco.com\/en\/wp-json\/wp\/v2\/product"}],"about":[{"href":"https:\/\/mon-carre-deco.com\/en\/wp-json\/wp\/v2\/types\/product"}],"replies":[{"embeddable":true,"href":"https:\/\/mon-carre-deco.com\/en\/wp-json\/wp\/v2\/comments?post=4084"}],"version-history":[{"count":13,"href":"https:\/\/mon-carre-deco.com\/en\/wp-json\/wp\/v2\/product\/4084\/revisions"}],"predecessor-version":[{"id":4268,"href":"https:\/\/mon-carre-deco.com\/en\/wp-json\/wp\/v2\/product\/4084\/revisions\/4268"}],"wp:featuredmedia":[{"embeddable":true,"href":"https:\/\/mon-carre-deco.com\/en\/wp-json\/wp\/v2\/media\/4102"}],"wp:attachment":[{"href":"https:\/\/mon-carre-deco.com\/en\/wp-json\/wp\/v2\/media?parent=4084"}],"wp:term":[{"taxonomy":"product_brand","embeddable":true,"href":"https:\/\/mon-carre-deco.com\/en\/wp-json\/wp\/v2\/product_brand?post=4084"},{"taxonomy":"product_cat","embeddable":true,"href":"https:\/\/mon-carre-deco.com\/en\/wp-json\/wp\/v2\/product_cat?post=4084"},{"taxonomy":"product_tag","embeddable":true,"href":"https:\/\/mon-carre-deco.com\/en\/wp-json\/wp\/v2\/product_tag?post=4084"}],"curies":[{"name":"wp","href":"https:\/\/api.w.org\/{rel}","templated":true}]}}