{"id":4111,"date":"2023-06-01T11:57:52","date_gmt":"2023-06-01T09:57:52","guid":{"rendered":"https:\/\/mon-carre-deco.com\/?post_type=product&#038;p=4111"},"modified":"2023-06-01T15:29:33","modified_gmt":"2023-06-01T13:29:33","slug":"tableau-gavroche-hermes-regina","status":"publish","type":"product","link":"https:\/\/mon-carre-deco.com\/en\/product\/tableau-gavroche-hermes-regina\/","title":{"rendered":"Tableau &#8211; Gavroche Herm\u00e8s R\u00e9gina"},"content":{"rendered":"<p>\u00ab\u00a0R\u00e9gina\u00a0\u00bb<\/p>\n<p>\u00c9dit\u00e9 la premi\u00e8re fois en 1972, r\u00e9\u00e9dit\u00e9 en 1977 et 1988<\/p>\n<p>Designer Le\u00efla Menchari (1927- 2020)<\/p>","protected":false},"excerpt":{"rendered":"<p>Ce tableau d&rsquo;un petit foulard Herm\u00e8s REGINA apporte de la vie et de la gaiet\u00e9 \u00e0 votre int\u00e9rieur en y faisant rentrer un peu de nature et cr\u00e9e ainsi une ambiance plus harmonieuse et douce. Ces fleurs en d\u00e9coration murale trouvent leur place dans toutes les pi\u00e8ces de la maison qu\u2019elles viendront animer avec leurs touches color\u00e9es.\u00a0 Une jolie mani\u00e8re d\u2019introduire des motifs floraux dans votre int\u00e9rieur.<\/p>\n<p>Le foulard Herm\u00e8s R\u00e9gina a \u00e9t\u00e9 en cr\u00e9\u00e9 en 1972 pour honorer Sa Majest\u00e9 la reine \u00c9lisabeth II, souveraine du Royaume-Uni et du Commonwealth, amie de la France venue cette ann\u00e9e l\u00e0 \u00e0 Paris. R\u00e9\u00e9dit\u00e9 en 1977 lors du jubil\u00e9 d&rsquo;argent de la reine ( 25 ans de r\u00e8gne). De la rose anglaise, du chardon \u00e9cossais, du tr\u00e8fle irlandais, du poireau gallois, l&rsquo;artiste a voulu faire un bouquet fran\u00e7ais, gage de la sympathie que se vouent deux nations qui surent si bien jadis se faire la guerre&#8230;<\/p>\n<ul>\n<li>Silk<\/li>\n<li>Couleurs dominantes : bleu tendre, orange, vert, jaune p\u00e2le<\/li>\n<li>Moulure bois naturel<\/li>\n<li>White matting<\/li>\n<li>Verre\u00a0 de protection<\/li>\n<li>Rear mounting hook<\/li>\n<\/ul>\n<p>Designer : <a href=\"https:\/\/www.amelie-paris.com\/fr\/actualites\/459_leila-menchari.html?gclid=CjwKCAiAprGRBhBgEiwANJEY7B6azPE4-qnuDjLn-7G_WTcCd1wXncc5WzozglhDu5TdDe4A5EpeUxoCEn4QAvD_BwE\">Le\u00efla Menchari<\/a><\/p>","protected":false},"featured_media":4113,"comment_status":"open","ping_status":"closed","template":"","meta":{"site-sidebar-layout":"default","site-content-layout":"default","ast-site-content-layout":"","site-content-style":"default","site-sidebar-style":"default","ast-global-header-display":"","ast-banner-title-visibility":"","ast-main-header-display":"","ast-hfb-above-header-display":"","ast-hfb-below-header-display":"","ast-hfb-mobile-header-display":"","site-post-title":"","ast-breadcrumbs-content":"","ast-featured-img":"","footer-sml-layout":"","theme-transparent-header-meta":"default","adv-header-id-meta":"","stick-header-meta":"","header-above-stick-meta":"","header-main-stick-meta":"","header-below-stick-meta":"","astra-migrate-meta-layouts":""},"product_brand":[],"product_cat":[26],"product_tag":[],"class_list":{"0":"post-4111","1":"product","2":"type-product","3":"status-publish","4":"has-post-thumbnail","6":"product_cat-carre-45x45-gavroche","7":"desktop-align-left","8":"tablet-align-left","9":"mobile-align-left","11":"first","12":"instock","13":"shipping-taxable","14":"product-type-simple"},"yoast_head":"<!-- This site is optimized with the Yoast SEO plugin v25.4 - https:\/\/yoast.com\/wordpress\/plugins\/seo\/ -->\n<title>Tableau - Gavroche Herm\u00e8s R\u00e9gina - Mon Carr\u00e9 D\u00e9co<\/title>\n<meta name=\"description\" content=\"Tableau d&#039;un petit foulard Herm\u00e8s vintage dessin\u00e9 par Le\u00efla Menchari en 1972, une jolie d\u00e9coration murale avec des motifs floraux pour \u00e9gayer votre int\u00e9rieur.\" \/>\n<meta name=\"robots\" content=\"index, follow, max-snippet:-1, max-image-preview:large, max-video-preview:-1\" \/>\n<link rel=\"canonical\" href=\"https:\/\/mon-carre-deco.com\/en\/product\/tableau-gavroche-hermes-regina\/\" \/>\n<meta property=\"og:locale\" content=\"en_US\" \/>\n<meta property=\"og:type\" content=\"article\" \/>\n<meta property=\"og:title\" content=\"Tableau - Gavroche Herm\u00e8s R\u00e9gina - Mon Carr\u00e9 D\u00e9co\" \/>\n<meta property=\"og:description\" content=\"Tableau d&#039;un petit foulard Herm\u00e8s vintage dessin\u00e9 par Le\u00efla Menchari en 1972, une jolie d\u00e9coration murale avec des motifs floraux pour \u00e9gayer votre int\u00e9rieur.\" \/>\n<meta property=\"og:url\" content=\"https:\/\/mon-carre-deco.com\/en\/product\/tableau-gavroche-hermes-regina\/\" \/>\n<meta property=\"og:site_name\" content=\"Mon Carr\u00e9 D\u00e9co\" \/>\n<meta property=\"article:modified_time\" content=\"2023-06-01T13:29:33+00:00\" \/>\n<meta property=\"og:image\" content=\"http:\/\/mon-carre-deco.com\/wp-content\/uploads\/2023\/06\/Tableau-Hermes-Gavroche-REGINA.jpg\" \/>\n\t<meta property=\"og:image:width\" content=\"1502\" \/>\n\t<meta property=\"og:image:height\" content=\"1502\" \/>\n\t<meta property=\"og:image:type\" content=\"image\/jpeg\" \/>\n<meta name=\"twitter:card\" content=\"summary_large_image\" \/>\n<meta name=\"twitter:label1\" content=\"Est. reading time\" \/>\n\t<meta name=\"twitter:data1\" content=\"1 minute\" \/>\n<script type=\"application\/ld+json\" class=\"yoast-schema-graph\">{\"@context\":\"https:\/\/schema.org\",\"@graph\":[{\"@type\":\"WebPage\",\"@id\":\"https:\/\/mon-carre-deco.com\/produit\/tableau-gavroche-hermes-regina\/\",\"url\":\"https:\/\/mon-carre-deco.com\/produit\/tableau-gavroche-hermes-regina\/\",\"name\":\"Tableau - Gavroche Herm\u00e8s R\u00e9gina - Mon Carr\u00e9 D\u00e9co\",\"isPartOf\":{\"@id\":\"https:\/\/mon-carre-deco.com\/#website\"},\"primaryImageOfPage\":{\"@id\":\"https:\/\/mon-carre-deco.com\/produit\/tableau-gavroche-hermes-regina\/#primaryimage\"},\"image\":{\"@id\":\"https:\/\/mon-carre-deco.com\/produit\/tableau-gavroche-hermes-regina\/#primaryimage\"},\"thumbnailUrl\":\"https:\/\/mon-carre-deco.com\/wp-content\/uploads\/2023\/06\/Tableau-Hermes-Gavroche-REGINA.jpg\",\"datePublished\":\"2023-06-01T09:57:52+00:00\",\"dateModified\":\"2023-06-01T13:29:33+00:00\",\"description\":\"Tableau d'un petit foulard Herm\u00e8s vintage dessin\u00e9 par Le\u00efla Menchari en 1972, une jolie d\u00e9coration murale avec des motifs floraux pour \u00e9gayer votre int\u00e9rieur.\",\"breadcrumb\":{\"@id\":\"https:\/\/mon-carre-deco.com\/produit\/tableau-gavroche-hermes-regina\/#breadcrumb\"},\"inLanguage\":\"en-US\",\"potentialAction\":[{\"@type\":\"ReadAction\",\"target\":[\"https:\/\/mon-carre-deco.com\/produit\/tableau-gavroche-hermes-regina\/\"]}]},{\"@type\":\"ImageObject\",\"inLanguage\":\"en-US\",\"@id\":\"https:\/\/mon-carre-deco.com\/produit\/tableau-gavroche-hermes-regina\/#primaryimage\",\"url\":\"https:\/\/mon-carre-deco.com\/wp-content\/uploads\/2023\/06\/Tableau-Hermes-Gavroche-REGINA.jpg\",\"contentUrl\":\"https:\/\/mon-carre-deco.com\/wp-content\/uploads\/2023\/06\/Tableau-Hermes-Gavroche-REGINA.jpg\",\"width\":1502,\"height\":1502,\"caption\":\"Tableau petit foulard Herm\u00e8s R\u00e9gina\"},{\"@type\":\"BreadcrumbList\",\"@id\":\"https:\/\/mon-carre-deco.com\/produit\/tableau-gavroche-hermes-regina\/#breadcrumb\",\"itemListElement\":[{\"@type\":\"ListItem\",\"position\":1,\"name\":\"Accueil\",\"item\":\"https:\/\/mon-carre-deco.com\/\"},{\"@type\":\"ListItem\",\"position\":2,\"name\":\"Tableaux\",\"item\":\"https:\/\/mon-carre-deco.com\/boutique-tableau-hermes\/\"},{\"@type\":\"ListItem\",\"position\":3,\"name\":\"Tableau &#8211; Gavroche Herm\u00e8s R\u00e9gina\"}]},{\"@type\":\"WebSite\",\"@id\":\"https:\/\/mon-carre-deco.com\/#website\",\"url\":\"https:\/\/mon-carre-deco.com\/\",\"name\":\"Mon Carr\u00e9 D\u00e9co\",\"description\":\"Mon Carr\u00e9 D&#039;art at Home, vente de tableau Herm\u00e8s, foulard carr\u00e9 Herm\u00e8s encadr\u00e9\",\"publisher\":{\"@id\":\"https:\/\/mon-carre-deco.com\/#organization\"},\"potentialAction\":[{\"@type\":\"SearchAction\",\"target\":{\"@type\":\"EntryPoint\",\"urlTemplate\":\"https:\/\/mon-carre-deco.com\/?s={search_term_string}\"},\"query-input\":{\"@type\":\"PropertyValueSpecification\",\"valueRequired\":true,\"valueName\":\"search_term_string\"}}],\"inLanguage\":\"en-US\"},{\"@type\":\"Organization\",\"@id\":\"https:\/\/mon-carre-deco.com\/#organization\",\"name\":\"Mon Carr\u00e9 D\u00e9co\",\"url\":\"https:\/\/mon-carre-deco.com\/\",\"logo\":{\"@type\":\"ImageObject\",\"inLanguage\":\"en-US\",\"@id\":\"https:\/\/mon-carre-deco.com\/#\/schema\/logo\/image\/\",\"url\":\"https:\/\/mon-carre-deco.com\/wp-content\/uploads\/2021\/04\/cropped-Logo-mon-carre-deco-2.png\",\"contentUrl\":\"https:\/\/mon-carre-deco.com\/wp-content\/uploads\/2021\/04\/cropped-Logo-mon-carre-deco-2.png\",\"width\":1043,\"height\":1043,\"caption\":\"Mon Carr\u00e9 D\u00e9co\"},\"image\":{\"@id\":\"https:\/\/mon-carre-deco.com\/#\/schema\/logo\/image\/\"}}]}<\/script>\n<!-- \/ Yoast SEO plugin. -->","yoast_head_json":{"title":"Tableau - Gavroche Herm\u00e8s R\u00e9gina - Mon Carr\u00e9 D\u00e9co","description":"Tableau d'un petit foulard Herm\u00e8s vintage dessin\u00e9 par Le\u00efla Menchari en 1972, une jolie d\u00e9coration murale avec des motifs floraux pour \u00e9gayer votre int\u00e9rieur.","robots":{"index":"index","follow":"follow","max-snippet":"max-snippet:-1","max-image-preview":"max-image-preview:large","max-video-preview":"max-video-preview:-1"},"canonical":"https:\/\/mon-carre-deco.com\/en\/product\/tableau-gavroche-hermes-regina\/","og_locale":"en_US","og_type":"article","og_title":"Tableau - Gavroche Herm\u00e8s R\u00e9gina - Mon Carr\u00e9 D\u00e9co","og_description":"Tableau d'un petit foulard Herm\u00e8s vintage dessin\u00e9 par Le\u00efla Menchari en 1972, une jolie d\u00e9coration murale avec des motifs floraux pour \u00e9gayer votre int\u00e9rieur.","og_url":"https:\/\/mon-carre-deco.com\/en\/product\/tableau-gavroche-hermes-regina\/","og_site_name":"Mon Carr\u00e9 D\u00e9co","article_modified_time":"2023-06-01T13:29:33+00:00","og_image":[{"width":1502,"height":1502,"url":"http:\/\/mon-carre-deco.com\/wp-content\/uploads\/2023\/06\/Tableau-Hermes-Gavroche-REGINA.jpg","type":"image\/jpeg"}],"twitter_card":"summary_large_image","twitter_misc":{"Est. reading time":"1 minute"},"schema":{"@context":"https:\/\/schema.org","@graph":[{"@type":"WebPage","@id":"https:\/\/mon-carre-deco.com\/produit\/tableau-gavroche-hermes-regina\/","url":"https:\/\/mon-carre-deco.com\/produit\/tableau-gavroche-hermes-regina\/","name":"Tableau - Gavroche Herm\u00e8s R\u00e9gina - Mon Carr\u00e9 D\u00e9co","isPartOf":{"@id":"https:\/\/mon-carre-deco.com\/#website"},"primaryImageOfPage":{"@id":"https:\/\/mon-carre-deco.com\/produit\/tableau-gavroche-hermes-regina\/#primaryimage"},"image":{"@id":"https:\/\/mon-carre-deco.com\/produit\/tableau-gavroche-hermes-regina\/#primaryimage"},"thumbnailUrl":"https:\/\/mon-carre-deco.com\/wp-content\/uploads\/2023\/06\/Tableau-Hermes-Gavroche-REGINA.jpg","datePublished":"2023-06-01T09:57:52+00:00","dateModified":"2023-06-01T13:29:33+00:00","description":"Tableau d'un petit foulard Herm\u00e8s vintage dessin\u00e9 par Le\u00efla Menchari en 1972, une jolie d\u00e9coration murale avec des motifs floraux pour \u00e9gayer votre int\u00e9rieur.","breadcrumb":{"@id":"https:\/\/mon-carre-deco.com\/produit\/tableau-gavroche-hermes-regina\/#breadcrumb"},"inLanguage":"en-US","potentialAction":[{"@type":"ReadAction","target":["https:\/\/mon-carre-deco.com\/produit\/tableau-gavroche-hermes-regina\/"]}]},{"@type":"ImageObject","inLanguage":"en-US","@id":"https:\/\/mon-carre-deco.com\/produit\/tableau-gavroche-hermes-regina\/#primaryimage","url":"https:\/\/mon-carre-deco.com\/wp-content\/uploads\/2023\/06\/Tableau-Hermes-Gavroche-REGINA.jpg","contentUrl":"https:\/\/mon-carre-deco.com\/wp-content\/uploads\/2023\/06\/Tableau-Hermes-Gavroche-REGINA.jpg","width":1502,"height":1502,"caption":"Tableau petit foulard Herm\u00e8s R\u00e9gina"},{"@type":"BreadcrumbList","@id":"https:\/\/mon-carre-deco.com\/produit\/tableau-gavroche-hermes-regina\/#breadcrumb","itemListElement":[{"@type":"ListItem","position":1,"name":"Accueil","item":"https:\/\/mon-carre-deco.com\/"},{"@type":"ListItem","position":2,"name":"Tableaux","item":"https:\/\/mon-carre-deco.com\/boutique-tableau-hermes\/"},{"@type":"ListItem","position":3,"name":"Tableau &#8211; Gavroche Herm\u00e8s R\u00e9gina"}]},{"@type":"WebSite","@id":"https:\/\/mon-carre-deco.com\/#website","url":"https:\/\/mon-carre-deco.com\/","name":"Mon Carr\u00e9 D\u00e9co","description":"Mon Carr\u00e9 D&#039;art at Home, vente de tableau Herm\u00e8s, foulard carr\u00e9 Herm\u00e8s encadr\u00e9","publisher":{"@id":"https:\/\/mon-carre-deco.com\/#organization"},"potentialAction":[{"@type":"SearchAction","target":{"@type":"EntryPoint","urlTemplate":"https:\/\/mon-carre-deco.com\/?s={search_term_string}"},"query-input":{"@type":"PropertyValueSpecification","valueRequired":true,"valueName":"search_term_string"}}],"inLanguage":"en-US"},{"@type":"Organization","@id":"https:\/\/mon-carre-deco.com\/#organization","name":"Mon Carr\u00e9 D\u00e9co","url":"https:\/\/mon-carre-deco.com\/","logo":{"@type":"ImageObject","inLanguage":"en-US","@id":"https:\/\/mon-carre-deco.com\/#\/schema\/logo\/image\/","url":"https:\/\/mon-carre-deco.com\/wp-content\/uploads\/2021\/04\/cropped-Logo-mon-carre-deco-2.png","contentUrl":"https:\/\/mon-carre-deco.com\/wp-content\/uploads\/2021\/04\/cropped-Logo-mon-carre-deco-2.png","width":1043,"height":1043,"caption":"Mon Carr\u00e9 D\u00e9co"},"image":{"@id":"https:\/\/mon-carre-deco.com\/#\/schema\/logo\/image\/"}}]}},"_links":{"self":[{"href":"https:\/\/mon-carre-deco.com\/en\/wp-json\/wp\/v2\/product\/4111","targetHints":{"allow":["GET"]}}],"collection":[{"href":"https:\/\/mon-carre-deco.com\/en\/wp-json\/wp\/v2\/product"}],"about":[{"href":"https:\/\/mon-carre-deco.com\/en\/wp-json\/wp\/v2\/types\/product"}],"replies":[{"embeddable":true,"href":"https:\/\/mon-carre-deco.com\/en\/wp-json\/wp\/v2\/comments?post=4111"}],"version-history":[{"count":2,"href":"https:\/\/mon-carre-deco.com\/en\/wp-json\/wp\/v2\/product\/4111\/revisions"}],"predecessor-version":[{"id":4118,"href":"https:\/\/mon-carre-deco.com\/en\/wp-json\/wp\/v2\/product\/4111\/revisions\/4118"}],"wp:featuredmedia":[{"embeddable":true,"href":"https:\/\/mon-carre-deco.com\/en\/wp-json\/wp\/v2\/media\/4113"}],"wp:attachment":[{"href":"https:\/\/mon-carre-deco.com\/en\/wp-json\/wp\/v2\/media?parent=4111"}],"wp:term":[{"taxonomy":"product_brand","embeddable":true,"href":"https:\/\/mon-carre-deco.com\/en\/wp-json\/wp\/v2\/product_brand?post=4111"},{"taxonomy":"product_cat","embeddable":true,"href":"https:\/\/mon-carre-deco.com\/en\/wp-json\/wp\/v2\/product_cat?post=4111"},{"taxonomy":"product_tag","embeddable":true,"href":"https:\/\/mon-carre-deco.com\/en\/wp-json\/wp\/v2\/product_tag?post=4111"}],"curies":[{"name":"wp","href":"https:\/\/api.w.org\/{rel}","templated":true}]}}