{"id":4121,"date":"2023-06-06T18:03:02","date_gmt":"2023-06-06T16:03:02","guid":{"rendered":"https:\/\/mon-carre-deco.com\/?post_type=product&#038;p=4121"},"modified":"2023-06-10T00:06:46","modified_gmt":"2023-06-09T22:06:46","slug":"tableau-carre-hermes-le-monde-du-polo","status":"publish","type":"product","link":"https:\/\/mon-carre-deco.com\/en\/product\/tableau-carre-hermes-le-monde-du-polo\/","title":{"rendered":"Tableau &#8211; Carr\u00e9 Herm\u00e8s Le Monde du Polo"},"content":{"rendered":"<p>\u00ab\u00a0Le Monde du Polo\u00a0\u00bb<\/p>\n<p>\u00c9dit\u00e9 en 1985<\/p>\n<p>Designer <a href=\"http:\/\/www.chantaldecrissey.com\/\">Chantal de Crissey<\/a><\/p>\n<p>N\u00e9e dans le Morvan, artiste autodidacte, peintre animalier, depuis 1978 professionnelle, Chantal de Crissey a r\u00e9alis\u00e9 pour Herm\u00e8s et Lancel des foulards, des cravates et de nombreuses affiches. Cavali\u00e8re pass\u00e9e par SAUMUR.\u00a0 Elle a un amour pour les animaux familiers et domestiques, particuli\u00e8rement pour les dalmatiens. Elle r\u00e9alise toujours des travaux graphiques concernant les animaux, la nature, les sports \u00e0 cheval et le portrait d&rsquo;animaux qui font battre le c\u0153ur de leurs ma\u00eetres.<\/p>\n<p><em>You'll also like<\/em><\/p>\n<figure id=\"attachment_4131\" aria-describedby=\"caption-attachment-4131\" style=\"width: 283px\" class=\"wp-caption alignnone\"><a href=\"https:\/\/www.aubaho.de\/fr\/bronze\/sport\/3746\/statue-polo-joueur-de-bronze-sculpture-figurine-33cm\"><img fetchpriority=\"high\" decoding=\"async\" class=\"wp-image-4131\" src=\"http:\/\/mon-carre-deco.com\/wp-content\/uploads\/2023\/06\/Joueur-de-polo-sculpture-en-bronze.jpg\" alt=\"Joueur-de-polo-sculpture-en-bronze\" width=\"283\" height=\"286\" srcset=\"https:\/\/mon-carre-deco.com\/wp-content\/uploads\/2023\/06\/Joueur-de-polo-sculpture-en-bronze.jpg 592w, https:\/\/mon-carre-deco.com\/wp-content\/uploads\/2023\/06\/Joueur-de-polo-sculpture-en-bronze-297x300.jpg 297w, https:\/\/mon-carre-deco.com\/wp-content\/uploads\/2023\/06\/Joueur-de-polo-sculpture-en-bronze-100x100.jpg 100w\" sizes=\"(max-width: 283px) 100vw, 283px\" \/><\/a><figcaption id=\"caption-attachment-4131\" class=\"wp-caption-text\">Joueur de polo sculpture en bronze<\/figcaption><\/figure>\n<p><strong>\u00a0<\/strong><\/p>\n<p align=\"left\"><span style=\"color: #ffffff; font-family: Verdana, Arial, Helvetica, sans-serif;\"><strong>les sports \u00e0 cheval &#8230;. <\/strong><\/span><\/p>","protected":false},"excerpt":{"rendered":"<p>Ce tableau repr\u00e9sentant des cavaliers de Polo est la d\u00e9coration murale par excellence qui va s\u00e9duire les passionn\u00e9s de ballon \u00e0 cheval. Ses couleurs rouge fuchsia et bleu violine pour un effet Pop Art, rendent ce tableau vivant et apportent du pep&rsquo;s \u00e0 votre int\u00e9rieur. La moulure inox brillant et bross\u00e9 noir lui donne du caract\u00e8re.<\/p>\n<ul>\n<li>Silk<\/li>\n<li>Couleurs dominantes : bleu, rouge, noir, gris<\/li>\n<li>Moulure inox brillant et bross\u00e9 noir<\/li>\n<li>White matting<\/li>\n<li>Verre acrylique de protection<\/li>\n<li>Rear mounting hook<\/li>\n<\/ul>\n<p>Designer <a href=\"http:\/\/www.chantaldecrissey.com\/\">Chantal de Crissey<\/a><\/p>\n<p>&nbsp;<\/p>","protected":false},"featured_media":4138,"comment_status":"open","ping_status":"closed","template":"","meta":{"site-sidebar-layout":"default","site-content-layout":"default","ast-site-content-layout":"","site-content-style":"default","site-sidebar-style":"default","ast-global-header-display":"","ast-banner-title-visibility":"","ast-main-header-display":"","ast-hfb-above-header-display":"","ast-hfb-below-header-display":"","ast-hfb-mobile-header-display":"","site-post-title":"","ast-breadcrumbs-content":"","ast-featured-img":"","footer-sml-layout":"","theme-transparent-header-meta":"default","adv-header-id-meta":"","stick-header-meta":"","header-above-stick-meta":"","header-main-stick-meta":"","header-below-stick-meta":"","astra-migrate-meta-layouts":""},"product_brand":[],"product_cat":[24],"product_tag":[],"class_list":{"0":"post-4121","1":"product","2":"type-product","3":"status-publish","4":"has-post-thumbnail","6":"product_cat-carre-90x90","7":"desktop-align-left","8":"tablet-align-left","9":"mobile-align-left","11":"first","12":"instock","13":"shipping-taxable","14":"product-type-simple"},"yoast_head":"<!-- This site is optimized with the Yoast SEO plugin v25.4 - https:\/\/yoast.com\/wordpress\/plugins\/seo\/ -->\n<title>Tableau - Carr\u00e9 Herm\u00e8s Le Monde du Polo - Mon Carr\u00e9 D\u00e9co<\/title>\n<meta name=\"description\" content=\"Un tableau pour les amateurs de sport \u00e9questre et de Polo. Une id\u00e9e de d\u00e9coration murale pour les cavaliers passionn\u00e9s de ballon \u00e0 cheval.\" \/>\n<meta name=\"robots\" content=\"index, follow, max-snippet:-1, max-image-preview:large, max-video-preview:-1\" \/>\n<link rel=\"canonical\" href=\"https:\/\/mon-carre-deco.com\/en\/product\/tableau-carre-hermes-le-monde-du-polo\/\" \/>\n<meta property=\"og:locale\" content=\"en_US\" \/>\n<meta property=\"og:type\" content=\"article\" \/>\n<meta property=\"og:title\" content=\"Tableau - Carr\u00e9 Herm\u00e8s Le Monde du Polo - Mon Carr\u00e9 D\u00e9co\" \/>\n<meta property=\"og:description\" content=\"Un tableau pour les amateurs de sport \u00e9questre et de Polo. Une id\u00e9e de d\u00e9coration murale pour les cavaliers passionn\u00e9s de ballon \u00e0 cheval.\" \/>\n<meta property=\"og:url\" content=\"https:\/\/mon-carre-deco.com\/en\/product\/tableau-carre-hermes-le-monde-du-polo\/\" \/>\n<meta property=\"og:site_name\" content=\"Mon Carr\u00e9 D\u00e9co\" \/>\n<meta property=\"article:modified_time\" content=\"2023-06-09T22:06:46+00:00\" \/>\n<meta property=\"og:image\" content=\"http:\/\/mon-carre-deco.com\/wp-content\/uploads\/2023\/06\/Tableau-carre-Hermes-Le-monde-du-Polo-de-Chantal-Crissey.jpg\" \/>\n\t<meta property=\"og:image:width\" content=\"691\" \/>\n\t<meta property=\"og:image:height\" content=\"644\" \/>\n\t<meta property=\"og:image:type\" content=\"image\/jpeg\" \/>\n<meta name=\"twitter:card\" content=\"summary_large_image\" \/>\n<meta name=\"twitter:label1\" content=\"Est. reading time\" \/>\n\t<meta name=\"twitter:data1\" content=\"1 minute\" \/>\n<script type=\"application\/ld+json\" class=\"yoast-schema-graph\">{\"@context\":\"https:\/\/schema.org\",\"@graph\":[{\"@type\":\"WebPage\",\"@id\":\"https:\/\/mon-carre-deco.com\/produit\/tableau-carre-hermes-le-monde-du-polo\/\",\"url\":\"https:\/\/mon-carre-deco.com\/produit\/tableau-carre-hermes-le-monde-du-polo\/\",\"name\":\"Tableau - Carr\u00e9 Herm\u00e8s Le Monde du Polo - Mon Carr\u00e9 D\u00e9co\",\"isPartOf\":{\"@id\":\"https:\/\/mon-carre-deco.com\/#website\"},\"primaryImageOfPage\":{\"@id\":\"https:\/\/mon-carre-deco.com\/produit\/tableau-carre-hermes-le-monde-du-polo\/#primaryimage\"},\"image\":{\"@id\":\"https:\/\/mon-carre-deco.com\/produit\/tableau-carre-hermes-le-monde-du-polo\/#primaryimage\"},\"thumbnailUrl\":\"https:\/\/mon-carre-deco.com\/wp-content\/uploads\/2023\/06\/Tableau-carre-Hermes-Le-monde-du-Polo-de-Chantal-Crissey.jpg\",\"datePublished\":\"2023-06-06T16:03:02+00:00\",\"dateModified\":\"2023-06-09T22:06:46+00:00\",\"description\":\"Un tableau pour les amateurs de sport \u00e9questre et de Polo. Une id\u00e9e de d\u00e9coration murale pour les cavaliers passionn\u00e9s de ballon \u00e0 cheval.\",\"breadcrumb\":{\"@id\":\"https:\/\/mon-carre-deco.com\/produit\/tableau-carre-hermes-le-monde-du-polo\/#breadcrumb\"},\"inLanguage\":\"en-US\",\"potentialAction\":[{\"@type\":\"ReadAction\",\"target\":[\"https:\/\/mon-carre-deco.com\/produit\/tableau-carre-hermes-le-monde-du-polo\/\"]}]},{\"@type\":\"ImageObject\",\"inLanguage\":\"en-US\",\"@id\":\"https:\/\/mon-carre-deco.com\/produit\/tableau-carre-hermes-le-monde-du-polo\/#primaryimage\",\"url\":\"https:\/\/mon-carre-deco.com\/wp-content\/uploads\/2023\/06\/Tableau-carre-Hermes-Le-monde-du-Polo-de-Chantal-Crissey.jpg\",\"contentUrl\":\"https:\/\/mon-carre-deco.com\/wp-content\/uploads\/2023\/06\/Tableau-carre-Hermes-Le-monde-du-Polo-de-Chantal-Crissey.jpg\",\"width\":691,\"height\":644,\"caption\":\"Tableau-carre-Hermes-Le-monde-du-Polo-de-Chantal-Crissey\"},{\"@type\":\"BreadcrumbList\",\"@id\":\"https:\/\/mon-carre-deco.com\/produit\/tableau-carre-hermes-le-monde-du-polo\/#breadcrumb\",\"itemListElement\":[{\"@type\":\"ListItem\",\"position\":1,\"name\":\"Accueil\",\"item\":\"https:\/\/mon-carre-deco.com\/\"},{\"@type\":\"ListItem\",\"position\":2,\"name\":\"Tableaux\",\"item\":\"https:\/\/mon-carre-deco.com\/boutique-tableau-hermes\/\"},{\"@type\":\"ListItem\",\"position\":3,\"name\":\"Tableau &#8211; Carr\u00e9 Herm\u00e8s Le Monde du Polo\"}]},{\"@type\":\"WebSite\",\"@id\":\"https:\/\/mon-carre-deco.com\/#website\",\"url\":\"https:\/\/mon-carre-deco.com\/\",\"name\":\"Mon Carr\u00e9 D\u00e9co\",\"description\":\"Mon Carr\u00e9 D&#039;art at Home, vente de tableau Herm\u00e8s, foulard carr\u00e9 Herm\u00e8s encadr\u00e9\",\"publisher\":{\"@id\":\"https:\/\/mon-carre-deco.com\/#organization\"},\"potentialAction\":[{\"@type\":\"SearchAction\",\"target\":{\"@type\":\"EntryPoint\",\"urlTemplate\":\"https:\/\/mon-carre-deco.com\/?s={search_term_string}\"},\"query-input\":{\"@type\":\"PropertyValueSpecification\",\"valueRequired\":true,\"valueName\":\"search_term_string\"}}],\"inLanguage\":\"en-US\"},{\"@type\":\"Organization\",\"@id\":\"https:\/\/mon-carre-deco.com\/#organization\",\"name\":\"Mon Carr\u00e9 D\u00e9co\",\"url\":\"https:\/\/mon-carre-deco.com\/\",\"logo\":{\"@type\":\"ImageObject\",\"inLanguage\":\"en-US\",\"@id\":\"https:\/\/mon-carre-deco.com\/#\/schema\/logo\/image\/\",\"url\":\"https:\/\/mon-carre-deco.com\/wp-content\/uploads\/2021\/04\/cropped-Logo-mon-carre-deco-2.png\",\"contentUrl\":\"https:\/\/mon-carre-deco.com\/wp-content\/uploads\/2021\/04\/cropped-Logo-mon-carre-deco-2.png\",\"width\":1043,\"height\":1043,\"caption\":\"Mon Carr\u00e9 D\u00e9co\"},\"image\":{\"@id\":\"https:\/\/mon-carre-deco.com\/#\/schema\/logo\/image\/\"}}]}<\/script>\n<!-- \/ Yoast SEO plugin. -->","yoast_head_json":{"title":"Tableau - Carr\u00e9 Herm\u00e8s Le Monde du Polo - Mon Carr\u00e9 D\u00e9co","description":"Un tableau pour les amateurs de sport \u00e9questre et de Polo. Une id\u00e9e de d\u00e9coration murale pour les cavaliers passionn\u00e9s de ballon \u00e0 cheval.","robots":{"index":"index","follow":"follow","max-snippet":"max-snippet:-1","max-image-preview":"max-image-preview:large","max-video-preview":"max-video-preview:-1"},"canonical":"https:\/\/mon-carre-deco.com\/en\/product\/tableau-carre-hermes-le-monde-du-polo\/","og_locale":"en_US","og_type":"article","og_title":"Tableau - Carr\u00e9 Herm\u00e8s Le Monde du Polo - Mon Carr\u00e9 D\u00e9co","og_description":"Un tableau pour les amateurs de sport \u00e9questre et de Polo. Une id\u00e9e de d\u00e9coration murale pour les cavaliers passionn\u00e9s de ballon \u00e0 cheval.","og_url":"https:\/\/mon-carre-deco.com\/en\/product\/tableau-carre-hermes-le-monde-du-polo\/","og_site_name":"Mon Carr\u00e9 D\u00e9co","article_modified_time":"2023-06-09T22:06:46+00:00","og_image":[{"width":691,"height":644,"url":"http:\/\/mon-carre-deco.com\/wp-content\/uploads\/2023\/06\/Tableau-carre-Hermes-Le-monde-du-Polo-de-Chantal-Crissey.jpg","type":"image\/jpeg"}],"twitter_card":"summary_large_image","twitter_misc":{"Est. reading time":"1 minute"},"schema":{"@context":"https:\/\/schema.org","@graph":[{"@type":"WebPage","@id":"https:\/\/mon-carre-deco.com\/produit\/tableau-carre-hermes-le-monde-du-polo\/","url":"https:\/\/mon-carre-deco.com\/produit\/tableau-carre-hermes-le-monde-du-polo\/","name":"Tableau - Carr\u00e9 Herm\u00e8s Le Monde du Polo - Mon Carr\u00e9 D\u00e9co","isPartOf":{"@id":"https:\/\/mon-carre-deco.com\/#website"},"primaryImageOfPage":{"@id":"https:\/\/mon-carre-deco.com\/produit\/tableau-carre-hermes-le-monde-du-polo\/#primaryimage"},"image":{"@id":"https:\/\/mon-carre-deco.com\/produit\/tableau-carre-hermes-le-monde-du-polo\/#primaryimage"},"thumbnailUrl":"https:\/\/mon-carre-deco.com\/wp-content\/uploads\/2023\/06\/Tableau-carre-Hermes-Le-monde-du-Polo-de-Chantal-Crissey.jpg","datePublished":"2023-06-06T16:03:02+00:00","dateModified":"2023-06-09T22:06:46+00:00","description":"Un tableau pour les amateurs de sport \u00e9questre et de Polo. Une id\u00e9e de d\u00e9coration murale pour les cavaliers passionn\u00e9s de ballon \u00e0 cheval.","breadcrumb":{"@id":"https:\/\/mon-carre-deco.com\/produit\/tableau-carre-hermes-le-monde-du-polo\/#breadcrumb"},"inLanguage":"en-US","potentialAction":[{"@type":"ReadAction","target":["https:\/\/mon-carre-deco.com\/produit\/tableau-carre-hermes-le-monde-du-polo\/"]}]},{"@type":"ImageObject","inLanguage":"en-US","@id":"https:\/\/mon-carre-deco.com\/produit\/tableau-carre-hermes-le-monde-du-polo\/#primaryimage","url":"https:\/\/mon-carre-deco.com\/wp-content\/uploads\/2023\/06\/Tableau-carre-Hermes-Le-monde-du-Polo-de-Chantal-Crissey.jpg","contentUrl":"https:\/\/mon-carre-deco.com\/wp-content\/uploads\/2023\/06\/Tableau-carre-Hermes-Le-monde-du-Polo-de-Chantal-Crissey.jpg","width":691,"height":644,"caption":"Tableau-carre-Hermes-Le-monde-du-Polo-de-Chantal-Crissey"},{"@type":"BreadcrumbList","@id":"https:\/\/mon-carre-deco.com\/produit\/tableau-carre-hermes-le-monde-du-polo\/#breadcrumb","itemListElement":[{"@type":"ListItem","position":1,"name":"Accueil","item":"https:\/\/mon-carre-deco.com\/"},{"@type":"ListItem","position":2,"name":"Tableaux","item":"https:\/\/mon-carre-deco.com\/boutique-tableau-hermes\/"},{"@type":"ListItem","position":3,"name":"Tableau &#8211; Carr\u00e9 Herm\u00e8s Le Monde du Polo"}]},{"@type":"WebSite","@id":"https:\/\/mon-carre-deco.com\/#website","url":"https:\/\/mon-carre-deco.com\/","name":"Mon Carr\u00e9 D\u00e9co","description":"Mon Carr\u00e9 D&#039;art at Home, vente de tableau Herm\u00e8s, foulard carr\u00e9 Herm\u00e8s encadr\u00e9","publisher":{"@id":"https:\/\/mon-carre-deco.com\/#organization"},"potentialAction":[{"@type":"SearchAction","target":{"@type":"EntryPoint","urlTemplate":"https:\/\/mon-carre-deco.com\/?s={search_term_string}"},"query-input":{"@type":"PropertyValueSpecification","valueRequired":true,"valueName":"search_term_string"}}],"inLanguage":"en-US"},{"@type":"Organization","@id":"https:\/\/mon-carre-deco.com\/#organization","name":"Mon Carr\u00e9 D\u00e9co","url":"https:\/\/mon-carre-deco.com\/","logo":{"@type":"ImageObject","inLanguage":"en-US","@id":"https:\/\/mon-carre-deco.com\/#\/schema\/logo\/image\/","url":"https:\/\/mon-carre-deco.com\/wp-content\/uploads\/2021\/04\/cropped-Logo-mon-carre-deco-2.png","contentUrl":"https:\/\/mon-carre-deco.com\/wp-content\/uploads\/2021\/04\/cropped-Logo-mon-carre-deco-2.png","width":1043,"height":1043,"caption":"Mon Carr\u00e9 D\u00e9co"},"image":{"@id":"https:\/\/mon-carre-deco.com\/#\/schema\/logo\/image\/"}}]}},"_links":{"self":[{"href":"https:\/\/mon-carre-deco.com\/en\/wp-json\/wp\/v2\/product\/4121","targetHints":{"allow":["GET"]}}],"collection":[{"href":"https:\/\/mon-carre-deco.com\/en\/wp-json\/wp\/v2\/product"}],"about":[{"href":"https:\/\/mon-carre-deco.com\/en\/wp-json\/wp\/v2\/types\/product"}],"replies":[{"embeddable":true,"href":"https:\/\/mon-carre-deco.com\/en\/wp-json\/wp\/v2\/comments?post=4121"}],"version-history":[{"count":10,"href":"https:\/\/mon-carre-deco.com\/en\/wp-json\/wp\/v2\/product\/4121\/revisions"}],"predecessor-version":[{"id":4127,"href":"https:\/\/mon-carre-deco.com\/en\/wp-json\/wp\/v2\/product\/4121\/revisions\/4127"}],"wp:featuredmedia":[{"embeddable":true,"href":"https:\/\/mon-carre-deco.com\/en\/wp-json\/wp\/v2\/media\/4138"}],"wp:attachment":[{"href":"https:\/\/mon-carre-deco.com\/en\/wp-json\/wp\/v2\/media?parent=4121"}],"wp:term":[{"taxonomy":"product_brand","embeddable":true,"href":"https:\/\/mon-carre-deco.com\/en\/wp-json\/wp\/v2\/product_brand?post=4121"},{"taxonomy":"product_cat","embeddable":true,"href":"https:\/\/mon-carre-deco.com\/en\/wp-json\/wp\/v2\/product_cat?post=4121"},{"taxonomy":"product_tag","embeddable":true,"href":"https:\/\/mon-carre-deco.com\/en\/wp-json\/wp\/v2\/product_tag?post=4121"}],"curies":[{"name":"wp","href":"https:\/\/api.w.org\/{rel}","templated":true}]}}