{"id":4149,"date":"2023-10-29T18:33:52","date_gmt":"2023-10-29T17:33:52","guid":{"rendered":"https:\/\/mon-carre-deco.com\/?post_type=product&#038;p=4149"},"modified":"2025-06-21T16:47:47","modified_gmt":"2025-06-21T14:47:47","slug":"tableau-carre-hermes-axis-mundi-bleu-ciel-orange","status":"publish","type":"product","link":"https:\/\/mon-carre-deco.com\/en\/product\/tableau-carre-hermes-axis-mundi-bleu-ciel-orange\/","title":{"rendered":"Tableau &#8211; Carr\u00e9 Herm\u00e8s Axis Mundi"},"content":{"rendered":"<p>\u00ab\u00a0<a href=\"http:\/\/www.christinehenry.fr\/carre-axismundi.html\">Axis Mundi<\/a> \u00a0\u00bb<\/p>\n<p>Edited in 1999 and 2003<\/p>\n<p>Designer <a href=\"https:\/\/christinehenry.fr\/presentation\">Christine Henry<\/a><\/p>\n<p>After obtaining a degree in Fine Arts and taking courses in rough, Christine Henry\nproduced illustrations for the press, then for book publishers in various fields. Attracted by\ncomputer work, she followed a professional training to become a PAO\/DAO model maker.\nThis activity, exercised for four years, allowed him to create logos, advertisements for\nmerchants and companies, and create book layouts. Despite the diversity of this activity,\nhe missed the exercise of traditional drawing and painting. For two years Christine Henry\nprepared an exhibition which brought together tempera painting on wood, drawings in\ncolored ink or with dry pastels on paper.<\/p>\n<p>Following this exhibition and after having contacted the Herm\u00e8s company in Paris, the\nartist has been working freelance for this company since 1995, creating designs for silk\nsquares, for the decoration of ashtrays and empty-pockets, as well as designs for enamel\nbracelets. His sources of inspiration are mainly tales and legends from around the world,\nMythology and also the symbolism linked to the representation of animals and plants in\ndifferent civilizations, ancient or recent.<\/p>\n<p><em>You'll also like<\/em><\/p>\n<blockquote>\n<figure id=\"attachment_2507\" aria-describedby=\"caption-attachment-2507\" style=\"width: 151px\" class=\"wp-caption alignnone\"><a href=\"https:\/\/fr.arthusbertrand.com\/galet-arbre-de-vie-relief-or-jaune-18-carats-16-mm-sable-frappe-mince-j9405x0000\"><img decoding=\"async\" class=\"wp-image-2507\" src=\"http:\/\/mon-carre-deco.com\/wp-content\/uploads\/2021\/12\/Galet-Arbre-de-Vie-Arthus-Bertrand.jpg\" alt=\"Galet Arbre de Vie - Arthus Bertrand\" width=\"151\" height=\"175\" srcset=\"https:\/\/mon-carre-deco.com\/wp-content\/uploads\/2021\/12\/Galet-Arbre-de-Vie-Arthus-Bertrand.jpg 673w, https:\/\/mon-carre-deco.com\/wp-content\/uploads\/2021\/12\/Galet-Arbre-de-Vie-Arthus-Bertrand-260x300.jpg 260w, https:\/\/mon-carre-deco.com\/wp-content\/uploads\/2021\/12\/Galet-Arbre-de-Vie-Arthus-Bertrand-600x694.jpg 600w\" sizes=\"(max-width: 151px) 100vw, 151px\" \/><\/a><figcaption id=\"caption-attachment-2507\" class=\"wp-caption-text\">Galet Arbre de Vie &#8211; Arthus Bertrand<\/figcaption><\/figure><\/blockquote>\n<p>&nbsp;<\/p>","protected":false},"excerpt":{"rendered":"<p>This painting is a wall decoration rich in details. The source of inspiration for the drawings\nare tales and legends from around the world, mythology and also the symbolism linked to\nthe representation of animals and plants in different civilizations, ancient or recent. The\ncentral element, the axis around which the world revolves, is represented by the oak, king\nof trees, whose sap rises like a song from the earth to which the murmur of the winds\nresponds. Around him is the round of the seasons: spring with lyre accents, summer with a thousand buzzing suns, autumn heavy with all its abundance and winter which strips itself\nunder the control of Janus, god with two faces, one of which looks towards the future\nwhere the promise of renewal shimmers.<\/p>\n<ul>\n<li style=\"list-style-type: none;\">\n<ul>\n<li>Silk<\/li>\n<li>Dominant colors: sky blue, gold, green, yellow, orange<\/li>\n<li>Brushed gold moulding, anthracite grey border<\/li>\n<li>White matting<\/li>\n<li>UV-resistant glass \u2265 99<\/li>\n<li>Rear mounting hook<\/li>\n<\/ul>\n<\/li>\n<\/ul>\n<p>Designer : <a href=\"https:\/\/christinehenry.fr\/presentation\">Christine Henry<\/a><\/p>","protected":false},"featured_media":4163,"comment_status":"open","ping_status":"closed","template":"","meta":{"site-sidebar-layout":"default","site-content-layout":"default","ast-site-content-layout":"default","site-content-style":"default","site-sidebar-style":"default","ast-global-header-display":"","ast-banner-title-visibility":"","ast-main-header-display":"","ast-hfb-above-header-display":"","ast-hfb-below-header-display":"","ast-hfb-mobile-header-display":"","site-post-title":"","ast-breadcrumbs-content":"","ast-featured-img":"","footer-sml-layout":"","theme-transparent-header-meta":"default","adv-header-id-meta":"","stick-header-meta":"","header-above-stick-meta":"","header-main-stick-meta":"","header-below-stick-meta":"","astra-migrate-meta-layouts":"set"},"product_brand":[],"product_cat":[24],"product_tag":[],"class_list":{"0":"post-4149","1":"product","2":"type-product","3":"status-publish","4":"has-post-thumbnail","6":"product_cat-carre-90x90","7":"desktop-align-left","8":"tablet-align-left","9":"mobile-align-left","11":"first","12":"instock","13":"sold-individually","14":"shipping-taxable","15":"product-type-simple"},"yoast_head":"<!-- This site is optimized with the Yoast SEO plugin v25.4 - https:\/\/yoast.com\/wordpress\/plugins\/seo\/ -->\n<title>Tableau - Carr\u00e9 Herm\u00e8s Axis Mundi - Mon Carr\u00e9 D\u00e9co<\/title>\n<meta name=\"description\" content=\"Tableau d&#039;un carr\u00e9 Herm\u00e8s Axis Mundi dessin\u00e9 par Christine Henry. Arbre de vie, arbre monde, le ch\u00eane, roi des arbres dont la s\u00e8ve monte comme un chant de la terre\" \/>\n<meta name=\"robots\" content=\"index, follow, max-snippet:-1, max-image-preview:large, max-video-preview:-1\" \/>\n<link rel=\"canonical\" href=\"https:\/\/mon-carre-deco.com\/en\/product\/tableau-carre-hermes-axis-mundi-bleu-ciel-orange\/\" \/>\n<meta property=\"og:locale\" content=\"en_US\" \/>\n<meta property=\"og:type\" content=\"article\" \/>\n<meta property=\"og:title\" content=\"Tableau - Carr\u00e9 Herm\u00e8s Axis Mundi - Mon Carr\u00e9 D\u00e9co\" \/>\n<meta property=\"og:description\" content=\"Tableau d&#039;un carr\u00e9 Herm\u00e8s Axis Mundi dessin\u00e9 par Christine Henry. Arbre de vie, arbre monde, le ch\u00eane, roi des arbres dont la s\u00e8ve monte comme un chant de la terre\" \/>\n<meta property=\"og:url\" content=\"https:\/\/mon-carre-deco.com\/en\/product\/tableau-carre-hermes-axis-mundi-bleu-ciel-orange\/\" \/>\n<meta property=\"og:site_name\" content=\"Mon Carr\u00e9 D\u00e9co\" \/>\n<meta property=\"article:modified_time\" content=\"2025-06-21T14:47:47+00:00\" \/>\n<meta property=\"og:image\" content=\"http:\/\/mon-carre-deco.com\/wp-content\/uploads\/2023\/10\/Tableau-Hermes-Axis-Mundi-de-Christine-Henry-bleu-et-orange-moulure-bois-dore-1.jpg\" \/>\n\t<meta property=\"og:image:width\" content=\"786\" \/>\n\t<meta property=\"og:image:height\" content=\"732\" \/>\n\t<meta property=\"og:image:type\" content=\"image\/jpeg\" \/>\n<meta name=\"twitter:card\" content=\"summary_large_image\" \/>\n<meta name=\"twitter:label1\" content=\"Est. reading time\" \/>\n\t<meta name=\"twitter:data1\" content=\"2 minutes\" \/>\n<script type=\"application\/ld+json\" class=\"yoast-schema-graph\">{\"@context\":\"https:\/\/schema.org\",\"@graph\":[{\"@type\":\"WebPage\",\"@id\":\"https:\/\/mon-carre-deco.com\/produit\/tableau-carre-hermes-axis-mundi-bleu-ciel-orange\/\",\"url\":\"https:\/\/mon-carre-deco.com\/produit\/tableau-carre-hermes-axis-mundi-bleu-ciel-orange\/\",\"name\":\"Tableau - Carr\u00e9 Herm\u00e8s Axis Mundi - Mon Carr\u00e9 D\u00e9co\",\"isPartOf\":{\"@id\":\"https:\/\/mon-carre-deco.com\/#website\"},\"primaryImageOfPage\":{\"@id\":\"https:\/\/mon-carre-deco.com\/produit\/tableau-carre-hermes-axis-mundi-bleu-ciel-orange\/#primaryimage\"},\"image\":{\"@id\":\"https:\/\/mon-carre-deco.com\/produit\/tableau-carre-hermes-axis-mundi-bleu-ciel-orange\/#primaryimage\"},\"thumbnailUrl\":\"https:\/\/mon-carre-deco.com\/wp-content\/uploads\/2023\/10\/Tableau-Hermes-Axis-Mundi-de-Christine-Henry-bleu-et-orange-moulure-bois-dore-1.jpg\",\"datePublished\":\"2023-10-29T17:33:52+00:00\",\"dateModified\":\"2025-06-21T14:47:47+00:00\",\"description\":\"Tableau d'un carr\u00e9 Herm\u00e8s Axis Mundi dessin\u00e9 par Christine Henry. Arbre de vie, arbre monde, le ch\u00eane, roi des arbres dont la s\u00e8ve monte comme un chant de la terre\",\"breadcrumb\":{\"@id\":\"https:\/\/mon-carre-deco.com\/produit\/tableau-carre-hermes-axis-mundi-bleu-ciel-orange\/#breadcrumb\"},\"inLanguage\":\"en-US\",\"potentialAction\":[{\"@type\":\"ReadAction\",\"target\":[\"https:\/\/mon-carre-deco.com\/produit\/tableau-carre-hermes-axis-mundi-bleu-ciel-orange\/\"]}]},{\"@type\":\"ImageObject\",\"inLanguage\":\"en-US\",\"@id\":\"https:\/\/mon-carre-deco.com\/produit\/tableau-carre-hermes-axis-mundi-bleu-ciel-orange\/#primaryimage\",\"url\":\"https:\/\/mon-carre-deco.com\/wp-content\/uploads\/2023\/10\/Tableau-Hermes-Axis-Mundi-de-Christine-Henry-bleu-et-orange-moulure-bois-dore-1.jpg\",\"contentUrl\":\"https:\/\/mon-carre-deco.com\/wp-content\/uploads\/2023\/10\/Tableau-Hermes-Axis-Mundi-de-Christine-Henry-bleu-et-orange-moulure-bois-dore-1.jpg\",\"width\":786,\"height\":732,\"caption\":\"Tableau-Hermes-Axis-Mundi-de-Christine-Henry-bleu-et-orange-moulure-bois-dore-\"},{\"@type\":\"BreadcrumbList\",\"@id\":\"https:\/\/mon-carre-deco.com\/produit\/tableau-carre-hermes-axis-mundi-bleu-ciel-orange\/#breadcrumb\",\"itemListElement\":[{\"@type\":\"ListItem\",\"position\":1,\"name\":\"Accueil\",\"item\":\"https:\/\/mon-carre-deco.com\/\"},{\"@type\":\"ListItem\",\"position\":2,\"name\":\"Tableaux\",\"item\":\"https:\/\/mon-carre-deco.com\/boutique-tableau-hermes\/\"},{\"@type\":\"ListItem\",\"position\":3,\"name\":\"Tableau &#8211; Carr\u00e9 Herm\u00e8s Axis Mundi\"}]},{\"@type\":\"WebSite\",\"@id\":\"https:\/\/mon-carre-deco.com\/#website\",\"url\":\"https:\/\/mon-carre-deco.com\/\",\"name\":\"Mon Carr\u00e9 D\u00e9co\",\"description\":\"Mon Carr\u00e9 D&#039;art at Home, vente de tableau Herm\u00e8s, foulard carr\u00e9 Herm\u00e8s encadr\u00e9\",\"publisher\":{\"@id\":\"https:\/\/mon-carre-deco.com\/#organization\"},\"potentialAction\":[{\"@type\":\"SearchAction\",\"target\":{\"@type\":\"EntryPoint\",\"urlTemplate\":\"https:\/\/mon-carre-deco.com\/?s={search_term_string}\"},\"query-input\":{\"@type\":\"PropertyValueSpecification\",\"valueRequired\":true,\"valueName\":\"search_term_string\"}}],\"inLanguage\":\"en-US\"},{\"@type\":\"Organization\",\"@id\":\"https:\/\/mon-carre-deco.com\/#organization\",\"name\":\"Mon Carr\u00e9 D\u00e9co\",\"url\":\"https:\/\/mon-carre-deco.com\/\",\"logo\":{\"@type\":\"ImageObject\",\"inLanguage\":\"en-US\",\"@id\":\"https:\/\/mon-carre-deco.com\/#\/schema\/logo\/image\/\",\"url\":\"https:\/\/mon-carre-deco.com\/wp-content\/uploads\/2021\/04\/cropped-Logo-mon-carre-deco-2.png\",\"contentUrl\":\"https:\/\/mon-carre-deco.com\/wp-content\/uploads\/2021\/04\/cropped-Logo-mon-carre-deco-2.png\",\"width\":1043,\"height\":1043,\"caption\":\"Mon Carr\u00e9 D\u00e9co\"},\"image\":{\"@id\":\"https:\/\/mon-carre-deco.com\/#\/schema\/logo\/image\/\"}}]}<\/script>\n<!-- \/ Yoast SEO plugin. -->","yoast_head_json":{"title":"Tableau - Carr\u00e9 Herm\u00e8s Axis Mundi - Mon Carr\u00e9 D\u00e9co","description":"Tableau d'un carr\u00e9 Herm\u00e8s Axis Mundi dessin\u00e9 par Christine Henry. Arbre de vie, arbre monde, le ch\u00eane, roi des arbres dont la s\u00e8ve monte comme un chant de la terre","robots":{"index":"index","follow":"follow","max-snippet":"max-snippet:-1","max-image-preview":"max-image-preview:large","max-video-preview":"max-video-preview:-1"},"canonical":"https:\/\/mon-carre-deco.com\/en\/product\/tableau-carre-hermes-axis-mundi-bleu-ciel-orange\/","og_locale":"en_US","og_type":"article","og_title":"Tableau - Carr\u00e9 Herm\u00e8s Axis Mundi - Mon Carr\u00e9 D\u00e9co","og_description":"Tableau d'un carr\u00e9 Herm\u00e8s Axis Mundi dessin\u00e9 par Christine Henry. Arbre de vie, arbre monde, le ch\u00eane, roi des arbres dont la s\u00e8ve monte comme un chant de la terre","og_url":"https:\/\/mon-carre-deco.com\/en\/product\/tableau-carre-hermes-axis-mundi-bleu-ciel-orange\/","og_site_name":"Mon Carr\u00e9 D\u00e9co","article_modified_time":"2025-06-21T14:47:47+00:00","og_image":[{"width":786,"height":732,"url":"http:\/\/mon-carre-deco.com\/wp-content\/uploads\/2023\/10\/Tableau-Hermes-Axis-Mundi-de-Christine-Henry-bleu-et-orange-moulure-bois-dore-1.jpg","type":"image\/jpeg"}],"twitter_card":"summary_large_image","twitter_misc":{"Est. reading time":"2 minutes"},"schema":{"@context":"https:\/\/schema.org","@graph":[{"@type":"WebPage","@id":"https:\/\/mon-carre-deco.com\/produit\/tableau-carre-hermes-axis-mundi-bleu-ciel-orange\/","url":"https:\/\/mon-carre-deco.com\/produit\/tableau-carre-hermes-axis-mundi-bleu-ciel-orange\/","name":"Tableau - Carr\u00e9 Herm\u00e8s Axis Mundi - Mon Carr\u00e9 D\u00e9co","isPartOf":{"@id":"https:\/\/mon-carre-deco.com\/#website"},"primaryImageOfPage":{"@id":"https:\/\/mon-carre-deco.com\/produit\/tableau-carre-hermes-axis-mundi-bleu-ciel-orange\/#primaryimage"},"image":{"@id":"https:\/\/mon-carre-deco.com\/produit\/tableau-carre-hermes-axis-mundi-bleu-ciel-orange\/#primaryimage"},"thumbnailUrl":"https:\/\/mon-carre-deco.com\/wp-content\/uploads\/2023\/10\/Tableau-Hermes-Axis-Mundi-de-Christine-Henry-bleu-et-orange-moulure-bois-dore-1.jpg","datePublished":"2023-10-29T17:33:52+00:00","dateModified":"2025-06-21T14:47:47+00:00","description":"Tableau d'un carr\u00e9 Herm\u00e8s Axis Mundi dessin\u00e9 par Christine Henry. Arbre de vie, arbre monde, le ch\u00eane, roi des arbres dont la s\u00e8ve monte comme un chant de la terre","breadcrumb":{"@id":"https:\/\/mon-carre-deco.com\/produit\/tableau-carre-hermes-axis-mundi-bleu-ciel-orange\/#breadcrumb"},"inLanguage":"en-US","potentialAction":[{"@type":"ReadAction","target":["https:\/\/mon-carre-deco.com\/produit\/tableau-carre-hermes-axis-mundi-bleu-ciel-orange\/"]}]},{"@type":"ImageObject","inLanguage":"en-US","@id":"https:\/\/mon-carre-deco.com\/produit\/tableau-carre-hermes-axis-mundi-bleu-ciel-orange\/#primaryimage","url":"https:\/\/mon-carre-deco.com\/wp-content\/uploads\/2023\/10\/Tableau-Hermes-Axis-Mundi-de-Christine-Henry-bleu-et-orange-moulure-bois-dore-1.jpg","contentUrl":"https:\/\/mon-carre-deco.com\/wp-content\/uploads\/2023\/10\/Tableau-Hermes-Axis-Mundi-de-Christine-Henry-bleu-et-orange-moulure-bois-dore-1.jpg","width":786,"height":732,"caption":"Tableau-Hermes-Axis-Mundi-de-Christine-Henry-bleu-et-orange-moulure-bois-dore-"},{"@type":"BreadcrumbList","@id":"https:\/\/mon-carre-deco.com\/produit\/tableau-carre-hermes-axis-mundi-bleu-ciel-orange\/#breadcrumb","itemListElement":[{"@type":"ListItem","position":1,"name":"Accueil","item":"https:\/\/mon-carre-deco.com\/"},{"@type":"ListItem","position":2,"name":"Tableaux","item":"https:\/\/mon-carre-deco.com\/boutique-tableau-hermes\/"},{"@type":"ListItem","position":3,"name":"Tableau &#8211; Carr\u00e9 Herm\u00e8s Axis Mundi"}]},{"@type":"WebSite","@id":"https:\/\/mon-carre-deco.com\/#website","url":"https:\/\/mon-carre-deco.com\/","name":"Mon Carr\u00e9 D\u00e9co","description":"Mon Carr\u00e9 D&#039;art at Home, vente de tableau Herm\u00e8s, foulard carr\u00e9 Herm\u00e8s encadr\u00e9","publisher":{"@id":"https:\/\/mon-carre-deco.com\/#organization"},"potentialAction":[{"@type":"SearchAction","target":{"@type":"EntryPoint","urlTemplate":"https:\/\/mon-carre-deco.com\/?s={search_term_string}"},"query-input":{"@type":"PropertyValueSpecification","valueRequired":true,"valueName":"search_term_string"}}],"inLanguage":"en-US"},{"@type":"Organization","@id":"https:\/\/mon-carre-deco.com\/#organization","name":"Mon Carr\u00e9 D\u00e9co","url":"https:\/\/mon-carre-deco.com\/","logo":{"@type":"ImageObject","inLanguage":"en-US","@id":"https:\/\/mon-carre-deco.com\/#\/schema\/logo\/image\/","url":"https:\/\/mon-carre-deco.com\/wp-content\/uploads\/2021\/04\/cropped-Logo-mon-carre-deco-2.png","contentUrl":"https:\/\/mon-carre-deco.com\/wp-content\/uploads\/2021\/04\/cropped-Logo-mon-carre-deco-2.png","width":1043,"height":1043,"caption":"Mon Carr\u00e9 D\u00e9co"},"image":{"@id":"https:\/\/mon-carre-deco.com\/#\/schema\/logo\/image\/"}}]}},"_links":{"self":[{"href":"https:\/\/mon-carre-deco.com\/en\/wp-json\/wp\/v2\/product\/4149","targetHints":{"allow":["GET"]}}],"collection":[{"href":"https:\/\/mon-carre-deco.com\/en\/wp-json\/wp\/v2\/product"}],"about":[{"href":"https:\/\/mon-carre-deco.com\/en\/wp-json\/wp\/v2\/types\/product"}],"replies":[{"embeddable":true,"href":"https:\/\/mon-carre-deco.com\/en\/wp-json\/wp\/v2\/comments?post=4149"}],"version-history":[{"count":8,"href":"https:\/\/mon-carre-deco.com\/en\/wp-json\/wp\/v2\/product\/4149\/revisions"}],"predecessor-version":[{"id":4156,"href":"https:\/\/mon-carre-deco.com\/en\/wp-json\/wp\/v2\/product\/4149\/revisions\/4156"}],"wp:featuredmedia":[{"embeddable":true,"href":"https:\/\/mon-carre-deco.com\/en\/wp-json\/wp\/v2\/media\/4163"}],"wp:attachment":[{"href":"https:\/\/mon-carre-deco.com\/en\/wp-json\/wp\/v2\/media?parent=4149"}],"wp:term":[{"taxonomy":"product_brand","embeddable":true,"href":"https:\/\/mon-carre-deco.com\/en\/wp-json\/wp\/v2\/product_brand?post=4149"},{"taxonomy":"product_cat","embeddable":true,"href":"https:\/\/mon-carre-deco.com\/en\/wp-json\/wp\/v2\/product_cat?post=4149"},{"taxonomy":"product_tag","embeddable":true,"href":"https:\/\/mon-carre-deco.com\/en\/wp-json\/wp\/v2\/product_tag?post=4149"}],"curies":[{"name":"wp","href":"https:\/\/api.w.org\/{rel}","templated":true}]}}