{"id":4159,"date":"2023-10-30T18:03:56","date_gmt":"2023-10-30T17:03:56","guid":{"rendered":"https:\/\/mon-carre-deco.com\/?post_type=product&#038;p=4159"},"modified":"2025-05-06T09:47:46","modified_gmt":"2025-05-06T07:47:46","slug":"tableau-carre-hermes-aux-pays-des-epices","status":"publish","type":"product","link":"https:\/\/mon-carre-deco.com\/en\/product\/tableau-carre-hermes-aux-pays-des-epices\/","title":{"rendered":"Tableau &#8211; Carr\u00e9 Herm\u00e8s Aux Pays des \u00c9pices"},"content":{"rendered":"<p>\u00ab\u00a0Aux Pays des \u00c9pices\u00a0\u00bb<\/p>\n<p>\u00c9dit\u00e9 la premi\u00e8re fois en 2001, r\u00e9\u00e9dit\u00e9 en 2008<\/p>\n<p>Designer Annie Faivre<\/p>\n<p>Annie Faivre est une artiste fran\u00e7aise, qui a cr\u00e9\u00e9 de nombreux carr\u00e9s pour la Maison Herm\u00e8s. Elle a b\u00e2ti sa r\u00e9putation sur son style unique, imm\u00e9diatement reconnaissable et d\u00e9sormais appr\u00e9ci\u00e9 par beaucoup. Son association avec la Maison de Mode a commenc\u00e9 en 1979. Elle a une grand nombre de fans fid\u00e8les dans le monde entier. Elle a une fa\u00e7on unique de repr\u00e9senter la r\u00e9alit\u00e9.<\/p>\n<p>Exotisme intense, dessins minutieux et narrativit\u00e9 plurielle, ce sont des \u00e9l\u00e9ments de coh\u00e9rence qui nous permettent de rep\u00e9rer des carr\u00e9s d&rsquo;Annie Faivre. N\u00e9es davantage de la sym\u00e9trie et de la r\u00e9p\u00e9tition, ses d\u00e9tails rappellent de belles sculptures mauresques complexes. La conception de ses \u0153uvres s\u2019appuie sur une vaste documentation et demande une m\u00fbre r\u00e9flexion. En cristallisant ainsi sa pens\u00e9e, Annie introduit dans son tableau comme l\u2019\u00e9glise gothique la dimension symbolique, qui peut \u00e9veiller nos souvenirs. L\u2019accumulation de d\u00e9tails structure m\u00e9ticuleusement son dessin. Puis la couleur pare l\u2019ensemble et le tableau se transforme en somptueux carr\u00e9.<\/p>\n<p>Sans oublier une touche d&rsquo;humour, Annie glisse dans chaque \u0153uvre son signe astrologique chinois, un singe, symbole de bonheur. Un message tr\u00e8s personnel de l&rsquo;artiste et souvent difficilement d\u00e9celable !<\/p>","protected":false},"excerpt":{"rendered":"<p>Une d\u00e9coration murale \u00e0 la gloire des aventuriers, des explorateurs qui conquirent les \u00e9pices par-del\u00e0 des horizons pour les rapporter \u00e0 nos rois et \u00e0 nos cuisiniers. Pourtant elle n&rsquo;est pas sans rappeler La roue du Dharma ou roue de la Loi, un symbole porte-bonheur puissant. Cette roue contient \u00e0 elle seule les enseignements les plus importants de Bouddha et la mani\u00e8re de progresser sur son sentier spirituel gr\u00e2ce \u00e0 la loi karmique. Rejet des souffrances, abn\u00e9gation et d\u00e9votion : tout cela est enseign\u00e9 par le dharmachakra. Aujourd\u2019hui, c\u2019est un symbole de rassemblement et de foi pour les Bouddhistes \u00e0 travers le monde. Dans l\u2019Hindouisme elle repr\u00e9sente un \u00ab embl\u00e8me solaire \u00bb offert \u00e0 l\u2019humanit\u00e9 par la d\u00e9esse Surya.<\/p>\n<ul>\n<li style=\"list-style-type: none;\">\n<ul>\n<li>Silk<\/li>\n<li>Couleurs dominantes : bleu, beige, rouge, or<\/li>\n<li>Moulure en bois naturel<\/li>\n<li>White matting<\/li>\n<li>UV-resistant glass \u2265 99<\/li>\n<li>Rear mounting hook<\/li>\n<\/ul>\n<\/li>\n<\/ul>\n<p>Designer : Annie Faivre<\/p>","protected":false},"featured_media":4162,"comment_status":"closed","ping_status":"closed","template":"","meta":{"site-sidebar-layout":"default","site-content-layout":"","ast-site-content-layout":"default","site-content-style":"default","site-sidebar-style":"default","ast-global-header-display":"","ast-banner-title-visibility":"","ast-main-header-display":"","ast-hfb-above-header-display":"","ast-hfb-below-header-display":"","ast-hfb-mobile-header-display":"","site-post-title":"","ast-breadcrumbs-content":"","ast-featured-img":"","footer-sml-layout":"","theme-transparent-header-meta":"default","adv-header-id-meta":"","stick-header-meta":"","header-above-stick-meta":"","header-main-stick-meta":"","header-below-stick-meta":"","astra-migrate-meta-layouts":"set"},"product_brand":[],"product_cat":[24],"product_tag":[],"class_list":{"0":"post-4159","1":"product","2":"type-product","3":"status-publish","4":"has-post-thumbnail","6":"product_cat-carre-90x90","7":"desktop-align-left","8":"tablet-align-left","9":"mobile-align-left","11":"first","12":"instock","13":"shipping-taxable","14":"product-type-simple"},"yoast_head":"<!-- This site is optimized with the Yoast SEO plugin v25.4 - https:\/\/yoast.com\/wordpress\/plugins\/seo\/ -->\n<title>Tableau - Carr\u00e9 Herm\u00e8s Aux Pays des \u00c9pices - Mon Carr\u00e9 D\u00e9co<\/title>\n<meta name=\"description\" content=\"La roue du Dharma, un symbole porte-bonheur puissant. Cette roue contient \u00e0 elle seule les enseignements les plus importants de Bouddha et la mani\u00e8re de progresser sur son sentier spirituel gr\u00e2ce \u00e0 la loi karmique. Rejet des souffrances, abn\u00e9gation et d\u00e9votion : tout cela est enseign\u00e9 par le dharmachakra\" \/>\n<meta name=\"robots\" content=\"index, follow, max-snippet:-1, max-image-preview:large, max-video-preview:-1\" \/>\n<link rel=\"canonical\" href=\"https:\/\/mon-carre-deco.com\/en\/product\/tableau-carre-hermes-aux-pays-des-epices\/\" \/>\n<meta property=\"og:locale\" content=\"en_US\" \/>\n<meta property=\"og:type\" content=\"article\" \/>\n<meta property=\"og:title\" content=\"Tableau - Carr\u00e9 Herm\u00e8s Aux Pays des \u00c9pices - Mon Carr\u00e9 D\u00e9co\" \/>\n<meta property=\"og:description\" content=\"La roue du Dharma, un symbole porte-bonheur puissant. Cette roue contient \u00e0 elle seule les enseignements les plus importants de Bouddha et la mani\u00e8re de progresser sur son sentier spirituel gr\u00e2ce \u00e0 la loi karmique. Rejet des souffrances, abn\u00e9gation et d\u00e9votion : tout cela est enseign\u00e9 par le dharmachakra\" \/>\n<meta property=\"og:url\" content=\"https:\/\/mon-carre-deco.com\/en\/product\/tableau-carre-hermes-aux-pays-des-epices\/\" \/>\n<meta property=\"og:site_name\" content=\"Mon Carr\u00e9 D\u00e9co\" \/>\n<meta property=\"article:modified_time\" content=\"2025-05-06T07:47:46+00:00\" \/>\n<meta property=\"og:image\" content=\"http:\/\/mon-carre-deco.com\/wp-content\/uploads\/2023\/10\/Tableau-Hermes-Aux-Pays-des-epices-Annie-Faivre-moulure-bois-clair1.jpg\" \/>\n\t<meta property=\"og:image:width\" content=\"786\" \/>\n\t<meta property=\"og:image:height\" content=\"732\" \/>\n\t<meta property=\"og:image:type\" content=\"image\/jpeg\" \/>\n<meta name=\"twitter:card\" content=\"summary_large_image\" \/>\n<meta name=\"twitter:label1\" content=\"Est. reading time\" \/>\n\t<meta name=\"twitter:data1\" content=\"2 minutes\" \/>\n<script type=\"application\/ld+json\" class=\"yoast-schema-graph\">{\"@context\":\"https:\/\/schema.org\",\"@graph\":[{\"@type\":\"WebPage\",\"@id\":\"https:\/\/mon-carre-deco.com\/produit\/tableau-carre-hermes-aux-pays-des-epices\/\",\"url\":\"https:\/\/mon-carre-deco.com\/produit\/tableau-carre-hermes-aux-pays-des-epices\/\",\"name\":\"Tableau - Carr\u00e9 Herm\u00e8s Aux Pays des \u00c9pices - Mon Carr\u00e9 D\u00e9co\",\"isPartOf\":{\"@id\":\"https:\/\/mon-carre-deco.com\/#website\"},\"primaryImageOfPage\":{\"@id\":\"https:\/\/mon-carre-deco.com\/produit\/tableau-carre-hermes-aux-pays-des-epices\/#primaryimage\"},\"image\":{\"@id\":\"https:\/\/mon-carre-deco.com\/produit\/tableau-carre-hermes-aux-pays-des-epices\/#primaryimage\"},\"thumbnailUrl\":\"https:\/\/mon-carre-deco.com\/wp-content\/uploads\/2023\/10\/Tableau-Hermes-Aux-Pays-des-epices-Annie-Faivre-moulure-bois-clair1.jpg\",\"datePublished\":\"2023-10-30T17:03:56+00:00\",\"dateModified\":\"2025-05-06T07:47:46+00:00\",\"description\":\"La roue du Dharma, un symbole porte-bonheur puissant. Cette roue contient \u00e0 elle seule les enseignements les plus importants de Bouddha et la mani\u00e8re de progresser sur son sentier spirituel gr\u00e2ce \u00e0 la loi karmique. Rejet des souffrances, abn\u00e9gation et d\u00e9votion : tout cela est enseign\u00e9 par le dharmachakra\",\"breadcrumb\":{\"@id\":\"https:\/\/mon-carre-deco.com\/produit\/tableau-carre-hermes-aux-pays-des-epices\/#breadcrumb\"},\"inLanguage\":\"en-US\",\"potentialAction\":[{\"@type\":\"ReadAction\",\"target\":[\"https:\/\/mon-carre-deco.com\/produit\/tableau-carre-hermes-aux-pays-des-epices\/\"]}]},{\"@type\":\"ImageObject\",\"inLanguage\":\"en-US\",\"@id\":\"https:\/\/mon-carre-deco.com\/produit\/tableau-carre-hermes-aux-pays-des-epices\/#primaryimage\",\"url\":\"https:\/\/mon-carre-deco.com\/wp-content\/uploads\/2023\/10\/Tableau-Hermes-Aux-Pays-des-epices-Annie-Faivre-moulure-bois-clair1.jpg\",\"contentUrl\":\"https:\/\/mon-carre-deco.com\/wp-content\/uploads\/2023\/10\/Tableau-Hermes-Aux-Pays-des-epices-Annie-Faivre-moulure-bois-clair1.jpg\",\"width\":786,\"height\":732,\"caption\":\"Tableau-Hermes-Aux-Pays-des-epices-Annie-Faivre-moulure-bois-clair\"},{\"@type\":\"BreadcrumbList\",\"@id\":\"https:\/\/mon-carre-deco.com\/produit\/tableau-carre-hermes-aux-pays-des-epices\/#breadcrumb\",\"itemListElement\":[{\"@type\":\"ListItem\",\"position\":1,\"name\":\"Accueil\",\"item\":\"https:\/\/mon-carre-deco.com\/\"},{\"@type\":\"ListItem\",\"position\":2,\"name\":\"Tableaux\",\"item\":\"https:\/\/mon-carre-deco.com\/boutique-tableau-hermes\/\"},{\"@type\":\"ListItem\",\"position\":3,\"name\":\"Tableau &#8211; Carr\u00e9 Herm\u00e8s Aux Pays des \u00c9pices\"}]},{\"@type\":\"WebSite\",\"@id\":\"https:\/\/mon-carre-deco.com\/#website\",\"url\":\"https:\/\/mon-carre-deco.com\/\",\"name\":\"Mon Carr\u00e9 D\u00e9co\",\"description\":\"Mon Carr\u00e9 D&#039;art at Home, vente de tableau Herm\u00e8s, foulard carr\u00e9 Herm\u00e8s encadr\u00e9\",\"publisher\":{\"@id\":\"https:\/\/mon-carre-deco.com\/#organization\"},\"potentialAction\":[{\"@type\":\"SearchAction\",\"target\":{\"@type\":\"EntryPoint\",\"urlTemplate\":\"https:\/\/mon-carre-deco.com\/?s={search_term_string}\"},\"query-input\":{\"@type\":\"PropertyValueSpecification\",\"valueRequired\":true,\"valueName\":\"search_term_string\"}}],\"inLanguage\":\"en-US\"},{\"@type\":\"Organization\",\"@id\":\"https:\/\/mon-carre-deco.com\/#organization\",\"name\":\"Mon Carr\u00e9 D\u00e9co\",\"url\":\"https:\/\/mon-carre-deco.com\/\",\"logo\":{\"@type\":\"ImageObject\",\"inLanguage\":\"en-US\",\"@id\":\"https:\/\/mon-carre-deco.com\/#\/schema\/logo\/image\/\",\"url\":\"https:\/\/mon-carre-deco.com\/wp-content\/uploads\/2021\/04\/cropped-Logo-mon-carre-deco-2.png\",\"contentUrl\":\"https:\/\/mon-carre-deco.com\/wp-content\/uploads\/2021\/04\/cropped-Logo-mon-carre-deco-2.png\",\"width\":1043,\"height\":1043,\"caption\":\"Mon Carr\u00e9 D\u00e9co\"},\"image\":{\"@id\":\"https:\/\/mon-carre-deco.com\/#\/schema\/logo\/image\/\"}}]}<\/script>\n<!-- \/ Yoast SEO plugin. -->","yoast_head_json":{"title":"Tableau - Carr\u00e9 Herm\u00e8s Aux Pays des \u00c9pices - Mon Carr\u00e9 D\u00e9co","description":"La roue du Dharma, un symbole porte-bonheur puissant. Cette roue contient \u00e0 elle seule les enseignements les plus importants de Bouddha et la mani\u00e8re de progresser sur son sentier spirituel gr\u00e2ce \u00e0 la loi karmique. Rejet des souffrances, abn\u00e9gation et d\u00e9votion : tout cela est enseign\u00e9 par le dharmachakra","robots":{"index":"index","follow":"follow","max-snippet":"max-snippet:-1","max-image-preview":"max-image-preview:large","max-video-preview":"max-video-preview:-1"},"canonical":"https:\/\/mon-carre-deco.com\/en\/product\/tableau-carre-hermes-aux-pays-des-epices\/","og_locale":"en_US","og_type":"article","og_title":"Tableau - Carr\u00e9 Herm\u00e8s Aux Pays des \u00c9pices - Mon Carr\u00e9 D\u00e9co","og_description":"La roue du Dharma, un symbole porte-bonheur puissant. Cette roue contient \u00e0 elle seule les enseignements les plus importants de Bouddha et la mani\u00e8re de progresser sur son sentier spirituel gr\u00e2ce \u00e0 la loi karmique. Rejet des souffrances, abn\u00e9gation et d\u00e9votion : tout cela est enseign\u00e9 par le dharmachakra","og_url":"https:\/\/mon-carre-deco.com\/en\/product\/tableau-carre-hermes-aux-pays-des-epices\/","og_site_name":"Mon Carr\u00e9 D\u00e9co","article_modified_time":"2025-05-06T07:47:46+00:00","og_image":[{"width":786,"height":732,"url":"http:\/\/mon-carre-deco.com\/wp-content\/uploads\/2023\/10\/Tableau-Hermes-Aux-Pays-des-epices-Annie-Faivre-moulure-bois-clair1.jpg","type":"image\/jpeg"}],"twitter_card":"summary_large_image","twitter_misc":{"Est. reading time":"2 minutes"},"schema":{"@context":"https:\/\/schema.org","@graph":[{"@type":"WebPage","@id":"https:\/\/mon-carre-deco.com\/produit\/tableau-carre-hermes-aux-pays-des-epices\/","url":"https:\/\/mon-carre-deco.com\/produit\/tableau-carre-hermes-aux-pays-des-epices\/","name":"Tableau - Carr\u00e9 Herm\u00e8s Aux Pays des \u00c9pices - Mon Carr\u00e9 D\u00e9co","isPartOf":{"@id":"https:\/\/mon-carre-deco.com\/#website"},"primaryImageOfPage":{"@id":"https:\/\/mon-carre-deco.com\/produit\/tableau-carre-hermes-aux-pays-des-epices\/#primaryimage"},"image":{"@id":"https:\/\/mon-carre-deco.com\/produit\/tableau-carre-hermes-aux-pays-des-epices\/#primaryimage"},"thumbnailUrl":"https:\/\/mon-carre-deco.com\/wp-content\/uploads\/2023\/10\/Tableau-Hermes-Aux-Pays-des-epices-Annie-Faivre-moulure-bois-clair1.jpg","datePublished":"2023-10-30T17:03:56+00:00","dateModified":"2025-05-06T07:47:46+00:00","description":"La roue du Dharma, un symbole porte-bonheur puissant. Cette roue contient \u00e0 elle seule les enseignements les plus importants de Bouddha et la mani\u00e8re de progresser sur son sentier spirituel gr\u00e2ce \u00e0 la loi karmique. Rejet des souffrances, abn\u00e9gation et d\u00e9votion : tout cela est enseign\u00e9 par le dharmachakra","breadcrumb":{"@id":"https:\/\/mon-carre-deco.com\/produit\/tableau-carre-hermes-aux-pays-des-epices\/#breadcrumb"},"inLanguage":"en-US","potentialAction":[{"@type":"ReadAction","target":["https:\/\/mon-carre-deco.com\/produit\/tableau-carre-hermes-aux-pays-des-epices\/"]}]},{"@type":"ImageObject","inLanguage":"en-US","@id":"https:\/\/mon-carre-deco.com\/produit\/tableau-carre-hermes-aux-pays-des-epices\/#primaryimage","url":"https:\/\/mon-carre-deco.com\/wp-content\/uploads\/2023\/10\/Tableau-Hermes-Aux-Pays-des-epices-Annie-Faivre-moulure-bois-clair1.jpg","contentUrl":"https:\/\/mon-carre-deco.com\/wp-content\/uploads\/2023\/10\/Tableau-Hermes-Aux-Pays-des-epices-Annie-Faivre-moulure-bois-clair1.jpg","width":786,"height":732,"caption":"Tableau-Hermes-Aux-Pays-des-epices-Annie-Faivre-moulure-bois-clair"},{"@type":"BreadcrumbList","@id":"https:\/\/mon-carre-deco.com\/produit\/tableau-carre-hermes-aux-pays-des-epices\/#breadcrumb","itemListElement":[{"@type":"ListItem","position":1,"name":"Accueil","item":"https:\/\/mon-carre-deco.com\/"},{"@type":"ListItem","position":2,"name":"Tableaux","item":"https:\/\/mon-carre-deco.com\/boutique-tableau-hermes\/"},{"@type":"ListItem","position":3,"name":"Tableau &#8211; Carr\u00e9 Herm\u00e8s Aux Pays des \u00c9pices"}]},{"@type":"WebSite","@id":"https:\/\/mon-carre-deco.com\/#website","url":"https:\/\/mon-carre-deco.com\/","name":"Mon Carr\u00e9 D\u00e9co","description":"Mon Carr\u00e9 D&#039;art at Home, vente de tableau Herm\u00e8s, foulard carr\u00e9 Herm\u00e8s encadr\u00e9","publisher":{"@id":"https:\/\/mon-carre-deco.com\/#organization"},"potentialAction":[{"@type":"SearchAction","target":{"@type":"EntryPoint","urlTemplate":"https:\/\/mon-carre-deco.com\/?s={search_term_string}"},"query-input":{"@type":"PropertyValueSpecification","valueRequired":true,"valueName":"search_term_string"}}],"inLanguage":"en-US"},{"@type":"Organization","@id":"https:\/\/mon-carre-deco.com\/#organization","name":"Mon Carr\u00e9 D\u00e9co","url":"https:\/\/mon-carre-deco.com\/","logo":{"@type":"ImageObject","inLanguage":"en-US","@id":"https:\/\/mon-carre-deco.com\/#\/schema\/logo\/image\/","url":"https:\/\/mon-carre-deco.com\/wp-content\/uploads\/2021\/04\/cropped-Logo-mon-carre-deco-2.png","contentUrl":"https:\/\/mon-carre-deco.com\/wp-content\/uploads\/2021\/04\/cropped-Logo-mon-carre-deco-2.png","width":1043,"height":1043,"caption":"Mon Carr\u00e9 D\u00e9co"},"image":{"@id":"https:\/\/mon-carre-deco.com\/#\/schema\/logo\/image\/"}}]}},"_links":{"self":[{"href":"https:\/\/mon-carre-deco.com\/en\/wp-json\/wp\/v2\/product\/4159","targetHints":{"allow":["GET"]}}],"collection":[{"href":"https:\/\/mon-carre-deco.com\/en\/wp-json\/wp\/v2\/product"}],"about":[{"href":"https:\/\/mon-carre-deco.com\/en\/wp-json\/wp\/v2\/types\/product"}],"replies":[{"embeddable":true,"href":"https:\/\/mon-carre-deco.com\/en\/wp-json\/wp\/v2\/comments?post=4159"}],"version-history":[{"count":6,"href":"https:\/\/mon-carre-deco.com\/en\/wp-json\/wp\/v2\/product\/4159\/revisions"}],"predecessor-version":[{"id":4165,"href":"https:\/\/mon-carre-deco.com\/en\/wp-json\/wp\/v2\/product\/4159\/revisions\/4165"}],"wp:featuredmedia":[{"embeddable":true,"href":"https:\/\/mon-carre-deco.com\/en\/wp-json\/wp\/v2\/media\/4162"}],"wp:attachment":[{"href":"https:\/\/mon-carre-deco.com\/en\/wp-json\/wp\/v2\/media?parent=4159"}],"wp:term":[{"taxonomy":"product_brand","embeddable":true,"href":"https:\/\/mon-carre-deco.com\/en\/wp-json\/wp\/v2\/product_brand?post=4159"},{"taxonomy":"product_cat","embeddable":true,"href":"https:\/\/mon-carre-deco.com\/en\/wp-json\/wp\/v2\/product_cat?post=4159"},{"taxonomy":"product_tag","embeddable":true,"href":"https:\/\/mon-carre-deco.com\/en\/wp-json\/wp\/v2\/product_tag?post=4159"}],"curies":[{"name":"wp","href":"https:\/\/api.w.org\/{rel}","templated":true}]}}