{"id":4180,"date":"2023-12-03T16:06:23","date_gmt":"2023-12-03T15:06:23","guid":{"rendered":"https:\/\/mon-carre-deco.com\/?post_type=product&#038;p=4180"},"modified":"2025-06-03T18:32:42","modified_gmt":"2025-06-03T16:32:42","slug":"tableau-carre-hermes-pegase-pop","status":"publish","type":"product","link":"https:\/\/mon-carre-deco.com\/en\/product\/tableau-carre-hermes-pegase-pop\/","title":{"rendered":"Tableau &#8211; Carr\u00e9 Herm\u00e8s P\u00e9gase Pop"},"content":{"rendered":"<p>\u00ab\u00a0P\u00e9gase Pop\u00a0\u00bb<\/p>\n<p>Premi\u00e8re \u00e9dition 2015<\/p>\n<p>Designer <a href=\"https:\/\/dimitrir.cargo.site\/\">Dimitri Rybaltchenko<\/a><\/p>\n<p>Dimitri Rybaltchenko est issu d&rsquo;une famille de grands artistes, qui ont tous jou\u00e9 un r\u00f4le majeur dans le succ\u00e8s de la Maison Herm\u00e8s, en particulier Herm\u00e8s Carr\u00e9. Dimitri est le fils de Vladimir Rybaltchenko, qui \u00e9tait le petit-neveu de Philippe Ledoux.<\/p>\n<p>\u00ab\u00a0P\u00e9gase, la monture des Dieux, le cheval ail\u00e9 du monde antique transfigur\u00e9 par la magie de la culture pop\u2026 D\u2019un coup de sabot, il sait faire jaillir une source, mais son nom est aussi associ\u00e9 \u00e0 l\u2019orage car Zeus le chargea d\u2019apporter le tonnerre et les \u00e9clairs sur l\u2019Olympe. C\u2019est ainsi que Dimitri Rybaltchenko a choisi de repr\u00e9senter le fr\u00e8re ail\u00e9 du cheval cher \u00e0 Herm\u00e8s, jaillissant des nuages, surgissant des \u00e9clairs. Hachures, formes accentu\u00e9es par leurs contours, couleurs en aplats, jeux de pointill\u00e9s, explosion de couleur, efficacit\u00e9 du trait\u2026 Le pop art am\u00e9ricain n\u2019est pas loin ! \u00a0\u00bb <em>Maison Herm\u00e8s Paris Les secrets d&rsquo;un objet.<\/em><\/p>\n<p>&nbsp;<\/p>","protected":false},"excerpt":{"rendered":"<p style=\"color: red;\">Sold<\/p>\n<p>P\u00e9gase Pop est une d\u00e9coration murale moderne et intemporelle. Ce tableau d&rsquo;un carr\u00e9 Herm\u00e8s 70X70, rose fuchsia, vert et blanc, apporte du peps \u00e0 n\u2019importe quel int\u00e9rieur et r\u00e9veille toutes les d\u00e9corations.<\/p>\n<ul>\n<li style=\"list-style-type: none;\">\n<ul>\n<li>Silk<\/li>\n<li>Couleurs dominantes : rose, blanc, vert, violet<\/li>\n<li>Moulure en bois blanche<\/li>\n<li>UV-resistant glass \u2265 99<\/li>\n<li>Rear mounting hook<\/li>\n<\/ul>\n<\/li>\n<\/ul>\n<p>Designer : <a href=\"https:\/\/dimitrir.cargo.site\/about\">Dimitri Rybaltchenko<\/a><\/p>","protected":false},"featured_media":4181,"comment_status":"closed","ping_status":"closed","template":"","meta":{"site-sidebar-layout":"default","site-content-layout":"","ast-site-content-layout":"default","site-content-style":"default","site-sidebar-style":"default","ast-global-header-display":"","ast-banner-title-visibility":"","ast-main-header-display":"","ast-hfb-above-header-display":"","ast-hfb-below-header-display":"","ast-hfb-mobile-header-display":"","site-post-title":"","ast-breadcrumbs-content":"","ast-featured-img":"","footer-sml-layout":"","theme-transparent-header-meta":"default","adv-header-id-meta":"","stick-header-meta":"","header-above-stick-meta":"","header-main-stick-meta":"","header-below-stick-meta":"","astra-migrate-meta-layouts":"set"},"product_brand":[],"product_cat":[27],"product_tag":[],"class_list":{"0":"post-4180","1":"product","2":"type-product","3":"status-publish","4":"has-post-thumbnail","6":"product_cat-carre-70x70","7":"desktop-align-left","8":"tablet-align-left","9":"mobile-align-left","11":"first","12":"instock","13":"shipping-taxable","14":"product-type-simple"},"yoast_head":"<!-- This site is optimized with the Yoast SEO plugin v25.4 - https:\/\/yoast.com\/wordpress\/plugins\/seo\/ -->\n<title>Tableau - Carr\u00e9 Herm\u00e8s P\u00e9gase Pop - Mon Carr\u00e9 D\u00e9co<\/title>\n<meta name=\"description\" content=\"Tableau carr\u00e9 Herm\u00e8s P\u00e9gase pop une d\u00e9coration murale moderne. La monture des Dieux, le cheval ail\u00e9 du monde antique transfigur\u00e9 par la magie de la culture pop\" \/>\n<meta name=\"robots\" content=\"index, follow, max-snippet:-1, max-image-preview:large, max-video-preview:-1\" \/>\n<link rel=\"canonical\" href=\"https:\/\/mon-carre-deco.com\/en\/product\/tableau-carre-hermes-pegase-pop\/\" \/>\n<meta property=\"og:locale\" content=\"en_US\" \/>\n<meta property=\"og:type\" content=\"article\" \/>\n<meta property=\"og:title\" content=\"Tableau - Carr\u00e9 Herm\u00e8s P\u00e9gase Pop - Mon Carr\u00e9 D\u00e9co\" \/>\n<meta property=\"og:description\" content=\"Tableau carr\u00e9 Herm\u00e8s P\u00e9gase pop une d\u00e9coration murale moderne. La monture des Dieux, le cheval ail\u00e9 du monde antique transfigur\u00e9 par la magie de la culture pop\" \/>\n<meta property=\"og:url\" content=\"https:\/\/mon-carre-deco.com\/en\/product\/tableau-carre-hermes-pegase-pop\/\" \/>\n<meta property=\"og:site_name\" content=\"Mon Carr\u00e9 D\u00e9co\" \/>\n<meta property=\"article:modified_time\" content=\"2025-06-03T16:32:42+00:00\" \/>\n<meta property=\"og:image\" content=\"http:\/\/mon-carre-deco.com\/wp-content\/uploads\/2023\/12\/Tableau-Hermes-Pegase-Pop-moulure-bois-blanc-laque.jpg\" \/>\n\t<meta property=\"og:image:width\" content=\"786\" \/>\n\t<meta property=\"og:image:height\" content=\"732\" \/>\n\t<meta property=\"og:image:type\" content=\"image\/jpeg\" \/>\n<meta name=\"twitter:card\" content=\"summary_large_image\" \/>\n<meta name=\"twitter:label1\" content=\"Est. reading time\" \/>\n\t<meta name=\"twitter:data1\" content=\"1 minute\" \/>\n<script type=\"application\/ld+json\" class=\"yoast-schema-graph\">{\"@context\":\"https:\/\/schema.org\",\"@graph\":[{\"@type\":\"WebPage\",\"@id\":\"https:\/\/mon-carre-deco.com\/produit\/tableau-carre-hermes-pegase-pop\/\",\"url\":\"https:\/\/mon-carre-deco.com\/produit\/tableau-carre-hermes-pegase-pop\/\",\"name\":\"Tableau - Carr\u00e9 Herm\u00e8s P\u00e9gase Pop - Mon Carr\u00e9 D\u00e9co\",\"isPartOf\":{\"@id\":\"https:\/\/mon-carre-deco.com\/#website\"},\"primaryImageOfPage\":{\"@id\":\"https:\/\/mon-carre-deco.com\/produit\/tableau-carre-hermes-pegase-pop\/#primaryimage\"},\"image\":{\"@id\":\"https:\/\/mon-carre-deco.com\/produit\/tableau-carre-hermes-pegase-pop\/#primaryimage\"},\"thumbnailUrl\":\"https:\/\/mon-carre-deco.com\/wp-content\/uploads\/2023\/12\/Tableau-Hermes-Pegase-Pop-moulure-bois-blanc-laque.jpg\",\"datePublished\":\"2023-12-03T15:06:23+00:00\",\"dateModified\":\"2025-06-03T16:32:42+00:00\",\"description\":\"Tableau carr\u00e9 Herm\u00e8s P\u00e9gase pop une d\u00e9coration murale moderne. La monture des Dieux, le cheval ail\u00e9 du monde antique transfigur\u00e9 par la magie de la culture pop\",\"breadcrumb\":{\"@id\":\"https:\/\/mon-carre-deco.com\/produit\/tableau-carre-hermes-pegase-pop\/#breadcrumb\"},\"inLanguage\":\"en-US\",\"potentialAction\":[{\"@type\":\"ReadAction\",\"target\":[\"https:\/\/mon-carre-deco.com\/produit\/tableau-carre-hermes-pegase-pop\/\"]}]},{\"@type\":\"ImageObject\",\"inLanguage\":\"en-US\",\"@id\":\"https:\/\/mon-carre-deco.com\/produit\/tableau-carre-hermes-pegase-pop\/#primaryimage\",\"url\":\"https:\/\/mon-carre-deco.com\/wp-content\/uploads\/2023\/12\/Tableau-Hermes-Pegase-Pop-moulure-bois-blanc-laque.jpg\",\"contentUrl\":\"https:\/\/mon-carre-deco.com\/wp-content\/uploads\/2023\/12\/Tableau-Hermes-Pegase-Pop-moulure-bois-blanc-laque.jpg\",\"width\":786,\"height\":732,\"caption\":\"Tableau carr\u00e9 Herm\u00e8s P\u00e9gase Pop de Dimitri Rybaltchenko moulure blanche\"},{\"@type\":\"BreadcrumbList\",\"@id\":\"https:\/\/mon-carre-deco.com\/produit\/tableau-carre-hermes-pegase-pop\/#breadcrumb\",\"itemListElement\":[{\"@type\":\"ListItem\",\"position\":1,\"name\":\"Accueil\",\"item\":\"https:\/\/mon-carre-deco.com\/\"},{\"@type\":\"ListItem\",\"position\":2,\"name\":\"Tableaux\",\"item\":\"https:\/\/mon-carre-deco.com\/boutique-tableau-hermes\/\"},{\"@type\":\"ListItem\",\"position\":3,\"name\":\"Tableau &#8211; Carr\u00e9 Herm\u00e8s P\u00e9gase Pop\"}]},{\"@type\":\"WebSite\",\"@id\":\"https:\/\/mon-carre-deco.com\/#website\",\"url\":\"https:\/\/mon-carre-deco.com\/\",\"name\":\"Mon Carr\u00e9 D\u00e9co\",\"description\":\"Mon Carr\u00e9 D&#039;art at Home, vente de tableau Herm\u00e8s, foulard carr\u00e9 Herm\u00e8s encadr\u00e9\",\"publisher\":{\"@id\":\"https:\/\/mon-carre-deco.com\/#organization\"},\"potentialAction\":[{\"@type\":\"SearchAction\",\"target\":{\"@type\":\"EntryPoint\",\"urlTemplate\":\"https:\/\/mon-carre-deco.com\/?s={search_term_string}\"},\"query-input\":{\"@type\":\"PropertyValueSpecification\",\"valueRequired\":true,\"valueName\":\"search_term_string\"}}],\"inLanguage\":\"en-US\"},{\"@type\":\"Organization\",\"@id\":\"https:\/\/mon-carre-deco.com\/#organization\",\"name\":\"Mon Carr\u00e9 D\u00e9co\",\"url\":\"https:\/\/mon-carre-deco.com\/\",\"logo\":{\"@type\":\"ImageObject\",\"inLanguage\":\"en-US\",\"@id\":\"https:\/\/mon-carre-deco.com\/#\/schema\/logo\/image\/\",\"url\":\"https:\/\/mon-carre-deco.com\/wp-content\/uploads\/2021\/04\/cropped-Logo-mon-carre-deco-2.png\",\"contentUrl\":\"https:\/\/mon-carre-deco.com\/wp-content\/uploads\/2021\/04\/cropped-Logo-mon-carre-deco-2.png\",\"width\":1043,\"height\":1043,\"caption\":\"Mon Carr\u00e9 D\u00e9co\"},\"image\":{\"@id\":\"https:\/\/mon-carre-deco.com\/#\/schema\/logo\/image\/\"}}]}<\/script>\n<!-- \/ Yoast SEO plugin. -->","yoast_head_json":{"title":"Tableau - Carr\u00e9 Herm\u00e8s P\u00e9gase Pop - Mon Carr\u00e9 D\u00e9co","description":"Tableau carr\u00e9 Herm\u00e8s P\u00e9gase pop une d\u00e9coration murale moderne. La monture des Dieux, le cheval ail\u00e9 du monde antique transfigur\u00e9 par la magie de la culture pop","robots":{"index":"index","follow":"follow","max-snippet":"max-snippet:-1","max-image-preview":"max-image-preview:large","max-video-preview":"max-video-preview:-1"},"canonical":"https:\/\/mon-carre-deco.com\/en\/product\/tableau-carre-hermes-pegase-pop\/","og_locale":"en_US","og_type":"article","og_title":"Tableau - Carr\u00e9 Herm\u00e8s P\u00e9gase Pop - Mon Carr\u00e9 D\u00e9co","og_description":"Tableau carr\u00e9 Herm\u00e8s P\u00e9gase pop une d\u00e9coration murale moderne. La monture des Dieux, le cheval ail\u00e9 du monde antique transfigur\u00e9 par la magie de la culture pop","og_url":"https:\/\/mon-carre-deco.com\/en\/product\/tableau-carre-hermes-pegase-pop\/","og_site_name":"Mon Carr\u00e9 D\u00e9co","article_modified_time":"2025-06-03T16:32:42+00:00","og_image":[{"width":786,"height":732,"url":"http:\/\/mon-carre-deco.com\/wp-content\/uploads\/2023\/12\/Tableau-Hermes-Pegase-Pop-moulure-bois-blanc-laque.jpg","type":"image\/jpeg"}],"twitter_card":"summary_large_image","twitter_misc":{"Est. reading time":"1 minute"},"schema":{"@context":"https:\/\/schema.org","@graph":[{"@type":"WebPage","@id":"https:\/\/mon-carre-deco.com\/produit\/tableau-carre-hermes-pegase-pop\/","url":"https:\/\/mon-carre-deco.com\/produit\/tableau-carre-hermes-pegase-pop\/","name":"Tableau - Carr\u00e9 Herm\u00e8s P\u00e9gase Pop - Mon Carr\u00e9 D\u00e9co","isPartOf":{"@id":"https:\/\/mon-carre-deco.com\/#website"},"primaryImageOfPage":{"@id":"https:\/\/mon-carre-deco.com\/produit\/tableau-carre-hermes-pegase-pop\/#primaryimage"},"image":{"@id":"https:\/\/mon-carre-deco.com\/produit\/tableau-carre-hermes-pegase-pop\/#primaryimage"},"thumbnailUrl":"https:\/\/mon-carre-deco.com\/wp-content\/uploads\/2023\/12\/Tableau-Hermes-Pegase-Pop-moulure-bois-blanc-laque.jpg","datePublished":"2023-12-03T15:06:23+00:00","dateModified":"2025-06-03T16:32:42+00:00","description":"Tableau carr\u00e9 Herm\u00e8s P\u00e9gase pop une d\u00e9coration murale moderne. La monture des Dieux, le cheval ail\u00e9 du monde antique transfigur\u00e9 par la magie de la culture pop","breadcrumb":{"@id":"https:\/\/mon-carre-deco.com\/produit\/tableau-carre-hermes-pegase-pop\/#breadcrumb"},"inLanguage":"en-US","potentialAction":[{"@type":"ReadAction","target":["https:\/\/mon-carre-deco.com\/produit\/tableau-carre-hermes-pegase-pop\/"]}]},{"@type":"ImageObject","inLanguage":"en-US","@id":"https:\/\/mon-carre-deco.com\/produit\/tableau-carre-hermes-pegase-pop\/#primaryimage","url":"https:\/\/mon-carre-deco.com\/wp-content\/uploads\/2023\/12\/Tableau-Hermes-Pegase-Pop-moulure-bois-blanc-laque.jpg","contentUrl":"https:\/\/mon-carre-deco.com\/wp-content\/uploads\/2023\/12\/Tableau-Hermes-Pegase-Pop-moulure-bois-blanc-laque.jpg","width":786,"height":732,"caption":"Tableau carr\u00e9 Herm\u00e8s P\u00e9gase Pop de Dimitri Rybaltchenko moulure blanche"},{"@type":"BreadcrumbList","@id":"https:\/\/mon-carre-deco.com\/produit\/tableau-carre-hermes-pegase-pop\/#breadcrumb","itemListElement":[{"@type":"ListItem","position":1,"name":"Accueil","item":"https:\/\/mon-carre-deco.com\/"},{"@type":"ListItem","position":2,"name":"Tableaux","item":"https:\/\/mon-carre-deco.com\/boutique-tableau-hermes\/"},{"@type":"ListItem","position":3,"name":"Tableau &#8211; Carr\u00e9 Herm\u00e8s P\u00e9gase Pop"}]},{"@type":"WebSite","@id":"https:\/\/mon-carre-deco.com\/#website","url":"https:\/\/mon-carre-deco.com\/","name":"Mon Carr\u00e9 D\u00e9co","description":"Mon Carr\u00e9 D&#039;art at Home, vente de tableau Herm\u00e8s, foulard carr\u00e9 Herm\u00e8s encadr\u00e9","publisher":{"@id":"https:\/\/mon-carre-deco.com\/#organization"},"potentialAction":[{"@type":"SearchAction","target":{"@type":"EntryPoint","urlTemplate":"https:\/\/mon-carre-deco.com\/?s={search_term_string}"},"query-input":{"@type":"PropertyValueSpecification","valueRequired":true,"valueName":"search_term_string"}}],"inLanguage":"en-US"},{"@type":"Organization","@id":"https:\/\/mon-carre-deco.com\/#organization","name":"Mon Carr\u00e9 D\u00e9co","url":"https:\/\/mon-carre-deco.com\/","logo":{"@type":"ImageObject","inLanguage":"en-US","@id":"https:\/\/mon-carre-deco.com\/#\/schema\/logo\/image\/","url":"https:\/\/mon-carre-deco.com\/wp-content\/uploads\/2021\/04\/cropped-Logo-mon-carre-deco-2.png","contentUrl":"https:\/\/mon-carre-deco.com\/wp-content\/uploads\/2021\/04\/cropped-Logo-mon-carre-deco-2.png","width":1043,"height":1043,"caption":"Mon Carr\u00e9 D\u00e9co"},"image":{"@id":"https:\/\/mon-carre-deco.com\/#\/schema\/logo\/image\/"}}]}},"_links":{"self":[{"href":"https:\/\/mon-carre-deco.com\/en\/wp-json\/wp\/v2\/product\/4180","targetHints":{"allow":["GET"]}}],"collection":[{"href":"https:\/\/mon-carre-deco.com\/en\/wp-json\/wp\/v2\/product"}],"about":[{"href":"https:\/\/mon-carre-deco.com\/en\/wp-json\/wp\/v2\/types\/product"}],"replies":[{"embeddable":true,"href":"https:\/\/mon-carre-deco.com\/en\/wp-json\/wp\/v2\/comments?post=4180"}],"version-history":[{"count":10,"href":"https:\/\/mon-carre-deco.com\/en\/wp-json\/wp\/v2\/product\/4180\/revisions"}],"predecessor-version":[{"id":4288,"href":"https:\/\/mon-carre-deco.com\/en\/wp-json\/wp\/v2\/product\/4180\/revisions\/4288"}],"wp:featuredmedia":[{"embeddable":true,"href":"https:\/\/mon-carre-deco.com\/en\/wp-json\/wp\/v2\/media\/4181"}],"wp:attachment":[{"href":"https:\/\/mon-carre-deco.com\/en\/wp-json\/wp\/v2\/media?parent=4180"}],"wp:term":[{"taxonomy":"product_brand","embeddable":true,"href":"https:\/\/mon-carre-deco.com\/en\/wp-json\/wp\/v2\/product_brand?post=4180"},{"taxonomy":"product_cat","embeddable":true,"href":"https:\/\/mon-carre-deco.com\/en\/wp-json\/wp\/v2\/product_cat?post=4180"},{"taxonomy":"product_tag","embeddable":true,"href":"https:\/\/mon-carre-deco.com\/en\/wp-json\/wp\/v2\/product_tag?post=4180"}],"curies":[{"name":"wp","href":"https:\/\/api.w.org\/{rel}","templated":true}]}}