{"id":4196,"date":"2023-12-18T00:54:32","date_gmt":"2023-12-17T23:54:32","guid":{"rendered":"https:\/\/mon-carre-deco.com\/?post_type=product&#038;p=4196"},"modified":"2025-05-06T11:31:47","modified_gmt":"2025-05-06T09:31:47","slug":"tableau-gavroche-hermes-citrouilles-et-coloquintes","status":"publish","type":"product","link":"https:\/\/mon-carre-deco.com\/en\/product\/tableau-gavroche-hermes-citrouilles-et-coloquintes\/","title":{"rendered":"Tableau &#8211; Gavroche Herm\u00e8s Citrouilles et Coloquintes"},"content":{"rendered":"<p>\u00ab\u00a0Citrouilles et Coloquintes\u00a0\u00bb<\/p>\n<p>\u00c9dit\u00e9 en 1998<\/p>\n<p>Designer Valerie Dawlat-Dumoulin<\/p>\n<p>\u00ab\u00a0Elle est l&rsquo;un des designers d&rsquo;Herm\u00e8s et mari\u00e9 au photographe de mode Pierre Dawlat.<\/p>\n<p>Lorsque le couple s&rsquo;est rendu compte un jour du peu qu&rsquo;ils voyaient grandir de leurs enfants en vivant \u00e0 Paris, ils se sont lanc\u00e9s dans une croisi\u00e8re de trois ans qui les a conduits en Am\u00e9rique du Sud et dans les Antilles. Attir\u00e9 par une plantation de teck sur l&rsquo;\u00eele de Trinidad, le couple a \u00e9t\u00e9 tellement inspir\u00e9, qu&rsquo;ils ont d\u00e9cid\u00e9 de concevoir des meubles en teck et des accessoires en teck \u00e9l\u00e9gants. \u00c0 leur retour en France, ils s\u2019installent sur l\u2019\u00eele de R\u00e9 sur la c\u00f4te atlantique, au nord de Bordeaux. Ils se sont impos\u00e9s comme le seul fabricant de meubles en teck en France. Leur atelier et leur mobilier ont \u00e9t\u00e9 bien accueillis. Leur ligne de meubles est appel\u00e9 <em data-moz-translations-id=\"0\">Trinidad,<\/em> leurs designs \u00e9l\u00e9gants, simples et contemporains. \u00a0\u00bb <em>Carr\u00e9 de Paris<\/em><\/p>","protected":false},"excerpt":{"rendered":"<p>Citrouilles et Coloquintes est une d\u00e9coration murale raffin\u00e9e et luxueuse aux couleurs d&rsquo;automne. Ce tableau d&rsquo;un gavroche Herm\u00e8s est \u00e0 la fois sophistiqu\u00e9 et intemporel. Une \u00e9l\u00e9gante nature morte. Cette composition de cucurbitac\u00e9es, p\u00e2tissons, courges, gourdes, giraumons et autres calebasses r\u00e9chauffera votre int\u00e9rieur.<\/p>\n<ul>\n<li style=\"list-style-type: none;\">\n<ul>\n<li>Silk<\/li>\n<li>Couleurs dominantes : orange, marron, ocre.<\/li>\n<li>Moulure en bois laqu\u00e9e noire<\/li>\n<li>Passe partout chocolat<\/li>\n<li>UV-resistant glass \u2265 99<\/li>\n<li>Rear mounting hook<\/li>\n<\/ul>\n<\/li>\n<\/ul>\n<p>Designer : Valerie Dawlat-Dumoulin<\/p>","protected":false},"featured_media":4198,"comment_status":"closed","ping_status":"closed","template":"","meta":{"site-sidebar-layout":"default","site-content-layout":"","ast-site-content-layout":"default","site-content-style":"default","site-sidebar-style":"default","ast-global-header-display":"","ast-banner-title-visibility":"","ast-main-header-display":"","ast-hfb-above-header-display":"","ast-hfb-below-header-display":"","ast-hfb-mobile-header-display":"","site-post-title":"","ast-breadcrumbs-content":"","ast-featured-img":"","footer-sml-layout":"","theme-transparent-header-meta":"default","adv-header-id-meta":"","stick-header-meta":"","header-above-stick-meta":"","header-main-stick-meta":"","header-below-stick-meta":"","astra-migrate-meta-layouts":"set"},"product_brand":[],"product_cat":[26],"product_tag":[],"class_list":{"0":"post-4196","1":"product","2":"type-product","3":"status-publish","4":"has-post-thumbnail","6":"product_cat-carre-45x45-gavroche","7":"desktop-align-left","8":"tablet-align-left","9":"mobile-align-left","11":"first","12":"instock","13":"shipping-taxable","14":"product-type-simple"},"yoast_head":"<!-- This site is optimized with the Yoast SEO plugin v25.4 - https:\/\/yoast.com\/wordpress\/plugins\/seo\/ -->\n<title>Tableau - Gavroche Herm\u00e8s Citrouilles et Coloquintes - Mon Carr\u00e9 D\u00e9co<\/title>\n<meta name=\"description\" content=\"Tableau d&#039;un gavroche Herm\u00e8s Citrouilles et Coloquintes. Une d\u00e9coration murale raffin\u00e9e et luxueuse aux couleurs d&#039;automne qui va r\u00e9chauffer votre d\u00e9coration int\u00e9rieur\" \/>\n<meta name=\"robots\" content=\"index, follow, max-snippet:-1, max-image-preview:large, max-video-preview:-1\" \/>\n<link rel=\"canonical\" href=\"https:\/\/mon-carre-deco.com\/en\/product\/tableau-gavroche-hermes-citrouilles-et-coloquintes\/\" \/>\n<meta property=\"og:locale\" content=\"en_US\" \/>\n<meta property=\"og:type\" content=\"article\" \/>\n<meta property=\"og:title\" content=\"Tableau - Gavroche Herm\u00e8s Citrouilles et Coloquintes - Mon Carr\u00e9 D\u00e9co\" \/>\n<meta property=\"og:description\" content=\"Tableau d&#039;un gavroche Herm\u00e8s Citrouilles et Coloquintes. Une d\u00e9coration murale raffin\u00e9e et luxueuse aux couleurs d&#039;automne qui va r\u00e9chauffer votre d\u00e9coration int\u00e9rieur\" \/>\n<meta property=\"og:url\" content=\"https:\/\/mon-carre-deco.com\/en\/product\/tableau-gavroche-hermes-citrouilles-et-coloquintes\/\" \/>\n<meta property=\"og:site_name\" content=\"Mon Carr\u00e9 D\u00e9co\" \/>\n<meta property=\"article:modified_time\" content=\"2025-05-06T09:31:47+00:00\" \/>\n<meta property=\"og:image\" content=\"http:\/\/mon-carre-deco.com\/wp-content\/uploads\/2023\/12\/Tableau-Hermes-Gavroche-Citrouilles-et-Coloquintes-par-Valerie-Dawlat-Dumoulin.jpg\" \/>\n\t<meta property=\"og:image:width\" content=\"1502\" \/>\n\t<meta property=\"og:image:height\" content=\"1502\" \/>\n\t<meta property=\"og:image:type\" content=\"image\/jpeg\" \/>\n<meta name=\"twitter:card\" content=\"summary_large_image\" \/>\n<meta name=\"twitter:label1\" content=\"Est. reading time\" \/>\n\t<meta name=\"twitter:data1\" content=\"1 minute\" \/>\n<script type=\"application\/ld+json\" class=\"yoast-schema-graph\">{\"@context\":\"https:\/\/schema.org\",\"@graph\":[{\"@type\":\"WebPage\",\"@id\":\"https:\/\/mon-carre-deco.com\/produit\/tableau-gavroche-hermes-citrouilles-et-coloquintes\/\",\"url\":\"https:\/\/mon-carre-deco.com\/produit\/tableau-gavroche-hermes-citrouilles-et-coloquintes\/\",\"name\":\"Tableau - Gavroche Herm\u00e8s Citrouilles et Coloquintes - Mon Carr\u00e9 D\u00e9co\",\"isPartOf\":{\"@id\":\"https:\/\/mon-carre-deco.com\/#website\"},\"primaryImageOfPage\":{\"@id\":\"https:\/\/mon-carre-deco.com\/produit\/tableau-gavroche-hermes-citrouilles-et-coloquintes\/#primaryimage\"},\"image\":{\"@id\":\"https:\/\/mon-carre-deco.com\/produit\/tableau-gavroche-hermes-citrouilles-et-coloquintes\/#primaryimage\"},\"thumbnailUrl\":\"https:\/\/mon-carre-deco.com\/wp-content\/uploads\/2023\/12\/Tableau-Hermes-Gavroche-Citrouilles-et-Coloquintes-par-Valerie-Dawlat-Dumoulin.jpg\",\"datePublished\":\"2023-12-17T23:54:32+00:00\",\"dateModified\":\"2025-05-06T09:31:47+00:00\",\"description\":\"Tableau d'un gavroche Herm\u00e8s Citrouilles et Coloquintes. Une d\u00e9coration murale raffin\u00e9e et luxueuse aux couleurs d'automne qui va r\u00e9chauffer votre d\u00e9coration int\u00e9rieur\",\"breadcrumb\":{\"@id\":\"https:\/\/mon-carre-deco.com\/produit\/tableau-gavroche-hermes-citrouilles-et-coloquintes\/#breadcrumb\"},\"inLanguage\":\"en-US\",\"potentialAction\":[{\"@type\":\"ReadAction\",\"target\":[\"https:\/\/mon-carre-deco.com\/produit\/tableau-gavroche-hermes-citrouilles-et-coloquintes\/\"]}]},{\"@type\":\"ImageObject\",\"inLanguage\":\"en-US\",\"@id\":\"https:\/\/mon-carre-deco.com\/produit\/tableau-gavroche-hermes-citrouilles-et-coloquintes\/#primaryimage\",\"url\":\"https:\/\/mon-carre-deco.com\/wp-content\/uploads\/2023\/12\/Tableau-Hermes-Gavroche-Citrouilles-et-Coloquintes-par-Valerie-Dawlat-Dumoulin.jpg\",\"contentUrl\":\"https:\/\/mon-carre-deco.com\/wp-content\/uploads\/2023\/12\/Tableau-Hermes-Gavroche-Citrouilles-et-Coloquintes-par-Valerie-Dawlat-Dumoulin.jpg\",\"width\":1502,\"height\":1502,\"caption\":\"Tableau-Hermes-Gavroche-Citrouilles-et-Coloquintes-par-Valerie-Dawlat-Dumoulin.\"},{\"@type\":\"BreadcrumbList\",\"@id\":\"https:\/\/mon-carre-deco.com\/produit\/tableau-gavroche-hermes-citrouilles-et-coloquintes\/#breadcrumb\",\"itemListElement\":[{\"@type\":\"ListItem\",\"position\":1,\"name\":\"Accueil\",\"item\":\"https:\/\/mon-carre-deco.com\/\"},{\"@type\":\"ListItem\",\"position\":2,\"name\":\"Tableaux\",\"item\":\"https:\/\/mon-carre-deco.com\/boutique-tableau-hermes\/\"},{\"@type\":\"ListItem\",\"position\":3,\"name\":\"Tableau &#8211; Gavroche Herm\u00e8s Citrouilles et Coloquintes\"}]},{\"@type\":\"WebSite\",\"@id\":\"https:\/\/mon-carre-deco.com\/#website\",\"url\":\"https:\/\/mon-carre-deco.com\/\",\"name\":\"Mon Carr\u00e9 D\u00e9co\",\"description\":\"Mon Carr\u00e9 D&#039;art at Home, vente de tableau Herm\u00e8s, foulard carr\u00e9 Herm\u00e8s encadr\u00e9\",\"publisher\":{\"@id\":\"https:\/\/mon-carre-deco.com\/#organization\"},\"potentialAction\":[{\"@type\":\"SearchAction\",\"target\":{\"@type\":\"EntryPoint\",\"urlTemplate\":\"https:\/\/mon-carre-deco.com\/?s={search_term_string}\"},\"query-input\":{\"@type\":\"PropertyValueSpecification\",\"valueRequired\":true,\"valueName\":\"search_term_string\"}}],\"inLanguage\":\"en-US\"},{\"@type\":\"Organization\",\"@id\":\"https:\/\/mon-carre-deco.com\/#organization\",\"name\":\"Mon Carr\u00e9 D\u00e9co\",\"url\":\"https:\/\/mon-carre-deco.com\/\",\"logo\":{\"@type\":\"ImageObject\",\"inLanguage\":\"en-US\",\"@id\":\"https:\/\/mon-carre-deco.com\/#\/schema\/logo\/image\/\",\"url\":\"https:\/\/mon-carre-deco.com\/wp-content\/uploads\/2021\/04\/cropped-Logo-mon-carre-deco-2.png\",\"contentUrl\":\"https:\/\/mon-carre-deco.com\/wp-content\/uploads\/2021\/04\/cropped-Logo-mon-carre-deco-2.png\",\"width\":1043,\"height\":1043,\"caption\":\"Mon Carr\u00e9 D\u00e9co\"},\"image\":{\"@id\":\"https:\/\/mon-carre-deco.com\/#\/schema\/logo\/image\/\"}}]}<\/script>\n<!-- \/ Yoast SEO plugin. -->","yoast_head_json":{"title":"Tableau - Gavroche Herm\u00e8s Citrouilles et Coloquintes - Mon Carr\u00e9 D\u00e9co","description":"Tableau d'un gavroche Herm\u00e8s Citrouilles et Coloquintes. Une d\u00e9coration murale raffin\u00e9e et luxueuse aux couleurs d'automne qui va r\u00e9chauffer votre d\u00e9coration int\u00e9rieur","robots":{"index":"index","follow":"follow","max-snippet":"max-snippet:-1","max-image-preview":"max-image-preview:large","max-video-preview":"max-video-preview:-1"},"canonical":"https:\/\/mon-carre-deco.com\/en\/product\/tableau-gavroche-hermes-citrouilles-et-coloquintes\/","og_locale":"en_US","og_type":"article","og_title":"Tableau - Gavroche Herm\u00e8s Citrouilles et Coloquintes - Mon Carr\u00e9 D\u00e9co","og_description":"Tableau d'un gavroche Herm\u00e8s Citrouilles et Coloquintes. Une d\u00e9coration murale raffin\u00e9e et luxueuse aux couleurs d'automne qui va r\u00e9chauffer votre d\u00e9coration int\u00e9rieur","og_url":"https:\/\/mon-carre-deco.com\/en\/product\/tableau-gavroche-hermes-citrouilles-et-coloquintes\/","og_site_name":"Mon Carr\u00e9 D\u00e9co","article_modified_time":"2025-05-06T09:31:47+00:00","og_image":[{"width":1502,"height":1502,"url":"http:\/\/mon-carre-deco.com\/wp-content\/uploads\/2023\/12\/Tableau-Hermes-Gavroche-Citrouilles-et-Coloquintes-par-Valerie-Dawlat-Dumoulin.jpg","type":"image\/jpeg"}],"twitter_card":"summary_large_image","twitter_misc":{"Est. reading time":"1 minute"},"schema":{"@context":"https:\/\/schema.org","@graph":[{"@type":"WebPage","@id":"https:\/\/mon-carre-deco.com\/produit\/tableau-gavroche-hermes-citrouilles-et-coloquintes\/","url":"https:\/\/mon-carre-deco.com\/produit\/tableau-gavroche-hermes-citrouilles-et-coloquintes\/","name":"Tableau - Gavroche Herm\u00e8s Citrouilles et Coloquintes - Mon Carr\u00e9 D\u00e9co","isPartOf":{"@id":"https:\/\/mon-carre-deco.com\/#website"},"primaryImageOfPage":{"@id":"https:\/\/mon-carre-deco.com\/produit\/tableau-gavroche-hermes-citrouilles-et-coloquintes\/#primaryimage"},"image":{"@id":"https:\/\/mon-carre-deco.com\/produit\/tableau-gavroche-hermes-citrouilles-et-coloquintes\/#primaryimage"},"thumbnailUrl":"https:\/\/mon-carre-deco.com\/wp-content\/uploads\/2023\/12\/Tableau-Hermes-Gavroche-Citrouilles-et-Coloquintes-par-Valerie-Dawlat-Dumoulin.jpg","datePublished":"2023-12-17T23:54:32+00:00","dateModified":"2025-05-06T09:31:47+00:00","description":"Tableau d'un gavroche Herm\u00e8s Citrouilles et Coloquintes. Une d\u00e9coration murale raffin\u00e9e et luxueuse aux couleurs d'automne qui va r\u00e9chauffer votre d\u00e9coration int\u00e9rieur","breadcrumb":{"@id":"https:\/\/mon-carre-deco.com\/produit\/tableau-gavroche-hermes-citrouilles-et-coloquintes\/#breadcrumb"},"inLanguage":"en-US","potentialAction":[{"@type":"ReadAction","target":["https:\/\/mon-carre-deco.com\/produit\/tableau-gavroche-hermes-citrouilles-et-coloquintes\/"]}]},{"@type":"ImageObject","inLanguage":"en-US","@id":"https:\/\/mon-carre-deco.com\/produit\/tableau-gavroche-hermes-citrouilles-et-coloquintes\/#primaryimage","url":"https:\/\/mon-carre-deco.com\/wp-content\/uploads\/2023\/12\/Tableau-Hermes-Gavroche-Citrouilles-et-Coloquintes-par-Valerie-Dawlat-Dumoulin.jpg","contentUrl":"https:\/\/mon-carre-deco.com\/wp-content\/uploads\/2023\/12\/Tableau-Hermes-Gavroche-Citrouilles-et-Coloquintes-par-Valerie-Dawlat-Dumoulin.jpg","width":1502,"height":1502,"caption":"Tableau-Hermes-Gavroche-Citrouilles-et-Coloquintes-par-Valerie-Dawlat-Dumoulin."},{"@type":"BreadcrumbList","@id":"https:\/\/mon-carre-deco.com\/produit\/tableau-gavroche-hermes-citrouilles-et-coloquintes\/#breadcrumb","itemListElement":[{"@type":"ListItem","position":1,"name":"Accueil","item":"https:\/\/mon-carre-deco.com\/"},{"@type":"ListItem","position":2,"name":"Tableaux","item":"https:\/\/mon-carre-deco.com\/boutique-tableau-hermes\/"},{"@type":"ListItem","position":3,"name":"Tableau &#8211; Gavroche Herm\u00e8s Citrouilles et Coloquintes"}]},{"@type":"WebSite","@id":"https:\/\/mon-carre-deco.com\/#website","url":"https:\/\/mon-carre-deco.com\/","name":"Mon Carr\u00e9 D\u00e9co","description":"Mon Carr\u00e9 D&#039;art at Home, vente de tableau Herm\u00e8s, foulard carr\u00e9 Herm\u00e8s encadr\u00e9","publisher":{"@id":"https:\/\/mon-carre-deco.com\/#organization"},"potentialAction":[{"@type":"SearchAction","target":{"@type":"EntryPoint","urlTemplate":"https:\/\/mon-carre-deco.com\/?s={search_term_string}"},"query-input":{"@type":"PropertyValueSpecification","valueRequired":true,"valueName":"search_term_string"}}],"inLanguage":"en-US"},{"@type":"Organization","@id":"https:\/\/mon-carre-deco.com\/#organization","name":"Mon Carr\u00e9 D\u00e9co","url":"https:\/\/mon-carre-deco.com\/","logo":{"@type":"ImageObject","inLanguage":"en-US","@id":"https:\/\/mon-carre-deco.com\/#\/schema\/logo\/image\/","url":"https:\/\/mon-carre-deco.com\/wp-content\/uploads\/2021\/04\/cropped-Logo-mon-carre-deco-2.png","contentUrl":"https:\/\/mon-carre-deco.com\/wp-content\/uploads\/2021\/04\/cropped-Logo-mon-carre-deco-2.png","width":1043,"height":1043,"caption":"Mon Carr\u00e9 D\u00e9co"},"image":{"@id":"https:\/\/mon-carre-deco.com\/#\/schema\/logo\/image\/"}}]}},"_links":{"self":[{"href":"https:\/\/mon-carre-deco.com\/en\/wp-json\/wp\/v2\/product\/4196","targetHints":{"allow":["GET"]}}],"collection":[{"href":"https:\/\/mon-carre-deco.com\/en\/wp-json\/wp\/v2\/product"}],"about":[{"href":"https:\/\/mon-carre-deco.com\/en\/wp-json\/wp\/v2\/types\/product"}],"replies":[{"embeddable":true,"href":"https:\/\/mon-carre-deco.com\/en\/wp-json\/wp\/v2\/comments?post=4196"}],"version-history":[{"count":6,"href":"https:\/\/mon-carre-deco.com\/en\/wp-json\/wp\/v2\/product\/4196\/revisions"}],"predecessor-version":[{"id":4203,"href":"https:\/\/mon-carre-deco.com\/en\/wp-json\/wp\/v2\/product\/4196\/revisions\/4203"}],"wp:featuredmedia":[{"embeddable":true,"href":"https:\/\/mon-carre-deco.com\/en\/wp-json\/wp\/v2\/media\/4198"}],"wp:attachment":[{"href":"https:\/\/mon-carre-deco.com\/en\/wp-json\/wp\/v2\/media?parent=4196"}],"wp:term":[{"taxonomy":"product_brand","embeddable":true,"href":"https:\/\/mon-carre-deco.com\/en\/wp-json\/wp\/v2\/product_brand?post=4196"},{"taxonomy":"product_cat","embeddable":true,"href":"https:\/\/mon-carre-deco.com\/en\/wp-json\/wp\/v2\/product_cat?post=4196"},{"taxonomy":"product_tag","embeddable":true,"href":"https:\/\/mon-carre-deco.com\/en\/wp-json\/wp\/v2\/product_tag?post=4196"}],"curies":[{"name":"wp","href":"https:\/\/api.w.org\/{rel}","templated":true}]}}