{"id":4215,"date":"2024-01-14T20:11:52","date_gmt":"2024-01-14T19:11:52","guid":{"rendered":"https:\/\/mon-carre-deco.com\/?post_type=product&#038;p=4215"},"modified":"2025-05-06T11:22:00","modified_gmt":"2025-05-06T09:22:00","slug":"tableau-gavroche-hermes-equitation-japonaise","status":"publish","type":"product","link":"https:\/\/mon-carre-deco.com\/en\/product\/tableau-gavroche-hermes-equitation-japonaise\/","title":{"rendered":"Tableau &#8211; Gavroche Herm\u00e8s \u00c9quitation Japonaise"},"content":{"rendered":"<p>\u00ab\u00a0\u00c9quitation Japonaise\u00a0\u00bb<\/p>\n<p>\u00c9dit\u00e9 en 1969<\/p>\n<p>Designer Fran\u00e7oise De La Perri\u00e8re<\/p>\n<p>Le cheval est depuis toujours consid\u00e9r\u00e9 comme la monture sacr\u00e9e des <em>kami<\/em>, dieux japonais. Durant l&rsquo;\u00e9poque de Nara (710-794), la pratique du <em>shinme,<\/em> consistant \u00e0 offrir un cheval en <strong>offrande votive<\/strong> \u00e0 un sanctuaire pour servir de monture divine, se r\u00e9pand. Il \u00e9tait ainsi d&rsquo;usage lors d&rsquo;une pri\u00e8re ou d&rsquo;un v\u0153u de pr\u00e9senter un cheval au <em>kami<\/em> du sanctuaire en signe de gratitude. Certains sanctuaires exigeaient m\u00eame un cheval d&rsquo;une couleur particuli\u00e8re\u00a0selon la pri\u00e8re ! <strong>L\u2019animal \u00e9tait associ\u00e9 au culte de la pluie<\/strong>. Il \u00e9tait de coutume d&rsquo;offrir un cheval noir pour prier la survenue de celle-ci et \u00e0 l&rsquo;inverse, un cheval blanc pour qu&rsquo;elle cesse. Ces \u00e9quid\u00e9s donn\u00e9s aux sanctuaires \u00e9taient ensuite \u00e9lev\u00e9s dans des <strong>\u00e9curies sp\u00e9ciales<\/strong> au sein des sanctuaires. Cette pratique se r\u00e9v\u00e9la tr\u00e8s co\u00fbteuse pour les sanctuaires, oblig\u00e9s de prendre grand soin de ces offrandes, mais \u00e9galement pour les p\u00e8lerins.<\/p>\n<p>Le dressage des chevaux de Samoura\u00ef \u00e9tait extr\u00eamement important pour qu\u2019ils puissent franchir les gu\u00e9s, sauter des berges et m\u00eame des falaises, se coucher\u2026 Ces entra\u00eenements se faisaient autour des Dojos des Uji (certains clans ou familles pouvaient compter des dizaines de milliers de samoura\u00efs, forteresses, casernes, des \u00e9tangs artificiels pour permettre l\u2019entra\u00eenement des chevaux dans l\u2019eau de m\u00eame que pour la natation en armure).<\/p>\n<p>Les Japonais, comme les Mongols et plus que les Chinois \u00e9taient extr\u00eamement habiles en acrobaties et cascades \u00e0 cheval ; acrobaties facilit\u00e9es par la petitesse du cheval asiatique ainsi que par des selles munies de prises.<\/p>","protected":false},"excerpt":{"rendered":"<p>Une d\u00e9coration murale raffin\u00e9e, classique et intemporelle sur le th\u00e8me de l&rsquo;\u00e9quitation japonaise. Une magnifique selle d&rsquo;\u00e9quitation japonaise Samoura\u00ef est dessin\u00e9e en son centre. Avec ce petit tableau repr\u00e9sentant l&rsquo;histoire de l&rsquo;initiation \u00e0 cette discipline \u00e0 travers le temps, c&rsquo;est une belle fa\u00e7on d&rsquo;apporter une touche unique \u00e0 sa d\u00e9coration int\u00e9rieure.<\/p>\n<ul>\n<li style=\"list-style-type: none;\">\n<ul>\n<li>Silk<\/li>\n<li>Couleurs dominantes : bleu ciel, or.<\/li>\n<li>Moulure en bois dor\u00e9<\/li>\n<li>Passe partout \u00e9cru<\/li>\n<li>UV-resistant glass \u2265 99<\/li>\n<li>Rear mounting hook<\/li>\n<\/ul>\n<\/li>\n<\/ul>\n<p>Designer : Fran\u00e7oise De La Perri\u00e8re<\/p>","protected":false},"featured_media":4218,"comment_status":"closed","ping_status":"closed","template":"","meta":{"site-sidebar-layout":"default","site-content-layout":"","ast-site-content-layout":"default","site-content-style":"default","site-sidebar-style":"default","ast-global-header-display":"","ast-banner-title-visibility":"","ast-main-header-display":"","ast-hfb-above-header-display":"","ast-hfb-below-header-display":"","ast-hfb-mobile-header-display":"","site-post-title":"","ast-breadcrumbs-content":"","ast-featured-img":"","footer-sml-layout":"","theme-transparent-header-meta":"default","adv-header-id-meta":"","stick-header-meta":"","header-above-stick-meta":"","header-main-stick-meta":"","header-below-stick-meta":"","astra-migrate-meta-layouts":"set"},"product_brand":[],"product_cat":[26],"product_tag":[],"class_list":{"0":"post-4215","1":"product","2":"type-product","3":"status-publish","4":"has-post-thumbnail","6":"product_cat-carre-45x45-gavroche","7":"desktop-align-left","8":"tablet-align-left","9":"mobile-align-left","11":"first","12":"instock","13":"shipping-taxable","14":"product-type-simple"},"yoast_head":"<!-- This site is optimized with the Yoast SEO plugin v25.4 - https:\/\/yoast.com\/wordpress\/plugins\/seo\/ -->\n<title>Tableau - Gavroche Herm\u00e8s \u00c9quitation Japonaise - Mon Carr\u00e9 D\u00e9co<\/title>\n<meta name=\"description\" content=\"Petite tableau d&#039;un gavroche Herm\u00e8s \u00c9quitation Japonaise. Une d\u00e9coration murale raffin\u00e9e et luxueuse aux couleurs bleu ciel et or\" \/>\n<meta name=\"robots\" content=\"index, follow, max-snippet:-1, max-image-preview:large, max-video-preview:-1\" \/>\n<link rel=\"canonical\" href=\"https:\/\/mon-carre-deco.com\/en\/product\/tableau-gavroche-hermes-equitation-japonaise\/\" \/>\n<meta property=\"og:locale\" content=\"en_US\" \/>\n<meta property=\"og:type\" content=\"article\" \/>\n<meta property=\"og:title\" content=\"Tableau - Gavroche Herm\u00e8s \u00c9quitation Japonaise - Mon Carr\u00e9 D\u00e9co\" \/>\n<meta property=\"og:description\" content=\"Petite tableau d&#039;un gavroche Herm\u00e8s \u00c9quitation Japonaise. Une d\u00e9coration murale raffin\u00e9e et luxueuse aux couleurs bleu ciel et or\" \/>\n<meta property=\"og:url\" content=\"https:\/\/mon-carre-deco.com\/en\/product\/tableau-gavroche-hermes-equitation-japonaise\/\" \/>\n<meta property=\"og:site_name\" content=\"Mon Carr\u00e9 D\u00e9co\" \/>\n<meta property=\"article:modified_time\" content=\"2025-05-06T09:22:00+00:00\" \/>\n<meta property=\"og:image\" content=\"http:\/\/mon-carre-deco.com\/wp-content\/uploads\/2024\/01\/Tableau-Hermes-Gavroche-Hermes-Equitation-Japonaise-de-Francoise-de-La-Perriere.jpg\" \/>\n\t<meta property=\"og:image:width\" content=\"1502\" \/>\n\t<meta property=\"og:image:height\" content=\"1502\" \/>\n\t<meta property=\"og:image:type\" content=\"image\/jpeg\" \/>\n<meta name=\"twitter:card\" content=\"summary_large_image\" \/>\n<meta name=\"twitter:label1\" content=\"Est. reading time\" \/>\n\t<meta name=\"twitter:data1\" content=\"2 minutes\" \/>\n<script type=\"application\/ld+json\" class=\"yoast-schema-graph\">{\"@context\":\"https:\/\/schema.org\",\"@graph\":[{\"@type\":\"WebPage\",\"@id\":\"https:\/\/mon-carre-deco.com\/produit\/tableau-gavroche-hermes-equitation-japonaise\/\",\"url\":\"https:\/\/mon-carre-deco.com\/produit\/tableau-gavroche-hermes-equitation-japonaise\/\",\"name\":\"Tableau - Gavroche Herm\u00e8s \u00c9quitation Japonaise - Mon Carr\u00e9 D\u00e9co\",\"isPartOf\":{\"@id\":\"https:\/\/mon-carre-deco.com\/#website\"},\"primaryImageOfPage\":{\"@id\":\"https:\/\/mon-carre-deco.com\/produit\/tableau-gavroche-hermes-equitation-japonaise\/#primaryimage\"},\"image\":{\"@id\":\"https:\/\/mon-carre-deco.com\/produit\/tableau-gavroche-hermes-equitation-japonaise\/#primaryimage\"},\"thumbnailUrl\":\"https:\/\/mon-carre-deco.com\/wp-content\/uploads\/2024\/01\/Tableau-Hermes-Gavroche-Hermes-Equitation-Japonaise-de-Francoise-de-La-Perriere.jpg\",\"datePublished\":\"2024-01-14T19:11:52+00:00\",\"dateModified\":\"2025-05-06T09:22:00+00:00\",\"description\":\"Petite tableau d'un gavroche Herm\u00e8s \u00c9quitation Japonaise. Une d\u00e9coration murale raffin\u00e9e et luxueuse aux couleurs bleu ciel et or\",\"breadcrumb\":{\"@id\":\"https:\/\/mon-carre-deco.com\/produit\/tableau-gavroche-hermes-equitation-japonaise\/#breadcrumb\"},\"inLanguage\":\"en-US\",\"potentialAction\":[{\"@type\":\"ReadAction\",\"target\":[\"https:\/\/mon-carre-deco.com\/produit\/tableau-gavroche-hermes-equitation-japonaise\/\"]}]},{\"@type\":\"ImageObject\",\"inLanguage\":\"en-US\",\"@id\":\"https:\/\/mon-carre-deco.com\/produit\/tableau-gavroche-hermes-equitation-japonaise\/#primaryimage\",\"url\":\"https:\/\/mon-carre-deco.com\/wp-content\/uploads\/2024\/01\/Tableau-Hermes-Gavroche-Hermes-Equitation-Japonaise-de-Francoise-de-La-Perriere.jpg\",\"contentUrl\":\"https:\/\/mon-carre-deco.com\/wp-content\/uploads\/2024\/01\/Tableau-Hermes-Gavroche-Hermes-Equitation-Japonaise-de-Francoise-de-La-Perriere.jpg\",\"width\":1502,\"height\":1502,\"caption\":\"Tableau-Hermes-Gavroche-Hermes-Equitation-Japonaise-de-Francoise-de-La-Perriere\"},{\"@type\":\"BreadcrumbList\",\"@id\":\"https:\/\/mon-carre-deco.com\/produit\/tableau-gavroche-hermes-equitation-japonaise\/#breadcrumb\",\"itemListElement\":[{\"@type\":\"ListItem\",\"position\":1,\"name\":\"Accueil\",\"item\":\"https:\/\/mon-carre-deco.com\/\"},{\"@type\":\"ListItem\",\"position\":2,\"name\":\"Tableaux\",\"item\":\"https:\/\/mon-carre-deco.com\/boutique-tableau-hermes\/\"},{\"@type\":\"ListItem\",\"position\":3,\"name\":\"Tableau &#8211; Gavroche Herm\u00e8s \u00c9quitation Japonaise\"}]},{\"@type\":\"WebSite\",\"@id\":\"https:\/\/mon-carre-deco.com\/#website\",\"url\":\"https:\/\/mon-carre-deco.com\/\",\"name\":\"Mon Carr\u00e9 D\u00e9co\",\"description\":\"Mon Carr\u00e9 D&#039;art at Home, vente de tableau Herm\u00e8s, foulard carr\u00e9 Herm\u00e8s encadr\u00e9\",\"publisher\":{\"@id\":\"https:\/\/mon-carre-deco.com\/#organization\"},\"potentialAction\":[{\"@type\":\"SearchAction\",\"target\":{\"@type\":\"EntryPoint\",\"urlTemplate\":\"https:\/\/mon-carre-deco.com\/?s={search_term_string}\"},\"query-input\":{\"@type\":\"PropertyValueSpecification\",\"valueRequired\":true,\"valueName\":\"search_term_string\"}}],\"inLanguage\":\"en-US\"},{\"@type\":\"Organization\",\"@id\":\"https:\/\/mon-carre-deco.com\/#organization\",\"name\":\"Mon Carr\u00e9 D\u00e9co\",\"url\":\"https:\/\/mon-carre-deco.com\/\",\"logo\":{\"@type\":\"ImageObject\",\"inLanguage\":\"en-US\",\"@id\":\"https:\/\/mon-carre-deco.com\/#\/schema\/logo\/image\/\",\"url\":\"https:\/\/mon-carre-deco.com\/wp-content\/uploads\/2021\/04\/cropped-Logo-mon-carre-deco-2.png\",\"contentUrl\":\"https:\/\/mon-carre-deco.com\/wp-content\/uploads\/2021\/04\/cropped-Logo-mon-carre-deco-2.png\",\"width\":1043,\"height\":1043,\"caption\":\"Mon Carr\u00e9 D\u00e9co\"},\"image\":{\"@id\":\"https:\/\/mon-carre-deco.com\/#\/schema\/logo\/image\/\"}}]}<\/script>\n<!-- \/ Yoast SEO plugin. -->","yoast_head_json":{"title":"Tableau - Gavroche Herm\u00e8s \u00c9quitation Japonaise - Mon Carr\u00e9 D\u00e9co","description":"Petite tableau d'un gavroche Herm\u00e8s \u00c9quitation Japonaise. Une d\u00e9coration murale raffin\u00e9e et luxueuse aux couleurs bleu ciel et or","robots":{"index":"index","follow":"follow","max-snippet":"max-snippet:-1","max-image-preview":"max-image-preview:large","max-video-preview":"max-video-preview:-1"},"canonical":"https:\/\/mon-carre-deco.com\/en\/product\/tableau-gavroche-hermes-equitation-japonaise\/","og_locale":"en_US","og_type":"article","og_title":"Tableau - Gavroche Herm\u00e8s \u00c9quitation Japonaise - Mon Carr\u00e9 D\u00e9co","og_description":"Petite tableau d'un gavroche Herm\u00e8s \u00c9quitation Japonaise. Une d\u00e9coration murale raffin\u00e9e et luxueuse aux couleurs bleu ciel et or","og_url":"https:\/\/mon-carre-deco.com\/en\/product\/tableau-gavroche-hermes-equitation-japonaise\/","og_site_name":"Mon Carr\u00e9 D\u00e9co","article_modified_time":"2025-05-06T09:22:00+00:00","og_image":[{"width":1502,"height":1502,"url":"http:\/\/mon-carre-deco.com\/wp-content\/uploads\/2024\/01\/Tableau-Hermes-Gavroche-Hermes-Equitation-Japonaise-de-Francoise-de-La-Perriere.jpg","type":"image\/jpeg"}],"twitter_card":"summary_large_image","twitter_misc":{"Est. reading time":"2 minutes"},"schema":{"@context":"https:\/\/schema.org","@graph":[{"@type":"WebPage","@id":"https:\/\/mon-carre-deco.com\/produit\/tableau-gavroche-hermes-equitation-japonaise\/","url":"https:\/\/mon-carre-deco.com\/produit\/tableau-gavroche-hermes-equitation-japonaise\/","name":"Tableau - Gavroche Herm\u00e8s \u00c9quitation Japonaise - Mon Carr\u00e9 D\u00e9co","isPartOf":{"@id":"https:\/\/mon-carre-deco.com\/#website"},"primaryImageOfPage":{"@id":"https:\/\/mon-carre-deco.com\/produit\/tableau-gavroche-hermes-equitation-japonaise\/#primaryimage"},"image":{"@id":"https:\/\/mon-carre-deco.com\/produit\/tableau-gavroche-hermes-equitation-japonaise\/#primaryimage"},"thumbnailUrl":"https:\/\/mon-carre-deco.com\/wp-content\/uploads\/2024\/01\/Tableau-Hermes-Gavroche-Hermes-Equitation-Japonaise-de-Francoise-de-La-Perriere.jpg","datePublished":"2024-01-14T19:11:52+00:00","dateModified":"2025-05-06T09:22:00+00:00","description":"Petite tableau d'un gavroche Herm\u00e8s \u00c9quitation Japonaise. Une d\u00e9coration murale raffin\u00e9e et luxueuse aux couleurs bleu ciel et or","breadcrumb":{"@id":"https:\/\/mon-carre-deco.com\/produit\/tableau-gavroche-hermes-equitation-japonaise\/#breadcrumb"},"inLanguage":"en-US","potentialAction":[{"@type":"ReadAction","target":["https:\/\/mon-carre-deco.com\/produit\/tableau-gavroche-hermes-equitation-japonaise\/"]}]},{"@type":"ImageObject","inLanguage":"en-US","@id":"https:\/\/mon-carre-deco.com\/produit\/tableau-gavroche-hermes-equitation-japonaise\/#primaryimage","url":"https:\/\/mon-carre-deco.com\/wp-content\/uploads\/2024\/01\/Tableau-Hermes-Gavroche-Hermes-Equitation-Japonaise-de-Francoise-de-La-Perriere.jpg","contentUrl":"https:\/\/mon-carre-deco.com\/wp-content\/uploads\/2024\/01\/Tableau-Hermes-Gavroche-Hermes-Equitation-Japonaise-de-Francoise-de-La-Perriere.jpg","width":1502,"height":1502,"caption":"Tableau-Hermes-Gavroche-Hermes-Equitation-Japonaise-de-Francoise-de-La-Perriere"},{"@type":"BreadcrumbList","@id":"https:\/\/mon-carre-deco.com\/produit\/tableau-gavroche-hermes-equitation-japonaise\/#breadcrumb","itemListElement":[{"@type":"ListItem","position":1,"name":"Accueil","item":"https:\/\/mon-carre-deco.com\/"},{"@type":"ListItem","position":2,"name":"Tableaux","item":"https:\/\/mon-carre-deco.com\/boutique-tableau-hermes\/"},{"@type":"ListItem","position":3,"name":"Tableau &#8211; Gavroche Herm\u00e8s \u00c9quitation Japonaise"}]},{"@type":"WebSite","@id":"https:\/\/mon-carre-deco.com\/#website","url":"https:\/\/mon-carre-deco.com\/","name":"Mon Carr\u00e9 D\u00e9co","description":"Mon Carr\u00e9 D&#039;art at Home, vente de tableau Herm\u00e8s, foulard carr\u00e9 Herm\u00e8s encadr\u00e9","publisher":{"@id":"https:\/\/mon-carre-deco.com\/#organization"},"potentialAction":[{"@type":"SearchAction","target":{"@type":"EntryPoint","urlTemplate":"https:\/\/mon-carre-deco.com\/?s={search_term_string}"},"query-input":{"@type":"PropertyValueSpecification","valueRequired":true,"valueName":"search_term_string"}}],"inLanguage":"en-US"},{"@type":"Organization","@id":"https:\/\/mon-carre-deco.com\/#organization","name":"Mon Carr\u00e9 D\u00e9co","url":"https:\/\/mon-carre-deco.com\/","logo":{"@type":"ImageObject","inLanguage":"en-US","@id":"https:\/\/mon-carre-deco.com\/#\/schema\/logo\/image\/","url":"https:\/\/mon-carre-deco.com\/wp-content\/uploads\/2021\/04\/cropped-Logo-mon-carre-deco-2.png","contentUrl":"https:\/\/mon-carre-deco.com\/wp-content\/uploads\/2021\/04\/cropped-Logo-mon-carre-deco-2.png","width":1043,"height":1043,"caption":"Mon Carr\u00e9 D\u00e9co"},"image":{"@id":"https:\/\/mon-carre-deco.com\/#\/schema\/logo\/image\/"}}]}},"_links":{"self":[{"href":"https:\/\/mon-carre-deco.com\/en\/wp-json\/wp\/v2\/product\/4215","targetHints":{"allow":["GET"]}}],"collection":[{"href":"https:\/\/mon-carre-deco.com\/en\/wp-json\/wp\/v2\/product"}],"about":[{"href":"https:\/\/mon-carre-deco.com\/en\/wp-json\/wp\/v2\/types\/product"}],"replies":[{"embeddable":true,"href":"https:\/\/mon-carre-deco.com\/en\/wp-json\/wp\/v2\/comments?post=4215"}],"version-history":[{"count":8,"href":"https:\/\/mon-carre-deco.com\/en\/wp-json\/wp\/v2\/product\/4215\/revisions"}],"predecessor-version":[{"id":4286,"href":"https:\/\/mon-carre-deco.com\/en\/wp-json\/wp\/v2\/product\/4215\/revisions\/4286"}],"wp:featuredmedia":[{"embeddable":true,"href":"https:\/\/mon-carre-deco.com\/en\/wp-json\/wp\/v2\/media\/4218"}],"wp:attachment":[{"href":"https:\/\/mon-carre-deco.com\/en\/wp-json\/wp\/v2\/media?parent=4215"}],"wp:term":[{"taxonomy":"product_brand","embeddable":true,"href":"https:\/\/mon-carre-deco.com\/en\/wp-json\/wp\/v2\/product_brand?post=4215"},{"taxonomy":"product_cat","embeddable":true,"href":"https:\/\/mon-carre-deco.com\/en\/wp-json\/wp\/v2\/product_cat?post=4215"},{"taxonomy":"product_tag","embeddable":true,"href":"https:\/\/mon-carre-deco.com\/en\/wp-json\/wp\/v2\/product_tag?post=4215"}],"curies":[{"name":"wp","href":"https:\/\/api.w.org\/{rel}","templated":true}]}}