{"id":4231,"date":"2024-09-09T22:57:56","date_gmt":"2024-09-09T20:57:56","guid":{"rendered":"https:\/\/mon-carre-deco.com\/?post_type=product&#038;p=4231"},"modified":"2025-05-06T11:18:54","modified_gmt":"2025-05-06T09:18:54","slug":"tableau-gavroche-hermes-persona","status":"publish","type":"product","link":"https:\/\/mon-carre-deco.com\/en\/product\/tableau-gavroche-hermes-persona\/","title":{"rendered":"Tableau &#8211; Gavroche Herm\u00e8s Persona"},"content":{"rendered":"<p>\u00ab\u00a0Persona\u00a0\u00bb<\/p>\n<p>\u00c9dit\u00e9 en 1994, r\u00e9\u00e9dit\u00e9 en 2003<\/p>\n<p>Designer Lo\u00efc Dubigeon<\/p>\n<p>Lo\u00efc Dubigeon est un illustrateur, peintre et styliste fran\u00e7ais n\u00e9 le 27 avril 1934 \u00e0 Nantes et mort le 27 janvier 2001 \u00e0 Derchigny Graincourt ou Hennebont. N\u00e9 dans une famille d&rsquo;armateurs, Lo\u00efc Dubigeon se pr\u00e9destine \u00e0 devenir architecte. Mais ayant embrass\u00e9 d&rsquo;autres formes d&rsquo;expression artistique, et \u00e0 la faveur du prix de la Biennale de Paris qu&rsquo;il re\u00e7oit en 1963, sa notori\u00e9t\u00e9 se fera autour de ses peintures, des foulards qu&rsquo;il concevra pour la maison Herm\u00e8s, et de ses illustrations. Il a r\u00e9sid\u00e9 dans la commune de Derchigny, au domaine de Wargemont qui fut la r\u00e9sidence de Pierre-Auguste Renoir \u00e0 la fin du XIXe si\u00e8cle.<\/p>\n<p>&nbsp;<\/p>\n<p><em>You'll also like<\/em><\/p>\n<p>&nbsp;<\/p>","protected":false},"excerpt":{"rendered":"<p>Ces figurines et masques africains d&rsquo;\u00e9poques diverses, propri\u00e9t\u00e9 des chefs des tribus, \u00e9taient transmis de g\u00e9n\u00e9ration en g\u00e9n\u00e9ration comme t\u00e9moins de puissance ou objets de rituel. Le bois sculpt\u00e9 doit sa couleur \u00e0 la teinture v\u00e9g\u00e9tale ou min\u00e9rale et, parfois, au fameux \u00ab\u00a0bleu d&rsquo;azur\u00a0\u00bb qui donne encore tout son \u00e9clat au linge europ\u00e9en. Les quatre bandes formant le bord du carr\u00e9 sont des \u00ab\u00a0ntshak\u00a0\u00bb dont se drapaient les femmes.<\/p>\n<ul>\n<li style=\"list-style-type: none;\">\n<ul>\n<li>Silk<\/li>\n<li>Couleurs dominantes : jaune, s\u00e9pia, marron, vert<\/li>\n<li>Moulure en bois dor\u00e9<\/li>\n<li>White matting<\/li>\n<li>Verre anti UV <em>\u2265<\/em>99%<\/li>\n<li>Rear mounting hook<\/li>\n<\/ul>\n<\/li>\n<\/ul>\n<p>Designer : Lo\u00efc Dubigeon<\/p>","protected":false},"featured_media":4233,"comment_status":"open","ping_status":"closed","template":"","meta":{"site-sidebar-layout":"default","site-content-layout":"default","ast-site-content-layout":"default","site-content-style":"default","site-sidebar-style":"default","ast-global-header-display":"","ast-banner-title-visibility":"","ast-main-header-display":"","ast-hfb-above-header-display":"","ast-hfb-below-header-display":"","ast-hfb-mobile-header-display":"","site-post-title":"","ast-breadcrumbs-content":"","ast-featured-img":"","footer-sml-layout":"","theme-transparent-header-meta":"default","adv-header-id-meta":"","stick-header-meta":"","header-above-stick-meta":"","header-main-stick-meta":"","header-below-stick-meta":"","astra-migrate-meta-layouts":"set"},"product_brand":[],"product_cat":[26],"product_tag":[],"class_list":{"0":"post-4231","1":"product","2":"type-product","3":"status-publish","4":"has-post-thumbnail","6":"product_cat-carre-45x45-gavroche","7":"desktop-align-left","8":"tablet-align-left","9":"mobile-align-left","11":"first","12":"instock","13":"shipping-taxable","14":"product-type-simple"},"yoast_head":"<!-- This site is optimized with the Yoast SEO plugin v25.4 - https:\/\/yoast.com\/wordpress\/plugins\/seo\/ -->\n<title>Tableau - Gavroche Herm\u00e8s Persona - Mon Carr\u00e9 D\u00e9co<\/title>\n<meta name=\"description\" content=\"Tableau d&#039;un gavroche Herm\u00e8s sur le th\u00e8me des masques africains. Une d\u00e9coration murale pour les amateurs d&#039;art ethnique.\" \/>\n<meta name=\"robots\" content=\"index, follow, max-snippet:-1, max-image-preview:large, max-video-preview:-1\" \/>\n<link rel=\"canonical\" href=\"https:\/\/mon-carre-deco.com\/en\/product\/tableau-gavroche-hermes-persona\/\" \/>\n<meta property=\"og:locale\" content=\"en_US\" \/>\n<meta property=\"og:type\" content=\"article\" \/>\n<meta property=\"og:title\" content=\"Tableau - Gavroche Herm\u00e8s Persona - Mon Carr\u00e9 D\u00e9co\" \/>\n<meta property=\"og:description\" content=\"Tableau d&#039;un gavroche Herm\u00e8s sur le th\u00e8me des masques africains. Une d\u00e9coration murale pour les amateurs d&#039;art ethnique.\" \/>\n<meta property=\"og:url\" content=\"https:\/\/mon-carre-deco.com\/en\/product\/tableau-gavroche-hermes-persona\/\" \/>\n<meta property=\"og:site_name\" content=\"Mon Carr\u00e9 D\u00e9co\" \/>\n<meta property=\"article:modified_time\" content=\"2025-05-06T09:18:54+00:00\" \/>\n<meta property=\"og:image\" content=\"http:\/\/mon-carre-deco.com\/wp-content\/uploads\/2024\/09\/Tableau-Hermes-Gavroche-Persona-Loic-Dubigeon.jpg\" \/>\n\t<meta property=\"og:image:width\" content=\"1502\" \/>\n\t<meta property=\"og:image:height\" content=\"1502\" \/>\n\t<meta property=\"og:image:type\" content=\"image\/jpeg\" \/>\n<meta name=\"twitter:card\" content=\"summary_large_image\" \/>\n<meta name=\"twitter:label1\" content=\"Est. reading time\" \/>\n\t<meta name=\"twitter:data1\" content=\"1 minute\" \/>\n<script type=\"application\/ld+json\" class=\"yoast-schema-graph\">{\"@context\":\"https:\/\/schema.org\",\"@graph\":[{\"@type\":\"WebPage\",\"@id\":\"https:\/\/mon-carre-deco.com\/produit\/tableau-gavroche-hermes-persona\/\",\"url\":\"https:\/\/mon-carre-deco.com\/produit\/tableau-gavroche-hermes-persona\/\",\"name\":\"Tableau - Gavroche Herm\u00e8s Persona - Mon Carr\u00e9 D\u00e9co\",\"isPartOf\":{\"@id\":\"https:\/\/mon-carre-deco.com\/#website\"},\"primaryImageOfPage\":{\"@id\":\"https:\/\/mon-carre-deco.com\/produit\/tableau-gavroche-hermes-persona\/#primaryimage\"},\"image\":{\"@id\":\"https:\/\/mon-carre-deco.com\/produit\/tableau-gavroche-hermes-persona\/#primaryimage\"},\"thumbnailUrl\":\"https:\/\/mon-carre-deco.com\/wp-content\/uploads\/2024\/09\/Tableau-Hermes-Gavroche-Persona-Loic-Dubigeon.jpg\",\"datePublished\":\"2024-09-09T20:57:56+00:00\",\"dateModified\":\"2025-05-06T09:18:54+00:00\",\"description\":\"Tableau d'un gavroche Herm\u00e8s sur le th\u00e8me des masques africains. Une d\u00e9coration murale pour les amateurs d'art ethnique.\",\"breadcrumb\":{\"@id\":\"https:\/\/mon-carre-deco.com\/produit\/tableau-gavroche-hermes-persona\/#breadcrumb\"},\"inLanguage\":\"en-US\",\"potentialAction\":[{\"@type\":\"ReadAction\",\"target\":[\"https:\/\/mon-carre-deco.com\/produit\/tableau-gavroche-hermes-persona\/\"]}]},{\"@type\":\"ImageObject\",\"inLanguage\":\"en-US\",\"@id\":\"https:\/\/mon-carre-deco.com\/produit\/tableau-gavroche-hermes-persona\/#primaryimage\",\"url\":\"https:\/\/mon-carre-deco.com\/wp-content\/uploads\/2024\/09\/Tableau-Hermes-Gavroche-Persona-Loic-Dubigeon.jpg\",\"contentUrl\":\"https:\/\/mon-carre-deco.com\/wp-content\/uploads\/2024\/09\/Tableau-Hermes-Gavroche-Persona-Loic-Dubigeon.jpg\",\"width\":1502,\"height\":1502,\"caption\":\"Tableau-Hermes-Gavroche-Persona-Loic-Dubigeon\"},{\"@type\":\"BreadcrumbList\",\"@id\":\"https:\/\/mon-carre-deco.com\/produit\/tableau-gavroche-hermes-persona\/#breadcrumb\",\"itemListElement\":[{\"@type\":\"ListItem\",\"position\":1,\"name\":\"Accueil\",\"item\":\"https:\/\/mon-carre-deco.com\/\"},{\"@type\":\"ListItem\",\"position\":2,\"name\":\"Tableaux\",\"item\":\"https:\/\/mon-carre-deco.com\/boutique-tableau-hermes\/\"},{\"@type\":\"ListItem\",\"position\":3,\"name\":\"Tableau &#8211; Gavroche Herm\u00e8s Persona\"}]},{\"@type\":\"WebSite\",\"@id\":\"https:\/\/mon-carre-deco.com\/#website\",\"url\":\"https:\/\/mon-carre-deco.com\/\",\"name\":\"Mon Carr\u00e9 D\u00e9co\",\"description\":\"Mon Carr\u00e9 D&#039;art at Home, vente de tableau Herm\u00e8s, foulard carr\u00e9 Herm\u00e8s encadr\u00e9\",\"publisher\":{\"@id\":\"https:\/\/mon-carre-deco.com\/#organization\"},\"potentialAction\":[{\"@type\":\"SearchAction\",\"target\":{\"@type\":\"EntryPoint\",\"urlTemplate\":\"https:\/\/mon-carre-deco.com\/?s={search_term_string}\"},\"query-input\":{\"@type\":\"PropertyValueSpecification\",\"valueRequired\":true,\"valueName\":\"search_term_string\"}}],\"inLanguage\":\"en-US\"},{\"@type\":\"Organization\",\"@id\":\"https:\/\/mon-carre-deco.com\/#organization\",\"name\":\"Mon Carr\u00e9 D\u00e9co\",\"url\":\"https:\/\/mon-carre-deco.com\/\",\"logo\":{\"@type\":\"ImageObject\",\"inLanguage\":\"en-US\",\"@id\":\"https:\/\/mon-carre-deco.com\/#\/schema\/logo\/image\/\",\"url\":\"https:\/\/mon-carre-deco.com\/wp-content\/uploads\/2021\/04\/cropped-Logo-mon-carre-deco-2.png\",\"contentUrl\":\"https:\/\/mon-carre-deco.com\/wp-content\/uploads\/2021\/04\/cropped-Logo-mon-carre-deco-2.png\",\"width\":1043,\"height\":1043,\"caption\":\"Mon Carr\u00e9 D\u00e9co\"},\"image\":{\"@id\":\"https:\/\/mon-carre-deco.com\/#\/schema\/logo\/image\/\"}}]}<\/script>\n<!-- \/ Yoast SEO plugin. -->","yoast_head_json":{"title":"Tableau - Gavroche Herm\u00e8s Persona - Mon Carr\u00e9 D\u00e9co","description":"Tableau d'un gavroche Herm\u00e8s sur le th\u00e8me des masques africains. Une d\u00e9coration murale pour les amateurs d'art ethnique.","robots":{"index":"index","follow":"follow","max-snippet":"max-snippet:-1","max-image-preview":"max-image-preview:large","max-video-preview":"max-video-preview:-1"},"canonical":"https:\/\/mon-carre-deco.com\/en\/product\/tableau-gavroche-hermes-persona\/","og_locale":"en_US","og_type":"article","og_title":"Tableau - Gavroche Herm\u00e8s Persona - Mon Carr\u00e9 D\u00e9co","og_description":"Tableau d'un gavroche Herm\u00e8s sur le th\u00e8me des masques africains. Une d\u00e9coration murale pour les amateurs d'art ethnique.","og_url":"https:\/\/mon-carre-deco.com\/en\/product\/tableau-gavroche-hermes-persona\/","og_site_name":"Mon Carr\u00e9 D\u00e9co","article_modified_time":"2025-05-06T09:18:54+00:00","og_image":[{"width":1502,"height":1502,"url":"http:\/\/mon-carre-deco.com\/wp-content\/uploads\/2024\/09\/Tableau-Hermes-Gavroche-Persona-Loic-Dubigeon.jpg","type":"image\/jpeg"}],"twitter_card":"summary_large_image","twitter_misc":{"Est. reading time":"1 minute"},"schema":{"@context":"https:\/\/schema.org","@graph":[{"@type":"WebPage","@id":"https:\/\/mon-carre-deco.com\/produit\/tableau-gavroche-hermes-persona\/","url":"https:\/\/mon-carre-deco.com\/produit\/tableau-gavroche-hermes-persona\/","name":"Tableau - Gavroche Herm\u00e8s Persona - Mon Carr\u00e9 D\u00e9co","isPartOf":{"@id":"https:\/\/mon-carre-deco.com\/#website"},"primaryImageOfPage":{"@id":"https:\/\/mon-carre-deco.com\/produit\/tableau-gavroche-hermes-persona\/#primaryimage"},"image":{"@id":"https:\/\/mon-carre-deco.com\/produit\/tableau-gavroche-hermes-persona\/#primaryimage"},"thumbnailUrl":"https:\/\/mon-carre-deco.com\/wp-content\/uploads\/2024\/09\/Tableau-Hermes-Gavroche-Persona-Loic-Dubigeon.jpg","datePublished":"2024-09-09T20:57:56+00:00","dateModified":"2025-05-06T09:18:54+00:00","description":"Tableau d'un gavroche Herm\u00e8s sur le th\u00e8me des masques africains. Une d\u00e9coration murale pour les amateurs d'art ethnique.","breadcrumb":{"@id":"https:\/\/mon-carre-deco.com\/produit\/tableau-gavroche-hermes-persona\/#breadcrumb"},"inLanguage":"en-US","potentialAction":[{"@type":"ReadAction","target":["https:\/\/mon-carre-deco.com\/produit\/tableau-gavroche-hermes-persona\/"]}]},{"@type":"ImageObject","inLanguage":"en-US","@id":"https:\/\/mon-carre-deco.com\/produit\/tableau-gavroche-hermes-persona\/#primaryimage","url":"https:\/\/mon-carre-deco.com\/wp-content\/uploads\/2024\/09\/Tableau-Hermes-Gavroche-Persona-Loic-Dubigeon.jpg","contentUrl":"https:\/\/mon-carre-deco.com\/wp-content\/uploads\/2024\/09\/Tableau-Hermes-Gavroche-Persona-Loic-Dubigeon.jpg","width":1502,"height":1502,"caption":"Tableau-Hermes-Gavroche-Persona-Loic-Dubigeon"},{"@type":"BreadcrumbList","@id":"https:\/\/mon-carre-deco.com\/produit\/tableau-gavroche-hermes-persona\/#breadcrumb","itemListElement":[{"@type":"ListItem","position":1,"name":"Accueil","item":"https:\/\/mon-carre-deco.com\/"},{"@type":"ListItem","position":2,"name":"Tableaux","item":"https:\/\/mon-carre-deco.com\/boutique-tableau-hermes\/"},{"@type":"ListItem","position":3,"name":"Tableau &#8211; Gavroche Herm\u00e8s Persona"}]},{"@type":"WebSite","@id":"https:\/\/mon-carre-deco.com\/#website","url":"https:\/\/mon-carre-deco.com\/","name":"Mon Carr\u00e9 D\u00e9co","description":"Mon Carr\u00e9 D&#039;art at Home, vente de tableau Herm\u00e8s, foulard carr\u00e9 Herm\u00e8s encadr\u00e9","publisher":{"@id":"https:\/\/mon-carre-deco.com\/#organization"},"potentialAction":[{"@type":"SearchAction","target":{"@type":"EntryPoint","urlTemplate":"https:\/\/mon-carre-deco.com\/?s={search_term_string}"},"query-input":{"@type":"PropertyValueSpecification","valueRequired":true,"valueName":"search_term_string"}}],"inLanguage":"en-US"},{"@type":"Organization","@id":"https:\/\/mon-carre-deco.com\/#organization","name":"Mon Carr\u00e9 D\u00e9co","url":"https:\/\/mon-carre-deco.com\/","logo":{"@type":"ImageObject","inLanguage":"en-US","@id":"https:\/\/mon-carre-deco.com\/#\/schema\/logo\/image\/","url":"https:\/\/mon-carre-deco.com\/wp-content\/uploads\/2021\/04\/cropped-Logo-mon-carre-deco-2.png","contentUrl":"https:\/\/mon-carre-deco.com\/wp-content\/uploads\/2021\/04\/cropped-Logo-mon-carre-deco-2.png","width":1043,"height":1043,"caption":"Mon Carr\u00e9 D\u00e9co"},"image":{"@id":"https:\/\/mon-carre-deco.com\/#\/schema\/logo\/image\/"}}]}},"_links":{"self":[{"href":"https:\/\/mon-carre-deco.com\/en\/wp-json\/wp\/v2\/product\/4231","targetHints":{"allow":["GET"]}}],"collection":[{"href":"https:\/\/mon-carre-deco.com\/en\/wp-json\/wp\/v2\/product"}],"about":[{"href":"https:\/\/mon-carre-deco.com\/en\/wp-json\/wp\/v2\/types\/product"}],"replies":[{"embeddable":true,"href":"https:\/\/mon-carre-deco.com\/en\/wp-json\/wp\/v2\/comments?post=4231"}],"version-history":[{"count":2,"href":"https:\/\/mon-carre-deco.com\/en\/wp-json\/wp\/v2\/product\/4231\/revisions"}],"predecessor-version":[{"id":4236,"href":"https:\/\/mon-carre-deco.com\/en\/wp-json\/wp\/v2\/product\/4231\/revisions\/4236"}],"wp:featuredmedia":[{"embeddable":true,"href":"https:\/\/mon-carre-deco.com\/en\/wp-json\/wp\/v2\/media\/4233"}],"wp:attachment":[{"href":"https:\/\/mon-carre-deco.com\/en\/wp-json\/wp\/v2\/media?parent=4231"}],"wp:term":[{"taxonomy":"product_brand","embeddable":true,"href":"https:\/\/mon-carre-deco.com\/en\/wp-json\/wp\/v2\/product_brand?post=4231"},{"taxonomy":"product_cat","embeddable":true,"href":"https:\/\/mon-carre-deco.com\/en\/wp-json\/wp\/v2\/product_cat?post=4231"},{"taxonomy":"product_tag","embeddable":true,"href":"https:\/\/mon-carre-deco.com\/en\/wp-json\/wp\/v2\/product_tag?post=4231"}],"curies":[{"name":"wp","href":"https:\/\/api.w.org\/{rel}","templated":true}]}}