{"id":4243,"date":"2025-04-24T15:56:37","date_gmt":"2025-04-24T13:56:37","guid":{"rendered":"https:\/\/mon-carre-deco.com\/?post_type=product&#038;p=4243"},"modified":"2025-05-06T10:52:46","modified_gmt":"2025-05-06T08:52:46","slug":"tableau-carre-hermes-bouteille-a-la-mer","status":"publish","type":"product","link":"https:\/\/mon-carre-deco.com\/en\/product\/tableau-carre-hermes-bouteille-a-la-mer\/","title":{"rendered":"Tableau &#8211; Carr\u00e9 Herm\u00e8s Bouteilles \u00e0 la Mer"},"content":{"rendered":"<p>\u00ab\u00a0Bouteilles \u00e0 la Mer\u00a0\u00bb<\/p>\n<p>\u00c9dit\u00e9 la premi\u00e8re fois en 1959, r\u00e9\u00e9dit\u00e9 en 1975\/2005\/2009<\/p>\n<p>Designer : <a href=\"http:\/\/mon-carre-deco.com\/wp-content\/uploads\/2021\/06\/pierre__peron__loeuvre__graphique.pdf\">Pierre P\u00e9ron<\/a><\/p>\n<p>Pierre P\u00e9ron, born October 5, 1905 in Brest and died in the same city on March 27, 1988,\nis a French illustrator, graphic designer, caricaturist, painter, engraver, decorator, sculptor,\nfilmmaker and writer.<\/p>\n<p>He left a rich, felt and alert work. His vitality, his creative passion led him to use the most\ndiverse means to transcribe what was recorded by an eye constantly alert, available,\nactive and generous. He tested his art and his vision in the most diverse fields. In addition\nto canvases, gouaches, maps, drawings, scratch cards, linoleum and engraved wood... He\nhas never ceased to leave the classical fields of art to produce works with greater\ndistribution. The list would be long to draw up, because to be completely exhaustive, it\nwould be necessary to detail his productions for the press: caricatures, comic strips, the\nfirst pages of the \"Telegram\", his cinematographic production, his mural frescoes, the first\nof which date from 1932, with the four large paintings in the ARMOR Cinema hall executed\non the theme of the sea; his tapestries for Joan of Arc, his scarves for Maison LE MINOR\nin Pont-l'Abb\u00e9 and above all his lasting collaboration with Maison HERM\u00c8S... his KELT\njewelry... his design of several medals... He even made drawings of raffle tickets and\npostage stamps!<\/p>\n<p>Du m\u00eame artiste : <a href=\"https:\/\/mon-carre-deco.com\/en\/product\/tableau-hermes-alternateur-cadeau-homme\/\">\u00ab\u00a0Alternateur\u00a0\u00bb <\/a>, <a href=\"https:\/\/mon-carre-deco.com\/en\/product\/tableau-carre-hermes-thalassa\/\">Thalassa<\/a><\/p>","protected":false},"excerpt":{"rendered":"<p>Une d\u00e9coration murale pour les navigateurs, les marins en qu\u00eate d\u2019aventure et les r\u00eaveurs solitaires. Ces bouteilles \u00e0 la mer sont autant de messages d\u2019espoir dans l\u2019isolement des oc\u00e9ans infinis, une mani\u00e8re de laisser une empreinte sur le monde.<\/p>\n<p>Ainsi, chaque bouteille jet\u00e9e \u00e0 la mer devient une capsule temporelle, renfermant une partie de l\u2019\u00e2me de celui qui l\u2019a lanc\u00e9e. Que le message soit d\u00e9couvert ou non, l\u2019essence de cette action r\u00e9side dans le partage d\u2019un moment intime avec les myst\u00e8res insondables de l\u2019oc\u00e9an, un lien fragile et magnifique entre l\u2019exp\u00e9diteur et celui qui pourrait, un jour, retrouver ce message \u00e0 la d\u00e9rive.<\/p>\n<ul>\n<li style=\"list-style-type: none;\">\n<ul>\n<li>Silk<\/li>\n<li>Couleurs dominantes : noir, rouge, beige, or<\/li>\n<li>Moulure inox brillant et bross\u00e9 noir<\/li>\n<li>White matting<\/li>\n<li>Verre acrylique de protection.<\/li>\n<li>Rear mounting hook<\/li>\n<\/ul>\n<\/li>\n<\/ul>\n<p>Designer : <a href=\"http:\/\/mon-carre-deco.com\/wp-content\/uploads\/2021\/06\/pierre__peron__loeuvre__graphique.pdf\">Pierre P\u00e9ron<\/a><\/p>","protected":false},"featured_media":4245,"comment_status":"closed","ping_status":"closed","template":"","meta":{"site-sidebar-layout":"default","site-content-layout":"","ast-site-content-layout":"default","site-content-style":"default","site-sidebar-style":"default","ast-global-header-display":"","ast-banner-title-visibility":"","ast-main-header-display":"","ast-hfb-above-header-display":"","ast-hfb-below-header-display":"","ast-hfb-mobile-header-display":"","site-post-title":"","ast-breadcrumbs-content":"","ast-featured-img":"","footer-sml-layout":"","theme-transparent-header-meta":"default","adv-header-id-meta":"","stick-header-meta":"","header-above-stick-meta":"","header-main-stick-meta":"","header-below-stick-meta":"","astra-migrate-meta-layouts":"set"},"product_brand":[],"product_cat":[24],"product_tag":[],"class_list":{"0":"post-4243","1":"product","2":"type-product","3":"status-publish","4":"has-post-thumbnail","6":"product_cat-carre-90x90","7":"desktop-align-left","8":"tablet-align-left","9":"mobile-align-left","11":"first","12":"instock","13":"shipping-taxable","14":"product-type-simple"},"yoast_head":"<!-- This site is optimized with the Yoast SEO plugin v25.4 - https:\/\/yoast.com\/wordpress\/plugins\/seo\/ -->\n<title>Tableau - Carr\u00e9 Herm\u00e8s Bouteilles \u00e0 la Mer - Mon Carr\u00e9 D\u00e9co<\/title>\n<meta name=\"description\" content=\"Une d\u00e9coration murale pour les navigateurs, les marins en qu\u00eate d\u2019aventure et les r\u00eaveurs solitaires. Chaque bouteille jet\u00e9e \u00e0 la mer devient une capsule temporelle.\" \/>\n<meta name=\"robots\" content=\"index, follow, max-snippet:-1, max-image-preview:large, max-video-preview:-1\" \/>\n<link rel=\"canonical\" href=\"https:\/\/mon-carre-deco.com\/en\/product\/tableau-carre-hermes-bouteille-a-la-mer\/\" \/>\n<meta property=\"og:locale\" content=\"en_US\" \/>\n<meta property=\"og:type\" content=\"article\" \/>\n<meta property=\"og:title\" content=\"Tableau - Carr\u00e9 Herm\u00e8s Bouteilles \u00e0 la Mer - Mon Carr\u00e9 D\u00e9co\" \/>\n<meta property=\"og:description\" content=\"Une d\u00e9coration murale pour les navigateurs, les marins en qu\u00eate d\u2019aventure et les r\u00eaveurs solitaires. Chaque bouteille jet\u00e9e \u00e0 la mer devient une capsule temporelle.\" \/>\n<meta property=\"og:url\" content=\"https:\/\/mon-carre-deco.com\/en\/product\/tableau-carre-hermes-bouteille-a-la-mer\/\" \/>\n<meta property=\"og:site_name\" content=\"Mon Carr\u00e9 D\u00e9co\" \/>\n<meta property=\"article:modified_time\" content=\"2025-05-06T08:52:46+00:00\" \/>\n<meta property=\"og:image\" content=\"http:\/\/mon-carre-deco.com\/wp-content\/uploads\/2025\/04\/Tableau-Hermes-BOUTEILLE-A-LA-MER-de-Pierre-Peron.jpg\" \/>\n\t<meta property=\"og:image:width\" content=\"691\" \/>\n\t<meta property=\"og:image:height\" content=\"644\" \/>\n\t<meta property=\"og:image:type\" content=\"image\/jpeg\" \/>\n<meta name=\"twitter:card\" content=\"summary_large_image\" \/>\n<meta name=\"twitter:label1\" content=\"Est. reading time\" \/>\n\t<meta name=\"twitter:data1\" content=\"2 minutes\" \/>\n<script type=\"application\/ld+json\" class=\"yoast-schema-graph\">{\"@context\":\"https:\/\/schema.org\",\"@graph\":[{\"@type\":\"WebPage\",\"@id\":\"https:\/\/mon-carre-deco.com\/produit\/tableau-carre-hermes-bouteille-a-la-mer\/\",\"url\":\"https:\/\/mon-carre-deco.com\/produit\/tableau-carre-hermes-bouteille-a-la-mer\/\",\"name\":\"Tableau - Carr\u00e9 Herm\u00e8s Bouteilles \u00e0 la Mer - Mon Carr\u00e9 D\u00e9co\",\"isPartOf\":{\"@id\":\"https:\/\/mon-carre-deco.com\/#website\"},\"primaryImageOfPage\":{\"@id\":\"https:\/\/mon-carre-deco.com\/produit\/tableau-carre-hermes-bouteille-a-la-mer\/#primaryimage\"},\"image\":{\"@id\":\"https:\/\/mon-carre-deco.com\/produit\/tableau-carre-hermes-bouteille-a-la-mer\/#primaryimage\"},\"thumbnailUrl\":\"https:\/\/mon-carre-deco.com\/wp-content\/uploads\/2025\/04\/Tableau-Hermes-BOUTEILLE-A-LA-MER-de-Pierre-Peron.jpg\",\"datePublished\":\"2025-04-24T13:56:37+00:00\",\"dateModified\":\"2025-05-06T08:52:46+00:00\",\"description\":\"Une d\u00e9coration murale pour les navigateurs, les marins en qu\u00eate d\u2019aventure et les r\u00eaveurs solitaires. Chaque bouteille jet\u00e9e \u00e0 la mer devient une capsule temporelle.\",\"breadcrumb\":{\"@id\":\"https:\/\/mon-carre-deco.com\/produit\/tableau-carre-hermes-bouteille-a-la-mer\/#breadcrumb\"},\"inLanguage\":\"en-US\",\"potentialAction\":[{\"@type\":\"ReadAction\",\"target\":[\"https:\/\/mon-carre-deco.com\/produit\/tableau-carre-hermes-bouteille-a-la-mer\/\"]}]},{\"@type\":\"ImageObject\",\"inLanguage\":\"en-US\",\"@id\":\"https:\/\/mon-carre-deco.com\/produit\/tableau-carre-hermes-bouteille-a-la-mer\/#primaryimage\",\"url\":\"https:\/\/mon-carre-deco.com\/wp-content\/uploads\/2025\/04\/Tableau-Hermes-BOUTEILLE-A-LA-MER-de-Pierre-Peron.jpg\",\"contentUrl\":\"https:\/\/mon-carre-deco.com\/wp-content\/uploads\/2025\/04\/Tableau-Hermes-BOUTEILLE-A-LA-MER-de-Pierre-Peron.jpg\",\"width\":691,\"height\":644,\"caption\":\"Tableau Carr\u00e9 Herm\u00e8s Bouteille \u00e0 la Mer de Pierre P\u00e9ron 1959\"},{\"@type\":\"BreadcrumbList\",\"@id\":\"https:\/\/mon-carre-deco.com\/produit\/tableau-carre-hermes-bouteille-a-la-mer\/#breadcrumb\",\"itemListElement\":[{\"@type\":\"ListItem\",\"position\":1,\"name\":\"Accueil\",\"item\":\"https:\/\/mon-carre-deco.com\/\"},{\"@type\":\"ListItem\",\"position\":2,\"name\":\"Tableaux\",\"item\":\"https:\/\/mon-carre-deco.com\/boutique-tableau-hermes\/\"},{\"@type\":\"ListItem\",\"position\":3,\"name\":\"Tableau &#8211; Carr\u00e9 Herm\u00e8s Bouteilles \u00e0 la Mer\"}]},{\"@type\":\"WebSite\",\"@id\":\"https:\/\/mon-carre-deco.com\/#website\",\"url\":\"https:\/\/mon-carre-deco.com\/\",\"name\":\"Mon Carr\u00e9 D\u00e9co\",\"description\":\"Mon Carr\u00e9 D&#039;art at Home, vente de tableau Herm\u00e8s, foulard carr\u00e9 Herm\u00e8s encadr\u00e9\",\"publisher\":{\"@id\":\"https:\/\/mon-carre-deco.com\/#organization\"},\"potentialAction\":[{\"@type\":\"SearchAction\",\"target\":{\"@type\":\"EntryPoint\",\"urlTemplate\":\"https:\/\/mon-carre-deco.com\/?s={search_term_string}\"},\"query-input\":{\"@type\":\"PropertyValueSpecification\",\"valueRequired\":true,\"valueName\":\"search_term_string\"}}],\"inLanguage\":\"en-US\"},{\"@type\":\"Organization\",\"@id\":\"https:\/\/mon-carre-deco.com\/#organization\",\"name\":\"Mon Carr\u00e9 D\u00e9co\",\"url\":\"https:\/\/mon-carre-deco.com\/\",\"logo\":{\"@type\":\"ImageObject\",\"inLanguage\":\"en-US\",\"@id\":\"https:\/\/mon-carre-deco.com\/#\/schema\/logo\/image\/\",\"url\":\"https:\/\/mon-carre-deco.com\/wp-content\/uploads\/2021\/04\/cropped-Logo-mon-carre-deco-2.png\",\"contentUrl\":\"https:\/\/mon-carre-deco.com\/wp-content\/uploads\/2021\/04\/cropped-Logo-mon-carre-deco-2.png\",\"width\":1043,\"height\":1043,\"caption\":\"Mon Carr\u00e9 D\u00e9co\"},\"image\":{\"@id\":\"https:\/\/mon-carre-deco.com\/#\/schema\/logo\/image\/\"}}]}<\/script>\n<!-- \/ Yoast SEO plugin. -->","yoast_head_json":{"title":"Tableau - Carr\u00e9 Herm\u00e8s Bouteilles \u00e0 la Mer - Mon Carr\u00e9 D\u00e9co","description":"Une d\u00e9coration murale pour les navigateurs, les marins en qu\u00eate d\u2019aventure et les r\u00eaveurs solitaires. Chaque bouteille jet\u00e9e \u00e0 la mer devient une capsule temporelle.","robots":{"index":"index","follow":"follow","max-snippet":"max-snippet:-1","max-image-preview":"max-image-preview:large","max-video-preview":"max-video-preview:-1"},"canonical":"https:\/\/mon-carre-deco.com\/en\/product\/tableau-carre-hermes-bouteille-a-la-mer\/","og_locale":"en_US","og_type":"article","og_title":"Tableau - Carr\u00e9 Herm\u00e8s Bouteilles \u00e0 la Mer - Mon Carr\u00e9 D\u00e9co","og_description":"Une d\u00e9coration murale pour les navigateurs, les marins en qu\u00eate d\u2019aventure et les r\u00eaveurs solitaires. Chaque bouteille jet\u00e9e \u00e0 la mer devient une capsule temporelle.","og_url":"https:\/\/mon-carre-deco.com\/en\/product\/tableau-carre-hermes-bouteille-a-la-mer\/","og_site_name":"Mon Carr\u00e9 D\u00e9co","article_modified_time":"2025-05-06T08:52:46+00:00","og_image":[{"width":691,"height":644,"url":"http:\/\/mon-carre-deco.com\/wp-content\/uploads\/2025\/04\/Tableau-Hermes-BOUTEILLE-A-LA-MER-de-Pierre-Peron.jpg","type":"image\/jpeg"}],"twitter_card":"summary_large_image","twitter_misc":{"Est. reading time":"2 minutes"},"schema":{"@context":"https:\/\/schema.org","@graph":[{"@type":"WebPage","@id":"https:\/\/mon-carre-deco.com\/produit\/tableau-carre-hermes-bouteille-a-la-mer\/","url":"https:\/\/mon-carre-deco.com\/produit\/tableau-carre-hermes-bouteille-a-la-mer\/","name":"Tableau - Carr\u00e9 Herm\u00e8s Bouteilles \u00e0 la Mer - Mon Carr\u00e9 D\u00e9co","isPartOf":{"@id":"https:\/\/mon-carre-deco.com\/#website"},"primaryImageOfPage":{"@id":"https:\/\/mon-carre-deco.com\/produit\/tableau-carre-hermes-bouteille-a-la-mer\/#primaryimage"},"image":{"@id":"https:\/\/mon-carre-deco.com\/produit\/tableau-carre-hermes-bouteille-a-la-mer\/#primaryimage"},"thumbnailUrl":"https:\/\/mon-carre-deco.com\/wp-content\/uploads\/2025\/04\/Tableau-Hermes-BOUTEILLE-A-LA-MER-de-Pierre-Peron.jpg","datePublished":"2025-04-24T13:56:37+00:00","dateModified":"2025-05-06T08:52:46+00:00","description":"Une d\u00e9coration murale pour les navigateurs, les marins en qu\u00eate d\u2019aventure et les r\u00eaveurs solitaires. Chaque bouteille jet\u00e9e \u00e0 la mer devient une capsule temporelle.","breadcrumb":{"@id":"https:\/\/mon-carre-deco.com\/produit\/tableau-carre-hermes-bouteille-a-la-mer\/#breadcrumb"},"inLanguage":"en-US","potentialAction":[{"@type":"ReadAction","target":["https:\/\/mon-carre-deco.com\/produit\/tableau-carre-hermes-bouteille-a-la-mer\/"]}]},{"@type":"ImageObject","inLanguage":"en-US","@id":"https:\/\/mon-carre-deco.com\/produit\/tableau-carre-hermes-bouteille-a-la-mer\/#primaryimage","url":"https:\/\/mon-carre-deco.com\/wp-content\/uploads\/2025\/04\/Tableau-Hermes-BOUTEILLE-A-LA-MER-de-Pierre-Peron.jpg","contentUrl":"https:\/\/mon-carre-deco.com\/wp-content\/uploads\/2025\/04\/Tableau-Hermes-BOUTEILLE-A-LA-MER-de-Pierre-Peron.jpg","width":691,"height":644,"caption":"Tableau Carr\u00e9 Herm\u00e8s Bouteille \u00e0 la Mer de Pierre P\u00e9ron 1959"},{"@type":"BreadcrumbList","@id":"https:\/\/mon-carre-deco.com\/produit\/tableau-carre-hermes-bouteille-a-la-mer\/#breadcrumb","itemListElement":[{"@type":"ListItem","position":1,"name":"Accueil","item":"https:\/\/mon-carre-deco.com\/"},{"@type":"ListItem","position":2,"name":"Tableaux","item":"https:\/\/mon-carre-deco.com\/boutique-tableau-hermes\/"},{"@type":"ListItem","position":3,"name":"Tableau &#8211; Carr\u00e9 Herm\u00e8s Bouteilles \u00e0 la Mer"}]},{"@type":"WebSite","@id":"https:\/\/mon-carre-deco.com\/#website","url":"https:\/\/mon-carre-deco.com\/","name":"Mon Carr\u00e9 D\u00e9co","description":"Mon Carr\u00e9 D&#039;art at Home, vente de tableau Herm\u00e8s, foulard carr\u00e9 Herm\u00e8s encadr\u00e9","publisher":{"@id":"https:\/\/mon-carre-deco.com\/#organization"},"potentialAction":[{"@type":"SearchAction","target":{"@type":"EntryPoint","urlTemplate":"https:\/\/mon-carre-deco.com\/?s={search_term_string}"},"query-input":{"@type":"PropertyValueSpecification","valueRequired":true,"valueName":"search_term_string"}}],"inLanguage":"en-US"},{"@type":"Organization","@id":"https:\/\/mon-carre-deco.com\/#organization","name":"Mon Carr\u00e9 D\u00e9co","url":"https:\/\/mon-carre-deco.com\/","logo":{"@type":"ImageObject","inLanguage":"en-US","@id":"https:\/\/mon-carre-deco.com\/#\/schema\/logo\/image\/","url":"https:\/\/mon-carre-deco.com\/wp-content\/uploads\/2021\/04\/cropped-Logo-mon-carre-deco-2.png","contentUrl":"https:\/\/mon-carre-deco.com\/wp-content\/uploads\/2021\/04\/cropped-Logo-mon-carre-deco-2.png","width":1043,"height":1043,"caption":"Mon Carr\u00e9 D\u00e9co"},"image":{"@id":"https:\/\/mon-carre-deco.com\/#\/schema\/logo\/image\/"}}]}},"_links":{"self":[{"href":"https:\/\/mon-carre-deco.com\/en\/wp-json\/wp\/v2\/product\/4243","targetHints":{"allow":["GET"]}}],"collection":[{"href":"https:\/\/mon-carre-deco.com\/en\/wp-json\/wp\/v2\/product"}],"about":[{"href":"https:\/\/mon-carre-deco.com\/en\/wp-json\/wp\/v2\/types\/product"}],"replies":[{"embeddable":true,"href":"https:\/\/mon-carre-deco.com\/en\/wp-json\/wp\/v2\/comments?post=4243"}],"version-history":[{"count":3,"href":"https:\/\/mon-carre-deco.com\/en\/wp-json\/wp\/v2\/product\/4243\/revisions"}],"predecessor-version":[{"id":4248,"href":"https:\/\/mon-carre-deco.com\/en\/wp-json\/wp\/v2\/product\/4243\/revisions\/4248"}],"wp:featuredmedia":[{"embeddable":true,"href":"https:\/\/mon-carre-deco.com\/en\/wp-json\/wp\/v2\/media\/4245"}],"wp:attachment":[{"href":"https:\/\/mon-carre-deco.com\/en\/wp-json\/wp\/v2\/media?parent=4243"}],"wp:term":[{"taxonomy":"product_brand","embeddable":true,"href":"https:\/\/mon-carre-deco.com\/en\/wp-json\/wp\/v2\/product_brand?post=4243"},{"taxonomy":"product_cat","embeddable":true,"href":"https:\/\/mon-carre-deco.com\/en\/wp-json\/wp\/v2\/product_cat?post=4243"},{"taxonomy":"product_tag","embeddable":true,"href":"https:\/\/mon-carre-deco.com\/en\/wp-json\/wp\/v2\/product_tag?post=4243"}],"curies":[{"name":"wp","href":"https:\/\/api.w.org\/{rel}","templated":true}]}}