{"id":4276,"date":"2025-04-25T16:42:47","date_gmt":"2025-04-25T14:42:47","guid":{"rendered":"https:\/\/mon-carre-deco.com\/?post_type=product&#038;p=4276"},"modified":"2025-07-05T23:55:02","modified_gmt":"2025-07-05T21:55:02","slug":"tableau-carre-hermes-surprise","status":"publish","type":"product","link":"https:\/\/mon-carre-deco.com\/en\/product\/tableau-carre-hermes-surprise\/","title":{"rendered":"Tableau &#8211; Carr\u00e9 Herm\u00e8s Cheval Surprise"},"content":{"rendered":"<p>\u00ab\u00a0Cheval Surprise\u00a0\u00bb<\/p>\n<p>\u00c9dit\u00e9 en 2004, <a href=\"https:\/\/dimitrir.cargo.site\/Carre-cheval-surprise-remix\">Cheval Surprise Remix<\/a> (multicolore) \u00e9dit\u00e9 en 2016<\/p>\n<p><a href=\"https:\/\/dimitrir.cargo.site\/\">Dimitri Rybaltchenko<\/a> est issu d\u2019une famille de grands artistes, qui ont tous jou\u00e9 un r\u00f4le majeur dans le succ\u00e8s de la Maison Herm\u00e8s, en particulier Herm\u00e8s Carr\u00e9. Dimitri est le fils de Vladimir Rybaltchenko, qui \u00e9tait le petit-neveu de Philippe Ledoux.<\/p>","protected":false},"excerpt":{"rendered":"<p>D\u2019une nu\u00e9e de t\u00e2ches surgissent montures et cavaliers. Dimitri Rybaltchenko nous entra\u00eene dans une aventure visuelle dont il est l\u2019ordonnateur. Le regard se perd dans l\u2019informel pour y discerner peu \u00e0 peu les silhouettes qui s\u2019y cachent. Tout est affaire d\u2019angle de vue : \u00ab relier des \u00e9l\u00e9ments \u00e9pars et sans signification apparente et leur donner un sens, une vie \u00bb, c\u2019est ainsi que le dessinateur con\u00e7oit ce cheminement de la pens\u00e9e, tout comme na\u00eet une id\u00e9e \u00ab en se laissant aller \u00e0 la r\u00eaverie, laissant planer son regard \u00bb. \u00ab Quelques t\u00e2ches suffisent \u00e0 rompre le silence \u00bb dit-il, et le silence ici laisse place au galop des montures, au souffle cadenc\u00e9 par le rythme de leur course. Le calme aussi y prend sa place, en t\u00e9moignent le duc attel\u00e9 et son groom, qui symbolisent Herm\u00e8s, et dont un tableau d\u2019Alfred de Dreux fut le mod\u00e8le. Carle Vernet et Jonny Audy, peintres \u00e9questres des XVIII\u00e8me et XIX\u00e8me si\u00e8cle, sont \u00e9galement convi\u00e9s \u00e0 cet exercice de style. D\u00e9tourner, entrainer vers une forme r\u00e9solument moderne les fondements m\u00eames de son classicisme, voil\u00e0 un \u00e9tat d\u2019esprit qui sied \u00e0 la maison Herm\u00e8s. Monochrome \u00e0 l\u2019origine, devenu multicolore, Cheval surprise remix ne cesse de capter l\u2019imaginaire.<\/p>\n<ul>\n<li style=\"list-style-type: none;\">\n<ul>\n<li>Silk<\/li>\n<li>Couleurs dominantes : orange, vert, jaune, dor\u00e9<\/li>\n<li>Moulure en bois dor\u00e9 perl\u00e9<\/li>\n<li>White matting<\/li>\n<li>UV-resistant glass \u2265 99<\/li>\n<li>Rear mounting hook<\/li>\n<\/ul>\n<\/li>\n<\/ul>\n<p>Designer : <a href=\"https:\/\/dimitrir.cargo.site\/about\">Dimitri Rybaltchenko<\/a><\/p>","protected":false},"featured_media":4278,"comment_status":"closed","ping_status":"closed","template":"","meta":{"site-sidebar-layout":"default","site-content-layout":"","ast-site-content-layout":"default","site-content-style":"default","site-sidebar-style":"default","ast-global-header-display":"","ast-banner-title-visibility":"","ast-main-header-display":"","ast-hfb-above-header-display":"","ast-hfb-below-header-display":"","ast-hfb-mobile-header-display":"","site-post-title":"","ast-breadcrumbs-content":"","ast-featured-img":"","footer-sml-layout":"","theme-transparent-header-meta":"default","adv-header-id-meta":"","stick-header-meta":"","header-above-stick-meta":"","header-main-stick-meta":"","header-below-stick-meta":"","astra-migrate-meta-layouts":"set"},"product_brand":[],"product_cat":[15],"product_tag":[],"class_list":{"0":"post-4276","1":"product","2":"type-product","3":"status-publish","4":"has-post-thumbnail","6":"product_cat-carres-exceptionnels","7":"desktop-align-left","8":"tablet-align-left","9":"mobile-align-left","11":"first","12":"instock","13":"shipping-taxable","14":"product-type-simple"},"yoast_head":"<!-- This site is optimized with the Yoast SEO plugin v25.4 - https:\/\/yoast.com\/wordpress\/plugins\/seo\/ -->\n<title>Tableau - Carr\u00e9 Herm\u00e8s Cheval Surprise - Mon Carr\u00e9 D\u00e9co<\/title>\n<meta name=\"description\" content=\"D\u2019une nu\u00e9e de t\u00e2ches surgissent montures et cavaliers. Le regard se perd dans l\u2019informel pour y discerner peu \u00e0 peu les silhouettes qui s\u2019y cachent.\" \/>\n<meta name=\"robots\" content=\"index, follow, max-snippet:-1, max-image-preview:large, max-video-preview:-1\" \/>\n<link rel=\"canonical\" href=\"https:\/\/mon-carre-deco.com\/en\/product\/tableau-carre-hermes-surprise\/\" \/>\n<meta property=\"og:locale\" content=\"en_US\" \/>\n<meta property=\"og:type\" content=\"article\" \/>\n<meta property=\"og:title\" content=\"Tableau - Carr\u00e9 Herm\u00e8s Cheval Surprise - Mon Carr\u00e9 D\u00e9co\" \/>\n<meta property=\"og:description\" content=\"D\u2019une nu\u00e9e de t\u00e2ches surgissent montures et cavaliers. Le regard se perd dans l\u2019informel pour y discerner peu \u00e0 peu les silhouettes qui s\u2019y cachent.\" \/>\n<meta property=\"og:url\" content=\"https:\/\/mon-carre-deco.com\/en\/product\/tableau-carre-hermes-surprise\/\" \/>\n<meta property=\"og:site_name\" content=\"Mon Carr\u00e9 D\u00e9co\" \/>\n<meta property=\"article:modified_time\" content=\"2025-07-05T21:55:02+00:00\" \/>\n<meta property=\"og:image\" content=\"http:\/\/mon-carre-deco.com\/wp-content\/uploads\/2025\/04\/Tableau-Hermes-Cheval-Surprise-Dimitri-Rybaltchenco-moulure-bois-dore.jpg\" \/>\n\t<meta property=\"og:image:width\" content=\"786\" \/>\n\t<meta property=\"og:image:height\" content=\"732\" \/>\n\t<meta property=\"og:image:type\" content=\"image\/jpeg\" \/>\n<meta name=\"twitter:card\" content=\"summary_large_image\" \/>\n<meta name=\"twitter:label1\" content=\"Est. reading time\" \/>\n\t<meta name=\"twitter:data1\" content=\"1 minute\" \/>\n<script type=\"application\/ld+json\" class=\"yoast-schema-graph\">{\"@context\":\"https:\/\/schema.org\",\"@graph\":[{\"@type\":\"WebPage\",\"@id\":\"https:\/\/mon-carre-deco.com\/produit\/tableau-carre-hermes-surprise\/\",\"url\":\"https:\/\/mon-carre-deco.com\/produit\/tableau-carre-hermes-surprise\/\",\"name\":\"Tableau - Carr\u00e9 Herm\u00e8s Cheval Surprise - Mon Carr\u00e9 D\u00e9co\",\"isPartOf\":{\"@id\":\"https:\/\/mon-carre-deco.com\/#website\"},\"primaryImageOfPage\":{\"@id\":\"https:\/\/mon-carre-deco.com\/produit\/tableau-carre-hermes-surprise\/#primaryimage\"},\"image\":{\"@id\":\"https:\/\/mon-carre-deco.com\/produit\/tableau-carre-hermes-surprise\/#primaryimage\"},\"thumbnailUrl\":\"https:\/\/mon-carre-deco.com\/wp-content\/uploads\/2025\/04\/Tableau-Hermes-Cheval-Surprise-Dimitri-Rybaltchenco-moulure-bois-dore.jpg\",\"datePublished\":\"2025-04-25T14:42:47+00:00\",\"dateModified\":\"2025-07-05T21:55:02+00:00\",\"description\":\"D\u2019une nu\u00e9e de t\u00e2ches surgissent montures et cavaliers. Le regard se perd dans l\u2019informel pour y discerner peu \u00e0 peu les silhouettes qui s\u2019y cachent.\",\"breadcrumb\":{\"@id\":\"https:\/\/mon-carre-deco.com\/produit\/tableau-carre-hermes-surprise\/#breadcrumb\"},\"inLanguage\":\"en-US\",\"potentialAction\":[{\"@type\":\"ReadAction\",\"target\":[\"https:\/\/mon-carre-deco.com\/produit\/tableau-carre-hermes-surprise\/\"]}]},{\"@type\":\"ImageObject\",\"inLanguage\":\"en-US\",\"@id\":\"https:\/\/mon-carre-deco.com\/produit\/tableau-carre-hermes-surprise\/#primaryimage\",\"url\":\"https:\/\/mon-carre-deco.com\/wp-content\/uploads\/2025\/04\/Tableau-Hermes-Cheval-Surprise-Dimitri-Rybaltchenco-moulure-bois-dore.jpg\",\"contentUrl\":\"https:\/\/mon-carre-deco.com\/wp-content\/uploads\/2025\/04\/Tableau-Hermes-Cheval-Surprise-Dimitri-Rybaltchenco-moulure-bois-dore.jpg\",\"width\":786,\"height\":732,\"caption\":\"Tableau-Hermes-Cheval-Surprise-Dimitri-Rybaltchenco-moulure-bois-dore\"},{\"@type\":\"BreadcrumbList\",\"@id\":\"https:\/\/mon-carre-deco.com\/produit\/tableau-carre-hermes-surprise\/#breadcrumb\",\"itemListElement\":[{\"@type\":\"ListItem\",\"position\":1,\"name\":\"Accueil\",\"item\":\"https:\/\/mon-carre-deco.com\/\"},{\"@type\":\"ListItem\",\"position\":2,\"name\":\"Tableaux\",\"item\":\"https:\/\/mon-carre-deco.com\/boutique-tableau-hermes\/\"},{\"@type\":\"ListItem\",\"position\":3,\"name\":\"Tableau &#8211; Carr\u00e9 Herm\u00e8s Cheval Surprise\"}]},{\"@type\":\"WebSite\",\"@id\":\"https:\/\/mon-carre-deco.com\/#website\",\"url\":\"https:\/\/mon-carre-deco.com\/\",\"name\":\"Mon Carr\u00e9 D\u00e9co\",\"description\":\"Mon Carr\u00e9 D&#039;art at Home, vente de tableau Herm\u00e8s, foulard carr\u00e9 Herm\u00e8s encadr\u00e9\",\"publisher\":{\"@id\":\"https:\/\/mon-carre-deco.com\/#organization\"},\"potentialAction\":[{\"@type\":\"SearchAction\",\"target\":{\"@type\":\"EntryPoint\",\"urlTemplate\":\"https:\/\/mon-carre-deco.com\/?s={search_term_string}\"},\"query-input\":{\"@type\":\"PropertyValueSpecification\",\"valueRequired\":true,\"valueName\":\"search_term_string\"}}],\"inLanguage\":\"en-US\"},{\"@type\":\"Organization\",\"@id\":\"https:\/\/mon-carre-deco.com\/#organization\",\"name\":\"Mon Carr\u00e9 D\u00e9co\",\"url\":\"https:\/\/mon-carre-deco.com\/\",\"logo\":{\"@type\":\"ImageObject\",\"inLanguage\":\"en-US\",\"@id\":\"https:\/\/mon-carre-deco.com\/#\/schema\/logo\/image\/\",\"url\":\"https:\/\/mon-carre-deco.com\/wp-content\/uploads\/2021\/04\/cropped-Logo-mon-carre-deco-2.png\",\"contentUrl\":\"https:\/\/mon-carre-deco.com\/wp-content\/uploads\/2021\/04\/cropped-Logo-mon-carre-deco-2.png\",\"width\":1043,\"height\":1043,\"caption\":\"Mon Carr\u00e9 D\u00e9co\"},\"image\":{\"@id\":\"https:\/\/mon-carre-deco.com\/#\/schema\/logo\/image\/\"}}]}<\/script>\n<!-- \/ Yoast SEO plugin. -->","yoast_head_json":{"title":"Tableau - Carr\u00e9 Herm\u00e8s Cheval Surprise - Mon Carr\u00e9 D\u00e9co","description":"D\u2019une nu\u00e9e de t\u00e2ches surgissent montures et cavaliers. Le regard se perd dans l\u2019informel pour y discerner peu \u00e0 peu les silhouettes qui s\u2019y cachent.","robots":{"index":"index","follow":"follow","max-snippet":"max-snippet:-1","max-image-preview":"max-image-preview:large","max-video-preview":"max-video-preview:-1"},"canonical":"https:\/\/mon-carre-deco.com\/en\/product\/tableau-carre-hermes-surprise\/","og_locale":"en_US","og_type":"article","og_title":"Tableau - Carr\u00e9 Herm\u00e8s Cheval Surprise - Mon Carr\u00e9 D\u00e9co","og_description":"D\u2019une nu\u00e9e de t\u00e2ches surgissent montures et cavaliers. Le regard se perd dans l\u2019informel pour y discerner peu \u00e0 peu les silhouettes qui s\u2019y cachent.","og_url":"https:\/\/mon-carre-deco.com\/en\/product\/tableau-carre-hermes-surprise\/","og_site_name":"Mon Carr\u00e9 D\u00e9co","article_modified_time":"2025-07-05T21:55:02+00:00","og_image":[{"width":786,"height":732,"url":"http:\/\/mon-carre-deco.com\/wp-content\/uploads\/2025\/04\/Tableau-Hermes-Cheval-Surprise-Dimitri-Rybaltchenco-moulure-bois-dore.jpg","type":"image\/jpeg"}],"twitter_card":"summary_large_image","twitter_misc":{"Est. reading time":"1 minute"},"schema":{"@context":"https:\/\/schema.org","@graph":[{"@type":"WebPage","@id":"https:\/\/mon-carre-deco.com\/produit\/tableau-carre-hermes-surprise\/","url":"https:\/\/mon-carre-deco.com\/produit\/tableau-carre-hermes-surprise\/","name":"Tableau - Carr\u00e9 Herm\u00e8s Cheval Surprise - Mon Carr\u00e9 D\u00e9co","isPartOf":{"@id":"https:\/\/mon-carre-deco.com\/#website"},"primaryImageOfPage":{"@id":"https:\/\/mon-carre-deco.com\/produit\/tableau-carre-hermes-surprise\/#primaryimage"},"image":{"@id":"https:\/\/mon-carre-deco.com\/produit\/tableau-carre-hermes-surprise\/#primaryimage"},"thumbnailUrl":"https:\/\/mon-carre-deco.com\/wp-content\/uploads\/2025\/04\/Tableau-Hermes-Cheval-Surprise-Dimitri-Rybaltchenco-moulure-bois-dore.jpg","datePublished":"2025-04-25T14:42:47+00:00","dateModified":"2025-07-05T21:55:02+00:00","description":"D\u2019une nu\u00e9e de t\u00e2ches surgissent montures et cavaliers. Le regard se perd dans l\u2019informel pour y discerner peu \u00e0 peu les silhouettes qui s\u2019y cachent.","breadcrumb":{"@id":"https:\/\/mon-carre-deco.com\/produit\/tableau-carre-hermes-surprise\/#breadcrumb"},"inLanguage":"en-US","potentialAction":[{"@type":"ReadAction","target":["https:\/\/mon-carre-deco.com\/produit\/tableau-carre-hermes-surprise\/"]}]},{"@type":"ImageObject","inLanguage":"en-US","@id":"https:\/\/mon-carre-deco.com\/produit\/tableau-carre-hermes-surprise\/#primaryimage","url":"https:\/\/mon-carre-deco.com\/wp-content\/uploads\/2025\/04\/Tableau-Hermes-Cheval-Surprise-Dimitri-Rybaltchenco-moulure-bois-dore.jpg","contentUrl":"https:\/\/mon-carre-deco.com\/wp-content\/uploads\/2025\/04\/Tableau-Hermes-Cheval-Surprise-Dimitri-Rybaltchenco-moulure-bois-dore.jpg","width":786,"height":732,"caption":"Tableau-Hermes-Cheval-Surprise-Dimitri-Rybaltchenco-moulure-bois-dore"},{"@type":"BreadcrumbList","@id":"https:\/\/mon-carre-deco.com\/produit\/tableau-carre-hermes-surprise\/#breadcrumb","itemListElement":[{"@type":"ListItem","position":1,"name":"Accueil","item":"https:\/\/mon-carre-deco.com\/"},{"@type":"ListItem","position":2,"name":"Tableaux","item":"https:\/\/mon-carre-deco.com\/boutique-tableau-hermes\/"},{"@type":"ListItem","position":3,"name":"Tableau &#8211; Carr\u00e9 Herm\u00e8s Cheval Surprise"}]},{"@type":"WebSite","@id":"https:\/\/mon-carre-deco.com\/#website","url":"https:\/\/mon-carre-deco.com\/","name":"Mon Carr\u00e9 D\u00e9co","description":"Mon Carr\u00e9 D&#039;art at Home, vente de tableau Herm\u00e8s, foulard carr\u00e9 Herm\u00e8s encadr\u00e9","publisher":{"@id":"https:\/\/mon-carre-deco.com\/#organization"},"potentialAction":[{"@type":"SearchAction","target":{"@type":"EntryPoint","urlTemplate":"https:\/\/mon-carre-deco.com\/?s={search_term_string}"},"query-input":{"@type":"PropertyValueSpecification","valueRequired":true,"valueName":"search_term_string"}}],"inLanguage":"en-US"},{"@type":"Organization","@id":"https:\/\/mon-carre-deco.com\/#organization","name":"Mon Carr\u00e9 D\u00e9co","url":"https:\/\/mon-carre-deco.com\/","logo":{"@type":"ImageObject","inLanguage":"en-US","@id":"https:\/\/mon-carre-deco.com\/#\/schema\/logo\/image\/","url":"https:\/\/mon-carre-deco.com\/wp-content\/uploads\/2021\/04\/cropped-Logo-mon-carre-deco-2.png","contentUrl":"https:\/\/mon-carre-deco.com\/wp-content\/uploads\/2021\/04\/cropped-Logo-mon-carre-deco-2.png","width":1043,"height":1043,"caption":"Mon Carr\u00e9 D\u00e9co"},"image":{"@id":"https:\/\/mon-carre-deco.com\/#\/schema\/logo\/image\/"}}]}},"_links":{"self":[{"href":"https:\/\/mon-carre-deco.com\/en\/wp-json\/wp\/v2\/product\/4276","targetHints":{"allow":["GET"]}}],"collection":[{"href":"https:\/\/mon-carre-deco.com\/en\/wp-json\/wp\/v2\/product"}],"about":[{"href":"https:\/\/mon-carre-deco.com\/en\/wp-json\/wp\/v2\/types\/product"}],"replies":[{"embeddable":true,"href":"https:\/\/mon-carre-deco.com\/en\/wp-json\/wp\/v2\/comments?post=4276"}],"version-history":[{"count":7,"href":"https:\/\/mon-carre-deco.com\/en\/wp-json\/wp\/v2\/product\/4276\/revisions"}],"predecessor-version":[{"id":4298,"href":"https:\/\/mon-carre-deco.com\/en\/wp-json\/wp\/v2\/product\/4276\/revisions\/4298"}],"wp:featuredmedia":[{"embeddable":true,"href":"https:\/\/mon-carre-deco.com\/en\/wp-json\/wp\/v2\/media\/4278"}],"wp:attachment":[{"href":"https:\/\/mon-carre-deco.com\/en\/wp-json\/wp\/v2\/media?parent=4276"}],"wp:term":[{"taxonomy":"product_brand","embeddable":true,"href":"https:\/\/mon-carre-deco.com\/en\/wp-json\/wp\/v2\/product_brand?post=4276"},{"taxonomy":"product_cat","embeddable":true,"href":"https:\/\/mon-carre-deco.com\/en\/wp-json\/wp\/v2\/product_cat?post=4276"},{"taxonomy":"product_tag","embeddable":true,"href":"https:\/\/mon-carre-deco.com\/en\/wp-json\/wp\/v2\/product_tag?post=4276"}],"curies":[{"name":"wp","href":"https:\/\/api.w.org\/{rel}","templated":true}]}}