{"id":47,"date":"2017-12-13T12:37:12","date_gmt":"2017-12-13T12:37:12","guid":{"rendered":"http:\/\/mon-carre-deco.com\/index.php\/produit\/water-color-bleed\/"},"modified":"2023-03-24T20:07:15","modified_gmt":"2023-03-24T19:07:15","slug":"tableau-carre-hermes-coup-de-fouet","status":"publish","type":"product","link":"https:\/\/mon-carre-deco.com\/en\/product\/tableau-carre-hermes-coup-de-fouet\/","title":{"rendered":"Tableau Herm\u00e8s &#8211; Coup de Fouet"},"content":{"rendered":"<p>\u00ab\u00a0Coup de fouet\u00a0\u00bb<\/p>\n<p>\u00c9diter en 2012\/2013<\/p>\n<p>Designer : <a href=\"http:\/\/www.florencemanlik.com\/\" target=\"_blank\" rel=\"noopener\">Florence Manlik<\/a> (1967)<\/p>\n<p>L&rsquo;illustratrice parisienne Florence Manlik \u00e9quilibre toujours entre art et illustration, mais son travail souple et intemporel dessin\u00e9 \u00e0 la main a trouv\u00e9 sa place dans une large gamme de produits, qui comprennent des pochettes de livres et de disques, des patrons de v\u00eatements, des vitrines, des emballages, du papier peint, de la publicit\u00e9. \u00c0 propos des volutes: \u00ab\u00a0Je recherche le meilleur d\u00e9s\u00e9quilibre. Au final, tout est assez s\u00e9rieux, cela ne ressemble qu&rsquo;\u00e0 de la fantaisie. Ou l&rsquo;inverse\u00a0\u00bb.<\/p>\n<p><em>You'll also like<\/em><\/p>\n<blockquote>\n<figure id=\"attachment_2182\" aria-describedby=\"caption-attachment-2182\" style=\"width: 239px\" class=\"wp-caption alignnone\"><a href=\"https:\/\/www.artisanart.com\/fr\/collier-coup-de-fouet.html\"><img decoding=\"async\" class=\"wp-image-2182\" src=\"http:\/\/mon-carre-deco.com\/wp-content\/uploads\/2021\/08\/alain_detrixhe_collier_coup_de_fouet_4_.jpg\" alt=\"Collier &quot;coup de fouet\" width=\"239\" height=\"179\" srcset=\"https:\/\/mon-carre-deco.com\/wp-content\/uploads\/2021\/08\/alain_detrixhe_collier_coup_de_fouet_4_.jpg 540w, https:\/\/mon-carre-deco.com\/wp-content\/uploads\/2021\/08\/alain_detrixhe_collier_coup_de_fouet_4_-300x225.jpg 300w\" sizes=\"(max-width: 239px) 100vw, 239px\" \/><\/a><figcaption id=\"caption-attachment-2182\" class=\"wp-caption-text\">Collier Coup de fouet d&rsquo;Alain Detrixhe<\/figcaption><\/figure><\/blockquote>\n<style>.cart{display: none;}<\/style>","protected":false},"excerpt":{"rendered":"<p>&nbsp;<\/p>\n<p>Tableau Carr\u00e9 g\u00e9ant <em>Coup de Fouet<\/em> Herm\u00e8s. Rare.<\/p>\n<p>La bordure vert anis d&rsquo;origine a du \u00eatre cach\u00e9e pour tendre le carr\u00e9 de 140&#215;140. La moulure en bois est parfaitement coordonn\u00e9e avec le gris-bleu des fouets.<\/p>\n<p>Designer : Florence Manlik<\/p>\n<ul>\n<li>Silk<\/li>\n<li>Couleurs dominantes : vert, bleu, gris (<a href=\"https:\/\/mon-carre-deco.com\/en\/contact\/\">EXISTE EN MULTICOLORE<\/a>)<\/li>\n<li>moulure bois grise patin\u00e9e<\/li>\n<li>Verre\u00a0Acrylique anti UV, l\u00e9ger et solide, sp\u00e9cial grand format.<\/li>\n<li>accroche \u00e0 l&rsquo;arri\u00e8re<\/li>\n<\/ul>","protected":false},"featured_media":1266,"comment_status":"open","ping_status":"closed","template":"","meta":{"site-sidebar-layout":"default","site-content-layout":"default","ast-site-content-layout":"","site-content-style":"default","site-sidebar-style":"default","ast-global-header-display":"","ast-banner-title-visibility":"","ast-main-header-display":"","ast-hfb-above-header-display":"","ast-hfb-below-header-display":"","ast-hfb-mobile-header-display":"","site-post-title":"","ast-breadcrumbs-content":"","ast-featured-img":"","footer-sml-layout":"","theme-transparent-header-meta":"default","adv-header-id-meta":"","stick-header-meta":"","header-above-stick-meta":"","header-main-stick-meta":"","header-below-stick-meta":"","astra-migrate-meta-layouts":""},"product_brand":[],"product_cat":[25],"product_tag":[],"class_list":{"0":"post-47","1":"product","2":"type-product","3":"status-publish","4":"has-post-thumbnail","6":"product_cat-carres-140x140-cm","7":"desktop-align-left","8":"tablet-align-left","9":"mobile-align-left","11":"first","12":"instock","13":"featured","14":"sold-individually","15":"shipping-taxable","16":"product-type-simple"},"yoast_head":"<!-- This site is optimized with the Yoast SEO plugin v25.4 - https:\/\/yoast.com\/wordpress\/plugins\/seo\/ -->\n<title>Tableau Herm\u00e8s - Coup de Fouet (vert et bleu) - Mon Carr\u00e9 D\u00e9co<\/title>\n<meta name=\"description\" content=\"Foulard Herm\u00e8s encadr\u00e9, Carr\u00e9 Hermes Coup de Fouet par Florence Manlik. Cadre bois grise patin\u00e9e. Pi\u00e8ce de d\u00e9coration d&#039;int\u00e9rieur.\" \/>\n<meta name=\"robots\" content=\"index, follow, max-snippet:-1, max-image-preview:large, max-video-preview:-1\" \/>\n<link rel=\"canonical\" href=\"https:\/\/mon-carre-deco.com\/en\/product\/tableau-carre-hermes-coup-de-fouet\/\" \/>\n<meta property=\"og:locale\" content=\"en_US\" \/>\n<meta property=\"og:type\" content=\"article\" \/>\n<meta property=\"og:title\" content=\"Tableau Herm\u00e8s - Coup de Fouet (vert et bleu) - Mon Carr\u00e9 D\u00e9co\" \/>\n<meta property=\"og:description\" content=\"Foulard Herm\u00e8s encadr\u00e9, Carr\u00e9 Hermes Coup de Fouet par Florence Manlik. Cadre bois grise patin\u00e9e. Pi\u00e8ce de d\u00e9coration d&#039;int\u00e9rieur.\" \/>\n<meta property=\"og:url\" content=\"https:\/\/mon-carre-deco.com\/en\/product\/tableau-carre-hermes-coup-de-fouet\/\" \/>\n<meta property=\"og:site_name\" content=\"Mon Carr\u00e9 D\u00e9co\" \/>\n<meta property=\"article:modified_time\" content=\"2023-03-24T19:07:15+00:00\" \/>\n<meta property=\"og:image\" content=\"http:\/\/mon-carre-deco.com\/wp-content\/uploads\/2021\/04\/tableau-hermes-coup-de-fouet-973x1024.png\" \/>\n\t<meta property=\"og:image:width\" content=\"973\" \/>\n\t<meta property=\"og:image:height\" content=\"1024\" \/>\n\t<meta property=\"og:image:type\" content=\"image\/png\" \/>\n<meta name=\"twitter:card\" content=\"summary_large_image\" \/>\n<meta name=\"twitter:label1\" content=\"Est. reading time\" \/>\n\t<meta name=\"twitter:data1\" content=\"1 minute\" \/>\n<script type=\"application\/ld+json\" class=\"yoast-schema-graph\">{\"@context\":\"https:\/\/schema.org\",\"@graph\":[{\"@type\":\"WebPage\",\"@id\":\"https:\/\/mon-carre-deco.com\/produit\/tableau-carre-hermes-coup-de-fouet\/\",\"url\":\"https:\/\/mon-carre-deco.com\/produit\/tableau-carre-hermes-coup-de-fouet\/\",\"name\":\"Tableau Herm\u00e8s - Coup de Fouet (vert et bleu) - Mon Carr\u00e9 D\u00e9co\",\"isPartOf\":{\"@id\":\"https:\/\/mon-carre-deco.com\/#website\"},\"primaryImageOfPage\":{\"@id\":\"https:\/\/mon-carre-deco.com\/produit\/tableau-carre-hermes-coup-de-fouet\/#primaryimage\"},\"image\":{\"@id\":\"https:\/\/mon-carre-deco.com\/produit\/tableau-carre-hermes-coup-de-fouet\/#primaryimage\"},\"thumbnailUrl\":\"https:\/\/mon-carre-deco.com\/wp-content\/uploads\/2021\/04\/tableau-hermes-coup-de-fouet.png\",\"datePublished\":\"2017-12-13T12:37:12+00:00\",\"dateModified\":\"2023-03-24T19:07:15+00:00\",\"description\":\"Foulard Herm\u00e8s encadr\u00e9, Carr\u00e9 Hermes Coup de Fouet par Florence Manlik. Cadre bois grise patin\u00e9e. Pi\u00e8ce de d\u00e9coration d'int\u00e9rieur.\",\"breadcrumb\":{\"@id\":\"https:\/\/mon-carre-deco.com\/produit\/tableau-carre-hermes-coup-de-fouet\/#breadcrumb\"},\"inLanguage\":\"en-US\",\"potentialAction\":[{\"@type\":\"ReadAction\",\"target\":[\"https:\/\/mon-carre-deco.com\/produit\/tableau-carre-hermes-coup-de-fouet\/\"]}]},{\"@type\":\"ImageObject\",\"inLanguage\":\"en-US\",\"@id\":\"https:\/\/mon-carre-deco.com\/produit\/tableau-carre-hermes-coup-de-fouet\/#primaryimage\",\"url\":\"https:\/\/mon-carre-deco.com\/wp-content\/uploads\/2021\/04\/tableau-hermes-coup-de-fouet.png\",\"contentUrl\":\"https:\/\/mon-carre-deco.com\/wp-content\/uploads\/2021\/04\/tableau-hermes-coup-de-fouet.png\",\"width\":2203,\"height\":2318},{\"@type\":\"BreadcrumbList\",\"@id\":\"https:\/\/mon-carre-deco.com\/produit\/tableau-carre-hermes-coup-de-fouet\/#breadcrumb\",\"itemListElement\":[{\"@type\":\"ListItem\",\"position\":1,\"name\":\"Accueil\",\"item\":\"https:\/\/mon-carre-deco.com\/\"},{\"@type\":\"ListItem\",\"position\":2,\"name\":\"Tableaux\",\"item\":\"https:\/\/mon-carre-deco.com\/boutique-tableau-hermes\/\"},{\"@type\":\"ListItem\",\"position\":3,\"name\":\"Tableau Herm\u00e8s &#8211; Coup de Fouet\"}]},{\"@type\":\"WebSite\",\"@id\":\"https:\/\/mon-carre-deco.com\/#website\",\"url\":\"https:\/\/mon-carre-deco.com\/\",\"name\":\"Mon Carr\u00e9 D\u00e9co\",\"description\":\"Mon Carr\u00e9 D&#039;art at Home, vente de tableau Herm\u00e8s, foulard carr\u00e9 Herm\u00e8s encadr\u00e9\",\"publisher\":{\"@id\":\"https:\/\/mon-carre-deco.com\/#organization\"},\"potentialAction\":[{\"@type\":\"SearchAction\",\"target\":{\"@type\":\"EntryPoint\",\"urlTemplate\":\"https:\/\/mon-carre-deco.com\/?s={search_term_string}\"},\"query-input\":{\"@type\":\"PropertyValueSpecification\",\"valueRequired\":true,\"valueName\":\"search_term_string\"}}],\"inLanguage\":\"en-US\"},{\"@type\":\"Organization\",\"@id\":\"https:\/\/mon-carre-deco.com\/#organization\",\"name\":\"Mon Carr\u00e9 D\u00e9co\",\"url\":\"https:\/\/mon-carre-deco.com\/\",\"logo\":{\"@type\":\"ImageObject\",\"inLanguage\":\"en-US\",\"@id\":\"https:\/\/mon-carre-deco.com\/#\/schema\/logo\/image\/\",\"url\":\"https:\/\/mon-carre-deco.com\/wp-content\/uploads\/2021\/04\/cropped-Logo-mon-carre-deco-2.png\",\"contentUrl\":\"https:\/\/mon-carre-deco.com\/wp-content\/uploads\/2021\/04\/cropped-Logo-mon-carre-deco-2.png\",\"width\":1043,\"height\":1043,\"caption\":\"Mon Carr\u00e9 D\u00e9co\"},\"image\":{\"@id\":\"https:\/\/mon-carre-deco.com\/#\/schema\/logo\/image\/\"}}]}<\/script>\n<!-- \/ Yoast SEO plugin. -->","yoast_head_json":{"title":"Tableau Herm\u00e8s - Coup de Fouet (vert et bleu) - Mon Carr\u00e9 D\u00e9co","description":"Foulard Herm\u00e8s encadr\u00e9, Carr\u00e9 Hermes Coup de Fouet par Florence Manlik. Cadre bois grise patin\u00e9e. Pi\u00e8ce de d\u00e9coration d'int\u00e9rieur.","robots":{"index":"index","follow":"follow","max-snippet":"max-snippet:-1","max-image-preview":"max-image-preview:large","max-video-preview":"max-video-preview:-1"},"canonical":"https:\/\/mon-carre-deco.com\/en\/product\/tableau-carre-hermes-coup-de-fouet\/","og_locale":"en_US","og_type":"article","og_title":"Tableau Herm\u00e8s - Coup de Fouet (vert et bleu) - Mon Carr\u00e9 D\u00e9co","og_description":"Foulard Herm\u00e8s encadr\u00e9, Carr\u00e9 Hermes Coup de Fouet par Florence Manlik. Cadre bois grise patin\u00e9e. Pi\u00e8ce de d\u00e9coration d'int\u00e9rieur.","og_url":"https:\/\/mon-carre-deco.com\/en\/product\/tableau-carre-hermes-coup-de-fouet\/","og_site_name":"Mon Carr\u00e9 D\u00e9co","article_modified_time":"2023-03-24T19:07:15+00:00","og_image":[{"width":973,"height":1024,"url":"http:\/\/mon-carre-deco.com\/wp-content\/uploads\/2021\/04\/tableau-hermes-coup-de-fouet-973x1024.png","type":"image\/png"}],"twitter_card":"summary_large_image","twitter_misc":{"Est. reading time":"1 minute"},"schema":{"@context":"https:\/\/schema.org","@graph":[{"@type":"WebPage","@id":"https:\/\/mon-carre-deco.com\/produit\/tableau-carre-hermes-coup-de-fouet\/","url":"https:\/\/mon-carre-deco.com\/produit\/tableau-carre-hermes-coup-de-fouet\/","name":"Tableau Herm\u00e8s - Coup de Fouet (vert et bleu) - Mon Carr\u00e9 D\u00e9co","isPartOf":{"@id":"https:\/\/mon-carre-deco.com\/#website"},"primaryImageOfPage":{"@id":"https:\/\/mon-carre-deco.com\/produit\/tableau-carre-hermes-coup-de-fouet\/#primaryimage"},"image":{"@id":"https:\/\/mon-carre-deco.com\/produit\/tableau-carre-hermes-coup-de-fouet\/#primaryimage"},"thumbnailUrl":"https:\/\/mon-carre-deco.com\/wp-content\/uploads\/2021\/04\/tableau-hermes-coup-de-fouet.png","datePublished":"2017-12-13T12:37:12+00:00","dateModified":"2023-03-24T19:07:15+00:00","description":"Foulard Herm\u00e8s encadr\u00e9, Carr\u00e9 Hermes Coup de Fouet par Florence Manlik. Cadre bois grise patin\u00e9e. Pi\u00e8ce de d\u00e9coration d'int\u00e9rieur.","breadcrumb":{"@id":"https:\/\/mon-carre-deco.com\/produit\/tableau-carre-hermes-coup-de-fouet\/#breadcrumb"},"inLanguage":"en-US","potentialAction":[{"@type":"ReadAction","target":["https:\/\/mon-carre-deco.com\/produit\/tableau-carre-hermes-coup-de-fouet\/"]}]},{"@type":"ImageObject","inLanguage":"en-US","@id":"https:\/\/mon-carre-deco.com\/produit\/tableau-carre-hermes-coup-de-fouet\/#primaryimage","url":"https:\/\/mon-carre-deco.com\/wp-content\/uploads\/2021\/04\/tableau-hermes-coup-de-fouet.png","contentUrl":"https:\/\/mon-carre-deco.com\/wp-content\/uploads\/2021\/04\/tableau-hermes-coup-de-fouet.png","width":2203,"height":2318},{"@type":"BreadcrumbList","@id":"https:\/\/mon-carre-deco.com\/produit\/tableau-carre-hermes-coup-de-fouet\/#breadcrumb","itemListElement":[{"@type":"ListItem","position":1,"name":"Accueil","item":"https:\/\/mon-carre-deco.com\/"},{"@type":"ListItem","position":2,"name":"Tableaux","item":"https:\/\/mon-carre-deco.com\/boutique-tableau-hermes\/"},{"@type":"ListItem","position":3,"name":"Tableau Herm\u00e8s &#8211; Coup de Fouet"}]},{"@type":"WebSite","@id":"https:\/\/mon-carre-deco.com\/#website","url":"https:\/\/mon-carre-deco.com\/","name":"Mon Carr\u00e9 D\u00e9co","description":"Mon Carr\u00e9 D&#039;art at Home, vente de tableau Herm\u00e8s, foulard carr\u00e9 Herm\u00e8s encadr\u00e9","publisher":{"@id":"https:\/\/mon-carre-deco.com\/#organization"},"potentialAction":[{"@type":"SearchAction","target":{"@type":"EntryPoint","urlTemplate":"https:\/\/mon-carre-deco.com\/?s={search_term_string}"},"query-input":{"@type":"PropertyValueSpecification","valueRequired":true,"valueName":"search_term_string"}}],"inLanguage":"en-US"},{"@type":"Organization","@id":"https:\/\/mon-carre-deco.com\/#organization","name":"Mon Carr\u00e9 D\u00e9co","url":"https:\/\/mon-carre-deco.com\/","logo":{"@type":"ImageObject","inLanguage":"en-US","@id":"https:\/\/mon-carre-deco.com\/#\/schema\/logo\/image\/","url":"https:\/\/mon-carre-deco.com\/wp-content\/uploads\/2021\/04\/cropped-Logo-mon-carre-deco-2.png","contentUrl":"https:\/\/mon-carre-deco.com\/wp-content\/uploads\/2021\/04\/cropped-Logo-mon-carre-deco-2.png","width":1043,"height":1043,"caption":"Mon Carr\u00e9 D\u00e9co"},"image":{"@id":"https:\/\/mon-carre-deco.com\/#\/schema\/logo\/image\/"}}]}},"_links":{"self":[{"href":"https:\/\/mon-carre-deco.com\/en\/wp-json\/wp\/v2\/product\/47","targetHints":{"allow":["GET"]}}],"collection":[{"href":"https:\/\/mon-carre-deco.com\/en\/wp-json\/wp\/v2\/product"}],"about":[{"href":"https:\/\/mon-carre-deco.com\/en\/wp-json\/wp\/v2\/types\/product"}],"replies":[{"embeddable":true,"href":"https:\/\/mon-carre-deco.com\/en\/wp-json\/wp\/v2\/comments?post=47"}],"version-history":[{"count":25,"href":"https:\/\/mon-carre-deco.com\/en\/wp-json\/wp\/v2\/product\/47\/revisions"}],"predecessor-version":[{"id":2183,"href":"https:\/\/mon-carre-deco.com\/en\/wp-json\/wp\/v2\/product\/47\/revisions\/2183"}],"wp:featuredmedia":[{"embeddable":true,"href":"https:\/\/mon-carre-deco.com\/en\/wp-json\/wp\/v2\/media\/1266"}],"wp:attachment":[{"href":"https:\/\/mon-carre-deco.com\/en\/wp-json\/wp\/v2\/media?parent=47"}],"wp:term":[{"taxonomy":"product_brand","embeddable":true,"href":"https:\/\/mon-carre-deco.com\/en\/wp-json\/wp\/v2\/product_brand?post=47"},{"taxonomy":"product_cat","embeddable":true,"href":"https:\/\/mon-carre-deco.com\/en\/wp-json\/wp\/v2\/product_cat?post=47"},{"taxonomy":"product_tag","embeddable":true,"href":"https:\/\/mon-carre-deco.com\/en\/wp-json\/wp\/v2\/product_tag?post=47"}],"curies":[{"name":"wp","href":"https:\/\/api.w.org\/{rel}","templated":true}]}}