{"id":54,"date":"2017-09-23T13:07:22","date_gmt":"2017-09-23T13:07:22","guid":{"rendered":"http:\/\/mon-carre-deco.com\/index.php\/produit\/boatmans\/"},"modified":"2023-03-24T20:07:29","modified_gmt":"2023-03-24T19:07:29","slug":"tableau-carre-hermes-finish-jean-louis-clerc","status":"publish","type":"product","link":"https:\/\/mon-carre-deco.com\/en\/product\/tableau-carre-hermes-finish-jean-louis-clerc\/","title":{"rendered":"Tableau Herm\u00e8s &#8211; Finish"},"content":{"rendered":"<p>\u00ab\u00a0Finish\u00a0\u00bb<\/p>\n<p class=\"qrShPb kno-ecr-pt PZPZlf mfMhoc\" data-local-attribute=\"d3bn\" data-attrid=\"title\" data-ved=\"2ahUKEwjj_vqDgejvAhXxweYKHZ_qC1IQ3B0oATASegQIFhAL\">\u00c9dit\u00e9 en 2009\/2010<\/p>\n<p data-local-attribute=\"d3bn\" data-attrid=\"title\" data-ved=\"2ahUKEwjj_vqDgejvAhXxweYKHZ_qC1IQ3B0oATASegQIFhAL\">Designer : Jean-Louis Clerc (1908-1961)<\/p>\n<p data-local-attribute=\"d3bn\" data-attrid=\"title\" data-ved=\"2ahUKEwjj_vqDgejvAhXxweYKHZ_qC1IQ3B0oATASegQIFhAL\">N\u00e9 en Suisse en 1908, Jean-Louis Clerc \u00e9tait un artiste assez accompli. En plus d&rsquo;\u00eatre peintre, Clerc \u00e9tait dessinateur, illustrateur, journaliste et \u00e9crivain.<\/p>\n<p data-local-attribute=\"d3bn\" data-attrid=\"title\" data-ved=\"2ahUKEwjj_vqDgejvAhXxweYKHZ_qC1IQ3B0oATASegQIFhAL\">Il a \u00e9tudi\u00e9 \u00e0 la prestigieuse \u00c9cole des Beaux-Arts de Gen\u00e8ve et a termin\u00e9 ses \u00e9tudes \u00e0 Konstfack, Universit\u00e9 des Arts, M\u00e9tiers et Design de Stockholm. Aujourd&rsquo;hui, il est probablement surtout connu pour ses foulards Herm\u00e8s. Il fut l\u2019un des designers les plus prolifiques d\u2019Herm\u00e8s.<\/p>\n<p data-local-attribute=\"d3bn\" data-attrid=\"title\" data-ved=\"2ahUKEwjj_vqDgejvAhXxweYKHZ_qC1IQ3B0oATASegQIFhAL\">Il produisit des dessins dans un style pictural vaguement dessin\u00e9, montrant des sujets tels que le ballet, des danseurs, des orchestres ou comme ici des sc\u00e8nes de courses de chevaux.<br \/>\nSa cr\u00e9ativit\u00e9 est fortement influenc\u00e9e par l&rsquo;artiste Raoul Dufy qui faisait partie du mouvement fauviste au tournant du XXe si\u00e8cle.<\/p>\n<p data-local-attribute=\"d3bn\" data-attrid=\"title\" data-ved=\"2ahUKEwjj_vqDgejvAhXxweYKHZ_qC1IQ3B0oATASegQIFhAL\">Son carr\u00e9 le plus r\u00e9\u00e9dit\u00e9 est Paddock, o\u00f9 propri\u00e9taires, jockeys et leurs chevaux se m\u00ealent avant une course.<\/p>\n<p data-local-attribute=\"d3bn\" data-attrid=\"title\" data-ved=\"2ahUKEwjj_vqDgejvAhXxweYKHZ_qC1IQ3B0oATASegQIFhAL\">Plusieurs des cr\u00e9ations de Monsieur Clerc, telles que Les Boxes, Concerto et Swinging St. Germaine, ont \u00e9t\u00e9 introduites apr\u00e8s sa mort en 1961.<\/p>\n<p data-local-attribute=\"d3bn\" data-attrid=\"title\" data-ved=\"2ahUKEwjj_vqDgejvAhXxweYKHZ_qC1IQ3B0oATASegQIFhAL\"><em>Vous aimerez aussi\u2026<\/em><\/p>\n<blockquote>\n<figure id=\"attachment_1278\" aria-describedby=\"caption-attachment-1278\" style=\"width: 300px\" class=\"wp-caption alignnone\"><a href=\"https:\/\/www.fonderie-lauragaise.com\/fr\/nos-produits-edition-jean-paul-gourdon\/jockey-au-sprint\" target=\"_blank\" rel=\"noopener noreferrer\"><img fetchpriority=\"high\" decoding=\"async\" class=\"size-medium wp-image-1278\" src=\"http:\/\/mon-carre-deco.com\/wp-content\/uploads\/2017\/09\/cheval-en-bronze-jean-paul-gourdon-jockey-au-sprint-Fonderie-Lauragaise-300x300.jpg\" alt=\"Cheval en bronze par Jean-Paul Gourdon Jockey au sprint Fonderie Lauragaise\" width=\"300\" height=\"300\" srcset=\"https:\/\/mon-carre-deco.com\/wp-content\/uploads\/2017\/09\/cheval-en-bronze-jean-paul-gourdon-jockey-au-sprint-Fonderie-Lauragaise-300x300.jpg 300w, https:\/\/mon-carre-deco.com\/wp-content\/uploads\/2017\/09\/cheval-en-bronze-jean-paul-gourdon-jockey-au-sprint-Fonderie-Lauragaise-150x150.jpg 150w, https:\/\/mon-carre-deco.com\/wp-content\/uploads\/2017\/09\/cheval-en-bronze-jean-paul-gourdon-jockey-au-sprint-Fonderie-Lauragaise-768x768.jpg 768w, https:\/\/mon-carre-deco.com\/wp-content\/uploads\/2017\/09\/cheval-en-bronze-jean-paul-gourdon-jockey-au-sprint-Fonderie-Lauragaise-600x600.jpg 600w, https:\/\/mon-carre-deco.com\/wp-content\/uploads\/2017\/09\/cheval-en-bronze-jean-paul-gourdon-jockey-au-sprint-Fonderie-Lauragaise-100x100.jpg 100w, https:\/\/mon-carre-deco.com\/wp-content\/uploads\/2017\/09\/cheval-en-bronze-jean-paul-gourdon-jockey-au-sprint-Fonderie-Lauragaise.jpg 1000w\" sizes=\"(max-width: 300px) 100vw, 300px\" \/><\/a><figcaption id=\"caption-attachment-1278\" class=\"wp-caption-text\">Jockey au sprint de Jean-Paul Gourdon, Fonderie de\u00a0 Bronze Lauragaise<\/figcaption><\/figure><\/blockquote>\n<style>.cart{display: none;}<\/style>","protected":false},"excerpt":{"rendered":"<p>Il y a du mouvement dans cette sc\u00e8ne de chevaux au galop vaguement dessin\u00e9e qui se d\u00e9roule devant nous, nous attire\u2026 La soie, sa brillance, se pr\u00eate bien au vert lumineux des casaques des jockeys qui flottent sur fond jaune vif.<\/p>\n<p>Designer : Jean-Louis Clerc<\/p>\n<ul>\n<li>100% soie<\/li>\n<li>couleurs dominantes jaune, vert, noir<\/li>\n<li>Moulure sobre noire, passe-partout noir<\/li>\n<li>Verre de protection anti UV<\/li>\n<li>Accroche \u00e0 l&rsquo;arri\u00e8re<\/li>\n<\/ul>","protected":false},"featured_media":1158,"comment_status":"open","ping_status":"closed","template":"","meta":{"site-sidebar-layout":"default","site-content-layout":"default","ast-site-content-layout":"","site-content-style":"default","site-sidebar-style":"default","ast-global-header-display":"","ast-banner-title-visibility":"","ast-main-header-display":"","ast-hfb-above-header-display":"","ast-hfb-below-header-display":"","ast-hfb-mobile-header-display":"","site-post-title":"","ast-breadcrumbs-content":"","ast-featured-img":"","footer-sml-layout":"","theme-transparent-header-meta":"default","adv-header-id-meta":"","stick-header-meta":"","header-above-stick-meta":"","header-main-stick-meta":"","header-below-stick-meta":"","astra-migrate-meta-layouts":""},"product_brand":[],"product_cat":[27],"product_tag":[],"class_list":{"0":"post-54","1":"product","2":"type-product","3":"status-publish","4":"has-post-thumbnail","6":"product_cat-carre-70x70","7":"desktop-align-left","8":"tablet-align-left","9":"mobile-align-left","11":"first","12":"instock","13":"featured","14":"shipping-taxable","15":"product-type-simple"},"yoast_head":"<!-- This site is optimized with the Yoast SEO plugin v25.4 - https:\/\/yoast.com\/wordpress\/plugins\/seo\/ -->\n<title>Tableau Herm\u00e8s - Finish (jaune et vert) - Mon Carr\u00e9 D\u00e9co<\/title>\n<meta name=\"description\" content=\"Foulard Herm\u00e8s encadr\u00e9, Carr\u00e9 Hermes Finish par Jean-Louis Clerc. Cadre noir. Passe-partout blanc. Pi\u00e8ce de d\u00e9coration d&#039;int\u00e9rieur. Carr\u00e9 Herm\u00e8s encadr\u00e9\" \/>\n<meta name=\"robots\" content=\"index, follow, max-snippet:-1, max-image-preview:large, max-video-preview:-1\" \/>\n<link rel=\"canonical\" href=\"https:\/\/mon-carre-deco.com\/en\/product\/tableau-carre-hermes-finish-jean-louis-clerc\/\" \/>\n<meta property=\"og:locale\" content=\"en_US\" \/>\n<meta property=\"og:type\" content=\"article\" \/>\n<meta property=\"og:title\" content=\"Tableau Herm\u00e8s - Finish (jaune et vert) - Mon Carr\u00e9 D\u00e9co\" \/>\n<meta property=\"og:description\" content=\"Foulard Herm\u00e8s encadr\u00e9, Carr\u00e9 Hermes Finish par Jean-Louis Clerc. Cadre noir. Passe-partout blanc. Pi\u00e8ce de d\u00e9coration d&#039;int\u00e9rieur. Carr\u00e9 Herm\u00e8s encadr\u00e9\" \/>\n<meta property=\"og:url\" content=\"https:\/\/mon-carre-deco.com\/en\/product\/tableau-carre-hermes-finish-jean-louis-clerc\/\" \/>\n<meta property=\"og:site_name\" content=\"Mon Carr\u00e9 D\u00e9co\" \/>\n<meta property=\"article:modified_time\" content=\"2023-03-24T19:07:29+00:00\" \/>\n<meta property=\"og:image\" content=\"http:\/\/mon-carre-deco.com\/wp-content\/uploads\/2017\/09\/Carre-Hermes-70-Finish-de-Jean-Louis-Clerc-cadre-noir-passe-partout-noir-973x1024.png\" \/>\n\t<meta property=\"og:image:width\" content=\"973\" \/>\n\t<meta property=\"og:image:height\" content=\"1024\" \/>\n\t<meta property=\"og:image:type\" content=\"image\/png\" \/>\n<meta name=\"twitter:card\" content=\"summary_large_image\" \/>\n<meta name=\"twitter:label1\" content=\"Est. reading time\" \/>\n\t<meta name=\"twitter:data1\" content=\"2 minutes\" \/>\n<script type=\"application\/ld+json\" class=\"yoast-schema-graph\">{\"@context\":\"https:\/\/schema.org\",\"@graph\":[{\"@type\":\"WebPage\",\"@id\":\"https:\/\/mon-carre-deco.com\/produit\/tableau-carre-hermes-finish-jean-louis-clerc\/\",\"url\":\"https:\/\/mon-carre-deco.com\/produit\/tableau-carre-hermes-finish-jean-louis-clerc\/\",\"name\":\"Tableau Herm\u00e8s - Finish (jaune et vert) - Mon Carr\u00e9 D\u00e9co\",\"isPartOf\":{\"@id\":\"https:\/\/mon-carre-deco.com\/#website\"},\"primaryImageOfPage\":{\"@id\":\"https:\/\/mon-carre-deco.com\/produit\/tableau-carre-hermes-finish-jean-louis-clerc\/#primaryimage\"},\"image\":{\"@id\":\"https:\/\/mon-carre-deco.com\/produit\/tableau-carre-hermes-finish-jean-louis-clerc\/#primaryimage\"},\"thumbnailUrl\":\"https:\/\/mon-carre-deco.com\/wp-content\/uploads\/2017\/09\/Carre-Hermes-70-Finish-de-Jean-Louis-Clerc-cadre-noir-passe-partout-noir.png\",\"datePublished\":\"2017-09-23T13:07:22+00:00\",\"dateModified\":\"2023-03-24T19:07:29+00:00\",\"description\":\"Foulard Herm\u00e8s encadr\u00e9, Carr\u00e9 Hermes Finish par Jean-Louis Clerc. Cadre noir. Passe-partout blanc. Pi\u00e8ce de d\u00e9coration d'int\u00e9rieur. Carr\u00e9 Herm\u00e8s encadr\u00e9\",\"breadcrumb\":{\"@id\":\"https:\/\/mon-carre-deco.com\/produit\/tableau-carre-hermes-finish-jean-louis-clerc\/#breadcrumb\"},\"inLanguage\":\"en-US\",\"potentialAction\":[{\"@type\":\"ReadAction\",\"target\":[\"https:\/\/mon-carre-deco.com\/produit\/tableau-carre-hermes-finish-jean-louis-clerc\/\"]}]},{\"@type\":\"ImageObject\",\"inLanguage\":\"en-US\",\"@id\":\"https:\/\/mon-carre-deco.com\/produit\/tableau-carre-hermes-finish-jean-louis-clerc\/#primaryimage\",\"url\":\"https:\/\/mon-carre-deco.com\/wp-content\/uploads\/2017\/09\/Carre-Hermes-70-Finish-de-Jean-Louis-Clerc-cadre-noir-passe-partout-noir.png\",\"contentUrl\":\"https:\/\/mon-carre-deco.com\/wp-content\/uploads\/2017\/09\/Carre-Hermes-70-Finish-de-Jean-Louis-Clerc-cadre-noir-passe-partout-noir.png\",\"width\":2203,\"height\":2318,\"caption\":\"Carr\u00e9 Herm\u00e8s 70 Finish de Jean Louis Clerc cadre noir passe-partout noir\"},{\"@type\":\"BreadcrumbList\",\"@id\":\"https:\/\/mon-carre-deco.com\/produit\/tableau-carre-hermes-finish-jean-louis-clerc\/#breadcrumb\",\"itemListElement\":[{\"@type\":\"ListItem\",\"position\":1,\"name\":\"Accueil\",\"item\":\"https:\/\/mon-carre-deco.com\/\"},{\"@type\":\"ListItem\",\"position\":2,\"name\":\"Tableaux\",\"item\":\"https:\/\/mon-carre-deco.com\/boutique-tableau-hermes\/\"},{\"@type\":\"ListItem\",\"position\":3,\"name\":\"Tableau Herm\u00e8s &#8211; Finish\"}]},{\"@type\":\"WebSite\",\"@id\":\"https:\/\/mon-carre-deco.com\/#website\",\"url\":\"https:\/\/mon-carre-deco.com\/\",\"name\":\"Mon Carr\u00e9 D\u00e9co\",\"description\":\"Mon Carr\u00e9 D&#039;art at Home, vente de tableau Herm\u00e8s, foulard carr\u00e9 Herm\u00e8s encadr\u00e9\",\"publisher\":{\"@id\":\"https:\/\/mon-carre-deco.com\/#organization\"},\"potentialAction\":[{\"@type\":\"SearchAction\",\"target\":{\"@type\":\"EntryPoint\",\"urlTemplate\":\"https:\/\/mon-carre-deco.com\/?s={search_term_string}\"},\"query-input\":{\"@type\":\"PropertyValueSpecification\",\"valueRequired\":true,\"valueName\":\"search_term_string\"}}],\"inLanguage\":\"en-US\"},{\"@type\":\"Organization\",\"@id\":\"https:\/\/mon-carre-deco.com\/#organization\",\"name\":\"Mon Carr\u00e9 D\u00e9co\",\"url\":\"https:\/\/mon-carre-deco.com\/\",\"logo\":{\"@type\":\"ImageObject\",\"inLanguage\":\"en-US\",\"@id\":\"https:\/\/mon-carre-deco.com\/#\/schema\/logo\/image\/\",\"url\":\"https:\/\/mon-carre-deco.com\/wp-content\/uploads\/2021\/04\/cropped-Logo-mon-carre-deco-2.png\",\"contentUrl\":\"https:\/\/mon-carre-deco.com\/wp-content\/uploads\/2021\/04\/cropped-Logo-mon-carre-deco-2.png\",\"width\":1043,\"height\":1043,\"caption\":\"Mon Carr\u00e9 D\u00e9co\"},\"image\":{\"@id\":\"https:\/\/mon-carre-deco.com\/#\/schema\/logo\/image\/\"}}]}<\/script>\n<!-- \/ Yoast SEO plugin. -->","yoast_head_json":{"title":"Tableau Herm\u00e8s - Finish (jaune et vert) - Mon Carr\u00e9 D\u00e9co","description":"Foulard Herm\u00e8s encadr\u00e9, Carr\u00e9 Hermes Finish par Jean-Louis Clerc. Cadre noir. Passe-partout blanc. Pi\u00e8ce de d\u00e9coration d'int\u00e9rieur. Carr\u00e9 Herm\u00e8s encadr\u00e9","robots":{"index":"index","follow":"follow","max-snippet":"max-snippet:-1","max-image-preview":"max-image-preview:large","max-video-preview":"max-video-preview:-1"},"canonical":"https:\/\/mon-carre-deco.com\/en\/product\/tableau-carre-hermes-finish-jean-louis-clerc\/","og_locale":"en_US","og_type":"article","og_title":"Tableau Herm\u00e8s - Finish (jaune et vert) - Mon Carr\u00e9 D\u00e9co","og_description":"Foulard Herm\u00e8s encadr\u00e9, Carr\u00e9 Hermes Finish par Jean-Louis Clerc. Cadre noir. Passe-partout blanc. Pi\u00e8ce de d\u00e9coration d'int\u00e9rieur. Carr\u00e9 Herm\u00e8s encadr\u00e9","og_url":"https:\/\/mon-carre-deco.com\/en\/product\/tableau-carre-hermes-finish-jean-louis-clerc\/","og_site_name":"Mon Carr\u00e9 D\u00e9co","article_modified_time":"2023-03-24T19:07:29+00:00","og_image":[{"width":973,"height":1024,"url":"http:\/\/mon-carre-deco.com\/wp-content\/uploads\/2017\/09\/Carre-Hermes-70-Finish-de-Jean-Louis-Clerc-cadre-noir-passe-partout-noir-973x1024.png","type":"image\/png"}],"twitter_card":"summary_large_image","twitter_misc":{"Est. reading time":"2 minutes"},"schema":{"@context":"https:\/\/schema.org","@graph":[{"@type":"WebPage","@id":"https:\/\/mon-carre-deco.com\/produit\/tableau-carre-hermes-finish-jean-louis-clerc\/","url":"https:\/\/mon-carre-deco.com\/produit\/tableau-carre-hermes-finish-jean-louis-clerc\/","name":"Tableau Herm\u00e8s - Finish (jaune et vert) - Mon Carr\u00e9 D\u00e9co","isPartOf":{"@id":"https:\/\/mon-carre-deco.com\/#website"},"primaryImageOfPage":{"@id":"https:\/\/mon-carre-deco.com\/produit\/tableau-carre-hermes-finish-jean-louis-clerc\/#primaryimage"},"image":{"@id":"https:\/\/mon-carre-deco.com\/produit\/tableau-carre-hermes-finish-jean-louis-clerc\/#primaryimage"},"thumbnailUrl":"https:\/\/mon-carre-deco.com\/wp-content\/uploads\/2017\/09\/Carre-Hermes-70-Finish-de-Jean-Louis-Clerc-cadre-noir-passe-partout-noir.png","datePublished":"2017-09-23T13:07:22+00:00","dateModified":"2023-03-24T19:07:29+00:00","description":"Foulard Herm\u00e8s encadr\u00e9, Carr\u00e9 Hermes Finish par Jean-Louis Clerc. Cadre noir. Passe-partout blanc. Pi\u00e8ce de d\u00e9coration d'int\u00e9rieur. Carr\u00e9 Herm\u00e8s encadr\u00e9","breadcrumb":{"@id":"https:\/\/mon-carre-deco.com\/produit\/tableau-carre-hermes-finish-jean-louis-clerc\/#breadcrumb"},"inLanguage":"en-US","potentialAction":[{"@type":"ReadAction","target":["https:\/\/mon-carre-deco.com\/produit\/tableau-carre-hermes-finish-jean-louis-clerc\/"]}]},{"@type":"ImageObject","inLanguage":"en-US","@id":"https:\/\/mon-carre-deco.com\/produit\/tableau-carre-hermes-finish-jean-louis-clerc\/#primaryimage","url":"https:\/\/mon-carre-deco.com\/wp-content\/uploads\/2017\/09\/Carre-Hermes-70-Finish-de-Jean-Louis-Clerc-cadre-noir-passe-partout-noir.png","contentUrl":"https:\/\/mon-carre-deco.com\/wp-content\/uploads\/2017\/09\/Carre-Hermes-70-Finish-de-Jean-Louis-Clerc-cadre-noir-passe-partout-noir.png","width":2203,"height":2318,"caption":"Carr\u00e9 Herm\u00e8s 70 Finish de Jean Louis Clerc cadre noir passe-partout noir"},{"@type":"BreadcrumbList","@id":"https:\/\/mon-carre-deco.com\/produit\/tableau-carre-hermes-finish-jean-louis-clerc\/#breadcrumb","itemListElement":[{"@type":"ListItem","position":1,"name":"Accueil","item":"https:\/\/mon-carre-deco.com\/"},{"@type":"ListItem","position":2,"name":"Tableaux","item":"https:\/\/mon-carre-deco.com\/boutique-tableau-hermes\/"},{"@type":"ListItem","position":3,"name":"Tableau Herm\u00e8s &#8211; Finish"}]},{"@type":"WebSite","@id":"https:\/\/mon-carre-deco.com\/#website","url":"https:\/\/mon-carre-deco.com\/","name":"Mon Carr\u00e9 D\u00e9co","description":"Mon Carr\u00e9 D&#039;art at Home, vente de tableau Herm\u00e8s, foulard carr\u00e9 Herm\u00e8s encadr\u00e9","publisher":{"@id":"https:\/\/mon-carre-deco.com\/#organization"},"potentialAction":[{"@type":"SearchAction","target":{"@type":"EntryPoint","urlTemplate":"https:\/\/mon-carre-deco.com\/?s={search_term_string}"},"query-input":{"@type":"PropertyValueSpecification","valueRequired":true,"valueName":"search_term_string"}}],"inLanguage":"en-US"},{"@type":"Organization","@id":"https:\/\/mon-carre-deco.com\/#organization","name":"Mon Carr\u00e9 D\u00e9co","url":"https:\/\/mon-carre-deco.com\/","logo":{"@type":"ImageObject","inLanguage":"en-US","@id":"https:\/\/mon-carre-deco.com\/#\/schema\/logo\/image\/","url":"https:\/\/mon-carre-deco.com\/wp-content\/uploads\/2021\/04\/cropped-Logo-mon-carre-deco-2.png","contentUrl":"https:\/\/mon-carre-deco.com\/wp-content\/uploads\/2021\/04\/cropped-Logo-mon-carre-deco-2.png","width":1043,"height":1043,"caption":"Mon Carr\u00e9 D\u00e9co"},"image":{"@id":"https:\/\/mon-carre-deco.com\/#\/schema\/logo\/image\/"}}]}},"_links":{"self":[{"href":"https:\/\/mon-carre-deco.com\/en\/wp-json\/wp\/v2\/product\/54","targetHints":{"allow":["GET"]}}],"collection":[{"href":"https:\/\/mon-carre-deco.com\/en\/wp-json\/wp\/v2\/product"}],"about":[{"href":"https:\/\/mon-carre-deco.com\/en\/wp-json\/wp\/v2\/types\/product"}],"replies":[{"embeddable":true,"href":"https:\/\/mon-carre-deco.com\/en\/wp-json\/wp\/v2\/comments?post=54"}],"version-history":[{"count":18,"href":"https:\/\/mon-carre-deco.com\/en\/wp-json\/wp\/v2\/product\/54\/revisions"}],"predecessor-version":[{"id":2500,"href":"https:\/\/mon-carre-deco.com\/en\/wp-json\/wp\/v2\/product\/54\/revisions\/2500"}],"wp:featuredmedia":[{"embeddable":true,"href":"https:\/\/mon-carre-deco.com\/en\/wp-json\/wp\/v2\/media\/1158"}],"wp:attachment":[{"href":"https:\/\/mon-carre-deco.com\/en\/wp-json\/wp\/v2\/media?parent=54"}],"wp:term":[{"taxonomy":"product_brand","embeddable":true,"href":"https:\/\/mon-carre-deco.com\/en\/wp-json\/wp\/v2\/product_brand?post=54"},{"taxonomy":"product_cat","embeddable":true,"href":"https:\/\/mon-carre-deco.com\/en\/wp-json\/wp\/v2\/product_cat?post=54"},{"taxonomy":"product_tag","embeddable":true,"href":"https:\/\/mon-carre-deco.com\/en\/wp-json\/wp\/v2\/product_tag?post=54"}],"curies":[{"name":"wp","href":"https:\/\/api.w.org\/{rel}","templated":true}]}}