{"id":832,"date":"2021-04-29T06:56:50","date_gmt":"2021-04-29T04:56:50","guid":{"rendered":"http:\/\/mon-carre-deco.com\/?post_type=product&#038;p=832"},"modified":"2023-03-21T22:32:24","modified_gmt":"2023-03-21T21:32:24","slug":"tableau-hermes-tigre-royal","status":"publish","type":"product","link":"https:\/\/mon-carre-deco.com\/en\/product\/tableau-hermes-tigre-royal\/","title":{"rendered":"Tableau &#8211; Carr\u00e9 Herm\u00e8s Tigre Royal"},"content":{"rendered":"<p>\u00ab\u00a0Tigre Royal\u00a0\u00bb<\/p>\n<p>\u00c9dit\u00e9 en 1977, r\u00e9\u00e9dit\u00e9 en 2013<\/p>\n<p>Designer : Christiane Vauzelles<\/p>\n<p>Elle est l&rsquo;une des rares artistes de la Maison Herm\u00e8s \u00e0 ne pas avoir sign\u00e9 ses cr\u00e9ations de foulards. <em>Tigre Royal<\/em> est l&rsquo;une de ses superbes r\u00e9alisations. Le tigre \u00ab Roi des animaux \u00bb et signe zodiacal chinois, est tr\u00e8s pr\u00e9sent dans la mythologie hindoue, servant de monture \u00e0 <a href=\"https:\/\/fr.wikipedia.org\/wiki\/Durga\" target=\"_blank\" rel=\"noopener noreferrer\">Durga<\/a>. En Inde, le tigre est le symbole de la royaut\u00e9 et du pouvoir divin.<\/p>\n<p><em>You'll also like<\/em><\/p>\n<blockquote><p><a href=\"https:\/\/www.cristallerie-de-paris.fr\/article\/tigre_ambre_05034_tigre_daum_7703.php\" target=\"_blank\" rel=\"noopener noreferrer\"><img fetchpriority=\"high\" decoding=\"async\" src=\"https:\/\/mon-carre-deco.com\/wp-content\/uploads\/2021\/04\/Tigre-Daum-300x300.png\" alt=\"\" width=\"300\" height=\"300\" \/><\/a><\/p><\/blockquote>\n<p>Tigre ambre de chez Daum<\/p>","protected":false},"excerpt":{"rendered":"<p>&nbsp;<\/p>\n<p>Laissez le royaume animalier investir votre int\u00e9rieur avec le <em>Tigre Royal<\/em> de Christiane Vauzelles, pour une ambiance tr\u00e8s&#8230; sauvage ! Ce magnifique tigre couronn\u00e9 qui prend la pause orn\u00e9 de palmes, sera une v\u00e9ritable figure embl\u00e9matique de votre d\u00e9coration.<\/p>\n<ul>\n<li>Silk<\/li>\n<li>couleurs dominantes : vert, blanc, jaune, brun-roux<\/li>\n<li>Moulure en bois exotique brun-roux<\/li>\n<li>White matting<\/li>\n<li>Verre de protection anti UV<\/li>\n<li>Rear mounting hook<\/li>\n<\/ul>\n<p>Designer : Christiane VAUZELLES<\/p>","protected":false},"featured_media":903,"comment_status":"open","ping_status":"closed","template":"","meta":{"site-sidebar-layout":"default","site-content-layout":"default","ast-site-content-layout":"","site-content-style":"default","site-sidebar-style":"default","ast-global-header-display":"","ast-banner-title-visibility":"","ast-main-header-display":"","ast-hfb-above-header-display":"","ast-hfb-below-header-display":"","ast-hfb-mobile-header-display":"","site-post-title":"","ast-breadcrumbs-content":"","ast-featured-img":"","footer-sml-layout":"","theme-transparent-header-meta":"default","adv-header-id-meta":"","stick-header-meta":"","header-above-stick-meta":"","header-main-stick-meta":"","header-below-stick-meta":"","astra-migrate-meta-layouts":""},"product_brand":[],"product_cat":[24],"product_tag":[],"class_list":{"0":"post-832","1":"product","2":"type-product","3":"status-publish","4":"has-post-thumbnail","6":"product_cat-carre-90x90","7":"desktop-align-left","8":"tablet-align-left","9":"mobile-align-left","11":"first","12":"instock","13":"sold-individually","14":"shipping-taxable","15":"product-type-simple"},"yoast_head":"<!-- This site is optimized with the Yoast SEO plugin v25.4 - https:\/\/yoast.com\/wordpress\/plugins\/seo\/ -->\n<title>Tableau - Carr\u00e9 Herm\u00e8s Tigre Royal (vert et or) - Mon Carr\u00e9 D\u00e9co<\/title>\n<meta name=\"description\" content=\"Foulard Herm\u00e8s encadr\u00e9, Carr\u00e9 Hermes Tigre Royal par Christiane Vauzelles. Cadre en bois exotique brun-roux. Passe-partout blanc. Pi\u00e8ce unique !\" \/>\n<meta name=\"robots\" content=\"index, follow, max-snippet:-1, max-image-preview:large, max-video-preview:-1\" \/>\n<link rel=\"canonical\" href=\"https:\/\/mon-carre-deco.com\/en\/product\/tableau-hermes-tigre-royal\/\" \/>\n<meta property=\"og:locale\" content=\"en_US\" \/>\n<meta property=\"og:type\" content=\"article\" \/>\n<meta property=\"og:title\" content=\"Tableau - Carr\u00e9 Herm\u00e8s Tigre Royal (vert et or) - Mon Carr\u00e9 D\u00e9co\" \/>\n<meta property=\"og:description\" content=\"Foulard Herm\u00e8s encadr\u00e9, Carr\u00e9 Hermes Tigre Royal par Christiane Vauzelles. Cadre en bois exotique brun-roux. Passe-partout blanc. Pi\u00e8ce unique !\" \/>\n<meta property=\"og:url\" content=\"https:\/\/mon-carre-deco.com\/en\/product\/tableau-hermes-tigre-royal\/\" \/>\n<meta property=\"og:site_name\" content=\"Mon Carr\u00e9 D\u00e9co\" \/>\n<meta property=\"article:modified_time\" content=\"2023-03-21T21:32:24+00:00\" \/>\n<meta property=\"og:image\" content=\"http:\/\/mon-carre-deco.com\/wp-content\/uploads\/2021\/04\/Carre-Hermes-Tigre-Royal-en-tableau-fond-vert-cadre-Mon-Carre-Deco-passe-partout-blanc.jpg\" \/>\n\t<meta property=\"og:image:width\" content=\"1900\" \/>\n\t<meta property=\"og:image:height\" content=\"1900\" \/>\n\t<meta property=\"og:image:type\" content=\"image\/jpeg\" \/>\n<meta name=\"twitter:card\" content=\"summary_large_image\" \/>\n<script type=\"application\/ld+json\" class=\"yoast-schema-graph\">{\"@context\":\"https:\/\/schema.org\",\"@graph\":[{\"@type\":\"WebPage\",\"@id\":\"https:\/\/mon-carre-deco.com\/produit\/tableau-hermes-tigre-royal\/\",\"url\":\"https:\/\/mon-carre-deco.com\/produit\/tableau-hermes-tigre-royal\/\",\"name\":\"Tableau - Carr\u00e9 Herm\u00e8s Tigre Royal (vert et or) - Mon Carr\u00e9 D\u00e9co\",\"isPartOf\":{\"@id\":\"https:\/\/mon-carre-deco.com\/#website\"},\"primaryImageOfPage\":{\"@id\":\"https:\/\/mon-carre-deco.com\/produit\/tableau-hermes-tigre-royal\/#primaryimage\"},\"image\":{\"@id\":\"https:\/\/mon-carre-deco.com\/produit\/tableau-hermes-tigre-royal\/#primaryimage\"},\"thumbnailUrl\":\"https:\/\/mon-carre-deco.com\/wp-content\/uploads\/2021\/04\/Carre-Hermes-Tigre-Royal-en-tableau-fond-vert-cadre-Mon-Carre-Deco-passe-partout-blanc.jpg\",\"datePublished\":\"2021-04-29T04:56:50+00:00\",\"dateModified\":\"2023-03-21T21:32:24+00:00\",\"description\":\"Foulard Herm\u00e8s encadr\u00e9, Carr\u00e9 Hermes Tigre Royal par Christiane Vauzelles. Cadre en bois exotique brun-roux. Passe-partout blanc. Pi\u00e8ce unique !\",\"breadcrumb\":{\"@id\":\"https:\/\/mon-carre-deco.com\/produit\/tableau-hermes-tigre-royal\/#breadcrumb\"},\"inLanguage\":\"en-US\",\"potentialAction\":[{\"@type\":\"ReadAction\",\"target\":[\"https:\/\/mon-carre-deco.com\/produit\/tableau-hermes-tigre-royal\/\"]}]},{\"@type\":\"ImageObject\",\"inLanguage\":\"en-US\",\"@id\":\"https:\/\/mon-carre-deco.com\/produit\/tableau-hermes-tigre-royal\/#primaryimage\",\"url\":\"https:\/\/mon-carre-deco.com\/wp-content\/uploads\/2021\/04\/Carre-Hermes-Tigre-Royal-en-tableau-fond-vert-cadre-Mon-Carre-Deco-passe-partout-blanc.jpg\",\"contentUrl\":\"https:\/\/mon-carre-deco.com\/wp-content\/uploads\/2021\/04\/Carre-Hermes-Tigre-Royal-en-tableau-fond-vert-cadre-Mon-Carre-Deco-passe-partout-blanc.jpg\",\"width\":1900,\"height\":1900,\"caption\":\"Carre-Hermes-Tigre-Royal-en-tableau-fond-vert-cadre-Mon-Carre-Deco-passe-partout-blanc\"},{\"@type\":\"BreadcrumbList\",\"@id\":\"https:\/\/mon-carre-deco.com\/produit\/tableau-hermes-tigre-royal\/#breadcrumb\",\"itemListElement\":[{\"@type\":\"ListItem\",\"position\":1,\"name\":\"Accueil\",\"item\":\"https:\/\/mon-carre-deco.com\/\"},{\"@type\":\"ListItem\",\"position\":2,\"name\":\"Tableaux\",\"item\":\"https:\/\/mon-carre-deco.com\/boutique-tableau-hermes\/\"},{\"@type\":\"ListItem\",\"position\":3,\"name\":\"Tableau &#8211; Carr\u00e9 Herm\u00e8s Tigre Royal\"}]},{\"@type\":\"WebSite\",\"@id\":\"https:\/\/mon-carre-deco.com\/#website\",\"url\":\"https:\/\/mon-carre-deco.com\/\",\"name\":\"Mon Carr\u00e9 D\u00e9co\",\"description\":\"Mon Carr\u00e9 D&#039;art at Home, vente de tableau Herm\u00e8s, foulard carr\u00e9 Herm\u00e8s encadr\u00e9\",\"publisher\":{\"@id\":\"https:\/\/mon-carre-deco.com\/#organization\"},\"potentialAction\":[{\"@type\":\"SearchAction\",\"target\":{\"@type\":\"EntryPoint\",\"urlTemplate\":\"https:\/\/mon-carre-deco.com\/?s={search_term_string}\"},\"query-input\":{\"@type\":\"PropertyValueSpecification\",\"valueRequired\":true,\"valueName\":\"search_term_string\"}}],\"inLanguage\":\"en-US\"},{\"@type\":\"Organization\",\"@id\":\"https:\/\/mon-carre-deco.com\/#organization\",\"name\":\"Mon Carr\u00e9 D\u00e9co\",\"url\":\"https:\/\/mon-carre-deco.com\/\",\"logo\":{\"@type\":\"ImageObject\",\"inLanguage\":\"en-US\",\"@id\":\"https:\/\/mon-carre-deco.com\/#\/schema\/logo\/image\/\",\"url\":\"https:\/\/mon-carre-deco.com\/wp-content\/uploads\/2021\/04\/cropped-Logo-mon-carre-deco-2.png\",\"contentUrl\":\"https:\/\/mon-carre-deco.com\/wp-content\/uploads\/2021\/04\/cropped-Logo-mon-carre-deco-2.png\",\"width\":1043,\"height\":1043,\"caption\":\"Mon Carr\u00e9 D\u00e9co\"},\"image\":{\"@id\":\"https:\/\/mon-carre-deco.com\/#\/schema\/logo\/image\/\"}}]}<\/script>\n<!-- \/ Yoast SEO plugin. -->","yoast_head_json":{"title":"Tableau - Carr\u00e9 Herm\u00e8s Tigre Royal (vert et or) - Mon Carr\u00e9 D\u00e9co","description":"Foulard Herm\u00e8s encadr\u00e9, Carr\u00e9 Hermes Tigre Royal par Christiane Vauzelles. Cadre en bois exotique brun-roux. Passe-partout blanc. Pi\u00e8ce unique !","robots":{"index":"index","follow":"follow","max-snippet":"max-snippet:-1","max-image-preview":"max-image-preview:large","max-video-preview":"max-video-preview:-1"},"canonical":"https:\/\/mon-carre-deco.com\/en\/product\/tableau-hermes-tigre-royal\/","og_locale":"en_US","og_type":"article","og_title":"Tableau - Carr\u00e9 Herm\u00e8s Tigre Royal (vert et or) - Mon Carr\u00e9 D\u00e9co","og_description":"Foulard Herm\u00e8s encadr\u00e9, Carr\u00e9 Hermes Tigre Royal par Christiane Vauzelles. Cadre en bois exotique brun-roux. Passe-partout blanc. Pi\u00e8ce unique !","og_url":"https:\/\/mon-carre-deco.com\/en\/product\/tableau-hermes-tigre-royal\/","og_site_name":"Mon Carr\u00e9 D\u00e9co","article_modified_time":"2023-03-21T21:32:24+00:00","og_image":[{"width":1900,"height":1900,"url":"http:\/\/mon-carre-deco.com\/wp-content\/uploads\/2021\/04\/Carre-Hermes-Tigre-Royal-en-tableau-fond-vert-cadre-Mon-Carre-Deco-passe-partout-blanc.jpg","type":"image\/jpeg"}],"twitter_card":"summary_large_image","schema":{"@context":"https:\/\/schema.org","@graph":[{"@type":"WebPage","@id":"https:\/\/mon-carre-deco.com\/produit\/tableau-hermes-tigre-royal\/","url":"https:\/\/mon-carre-deco.com\/produit\/tableau-hermes-tigre-royal\/","name":"Tableau - Carr\u00e9 Herm\u00e8s Tigre Royal (vert et or) - Mon Carr\u00e9 D\u00e9co","isPartOf":{"@id":"https:\/\/mon-carre-deco.com\/#website"},"primaryImageOfPage":{"@id":"https:\/\/mon-carre-deco.com\/produit\/tableau-hermes-tigre-royal\/#primaryimage"},"image":{"@id":"https:\/\/mon-carre-deco.com\/produit\/tableau-hermes-tigre-royal\/#primaryimage"},"thumbnailUrl":"https:\/\/mon-carre-deco.com\/wp-content\/uploads\/2021\/04\/Carre-Hermes-Tigre-Royal-en-tableau-fond-vert-cadre-Mon-Carre-Deco-passe-partout-blanc.jpg","datePublished":"2021-04-29T04:56:50+00:00","dateModified":"2023-03-21T21:32:24+00:00","description":"Foulard Herm\u00e8s encadr\u00e9, Carr\u00e9 Hermes Tigre Royal par Christiane Vauzelles. Cadre en bois exotique brun-roux. Passe-partout blanc. Pi\u00e8ce unique !","breadcrumb":{"@id":"https:\/\/mon-carre-deco.com\/produit\/tableau-hermes-tigre-royal\/#breadcrumb"},"inLanguage":"en-US","potentialAction":[{"@type":"ReadAction","target":["https:\/\/mon-carre-deco.com\/produit\/tableau-hermes-tigre-royal\/"]}]},{"@type":"ImageObject","inLanguage":"en-US","@id":"https:\/\/mon-carre-deco.com\/produit\/tableau-hermes-tigre-royal\/#primaryimage","url":"https:\/\/mon-carre-deco.com\/wp-content\/uploads\/2021\/04\/Carre-Hermes-Tigre-Royal-en-tableau-fond-vert-cadre-Mon-Carre-Deco-passe-partout-blanc.jpg","contentUrl":"https:\/\/mon-carre-deco.com\/wp-content\/uploads\/2021\/04\/Carre-Hermes-Tigre-Royal-en-tableau-fond-vert-cadre-Mon-Carre-Deco-passe-partout-blanc.jpg","width":1900,"height":1900,"caption":"Carre-Hermes-Tigre-Royal-en-tableau-fond-vert-cadre-Mon-Carre-Deco-passe-partout-blanc"},{"@type":"BreadcrumbList","@id":"https:\/\/mon-carre-deco.com\/produit\/tableau-hermes-tigre-royal\/#breadcrumb","itemListElement":[{"@type":"ListItem","position":1,"name":"Accueil","item":"https:\/\/mon-carre-deco.com\/"},{"@type":"ListItem","position":2,"name":"Tableaux","item":"https:\/\/mon-carre-deco.com\/boutique-tableau-hermes\/"},{"@type":"ListItem","position":3,"name":"Tableau &#8211; Carr\u00e9 Herm\u00e8s Tigre Royal"}]},{"@type":"WebSite","@id":"https:\/\/mon-carre-deco.com\/#website","url":"https:\/\/mon-carre-deco.com\/","name":"Mon Carr\u00e9 D\u00e9co","description":"Mon Carr\u00e9 D&#039;art at Home, vente de tableau Herm\u00e8s, foulard carr\u00e9 Herm\u00e8s encadr\u00e9","publisher":{"@id":"https:\/\/mon-carre-deco.com\/#organization"},"potentialAction":[{"@type":"SearchAction","target":{"@type":"EntryPoint","urlTemplate":"https:\/\/mon-carre-deco.com\/?s={search_term_string}"},"query-input":{"@type":"PropertyValueSpecification","valueRequired":true,"valueName":"search_term_string"}}],"inLanguage":"en-US"},{"@type":"Organization","@id":"https:\/\/mon-carre-deco.com\/#organization","name":"Mon Carr\u00e9 D\u00e9co","url":"https:\/\/mon-carre-deco.com\/","logo":{"@type":"ImageObject","inLanguage":"en-US","@id":"https:\/\/mon-carre-deco.com\/#\/schema\/logo\/image\/","url":"https:\/\/mon-carre-deco.com\/wp-content\/uploads\/2021\/04\/cropped-Logo-mon-carre-deco-2.png","contentUrl":"https:\/\/mon-carre-deco.com\/wp-content\/uploads\/2021\/04\/cropped-Logo-mon-carre-deco-2.png","width":1043,"height":1043,"caption":"Mon Carr\u00e9 D\u00e9co"},"image":{"@id":"https:\/\/mon-carre-deco.com\/#\/schema\/logo\/image\/"}}]}},"_links":{"self":[{"href":"https:\/\/mon-carre-deco.com\/en\/wp-json\/wp\/v2\/product\/832","targetHints":{"allow":["GET"]}}],"collection":[{"href":"https:\/\/mon-carre-deco.com\/en\/wp-json\/wp\/v2\/product"}],"about":[{"href":"https:\/\/mon-carre-deco.com\/en\/wp-json\/wp\/v2\/types\/product"}],"replies":[{"embeddable":true,"href":"https:\/\/mon-carre-deco.com\/en\/wp-json\/wp\/v2\/comments?post=832"}],"version-history":[{"count":41,"href":"https:\/\/mon-carre-deco.com\/en\/wp-json\/wp\/v2\/product\/832\/revisions"}],"predecessor-version":[{"id":2471,"href":"https:\/\/mon-carre-deco.com\/en\/wp-json\/wp\/v2\/product\/832\/revisions\/2471"}],"wp:featuredmedia":[{"embeddable":true,"href":"https:\/\/mon-carre-deco.com\/en\/wp-json\/wp\/v2\/media\/903"}],"wp:attachment":[{"href":"https:\/\/mon-carre-deco.com\/en\/wp-json\/wp\/v2\/media?parent=832"}],"wp:term":[{"taxonomy":"product_brand","embeddable":true,"href":"https:\/\/mon-carre-deco.com\/en\/wp-json\/wp\/v2\/product_brand?post=832"},{"taxonomy":"product_cat","embeddable":true,"href":"https:\/\/mon-carre-deco.com\/en\/wp-json\/wp\/v2\/product_cat?post=832"},{"taxonomy":"product_tag","embeddable":true,"href":"https:\/\/mon-carre-deco.com\/en\/wp-json\/wp\/v2\/product_tag?post=832"}],"curies":[{"name":"wp","href":"https:\/\/api.w.org\/{rel}","templated":true}]}}